{"id":2509,"date":"2024-10-22T09:45:54","date_gmt":"2024-10-22T09:45:54","guid":{"rendered":"https:\/\/rmvapesale.com\/?post_type=product&#038;p=2509"},"modified":"2024-10-23T01:25:33","modified_gmt":"2024-10-23T01:25:33","slug":"elf-box-crystal-bar-600-puffs-disposable-vape-wholesale","status":"publish","type":"product","link":"https:\/\/rmvapesale.com\/hr\/product\/elf-box-crystal-bar-600-puffs-disposable-vape-wholesale\/","title":{"rendered":"Elf Box Crystal Bar 600 Udisaja Jednokratni Vape na veliko"},"content":{"rendered":"<div class=\"B2VR9 CJHX3e\">\n<div class=\"wyccme\">\n<div class=\"flex-shrink-0 flex flex-col relative items-end\">\n<div>\n<div class=\"pt-0\">\n<div class=\"gizmo-bot-avatar flex h-8 w-8 items-center justify-center overflow-hidden rounded-full\"><\/div>\n<\/div>\n<\/div>\n<\/div>\n<div class=\"group\/conversation-turn relative flex w-full min-w-0 flex-col agent-turn\">\n<div class=\"flex-col gap-1 md:gap-3\">\n<div class=\"flex max-w-full flex-col flex-grow\">\n<div class=\"min-h-8 text-message flex w-full flex-col items-end gap-2 whitespace-normal break-words [.text-message+&amp;]:mt-5\" dir=\"auto\" data-message-author-role=\"assistant\" data-message-id=\"601ef074-f473-428a-ad27-1d4d88bbe859\" data-message-model-slug=\"gpt-4o\">\n<div class=\"flex w-full flex-col gap-1 empty:hidden first:pt-[3px]\">\n<div class=\"markdown prose w-full break-words dark:prose-invert light\">\n<p><span style=\"font-size: 2em;font-weight: bold\">Elf Box Crystal Bar 600 Udisaja Jednokratni Vape na veliko<\/span><\/p>\n<\/div>\n<\/div>\n<\/div>\n<\/div>\n<\/div>\n<\/div>\n<div class=\"flex-shrink-0 flex flex-col relative items-end\">\n<div class=\"pt-0\">\n<div class=\"gizmo-bot-avatar flex h-8 w-8 items-center justify-center overflow-hidden rounded-full\">\n<div class=\"relative p-1 rounded-sm flex items-center justify-center bg-token-main-surface-primary text-token-text-primary h-8 w-8\">\n<p>ELF BOX CRYSTAL BAR 600 Pufova Jednokratna e-cigareta dizajnirana je za pru\u017eanje vrhunskog iskustva pu\u0161enja, nude\u0107i do 600 pufova po ure\u0111aju. Ima tri razine nikotina: 0%, 2% i 5%, zadovoljavaju\u0107i \u0161irok raspon preferencija me\u0111u vaperima. Ure\u0111aj je kompaktan i lagan, te\u017eine samo 38g, \u0161to ga \u010dini jednostavnim za no\u0161enje i idealnim za kori\u0161tenje u pokretu. Svaka jednokratna e-cigareta sadr\u017ei 2ml e-teku\u0107ine i napaja je sna\u017ena baterija od 500mAh, osiguravaju\u0107i da korisnici mogu u\u017eivati u svom iskustvu pu\u0161enja tijekom cijelog dana.<\/p>\n<p>Ovaj proizvod je posebno privla\u010dan za kupnju na veliko, \u0161to ga \u010dini pogodnim za veleprodaje i trgovce koji \u017eele skladi\u0161titi kvalitetne jednokratne e-cigarete. Sa svojim elegantnim dizajnom i u\u010dinkovitim performansama, ELF BOX CRYSTAL BAR isti\u010de se kao vrhunski izbor za pojedina\u010dne korisnike i poslovne subjekte.<\/p>\n<p>&nbsp;<\/p>\n<\/div>\n<\/div>\n<\/div>\n<\/div>\n<\/div>\n<\/div>\n<p><strong>Kontaktirajte Amy da dobijete pravi odgovor i kupon za vape!<\/strong><\/p>\n<p><img loading=\"lazy\" decoding=\"async\" class=\"size-full wp-image-1978\" src=\"https:\/\/rmvapesale.com\/wp-content\/uploads\/2024\/09\/Disposable-Vape-Wholesale.jpg\" alt=\"Veleprodaja jednokratnih vejpova\" width=\"229\" height=\"300\" \/><\/p>\n<h3><a href=\"https:\/\/wa.me\/8617776015835\" target=\"_blank\" rel=\"noopener\"><span style=\"color: #ff0000\"><strong>WhatsApp: +86 17776015835<\/strong><\/span><\/a><\/h3>\n<p>&nbsp;<\/p>\n<h2><\/h2>\n<h2><strong>ELF BOX CRYSTAL BAR 600 Pufova <\/strong><strong>Klju\u010dne zna\u010dajke<\/strong><\/h2>\n<div class=\"flex-shrink-0 flex flex-col relative items-end\">\n<div>\n<div class=\"pt-0\">\n<div class=\"gizmo-bot-avatar flex h-8 w-8 items-center justify-center overflow-hidden rounded-full\">\n<div class=\"relative p-1 rounded-sm flex items-center justify-center bg-token-main-surface-primary text-token-text-primary h-8 w-8\"><\/div>\n<\/div>\n<\/div>\n<\/div>\n<\/div>\n<div class=\"group\/conversation-turn relative flex w-full min-w-0 flex-col agent-turn\">\n<div class=\"flex-col gap-1 md:gap-3\">\n<div class=\"flex max-w-full flex-col flex-grow\">\n<div class=\"min-h-8 text-message flex w-full flex-col items-end gap-2 whitespace-normal break-words [.text-message+&amp;]:mt-5\" dir=\"auto\" data-message-author-role=\"assistant\" data-message-id=\"0d28757f-3029-419a-97bc-5c073d54a71e\" data-message-model-slug=\"gpt-4o\">\n<div class=\"flex w-full flex-col gap-1 empty:hidden first:pt-[3px]\">\n<div class=\"result-streaming markdown prose w-full break-words dark:prose-invert light\">\n<ul>\n<li><strong>Broj udisaja<\/strong>: Pru\u017ea do <strong>600 pufova<\/strong> za produ\u017eeno u\u017eivanje u pu\u0161enju.<\/li>\n<li><strong>Grija\u010d<\/strong>: Ima <strong>1.6ohm grija\u010d<\/strong>, koji pru\u017ea glatku i dosljednu proizvodnju pare sa svakim udisajem.<\/li>\n<li><strong>Kapacitet e-teku\u0107ine<\/strong>: Dolazi s <strong>2ml<\/strong> visokokvalitetne e-teku\u0107ine, savr\u0161eno uravnote\u017eene za bogat okus i zadovoljavaju\u0107u proizvodnju pare.<\/li>\n<li><strong>Opcije nikotina<\/strong>cURL Too many subrequests. <strong>nikotin 0%, 2% ili 5%<\/strong>, prilago\u0111en razli\u010ditim preferencijama pu\u0161enja.<\/li>\n<li><strong>Baterija<\/strong>: Opremljen s <strong>Baterija od 500mAh<\/strong>, koja omogu\u0107ava pu\u0161enje tijekom cijelog dana bez potrebe za punjenjem.<\/li>\n<li><strong>Te\u017eina<\/strong>: Ultra-prenosiv i lagan, te\u017eine samo <strong>38g<\/strong>, \u0161to ga \u010dini jednostavnim za no\u0161enje gdje god krenete.<\/li>\n<\/ul>\n<\/div>\n<\/div>\n<\/div>\n<\/div>\n<\/div>\n<\/div>\n<h2><\/h2>\n<h2><strong>Vrhunskog okusa za Elf Box Crystal Bar 600<\/strong><strong>\u00a0<\/strong><\/h2>\n<p>ELF BOX CRYSTAL BAR dostupan je u raznim osvje\u017eavaju\u0107im okusima, uklju\u010duju\u0107i Mije\u0161ano bobi\u010dasto vo\u0107e, Vi\u0161nja Led i Lubenica Led, me\u0111u ostalima, pru\u017eaju\u0107i ugodno iskustvo okusa.<\/p>\n<p>1. Plavi Razz<span style=\"color: #ff0000\"><strong>&gt;&gt;&gt;&gt; Vru\u0107e!<\/strong><\/span><br \/>\n2. Ananas Limun<br \/>\n3. Jagoda Banana<br \/>\n4. Menta Led<br \/>\n5. Vi\u0161nja cvijet gro\u017e\u0111a<br \/>\n6. Banana Led<br \/>\n7. Lubenica \u017dvaka\u0107a guma<br \/>\n8. Kivi Kisele \u0161ljive<br \/>\n9. Naran\u010da Votka<br \/>\n10. Led od breskve<br \/>\n11. Cola Led<br \/>\n12. Borovnica Led<span style=\"color: #ff0000\"><strong>&gt;&gt;&gt;&gt; Najbolje!<\/strong><\/span><\/p>\n<figure id=\"attachment_2507\" aria-describedby=\"caption-attachment-2507\" style=\"width: 800px\" class=\"wp-caption alignnone\"><img loading=\"lazy\" decoding=\"async\" class=\"wp-image-2507 size-full\" src=\"https:\/\/rmvapesale.com\/wp-content\/uploads\/2024\/10\/ELF-BOX-CRYSTAL-BAR-600-Puffs-Flavor.jpg\" alt=\"ELF BOX CRYSTAL BAR 600 Pufova Okus\" width=\"800\" height=\"450\" srcset=\"https:\/\/rmvapesale.com\/wp-content\/uploads\/2024\/10\/ELF-BOX-CRYSTAL-BAR-600-Puffs-Flavor.jpg 800w, https:\/\/rmvapesale.com\/wp-content\/uploads\/2024\/10\/ELF-BOX-CRYSTAL-BAR-600-Puffs-Flavor-300x169.jpg 300w, https:\/\/rmvapesale.com\/wp-content\/uploads\/2024\/10\/ELF-BOX-CRYSTAL-BAR-600-Puffs-Flavor-768x432.jpg 768w, https:\/\/rmvapesale.com\/wp-content\/uploads\/2024\/10\/ELF-BOX-CRYSTAL-BAR-600-Puffs-Flavor-600x338.jpg 600w\" sizes=\"auto, (max-width: 800px) 100vw, 800px\" \/><figcaption id=\"caption-attachment-2507\" class=\"wp-caption-text\">ELF BOX CRYSTAL BAR 600 Pufova Okus<\/figcaption><\/figure>\n<h3><strong>Za\u0161to odabrati Rmvapesale za ELF BOX CRYSTAL 600<\/strong><strong>?<\/strong><\/h3>\n<div class=\"flex-shrink-0 flex flex-col relative items-end\">\n<div class=\"pt-0\">\n<div class=\"gizmo-bot-avatar flex h-8 w-8 items-center justify-center overflow-hidden rounded-full\">\n<div class=\"relative p-1 rounded-sm flex items-center justify-center bg-token-main-surface-primary text-token-text-primary h-8 w-8\">\n<p>&nbsp;<\/p>\n<p>Kada odaberete Rmvapesale za svoje veleprodajne potrebe za jednokratnim vapeovima, imat \u0107ete koristi od:<\/p>\n<ul>\n<li><strong>Konkurentna cijena<\/strong>: Ostvarite pristup atraktivnim veleprodajnim cijenama koje pove\u0107avaju va\u0161e poslovne mar\u017ee.<\/li>\n<li><strong>Visoka kvaliteta<\/strong>: Na\u0161i vapeovi izra\u0111eni su prema najvi\u0161im standardima i <span style=\"color: #ff0000\"><strong>zajam\u010deno 100% originalni i autenti\u010dni, ili \u0107e se osigurati 10 puta ve\u0107a naknada za la\u017enu robu!<\/strong><\/span><\/li>\n<li><strong>Izvrsna korisni\u010dka podr\u0161ka<\/strong>Na\u0161 posve\u0107eni tim uvijek je spreman pomo\u0107i vam, \u010dine\u0107i va\u0161 postupak kupnje jednostavnim i bezbri\u017enim.<\/li>\n<li><strong>Brzo<\/strong>O\u010dekujte brzu i pouzdanu dostavu, osiguravaju\u0107i da va\u0161e narud\u017ebe stignu na vrijeme, svaki put.<\/li>\n<\/ul>\n<\/div>\n<h3><\/h3>\n<div class=\"relative p-1 rounded-sm flex items-center justify-center bg-token-main-surface-primary text-token-text-primary h-8 w-8\">\n<h3><b>\u010cesto postavljana pitanja<\/b><\/h3>\n<div class=\"flex-shrink-0 flex flex-col relative items-end\">\n<div>\n<div class=\"pt-0\">\n<div class=\"gizmo-bot-avatar flex h-8 w-8 items-center justify-center overflow-hidden rounded-full\">\n<div class=\"relative p-1 rounded-sm flex items-center justify-center bg-token-main-surface-primary text-token-text-primary h-8 w-8\"><\/div>\n<\/div>\n<\/div>\n<\/div>\n<\/div>\n<div class=\"group\/conversation-turn relative flex w-full min-w-0 flex-col agent-turn\">\n<div class=\"flex-col gap-1 md:gap-3\">\n<div class=\"flex max-w-full flex-col flex-grow\">\n<div class=\"min-h-8 text-message flex w-full flex-col items-end gap-2 whitespace-normal break-words [.text-message+&amp;]:mt-5\" dir=\"auto\" data-message-author-role=\"assistant\" data-message-id=\"3a019841-c00e-477f-baad-0bb23e48af2d\" data-message-model-slug=\"gpt-4o\">\n<div class=\"flex w-full flex-col gap-1 empty:hidden first:pt-[3px]\">\n<div class=\"markdown prose w-full break-words dark:prose-invert light\">\n<ul>\n<li><strong>Kako koristiti jednokratni vape olovku<\/strong><br \/>\nKori\u0161tenje jednokratne vape olovke poput CRYSTAL BAR 600 je jednostavno. Nije potrebno punjenje prije upotrebe. Samo izvadite vape iz pakiranja i udi\u0161ite kroz usnik. Ure\u0111aj \u0107e se automatski aktivirati tijekom udisanja, isporu\u010duju\u0107i paru.<\/li>\n<li><strong>Koliko nikotina ima u Elf Box Crystal 600 Pufova<\/strong><br \/>\nELF CRYSTAL BAR 600 nudi tri opcije razine nikotina: 0%, 2% i 5%, omogu\u0107uju\u0107i korisnicima da odaberu prema vlastitim \u017eeljama.<\/li>\n<li><strong>Kako znati kada je vape prazan<\/strong><br \/>\nMo\u017eete prepoznati da je va\u0161a jednokratna vape prazna kada prestanete osje\u0107ati paru pri udisanju ili okus po\u010dne blijediti. Osim toga, ako se proizvodnja pare znatno smanji ili ure\u0111aj prestane raditi, vjerojatno je da je baterija ili e-teku\u0107ina iscrpljena.<\/li>\n<li><strong>Gdje mogu kupiti Elf Box Crystal Bar 600<\/strong><br \/>\nMo\u017eete kupiti ELF BOX CRYSTAL BAR 600 od prodava\u010da ili veleprodajnih trgovaca koji imaju na skladi\u0161tu jednokratne vape ure\u0111aje. Provjerite lokalne du\u0107ane s vape proizvodima ili internetske trgovine koje prodaju proizvode za vaping, rmvapesale je popularna internetska trgovina za vru\u0107e prodaje vape ure\u0111aja, kontaktirajte za u\u017eivanje u veleprodajnim cijenama.<\/li>\n<\/ul>\n<\/div>\n<\/div>\n<\/div>\n<\/div>\n<\/div>\n<\/div>\n<p>&nbsp;<\/p>\n<\/div>\n<\/div>\n<\/div>\n<\/div>\n<h3>O isporuci<\/h3>\n<div class=\"flex-shrink-0 flex flex-col relative items-end\">\n<div>\n<div class=\"pt-0\">\n<div class=\"gizmo-bot-avatar flex h-8 w-8 items-center justify-center overflow-hidden rounded-full\">\n<div><\/div>\n<div class=\"relative p-1 rounded-sm flex items-center justify-center bg-token-main-surface-primary text-token-text-primary h-8 w-8\"><strong>1. Koje metode dostave se koriste?<\/strong><\/div>\n<\/div>\n<\/div>\n<\/div>\n<\/div>\n<div class=\"group\/conversation-turn relative flex w-full min-w-0 flex-col agent-turn\">\n<div class=\"flex-col gap-1 md:gap-3\">\n<div class=\"flex max-w-full flex-col flex-grow\">\n<div class=\"min-h-[20px] text-message flex w-full flex-col items-end gap-2 whitespace-normal break-words [.text-message+&amp;]:mt-5 overflow-x-auto\" dir=\"auto\" data-message-author-role=\"assistant\" data-message-id=\"22f8283b-3233-46ff-89a5-c7a41b33abda\">\n<div class=\"flex w-full flex-col gap-1 empty:hidden first:pt-[3px]\">\n<div class=\"markdown prose w-full break-words dark:prose-invert light\">\n<p>Sura\u0111ujemo s UPS-om, DHL-om, FedEx-om, DPD-om i drugim vode\u0107im prijevoznicima. Odabrat \u0107emo najbolju metodu dostave na temelju va\u0161e lokacije kako bismo osigurali da svoje proizvode primite \u0161to je prije mogu\u0107e.<\/p>\n<\/div>\n<p><strong>2. Koliko dugo traje dostava?<\/strong><\/p>\n<p>Paketi poslani u Hrvatsku obi\u010dno sti\u017eu unutar 10 radnih dana. Dostava u europske zemlje op\u0107enito traje oko 12-15 radnih dana. Pru\u017eit \u0107emo vam a\u017euriranja o statusu va\u0161e po\u0161iljke u stvarnom vremenu.<\/p>\n<\/div>\n<\/div>\n<\/div>\n<\/div>\n<\/div>\n<p>&nbsp;<\/p>\n<p>Ostali popularni vape ure\u0111aji koji bi vam se mogli svidjeti:<\/p>\n<p><a href=\"https:\/\/rmvapesale.com\/hr\/product\/randm-tornado-15000-puffs-15k-vape-recharge-fumot-original-vape-factory-price\/\"><strong>Randm Vape 15000 Puff\u00a0 \u00a0<span style=\"color: #ff0000\">&gt;&gt;&gt;&gt; kreni!<\/span><\/strong><\/a><\/p>\n<p><strong><a href=\"https:\/\/rmvapesale.com\/hr\/product\/fumot-digital-box-12000-disposable-vape-pink-lemonade-flavor\/\">Fumot Digital Box 12000 jednokratni vape<\/a><\/strong><strong><a href=\"https:\/\/rmvapesale.com\/hr\/product\/faivono-bang-maxi-15000-puffs-disposable-vape-bulk-wholesale\/\">\u00a0<span style=\"color: #ff0000\">&gt;&gt;&gt;&gt; kreni!<\/span><\/a>\u00a0<\/strong><\/p>\n<p><a href=\"https:\/\/rmvapesale.com\/hr\/product\/randm-tornado-25000-puffs-disposable-vape-wholesale\/\"><strong>Fumot Vape RandM Tornado 25000 Udisaja <span style=\"color: #ff0000\">&gt;&gt;&gt;&gt; kreni!<\/span><\/strong><\/a><\/p>\n<p>&nbsp;<\/p>\n<p>&nbsp;<\/p>\n<p>Prona\u0111ite vi\u0161e Vape proizvoda koji bi vam se mogli svidjeti:<strong><em><a href=\"https:\/\/rmvapesale.com\/hr\/shop-2\/\">kupite sada &gt;&gt;&gt;<\/a><\/em><\/strong><\/p>","protected":false},"excerpt":{"rendered":"<p>Vape Elf Box Crystal Bar E-cigaret na veliko Kupnja<br \/>\nElf BOX Crystal CR600 Jednokratni Vape na veliko<br \/>\nELF BOX CRYSTAL BAR 600 Udisaja 0% 2% 5% Niska nikotinska jednokratna vape<\/p>\n<p><img loading=\"lazy\" decoding=\"async\" class=\"size-full wp-image-2375\" src=\"https:\/\/rmvapesale.com\/wp-content\/uploads\/2024\/10\/image.png\" alt=\"Najbolji jednokratni vejp\" width=\"229\" height=\"300\" \/><\/p>\n<h3><a href=\"https:\/\/wa.me\/8617776015835\"><span style=\"color: #ff0000\"><strong>WhatsApp: +86 17776015835<\/strong><\/span><\/a><\/h3>\n<p>&nbsp;<\/p>","protected":false},"featured_media":2506,"comment_status":"open","ping_status":"closed","template":"","meta":{"_uag_custom_page_level_css":"","_lmt_disableupdate":"no","_lmt_disable":"","site-sidebar-layout":"default","site-content-layout":"content-boxed-container","ast-site-content-layout":"normal-width-container","site-content-style":"boxed","site-sidebar-style":"unboxed","ast-global-header-display":"","ast-banner-title-visibility":"","ast-main-header-display":"","ast-hfb-above-header-display":"","ast-hfb-below-header-display":"","ast-hfb-mobile-header-display":"","site-post-title":"","ast-breadcrumbs-content":"","ast-featured-img":"","footer-sml-layout":"","ast-disable-related-posts":"","theme-transparent-header-meta":"default","adv-header-id-meta":"","stick-header-meta":"","header-above-stick-meta":"","header-main-stick-meta":"","header-below-stick-meta":"","astra-migrate-meta-layouts":"set","ast-page-background-enabled":"default","ast-page-background-meta":{"desktop":{"background-color":"var(--ast-global-color-4)","background-image":"","background-repeat":"repeat","background-position":"center center","background-size":"auto","background-attachment":"scroll","background-type":"","background-media":"","overlay-type":"","overlay-color":"","overlay-opacity":"","overlay-gradient":""},"tablet":{"background-color":"","background-image":"","background-repeat":"repeat","background-position":"center center","background-size":"auto","background-attachment":"scroll","background-type":"","background-media":"","overlay-type":"","overlay-color":"","overlay-opacity":"","overlay-gradient":""},"mobile":{"background-color":"","background-image":"","background-repeat":"repeat","background-position":"center center","background-size":"auto","background-attachment":"scroll","background-type":"","background-media":"","overlay-type":"","overlay-color":"","overlay-opacity":"","overlay-gradient":""}},"ast-content-background-meta":{"desktop":{"background-color":"var(--ast-global-color-5)","background-image":"","background-repeat":"repeat","background-position":"center center","background-size":"auto","background-attachment":"scroll","background-type":"","background-media":"","overlay-type":"","overlay-color":"","overlay-opacity":"","overlay-gradient":""},"tablet":{"background-color":"var(--ast-global-color-5)","background-image":"","background-repeat":"repeat","background-position":"center center","background-size":"auto","background-attachment":"scroll","background-type":"","background-media":"","overlay-type":"","overlay-color":"","overlay-opacity":"","overlay-gradient":""},"mobile":{"background-color":"var(--ast-global-color-5)","background-image":"","background-repeat":"repeat","background-position":"center center","background-size":"auto","background-attachment":"scroll","background-type":"","background-media":"","overlay-type":"","overlay-color":"","overlay-opacity":"","overlay-gradient":""}},"_joinchat":[]},"product_brand":[],"product_cat":[15,27,25,123,30,26,28,137,136,135],"product_tag":[169,167,165,180,103,120,179],"class_list":{"0":"post-2509","1":"product","2":"type-product","3":"status-publish","4":"has-post-thumbnail","6":"product_cat-new-vape-this-week","7":"product_cat-fance-hot-sale-vape","8":"product_cat-germany-best-selling-vape","9":"product_cat-italy-wholesale-vape","10":"product_cat-minimum-order-quantity-50pcs","11":"product_cat-netherlands-hot-sale-vape","12":"product_cat-poland-hot-sale-vape","13":"product_cat-rechargeable-vapes","14":"product_cat-smart-screen-vapes","15":"product_cat-spain-best-hot-sale-vape","16":"product_tag-best-disposable-vape-2024","17":"product_tag-disposable-vape-with-screen","18":"product_tag-rechargeable-vapes","19":"product_tag-shisha-bar","20":"product_tag-shisha-hookah","21":"product_tag-vape-wholesale","22":"product_tag-vapme-shisha-hookah","23":"desktop-align-left","24":"tablet-align-left","25":"mobile-align-left","27":"first","28":"instock","29":"sale","30":"shipping-taxable","31":"purchasable","32":"product-type-simple"},"uagb_featured_image_src":{"full":["https:\/\/rmvapesale.com\/wp-content\/uploads\/2024\/10\/ELF-BOX-CRYSTAL-BAR-600-Puffs-Disposable-Vape.jpg",800,800,false],"thumbnail":["https:\/\/rmvapesale.com\/wp-content\/uploads\/2024\/10\/ELF-BOX-CRYSTAL-BAR-600-Puffs-Disposable-Vape-150x150.jpg",150,150,true],"medium":["https:\/\/rmvapesale.com\/wp-content\/uploads\/2024\/10\/ELF-BOX-CRYSTAL-BAR-600-Puffs-Disposable-Vape-300x300.jpg",300,300,true],"medium_large":["https:\/\/rmvapesale.com\/wp-content\/uploads\/2024\/10\/ELF-BOX-CRYSTAL-BAR-600-Puffs-Disposable-Vape-768x768.jpg",768,768,true],"large":["https:\/\/rmvapesale.com\/wp-content\/uploads\/2024\/10\/ELF-BOX-CRYSTAL-BAR-600-Puffs-Disposable-Vape.jpg",800,800,false],"1536x1536":["https:\/\/rmvapesale.com\/wp-content\/uploads\/2024\/10\/ELF-BOX-CRYSTAL-BAR-600-Puffs-Disposable-Vape.jpg",800,800,false],"2048x2048":["https:\/\/rmvapesale.com\/wp-content\/uploads\/2024\/10\/ELF-BOX-CRYSTAL-BAR-600-Puffs-Disposable-Vape.jpg",800,800,false],"trp-custom-language-flag":["https:\/\/rmvapesale.com\/wp-content\/uploads\/2024\/10\/ELF-BOX-CRYSTAL-BAR-600-Puffs-Disposable-Vape.jpg",12,12,false],"woocommerce_thumbnail":["https:\/\/rmvapesale.com\/wp-content\/uploads\/2024\/10\/ELF-BOX-CRYSTAL-BAR-600-Puffs-Disposable-Vape-300x300.jpg",300,300,true],"woocommerce_single":["https:\/\/rmvapesale.com\/wp-content\/uploads\/2024\/10\/ELF-BOX-CRYSTAL-BAR-600-Puffs-Disposable-Vape-600x600.jpg",600,600,true],"woocommerce_gallery_thumbnail":["https:\/\/rmvapesale.com\/wp-content\/uploads\/2024\/10\/ELF-BOX-CRYSTAL-BAR-600-Puffs-Disposable-Vape-100x100.jpg",100,100,true],"wcpr-photo-reviews":["https:\/\/rmvapesale.com\/wp-content\/uploads\/2024\/10\/ELF-BOX-CRYSTAL-BAR-600-Puffs-Disposable-Vape.jpg",500,500,false]},"uagb_author_info":{"display_name":"AMY","author_link":"https:\/\/rmvapesale.com\/hr\/author\/"},"uagb_comment_info":0,"uagb_excerpt":"Vape Elf Box Crystal Bar E-cigarette bulk Buy Elf BOX Crystal CR600 Disposable Vape Whoelsale ELF BOX CRYSTAL BAR 600 Puffs 0% 2% 5% Low Nicotine Disposable Vape WhatsApp: +86 17776015835 &nbsp;","_links":{"self":[{"href":"https:\/\/rmvapesale.com\/hr\/wp-json\/wp\/v2\/product\/2509","targetHints":{"allow":["GET"]}}],"collection":[{"href":"https:\/\/rmvapesale.com\/hr\/wp-json\/wp\/v2\/product"}],"about":[{"href":"https:\/\/rmvapesale.com\/hr\/wp-json\/wp\/v2\/types\/product"}],"replies":[{"embeddable":true,"href":"https:\/\/rmvapesale.com\/hr\/wp-json\/wp\/v2\/comments?post=2509"}],"wp:featuredmedia":[{"embeddable":true,"href":"https:\/\/rmvapesale.com\/hr\/wp-json\/wp\/v2\/media\/2506"}],"wp:attachment":[{"href":"https:\/\/rmvapesale.com\/hr\/wp-json\/wp\/v2\/media?parent=2509"}],"wp:term":[{"taxonomy":"product_brand","embeddable":true,"href":"https:\/\/rmvapesale.com\/hr\/wp-json\/wp\/v2\/product_brand?post=2509"},{"taxonomy":"product_cat","embeddable":true,"href":"https:\/\/rmvapesale.com\/hr\/wp-json\/wp\/v2\/product_cat?post=2509"},{"taxonomy":"product_tag","embeddable":true,"href":"https:\/\/rmvapesale.com\/hr\/wp-json\/wp\/v2\/product_tag?post=2509"}],"curies":[{"name":"wp","href":"https:\/\/api.w.org\/{rel}","templated":true}]}}