{"id":2540,"date":"2024-10-24T09:31:28","date_gmt":"2024-10-24T09:31:28","guid":{"rendered":"https:\/\/rmvapesale.com\/?post_type=product&#038;p=2540"},"modified":"2024-10-24T09:55:38","modified_gmt":"2024-10-24T09:55:38","slug":"vapme-crystal-20000-puffs-20k-double-flavor-rechargeable-vapes","status":"publish","type":"product","link":"https:\/\/rmvapesale.com\/hr\/product\/vapme-crystal-20000-puffs-20k-double-flavor-rechargeable-vapes\/","title":{"rendered":"Vapme Crystal 20000 Puffs 20K dvostruki okus punjivi vejpovi"},"content":{"rendered":"<div class=\"B2VR9 CJHX3e\">\n<div class=\"wyccme\">\n<h1 class=\"LC20lb MBeuO DKV0Md\">Vapme Crystal 20000 Puffs 20K Dvostruki Okus Punjivi Vejperi Veleprodaja<\/h1>\n<div class=\"flex-shrink-0 flex flex-col relative items-end\">\n<div class=\"pt-0\">\n<div class=\"gizmo-bot-avatar flex h-8 w-8 items-center justify-center overflow-hidden rounded-full\">\n<div class=\"relative p-1 rounded-sm flex items-center justify-center bg-token-main-surface-primary text-token-text-primary h-8 w-8\">\n<p>Ovaj <strong>Vapme Crystal 20000 Puffs 20K Punjivi Jednokratni Vejp<\/strong> mijenja pravila igre u industriji vapinga, nude\u0107i ure\u0111aj velikog kapaciteta dizajniran i za povremene i za \u010deste vejper-e. S masivnih <strong>20.000 uvla\u010denja<\/strong>, ovo <strong>jednokratni vejp<\/strong> osigurava produ\u017eeno u\u017eivanje bez muke oko stalnog dopunjavanja, \u010dine\u0107i ga jednim od <strong>najboljih jednokratnih vejpova 2024. godine<\/strong>. Kapacitet e-teku\u0107ine od <strong>20 ml<\/strong> omogu\u0107uje korisnicima da du\u017ee u\u017eivaju u svojim omiljenim okusima, pokretan je s <strong>700mAh punjivom baterijom<\/strong> za neprekinute sesije vejpa.<\/p>\n<p>Jedna od istaknutih zna\u010dajki <strong>Vapme Crystal 20000<\/strong> je njegov <strong>Dvostruki okus<\/strong> funkcionalnost, omogu\u0107avaju\u0107i korisnicima prebacivanje izme\u0111u dva razli\u010dita okusa, pru\u017eaju\u0107i svestranost i jedinstveno iskustvo vapinga. Precizno dizajnirana mre\u017easta spirala <strong>precizno projektirana mre\u017easta spirala<\/strong> omogu\u0107uje glatku, dosljednu proizvodnju pare, osiguravaju\u0107i da je svaki udisaj bogat okusom.<\/p>\n<p>Za dodatnu prakti\u010dnost, ovaj <strong>vape od 20000 udisaja<\/strong> opremljen je s <strong>Type-C priklju\u010dak za punjenje<\/strong>, omogu\u0107avaju\u0107i brzo i jednostavno punjenje, \u0161to ga \u010dini vrhunskim izborom za vapere u pokretu. Bilo da se opskrbljujete za svoju <strong>trgovinu vape opremom<\/strong>, kupujete za <strong>veleprodajne vape proizvode<\/strong>, ili tra\u017eite <strong>kupite vejpove online<\/strong>, <strong>Vapme Crystal 20K<\/strong> je vrhunski izbor za trgovce i pojedina\u010dne potro\u0161a\u010de.<\/p>\n<p>Savr\u0161eno pogodan za one koji tra\u017ee visokokvalitetne <strong>punjivi vapes<\/strong> or <strong>vape kutije<\/strong>, ovaj ure\u0111aj nudi iznimne performanse i prakti\u010dnost, \u0161to ga \u010dini nezaobilaznim u bilo kojem <strong>vape baru<\/strong> ili kolekciji. Izvucite maksimum iz svog iskustva vapinga uz <strong>Vapme Crystal 20000 Puffs<\/strong>\u2014svestran i pouzdan izbor na <strong>jednokratni vejp<\/strong> tr\u017ei\u0161tu.<\/p>\n<\/div>\n<\/div>\n<\/div>\n<\/div>\n<\/div>\n<\/div>\n<p><strong>Kontaktirajte Amy da dobijete pravi odgovor i kupon za vape!<\/strong><\/p>\n<p><img loading=\"lazy\" decoding=\"async\" class=\"size-full wp-image-1978\" src=\"https:\/\/rmvapesale.com\/wp-content\/uploads\/2024\/09\/Disposable-Vape-Wholesale.jpg\" alt=\"Veleprodaja jednokratnih vejpova\" width=\"229\" height=\"300\" \/><\/p>\n<h3><a href=\"https:\/\/wa.me\/8617776015835\" target=\"_blank\" rel=\"noopener\"><span style=\"color: #ff0000\"><strong>WhatsApp: +86 17776015835<\/strong><\/span><\/a><\/h3>\n<p>&nbsp;<\/p>\n<h2><\/h2>\n<h2><strong>Vapme Crystal 20000 Puffs jednokratni ure\u0111aj<\/strong><strong>\u00a0<\/strong><strong>Klju\u010dne zna\u010dajke<\/strong><\/h2>\n<p>10+10 OKUSA<br \/>\nBaterija: 700mah type-c priklju\u010dak<br \/>\nKapacitet: 20mL e-teku\u0107ine<br \/>\nZavojnica: 1.0 ohm mre\u017easta zavojnica<br \/>\nBroj puhanja: 20000+ puhanja<br \/>\n160 komada\/kutija<br \/>\n20.8kg\/kutija<br \/>\nNikotin: 2%<br \/>\n2 u 1 ure\u0111aj za okuse<\/p>\n<h2><strong>Najbolji okus za Vapme Crystal 20000 Puffs<\/strong><\/h2>\n<p>Dostupno u raznim okusima, uklju\u010duju\u0107i Borovnica Malina<\/p>\n<p>1 Borovnica Malina + Ledena lubenica <span style=\"color: #ff0000\"><strong>&gt;&gt;&gt;&gt; Vru\u0107e!<\/strong><\/span><br \/>\n2 Jagoda Lubenica + Led Marakuja Dinja<br \/>\n3 Ledena tre\u0161nja + Limunada od plave maline<br \/>\n4 Ledeno gro\u017e\u0111e + Jagoda kivi<br \/>\n5 Jagoda banana + Dvostruka jabuka <span style=\"color: #ff0000\"><strong>&gt;&gt;&gt;&gt; Vru\u0107e!<\/strong><\/span><br \/>\n6 Ledeno mije\u0161ano bobi\u010dasto vo\u0107e + Breskva mango ananas<br \/>\n7 Ledena jagoda + Ledena lubenica kivi<br \/>\n8 Energetsko pi\u0107e + Cola od tre\u0161nje<br \/>\n9 Bombon od jagode i maline + Ledena breskva <span style=\"color: #ff0000\"><strong>&gt;&gt;&gt;&gt; Najbolje!<\/strong><\/span><br \/>\n10 Jagoda mango + Kivi Marakuja guava<\/p>\n<figure id=\"attachment_2537\" aria-describedby=\"caption-attachment-2537\" style=\"width: 800px\" class=\"wp-caption alignnone\"><img loading=\"lazy\" decoding=\"async\" class=\"wp-image-2537 size-full\" src=\"https:\/\/rmvapesale.com\/wp-content\/uploads\/2024\/10\/Vape-Vapme-Crystal-20000-Disposable-Vape.jpg\" alt=\"Vape Vapme Crystal 20000 Jednokratni Vape\" width=\"800\" height=\"800\" srcset=\"https:\/\/rmvapesale.com\/wp-content\/uploads\/2024\/10\/Vape-Vapme-Crystal-20000-Disposable-Vape.jpg 800w, https:\/\/rmvapesale.com\/wp-content\/uploads\/2024\/10\/Vape-Vapme-Crystal-20000-Disposable-Vape-300x300.jpg 300w, https:\/\/rmvapesale.com\/wp-content\/uploads\/2024\/10\/Vape-Vapme-Crystal-20000-Disposable-Vape-150x150.jpg 150w, https:\/\/rmvapesale.com\/wp-content\/uploads\/2024\/10\/Vape-Vapme-Crystal-20000-Disposable-Vape-768x768.jpg 768w, https:\/\/rmvapesale.com\/wp-content\/uploads\/2024\/10\/Vape-Vapme-Crystal-20000-Disposable-Vape-600x600.jpg 600w, https:\/\/rmvapesale.com\/wp-content\/uploads\/2024\/10\/Vape-Vapme-Crystal-20000-Disposable-Vape-100x100.jpg 100w\" sizes=\"auto, (max-width: 800px) 100vw, 800px\" \/><figcaption id=\"caption-attachment-2537\" class=\"wp-caption-text\">Vape Vapme Crystal 20000 Jednokratni Vape<\/figcaption><\/figure>\n<h3><strong>Za\u0161to odabrati Rmvapesale za Vapme Crystal 20000 Puffs<\/strong><strong>?<\/strong><\/h3>\n<div class=\"flex-shrink-0 flex flex-col relative items-end\">\n<div class=\"pt-0\">\n<div class=\"gizmo-bot-avatar flex h-8 w-8 items-center justify-center overflow-hidden rounded-full\">\n<div class=\"relative p-1 rounded-sm flex items-center justify-center bg-token-main-surface-primary text-token-text-primary h-8 w-8\">\n<p>&nbsp;<\/p>\n<p>Kada odaberete Rmvapesale za svoje veleprodajne potrebe za jednokratnim vapeovima, imat \u0107ete koristi od:<\/p>\n<ul>\n<li><strong>Konkurentna cijena<\/strong>: Ostvarite pristup atraktivnim veleprodajnim cijenama koje pove\u0107avaju va\u0161e poslovne mar\u017ee.<\/li>\n<li><strong>Visoka kvaliteta<\/strong>: Na\u0161i vapeovi izra\u0111eni su prema najvi\u0161im standardima i <span style=\"color: #ff0000\"><strong>zajam\u010deno 100% originalni i autenti\u010dni, ili \u0107e se osigurati 10 puta ve\u0107a naknada za la\u017enu robu!<\/strong><\/span><\/li>\n<li><strong>Izvrsna korisni\u010dka podr\u0161ka<\/strong>Na\u0161 posve\u0107eni tim uvijek je spreman pomo\u0107i vam, \u010dine\u0107i va\u0161 postupak kupnje jednostavnim i bezbri\u017enim.<\/li>\n<li><strong>Brzo<\/strong>O\u010dekujte brzu i pouzdanu dostavu, osiguravaju\u0107i da va\u0161e narud\u017ebe stignu na vrijeme, svaki put.<\/li>\n<\/ul>\n<\/div>\n<h3><\/h3>\n<div class=\"relative p-1 rounded-sm flex items-center justify-center bg-token-main-surface-primary text-token-text-primary h-8 w-8\">\n<h3><b>\u010cesto postavljana pitanja<\/b><\/h3>\n<ul>\n<li><strong>Kako koristiti jednokratnu vape olovku Vapme Crystal 20000 Puffs<\/strong><br \/>\nZa kori\u0161tenje Vapme Crystal 20000, jednostavno ga izvadite iz pakiranja, udahnite kroz nastavak za usta i ure\u0111aj \u0107e se automatski aktivirati. Jedna jedinstvena zna\u010dajka je funkcija dvostrukog okusa, koja vam omogu\u0107uje prebacivanje izme\u0111u dva razli\u010dita okusa za svestranije iskustvo vapinga.<\/li>\n<li><strong>Kako napuniti jednokratni vape Vapme Crystal 20K Puffs<\/strong><br \/>\nVapme Crystal 20000 dolazi s punjivom baterijom od 700mAh. Za punjenje koristite priklju\u010dak za punjenje Type-C. Uklju\u010dite ure\u0111aj u izvor napajanja pomo\u0107u Type-C kabela i brzo \u0107e se napuniti za produ\u017eene sesije vapinga.<\/li>\n<li><strong>Koliko nikotina ima Vapme Crystal 20000 Puffs?<\/strong><br \/>\nRazina nikotina za Vapme Crystal 20000 Puffs nije navedena u sadr\u017eaju. Me\u0111utim, jednokratni vejpovi poput ovog obi\u010dno dolaze u razli\u010ditim ja\u010dinama nikotina (0%, 2%, 5%, itd.). To\u010dan sadr\u017eaj nikotina mo\u017eete provjeriti kod prodava\u010da ili na pakiranju proizvoda.<\/li>\n<li><strong>Koliko dugo trebam puniti svoj Crystal 20000 Puffs?<\/strong><br \/>\nTo\u010dno vrijeme punjenja ovisi o izvoru napajanja, ali zahvaljuju\u0107i mogu\u0107nosti brzog punjenja putem Type-C priklju\u010dka, trebao bi se napuniti relativno brzo. Ure\u0111aj mo\u017eete nadzirati tijekom punjenja ili provjeriti indikatore punjenja, ako su dostupni, kako biste znali kada je potpuno napunjen.<\/li>\n<li><strong>Gdje mogu kupiti jednokratni vejp Vapme Crystal 20000 Puffs?<\/strong><br \/>\nVapme Crystal 20000 Puffs mo\u017eete kupiti kod maloprodajnih trgovaca vejp opremom, u online trgovinama vejp opremom ili kod veletrgovaca koji nude jednokratne vejove. To je popularna opcija kako za pojedina\u010dne potro\u0161a\u010de tako i za vlasnike trgovina vejp opremom. Provjerite dostupnost u lokalnim trgovinama vejp opremom ili pregledajte internetske platforme specijalizirane za proizvode za vejp opremu.<\/li>\n<\/ul>\n<\/div>\n<\/div>\n<\/div>\n<\/div>\n<h3>O isporuci<\/h3>\n<div class=\"flex-shrink-0 flex flex-col relative items-end\">\n<div>\n<div class=\"pt-0\">\n<div class=\"gizmo-bot-avatar flex h-8 w-8 items-center justify-center overflow-hidden rounded-full\">\n<div><\/div>\n<div class=\"relative p-1 rounded-sm flex items-center justify-center bg-token-main-surface-primary text-token-text-primary h-8 w-8\"><strong>1. Koje metode dostave se koriste?<\/strong><\/div>\n<\/div>\n<\/div>\n<\/div>\n<\/div>\n<div class=\"group\/conversation-turn relative flex w-full min-w-0 flex-col agent-turn\">\n<div class=\"flex-col gap-1 md:gap-3\">\n<div class=\"flex max-w-full flex-col flex-grow\">\n<div class=\"min-h-[20px] text-message flex w-full flex-col items-end gap-2 whitespace-normal break-words [.text-message+&amp;]:mt-5 overflow-x-auto\" dir=\"auto\" data-message-author-role=\"assistant\" data-message-id=\"22f8283b-3233-46ff-89a5-c7a41b33abda\">\n<div class=\"flex w-full flex-col gap-1 empty:hidden first:pt-[3px]\">\n<div class=\"markdown prose w-full break-words dark:prose-invert light\">\n<p>Sura\u0111ujemo s UPS-om, DHL-om, FedEx-om, DPD-om i drugim vode\u0107im prijevoznicima. Odabrat \u0107emo najbolju metodu dostave na temelju va\u0161e lokacije kako bismo osigurali da svoje proizvode primite \u0161to je prije mogu\u0107e.<\/p>\n<\/div>\n<p><strong>2. Koliko dugo traje dostava?<\/strong><\/p>\n<p>Paketi poslani u Hrvatsku obi\u010dno sti\u017eu unutar 10 radnih dana. Dostava u europske zemlje op\u0107enito traje oko 12-15 radnih dana. Pru\u017eit \u0107emo vam a\u017euriranja o statusu va\u0161e po\u0161iljke u stvarnom vremenu.<\/p>\n<\/div>\n<\/div>\n<\/div>\n<\/div>\n<\/div>\n<p>&nbsp;<\/p>\n<p>Ostali popularni vape ure\u0111aji koji bi vam se mogli svidjeti:<\/p>\n<p><a href=\"https:\/\/rmvapesale.com\/hr\/product\/fumot-randm-tornado-30000-puffs-30k-music-disposable-vape\/\"><strong>RandM Tornado 30000 Puffs\u00a0 \u00a0<span style=\"color: #ff0000\">&gt;&gt;&gt;&gt; kreni!<\/span><\/strong><\/a><\/p>\n<p><strong><a href=\"https:\/\/rmvapesale.com\/hr\/product\/aivono-22000-rechargeable-vapes-with-display-screen\/\">Aivono Aim Fatpro 22000 Puffs <span style=\"color: #ff0000\">&gt;&gt;&gt;&gt; kreni!<\/span><\/a>\u00a0<\/strong><\/p>\n<p><a href=\"https:\/\/rmvapesale.com\/hr\/product\/original-randm-vape-digital-puff-12000-fumot-factory-price\/\"><strong>Fumot Vape 12000 Puffs <span style=\"color: #ff0000\">&gt;&gt;&gt;&gt; kreni!<\/span><\/strong><\/a><\/p>\n<p>&nbsp;<\/p>\n<p>&nbsp;<\/p>\n<p>Prona\u0111ite vi\u0161e Vape proizvoda koji bi vam se mogli svidjeti:<strong><em><a href=\"https:\/\/rmvapesale.com\/hr\/shop-2\/\">kupite sada &gt;&gt;&gt;<\/a><\/em><\/strong><\/p>","protected":false},"excerpt":{"rendered":"<p>Veleprodaja Vejp Vapme Crystal 20000 Puffs Jednokratni<br \/>\nVapme Crystal 20000 Puffs Dvostruki Okusi Jednokratni Vejp<br \/>\nVapme Crystal 20000 Dvostruki Crystal Vape Bar Veleprodaja<\/p>\n<p><img loading=\"lazy\" decoding=\"async\" class=\"size-full wp-image-2375\" src=\"https:\/\/rmvapesale.com\/wp-content\/uploads\/2024\/10\/image.png\" alt=\"Najbolji jednokratni vejp\" width=\"229\" height=\"300\" \/><\/p>\n<h3><a href=\"https:\/\/wa.me\/8617776015835\"><span style=\"color: #ff0000\"><strong>WhatsApp: +86 17776015835<\/strong><\/span><\/a><\/h3>\n<p>&nbsp;<\/p>","protected":false},"featured_media":2539,"comment_status":"open","ping_status":"closed","template":"","meta":{"_uag_custom_page_level_css":"","_lmt_disableupdate":"no","_lmt_disable":"","site-sidebar-layout":"default","site-content-layout":"content-boxed-container","ast-site-content-layout":"normal-width-container","site-content-style":"boxed","site-sidebar-style":"unboxed","ast-global-header-display":"","ast-banner-title-visibility":"","ast-main-header-display":"","ast-hfb-above-header-display":"","ast-hfb-below-header-display":"","ast-hfb-mobile-header-display":"","site-post-title":"","ast-breadcrumbs-content":"","ast-featured-img":"","footer-sml-layout":"","ast-disable-related-posts":"","theme-transparent-header-meta":"default","adv-header-id-meta":"","stick-header-meta":"","header-above-stick-meta":"","header-main-stick-meta":"","header-below-stick-meta":"","astra-migrate-meta-layouts":"set","ast-page-background-enabled":"default","ast-page-background-meta":{"desktop":{"background-color":"var(--ast-global-color-4)","background-image":"","background-repeat":"repeat","background-position":"center center","background-size":"auto","background-attachment":"scroll","background-type":"","background-media":"","overlay-type":"","overlay-color":"","overlay-opacity":"","overlay-gradient":""},"tablet":{"background-color":"","background-image":"","background-repeat":"repeat","background-position":"center center","background-size":"auto","background-attachment":"scroll","background-type":"","background-media":"","overlay-type":"","overlay-color":"","overlay-opacity":"","overlay-gradient":""},"mobile":{"background-color":"","background-image":"","background-repeat":"repeat","background-position":"center center","background-size":"auto","background-attachment":"scroll","background-type":"","background-media":"","overlay-type":"","overlay-color":"","overlay-opacity":"","overlay-gradient":""}},"ast-content-background-meta":{"desktop":{"background-color":"var(--ast-global-color-5)","background-image":"","background-repeat":"repeat","background-position":"center center","background-size":"auto","background-attachment":"scroll","background-type":"","background-media":"","overlay-type":"","overlay-color":"","overlay-opacity":"","overlay-gradient":""},"tablet":{"background-color":"var(--ast-global-color-5)","background-image":"","background-repeat":"repeat","background-position":"center center","background-size":"auto","background-attachment":"scroll","background-type":"","background-media":"","overlay-type":"","overlay-color":"","overlay-opacity":"","overlay-gradient":""},"mobile":{"background-color":"var(--ast-global-color-5)","background-image":"","background-repeat":"repeat","background-position":"center center","background-size":"auto","background-attachment":"scroll","background-type":"","background-media":"","overlay-type":"","overlay-color":"","overlay-opacity":"","overlay-gradient":""}},"_joinchat":[]},"product_brand":[],"product_cat":[15,27,25,123,30,26,28,137,136,135],"product_tag":[146,188,124,155,186,38,165,166,120],"class_list":{"0":"post-2540","1":"product","2":"type-product","3":"status-publish","4":"has-post-thumbnail","6":"product_cat-new-vape-this-week","7":"product_cat-fance-hot-sale-vape","8":"product_cat-germany-best-selling-vape","9":"product_cat-italy-wholesale-vape","10":"product_cat-minimum-order-quantity-50pcs","11":"product_cat-netherlands-hot-sale-vape","12":"product_cat-poland-hot-sale-vape","13":"product_cat-rechargeable-vapes","14":"product_cat-smart-screen-vapes","15":"product_cat-spain-best-hot-sale-vape","16":"product_tag-best-hot-sale-vape","17":"product_tag-buy-vapes-online","18":"product_tag-crystal-vape","19":"product_tag-digital-display-box","20":"product_tag-fumot-30k","21":"product_tag-randm-vape","22":"product_tag-rechargeable-vapes","23":"product_tag-tornado-vape","24":"product_tag-vape-wholesale","25":"desktop-align-left","26":"tablet-align-left","27":"mobile-align-left","29":"first","30":"instock","31":"sale","32":"shipping-taxable","33":"purchasable","34":"product-type-simple"},"uagb_featured_image_src":{"full":["https:\/\/rmvapesale.com\/wp-content\/uploads\/2024\/10\/Wholesale-Vape-Vapme-Crystal-20000-Puffs-Disposable.jpg",800,800,false],"thumbnail":["https:\/\/rmvapesale.com\/wp-content\/uploads\/2024\/10\/Wholesale-Vape-Vapme-Crystal-20000-Puffs-Disposable-150x150.jpg",150,150,true],"medium":["https:\/\/rmvapesale.com\/wp-content\/uploads\/2024\/10\/Wholesale-Vape-Vapme-Crystal-20000-Puffs-Disposable-300x300.jpg",300,300,true],"medium_large":["https:\/\/rmvapesale.com\/wp-content\/uploads\/2024\/10\/Wholesale-Vape-Vapme-Crystal-20000-Puffs-Disposable-768x768.jpg",768,768,true],"large":["https:\/\/rmvapesale.com\/wp-content\/uploads\/2024\/10\/Wholesale-Vape-Vapme-Crystal-20000-Puffs-Disposable.jpg",800,800,false],"1536x1536":["https:\/\/rmvapesale.com\/wp-content\/uploads\/2024\/10\/Wholesale-Vape-Vapme-Crystal-20000-Puffs-Disposable.jpg",800,800,false],"2048x2048":["https:\/\/rmvapesale.com\/wp-content\/uploads\/2024\/10\/Wholesale-Vape-Vapme-Crystal-20000-Puffs-Disposable.jpg",800,800,false],"trp-custom-language-flag":["https:\/\/rmvapesale.com\/wp-content\/uploads\/2024\/10\/Wholesale-Vape-Vapme-Crystal-20000-Puffs-Disposable.jpg",12,12,false],"woocommerce_thumbnail":["https:\/\/rmvapesale.com\/wp-content\/uploads\/2024\/10\/Wholesale-Vape-Vapme-Crystal-20000-Puffs-Disposable-300x300.jpg",300,300,true],"woocommerce_single":["https:\/\/rmvapesale.com\/wp-content\/uploads\/2024\/10\/Wholesale-Vape-Vapme-Crystal-20000-Puffs-Disposable-600x600.jpg",600,600,true],"woocommerce_gallery_thumbnail":["https:\/\/rmvapesale.com\/wp-content\/uploads\/2024\/10\/Wholesale-Vape-Vapme-Crystal-20000-Puffs-Disposable-100x100.jpg",100,100,true],"wcpr-photo-reviews":["https:\/\/rmvapesale.com\/wp-content\/uploads\/2024\/10\/Wholesale-Vape-Vapme-Crystal-20000-Puffs-Disposable.jpg",500,500,false]},"uagb_author_info":{"display_name":"AMY","author_link":"https:\/\/rmvapesale.com\/hr\/author\/"},"uagb_comment_info":0,"uagb_excerpt":"Wholesale Vape Vapme Crystal 20000 Puffs Disposable Vapme Crystal 20000 Puffs Dual Flavors Disposable Vape Vapme Crystal 20000 Double Crystal Vape Bar Wholesale WhatsApp: +86 17776015835 &nbsp;","_links":{"self":[{"href":"https:\/\/rmvapesale.com\/hr\/wp-json\/wp\/v2\/product\/2540","targetHints":{"allow":["GET"]}}],"collection":[{"href":"https:\/\/rmvapesale.com\/hr\/wp-json\/wp\/v2\/product"}],"about":[{"href":"https:\/\/rmvapesale.com\/hr\/wp-json\/wp\/v2\/types\/product"}],"replies":[{"embeddable":true,"href":"https:\/\/rmvapesale.com\/hr\/wp-json\/wp\/v2\/comments?post=2540"}],"wp:featuredmedia":[{"embeddable":true,"href":"https:\/\/rmvapesale.com\/hr\/wp-json\/wp\/v2\/media\/2539"}],"wp:attachment":[{"href":"https:\/\/rmvapesale.com\/hr\/wp-json\/wp\/v2\/media?parent=2540"}],"wp:term":[{"taxonomy":"product_brand","embeddable":true,"href":"https:\/\/rmvapesale.com\/hr\/wp-json\/wp\/v2\/product_brand?post=2540"},{"taxonomy":"product_cat","embeddable":true,"href":"https:\/\/rmvapesale.com\/hr\/wp-json\/wp\/v2\/product_cat?post=2540"},{"taxonomy":"product_tag","embeddable":true,"href":"https:\/\/rmvapesale.com\/hr\/wp-json\/wp\/v2\/product_tag?post=2540"}],"curies":[{"name":"wp","href":"https:\/\/api.w.org\/{rel}","templated":true}]}}