{"id":2547,"date":"2024-10-25T02:22:52","date_gmt":"2024-10-25T02:22:52","guid":{"rendered":"https:\/\/rmvapesale.com\/?post_type=product&#038;p=2547"},"modified":"2024-10-25T03:03:28","modified_gmt":"2024-10-25T03:03:28","slug":"rechargeable-vape-vapme-spacex-22000-puff-wholesale","status":"publish","type":"product","link":"https:\/\/rmvapesale.com\/hr\/product\/rechargeable-vape-vapme-spacex-22000-puff-wholesale\/","title":{"rendered":"Punjava\u0107i vaporizator Vapme Spacex 22000 Udisaja na veliko"},"content":{"rendered":"<div class=\"B2VR9 CJHX3e\">\n<div class=\"wyccme\">\n<h1 class=\"LC20lb MBeuO DKV0Md\">Punjavaju\u0107i Vapeovi Vapme Spacex 22000 Udisaja na veliko<\/h1>\n<div class=\"flex-shrink-0 flex flex-col relative items-end\">\n<div class=\"pt-0\">\n<div class=\"gizmo-bot-avatar flex h-8 w-8 items-center justify-center overflow-hidden rounded-full\">\n<div class=\"relative p-1 rounded-sm flex items-center justify-center bg-token-main-surface-primary text-token-text-primary h-8 w-8\">\n<p>Punjavaju\u0107i Vape <strong>Vapme Spacex 22000 Udisaja<\/strong> je vrhunski<strong> pametni\u00a0jednokratni vape<\/strong> dizajniran za korisnike koji tra\u017ee du\u017ee sesije vapinga i prakti\u010dnost. S impresivnim <strong>30mL kapacitetom teku\u0107ine za vaping<\/strong> i mogu\u0107no\u0161\u0107u isporuke vi\u0161e od <strong>22.000 udisaja<\/strong>, ovaj ure\u0111aj je napravljen za dugotrajnost i zadovoljstvo. Njegov <strong>850 mAh<\/strong>, punjiv putem <strong>Type-C priklju\u010dkom<\/strong>, osigurava da mo\u017eete u\u017eivati u omiljenim okusima bez prekida, \u0161to ga \u010dini savr\u0161enim za povremene vaperi i te\u0161ke korisnike. Opremljen s <strong>0.8-ohm mre\u017eastom zavojnicom<\/strong>, ovo <strong>punjiva vape<\/strong>\u00a0koja pru\u017ea optimalnu proizvodnju pare, osiguravaju\u0107i da je svaki udisaj bogat okusom i glatko udisanje.<\/p>\n<p>Ovaj <strong>LED zaslon<\/strong> jo\u0161 jedna istaknuta zna\u010dajka, omogu\u0107ava korisnicima jednostavno pra\u0107enje trajanja baterije i razine teku\u0107ine za vaping na prvi pogled, uz vrhunsku tehnologiju koja ga isti\u010de u odnosu na ostale <strong>jednokratni vejp sa zaslonom<\/strong>. Ovaj <strong>jednokratni vape s niskim sadr\u017eajem nikotina <\/strong>\u00a0dolazi s 2% snagom nikotina za korisnike koji tra\u017ee blagi udarac, i\u00a0<strong>5% nikotina <\/strong>opcija je namijenjena vaperima koji \u017eele sna\u017enije iskustvo.<\/p>\n<p>Ovaj <strong>Vapme 22000<\/strong> je idealno za <strong>veleprodajne vape proizvode<\/strong>, \u0161to ga \u010dini savr\u0161enim izborom za trgovce koji \u017eele zalihe proizvoda s velikom potra\u017enjom. Njegov veliki kapacitet, punjiva baterija i raznovrsnost okusa \u010dine ga <strong>popularnim ure\u0111ajem za vaping<\/strong> u <strong>jednokratni vejp<\/strong> tr\u017ei\u0161tu, pru\u017eaju\u0107i i kvalitetu i prakti\u010dnost u jednom elegantnom pakiranju.<\/p>\n<\/div>\n<\/div>\n<\/div>\n<\/div>\n<\/div>\n<\/div>\n<p><strong>Kontaktirajte Amy da dobijete pravi odgovor i kupon za vape!<\/strong><\/p>\n<p><img loading=\"lazy\" decoding=\"async\" class=\"size-full wp-image-1978\" src=\"https:\/\/rmvapesale.com\/wp-content\/uploads\/2024\/09\/Disposable-Vape-Wholesale.jpg\" alt=\"Veleprodaja jednokratnih vejpova\" width=\"229\" height=\"300\" \/><\/p>\n<h3><a href=\"https:\/\/wa.me\/8617776015835\" target=\"_blank\" rel=\"noopener\"><span style=\"color: #ff0000\"><strong>WhatsApp: +86 17776015835<\/strong><\/span><\/a><\/h3>\n<p>&nbsp;<\/p>\n<h2><\/h2>\n<h2><strong>Vapme 22000 <\/strong><strong>Punjivi Vape<\/strong><strong>\u00a0<\/strong><strong>Klju\u010dne zna\u010dajke<\/strong><\/h2>\n<p>Brend: Vapme Vape<br \/>\nBaterija: 850mah, USB-C priklju\u010dak<br \/>\nKapacitet: 30mL teku\u0107ine za vaping<br \/>\nGrija\u010d: 0.8 ohm mre\u017easti grija\u010d<br \/>\nUdisaja: 22000+ udisaja<br \/>\nNikotin: 2%\/5%<br \/>\nLED zaslon za prikaz baterije i teku\u0107ine<\/p>\n<h2><strong>Vrhunski okus za <\/strong><strong>Punjivi Vape <\/strong><strong>Vapme 22000 <\/strong><strong>Udisaji\u00a0<\/strong><\/h2>\n<p>Ovo <strong>kutijsko vape<\/strong> ure\u0111aj nudi <strong>12 uzbudljivih okusa<\/strong>, od kiselkastog naleta <strong>Blue Razz Lemonade<\/strong> do osvje\u017eavaju\u0107e hladno\u0107e od <strong>Ledena Lubenica<\/strong> i tropska mje\u0161avina od <strong>Mango breskva ananas<\/strong>. Bilo da preferirate slatke, vo\u0107ne ili ledene okuse, Vapme Spacex ima ne\u0161to za svaki nepcu.<\/p>\n<p>1. Plava razbija\u010d limunada<span style=\"color: #ff0000\"><strong>&gt;&gt;&gt;&gt; Vru\u0107e!<\/strong><\/span><br \/>\n2.Led od breskve<br \/>\n3. Lubenica s ledom <span style=\"color: #ff0000\"><strong>&gt;&gt;&gt;&gt; Vru\u0107e!<\/strong><\/span><br \/>\n4. Borovnica malina<br \/>\n5. Tre\u0161nja s ledom<br \/>\n6. Led od jagode<br \/>\n7. Jagoda lubenica<br \/>\n8. Mango breskva ananas <span style=\"color: #ff0000\"><strong>&gt;&gt;&gt;&gt; Najbolje!<\/strong><\/span><br \/>\n9.Jagoda i kivi<br \/>\n10. Kivi pasion fruit guava<br \/>\n11. Energetski napitak<br \/>\n12.Ljubav 66<\/p>\n<figure id=\"attachment_2542\" aria-describedby=\"caption-attachment-2542\" style=\"width: 800px\" class=\"wp-caption alignnone\"><img loading=\"lazy\" decoding=\"async\" class=\"wp-image-2542 size-full\" src=\"https:\/\/rmvapesale.com\/wp-content\/uploads\/2024\/10\/Disposable-Vape-Vapme-22000-Puffs-Price.jpg\" alt=\"Jednokratni Vape Vapme 22000 Udisaja Cijena\" width=\"800\" height=\"800\" srcset=\"https:\/\/rmvapesale.com\/wp-content\/uploads\/2024\/10\/Disposable-Vape-Vapme-22000-Puffs-Price.jpg 800w, https:\/\/rmvapesale.com\/wp-content\/uploads\/2024\/10\/Disposable-Vape-Vapme-22000-Puffs-Price-300x300.jpg 300w, https:\/\/rmvapesale.com\/wp-content\/uploads\/2024\/10\/Disposable-Vape-Vapme-22000-Puffs-Price-150x150.jpg 150w, https:\/\/rmvapesale.com\/wp-content\/uploads\/2024\/10\/Disposable-Vape-Vapme-22000-Puffs-Price-768x768.jpg 768w, https:\/\/rmvapesale.com\/wp-content\/uploads\/2024\/10\/Disposable-Vape-Vapme-22000-Puffs-Price-600x600.jpg 600w, https:\/\/rmvapesale.com\/wp-content\/uploads\/2024\/10\/Disposable-Vape-Vapme-22000-Puffs-Price-100x100.jpg 100w\" sizes=\"auto, (max-width: 800px) 100vw, 800px\" \/><figcaption id=\"caption-attachment-2542\" class=\"wp-caption-text\">Jednokratni Vape Vapme 22000 Udisaja Cijena<\/figcaption><\/figure>\n<p>&nbsp;<\/p>\n<h3><strong>Za\u0161to odabrati Rmvapesale za Vapme 22000 Udisaja<\/strong><strong>?<\/strong><\/h3>\n<div class=\"flex-shrink-0 flex flex-col relative items-end\">\n<div class=\"pt-0\">\n<div class=\"gizmo-bot-avatar flex h-8 w-8 items-center justify-center overflow-hidden rounded-full\">\n<div class=\"relative p-1 rounded-sm flex items-center justify-center bg-token-main-surface-primary text-token-text-primary h-8 w-8\">\n<p>&nbsp;<\/p>\n<p>Kada odaberete Rmvapesale za svoje veleprodajne potrebe za jednokratnim vapeovima, imat \u0107ete koristi od:<\/p>\n<ul>\n<li><strong>Konkurentna cijena<\/strong>: Ostvarite pristup atraktivnim veleprodajnim cijenama koje pove\u0107avaju va\u0161e poslovne mar\u017ee.<\/li>\n<li><strong>Visoka kvaliteta<\/strong>: Na\u0161i vapeovi izra\u0111eni su prema najvi\u0161im standardima i <span style=\"color: #ff0000\"><strong>zajam\u010deno 100% originalni i autenti\u010dni, ili \u0107e se osigurati 10 puta ve\u0107a naknada za la\u017enu robu!<\/strong><\/span><\/li>\n<li><strong>Izvrsna korisni\u010dka podr\u0161ka<\/strong>Na\u0161 posve\u0107eni tim uvijek je spreman pomo\u0107i vam, \u010dine\u0107i va\u0161 postupak kupnje jednostavnim i bezbri\u017enim.<\/li>\n<li><strong>Brzo<\/strong>O\u010dekujte brzu i pouzdanu dostavu, osiguravaju\u0107i da va\u0161e narud\u017ebe stignu na vrijeme, svaki put.<\/li>\n<\/ul>\n<\/div>\n<h3><\/h3>\n<div class=\"relative p-1 rounded-sm flex items-center justify-center bg-token-main-surface-primary text-token-text-primary h-8 w-8\">\n<h3><b>Punjivi Vape Vapme 22000 \u010cesta pitanja<\/b><\/h3>\n<ul>\n<li><strong>Kako napuniti Vapme Spacex 22000 punjivi jednokratni vape<\/strong><br \/>\nVapme Spacex 22000 dolazi s 850mAh punjivom baterijom koja se mo\u017ee napuniti putem Type-C priklju\u010dka za punjenje. Jednostavno spojite Type-C kabel na izvor napajanja za punjenje ure\u0111aja.<\/li>\n<li><strong>Koliko nikotina ima u Vapme Spacex 22000 Udisaja<\/strong><br \/>\nVapme Spacex 22000 Udisaja dostupan je u dvije opcije ja\u010dine nikotina: 2% (20mg) za bla\u017ei dojam i 5% (50mg) za korisnike koji tra\u017ee sna\u017enije iskustvo.<\/li>\n<li><strong>Koliko dugo trebam puniti svoj Vapme Spacex 22000 Vape Box?<\/strong><br \/>\nTo\u010dno vrijeme punjenja ovisi o izvoru napajanja, ali mogu\u0107nost brzog punjenja putem Type-C omogu\u0107ava relativno brzo punjenje. Pratite LED zaslon za provjeru kada je baterija potpuno napunjena, jer \u0107e zaslon prikazati informacije o stanju baterije.<\/li>\n<li><strong>Gdje mogu kupiti jednokratne vape Vapme Spacex 22000?<\/strong><br \/>\nJednokratni vape Vapme Spacex 22000 mo\u017ee se kupiti kod trgovaca, vape du\u0107ana ili online platformi koje se specijaliziraju za prodaju vaping proizvoda. Tako\u0111er je dostupan na veliko, \u0161to ga \u010dini popularnom opcijom za tvrtke koje \u017eele skladi\u0161titi jednokratne vape ure\u0111aje.<\/li>\n<li><strong>Koji su najbolji jednokratni vape ure\u0111aji 2024. godine?<\/strong><br \/>\nNeki od najboljih jednokratnih vape ure\u0111aja 2024. godine uklju\u010duju:<\/p>\n<ul>\n<li><strong>Vapme Spacex 22000 Udisaja<\/strong>: Poznat po velikom kapacitetu, LED zaslonu i punjivoj bateriji.<\/li>\n<li><strong>Vapme Crystal 20000 Puffs<\/strong>: Popularan zbog funkcije Dvostruki okus i prikladnog punjenja.<\/li>\n<li><strong>Aivono Fatpro 22000 Udisaja<\/strong>: Nudi dugotrajno iskustvo vapinga s mesh zavojnicom i prilagodljivim protokom zraka.<\/li>\n<li><strong>Fumot RandM Tornado 30000 Udisaja<\/strong>: Sadr\u017ei sinkronizaciju s glazbom i RGB svjetla, idealno za interaktivno vaping iskustvo.<\/li>\n<\/ul>\n<\/li>\n<\/ul>\n<\/div>\n<\/div>\n<\/div>\n<\/div>\n<h3>O isporuci<\/h3>\n<div class=\"flex-shrink-0 flex flex-col relative items-end\">\n<div>\n<div class=\"pt-0\">\n<div class=\"gizmo-bot-avatar flex h-8 w-8 items-center justify-center overflow-hidden rounded-full\">\n<div><\/div>\n<div class=\"relative p-1 rounded-sm flex items-center justify-center bg-token-main-surface-primary text-token-text-primary h-8 w-8\"><strong>1. Koje metode dostave se koriste?<\/strong><\/div>\n<\/div>\n<\/div>\n<\/div>\n<\/div>\n<div class=\"group\/conversation-turn relative flex w-full min-w-0 flex-col agent-turn\">\n<div class=\"flex-col gap-1 md:gap-3\">\n<div class=\"flex max-w-full flex-col flex-grow\">\n<div class=\"min-h-[20px] text-message flex w-full flex-col items-end gap-2 whitespace-normal break-words [.text-message+&amp;]:mt-5 overflow-x-auto\" dir=\"auto\" data-message-author-role=\"assistant\" data-message-id=\"22f8283b-3233-46ff-89a5-c7a41b33abda\">\n<div class=\"flex w-full flex-col gap-1 empty:hidden first:pt-[3px]\">\n<div class=\"markdown prose w-full break-words dark:prose-invert light\">\n<p>Sura\u0111ujemo s UPS-om, DHL-om, FedEx-om, DPD-om i drugim vode\u0107im prijevoznicima. Odabrat \u0107emo najbolju metodu dostave na temelju va\u0161e lokacije kako bismo osigurali da svoje proizvode primite \u0161to je prije mogu\u0107e.<\/p>\n<\/div>\n<p><strong>2. Koliko dugo traje dostava?<\/strong><\/p>\n<p>Paketi poslani u Hrvatsku obi\u010dno sti\u017eu unutar 10 radnih dana. Dostava u europske zemlje op\u0107enito traje oko 12-15 radnih dana. Pru\u017eit \u0107emo vam a\u017euriranja o statusu va\u0161e po\u0161iljke u stvarnom vremenu.<\/p>\n<\/div>\n<\/div>\n<\/div>\n<\/div>\n<\/div>\n<p>&nbsp;<\/p>\n<p>Ostali popularni vape ure\u0111aji koji bi vam se mogli svidjeti:<\/p>\n<p><a href=\"https:\/\/rmvapesale.com\/hr\/product\/fumot-randm-tornado-30000-puffs-30k-music-disposable-vape\/\"><strong>RandM Tornado 30000 Puffs\u00a0 \u00a0<span style=\"color: #ff0000\">&gt;&gt;&gt;&gt; kreni!<\/span><\/strong><\/a><\/p>\n<p><strong><a href=\"https:\/\/rmvapesale.com\/hr\/product\/vapme-crystal-20000-puffs-20k-double-flavor-rechargeable-vapes\/\">Vapme Crystal 20000 Puffs <span style=\"color: #ff0000\">&gt;&gt;&gt;&gt; kreni!<\/span><\/a>\u00a0<\/strong><\/p>\n<p><a href=\"https:\/\/rmvapesale.com\/hr\/product\/original-randm-vape-digital-puff-12000-fumot-factory-price\/\"><strong>Fumot Vape 12000 Puffs <span style=\"color: #ff0000\">&gt;&gt;&gt;&gt; kreni!<\/span><\/strong><\/a><\/p>\n<p>&nbsp;<\/p>\n<p>&nbsp;<\/p>\n<p>Prona\u0111ite vi\u0161e Vape proizvoda koji bi vam se mogli svidjeti:<strong><em><a href=\"https:\/\/rmvapesale.com\/hr\/shop-2\/\">kupite sada &gt;&gt;&gt;<\/a><\/em><\/strong><\/p>","protected":false},"excerpt":{"rendered":"<p>Na veliko Punjavaju\u0107i Vapeovi Vapme Spacex 22000 Udisaja<br \/>\nVapme 22000 Udisaja Jednokratni Vape Kutija svih Okusa<br \/>\nVapme Spacex 22000 Udisaja Jednokratni Vape s Ekranom<\/p>\n<p><img loading=\"lazy\" decoding=\"async\" class=\"size-full wp-image-2375\" src=\"https:\/\/rmvapesale.com\/wp-content\/uploads\/2024\/10\/image.png\" alt=\"Najbolji jednokratni vejp\" width=\"229\" height=\"300\" \/><\/p>\n<h3><a href=\"https:\/\/wa.me\/8617776015835\"><span style=\"color: #ff0000\"><strong>WhatsApp: +86 17776015835<\/strong><\/span><\/a><\/h3>\n<p>&nbsp;<\/p>","protected":false},"featured_media":2541,"comment_status":"open","ping_status":"closed","template":"","meta":{"_uag_custom_page_level_css":"","_lmt_disableupdate":"no","_lmt_disable":"","site-sidebar-layout":"default","site-content-layout":"content-boxed-container","ast-site-content-layout":"normal-width-container","site-content-style":"boxed","site-sidebar-style":"unboxed","ast-global-header-display":"","ast-banner-title-visibility":"","ast-main-header-display":"","ast-hfb-above-header-display":"","ast-hfb-below-header-display":"","ast-hfb-mobile-header-display":"","site-post-title":"","ast-breadcrumbs-content":"","ast-featured-img":"","footer-sml-layout":"","theme-transparent-header-meta":"default","adv-header-id-meta":"","stick-header-meta":"","header-above-stick-meta":"","header-main-stick-meta":"","header-below-stick-meta":"","astra-migrate-meta-layouts":"set","ast-page-background-enabled":"default","ast-page-background-meta":{"desktop":{"background-color":"var(--ast-global-color-4)","background-image":"","background-repeat":"repeat","background-position":"center center","background-size":"auto","background-attachment":"scroll","background-type":"","background-media":"","overlay-type":"","overlay-color":"","overlay-opacity":"","overlay-gradient":""},"tablet":{"background-color":"","background-image":"","background-repeat":"repeat","background-position":"center center","background-size":"auto","background-attachment":"scroll","background-type":"","background-media":"","overlay-type":"","overlay-color":"","overlay-opacity":"","overlay-gradient":""},"mobile":{"background-color":"","background-image":"","background-repeat":"repeat","background-position":"center center","background-size":"auto","background-attachment":"scroll","background-type":"","background-media":"","overlay-type":"","overlay-color":"","overlay-opacity":"","overlay-gradient":""}},"ast-content-background-meta":{"desktop":{"background-color":"var(--ast-global-color-5)","background-image":"","background-repeat":"repeat","background-position":"center center","background-size":"auto","background-attachment":"scroll","background-type":"","background-media":"","overlay-type":"","overlay-color":"","overlay-opacity":"","overlay-gradient":""},"tablet":{"background-color":"var(--ast-global-color-5)","background-image":"","background-repeat":"repeat","background-position":"center center","background-size":"auto","background-attachment":"scroll","background-type":"","background-media":"","overlay-type":"","overlay-color":"","overlay-opacity":"","overlay-gradient":""},"mobile":{"background-color":"var(--ast-global-color-5)","background-image":"","background-repeat":"repeat","background-position":"center center","background-size":"auto","background-attachment":"scroll","background-type":"","background-media":"","overlay-type":"","overlay-color":"","overlay-opacity":"","overlay-gradient":""}},"_joinchat":[]},"product_brand":[],"product_cat":[15,25,123,26,28,135,27,137,136,30],"product_tag":[146,188,155,167,165,120],"class_list":{"0":"post-2547","1":"product","2":"type-product","3":"status-publish","4":"has-post-thumbnail","6":"product_cat-new-vape-this-week","7":"product_cat-germany-best-selling-vape","8":"product_cat-italy-wholesale-vape","9":"product_cat-netherlands-hot-sale-vape","10":"product_cat-poland-hot-sale-vape","11":"product_cat-spain-best-hot-sale-vape","12":"product_cat-fance-hot-sale-vape","13":"product_cat-rechargeable-vapes","14":"product_cat-smart-screen-vapes","15":"product_cat-minimum-order-quantity-50pcs","16":"product_tag-best-hot-sale-vape","17":"product_tag-buy-vapes-online","18":"product_tag-digital-display-box","19":"product_tag-disposable-vape-with-screen","20":"product_tag-rechargeable-vapes","21":"product_tag-vape-wholesale","22":"desktop-align-left","23":"tablet-align-left","24":"mobile-align-left","26":"first","27":"instock","28":"sale","29":"shipping-taxable","30":"purchasable","31":"product-type-simple"},"uagb_featured_image_src":{"full":["https:\/\/rmvapesale.com\/wp-content\/uploads\/2024\/10\/Disposable-Vape-Pen-Vapme-Spacex-22000.jpg",800,800,false],"thumbnail":["https:\/\/rmvapesale.com\/wp-content\/uploads\/2024\/10\/Disposable-Vape-Pen-Vapme-Spacex-22000-150x150.jpg",150,150,true],"medium":["https:\/\/rmvapesale.com\/wp-content\/uploads\/2024\/10\/Disposable-Vape-Pen-Vapme-Spacex-22000-300x300.jpg",300,300,true],"medium_large":["https:\/\/rmvapesale.com\/wp-content\/uploads\/2024\/10\/Disposable-Vape-Pen-Vapme-Spacex-22000-768x768.jpg",768,768,true],"large":["https:\/\/rmvapesale.com\/wp-content\/uploads\/2024\/10\/Disposable-Vape-Pen-Vapme-Spacex-22000.jpg",800,800,false],"1536x1536":["https:\/\/rmvapesale.com\/wp-content\/uploads\/2024\/10\/Disposable-Vape-Pen-Vapme-Spacex-22000.jpg",800,800,false],"2048x2048":["https:\/\/rmvapesale.com\/wp-content\/uploads\/2024\/10\/Disposable-Vape-Pen-Vapme-Spacex-22000.jpg",800,800,false],"trp-custom-language-flag":["https:\/\/rmvapesale.com\/wp-content\/uploads\/2024\/10\/Disposable-Vape-Pen-Vapme-Spacex-22000.jpg",12,12,false],"woocommerce_thumbnail":["https:\/\/rmvapesale.com\/wp-content\/uploads\/2024\/10\/Disposable-Vape-Pen-Vapme-Spacex-22000-300x300.jpg",300,300,true],"woocommerce_single":["https:\/\/rmvapesale.com\/wp-content\/uploads\/2024\/10\/Disposable-Vape-Pen-Vapme-Spacex-22000-600x600.jpg",600,600,true],"woocommerce_gallery_thumbnail":["https:\/\/rmvapesale.com\/wp-content\/uploads\/2024\/10\/Disposable-Vape-Pen-Vapme-Spacex-22000-100x100.jpg",100,100,true],"wcpr-photo-reviews":["https:\/\/rmvapesale.com\/wp-content\/uploads\/2024\/10\/Disposable-Vape-Pen-Vapme-Spacex-22000.jpg",500,500,false]},"uagb_author_info":{"display_name":"AMY","author_link":"https:\/\/rmvapesale.com\/hr\/author\/"},"uagb_comment_info":0,"uagb_excerpt":"Wholesale\u00a0Rechargeable Vapes Vapme Spacex 22000 Puff Vapme 22000 Puffs Disposable Vape Box all Flavor Vapme Spacex 22000 Puff Disposable Vape with Screen WhatsApp: +86 17776015835 &nbsp;","_links":{"self":[{"href":"https:\/\/rmvapesale.com\/hr\/wp-json\/wp\/v2\/product\/2547","targetHints":{"allow":["GET"]}}],"collection":[{"href":"https:\/\/rmvapesale.com\/hr\/wp-json\/wp\/v2\/product"}],"about":[{"href":"https:\/\/rmvapesale.com\/hr\/wp-json\/wp\/v2\/types\/product"}],"replies":[{"embeddable":true,"href":"https:\/\/rmvapesale.com\/hr\/wp-json\/wp\/v2\/comments?post=2547"}],"wp:featuredmedia":[{"embeddable":true,"href":"https:\/\/rmvapesale.com\/hr\/wp-json\/wp\/v2\/media\/2541"}],"wp:attachment":[{"href":"https:\/\/rmvapesale.com\/hr\/wp-json\/wp\/v2\/media?parent=2547"}],"wp:term":[{"taxonomy":"product_brand","embeddable":true,"href":"https:\/\/rmvapesale.com\/hr\/wp-json\/wp\/v2\/product_brand?post=2547"},{"taxonomy":"product_cat","embeddable":true,"href":"https:\/\/rmvapesale.com\/hr\/wp-json\/wp\/v2\/product_cat?post=2547"},{"taxonomy":"product_tag","embeddable":true,"href":"https:\/\/rmvapesale.com\/hr\/wp-json\/wp\/v2\/product_tag?post=2547"}],"curies":[{"name":"wp","href":"https:\/\/api.w.org\/{rel}","templated":true}]}}