{"id":2554,"date":"2024-10-25T06:27:27","date_gmt":"2024-10-25T06:27:27","guid":{"rendered":"https:\/\/rmvapesale.com\/?post_type=product&#038;p=2554"},"modified":"2024-10-25T07:32:34","modified_gmt":"2024-10-25T07:32:34","slug":"aivono-aim-lost-mary-6500-puff-disposable-vape-box-wholesale","status":"publish","type":"product","link":"https:\/\/rmvapesale.com\/hr\/product\/aivono-aim-lost-mary-6500-puff-disposable-vape-box-wholesale\/","title":{"rendered":"AIVONO AIM Lost Mary 6500 Puff Jednokratna Vape Kutija Veleprodaja"},"content":{"rendered":"<div class=\"B2VR9 CJHX3e\">\n<div class=\"wyccme\">\n<h1 class=\"LC20lb MBeuO DKV0Md\">AIVONO AIM Lost Mary 6500 Puff Jednokratna Vape Kutija Veleprodaja<\/h1>\n<div class=\"flex-shrink-0 flex flex-col relative items-end\">\n<div class=\"pt-0\">\n<div class=\"gizmo-bot-avatar flex h-8 w-8 items-center justify-center overflow-hidden rounded-full\">\n<div class=\"relative p-1 rounded-sm flex items-center justify-center bg-token-main-surface-primary text-token-text-primary h-8 w-8\">\n<p>AIVONO AIM Lost Mary 6500 Puff <strong>Jednokratna Vape Kutija<\/strong> je vrhunski izbor u <strong>kategoriji vapea s 6500 puffova,<\/strong> dizajniran da pru\u017ei dugotrajno iskustvo bogato okusom. S velikim kapacitetom e-teku\u0107ine od 13 ml, ovaj kompaktni i prijenosni <strong>kutijsko vape<\/strong> je savr\u0161en za vapere koji tra\u017ee opciju s puno puffova i malo odr\u017eavanja. Pokre\u0107e ga punjiva baterija od 650 mAh i koristi Type-C su\u010delje za punjenje, Lost Mary 6500 osigurava dosljedne performanse s brzim i jednostavnim punjenjem, \u0161to ga \u010dini idealnom opcijom za one koji istra\u017euju <strong>punjivi vapes<\/strong>.<\/p>\n<p>Isporu\u010duju\u0107i do 6500 puffova, ovaj <strong>jednokratni vejp<\/strong> sadr\u017ei naprednu MESH coil tehnologiju koja nudi gladak, bogat okus sa svakim udisajem. Njegov podesivi sustav protoka zraka omogu\u0107uje korisnicima da prilagode svoje iskustvo vapinga, od \u010dvr\u0161\u0107ih do labavijih povla\u010denja. Dostupan u 10 jedinstvenih okusa, ovaj ure\u0111aj zadovoljava razli\u010dite preferencije, \u0161to ga \u010dini vrhunskim izborom za <strong>trgovinu vape opremom<\/strong> vlasnike i one koji \u017eele <strong>kupite vejpove online<\/strong>.<\/p>\n<p>Bilo da ste <strong>vape baru<\/strong> vlasnik koji tra\u017ei <strong>veleprodajne vape proizvode<\/strong> za svoje poslovanje ili pojedinac u potrazi za prakti\u010dnom, dugotrajnom opcijom, <strong>AIVONO<\/strong> AIM 6500 Puff je dizajniran za zadovoljstvo. Sa svojom kvalitetnom izradom i zna\u010dajkama usmjerenim na korisnika, spreman je biti jedan od <strong>najboljih jednokratnih vejpova 2024. godine<\/strong>.<\/p>\n<\/div>\n<\/div>\n<\/div>\n<\/div>\n<\/div>\n<\/div>\n<p><strong>Kontaktirajte Amy da dobijete pravi odgovor i kupon za vape!<\/strong><\/p>\n<p><img loading=\"lazy\" decoding=\"async\" class=\"size-full wp-image-1978\" src=\"https:\/\/rmvapesale.com\/wp-content\/uploads\/2024\/09\/Disposable-Vape-Wholesale.jpg\" alt=\"Veleprodaja jednokratnih vejpova\" width=\"229\" height=\"300\" \/><\/p>\n<h3><a href=\"https:\/\/wa.me\/8617776015835\" target=\"_blank\" rel=\"noopener\"><span style=\"color: #ff0000\"><strong>WhatsApp: +86 17776015835<\/strong><\/span><\/a><\/h3>\n<p>&nbsp;<\/p>\n<h2><\/h2>\n<h2><strong>AIVONO Lost Mary 6500 jednokratni Vape<\/strong><strong>\u00a0<\/strong><strong>Klju\u010dne zna\u010dajke<\/strong><\/h2>\n<p>&nbsp;<\/p>\n<p>Kapacitet spremnika: 13 ml<br \/>\nBaterija: 650 mAh<br \/>\nUdisaja: 6500 udisaja<br \/>\nPunjiva: Type \u2013 c su\u010delje<br \/>\nKapacitet: 13 ml<br \/>\nOkusi: 10 okusa<\/p>\n<h2><strong>Vrhunski okus za <\/strong><strong>Punjivi Vape AIVONO Lost Mary 6500 Udisaja<\/strong><\/h2>\n<p>Ovaj AIVONO Lost Mary 6500 Udisaja\u00a0 <strong>kutijsko vape<\/strong> ure\u0111aj nudi <strong>12 uzbudljivih okusa<\/strong>, od kiselkastog naleta <strong>Blue Razz Lemonade<\/strong> do osvje\u017eavaju\u0107e hladno\u0107e od <strong>Ledena Lubenica<\/strong> i tropska mje\u0161avina od <strong>Mango breskva ananas<\/strong>. Bilo da preferirate slatke, vo\u0107ne ili ledene okuse, Vapme Spacex ima ne\u0161to za svaki nepcu.<\/p>\n<p>1. Aloe current ice<span style=\"color: #ff0000\"><strong>&gt;&gt;&gt;&gt; Vru\u0107e!<\/strong><\/span><br \/>\n2. Tre\u0161nja dinja<br \/>\n3. Sladoled od jagode<br \/>\n4. Jagoda kivi led<br \/>\n5. Ananas kokos led<br \/>\n6. Limun menta<br \/>\n7. Bijela breskva grejpfrut dinja<br \/>\n8. Lubenica \u017evaka\u0107a guma led<span style=\"color: #ff0000\"><strong>&gt;&gt;&gt;&gt; Najbolje!<\/strong><\/span><br \/>\n9. Led od jagode<span style=\"color: #ff0000\"><strong>&gt;&gt;&gt;&gt; Vru\u0107e!<\/strong><\/span><\/p>\n<figure id=\"attachment_2549\" aria-describedby=\"caption-attachment-2549\" style=\"width: 600px\" class=\"wp-caption alignnone\"><img loading=\"lazy\" decoding=\"async\" class=\"wp-image-2549 size-full\" src=\"https:\/\/rmvapesale.com\/wp-content\/uploads\/2024\/10\/AIM-PUFFSTAR-6500-Puffs-Disposable-Vape-Flavor.jpg\" alt=\"AIM PUFFSTAR 6500 Udisaja Vape za jednokratnu upotrebu Okus\" width=\"600\" height=\"600\" srcset=\"https:\/\/rmvapesale.com\/wp-content\/uploads\/2024\/10\/AIM-PUFFSTAR-6500-Puffs-Disposable-Vape-Flavor.jpg 600w, https:\/\/rmvapesale.com\/wp-content\/uploads\/2024\/10\/AIM-PUFFSTAR-6500-Puffs-Disposable-Vape-Flavor-300x300.jpg 300w, https:\/\/rmvapesale.com\/wp-content\/uploads\/2024\/10\/AIM-PUFFSTAR-6500-Puffs-Disposable-Vape-Flavor-150x150.jpg 150w, https:\/\/rmvapesale.com\/wp-content\/uploads\/2024\/10\/AIM-PUFFSTAR-6500-Puffs-Disposable-Vape-Flavor-100x100.jpg 100w\" sizes=\"auto, (max-width: 600px) 100vw, 600px\" \/><figcaption id=\"caption-attachment-2549\" class=\"wp-caption-text\">AIM PUFFSTAR 6500 Udisaja Vape za jednokratnu upotrebu Okus<\/figcaption><\/figure>\n<p>&nbsp;<\/p>\n<h3><strong>Za\u0161to odabrati Rmvapesale za AIVONO Lost Mary 6500 Vape za jednokratnu upotrebu<\/strong><strong>?<\/strong><\/h3>\n<div class=\"flex-shrink-0 flex flex-col relative items-end\">\n<div class=\"pt-0\">\n<div class=\"gizmo-bot-avatar flex h-8 w-8 items-center justify-center overflow-hidden rounded-full\">\n<div class=\"relative p-1 rounded-sm flex items-center justify-center bg-token-main-surface-primary text-token-text-primary h-8 w-8\">\n<p>&nbsp;<\/p>\n<p>Kada odaberete Rmvapesale za svoje veleprodajne potrebe za jednokratnim vapeovima, imat \u0107ete koristi od:<\/p>\n<ul>\n<li><strong>Konkurentna cijena<\/strong>: Ostvarite pristup atraktivnim veleprodajnim cijenama koje pove\u0107avaju va\u0161e poslovne mar\u017ee.<\/li>\n<li><strong>Visoka kvaliteta<\/strong>: Na\u0161i vapeovi izra\u0111eni su prema najvi\u0161im standardima i <span style=\"color: #ff0000\"><strong>zajam\u010deno 100% originalni i autenti\u010dni, ili \u0107e se osigurati 10 puta ve\u0107a naknada za la\u017enu robu!<\/strong><\/span><\/li>\n<li><strong>Izvrsna korisni\u010dka podr\u0161ka<\/strong>Na\u0161 posve\u0107eni tim uvijek je spreman pomo\u0107i vam, \u010dine\u0107i va\u0161 postupak kupnje jednostavnim i bezbri\u017enim.<\/li>\n<li><strong>Brzo<\/strong>O\u010dekujte brzu i pouzdanu dostavu, osiguravaju\u0107i da va\u0161e narud\u017ebe stignu na vrijeme, svaki put.<\/li>\n<\/ul>\n<\/div>\n<h3><\/h3>\n<div class=\"relative p-1 rounded-sm flex items-center justify-center bg-token-main-surface-primary text-token-text-primary h-8 w-8\">\n<h3><b>Punjivi Vape AIVONO Lost Mary 6500 Udisaja \u010cesto postavljana pitanja<\/b><\/h3>\n<ul>\n<li><strong>Kako napuniti AIVONO 6500 ponovno punjivu jednokratnu elektroni\u010dku cigaretu<\/strong><br \/>\nAIVONO Lost Mary 6500 Puff je punjiv putem Type-C priklju\u010dka za punjenje. Za punjenje spojite Type-C kabel na izvor napajanja, a baterija od 650mAh \u0107e se brzo napuniti, omogu\u0107uju\u0107i du\u017ee sesije pu\u0161enja.<\/li>\n<li><strong>Koliko nikotina ima u AIVONO Lost Mary 6500 Udisaja<\/strong><br \/>\nJa\u010dina nikotina za AIVONO Lost Mary 6500 Udisaja nije navedena u sadr\u017eaju. Me\u0111utim, jednokratne e-cigarete poput ove \u010desto dolaze u raznim razinama nikotina, kao \u0161to su 2% (20 mg) ili 5% (50 mg), kako bi zadovoljile razli\u010dite preferencije. Mo\u017eete provjeriti kod prodava\u010da ili na pakiranju za to\u010dne informacije.<\/li>\n<li><strong>Koliko dugo trebam puniti svoju jednokratnu e-cigaretu Lost Mary 6500 Vape Box?<\/strong><br \/>\nOdre\u0111eno vrijeme punjenja ovisi o izvoru napajanja, ali mogu\u0107nost brzog punjenja putem Type-C priklju\u010dka trebala bi omogu\u0107iti relativno brzo punjenje. Tijekom punjenja pratite ure\u0111aj, a preporu\u010duje se konzultirati indikatore punjenja kako biste znali kada je ure\u0111aj potpuno napunjen.<\/li>\n<li><strong>Gdje mogu kupiti AIVONO Lost Mary 6500 Jednokratnu e-cigaretu?<\/strong><br \/>\nAIVONO Lost Mary 6500 Jednokratna e-cigareta mo\u017ee se kupiti kod <strong>'vape' trgovine<\/strong>, online platforme na kojima mo\u017eete <strong>kupite vejpove online<\/strong>, or from <strong>veleprodaja vape<\/strong> dobavlja\u010di. Provjerite online prodava\u010de vape ure\u0111aja ili lokalne trgovine za dostupnost.<\/li>\n<li><strong>Koji su najbolji jednokratni vape ure\u0111aji 2024. godine?<\/strong><br \/>\nNeki od najboljih jednokratnih vape ure\u0111aja 2024. godine uklju\u010duju:<\/p>\n<ul>\n<li><strong>AIVONO Lost Mary 6500 Udisaja<\/strong>: Poznat po velikom kapacitetu e-teku\u0107ine, punjivoj bateriji i podesivom protoku zraka.<\/li>\n<li><strong>Vapme Crystal 20000 Puffs<\/strong>: Sadr\u017ei funkcionalnost Dvostrukog Okusa za svestrano iskustvo vapinga.<\/li>\n<li><strong>Fumot RandM Tornado 30000 Udisaja<\/strong>: Isti\u010de se svojim RGB svjetlima sinkroniziranim s glazbom.<\/li>\n<li><strong>Aivono Fatpro 22000 Udisaja<\/strong>: Nudi prilagodljiv protok zraka i naprednu tehnologiju mre\u017eastog grija\u010da.<\/li>\n<\/ul>\n<\/li>\n<\/ul>\n<\/div>\n<\/div>\n<\/div>\n<\/div>\n<h3>O isporuci<\/h3>\n<div class=\"flex-shrink-0 flex flex-col relative items-end\">\n<div>\n<div class=\"pt-0\">\n<div class=\"gizmo-bot-avatar flex h-8 w-8 items-center justify-center overflow-hidden rounded-full\">\n<div><\/div>\n<div class=\"relative p-1 rounded-sm flex items-center justify-center bg-token-main-surface-primary text-token-text-primary h-8 w-8\"><strong>1. Koje metode dostave se koriste?<\/strong><\/div>\n<\/div>\n<\/div>\n<\/div>\n<\/div>\n<div class=\"group\/conversation-turn relative flex w-full min-w-0 flex-col agent-turn\">\n<div class=\"flex-col gap-1 md:gap-3\">\n<div class=\"flex max-w-full flex-col flex-grow\">\n<div class=\"min-h-[20px] text-message flex w-full flex-col items-end gap-2 whitespace-normal break-words [.text-message+&amp;]:mt-5 overflow-x-auto\" dir=\"auto\" data-message-author-role=\"assistant\" data-message-id=\"22f8283b-3233-46ff-89a5-c7a41b33abda\">\n<div class=\"flex w-full flex-col gap-1 empty:hidden first:pt-[3px]\">\n<div class=\"markdown prose w-full break-words dark:prose-invert light\">\n<p>Sura\u0111ujemo s UPS-om, DHL-om, FedEx-om, DPD-om i drugim vode\u0107im prijevoznicima. Odabrat \u0107emo najbolju metodu dostave na temelju va\u0161e lokacije kako bismo osigurali da svoje proizvode primite \u0161to je prije mogu\u0107e.<\/p>\n<\/div>\n<p><strong>2. Koliko dugo traje dostava?<\/strong><\/p>\n<p>Paketi poslani u Hrvatsku obi\u010dno sti\u017eu unutar 10 radnih dana. Dostava u europske zemlje op\u0107enito traje oko 12-15 radnih dana. Pru\u017eit \u0107emo vam a\u017euriranja o statusu va\u0161e po\u0161iljke u stvarnom vremenu.<\/p>\n<\/div>\n<\/div>\n<\/div>\n<\/div>\n<\/div>\n<p>&nbsp;<\/p>\n<p>Ostali popularni vape ure\u0111aji koji bi vam se mogli svidjeti:<\/p>\n<p><a href=\"https:\/\/rmvapesale.com\/hr\/product\/fumot-randm-tornado-30000-puffs-30k-music-disposable-vape\/\"><strong>RandM Tornado 30000 Puffs\u00a0 \u00a0<span style=\"color: #ff0000\">&gt;&gt;&gt;&gt; kreni!<\/span><\/strong><\/a><\/p>\n<p><strong><a href=\"https:\/\/rmvapesale.com\/hr\/product\/vapme-crystal-20000-puffs-20k-double-flavor-rechargeable-vapes\/\">Vapme Crystal 20000 Puffs <span style=\"color: #ff0000\">&gt;&gt;&gt;&gt; kreni!<\/span><\/a>\u00a0<\/strong><\/p>\n<p><a href=\"https:\/\/rmvapesale.com\/hr\/product\/original-randm-vape-digital-puff-12000-fumot-factory-price\/\"><strong>Fumot Vape 12000 Puffs <span style=\"color: #ff0000\">&gt;&gt;&gt;&gt; kreni!<\/span><\/strong><\/a><\/p>\n<p>&nbsp;<\/p>\n<p>&nbsp;<\/p>\n<p>Prona\u0111ite vi\u0161e Vape proizvoda koji bi vam se mogli svidjeti:<strong><em><a href=\"https:\/\/rmvapesale.com\/hr\/shop-2\/\">kupite sada &gt;&gt;&gt;<\/a><\/em><\/strong><\/p>","protected":false},"excerpt":{"rendered":"<p>AIVONO AIM 6500 Puff Box Vape Shop Online<br \/>\nLost Mary 6500 Puff Punjiva Vape Bar<br \/>\nAIVONO AIM Lost Mary 6500 Puff Jednokratna Vape Kutija Veleprodaja<\/p>\n<p><img loading=\"lazy\" decoding=\"async\" class=\"size-full wp-image-2375\" src=\"https:\/\/rmvapesale.com\/wp-content\/uploads\/2024\/10\/image.png\" alt=\"Najbolji jednokratni vejp\" width=\"229\" height=\"300\" \/><\/p>\n<h3><a href=\"https:\/\/wa.me\/8617776015835\"><span style=\"color: #ff0000\"><strong>WhatsApp: +86 17776015835<\/strong><\/span><\/a><\/h3>\n<p>&nbsp;<\/p>","protected":false},"featured_media":2552,"comment_status":"open","ping_status":"closed","template":"","meta":{"_uag_custom_page_level_css":"","_lmt_disableupdate":"no","_lmt_disable":"","site-sidebar-layout":"default","site-content-layout":"content-boxed-container","ast-site-content-layout":"normal-width-container","site-content-style":"boxed","site-sidebar-style":"unboxed","ast-global-header-display":"","ast-banner-title-visibility":"","ast-main-header-display":"","ast-hfb-above-header-display":"","ast-hfb-below-header-display":"","ast-hfb-mobile-header-display":"","site-post-title":"","ast-breadcrumbs-content":"","ast-featured-img":"","footer-sml-layout":"","theme-transparent-header-meta":"default","adv-header-id-meta":"","stick-header-meta":"","header-above-stick-meta":"","header-main-stick-meta":"","header-below-stick-meta":"","astra-migrate-meta-layouts":"set","ast-page-background-enabled":"default","ast-page-background-meta":{"desktop":{"background-color":"var(--ast-global-color-4)","background-image":"","background-repeat":"repeat","background-position":"center center","background-size":"auto","background-attachment":"scroll","background-type":"","background-media":"","overlay-type":"","overlay-color":"","overlay-opacity":"","overlay-gradient":""},"tablet":{"background-color":"","background-image":"","background-repeat":"repeat","background-position":"center center","background-size":"auto","background-attachment":"scroll","background-type":"","background-media":"","overlay-type":"","overlay-color":"","overlay-opacity":"","overlay-gradient":""},"mobile":{"background-color":"","background-image":"","background-repeat":"repeat","background-position":"center center","background-size":"auto","background-attachment":"scroll","background-type":"","background-media":"","overlay-type":"","overlay-color":"","overlay-opacity":"","overlay-gradient":""}},"ast-content-background-meta":{"desktop":{"background-color":"var(--ast-global-color-5)","background-image":"","background-repeat":"repeat","background-position":"center center","background-size":"auto","background-attachment":"scroll","background-type":"","background-media":"","overlay-type":"","overlay-color":"","overlay-opacity":"","overlay-gradient":""},"tablet":{"background-color":"var(--ast-global-color-5)","background-image":"","background-repeat":"repeat","background-position":"center center","background-size":"auto","background-attachment":"scroll","background-type":"","background-media":"","overlay-type":"","overlay-color":"","overlay-opacity":"","overlay-gradient":""},"mobile":{"background-color":"var(--ast-global-color-5)","background-image":"","background-repeat":"repeat","background-position":"center center","background-size":"auto","background-attachment":"scroll","background-type":"","background-media":"","overlay-type":"","overlay-color":"","overlay-opacity":"","overlay-gradient":""}},"_joinchat":[]},"product_brand":[],"product_cat":[15,25,123,26,28,135,27,137,136,30],"product_tag":[146,188,167,189,190,165,120],"class_list":{"0":"post-2554","1":"product","2":"type-product","3":"status-publish","4":"has-post-thumbnail","6":"product_cat-new-vape-this-week","7":"product_cat-germany-best-selling-vape","8":"product_cat-italy-wholesale-vape","9":"product_cat-netherlands-hot-sale-vape","10":"product_cat-poland-hot-sale-vape","11":"product_cat-spain-best-hot-sale-vape","12":"product_cat-fance-hot-sale-vape","13":"product_cat-rechargeable-vapes","14":"product_cat-smart-screen-vapes","15":"product_cat-minimum-order-quantity-50pcs","16":"product_tag-best-hot-sale-vape","17":"product_tag-buy-vapes-online","18":"product_tag-disposable-vape-with-screen","19":"product_tag-lost-mary-vape","20":"product_tag-puff-6500","21":"product_tag-rechargeable-vapes","22":"product_tag-vape-wholesale","23":"desktop-align-left","24":"tablet-align-left","25":"mobile-align-left","27":"first","28":"instock","29":"sale","30":"shipping-taxable","31":"purchasable","32":"product-type-simple"},"uagb_featured_image_src":{"full":["https:\/\/rmvapesale.com\/wp-content\/uploads\/2024\/10\/AIM-PUFFSTAR-6500.jpg",600,600,false],"thumbnail":["https:\/\/rmvapesale.com\/wp-content\/uploads\/2024\/10\/AIM-PUFFSTAR-6500-150x150.jpg",150,150,true],"medium":["https:\/\/rmvapesale.com\/wp-content\/uploads\/2024\/10\/AIM-PUFFSTAR-6500-300x300.jpg",300,300,true],"medium_large":["https:\/\/rmvapesale.com\/wp-content\/uploads\/2024\/10\/AIM-PUFFSTAR-6500.jpg",600,600,false],"large":["https:\/\/rmvapesale.com\/wp-content\/uploads\/2024\/10\/AIM-PUFFSTAR-6500.jpg",600,600,false],"1536x1536":["https:\/\/rmvapesale.com\/wp-content\/uploads\/2024\/10\/AIM-PUFFSTAR-6500.jpg",600,600,false],"2048x2048":["https:\/\/rmvapesale.com\/wp-content\/uploads\/2024\/10\/AIM-PUFFSTAR-6500.jpg",600,600,false],"trp-custom-language-flag":["https:\/\/rmvapesale.com\/wp-content\/uploads\/2024\/10\/AIM-PUFFSTAR-6500.jpg",12,12,false],"woocommerce_thumbnail":["https:\/\/rmvapesale.com\/wp-content\/uploads\/2024\/10\/AIM-PUFFSTAR-6500-300x300.jpg",300,300,true],"woocommerce_single":["https:\/\/rmvapesale.com\/wp-content\/uploads\/2024\/10\/AIM-PUFFSTAR-6500.jpg",600,600,false],"woocommerce_gallery_thumbnail":["https:\/\/rmvapesale.com\/wp-content\/uploads\/2024\/10\/AIM-PUFFSTAR-6500-100x100.jpg",100,100,true],"wcpr-photo-reviews":["https:\/\/rmvapesale.com\/wp-content\/uploads\/2024\/10\/AIM-PUFFSTAR-6500.jpg",500,500,false]},"uagb_author_info":{"display_name":"AMY","author_link":"https:\/\/rmvapesale.com\/hr\/author\/"},"uagb_comment_info":0,"uagb_excerpt":"AIVONO AIM 6500 Puff Box Vape Shop Online Lost Mary 6500 Puff Rechargable Vape Bar AIVONO Lost Mary 6500 Puff Disposable Vape Box Wholesale WhatsApp: +86 17776015835 &nbsp;","_links":{"self":[{"href":"https:\/\/rmvapesale.com\/hr\/wp-json\/wp\/v2\/product\/2554","targetHints":{"allow":["GET"]}}],"collection":[{"href":"https:\/\/rmvapesale.com\/hr\/wp-json\/wp\/v2\/product"}],"about":[{"href":"https:\/\/rmvapesale.com\/hr\/wp-json\/wp\/v2\/types\/product"}],"replies":[{"embeddable":true,"href":"https:\/\/rmvapesale.com\/hr\/wp-json\/wp\/v2\/comments?post=2554"}],"wp:featuredmedia":[{"embeddable":true,"href":"https:\/\/rmvapesale.com\/hr\/wp-json\/wp\/v2\/media\/2552"}],"wp:attachment":[{"href":"https:\/\/rmvapesale.com\/hr\/wp-json\/wp\/v2\/media?parent=2554"}],"wp:term":[{"taxonomy":"product_brand","embeddable":true,"href":"https:\/\/rmvapesale.com\/hr\/wp-json\/wp\/v2\/product_brand?post=2554"},{"taxonomy":"product_cat","embeddable":true,"href":"https:\/\/rmvapesale.com\/hr\/wp-json\/wp\/v2\/product_cat?post=2554"},{"taxonomy":"product_tag","embeddable":true,"href":"https:\/\/rmvapesale.com\/hr\/wp-json\/wp\/v2\/product_tag?post=2554"}],"curies":[{"name":"wp","href":"https:\/\/api.w.org\/{rel}","templated":true}]}}