{"id":2596,"date":"2024-10-28T09:08:31","date_gmt":"2024-10-28T09:08:31","guid":{"rendered":"https:\/\/rmvapesale.com\/?post_type=product&#038;p=2596"},"modified":"2024-10-28T09:48:39","modified_gmt":"2024-10-28T09:48:39","slug":"poco-sl15000-disposable-vape-5-nicotine-smart-vape","status":"publish","type":"product","link":"https:\/\/rmvapesale.com\/hr\/product\/poco-sl15000-disposable-vape-5-nicotine-smart-vape\/","title":{"rendered":"POCO SL15000 Jednokratni vaporizator 5% Nikotinska Pametna Vapa"},"content":{"rendered":"<div class=\"B2VR9 CJHX3e\">\n<div class=\"wyccme\">\n<h1 class=\"LC20lb MBeuO DKV0Md\">POCO SL15000 Jednokratni vaporizator 5% Nikotin Pametna Vapa na Veliko<\/h1>\n<div class=\"flex-shrink-0 flex flex-col relative items-end\">\n<div class=\"pt-0\">\n<div class=\"gizmo-bot-avatar flex h-8 w-8 items-center justify-center overflow-hidden rounded-full\">\n<div class=\"relative p-1 rounded-sm flex items-center justify-center bg-token-main-surface-primary text-token-text-primary h-8 w-8\">\n<p>POCO SL15000 Jednokratni vaporizator je vrhunski ure\u0111aj za vaping dizajniran za udobnost i izvanredan okus. Sa impresivnim kapacitetom od 24 ml, ovaj ure\u0111aj pru\u017ea do 15.000 udisaja, \u010dine\u0107i ga jednim od najpopularnijih jednokratnih vaporizatora dostupnih na tr\u017ei\u0161tu.<\/p>\n<p>Izra\u0111en od visokokvalitetnih sastojaka, POCO SL15000 osigurava dosljedno i ugodno iskustvo vapinga sa svakim udisajem, \u010dine\u0107i ga istaknutim me\u0111u popularnim markama vaporizatora. Kao vrhunski izbor za casual korisnike i entuzijaste vapinga, ovaj ure\u0111aj je pogodan za du\u017eu upotrebu, nude\u0107i svestranost za razli\u010dite preferencije nikotina, uklju\u010duju\u0107i opcije s niskim nikotinom.<\/p>\n<p>Savr\u0161en za kori\u0161tenje u pokretu i opu\u0161tanje kod ku\u0107e, POCO SL15000 obe\u0107ava neprekidno u\u017eivanje u vapingu. Njegov elegantan dizajn i jednostavne zna\u010dajke \u010dine ga vode\u0107im izborom me\u0111u velikim koli\u010dinama vaporizatora, stje\u010du\u0107i popularnost kao najbolji jednokratni vaporizator 2024. Kao ure\u0111aj s mogu\u0107no\u0161\u0107u punjenja, ovaj ure\u0111aj s priklju\u010dkom Type-C pobolj\u0161ava iskustvo, dok jasni zaslon prati razinu baterije i e-teku\u0107ine, \u0161to cijene mnogi korisnici vapinga.<\/p>\n<p>Za one koji tra\u017ee veleprodaju vaporizatora, jednokratne vaporizatore online ili u trgovini s vaporizatorima, POCO SL15000 se isti\u010de svojom visokom izvedbom i dizajnom, idealan za one koji \u017eele iskustvo vapinga od 15000 udisaja bez potrebe za vi\u0161e ure\u0111aja.<\/p>\n<p>&nbsp;<\/p>\n<\/div>\n<\/div>\n<\/div>\n<\/div>\n<\/div>\n<\/div>\n<p><strong>Kontaktirajte Amy da dobijete pravi odgovor i kupon za vape!<\/strong><\/p>\n<p><img loading=\"lazy\" decoding=\"async\" class=\"size-full wp-image-1978\" src=\"https:\/\/rmvapesale.com\/wp-content\/uploads\/2024\/09\/Disposable-Vape-Wholesale.jpg\" alt=\"Veleprodaja jednokratnih vejpova\" width=\"229\" height=\"300\" \/><\/p>\n<h3><a href=\"https:\/\/wa.me\/8617776015835\" target=\"_blank\" rel=\"noopener\"><span style=\"color: #ff0000\"><strong>WhatsApp: +86 17776015835<\/strong><\/span><\/a><\/h3>\n<p>&nbsp;<\/p>\n<h2><\/h2>\n<h2><strong>POCO SL15000 jednokratni vape <\/strong><strong>Klju\u010dne zna\u010dajke<\/strong><\/h2>\n<p>Nikotin: 5%<br \/>\nUdisaji: 15000<br \/>\nKapacitet: 24ml<br \/>\nDostupno 12 okusa<br \/>\nMre\u017easta zavojnica<br \/>\nBaterija: 850mAh<br \/>\nPametni zaslon: kapacitet baterije\/kapacitet e-teku\u0107ine<\/p>\n<p>&nbsp;<\/p>\n<figure id=\"attachment_2591\" aria-describedby=\"caption-attachment-2591\" style=\"width: 800px\" class=\"wp-caption alignnone\"><img loading=\"lazy\" decoding=\"async\" class=\"wp-image-2591 size-full\" src=\"https:\/\/rmvapesale.com\/wp-content\/uploads\/2024\/10\/Poco-SL-15000-Puffs-Disposable-Vape-Wholesale.png\" alt=\"Poco SL 15000 Udisaja Jednokratni vaporizator na Veliko\" width=\"800\" height=\"800\" srcset=\"https:\/\/rmvapesale.com\/wp-content\/uploads\/2024\/10\/Poco-SL-15000-Puffs-Disposable-Vape-Wholesale.png 800w, https:\/\/rmvapesale.com\/wp-content\/uploads\/2024\/10\/Poco-SL-15000-Puffs-Disposable-Vape-Wholesale-300x300.png 300w, https:\/\/rmvapesale.com\/wp-content\/uploads\/2024\/10\/Poco-SL-15000-Puffs-Disposable-Vape-Wholesale-150x150.png 150w, https:\/\/rmvapesale.com\/wp-content\/uploads\/2024\/10\/Poco-SL-15000-Puffs-Disposable-Vape-Wholesale-768x768.png 768w, https:\/\/rmvapesale.com\/wp-content\/uploads\/2024\/10\/Poco-SL-15000-Puffs-Disposable-Vape-Wholesale-600x600.png 600w, https:\/\/rmvapesale.com\/wp-content\/uploads\/2024\/10\/Poco-SL-15000-Puffs-Disposable-Vape-Wholesale-100x100.png 100w\" sizes=\"auto, (max-width: 800px) 100vw, 800px\" \/><figcaption id=\"caption-attachment-2591\" class=\"wp-caption-text\">Poco SL 15000 Udisaja Jednokratni vaporizator na Veliko<\/figcaption><\/figure>\n<h2><strong>Vrhunski okus za POCO <\/strong><strong>SL15000 <\/strong><strong>Udisaji Jednokratni vaporizator<\/strong><strong>\u00a0<\/strong><\/h2>\n<p>Ova jednokratna e-cigareta s ekranom savr\u0161ena je za one koji u\u017eivaju u raznim okusima, jer dolazi u \u0161irokom rasponu uklju\u010duju\u0107i Aloe Grape, Borovnica Raspberry Limunada, Jagoda Lubenica i mnoge druge. Svaki okus je osmi\u0161ljen kako bi pru\u017eio zadovoljavaju\u0107e i glatko iskustvo pu\u0161enja, osiguravaju\u0107i da korisnici mogu u\u017eivati u svom omiljenom okusu bez kompromisa.<\/p>\n<p>1. Aloe Grape<br \/>\n2. Borovnica Malina Limunada <span style=\"color: #ff0000\"><strong>&gt;&gt;&gt;&gt; Vru\u0107e!<\/strong><\/span><br \/>\n3. Jagoda Lubenica<br \/>\n4. Crni led Zmajevo vo\u0107e Jagoda<span style=\"color: #ff0000\"><strong>&gt;&gt;&gt;&gt; Vru\u0107e!<\/strong><\/span><br \/>\n5. Napitak s energijom<br \/>\n6. Jagoda Malina Kiwi<br \/>\n7. Gro\u017e\u0111e Cranberry Breskva<br \/>\n8. Kupina Cranberry<br \/>\n9. Jagoda Tre\u0161nja <span style=\"color: #ff0000\"><strong>&gt;&gt;&gt;&gt; Najbolje!<\/strong><\/span><br \/>\n10. Ananas Jagoda Banana<br \/>\n11. Lubenica Lje\u0161njak<br \/>\n12. Ananas Jabu\u010dica<\/p>\n<p>&nbsp;<\/p>\n<h3><strong>Za\u0161to odabrati Rmvapesale za POCO SL15000<\/strong><strong>\u00a0Jednokratni vape koji se mo\u017ee puniti<\/strong><strong>?<\/strong><\/h3>\n<div class=\"flex-shrink-0 flex flex-col relative items-end\">\n<div class=\"pt-0\">\n<div class=\"gizmo-bot-avatar flex h-8 w-8 items-center justify-center overflow-hidden rounded-full\">\n<div class=\"relative p-1 rounded-sm flex items-center justify-center bg-token-main-surface-primary text-token-text-primary h-8 w-8\">\n<p>&nbsp;<\/p>\n<p>Kada odaberete Rmvapesale za svoje veleprodajne potrebe za jednokratnim vapeovima, imat \u0107ete koristi od:<\/p>\n<ul>\n<li><strong>Konkurentna cijena<\/strong>: Ostvarite pristup atraktivnim veleprodajnim cijenama koje pove\u0107avaju va\u0161e poslovne mar\u017ee.<\/li>\n<li><strong>Visoka kvaliteta<\/strong>: Na\u0161i vapeovi izra\u0111eni su prema najvi\u0161im standardima i <span style=\"color: #ff0000\"><strong>zajam\u010deno 100% originalni i autenti\u010dni, ili \u0107e se osigurati 10 puta ve\u0107a naknada za la\u017enu robu!<\/strong><\/span><\/li>\n<li><strong>Izvrsna korisni\u010dka podr\u0161ka<\/strong>Na\u0161 posve\u0107eni tim uvijek je spreman pomo\u0107i vam, \u010dine\u0107i va\u0161 postupak kupnje jednostavnim i bezbri\u017enim.<\/li>\n<li><strong>Brzo<\/strong>O\u010dekujte brzu i pouzdanu dostavu, osiguravaju\u0107i da va\u0161e narud\u017ebe stignu na vrijeme, svaki put.<\/li>\n<\/ul>\n<\/div>\n<h3><\/h3>\n<div class=\"relative p-1 rounded-sm flex items-center justify-center bg-token-main-surface-primary text-token-text-primary h-8 w-8\">\n<h3><b>Vape POCO SL 15000<\/b><strong>\u00a0<\/strong><b>\u010cesta pitanja o Pufovima<\/b><\/h3>\n<p><strong>Kako napuniti POCO SL15000 Puffs punjivu jednokratnu vaporizator?<\/strong><br \/>\nZa punjenje va\u0161eg POCO SL15000 Puffs jednokratnog vaporizatora, koristite Type-C priklju\u010dak za punjenje smje\u0161ten na ure\u0111aju. Jednostavno ga spojite s kompatibilnim USB-C kabelom i priklju\u010dite na izvor napajanja. To \u0107e omogu\u0107iti brzo punjenje baterije vaporizatora, osiguravaju\u0107i da mo\u017eete nastaviti s neprekidnim vapingom.<\/p>\n<p><strong>Koliko nikotina ima u POCO SL15000 Vape-u?<\/strong><br \/>\nPOCO SL15000 Vape nudi opcije nikotina prilago\u0111ene razli\u010ditim \u017eeljama, uklju\u010duju\u0107i niske razine nikotina. Odaberite koncentraciju koja najbolje odgovara va\u0161im potrebama za personalizirano iskustvo vapinga s visokokvalitetnim sastojcima i dugotrajnim okusom.<\/p>\n<p><strong>Koliko dugo trebam puniti svoju POCO SL15000 Jednokratnu Vaping Kutiju?<\/strong><br \/>\nZa optimalno punjenje, napunite POCO SL15000 Jednokratnu Vaping Kutiju dok zaslon baterije na ure\u0111aju ne poka\u017ee potpuno punjenje. Potpuno punjenje obi\u010dno traje nekoliko sati, ovisno o va\u0161em izvoru napajanja, i podr\u017eava produ\u017eeni vaping tijekom dana.<\/p>\n<p><strong>Gdje mogu kupiti POCO SL15000 Puffs Puff Vape Bar?<\/strong><br \/>\nPOCO SL15000 Puffs Puff Vape Bar mo\u017eete jednostavno kupiti online ili u vape shopu. Mnogi online trgovci nude mogu\u0107nosti kupnje na veliko, stoga provjerite online za najbolje ponude, veleprodajne vape ure\u0111aje i posebne promocije.<\/p>\n<p><strong>Koji su najbolji jednokratni vaporizatori za 2024. godinu?<\/strong><br \/>\nPOCO SL15000 je jedan od najboljih jednokratnih vaporizatora za 2024. godinu, zahvaljuju\u0107i svojoj dugotrajnoj kapacitetu od 15.000 puffs, jednostavnom dizajnu i bogatim opcijama okusa. To je vrhunski izbor u kategoriji kutijastih vaporizatora i i dalje se isti\u010de na listama top 10 marki jednokratnih vaporizatora, \u010dine\u0107i ga omiljenim za pojedina\u010dne korisnike i trgovce.<\/p>\n<\/div>\n<\/div>\n<\/div>\n<\/div>\n<h3>O isporuci<\/h3>\n<div class=\"flex-shrink-0 flex flex-col relative items-end\">\n<div>\n<div class=\"pt-0\">\n<div class=\"gizmo-bot-avatar flex h-8 w-8 items-center justify-center overflow-hidden rounded-full\">\n<div><\/div>\n<div class=\"relative p-1 rounded-sm flex items-center justify-center bg-token-main-surface-primary text-token-text-primary h-8 w-8\"><strong>1. Koje metode dostave se koriste?<\/strong><\/div>\n<\/div>\n<\/div>\n<\/div>\n<\/div>\n<div class=\"group\/conversation-turn relative flex w-full min-w-0 flex-col agent-turn\">\n<div class=\"flex-col gap-1 md:gap-3\">\n<div class=\"flex max-w-full flex-col flex-grow\">\n<div class=\"min-h-[20px] text-message flex w-full flex-col items-end gap-2 whitespace-normal break-words [.text-message+&amp;]:mt-5 overflow-x-auto\" dir=\"auto\" data-message-author-role=\"assistant\" data-message-id=\"22f8283b-3233-46ff-89a5-c7a41b33abda\">\n<div class=\"flex w-full flex-col gap-1 empty:hidden first:pt-[3px]\">\n<div class=\"markdown prose w-full break-words dark:prose-invert light\">\n<p>Sura\u0111ujemo s UPS-om, DHL-om, FedEx-om, DPD-om i drugim vode\u0107im prijevoznicima. Odabrat \u0107emo najbolju metodu dostave na temelju va\u0161e lokacije kako bismo osigurali da svoje proizvode primite \u0161to je prije mogu\u0107e.<\/p>\n<\/div>\n<p><strong>2. Koliko dugo traje dostava?<\/strong><\/p>\n<p>Paketi poslani u Hrvatsku obi\u010dno sti\u017eu unutar 10 radnih dana. Dostava u europske zemlje op\u0107enito traje oko 12-15 radnih dana. Pru\u017eit \u0107emo vam a\u017euriranja o statusu va\u0161e po\u0161iljke u stvarnom vremenu.<\/p>\n<\/div>\n<\/div>\n<\/div>\n<\/div>\n<\/div>\n<p>&nbsp;<\/p>\n<p>Ostali popularni vape ure\u0111aji koji bi vam se mogli svidjeti:<\/p>\n<p><a href=\"https:\/\/rmvapesale.com\/hr\/product\/poco-pt12000-puffs-disposable-vape-pod-electronic-cigarette\/\"><strong>POCO PT 12000 Udisaja\u00a0 \u00a0<span style=\"color: #ff0000\">&gt;&gt;&gt;&gt; kreni!<\/span><\/strong><\/a><\/p>\n<p><strong><a href=\"https:\/\/rmvapesale.com\/hr\/product\/disposable-vape-poco-bl10000-puffs-wholesale\/\">POCO BL 10000 Udisaja <span style=\"color: #ff0000\">&gt;&gt;&gt;&gt; kreni!<\/span><\/a>\u00a0<\/strong><\/p>\n<p><a href=\"https:\/\/rmvapesale.com\/hr\/product\/original-randm-vape-digital-puff-12000-fumot-factory-price\/\"><strong>Fumot Vape 12000 Puffs <span style=\"color: #ff0000\">&gt;&gt;&gt;&gt; kreni!<\/span><\/strong><\/a><\/p>\n<p>&nbsp;<\/p>\n<p>&nbsp;<\/p>\n<p>Prona\u0111ite vi\u0161e Vape proizvoda koji bi vam se mogli svidjeti:<strong><em><a href=\"https:\/\/rmvapesale.com\/hr\/shop-2\/\">kupite sada &gt;&gt;&gt;<\/a><\/em><\/strong><\/p>","protected":false},"excerpt":{"rendered":"<p>Cijena na veliko POCO SL15000 Jednokratni vaporizator<br \/>\nSkladi\u0161te EU Poco SL 15000 Udaraca Pametni Zaslon<br \/>\nKutija za Jednokratni vaporizator POCO 5% Elektronska cigareta<br \/>\n<span style=\"color: #ff0000\">(Isporuka iz skladi\u0161ta u EU traje oko 3-7 dana da stigne u ve\u0107inu europskih zemalja kao \u0161to su Nizozemska, Francuska, Italija, \u0160panjolska, \u0160vicarska, \u0160vedska, Poljska, itd.)<\/span><\/p>\n<p><img loading=\"lazy\" decoding=\"async\" class=\"size-full wp-image-2375\" src=\"https:\/\/rmvapesale.com\/wp-content\/uploads\/2024\/10\/image.png\" alt=\"Najbolji jednokratni vejp\" width=\"229\" height=\"300\" \/><\/p>\n<h3><a href=\"https:\/\/wa.me\/8617776015835\"><span style=\"color: #ff0000\"><strong>WhatsApp: +86 17776015835<\/strong><\/span><\/a><\/h3>\n<p>&nbsp;<\/p>","protected":false},"featured_media":2590,"comment_status":"open","ping_status":"closed","template":"","meta":{"_uag_custom_page_level_css":"","_lmt_disableupdate":"no","_lmt_disable":"","site-sidebar-layout":"default","site-content-layout":"content-boxed-container","ast-site-content-layout":"normal-width-container","site-content-style":"boxed","site-sidebar-style":"unboxed","ast-global-header-display":"","ast-banner-title-visibility":"","ast-main-header-display":"","ast-hfb-above-header-display":"","ast-hfb-below-header-display":"","ast-hfb-mobile-header-display":"","site-post-title":"","ast-breadcrumbs-content":"","ast-featured-img":"","footer-sml-layout":"","ast-disable-related-posts":"","theme-transparent-header-meta":"default","adv-header-id-meta":"","stick-header-meta":"","header-above-stick-meta":"","header-main-stick-meta":"","header-below-stick-meta":"","astra-migrate-meta-layouts":"set","ast-page-background-enabled":"default","ast-page-background-meta":{"desktop":{"background-color":"var(--ast-global-color-4)","background-image":"","background-repeat":"repeat","background-position":"center center","background-size":"auto","background-attachment":"scroll","background-type":"","background-media":"","overlay-type":"","overlay-color":"","overlay-opacity":"","overlay-gradient":""},"tablet":{"background-color":"","background-image":"","background-repeat":"repeat","background-position":"center center","background-size":"auto","background-attachment":"scroll","background-type":"","background-media":"","overlay-type":"","overlay-color":"","overlay-opacity":"","overlay-gradient":""},"mobile":{"background-color":"","background-image":"","background-repeat":"repeat","background-position":"center center","background-size":"auto","background-attachment":"scroll","background-type":"","background-media":"","overlay-type":"","overlay-color":"","overlay-opacity":"","overlay-gradient":""}},"ast-content-background-meta":{"desktop":{"background-color":"var(--ast-global-color-5)","background-image":"","background-repeat":"repeat","background-position":"center center","background-size":"auto","background-attachment":"scroll","background-type":"","background-media":"","overlay-type":"","overlay-color":"","overlay-opacity":"","overlay-gradient":""},"tablet":{"background-color":"var(--ast-global-color-5)","background-image":"","background-repeat":"repeat","background-position":"center center","background-size":"auto","background-attachment":"scroll","background-type":"","background-media":"","overlay-type":"","overlay-color":"","overlay-opacity":"","overlay-gradient":""},"mobile":{"background-color":"var(--ast-global-color-5)","background-image":"","background-repeat":"repeat","background-position":"center center","background-size":"auto","background-attachment":"scroll","background-type":"","background-media":"","overlay-type":"","overlay-color":"","overlay-opacity":"","overlay-gradient":""}},"_joinchat":[]},"product_brand":[],"product_cat":[15,27,25,195,123,30,26,28,137,135],"product_tag":[146,188,167,197,165,191,196,120],"class_list":{"0":"post-2596","1":"product","2":"type-product","3":"status-publish","4":"has-post-thumbnail","6":"product_cat-new-vape-this-week","7":"product_cat-fance-hot-sale-vape","8":"product_cat-germany-best-selling-vape","9":"product_cat-germany-warehouse","10":"product_cat-italy-wholesale-vape","11":"product_cat-minimum-order-quantity-50pcs","12":"product_cat-netherlands-hot-sale-vape","13":"product_cat-poland-hot-sale-vape","14":"product_cat-rechargeable-vapes","15":"product_cat-spain-best-hot-sale-vape","16":"product_tag-best-hot-sale-vape","17":"product_tag-buy-vapes-online","18":"product_tag-disposable-vape-with-screen","19":"product_tag-germany-hot-sale-vape","20":"product_tag-rechargeable-vapes","21":"product_tag-vape-box","22":"product_tag-vape-shop","23":"product_tag-vape-wholesale","24":"desktop-align-left","25":"tablet-align-left","26":"mobile-align-left","28":"first","29":"instock","30":"sale","31":"shipping-taxable","32":"purchasable","33":"product-type-simple"},"uagb_featured_image_src":{"full":["https:\/\/rmvapesale.com\/wp-content\/uploads\/2024\/10\/15K-Puffs-Screen-Poco-SL15000-Disposable-Vape.png",800,800,false],"thumbnail":["https:\/\/rmvapesale.com\/wp-content\/uploads\/2024\/10\/15K-Puffs-Screen-Poco-SL15000-Disposable-Vape-150x150.png",150,150,true],"medium":["https:\/\/rmvapesale.com\/wp-content\/uploads\/2024\/10\/15K-Puffs-Screen-Poco-SL15000-Disposable-Vape-300x300.png",300,300,true],"medium_large":["https:\/\/rmvapesale.com\/wp-content\/uploads\/2024\/10\/15K-Puffs-Screen-Poco-SL15000-Disposable-Vape-768x768.png",768,768,true],"large":["https:\/\/rmvapesale.com\/wp-content\/uploads\/2024\/10\/15K-Puffs-Screen-Poco-SL15000-Disposable-Vape.png",800,800,false],"1536x1536":["https:\/\/rmvapesale.com\/wp-content\/uploads\/2024\/10\/15K-Puffs-Screen-Poco-SL15000-Disposable-Vape.png",800,800,false],"2048x2048":["https:\/\/rmvapesale.com\/wp-content\/uploads\/2024\/10\/15K-Puffs-Screen-Poco-SL15000-Disposable-Vape.png",800,800,false],"trp-custom-language-flag":["https:\/\/rmvapesale.com\/wp-content\/uploads\/2024\/10\/15K-Puffs-Screen-Poco-SL15000-Disposable-Vape.png",12,12,false],"woocommerce_thumbnail":["https:\/\/rmvapesale.com\/wp-content\/uploads\/2024\/10\/15K-Puffs-Screen-Poco-SL15000-Disposable-Vape-300x300.png",300,300,true],"woocommerce_single":["https:\/\/rmvapesale.com\/wp-content\/uploads\/2024\/10\/15K-Puffs-Screen-Poco-SL15000-Disposable-Vape-600x600.png",600,600,true],"woocommerce_gallery_thumbnail":["https:\/\/rmvapesale.com\/wp-content\/uploads\/2024\/10\/15K-Puffs-Screen-Poco-SL15000-Disposable-Vape-100x100.png",100,100,true],"wcpr-photo-reviews":["https:\/\/rmvapesale.com\/wp-content\/uploads\/2024\/10\/15K-Puffs-Screen-Poco-SL15000-Disposable-Vape.png",500,500,false]},"uagb_author_info":{"display_name":"AMY","author_link":"https:\/\/rmvapesale.com\/hr\/author\/"},"uagb_comment_info":0,"uagb_excerpt":"POCO SL15000 Disposable Vape Wholesale Price EU Warehouse Poco SL 15000 Puffs Smart Screen POCO Disposable Vape Box 5% E Cigarette (Ship from Germany warehouse and takes about 3-5 days\u00a0 to get arrive to most Europe countries like Netherlands, France, Italy, Spain, Switzerland, Sweden, Poland, etc. ) WhatsApp: +86 17776015835 &nbsp;","_links":{"self":[{"href":"https:\/\/rmvapesale.com\/hr\/wp-json\/wp\/v2\/product\/2596","targetHints":{"allow":["GET"]}}],"collection":[{"href":"https:\/\/rmvapesale.com\/hr\/wp-json\/wp\/v2\/product"}],"about":[{"href":"https:\/\/rmvapesale.com\/hr\/wp-json\/wp\/v2\/types\/product"}],"replies":[{"embeddable":true,"href":"https:\/\/rmvapesale.com\/hr\/wp-json\/wp\/v2\/comments?post=2596"}],"wp:featuredmedia":[{"embeddable":true,"href":"https:\/\/rmvapesale.com\/hr\/wp-json\/wp\/v2\/media\/2590"}],"wp:attachment":[{"href":"https:\/\/rmvapesale.com\/hr\/wp-json\/wp\/v2\/media?parent=2596"}],"wp:term":[{"taxonomy":"product_brand","embeddable":true,"href":"https:\/\/rmvapesale.com\/hr\/wp-json\/wp\/v2\/product_brand?post=2596"},{"taxonomy":"product_cat","embeddable":true,"href":"https:\/\/rmvapesale.com\/hr\/wp-json\/wp\/v2\/product_cat?post=2596"},{"taxonomy":"product_tag","embeddable":true,"href":"https:\/\/rmvapesale.com\/hr\/wp-json\/wp\/v2\/product_tag?post=2596"}],"curies":[{"name":"wp","href":"https:\/\/api.w.org\/{rel}","templated":true}]}}