{"id":2609,"date":"2024-10-30T08:06:20","date_gmt":"2024-10-30T08:06:20","guid":{"rendered":"https:\/\/rmvapesale.com\/?post_type=product&#038;p=2609"},"modified":"2024-10-31T03:48:31","modified_gmt":"2024-10-31T03:48:31","slug":"smart-disposable-vape-elfworld-ai-22000-puffs-led-display","status":"publish","type":"product","link":"https:\/\/rmvapesale.com\/hr\/product\/smart-disposable-vape-elfworld-ai-22000-puffs-led-display\/","title":{"rendered":"Pametna jednokratna e-cigareta ELFWORLD AI 22000 Udaraca LED zaslon"},"content":{"rendered":"<div class=\"B2VR9 CJHX3e\">\n<div class=\"wyccme\">\n<h1 class=\"LC20lb MBeuO DKV0Md\">Pametna jednokratna e-cigareta ELFWORLD AI 22000 Udaraca LED zaslon<\/h1>\n<div class=\"flex-shrink-0 flex flex-col relative items-end\">\n<div class=\"pt-0\">\n<div class=\"gizmo-bot-avatar flex h-8 w-8 items-center justify-center overflow-hidden rounded-full\">\n<div class=\"relative p-1 rounded-sm flex items-center justify-center bg-token-main-surface-primary text-token-text-primary h-8 w-8\">\n<p><strong>ELFWORLD AI 22000 Udisaja LED zaslon pametna jednokratna e-cigareta<\/strong> je ultimativni izbor za vaperi koji tra\u017ee inovacije, stil i produ\u017eeno iskustvo pu\u0161enja. S impresivnim <strong>kapacitetom od 22000 udisaja<\/strong>, ovaj veliki udisaj <strong>jednokratni vejp<\/strong> nudi dugotrajnu, bezbri\u017enu opciju za iskusne vaperi i po\u010detnike.<\/p>\n<p><strong>Elegantni dizajn i prenosivost<\/strong><br \/>\nOvaj <strong>Elf World AI 22000<\/strong> predstavlja elegantan, moderan dizajn izra\u0111en s glatkim linijama i vrhunskim zavr\u0161nim slojem koji je podjednako dobar na dodir kao i na izgled. Ovaj <strong>kutijsko vape<\/strong> je kompaktan i lagan, \u0161to ga \u010dini jednostavnim za no\u0161enje u pokretu. Unato\u010d laganoj konstrukciji, izra\u0111en je da izdr\u017ei svakodnevnu uporabu, osiguravaju\u0107i trajnost bez gubitka vrhunskog izgleda.<\/p>\n<p><strong>Pametna tehnologija s podesivim protokom zraka<\/strong><br \/>\nKao pravi <strong>pametni vape<\/strong>, AI 22000 nudi prilagodljivo iskustvo s funkcijom podesivog protoka zraka, omogu\u0107uju\u0107i korisnicima da odaberu \u010dvrsto\u0107u udisaja koja najbolje odgovara njihovim \u017eeljama. Ovaj <strong>punjiva vape<\/strong> uklju\u010duje sna\u017enu bateriju i LED zaslon, pru\u017eaju\u0107i vam indikator u stvarnom vremenu za trajanje baterije i razinu e-tekuc\u0301ine. Ova zna\u010dajka osigurava da ste uvijek svjesni kada je vrijeme za punjenje i spremni za neprekidno u\u017eivanje u udisajima. Ulaz za ure\u0111aj <strong>Type-C punjenje<\/strong> omogu\u0107ava brzo i jednostavno punjenje, idealno za zauzete korisnike koji \u017eele pouzdan vape.<\/p>\n<p><strong>Zaklju\u010dak<\/strong><br \/>\nELFWORLD<strong> 22000 Puff Smart jednokratna e-cigareta<\/strong>\u00a0je savr\u0161ena kombinacija stila, napredne tehnologije i dugotrajne izvedbe, \u010dine\u0107i je jednom od <strong>najboljih jednokratnih vapea<\/strong> dostupnih. Za one koji tra\u017ee visok kapacitet, izdr\u017eljivost i bogatu ponudu zna\u010dajki, ElfWorld AI 22000 je idealan izbor. Otkrijte prakti\u010dnost i kvalitetu ovog vrhunskog vapea, dostupan za kupnju na <strong>'vape' trgovine<\/strong>, <strong>jednokratne vape online<\/strong>, ili putem <strong>vape na veliko<\/strong> opcijama za veleprodajne potrebe.<\/p>\n<\/div>\n<\/div>\n<\/div>\n<\/div>\n<\/div>\n<\/div>\n<p><strong>Kontaktirajte Amy da dobijete pravi odgovor i kupon za vape!<\/strong><\/p>\n<p><img loading=\"lazy\" decoding=\"async\" class=\"size-full wp-image-1978\" src=\"https:\/\/rmvapesale.com\/wp-content\/uploads\/2024\/09\/Disposable-Vape-Wholesale.jpg\" alt=\"Veleprodaja jednokratnih vejpova\" width=\"229\" height=\"300\" \/><\/p>\n<h3><a href=\"https:\/\/wa.me\/8617776015835\" target=\"_blank\" rel=\"noopener\"><span style=\"color: #ff0000\"><strong>WhatsApp: +86 17776015835<\/strong><\/span><\/a><\/h3>\n<p>&nbsp;<\/p>\n<h2><\/h2>\n<h2><strong>ELFWORLD AI 22000 Smart jednokratna e-cigareta <\/strong><strong>Klju\u010dne zna\u010dajke<\/strong><\/h2>\n<ul class=\"wp-block-list\">\n<li>Udisaja:\u00a022000 udisaja<\/li>\n<li>Nivoi nikotina:\u00a00%2%3%5%<\/li>\n<li>Kapacitet:\u00a026ml<\/li>\n<li>Baterija:\u00a0650mAh<\/li>\n<li>Materijal grija\u010da:\u00a01.0*2 ohm dvostruka mre\u017easta grija\u010da<\/li>\n<li>Prikaz: Digitalni zaslon<\/li>\n<li>Punjenje:\u00a0Type-C punjivo<\/li>\n<li>Regulacija protoka zraka<\/li>\n<li>Dostupno 10 okusa<\/li>\n<\/ul>\n<figure id=\"attachment_2619\" aria-describedby=\"caption-attachment-2619\" style=\"width: 600px\" class=\"wp-caption alignnone\"><img loading=\"lazy\" decoding=\"async\" class=\"wp-image-2619 size-full\" src=\"https:\/\/rmvapesale.com\/wp-content\/uploads\/2024\/10\/Vape-22000-Puff-Rechargeable-Disposable-Vape.png\" alt=\"Vape 22000 Puff punjiva jednokratna e-cigareta\" width=\"600\" height=\"849\" srcset=\"https:\/\/rmvapesale.com\/wp-content\/uploads\/2024\/10\/Vape-22000-Puff-Rechargeable-Disposable-Vape.png 600w, https:\/\/rmvapesale.com\/wp-content\/uploads\/2024\/10\/Vape-22000-Puff-Rechargeable-Disposable-Vape-212x300.png 212w\" sizes=\"auto, (max-width: 600px) 100vw, 600px\" \/><figcaption id=\"caption-attachment-2619\" class=\"wp-caption-text\">Vape 22000 Puff punjiva jednokratna e-cigareta<\/figcaption><\/figure>\n<h2><strong>Vrhunski okus za <\/strong><strong>ELFWORLD AI 22000 Puff pametna jednokratna e-cigareta<\/strong><\/h2>\n<p>Sa svakim udisajem, <strong>Elf World AI 22000<\/strong> nudi punozrnate, odva\u017ene okuse koji ostaju dosljedni od prvog do posljednjeg udisaja. Dostupno u \u0161irokom rasponu opcija, ovo <strong>vape s niskim udjelom nikotina<\/strong> pru\u017ea zadovoljavaju\u0107e i glatko iskustvo za vaperi koji cijene i kvalitetu i okus.<\/p>\n<p>1.Mango jabuka kru\u0161ka<br \/>\n2.Hladni mango<br \/>\n3.Zelena jabuka<br \/>\n4.Tigar krv <span style=\"color: #ff0000\"><strong>&gt;&gt;&gt;&gt; Vru\u0107e!<\/strong><\/span><br \/>\n5.Borovnica led <span style=\"color: #ff0000\"><strong>&gt;&gt;&gt;&gt; Vru\u0107e!<\/strong><\/span><br \/>\n6.Menta<br \/>\n7.Mje\u0161avina bobica <span style=\"color: #ff0000\"><strong>&gt;&gt;&gt;&gt; Najbolje!<\/strong><\/span><br \/>\n8.Gro\u017e\u0111ice led<br \/>\n9.Lubenica led<br \/>\n10.Borovnica menta<br \/>\n11. Jagoda Ice<br \/>\n12. So\u010dni breskva Ice<br \/>\n13. Plavi Razz Ice<br \/>\n14. Cheery limun<br \/>\n15. Jagoda lubenica<\/p>\n<p>&nbsp;<\/p>\n<h3><strong>Za\u0161to odabrati Rmvapesale za ELFWORLD 22000 Puffs LED zaslon jednokratni ure\u0111aj za vaping<\/strong><strong>?<\/strong><\/h3>\n<div class=\"flex-shrink-0 flex flex-col relative items-end\">\n<div class=\"pt-0\">\n<div class=\"gizmo-bot-avatar flex h-8 w-8 items-center justify-center overflow-hidden rounded-full\">\n<div class=\"relative p-1 rounded-sm flex items-center justify-center bg-token-main-surface-primary text-token-text-primary h-8 w-8\">\n<p>Dobrodo\u0161li u Rmvapesale, va\u0161u pouzdanu vape trgovinu za vrhunske jednokratne vape. S vi\u0161e od 5 godina iskustva, donosimo vam popularne marke jednokratnih vape proizvoda kao \u0161to su Al Fakher, <a href=\"https:\/\/rmvapesale.com\/hr\/product\/vapme-crystal-7000-puffs-rechargeable-disposable-vape-price\/\">Vapme<\/a>, <a href=\"https:\/\/rmvapesale.com\/hr\/product-category\/bang-vapes\/\">Bang Vape<\/a>, Waspe, <a href=\"https:\/\/rmvapesale.com\/hr\/product\/wga-crystal-pro-max-extra-15k-puffs-disposable-vape-wholesale\/\">WGA<\/a> Vape i<a href=\"https:\/\/rmvapesale.com\/hr\/product-category\/randm-fumot-vape\/\"> RandM Vape<\/a>.<\/p>\n<p>Na\u0161a ponuda uklju\u010duje popularne vape proizvode poput <a href=\"https:\/\/rmvapesale.com\/hr\/product\/fumot-digital-box-12000-disposable-vape-pink-lemonade-flavor\/\">RandM 12k<\/a> i izbore bogate okusima poput <a href=\"https:\/\/rmvapesale.com\/hr\/product\/wga-crystal-pro-max-extra-15k-puffs-disposable-vape-wholesale\/\">WGA Crystal Pro Max 15K Puffs<\/a>. Svaki proizvod odabran je s fokusom na kvalitetu, vrijednost i raznolikost, osiguravaju\u0107i da prona\u0111ete savr\u0161eni odabir za svoje potrebe. Otkrijte iznimnu uslugu i \u0161irok raspon vrhunskih proizvoda u Rmvapesale.<\/p>\n<\/div>\n<h3><\/h3>\n<div class=\"relative p-1 rounded-sm flex items-center justify-center bg-token-main-surface-primary text-token-text-primary h-8 w-8\">\n<h3><b>ELFWORLD 22000 \u010cesta pitanja o vapingu<\/b><\/h3>\n<\/div>\n<p><strong>Mogu li unijeti jednokratni vejp u avion?<\/strong><br \/>\nDa, jednokratni ure\u0111aji za vaping poput <strong>Elf World AI 22000 Puff<\/strong> su dopu\u0161teni u zrakoplovima, ali samo u ru\u010dnoj prtljazi zbog propisa o baterijama. Provjerite je li ure\u0111aj isklju\u010den i konzultirajte se s avioprijevoznikom o bilo kakvim ograni\u010denjima za proizvode za vaping.<\/p>\n<p><strong>Je li Elf World AI 22000 Puff pametni jednokratni ure\u0111aj dobar za po\u010detnike?<\/strong><br \/>\nDa, <strong>Elf World AI 22000 Puff<\/strong> je pogodan za po\u010detnike. Ima jednostavan, elegantan dizajn, podesiv protok zraka i prakti\u010dan <strong>LED zaslon<\/strong> za razinu baterije i e-juica, \u0161to olak\u0161ava po\u010detnicima pra\u0107enje kori\u0161tenja.<\/p>\n<p><strong>Koji su popularni jednokratni ure\u0111aji za vaping s zaslonom?<\/strong><br \/>\nMe\u0111u <strong>najprodavaniji jednokratni ure\u0111aji za vaping<\/strong> s zaslonom, <strong>Elf World AI 22000 Puff<\/strong> se isti\u010de po naprednim zna\u010dajkama, dugotrajnih 22.000 pufova i podesivom protoku zraka, \u0161to ga \u010dini vrhunskim izborom za vaperi koji tra\u017ee visokotehnolo\u0161ko iskustvo.<\/p>\n<p><strong>Kako da znam je li moj Elf World Smart jednokratni ure\u0111aj prazan?<\/strong><br \/>\nOvaj <strong>LED zaslon<\/strong> cURL Too many subrequests. <strong>Elf World AI 22000 Puff<\/strong> nudi informacije u stvarnom vremenu o trajanju baterije i razini e-juica, tako da lako mo\u017eete provjeriti kada je vape pri kraju ili prazan.<\/p>\n<p><strong>Koliko bi dugo trebao trajati vape Elf World AI 22000 Pufova?<\/strong><br \/>\nOvaj <strong>Elf World AI 22000 Puff<\/strong> je dizajniran da traje otprilike <strong>22.000 udisaja<\/strong>, \u0161to ga \u010dini dugotrajnijom opcijom za lagane i \u010desto vapers. Uz umjerenu uporabu, ovaj ure\u0111aj mo\u017ee trajati tjednima, ovisno o individualnim navikama kori\u0161tenja.<\/p>\n<div class=\"relative p-1 rounded-sm flex items-center justify-center bg-token-main-surface-primary text-token-text-primary h-8 w-8\">\n<p>&nbsp;<\/p>\n<\/div>\n<\/div>\n<\/div>\n<\/div>\n<h3>O isporuci<\/h3>\n<div class=\"flex-shrink-0 flex flex-col relative items-end\">\n<div>\n<div class=\"pt-0\">\n<div class=\"gizmo-bot-avatar flex h-8 w-8 items-center justify-center overflow-hidden rounded-full\">\n<div><\/div>\n<div class=\"relative p-1 rounded-sm flex items-center justify-center bg-token-main-surface-primary text-token-text-primary h-8 w-8\"><strong>1. Koje metode dostave se koriste?<\/strong><\/div>\n<\/div>\n<\/div>\n<\/div>\n<\/div>\n<div class=\"group\/conversation-turn relative flex w-full min-w-0 flex-col agent-turn\">\n<div class=\"flex-col gap-1 md:gap-3\">\n<div class=\"flex max-w-full flex-col flex-grow\">\n<div class=\"min-h-[20px] text-message flex w-full flex-col items-end gap-2 whitespace-normal break-words [.text-message+&amp;]:mt-5 overflow-x-auto\" dir=\"auto\" data-message-author-role=\"assistant\" data-message-id=\"22f8283b-3233-46ff-89a5-c7a41b33abda\">\n<div class=\"flex w-full flex-col gap-1 empty:hidden first:pt-[3px]\">\n<div class=\"markdown prose w-full break-words dark:prose-invert light\">\n<p>Sura\u0111ujemo s UPS-om, DHL-om, FedEx-om, DPD-om i drugim vode\u0107im prijevoznicima. Odabrat \u0107emo najbolju metodu dostave na temelju va\u0161e lokacije kako bismo osigurali da svoje proizvode primite \u0161to je prije mogu\u0107e.<\/p>\n<\/div>\n<p><strong>2. Koliko dugo traje dostava?<\/strong><\/p>\n<p>Paketi poslani u Hrvatsku obi\u010dno sti\u017eu unutar 10 radnih dana. Dostava u europske zemlje op\u0107enito traje oko 12-15 radnih dana. Pru\u017eit \u0107emo vam a\u017euriranja o statusu va\u0161e po\u0161iljke u stvarnom vremenu.<\/p>\n<\/div>\n<\/div>\n<\/div>\n<\/div>\n<\/div>\n<p>&nbsp;<\/p>\n<p>Prona\u0111ite vi\u0161e Vape proizvoda koji bi vam se mogli svidjeti:<strong><em><a href=\"https:\/\/rmvapesale.com\/hr\/shop-2\/\">kupite sada &gt;&gt;&gt;<\/a><\/em><\/strong><\/p>","protected":false},"excerpt":{"rendered":"<p>Elf World AI 22000 Udisaja zaslon na ekranu jednokratna e-cigareta<br \/>\nVape 22000 Udisaja punjiva jednokratna e-cigareta<br \/>\nELFWORLD AI 22000 Udisaja jednokratna e-cigareta na veliko<\/p>\n<p><img loading=\"lazy\" decoding=\"async\" class=\"size-full wp-image-2375\" src=\"https:\/\/rmvapesale.com\/wp-content\/uploads\/2024\/10\/image.png\" alt=\"Najbolji jednokratni vejp\" width=\"229\" height=\"300\" \/><\/p>\n<h3><a href=\"https:\/\/wa.me\/8617776015835\"><span style=\"color: #ff0000\"><strong>WhatsApp: +86 17776015835<\/strong><\/span><\/a><\/h3>\n<p>&nbsp;<\/p>","protected":false},"featured_media":2617,"comment_status":"open","ping_status":"closed","template":"","meta":{"_uag_custom_page_level_css":"","_lmt_disableupdate":"no","_lmt_disable":"","site-sidebar-layout":"default","site-content-layout":"content-boxed-container","ast-site-content-layout":"normal-width-container","site-content-style":"boxed","site-sidebar-style":"unboxed","ast-global-header-display":"","ast-banner-title-visibility":"","ast-main-header-display":"","ast-hfb-above-header-display":"","ast-hfb-below-header-display":"","ast-hfb-mobile-header-display":"","site-post-title":"","ast-breadcrumbs-content":"","ast-featured-img":"","footer-sml-layout":"","ast-disable-related-posts":"","theme-transparent-header-meta":"default","adv-header-id-meta":"","stick-header-meta":"","header-above-stick-meta":"","header-main-stick-meta":"","header-below-stick-meta":"","astra-migrate-meta-layouts":"set","ast-page-background-enabled":"default","ast-page-background-meta":{"desktop":{"background-color":"var(--ast-global-color-4)","background-image":"","background-repeat":"repeat","background-position":"center center","background-size":"auto","background-attachment":"scroll","background-type":"","background-media":"","overlay-type":"","overlay-color":"","overlay-opacity":"","overlay-gradient":""},"tablet":{"background-color":"","background-image":"","background-repeat":"repeat","background-position":"center center","background-size":"auto","background-attachment":"scroll","background-type":"","background-media":"","overlay-type":"","overlay-color":"","overlay-opacity":"","overlay-gradient":""},"mobile":{"background-color":"","background-image":"","background-repeat":"repeat","background-position":"center center","background-size":"auto","background-attachment":"scroll","background-type":"","background-media":"","overlay-type":"","overlay-color":"","overlay-opacity":"","overlay-gradient":""}},"ast-content-background-meta":{"desktop":{"background-color":"var(--ast-global-color-5)","background-image":"","background-repeat":"repeat","background-position":"center center","background-size":"auto","background-attachment":"scroll","background-type":"","background-media":"","overlay-type":"","overlay-color":"","overlay-opacity":"","overlay-gradient":""},"tablet":{"background-color":"var(--ast-global-color-5)","background-image":"","background-repeat":"repeat","background-position":"center center","background-size":"auto","background-attachment":"scroll","background-type":"","background-media":"","overlay-type":"","overlay-color":"","overlay-opacity":"","overlay-gradient":""},"mobile":{"background-color":"var(--ast-global-color-5)","background-image":"","background-repeat":"repeat","background-position":"center center","background-size":"auto","background-attachment":"scroll","background-type":"","background-media":"","overlay-type":"","overlay-color":"","overlay-opacity":"","overlay-gradient":""}},"_joinchat":[]},"product_brand":[],"product_cat":[15,27,25,195,123,30,26,28,137,136,135],"product_tag":[146,188,167,198,165,85,191,120],"class_list":{"0":"post-2609","1":"product","2":"type-product","3":"status-publish","4":"has-post-thumbnail","6":"product_cat-new-vape-this-week","7":"product_cat-fance-hot-sale-vape","8":"product_cat-germany-best-selling-vape","9":"product_cat-germany-warehouse","10":"product_cat-italy-wholesale-vape","11":"product_cat-minimum-order-quantity-50pcs","12":"product_cat-netherlands-hot-sale-vape","13":"product_cat-poland-hot-sale-vape","14":"product_cat-rechargeable-vapes","15":"product_cat-smart-screen-vapes","16":"product_cat-spain-best-hot-sale-vape","17":"product_tag-best-hot-sale-vape","18":"product_tag-buy-vapes-online","19":"product_tag-disposable-vape-with-screen","20":"product_tag-elfworld-vape","21":"product_tag-rechargeable-vapes","22":"product_tag-smart-disposable-vape","23":"product_tag-vape-box","24":"product_tag-vape-wholesale","25":"desktop-align-left","26":"tablet-align-left","27":"mobile-align-left","29":"first","30":"instock","31":"sale","32":"shipping-taxable","33":"purchasable","34":"product-type-simple"},"uagb_featured_image_src":{"full":["https:\/\/rmvapesale.com\/wp-content\/uploads\/2024\/10\/ELFWORLD-AI-22000-Puffs-Disposable-Vape.png",800,800,false],"thumbnail":["https:\/\/rmvapesale.com\/wp-content\/uploads\/2024\/10\/ELFWORLD-AI-22000-Puffs-Disposable-Vape-150x150.png",150,150,true],"medium":["https:\/\/rmvapesale.com\/wp-content\/uploads\/2024\/10\/ELFWORLD-AI-22000-Puffs-Disposable-Vape-300x300.png",300,300,true],"medium_large":["https:\/\/rmvapesale.com\/wp-content\/uploads\/2024\/10\/ELFWORLD-AI-22000-Puffs-Disposable-Vape-768x768.png",768,768,true],"large":["https:\/\/rmvapesale.com\/wp-content\/uploads\/2024\/10\/ELFWORLD-AI-22000-Puffs-Disposable-Vape.png",800,800,false],"1536x1536":["https:\/\/rmvapesale.com\/wp-content\/uploads\/2024\/10\/ELFWORLD-AI-22000-Puffs-Disposable-Vape.png",800,800,false],"2048x2048":["https:\/\/rmvapesale.com\/wp-content\/uploads\/2024\/10\/ELFWORLD-AI-22000-Puffs-Disposable-Vape.png",800,800,false],"trp-custom-language-flag":["https:\/\/rmvapesale.com\/wp-content\/uploads\/2024\/10\/ELFWORLD-AI-22000-Puffs-Disposable-Vape.png",12,12,false],"woocommerce_thumbnail":["https:\/\/rmvapesale.com\/wp-content\/uploads\/2024\/10\/ELFWORLD-AI-22000-Puffs-Disposable-Vape-300x300.png",300,300,true],"woocommerce_single":["https:\/\/rmvapesale.com\/wp-content\/uploads\/2024\/10\/ELFWORLD-AI-22000-Puffs-Disposable-Vape-600x600.png",600,600,true],"woocommerce_gallery_thumbnail":["https:\/\/rmvapesale.com\/wp-content\/uploads\/2024\/10\/ELFWORLD-AI-22000-Puffs-Disposable-Vape-100x100.png",100,100,true],"wcpr-photo-reviews":["https:\/\/rmvapesale.com\/wp-content\/uploads\/2024\/10\/ELFWORLD-AI-22000-Puffs-Disposable-Vape.png",500,500,false]},"uagb_author_info":{"display_name":"AMY","author_link":"https:\/\/rmvapesale.com\/hr\/author\/"},"uagb_comment_info":0,"uagb_excerpt":"Elf World AI 22000 Puffs Screen Display Disposable Vape Vape 22000 Puff Rechargeable Disposable E-Cigarette ELFWORLD AI 22000 Puffs Disposable Vape Wholesale WhatsApp: +86 17776015835 &nbsp;","_links":{"self":[{"href":"https:\/\/rmvapesale.com\/hr\/wp-json\/wp\/v2\/product\/2609","targetHints":{"allow":["GET"]}}],"collection":[{"href":"https:\/\/rmvapesale.com\/hr\/wp-json\/wp\/v2\/product"}],"about":[{"href":"https:\/\/rmvapesale.com\/hr\/wp-json\/wp\/v2\/types\/product"}],"replies":[{"embeddable":true,"href":"https:\/\/rmvapesale.com\/hr\/wp-json\/wp\/v2\/comments?post=2609"}],"wp:featuredmedia":[{"embeddable":true,"href":"https:\/\/rmvapesale.com\/hr\/wp-json\/wp\/v2\/media\/2617"}],"wp:attachment":[{"href":"https:\/\/rmvapesale.com\/hr\/wp-json\/wp\/v2\/media?parent=2609"}],"wp:term":[{"taxonomy":"product_brand","embeddable":true,"href":"https:\/\/rmvapesale.com\/hr\/wp-json\/wp\/v2\/product_brand?post=2609"},{"taxonomy":"product_cat","embeddable":true,"href":"https:\/\/rmvapesale.com\/hr\/wp-json\/wp\/v2\/product_cat?post=2609"},{"taxonomy":"product_tag","embeddable":true,"href":"https:\/\/rmvapesale.com\/hr\/wp-json\/wp\/v2\/product_tag?post=2609"}],"curies":[{"name":"wp","href":"https:\/\/api.w.org\/{rel}","templated":true}]}}