{"id":2620,"date":"2024-10-31T02:49:55","date_gmt":"2024-10-31T02:49:55","guid":{"rendered":"https:\/\/rmvapesale.com\/?post_type=product&#038;p=2620"},"modified":"2024-10-31T07:50:14","modified_gmt":"2024-10-31T07:50:14","slug":"bang-box-vape-tornado-40000-puff-2-5-low-nicotine","status":"publish","type":"product","link":"https:\/\/rmvapesale.com\/hr\/product\/bang-box-vape-tornado-40000-puff-2-5-low-nicotine\/","title":{"rendered":"Bang Box Vape Tornado 40000 Puff 2% 5% Nizak Nikotin"},"content":{"rendered":"<div class=\"B2VR9 CJHX3e\">\n<div class=\"wyccme\">\n<h1 class=\"LC20lb MBeuO DKV0Md\">Bang Box Vape Tornado 40000 Puff 2% 5% Nizak Nikotin<\/h1>\n<div class=\"flex-shrink-0 flex flex-col relative items-end\">\n<div class=\"pt-0\">\n<div class=\"gizmo-bot-avatar flex h-8 w-8 items-center justify-center overflow-hidden rounded-full\">\n<div class=\"relative p-1 rounded-sm flex items-center justify-center bg-token-main-surface-primary text-token-text-primary h-8 w-8\">\n<p>Ovaj <strong>Bang Box Vape Tornado 40000 Puff<\/strong> je vrhunski ure\u0111aj velikog kapaciteta <strong>jednokratni vejp<\/strong> dizajniran za one koji cijene dugotrajnost, sna\u017ene performanse i iznimnu raznolikost okusa. Nudi nevjerojatno iskustvo <strong>40.000 udisaja<\/strong>, ovo <strong>bang vape<\/strong> pru\u017ea zadovoljavaju\u0107e iskustvo vapinga sa svakim udahom, zahvaljuju\u0107i <strong>kapacitetu e-teku\u0107ine od 40 ml<\/strong> i dvostrukim opcijama nikotina od <strong>2% i 5%<\/strong>.<\/p>\n<p>Stvoren kako bi zadovoljio potrebe vapera koji u\u017eivaju u pouzdanom, <strong>jednokratnom vapeu s mogu\u0107no\u0161\u0107u punjenja<\/strong>, <strong>Bang Tornado 40000<\/strong> dolazi s <strong>850 mAh<\/strong> i <strong>Type-C priklju\u010dak za punjenje<\/strong> za brzo i prakti\u010dno punjenje u pokretu. The <strong>digitalni zaslon<\/strong> obavje\u0161tava korisnike o razini baterije i e-teku\u0107ine, tako da vas nikada ne\u0107e zate\u0107i nespremne. Svaki <strong>Bang Box<\/strong> uklju\u010duje 10 pojedina\u010dno pakiranih ure\u0111aja, \u0161to ga \u010dini izvrsnom opcijom za osobnu uporabu i veleprodajne narud\u017ebe.<\/p>\n<\/div>\n<p>Ovaj <strong>Bang Original<\/strong> Tornado serija postavlja novi standard u visokim oblacima, <strong>niskom nikotinu<\/strong> jednokratnim e-cigaretama, idealnim za one koji cijene ultra-dugotrajni ure\u0111aj s izvanrednom kvalitetom okusa. Njegov <strong>punjiva baterija<\/strong> i <strong>digitalni zaslon<\/strong> \u010dini ga vrhunskim izborom na tr\u017ei\u0161tu <strong>bang jednokratna e-cigaret<\/strong> marketu, pru\u017eaju\u0107i vrhunsko iskustvo koje je i jednostavno za kori\u0161tenje i u\u010dinkovito.<\/p>\n<p>Bilo da tra\u017eite <strong>Bang bar vape<\/strong> opciju na veliko, tra\u017eite veliki oblak <strong>bang box vape<\/strong> za skladi\u0161tenje u va\u0161oj trgovini s e-cigaretama, ili jednostavno \u017eelite <strong>Bang Box<\/strong> koji je napravljen da traje, <strong>Bang vape 40000 Oblaka<\/strong> je dizajniran da zadovolji svaku potrebu za vapingom.<\/p>\n<p>&nbsp;<\/p>\n<\/div>\n<\/div>\n<\/div>\n<\/div>\n<\/div>\n<p><strong>Kontaktirajte Amy da dobijete pravi odgovor i kupon za vape!<\/strong><\/p>\n<p><img loading=\"lazy\" decoding=\"async\" class=\"size-full wp-image-1978\" src=\"https:\/\/rmvapesale.com\/wp-content\/uploads\/2024\/09\/Disposable-Vape-Wholesale.jpg\" alt=\"Veleprodaja jednokratnih vejpova\" width=\"229\" height=\"300\" \/><\/p>\n<h3><a href=\"https:\/\/wa.me\/8617776015835\" target=\"_blank\" rel=\"noopener\"><span style=\"color: #ff0000\"><strong>WhatsApp: +86 17776015835<\/strong><\/span><\/a><\/h3>\n<p>&nbsp;<\/p>\n<h2><\/h2>\n<h2><strong>Bang Box Vape Tornado 40000 <\/strong><strong>Klju\u010dne zna\u010dajke<\/strong><\/h2>\n<p>Marka: Bang Vape<br \/>\nOblaka: 40000<br \/>\nE-teku\u0107ina: 40ml<br \/>\nNikotin: 2%5%<br \/>\nBaterija: 850mAh<br \/>\nType-c punjiva<br \/>\nPrikaz: Digitalni zaslon<\/p>\n<h2><strong>Vrhunski okus za <\/strong><strong>Punjava\u0107i Bang Box Vape Tornado 40000<\/strong><\/h2>\n<p>Ovaj <strong>Bang Box Vape Tornado<\/strong> dostupan u 12 izvrsnih okusa koji zadovoljavaju \u0161irok raspon ukusa, od osvje\u017eavaju\u0107ih <strong>Ledena Breskva<\/strong> i slatkih <strong>Trostruko bobi\u010dasto vo\u0107e<\/strong> do egzoti\u010dnog <strong>Love66<\/strong> i kiselog okusa <strong>Borovnica Limun<\/strong>. Ostale popularne opcije uklju\u010duju:<\/p>\n<p>1. Breskva led<br \/>\n2. Love66 <span style=\"color: #ff0000\"><strong>&gt;&gt;&gt;&gt; Vru\u0107e!<\/strong><\/span><br \/>\n3. Trostruko bobi\u010dasto vo\u0107e<br \/>\n4. Borovnica Limun<br \/>\n5. Napitak s energijom<br \/>\n6. Dvostruka jabuka<br \/>\n7. Mango breskva<br \/>\n8. Borovnica gro\u017e\u0111e<br \/>\n9. Jagoda lubenica <span style=\"color: #ff0000\"><strong>&gt;&gt;&gt;&gt; Najbolje!<\/strong><\/span><br \/>\n10. Jagoda kiwi<br \/>\n11.Borovnica Malina <span style=\"color: #ff0000\"><strong>&gt;&gt;&gt;&gt; Vru\u0107e!<\/strong><\/span><br \/>\n12. Lubenica<\/p>\n<figure id=\"attachment_2623\" aria-describedby=\"caption-attachment-2623\" style=\"width: 620px\" class=\"wp-caption alignnone\"><img loading=\"lazy\" decoding=\"async\" class=\"wp-image-2623 size-large\" src=\"https:\/\/rmvapesale.com\/wp-content\/uploads\/2024\/10\/Bang-Box-Vape-40000-Flavor-620x1024.jpg\" alt=\"Bang Box Vape 40000 Okusa\" width=\"620\" height=\"1024\" srcset=\"https:\/\/rmvapesale.com\/wp-content\/uploads\/2024\/10\/Bang-Box-Vape-40000-Flavor-620x1024.jpg 620w, https:\/\/rmvapesale.com\/wp-content\/uploads\/2024\/10\/Bang-Box-Vape-40000-Flavor-182x300.jpg 182w, https:\/\/rmvapesale.com\/wp-content\/uploads\/2024\/10\/Bang-Box-Vape-40000-Flavor-768x1268.jpg 768w, https:\/\/rmvapesale.com\/wp-content\/uploads\/2024\/10\/Bang-Box-Vape-40000-Flavor-600x991.jpg 600w, https:\/\/rmvapesale.com\/wp-content\/uploads\/2024\/10\/Bang-Box-Vape-40000-Flavor.jpg 800w\" sizes=\"auto, (max-width: 620px) 100vw, 620px\" \/><figcaption id=\"caption-attachment-2623\" class=\"wp-caption-text\">Bang Box Vape 40000 Okusa<\/figcaption><\/figure>\n<h3><strong>Za\u0161to odabrati Rmvapesale za Bang 40000 Pufova Jednokratni Vape<\/strong><strong>?<\/strong><\/h3>\n<div class=\"flex-shrink-0 flex flex-col relative items-end\">\n<div class=\"pt-0\">\n<div class=\"gizmo-bot-avatar flex h-8 w-8 items-center justify-center overflow-hidden rounded-full\">\n<div class=\"relative p-1 rounded-sm flex items-center justify-center bg-token-main-surface-primary text-token-text-primary h-8 w-8\">\n<p>Dobrodo\u0161li u Rmvapesale, va\u0161u pouzdanu vape trgovinu za vrhunske jednokratne vape. S vi\u0161e od 5 godina iskustva, donosimo vam popularne marke jednokratnih vape proizvoda kao \u0161to su Al Fakher, <a href=\"https:\/\/rmvapesale.com\/hr\/product\/vapme-crystal-7000-puffs-rechargeable-disposable-vape-price\/\">Vapme<\/a>, <a href=\"https:\/\/rmvapesale.com\/hr\/product-category\/bang-vapes\/\">Bang Vape<\/a>, Waspe, <a href=\"https:\/\/rmvapesale.com\/hr\/product\/wga-crystal-pro-max-extra-15k-puffs-disposable-vape-wholesale\/\">WGA<\/a> Vape i<a href=\"https:\/\/rmvapesale.com\/hr\/product-category\/randm-fumot-vape\/\"> RandM Vape<\/a>.<\/p>\n<p>Na\u0161a ponuda uklju\u010duje popularne vape proizvode poput <a href=\"https:\/\/rmvapesale.com\/hr\/product\/smart-disposable-vape-elfworld-ai-22000-puffs-led-display\/\">ELFWORLD AI 22000 Pufova<\/a> i izbore bogate okusima poput <a href=\"https:\/\/rmvapesale.com\/hr\/product\/randm-tornado-25000-puffs-disposable-vape-wholesale\/\">RandM 25000 Pufova<\/a>. Svaki proizvod odabran je s fokusom na kvalitetu, vrijednost i raznolikost, osiguravaju\u0107i da prona\u0111ete savr\u0161eni odabir za svoje potrebe. Otkrijte iznimnu uslugu i \u0161irok raspon vrhunskih proizvoda u Rmvapesale.<\/p>\n<\/div>\n<h3><\/h3>\n<div class=\"relative p-1 rounded-sm flex items-center justify-center bg-token-main-surface-primary text-token-text-primary h-8 w-8\">\n<h3><b>Bang Box 40000 Puf Vape \u010cesto postavljana pitanja<\/b><\/h3>\n<\/div>\n<p><strong>1. Kako da znam kada je moj jednokratni vape prazan?<\/strong><br \/>\nS ovim <strong>Bang Box Vape Tornado 40000 Puff<\/strong>, <strong>digitalni zaslon<\/strong> prikazuje i trajanje baterije i razinu e-teku\u0107ine. Kada indikator e-teku\u0107ine poka\u017ee da je prazna ili vi\u0161e ne osjetite okus ili paru na punom punjenju, vrijeme je za odlaganje vapea.<\/p>\n<p><strong>2. Koliko vremena je potrebno za punjenje Bang Box Vape 40000?<\/strong><br \/>\nOvaj <strong>Bang Box Vape Tornado 40000<\/strong> dolazi s <strong>Type-C priklju\u010dak za punjenje<\/strong> i <strong>850 mAh<\/strong>. Obi\u010dno je potrebno otprilike 1\u20131,5 sati za potpuno punjenje, osiguravaju\u0107i da je ure\u0111aj spreman za dugotrajnu uporabu.<\/p>\n<p><strong>3. Koliko nikotina sadr\u017ei Bang Vape Tornado 40000?<\/strong><br \/>\nOvaj <strong>Bang Vape Tornado 40000 Udarac<\/strong> nudi <strong>dve opcije ja\u010dine nikotina<\/strong>: 2% (20mg) i 5% (50mg) soli nikotina, prilago\u0111ene korisnicima s umjerenom i vi\u0161om \u017eeljom za nikotinom.<\/p>\n<p><strong>4. Kako kupiti Bang Vape u ve\u0107im koli\u010dinama?<\/strong><br \/>\nOvaj <strong>Bang Box Vape Tornado 40000 Puff<\/strong> je pakiran u <strong>kutije od 10 jedinica<\/strong> svaka, \u0161to ga \u010dini idealnim za veleprodaju. Mnogi trgovci i online <strong>'vape' trgovine<\/strong> nude opcije veleprodaje, omogu\u0107uju\u0107i vam da zalihe <strong>bang vapeova<\/strong> kupite na veliko. Kontaktiranje ovla\u0161tenih <strong>bang vape<\/strong> distributera ili posjet pouzdanoj online <strong>trgovinu vape opremom<\/strong> \u010desto je najbolji na\u010din za kupnju u ve\u0107im koli\u010dinama.<\/p>\n<p><strong>5. Mogu li ponijeti jednokratni vape na avion?<\/strong><br \/>\nDa, mo\u017eete ponijeti jednokratne vapeove poput <strong>Bang Box Vape Tornado 40000<\/strong> na avionu, ali dr\u017eite ga u <strong>ru\u010dnoj torbi<\/strong> kao \u0161to vrijede ograni\u010denja za prijenosnu prtljagu za litijske baterije. Obavezno provjerite specifi\u010dne politike zrakoplovnih kompanija i izbjegavajte kori\u0161tenje ili punjenje vapea tijekom leta.<\/p>\n<\/div>\n<\/div>\n<\/div>\n<h3>O isporuci<\/h3>\n<div class=\"flex-shrink-0 flex flex-col relative items-end\">\n<div>\n<div class=\"pt-0\">\n<div class=\"gizmo-bot-avatar flex h-8 w-8 items-center justify-center overflow-hidden rounded-full\">\n<div><\/div>\n<div class=\"relative p-1 rounded-sm flex items-center justify-center bg-token-main-surface-primary text-token-text-primary h-8 w-8\"><strong>1. Koje metode dostave se koriste?<\/strong><\/div>\n<\/div>\n<\/div>\n<\/div>\n<\/div>\n<div class=\"group\/conversation-turn relative flex w-full min-w-0 flex-col agent-turn\">\n<div class=\"flex-col gap-1 md:gap-3\">\n<div class=\"flex max-w-full flex-col flex-grow\">\n<div class=\"min-h-[20px] text-message flex w-full flex-col items-end gap-2 whitespace-normal break-words [.text-message+&amp;]:mt-5 overflow-x-auto\" dir=\"auto\" data-message-author-role=\"assistant\" data-message-id=\"22f8283b-3233-46ff-89a5-c7a41b33abda\">\n<div class=\"flex w-full flex-col gap-1 empty:hidden first:pt-[3px]\">\n<div class=\"markdown prose w-full break-words dark:prose-invert light\">\n<p>Sura\u0111ujemo s UPS-om, DHL-om, FedEx-om, DPD-om i drugim vode\u0107im prijevoznicima. Odabrat \u0107emo najbolju metodu dostave na temelju va\u0161e lokacije kako bismo osigurali da svoje proizvode primite \u0161to je prije mogu\u0107e.<\/p>\n<\/div>\n<p><strong>2. Koliko dugo traje dostava?<\/strong><\/p>\n<p>Paketi poslani u Hrvatsku obi\u010dno sti\u017eu unutar 10 radnih dana. Dostava u europske zemlje op\u0107enito traje oko 12-15 radnih dana. Pru\u017eit \u0107emo vam a\u017euriranja o statusu va\u0161e po\u0161iljke u stvarnom vremenu.<\/p>\n<\/div>\n<\/div>\n<\/div>\n<\/div>\n<\/div>\n<p>&nbsp;<\/p>\n<p>Prona\u0111ite vi\u0161e Vape proizvoda koji bi vam se mogli svidjeti:<strong><em><a href=\"https:\/\/rmvapesale.com\/hr\/shop-2\/\">kupite sada &gt;&gt;&gt;<\/a><\/em><\/strong><\/p>","protected":false},"excerpt":{"rendered":"<p>Veleprodaja Bang Vape Tornado 40000 Puffs<br \/>\nBang Vape Tornado 40000 Puffs okus Love66<br \/>\nKupite Bang jednokratni Vape online po povoljnoj cijeni<\/p>\n<p><img loading=\"lazy\" decoding=\"async\" class=\"size-full wp-image-2375\" src=\"https:\/\/rmvapesale.com\/wp-content\/uploads\/2024\/10\/image.png\" alt=\"Najbolji jednokratni vejp\" width=\"229\" height=\"300\" \/><\/p>\n<h3><a href=\"https:\/\/wa.me\/8617776015835\"><span style=\"color: #ff0000\"><strong>WhatsApp: +86 17776015835<\/strong><\/span><\/a><\/h3>\n<p>&nbsp;<\/p>","protected":false},"featured_media":2621,"comment_status":"open","ping_status":"closed","template":"","meta":{"_uag_custom_page_level_css":"","_lmt_disableupdate":"no","_lmt_disable":"","site-sidebar-layout":"default","site-content-layout":"content-boxed-container","ast-site-content-layout":"normal-width-container","site-content-style":"boxed","site-sidebar-style":"unboxed","ast-global-header-display":"","ast-banner-title-visibility":"","ast-main-header-display":"","ast-hfb-above-header-display":"","ast-hfb-below-header-display":"","ast-hfb-mobile-header-display":"","site-post-title":"","ast-breadcrumbs-content":"","ast-featured-img":"","footer-sml-layout":"","ast-disable-related-posts":"","theme-transparent-header-meta":"default","adv-header-id-meta":"","stick-header-meta":"","header-above-stick-meta":"","header-main-stick-meta":"","header-below-stick-meta":"","astra-migrate-meta-layouts":"set","ast-page-background-enabled":"default","ast-page-background-meta":{"desktop":{"background-color":"var(--ast-global-color-4)","background-image":"","background-repeat":"repeat","background-position":"center center","background-size":"auto","background-attachment":"scroll","background-type":"","background-media":"","overlay-type":"","overlay-color":"","overlay-opacity":"","overlay-gradient":""},"tablet":{"background-color":"","background-image":"","background-repeat":"repeat","background-position":"center center","background-size":"auto","background-attachment":"scroll","background-type":"","background-media":"","overlay-type":"","overlay-color":"","overlay-opacity":"","overlay-gradient":""},"mobile":{"background-color":"","background-image":"","background-repeat":"repeat","background-position":"center center","background-size":"auto","background-attachment":"scroll","background-type":"","background-media":"","overlay-type":"","overlay-color":"","overlay-opacity":"","overlay-gradient":""}},"ast-content-background-meta":{"desktop":{"background-color":"var(--ast-global-color-5)","background-image":"","background-repeat":"repeat","background-position":"center center","background-size":"auto","background-attachment":"scroll","background-type":"","background-media":"","overlay-type":"","overlay-color":"","overlay-opacity":"","overlay-gradient":""},"tablet":{"background-color":"var(--ast-global-color-5)","background-image":"","background-repeat":"repeat","background-position":"center center","background-size":"auto","background-attachment":"scroll","background-type":"","background-media":"","overlay-type":"","overlay-color":"","overlay-opacity":"","overlay-gradient":""},"mobile":{"background-color":"var(--ast-global-color-5)","background-image":"","background-repeat":"repeat","background-position":"center center","background-size":"auto","background-attachment":"scroll","background-type":"","background-media":"","overlay-type":"","overlay-color":"","overlay-opacity":"","overlay-gradient":""}},"_joinchat":[]},"product_brand":[],"product_cat":[15,60,27,25,123,30,26,28,137,136,135],"product_tag":[187,146,188,167,165,85,191,120],"class_list":{"0":"post-2620","1":"product","2":"type-product","3":"status-publish","4":"has-post-thumbnail","6":"product_cat-new-vape-this-week","7":"product_cat-bang-vapes","8":"product_cat-fance-hot-sale-vape","9":"product_cat-germany-best-selling-vape","10":"product_cat-italy-wholesale-vape","11":"product_cat-minimum-order-quantity-50pcs","12":"product_cat-netherlands-hot-sale-vape","13":"product_cat-poland-hot-sale-vape","14":"product_cat-rechargeable-vapes","15":"product_cat-smart-screen-vapes","16":"product_cat-spain-best-hot-sale-vape","17":"product_tag-bang-box-vape","18":"product_tag-best-hot-sale-vape","19":"product_tag-buy-vapes-online","20":"product_tag-disposable-vape-with-screen","21":"product_tag-rechargeable-vapes","22":"product_tag-smart-disposable-vape","23":"product_tag-vape-box","24":"product_tag-vape-wholesale","25":"desktop-align-left","26":"tablet-align-left","27":"mobile-align-left","29":"first","30":"instock","31":"sale","32":"shipping-taxable","33":"purchasable","34":"product-type-simple"},"uagb_featured_image_src":{"full":["https:\/\/rmvapesale.com\/wp-content\/uploads\/2024\/10\/Bang-Bars-40000-Vape-Wholesale.jpg",800,800,false],"thumbnail":["https:\/\/rmvapesale.com\/wp-content\/uploads\/2024\/10\/Bang-Bars-40000-Vape-Wholesale-150x150.jpg",150,150,true],"medium":["https:\/\/rmvapesale.com\/wp-content\/uploads\/2024\/10\/Bang-Bars-40000-Vape-Wholesale-300x300.jpg",300,300,true],"medium_large":["https:\/\/rmvapesale.com\/wp-content\/uploads\/2024\/10\/Bang-Bars-40000-Vape-Wholesale-768x768.jpg",768,768,true],"large":["https:\/\/rmvapesale.com\/wp-content\/uploads\/2024\/10\/Bang-Bars-40000-Vape-Wholesale.jpg",800,800,false],"1536x1536":["https:\/\/rmvapesale.com\/wp-content\/uploads\/2024\/10\/Bang-Bars-40000-Vape-Wholesale.jpg",800,800,false],"2048x2048":["https:\/\/rmvapesale.com\/wp-content\/uploads\/2024\/10\/Bang-Bars-40000-Vape-Wholesale.jpg",800,800,false],"trp-custom-language-flag":["https:\/\/rmvapesale.com\/wp-content\/uploads\/2024\/10\/Bang-Bars-40000-Vape-Wholesale.jpg",12,12,false],"woocommerce_thumbnail":["https:\/\/rmvapesale.com\/wp-content\/uploads\/2024\/10\/Bang-Bars-40000-Vape-Wholesale-300x300.jpg",300,300,true],"woocommerce_single":["https:\/\/rmvapesale.com\/wp-content\/uploads\/2024\/10\/Bang-Bars-40000-Vape-Wholesale-600x600.jpg",600,600,true],"woocommerce_gallery_thumbnail":["https:\/\/rmvapesale.com\/wp-content\/uploads\/2024\/10\/Bang-Bars-40000-Vape-Wholesale-100x100.jpg",100,100,true],"wcpr-photo-reviews":["https:\/\/rmvapesale.com\/wp-content\/uploads\/2024\/10\/Bang-Bars-40000-Vape-Wholesale.jpg",500,500,false]},"uagb_author_info":{"display_name":"AMY","author_link":"https:\/\/rmvapesale.com\/hr\/author\/"},"uagb_comment_info":0,"uagb_excerpt":"Bang Vape Tornado 40000 Puffs Wholesale Bang Vape Tornado 40000 Puffs Love66 Flavor Buy Bang Disposable Vape on Line Cheap Price WhatsApp: +86 17776015835 &nbsp;","_links":{"self":[{"href":"https:\/\/rmvapesale.com\/hr\/wp-json\/wp\/v2\/product\/2620","targetHints":{"allow":["GET"]}}],"collection":[{"href":"https:\/\/rmvapesale.com\/hr\/wp-json\/wp\/v2\/product"}],"about":[{"href":"https:\/\/rmvapesale.com\/hr\/wp-json\/wp\/v2\/types\/product"}],"replies":[{"embeddable":true,"href":"https:\/\/rmvapesale.com\/hr\/wp-json\/wp\/v2\/comments?post=2620"}],"wp:featuredmedia":[{"embeddable":true,"href":"https:\/\/rmvapesale.com\/hr\/wp-json\/wp\/v2\/media\/2621"}],"wp:attachment":[{"href":"https:\/\/rmvapesale.com\/hr\/wp-json\/wp\/v2\/media?parent=2620"}],"wp:term":[{"taxonomy":"product_brand","embeddable":true,"href":"https:\/\/rmvapesale.com\/hr\/wp-json\/wp\/v2\/product_brand?post=2620"},{"taxonomy":"product_cat","embeddable":true,"href":"https:\/\/rmvapesale.com\/hr\/wp-json\/wp\/v2\/product_cat?post=2620"},{"taxonomy":"product_tag","embeddable":true,"href":"https:\/\/rmvapesale.com\/hr\/wp-json\/wp\/v2\/product_tag?post=2620"}],"curies":[{"name":"wp","href":"https:\/\/api.w.org\/{rel}","templated":true}]}}