{"id":2644,"date":"2024-11-01T03:33:21","date_gmt":"2024-11-01T03:33:21","guid":{"rendered":"https:\/\/rmvapesale.com\/?post_type=product&#038;p=2644"},"modified":"2024-11-01T07:28:51","modified_gmt":"2024-11-01T07:28:51","slug":"puff-vape-cold-mountain-alps-30000-shisha-hookah-bar-wholesale","status":"publish","type":"product","link":"https:\/\/rmvapesale.com\/hr\/product\/puff-vape-cold-mountain-alps-30000-shisha-hookah-bar-wholesale\/","title":{"rendered":"Puff Vape Cold Mountain ALPS 30000 \u0160i\u0161a Nargila Velika prodaja"},"content":{"rendered":"<div class=\"B2VR9 CJHX3e\">\n<div class=\"wyccme\">\n<h1 class=\"LC20lb MBeuO DKV0Md\">Puff Vape Cold Mountain ALPS 30000 \u0160i\u0161a nargila Bar veleprodajna cijena<\/h1>\n<div class=\"flex-shrink-0 flex flex-col relative items-end\">\n<div class=\"pt-0\">\n<div class=\"gizmo-bot-avatar flex h-8 w-8 items-center justify-center overflow-hidden rounded-full\">\n<div class=\"relative p-1 rounded-sm flex items-center justify-center bg-token-main-surface-primary text-token-text-primary h-8 w-8\">\n<p>Ovaj <strong>Puff Vape Cold Mountain ALPS \u0160i\u0161a nargila Bar\u00a0<\/strong>je vrhunski ure\u0111aj koji pru\u017ea izvanredno iskustvo vapinga, idealan za one koji cijene dugovje\u010dnost i performanse. S nevjerojatnim <strong>30.000 udisaja<\/strong>, ovo <strong>jednokratni vejp<\/strong> je izra\u0111en da traje i pru\u017ea dosljedno zadovoljstvo.<\/p>\n<p>Ovaj <strong>Cold Mountain ALPS<\/strong> je najnovije u inovacijama jednokratnih e-cigareta, nude\u0107i u\u010dinkovitije i ekonomi\u010dnije rje\u0161enje u usporedbi s drugim ure\u0111ajima, \u0161tede\u0107i vam <strong>10-20%<\/strong> ukupno pri kori\u0161tenju. Plus, integrirani <strong>LED zaslon<\/strong> uklanja sumnje iz vapinga, jasno prikazuju\u0107i stanje baterije i e-teku\u0107ine u stvarnom vremenu. Opremljen s <strong>0,5 ohmskom mre\u017eastom zavojnicom<\/strong>, Cold Mountain ALPS <strong>\u0161i\u0161a nargila <\/strong>poja\u010dava okus s svakim udisajem, pru\u017eaju\u0107i glatki i bogat vapor. Njegov impresivni <strong>35ml kapacitet e-teku\u0107ine<\/strong> smanjuje potrebu za \u010destom zamjenom, savr\u0161en za produ\u017eenu uporabu. Odaberite nisku nikotinsku ja\u010dinu<strong> 2%<\/strong>, prilago\u0111enu va\u0161im osobnim preferencijama.<\/p>\n<p>Ovo <strong>\u0161i\u0161a vaporizator<\/strong> ure\u0111aj s pouzdanim <strong>punjiva baterija od 850mAh<\/strong>, osiguravaju\u0107i sna\u017ene performanse tijekom cijelog vijeka trajanja. Tehnologija <strong>Type-C punjenje<\/strong> omogu\u0107ava brzo i u\u010dinkovito punjenje, minimiziraju\u0107i vrijeme mirovanja i dr\u017ee\u0107i va\u0161 vaporizator spremnim za kori\u0161tenje. Za dodatnu udobnost, vaporizator dolazi s sofisticiranim <strong>LCD digitalni zaslon<\/strong> koji prikazuje preostalu baterijsku snagu i razinu e-teku\u0107ine, olak\u0161avaju\u0107i pra\u0107enje.<\/p>\n<p>Otkrijte luksuzni i potpuno podesivi <strong>shisha bar<\/strong> iskustvo s <strong>Cold Mountain ALPS Jednokratni Vape<\/strong>. Podignite svoju vaping igru s <strong>veleprodajne vape proizvode<\/strong>, dostupno za veleprodaju po konkurentnoj cijeni. Prona\u0111ite ovo i vi\u0161e na svom pouzdanom <strong>puff vape<\/strong> dobavlja\u010du, gdje se kvaliteta i performanse susre\u0107u s pristupa\u010dno\u0161\u0107u.<\/p>\n<\/div>\n<\/div>\n<\/div>\n<\/div>\n<\/div>\n<\/div>\n<p><strong>Kontaktirajte Amy da dobijete pravi odgovor i kupon za vape!<\/strong><\/p>\n<p><img loading=\"lazy\" decoding=\"async\" class=\"size-full wp-image-1978\" src=\"https:\/\/rmvapesale.com\/wp-content\/uploads\/2024\/09\/Disposable-Vape-Wholesale.jpg\" alt=\"Veleprodaja jednokratnih vejpova\" width=\"229\" height=\"300\" \/><\/p>\n<h3><a href=\"https:\/\/wa.me\/8617776015835\" target=\"_blank\" rel=\"noopener\"><span style=\"color: #ff0000\"><strong>WhatsApp: +86 17776015835<\/strong><\/span><\/a><\/h3>\n<p>&nbsp;<\/p>\n<h2><\/h2>\n<h2><strong>Puff Vape Cold Mountain ALPS 30000 <\/strong><strong>Klju\u010dne zna\u010dajke<\/strong><\/h2>\n<p>Vrsta: Punjivi Vape<br \/>\nE-juice: 35ml<br \/>\nMesh Coil: Big Smoke<br \/>\nUdisaji: 30000 udisaja<br \/>\nOtpor: 0.5\u03a9<br \/>\nSalt Nicotine: 2%<br \/>\nDno Type-C punjenje<br \/>\nZaslon<\/p>\n<figure id=\"attachment_2643\" aria-describedby=\"caption-attachment-2643\" style=\"width: 800px\" class=\"wp-caption alignnone\"><img loading=\"lazy\" decoding=\"async\" class=\"wp-image-2643 size-full\" src=\"https:\/\/rmvapesale.com\/wp-content\/uploads\/2024\/11\/Wholesale-COLD-MOUNTAIN-ALPS-30000-Disposable-Vape.jpg\" alt=\"Veleprodaja JEDNOKRATNI VAPE COLD MOUNTAIN ALPS 30000\" width=\"800\" height=\"800\" srcset=\"https:\/\/rmvapesale.com\/wp-content\/uploads\/2024\/11\/Wholesale-COLD-MOUNTAIN-ALPS-30000-Disposable-Vape.jpg 800w, https:\/\/rmvapesale.com\/wp-content\/uploads\/2024\/11\/Wholesale-COLD-MOUNTAIN-ALPS-30000-Disposable-Vape-300x300.jpg 300w, https:\/\/rmvapesale.com\/wp-content\/uploads\/2024\/11\/Wholesale-COLD-MOUNTAIN-ALPS-30000-Disposable-Vape-150x150.jpg 150w, https:\/\/rmvapesale.com\/wp-content\/uploads\/2024\/11\/Wholesale-COLD-MOUNTAIN-ALPS-30000-Disposable-Vape-768x768.jpg 768w, https:\/\/rmvapesale.com\/wp-content\/uploads\/2024\/11\/Wholesale-COLD-MOUNTAIN-ALPS-30000-Disposable-Vape-600x600.jpg 600w, https:\/\/rmvapesale.com\/wp-content\/uploads\/2024\/11\/Wholesale-COLD-MOUNTAIN-ALPS-30000-Disposable-Vape-100x100.jpg 100w\" sizes=\"auto, (max-width: 800px) 100vw, 800px\" \/><figcaption id=\"caption-attachment-2643\" class=\"wp-caption-text\">Veleprodaja JEDNOKRATNI VAPE COLD MOUNTAIN ALPS 30000<\/figcaption><\/figure>\n<h2><strong>Vrhunski okus za <\/strong><strong>Puff Vape Cold Mountain ALPS 30000 Udisaja<\/strong><\/h2>\n<p>1. Zmaj Melon<br \/>\n2. Jagoda Lubenica\u00a0 <span style=\"color: #ff0000\"><strong>&gt;&gt;&gt;&gt; Vru\u0107e!<\/strong><\/span><br \/>\n3. Roza Limunada<br \/>\n4. Crni Led Zmaj Vo\u0107e Jagoda<br \/>\n5. Strast Vo\u0107e Kivi<br \/>\n6. Lubenica<br \/>\n7. Jagoda banana<br \/>\n8. Aloe Grape<br \/>\n9. Borovnica Vi\u0161nja Cola <span style=\"color: #ff0000\"><strong>&gt;&gt;&gt;&gt; Najbolje!<\/strong><\/span><br \/>\n10. Mango<\/p>\n<p>&nbsp;<\/p>\n<h3><strong>Za\u0161to odabrati Rmvapesale za <\/strong><strong>ALPS\u00a0<\/strong><strong>Punjivi ure\u0111aj za vaping s 30000 udisaja<\/strong><strong>?<\/strong><\/h3>\n<div class=\"flex-shrink-0 flex flex-col relative items-end\">\n<div class=\"pt-0\">\n<div class=\"gizmo-bot-avatar flex h-8 w-8 items-center justify-center overflow-hidden rounded-full\">\n<div class=\"relative p-1 rounded-sm flex items-center justify-center bg-token-main-surface-primary text-token-text-primary h-8 w-8\">\n<p>Kada odaberete Rmvapesale za svoje veleprodajne potrebe za jednokratnim vapeovima, imat \u0107ete koristi od:<\/p>\n<ul>\n<li><strong>Konkurentna cijena<\/strong>: Ostvarite pristup atraktivnim veleprodajnim cijenama koje pove\u0107avaju va\u0161e poslovne mar\u017ee.<\/li>\n<li><strong>Visoka kvaliteta<\/strong>: Na\u0161i vapeovi izra\u0111eni su prema najvi\u0161im standardima i <span style=\"color: #ff0000\"><strong>zajam\u010deno 100% originalni i autenti\u010dni, ili \u0107e se osigurati 10 puta ve\u0107a naknada za la\u017enu robu!<\/strong><\/span><\/li>\n<li><strong>Izvrsna korisni\u010dka podr\u0161ka<\/strong>Na\u0161 posve\u0107eni tim uvijek je spreman pomo\u0107i vam, \u010dine\u0107i va\u0161 postupak kupnje jednostavnim i bezbri\u017enim.<\/li>\n<li><strong>Brzo<\/strong>O\u010dekujte brzu i pouzdanu dostavu, osiguravaju\u0107i da va\u0161e narud\u017ebe stignu na vrijeme, svaki put.<\/li>\n<\/ul>\n<\/div>\n<h3><\/h3>\n<div class=\"relative p-1 rounded-sm flex items-center justify-center bg-token-main-surface-primary text-token-text-primary h-8 w-8\">\n<h3><b>Cold Mountain ALPS 30000 Pitanja i odgovori o shishi\u00a0<\/b><\/h3>\n<\/div>\n<ol>\n<li><strong>Kako da znam kada je moj jednokratni ure\u0111aj za vaping prazan?<\/strong>\n<ul>\n<li>Ovaj <strong>Cold Mountain ALPS 30000<\/strong> opremljen je s <strong>LCD digitalni zaslon<\/strong> koji prikazuje razinu preostalog e-juica. Kada zaslon poka\u017ee da je razina e-tekuc\u0301ine niska ili osjetite zna\u010dajan pad u proizvodnji pare i intenzitetu okusa, vrijeme je za zamjenu jednokratnog ure\u0111aja za vaping.<\/li>\n<\/ul>\n<\/li>\n<li><strong>Koliko vremena je potrebno za punjenje Puff Vape Cold Mountain ALPS 30000?<\/strong>\n<ul>\n<li>Ovaj <strong>Cold Mountain ALPS 30000<\/strong> zna\u010dajke <strong>Tehnologija punjenja Type-C<\/strong>, koja omogu\u0107ava brzo i u\u010dinkovito punjenje. U prosjeku, potrebno je oko <strong>1-2 sata<\/strong> da se ure\u0111aj potpuno napuni, ovisno o izvoru napajanja.<\/li>\n<\/ul>\n<\/li>\n<li><strong>Koliko nikotina sadr\u017ei Cold Mountain ALPS 30000 Shisha?<\/strong>\n<ul>\n<li>Ovaj <strong>Cold Mountain ALPS 30000 Shisha<\/strong> nudi razli\u010dite opcije ja\u010dine nikotina <strong>2%.<\/strong><\/li>\n<\/ul>\n<\/li>\n<li><strong>Gdje kupiti Puff Vape po veleprodajnoj cijeni?<\/strong>\n<ul>\n<li>Mo\u017eete kupiti <strong>Puff Vape Cold Mountain ALPS 30000<\/strong> i druge <strong>veleprodajne vape proizvode<\/strong> od pouzdanih dobavlja\u010da poput <strong>rmvapesale<\/strong> ili specijaliziranih <strong>'vape' trgovine<\/strong> koji nude mogu\u0107nosti kupovine na veliko. Provjerite njihove online platforme za konkurentne veleprodajne cijene.<\/li>\n<\/ul>\n<\/li>\n<li><strong>Mogu li unijeti jednokratni vejp u avion?<\/strong>\n<ul>\n<li>Da, mo\u017eete ponijeti <strong>jednokratni vejp<\/strong> na avionu, ali ga morate staviti u svoj <strong>ru\u010dnoj prtljazi<\/strong>, a ne u prijavljenu prtljagu, zbog sigurnosnih propisa aviokompanije u vezi s litijskim baterijama. Osigurajte da je ure\u0111aj isklju\u010den i slijedite sve specifi\u010dne smjernice koje postavi aviokompanija. Uvijek provjerite s aviokompanijom prije putovanja.<\/li>\n<\/ul>\n<\/li>\n<\/ol>\n<\/div>\n<\/div>\n<\/div>\n<h3>O isporuci<\/h3>\n<div class=\"flex-shrink-0 flex flex-col relative items-end\">\n<div>\n<div class=\"pt-0\">\n<div class=\"gizmo-bot-avatar flex h-8 w-8 items-center justify-center overflow-hidden rounded-full\">\n<div><\/div>\n<div class=\"relative p-1 rounded-sm flex items-center justify-center bg-token-main-surface-primary text-token-text-primary h-8 w-8\"><strong>1. Koje metode dostave se koriste?<\/strong><\/div>\n<\/div>\n<\/div>\n<\/div>\n<\/div>\n<div class=\"group\/conversation-turn relative flex w-full min-w-0 flex-col agent-turn\">\n<div class=\"flex-col gap-1 md:gap-3\">\n<div class=\"flex max-w-full flex-col flex-grow\">\n<div class=\"min-h-[20px] text-message flex w-full flex-col items-end gap-2 whitespace-normal break-words [.text-message+&amp;]:mt-5 overflow-x-auto\" dir=\"auto\" data-message-author-role=\"assistant\" data-message-id=\"22f8283b-3233-46ff-89a5-c7a41b33abda\">\n<div class=\"flex w-full flex-col gap-1 empty:hidden first:pt-[3px]\">\n<div class=\"markdown prose w-full break-words dark:prose-invert light\">\n<p>Sura\u0111ujemo s UPS-om, DHL-om, FedEx-om, DPD-om i drugim vode\u0107im prijevoznicima. Odabrat \u0107emo najbolju metodu dostave na temelju va\u0161e lokacije kako bismo osigurali da svoje proizvode primite \u0161to je prije mogu\u0107e.<\/p>\n<\/div>\n<p><strong>2. Koliko dugo traje dostava?<\/strong><\/p>\n<p>Paketi poslani u Hrvatsku obi\u010dno sti\u017eu unutar 10 radnih dana. Dostava u europske zemlje op\u0107enito traje oko 12-15 radnih dana. Pru\u017eit \u0107emo vam a\u017euriranja o statusu va\u0161e po\u0161iljke u stvarnom vremenu.<\/p>\n<\/div>\n<\/div>\n<\/div>\n<\/div>\n<\/div>\n<p>&nbsp;<\/p>\n<p>Ostali popularni vape ure\u0111aji koji bi vam se mogli svidjeti:<\/p>\n<p><a href=\"https:\/\/rmvapesale.com\/hr\/product\/full-screen-disposable-vape-hzko-supernova-30000-puffs-wholesale\/\"><strong>HZKO Supernova 25000 Puff\u00a0 \u00a0<span style=\"color: #ff0000\">&gt;&gt;&gt;&gt; kreni!<\/span><\/strong><\/a><\/p>\n<p><strong><a href=\"https:\/\/rmvapesale.com\/hr\/product\/poco-sl15000-disposable-vape-5-nicotine-smart-vape\/\">POCO SL15000 jednokratni vape <span style=\"color: #ff0000\">&gt;&gt;&gt;&gt; kreni!<\/span><\/a>\u00a0<\/strong><\/p>\n<p><a href=\"https:\/\/rmvapesale.com\/hr\/product\/original-randm-vape-digital-puff-12000-fumot-factory-price\/\"><strong>Fumot Vape 12000 Puffs <span style=\"color: #ff0000\">&gt;&gt;&gt;&gt; kreni!<\/span><\/strong><\/a><\/p>\n<p>&nbsp;<\/p>\n<p>&nbsp;<\/p>\n<p>Prona\u0111ite vi\u0161e Vape proizvoda koji bi vam se mogli svidjeti:<strong><em><a href=\"https:\/\/rmvapesale.com\/hr\/shop-2\/\">kupite sada &gt;&gt;&gt;<\/a><\/em><\/strong><\/p>","protected":false},"excerpt":{"rendered":"<p>Cold Mountain Alps Jednokratni Vape s 30K Udisaja<br \/>\nPod Cold Mountain Alps 30000 Udisaja EU Skladi\u0161te<br \/>\nVeleprodaja COLD MOUNTAIN ALPS 30000 Udisaja Jednokratni<br \/>\n<span style=\"color: #ff0000\">(Isporuka iz skladi\u0161ta u EU traje oko 3-7 dana da stigne u ve\u0107inu europskih zemalja kao \u0161to su Nizozemska, Francuska, Italija, \u0160panjolska, \u0160vicarska, \u0160vedska, Poljska, itd.)<\/span><\/p>\n<p><img loading=\"lazy\" decoding=\"async\" class=\"size-full wp-image-2375\" src=\"https:\/\/rmvapesale.com\/wp-content\/uploads\/2024\/10\/image.png\" alt=\"Najbolji jednokratni vejp\" width=\"229\" height=\"300\" \/><\/p>\n<h3><a href=\"https:\/\/wa.me\/8617776015835\"><span style=\"color: #ff0000\"><strong>WhatsApp: +86 17776015835<\/strong><\/span><\/a><\/h3>\n<p>&nbsp;<\/p>","protected":false},"featured_media":2641,"comment_status":"open","ping_status":"closed","template":"","meta":{"_uag_custom_page_level_css":"","_lmt_disableupdate":"no","_lmt_disable":"","site-sidebar-layout":"default","site-content-layout":"content-boxed-container","ast-site-content-layout":"normal-width-container","site-content-style":"boxed","site-sidebar-style":"unboxed","ast-global-header-display":"","ast-banner-title-visibility":"","ast-main-header-display":"","ast-hfb-above-header-display":"","ast-hfb-below-header-display":"","ast-hfb-mobile-header-display":"","site-post-title":"","ast-breadcrumbs-content":"","ast-featured-img":"","footer-sml-layout":"","ast-disable-related-posts":"","theme-transparent-header-meta":"default","adv-header-id-meta":"","stick-header-meta":"","header-above-stick-meta":"","header-main-stick-meta":"","header-below-stick-meta":"","astra-migrate-meta-layouts":"set","ast-page-background-enabled":"default","ast-page-background-meta":{"desktop":{"background-color":"var(--ast-global-color-4)","background-image":"","background-repeat":"repeat","background-position":"center center","background-size":"auto","background-attachment":"scroll","background-type":"","background-media":"","overlay-type":"","overlay-color":"","overlay-opacity":"","overlay-gradient":""},"tablet":{"background-color":"","background-image":"","background-repeat":"repeat","background-position":"center center","background-size":"auto","background-attachment":"scroll","background-type":"","background-media":"","overlay-type":"","overlay-color":"","overlay-opacity":"","overlay-gradient":""},"mobile":{"background-color":"","background-image":"","background-repeat":"repeat","background-position":"center center","background-size":"auto","background-attachment":"scroll","background-type":"","background-media":"","overlay-type":"","overlay-color":"","overlay-opacity":"","overlay-gradient":""}},"ast-content-background-meta":{"desktop":{"background-color":"var(--ast-global-color-5)","background-image":"","background-repeat":"repeat","background-position":"center center","background-size":"auto","background-attachment":"scroll","background-type":"","background-media":"","overlay-type":"","overlay-color":"","overlay-opacity":"","overlay-gradient":""},"tablet":{"background-color":"var(--ast-global-color-5)","background-image":"","background-repeat":"repeat","background-position":"center center","background-size":"auto","background-attachment":"scroll","background-type":"","background-media":"","overlay-type":"","overlay-color":"","overlay-opacity":"","overlay-gradient":""},"mobile":{"background-color":"var(--ast-global-color-5)","background-image":"","background-repeat":"repeat","background-position":"center center","background-size":"auto","background-attachment":"scroll","background-type":"","background-media":"","overlay-type":"","overlay-color":"","overlay-opacity":"","overlay-gradient":""}},"_joinchat":[]},"product_brand":[],"product_cat":[15,27,25,195,123,30,26,28,137,136,135],"product_tag":[146,188,167,197,165,180,154,191,196,120],"class_list":{"0":"post-2644","1":"product","2":"type-product","3":"status-publish","4":"has-post-thumbnail","6":"product_cat-new-vape-this-week","7":"product_cat-fance-hot-sale-vape","8":"product_cat-germany-best-selling-vape","9":"product_cat-germany-warehouse","10":"product_cat-italy-wholesale-vape","11":"product_cat-minimum-order-quantity-50pcs","12":"product_cat-netherlands-hot-sale-vape","13":"product_cat-poland-hot-sale-vape","14":"product_cat-rechargeable-vapes","15":"product_cat-smart-screen-vapes","16":"product_cat-spain-best-hot-sale-vape","17":"product_tag-best-hot-sale-vape","18":"product_tag-buy-vapes-online","19":"product_tag-disposable-vape-with-screen","20":"product_tag-germany-hot-sale-vape","21":"product_tag-rechargeable-vapes","22":"product_tag-shisha-bar","23":"product_tag-smart-vape","24":"product_tag-vape-box","25":"product_tag-vape-shop","26":"product_tag-vape-wholesale","27":"desktop-align-left","28":"tablet-align-left","29":"mobile-align-left","31":"first","32":"instock","33":"sale","34":"shipping-taxable","35":"purchasable","36":"product-type-simple"},"uagb_featured_image_src":{"full":["https:\/\/rmvapesale.com\/wp-content\/uploads\/2024\/11\/Cold-Mountain-ALPS-Shisha-Hookah.jpg",800,800,false],"thumbnail":["https:\/\/rmvapesale.com\/wp-content\/uploads\/2024\/11\/Cold-Mountain-ALPS-Shisha-Hookah-150x150.jpg",150,150,true],"medium":["https:\/\/rmvapesale.com\/wp-content\/uploads\/2024\/11\/Cold-Mountain-ALPS-Shisha-Hookah-300x300.jpg",300,300,true],"medium_large":["https:\/\/rmvapesale.com\/wp-content\/uploads\/2024\/11\/Cold-Mountain-ALPS-Shisha-Hookah-768x768.jpg",768,768,true],"large":["https:\/\/rmvapesale.com\/wp-content\/uploads\/2024\/11\/Cold-Mountain-ALPS-Shisha-Hookah.jpg",800,800,false],"1536x1536":["https:\/\/rmvapesale.com\/wp-content\/uploads\/2024\/11\/Cold-Mountain-ALPS-Shisha-Hookah.jpg",800,800,false],"2048x2048":["https:\/\/rmvapesale.com\/wp-content\/uploads\/2024\/11\/Cold-Mountain-ALPS-Shisha-Hookah.jpg",800,800,false],"trp-custom-language-flag":["https:\/\/rmvapesale.com\/wp-content\/uploads\/2024\/11\/Cold-Mountain-ALPS-Shisha-Hookah.jpg",12,12,false],"woocommerce_thumbnail":["https:\/\/rmvapesale.com\/wp-content\/uploads\/2024\/11\/Cold-Mountain-ALPS-Shisha-Hookah-300x300.jpg",300,300,true],"woocommerce_single":["https:\/\/rmvapesale.com\/wp-content\/uploads\/2024\/11\/Cold-Mountain-ALPS-Shisha-Hookah-600x600.jpg",600,600,true],"woocommerce_gallery_thumbnail":["https:\/\/rmvapesale.com\/wp-content\/uploads\/2024\/11\/Cold-Mountain-ALPS-Shisha-Hookah-100x100.jpg",100,100,true],"wcpr-photo-reviews":["https:\/\/rmvapesale.com\/wp-content\/uploads\/2024\/11\/Cold-Mountain-ALPS-Shisha-Hookah.jpg",500,500,false]},"uagb_author_info":{"display_name":"AMY","author_link":"https:\/\/rmvapesale.com\/hr\/author\/"},"uagb_comment_info":0,"uagb_excerpt":"Cold Mountain Alps Disposable Vape With 30K Puffs Pod Cold Mountain Alps 30000 Puff EU Warehouse Wholesale COLD MOUNTAIN ALPS 30000 Puffs Disposable (Ship from EU warehouse and takes about 3-7 days\u00a0 to get arrive to most Europe countries like Netherlands, France, Italy, Spain, Switzerland, Sweden, Poland, etc. ) WhatsApp: +86 17776015835 &nbsp;","_links":{"self":[{"href":"https:\/\/rmvapesale.com\/hr\/wp-json\/wp\/v2\/product\/2644","targetHints":{"allow":["GET"]}}],"collection":[{"href":"https:\/\/rmvapesale.com\/hr\/wp-json\/wp\/v2\/product"}],"about":[{"href":"https:\/\/rmvapesale.com\/hr\/wp-json\/wp\/v2\/types\/product"}],"replies":[{"embeddable":true,"href":"https:\/\/rmvapesale.com\/hr\/wp-json\/wp\/v2\/comments?post=2644"}],"wp:featuredmedia":[{"embeddable":true,"href":"https:\/\/rmvapesale.com\/hr\/wp-json\/wp\/v2\/media\/2641"}],"wp:attachment":[{"href":"https:\/\/rmvapesale.com\/hr\/wp-json\/wp\/v2\/media?parent=2644"}],"wp:term":[{"taxonomy":"product_brand","embeddable":true,"href":"https:\/\/rmvapesale.com\/hr\/wp-json\/wp\/v2\/product_brand?post=2644"},{"taxonomy":"product_cat","embeddable":true,"href":"https:\/\/rmvapesale.com\/hr\/wp-json\/wp\/v2\/product_cat?post=2644"},{"taxonomy":"product_tag","embeddable":true,"href":"https:\/\/rmvapesale.com\/hr\/wp-json\/wp\/v2\/product_tag?post=2644"}],"curies":[{"name":"wp","href":"https:\/\/api.w.org\/{rel}","templated":true}]}}