{"id":2661,"date":"2024-11-04T06:37:48","date_gmt":"2024-11-04T06:37:48","guid":{"rendered":"https:\/\/rmvapesale.com\/?post_type=product&#038;p=2661"},"modified":"2024-11-04T07:54:04","modified_gmt":"2024-11-04T07:54:04","slug":"vopk-shisha-bar-20000-puffs-low-nicotine-rechargeable-disposable-vape-pen","status":"publish","type":"product","link":"https:\/\/rmvapesale.com\/hr\/product\/vopk-shisha-bar-20000-puffs-low-nicotine-rechargeable-disposable-vape-pen\/","title":{"rendered":"VOPK Shisha BAR 20000 Puffs Jednokratna vape olovka s niskim udjelom nikotina i mogu\u0107no\u0161\u0107u punjenja"},"content":{"rendered":"<div class=\"B2VR9 CJHX3e\">\n<div class=\"wyccme\">\n<h1 class=\"LC20lb MBeuO DKV0Md\">VOPK Shisha BAR 20000 Puffs Jednokratna vape olovka s niskim udjelom nikotina i mogu\u0107no\u0161\u0107u punjenja<\/h1>\n<div class=\"flex-shrink-0 flex flex-col relative items-end\">\n<div class=\"pt-0\">\n<div class=\"gizmo-bot-avatar flex h-8 w-8 items-center justify-center overflow-hidden rounded-full\">\n<div class=\"relative p-1 rounded-sm flex items-center justify-center bg-token-main-surface-primary text-token-text-primary h-8 w-8\">\n<p>Predstavljamo <strong>VOPK Shisha BAR 20000 Puffs Jednokratna vape olovka s niskim udjelom nikotina i mogu\u0107no\u0161\u0107u punjenja<\/strong>, ultimativni izbor za entuzijaste nargila i vapea koji tra\u017ee izuzetnu kvalitetu i performanse. Ovaj vrhunski ure\u0111aj nudi izvanredno <strong>20000 dimova<\/strong>, osiguravaju\u0107i produ\u017eeno iskustvo vapinga bez neugodnosti stalnih zamjena.<\/p>\n<p>Dizajniran da zadovolji razli\u010dite preferencije, the <strong>VOPK Shisha BAR<\/strong> dolazi s <strong>podesivim opcijama nikotina<\/strong> of <strong>0%, 2%, 3% i 5%<\/strong>, omogu\u0107uju\u0107i vam prilagodbu unosa nikotina. Veliki <strong>28ML kapacitet e-teku\u0107ine<\/strong> osigurava da mo\u017eete du\u017ee vapati s manje nadopuna, dok <strong>punjiva baterija od 850mAh<\/strong> cURL Too many subrequests. <strong>Type-C punjenje<\/strong> garantira u\u010dinkovito i brzo punjenje, \u0161to ga \u010dini idealnim za one koji su uvijek u pokretu.<\/p>\n<p>Ovaj <strong>VOPK Shisha BAR<\/strong> donosi najbolje od oba svijeta: tradicionalnu esenciju <strong>shisha bar<\/strong> okusa i modernu tehnologiju vapinga. Njegov elegantan i prenosiv dizajn \u010dini ga savr\u0161enim za kori\u0161tenje bilo gdje, bilo da ste u loungeu za nargilu ili u pokretu. S nizom \u017eivopisnih okusa i pouzdanim performansama, nije ni \u010dudo \u0161to <strong>VOPK<\/strong> se isti\u010de me\u0111u <strong>popularnim markama vape ure\u0111aja<\/strong> i je vrlo tra\u017een za <strong>veleprodajne vape proizvode<\/strong>.<\/p>\n<p>Za one koji \u017eele u\u017eivati u bogatoj kulturi <strong>nargila<\/strong> dok istovremeno u\u017eivaju u pogodnosti <strong>jednokratnom vapeu s mogu\u0107no\u0161\u0107u punjenja<\/strong>, <strong>VOPK Shisha BAR 20000<\/strong> je va\u0161 idealni suputnik. Otkrijte za\u0161to ovaj ure\u0111aj izaziva valove na tr\u017ei\u0161tu za <strong>markama jednokratnih vapeova<\/strong> i prigrlite vrhunsko iskustvo koje \u0107e vas natjerati da se vra\u0107ate po jo\u0161. Kupite svoj od <strong>jednokratne vape online<\/strong> ili ga nabavite na veliko za va\u0161 <strong>shisha bar<\/strong> s <strong>jednokratne nargile na veliko<\/strong> danas!<\/p>\n<p>Pripremite se za uranjanje u uzdignuti svijet okusa i performansi s <strong>VOPK Shisha BAR 20000 Pufova<\/strong> \u2014 va\u0161 kona\u010dni izbor u svijetu <strong>20000 pufova vape<\/strong>.<\/p>\n<\/div>\n<\/div>\n<\/div>\n<\/div>\n<\/div>\n<\/div>\n<p><strong>Kontaktirajte Amy da dobijete pravi odgovor i kupon za vape!<\/strong><\/p>\n<p><img loading=\"lazy\" decoding=\"async\" class=\"size-full wp-image-1978\" src=\"https:\/\/rmvapesale.com\/wp-content\/uploads\/2024\/09\/Disposable-Vape-Wholesale.jpg\" alt=\"Veleprodaja jednokratnih vejpova\" width=\"229\" height=\"300\" \/><\/p>\n<h3><a href=\"https:\/\/wa.me\/8617776015835\" target=\"_blank\" rel=\"noopener\"><span style=\"color: #ff0000\"><strong>WhatsApp: +86 17776015835<\/strong><\/span><\/a><\/h3>\n<p>&nbsp;<\/p>\n<h2><\/h2>\n<h2><strong>VOPK Shisha BAR 20000 Punjivi Jednokratni Vape <\/strong><strong>Klju\u010dne zna\u010dajke<\/strong><\/h2>\n<p>Punjenih 28ml E-juica<br \/>\ncURL Too many subrequests.<br \/>\nBroj Pufova: Otprilike 20000 Pufova<br \/>\n0% 2% 5% Ja\u010dina Nikotina<br \/>\nPunjenje putem USB Type-C (Nije uklju\u010deno)<br \/>\nLED zaslon pametni ekran<br \/>\nMTL Vaping<\/p>\n<figure id=\"attachment_2653\" aria-describedby=\"caption-attachment-2653\" style=\"width: 800px\" class=\"wp-caption alignnone\"><img loading=\"lazy\" decoding=\"async\" class=\"wp-image-2653 size-full\" src=\"https:\/\/rmvapesale.com\/wp-content\/uploads\/2024\/11\/VOPK-Shisha-BAR-20000-Low-Nicotine-Disposable-Vape.jpg\" alt=\"VOPK Shisha BAR 20000 Vape s Niskim Sadr\u017eajem Nikotina\" width=\"800\" height=\"799\" srcset=\"https:\/\/rmvapesale.com\/wp-content\/uploads\/2024\/11\/VOPK-Shisha-BAR-20000-Low-Nicotine-Disposable-Vape.jpg 800w, https:\/\/rmvapesale.com\/wp-content\/uploads\/2024\/11\/VOPK-Shisha-BAR-20000-Low-Nicotine-Disposable-Vape-300x300.jpg 300w, https:\/\/rmvapesale.com\/wp-content\/uploads\/2024\/11\/VOPK-Shisha-BAR-20000-Low-Nicotine-Disposable-Vape-150x150.jpg 150w, https:\/\/rmvapesale.com\/wp-content\/uploads\/2024\/11\/VOPK-Shisha-BAR-20000-Low-Nicotine-Disposable-Vape-768x767.jpg 768w, https:\/\/rmvapesale.com\/wp-content\/uploads\/2024\/11\/VOPK-Shisha-BAR-20000-Low-Nicotine-Disposable-Vape-600x599.jpg 600w, https:\/\/rmvapesale.com\/wp-content\/uploads\/2024\/11\/VOPK-Shisha-BAR-20000-Low-Nicotine-Disposable-Vape-100x100.jpg 100w\" sizes=\"auto, (max-width: 800px) 100vw, 800px\" \/><figcaption id=\"caption-attachment-2653\" class=\"wp-caption-text\">VOPK Shisha BAR 20000 Vape s Niskim Sadr\u017eajem Nikotina<\/figcaption><\/figure>\n<h2><strong>Vrhunski okus za <\/strong><strong>VOPK Shisha BAR 20000<\/strong><\/h2>\n<p>1. Borovnica na ledu <span style=\"color: #ff0000\"><strong>&gt;&gt;&gt;&gt; Vru\u0107e!<\/strong><\/span><br \/>\n2. Jagoda kivi<br \/>\n3. Mije\u0161ano bobi\u010dasto vo\u0107e <span style=\"color: #ff0000\"><strong>&gt;&gt;&gt;&gt; Najbolje!<\/strong><\/span><br \/>\n4.Jagoda i lubenica<br \/>\n5. Lubenica s ledom<br \/>\n6. Breskva mango ananas<br \/>\n7. Borovnica malina<br \/>\n8. Jagoda malina bombona<br \/>\n9. Lubenica tre\u0161nja <span style=\"color: #ff0000\"><strong>&gt;&gt;&gt;&gt; Vru\u0107e!<\/strong><\/span><br \/>\n10. Crna ribizla led<\/p>\n<figure id=\"attachment_2660\" aria-describedby=\"caption-attachment-2660\" style=\"width: 640px\" class=\"wp-caption alignnone\"><img loading=\"lazy\" decoding=\"async\" class=\"wp-image-2660 size-large\" src=\"https:\/\/rmvapesale.com\/wp-content\/uploads\/2024\/11\/VOPK-Shisha-Hookah-BAR-Disposable-Vape-Wholesale-640x1024.jpg\" alt=\"VOPK Shisha Hookah BAR Jednokratni vaporizator na veliko\" width=\"640\" height=\"1024\" srcset=\"https:\/\/rmvapesale.com\/wp-content\/uploads\/2024\/11\/VOPK-Shisha-Hookah-BAR-Disposable-Vape-Wholesale-640x1024.jpg 640w, https:\/\/rmvapesale.com\/wp-content\/uploads\/2024\/11\/VOPK-Shisha-Hookah-BAR-Disposable-Vape-Wholesale-188x300.jpg 188w, https:\/\/rmvapesale.com\/wp-content\/uploads\/2024\/11\/VOPK-Shisha-Hookah-BAR-Disposable-Vape-Wholesale-768x1229.jpg 768w, https:\/\/rmvapesale.com\/wp-content\/uploads\/2024\/11\/VOPK-Shisha-Hookah-BAR-Disposable-Vape-Wholesale-600x960.jpg 600w, https:\/\/rmvapesale.com\/wp-content\/uploads\/2024\/11\/VOPK-Shisha-Hookah-BAR-Disposable-Vape-Wholesale.jpg 800w\" sizes=\"auto, (max-width: 640px) 100vw, 640px\" \/><figcaption id=\"caption-attachment-2660\" class=\"wp-caption-text\">VOPK Shisha Hookah BAR Jednokratni vaporizator na veliko<\/figcaption><\/figure>\n<h3><strong>Za\u0161to odabrati Rmvapesale za <\/strong><strong>VOPK Shisha BAR Jednokratni vaporizator<\/strong><strong>Veleprodaja Vape proizvoda<\/strong><strong>?<\/strong><\/h3>\n<div class=\"flex-shrink-0 flex flex-col relative items-end\">\n<div class=\"pt-0\">\n<div class=\"gizmo-bot-avatar flex h-8 w-8 items-center justify-center overflow-hidden rounded-full\">\n<div class=\"relative p-1 rounded-sm flex items-center justify-center bg-token-main-surface-primary text-token-text-primary h-8 w-8\">\n<p>Dobrodo\u0161li u Rmvapesale, va\u0161u pouzdanu vape trgovinu za vrhunske jednokratne vape. S vi\u0161e od 5 godina iskustva, donosimo vam popularne marke jednokratnih vape proizvoda kao \u0161to su Al Fakher, <a href=\"https:\/\/rmvapesale.com\/hr\/product\/vapme-crystal-7000-puffs-rechargeable-disposable-vape-price\/\">Vapme<\/a>, <a href=\"https:\/\/rmvapesale.com\/hr\/product-category\/bang-vapes\/\">Bang Vape<\/a>, Waspe, <a href=\"https:\/\/rmvapesale.com\/hr\/product\/wga-crystal-pro-max-extra-15k-puffs-disposable-vape-wholesale\/\">WGA<\/a> Vape i<a href=\"https:\/\/rmvapesale.com\/hr\/product-category\/randm-fumot-vape\/\"> RandM Vape<\/a>.<\/p>\n<p>Na\u0161a ponuda uklju\u010duje popularne vape proizvode poput <a href=\"https:\/\/rmvapesale.com\/hr\/product\/fumot-digital-box-12000-disposable-vape-pink-lemonade-flavor\/\">RandM 12k<\/a> i izbore bogate okusima poput <a href=\"https:\/\/rmvapesale.com\/hr\/product\/wga-crystal-plus-20000-puff-dual-flavour-disposable-vape\/\">WGA 20K Puh<\/a>. Svaki proizvod odabran je s fokusom na kvalitetu, vrijednost i raznolikost, osiguravaju\u0107i da prona\u0111ete savr\u0161eni odabir za svoje potrebe. Otkrijte iznimnu uslugu i \u0161irok raspon vrhunskih proizvoda u Rmvapesale.<\/p>\n<\/div>\n<h3><\/h3>\n<div class=\"relative p-1 rounded-sm flex items-center justify-center bg-token-main-surface-primary text-token-text-primary h-8 w-8\">\n<h3><b>VOPK Shisha BAR 20000 Udisaja FAQ o vaporizatorima<\/b><\/h3>\n<p><strong>1. Kako da znam kada je moj jednokratni vape prazan?<\/strong><br \/>\nKada va\u0161 <strong>VOPK Shisha BAR 20000<\/strong> jednokratni vaporizator po\u010dne slabije proizvoditi paru ili oslabiti okus, mo\u017eda \u0107ete primijetiti pad u proizvodnji pare. Ugra\u0111eni <strong>pametni zaslon<\/strong> na ure\u0111aju tako\u0111er \u0107e pokazati preostalu razinu e-teku\u0107ine. Ako zaslon prikazuje da je e-teku\u0107ina potro\u0161ena, vrijeme je za zamjenu vaporizatora.<\/p>\n<p><strong>2. Koliko vremena treba za punjenje VOPK Shisha 20000?<\/strong><br \/>\nPunjenje va\u0161eg <strong>VOPK Shisha 20000<\/strong> obi\u010dno traje oko 1,5 do 2 sata koriste\u0107i <strong>Type-C priklju\u010dak za punjenje<\/strong>. Pazite da koristite pouzdanu punja\u010d kako biste osigurali sigurno i u\u010dinkovito punjenje. Nakon \u0161to je potpuno napunjena, ure\u0111aj je dizajniran za podr\u0161ku produ\u017eenim sesijama pu\u0161enja.<\/p>\n<p><strong>3. Koliko nikotina ima u VOPK Shisha \u0161ejki 20000?<\/strong><br \/>\nOvaj <strong>VOPK Shisha BAR 20000<\/strong> dolazi s podesivim opcijama ja\u010dine nikotina, omogu\u0107uju\u0107i vam odabir izme\u0111u <strong>0%, 2%, 3% i 5% nikotina<\/strong>. Ova prilagodba osigurava potpunu kontrolu nad unosom nikotina, \u010dine\u0107i ga prikladnim za razli\u010dite preferencije.<\/p>\n<p><strong>4. Gdje kupiti VOPK Shisha \u0161ejku 20000 Puff po veleprodajnoj cijeni?<\/strong><br \/>\nMo\u017eete kupiti <strong>VOPK Shisha BAR 20000 Puff<\/strong> po veleprodajnim cijenama od pouzdanih <strong>veleprodaja vape<\/strong> dobavlja\u010da. Za najbolje ponude, posjetite ugledne <strong>'vape' trgovine<\/strong> ili provjerite <strong>online platforme<\/strong> koje se specijaliziraju za <strong>jednokratne vapeove<\/strong> i <strong>veleprodajne opcije za vape<\/strong> opcijama.<\/p>\n<p><strong>5. Mogu li ponijeti jednokratni vape na avion?<\/strong><br \/>\nDa, mo\u017eete ponijeti svoj <strong>VOPK Shisha BAR 20000<\/strong> jednokratni vape na avion, ali postoje smjernice koje treba slijediti. Ure\u0111aj bi trebao biti u va\u0161em <strong>ru\u010dnoj prtljazi<\/strong>, jer elektroni\u010dki ure\u0111aji za vaping op\u0107enito nisu dopu\u0161teni u prijavljenom prtljagu. Provjerite specifi\u010dne propise zrakoplovne kompanije i osigurajte da je vape isklju\u010den tijekom leta kako biste sprije\u010dili slu\u010dajno aktiviranje.<\/p>\n<\/div>\n<\/div>\n<\/div>\n<\/div>\n<h3>O isporuci<\/h3>\n<div class=\"flex-shrink-0 flex flex-col relative items-end\">\n<div>\n<div class=\"pt-0\">\n<div class=\"gizmo-bot-avatar flex h-8 w-8 items-center justify-center overflow-hidden rounded-full\">\n<div><\/div>\n<div class=\"relative p-1 rounded-sm flex items-center justify-center bg-token-main-surface-primary text-token-text-primary h-8 w-8\"><strong>1. Koje metode dostave se koriste?<\/strong><\/div>\n<\/div>\n<\/div>\n<\/div>\n<\/div>\n<div class=\"group\/conversation-turn relative flex w-full min-w-0 flex-col agent-turn\">\n<div class=\"flex-col gap-1 md:gap-3\">\n<div class=\"flex max-w-full flex-col flex-grow\">\n<div class=\"min-h-[20px] text-message flex w-full flex-col items-end gap-2 whitespace-normal break-words [.text-message+&amp;]:mt-5 overflow-x-auto\" dir=\"auto\" data-message-author-role=\"assistant\" data-message-id=\"22f8283b-3233-46ff-89a5-c7a41b33abda\">\n<div class=\"flex w-full flex-col gap-1 empty:hidden first:pt-[3px]\">\n<div class=\"markdown prose w-full break-words dark:prose-invert light\">\n<p>Sura\u0111ujemo s UPS-om, DHL-om, FedEx-om, DPD-om i drugim vode\u0107im prijevoznicima. Odabrat \u0107emo najbolju metodu dostave na temelju va\u0161e lokacije kako bismo osigurali da svoje proizvode primite \u0161to je prije mogu\u0107e.<\/p>\n<\/div>\n<p><strong>2. Koliko dugo traje dostava?<\/strong><\/p>\n<p>Paketi poslani u Hrvatsku obi\u010dno sti\u017eu unutar 10 radnih dana. Dostava u europske zemlje op\u0107enito traje oko 12-15 radnih dana. Pru\u017eit \u0107emo vam a\u017euriranja o statusu va\u0161e po\u0161iljke u stvarnom vremenu.<\/p>\n<\/div>\n<\/div>\n<\/div>\n<\/div>\n<\/div>\n<p>&nbsp;<\/p>\n<p>Prona\u0111ite vi\u0161e Vape proizvoda koji bi vam se mogli svidjeti:<strong><em><a href=\"https:\/\/rmvapesale.com\/hr\/shop-2\/\">kupite sada &gt;&gt;&gt;<\/a><\/em><\/strong><\/p>","protected":false},"excerpt":{"rendered":"<p>VOPK Shisha Nargila BAR Veleprodaja 20000 Pufova Kupnja na Veliko<br \/>\nVOPK Shisha BAR 20000 Pufova 0% 2% 3% 5% Niska Nikotina Jednokratni Vape Veleprodaja<br \/>\nShisha Nargila VOPK 20000 Pufova Kupnja na Veliko Punjivi Jednokratni Vape<\/p>\n<p><img loading=\"lazy\" decoding=\"async\" class=\"size-full wp-image-2375\" src=\"https:\/\/rmvapesale.com\/wp-content\/uploads\/2024\/10\/image.png\" alt=\"Najbolji jednokratni vejp\" width=\"229\" height=\"300\" \/><\/p>\n<h3><a href=\"https:\/\/wa.me\/8617776015835\"><span style=\"color: #ff0000\"><strong>WhatsApp: +86 17776015835<\/strong><\/span><\/a><\/h3>\n<p>&nbsp;<\/p>","protected":false},"featured_media":2657,"comment_status":"open","ping_status":"closed","template":"","meta":{"_uag_custom_page_level_css":"","_lmt_disableupdate":"no","_lmt_disable":"","site-sidebar-layout":"default","site-content-layout":"content-boxed-container","ast-site-content-layout":"normal-width-container","site-content-style":"boxed","site-sidebar-style":"unboxed","ast-global-header-display":"","ast-banner-title-visibility":"","ast-main-header-display":"","ast-hfb-above-header-display":"","ast-hfb-below-header-display":"","ast-hfb-mobile-header-display":"","site-post-title":"","ast-breadcrumbs-content":"","ast-featured-img":"","footer-sml-layout":"","theme-transparent-header-meta":"default","adv-header-id-meta":"","stick-header-meta":"","header-above-stick-meta":"","header-main-stick-meta":"","header-below-stick-meta":"","astra-migrate-meta-layouts":"set","ast-page-background-enabled":"default","ast-page-background-meta":{"desktop":{"background-color":"var(--ast-global-color-4)","background-image":"","background-repeat":"repeat","background-position":"center center","background-size":"auto","background-attachment":"scroll","background-type":"","background-media":"","overlay-type":"","overlay-color":"","overlay-opacity":"","overlay-gradient":""},"tablet":{"background-color":"","background-image":"","background-repeat":"repeat","background-position":"center center","background-size":"auto","background-attachment":"scroll","background-type":"","background-media":"","overlay-type":"","overlay-color":"","overlay-opacity":"","overlay-gradient":""},"mobile":{"background-color":"","background-image":"","background-repeat":"repeat","background-position":"center center","background-size":"auto","background-attachment":"scroll","background-type":"","background-media":"","overlay-type":"","overlay-color":"","overlay-opacity":"","overlay-gradient":""}},"ast-content-background-meta":{"desktop":{"background-color":"var(--ast-global-color-5)","background-image":"","background-repeat":"repeat","background-position":"center center","background-size":"auto","background-attachment":"scroll","background-type":"","background-media":"","overlay-type":"","overlay-color":"","overlay-opacity":"","overlay-gradient":""},"tablet":{"background-color":"var(--ast-global-color-5)","background-image":"","background-repeat":"repeat","background-position":"center center","background-size":"auto","background-attachment":"scroll","background-type":"","background-media":"","overlay-type":"","overlay-color":"","overlay-opacity":"","overlay-gradient":""},"mobile":{"background-color":"var(--ast-global-color-5)","background-image":"","background-repeat":"repeat","background-position":"center center","background-size":"auto","background-attachment":"scroll","background-type":"","background-media":"","overlay-type":"","overlay-color":"","overlay-opacity":"","overlay-gradient":""}},"_joinchat":[]},"product_brand":[],"product_cat":[15,25,123,26,28,135,27,137,136,30],"product_tag":[146,188,200,167,165,180,120],"class_list":{"0":"post-2661","1":"product","2":"type-product","3":"status-publish","4":"has-post-thumbnail","6":"product_cat-new-vape-this-week","7":"product_cat-germany-best-selling-vape","8":"product_cat-italy-wholesale-vape","9":"product_cat-netherlands-hot-sale-vape","10":"product_cat-poland-hot-sale-vape","11":"product_cat-spain-best-hot-sale-vape","12":"product_cat-fance-hot-sale-vape","13":"product_cat-rechargeable-vapes","14":"product_cat-smart-screen-vapes","15":"product_cat-minimum-order-quantity-50pcs","16":"product_tag-best-hot-sale-vape","17":"product_tag-buy-vapes-online","18":"product_tag-disposable-hookah-wholesale","19":"product_tag-disposable-vape-with-screen","20":"product_tag-rechargeable-vapes","21":"product_tag-shisha-bar","22":"product_tag-vape-wholesale","23":"desktop-align-left","24":"tablet-align-left","25":"mobile-align-left","27":"first","28":"instock","29":"sale","30":"shipping-taxable","31":"purchasable","32":"product-type-simple"},"uagb_featured_image_src":{"full":["https:\/\/rmvapesale.com\/wp-content\/uploads\/2024\/11\/VOPK-Shisha-Hookah-BAR-20000-Puff-Disposable-Vape.jpg",800,800,false],"thumbnail":["https:\/\/rmvapesale.com\/wp-content\/uploads\/2024\/11\/VOPK-Shisha-Hookah-BAR-20000-Puff-Disposable-Vape-150x150.jpg",150,150,true],"medium":["https:\/\/rmvapesale.com\/wp-content\/uploads\/2024\/11\/VOPK-Shisha-Hookah-BAR-20000-Puff-Disposable-Vape-300x300.jpg",300,300,true],"medium_large":["https:\/\/rmvapesale.com\/wp-content\/uploads\/2024\/11\/VOPK-Shisha-Hookah-BAR-20000-Puff-Disposable-Vape-768x768.jpg",768,768,true],"large":["https:\/\/rmvapesale.com\/wp-content\/uploads\/2024\/11\/VOPK-Shisha-Hookah-BAR-20000-Puff-Disposable-Vape.jpg",800,800,false],"1536x1536":["https:\/\/rmvapesale.com\/wp-content\/uploads\/2024\/11\/VOPK-Shisha-Hookah-BAR-20000-Puff-Disposable-Vape.jpg",800,800,false],"2048x2048":["https:\/\/rmvapesale.com\/wp-content\/uploads\/2024\/11\/VOPK-Shisha-Hookah-BAR-20000-Puff-Disposable-Vape.jpg",800,800,false],"trp-custom-language-flag":["https:\/\/rmvapesale.com\/wp-content\/uploads\/2024\/11\/VOPK-Shisha-Hookah-BAR-20000-Puff-Disposable-Vape.jpg",12,12,false],"woocommerce_thumbnail":["https:\/\/rmvapesale.com\/wp-content\/uploads\/2024\/11\/VOPK-Shisha-Hookah-BAR-20000-Puff-Disposable-Vape-300x300.jpg",300,300,true],"woocommerce_single":["https:\/\/rmvapesale.com\/wp-content\/uploads\/2024\/11\/VOPK-Shisha-Hookah-BAR-20000-Puff-Disposable-Vape-600x600.jpg",600,600,true],"woocommerce_gallery_thumbnail":["https:\/\/rmvapesale.com\/wp-content\/uploads\/2024\/11\/VOPK-Shisha-Hookah-BAR-20000-Puff-Disposable-Vape-100x100.jpg",100,100,true],"wcpr-photo-reviews":["https:\/\/rmvapesale.com\/wp-content\/uploads\/2024\/11\/VOPK-Shisha-Hookah-BAR-20000-Puff-Disposable-Vape.jpg",500,500,false]},"uagb_author_info":{"display_name":"AMY","author_link":"https:\/\/rmvapesale.com\/hr\/author\/"},"uagb_comment_info":0,"uagb_excerpt":"VOPK Shisha Hookah BAR Wholesale 20000 Puffs Bulk Buy VOPK Shisha BAR 20000 Puffs 0% 2% 3% 5% Low Nicotine Disposable Vape Wholesale Shisha Hookah VOPK 20000 Puffs Bulk Buy Rechargeable Disposable Vape WhatsApp: +86 17776015835 &nbsp;","_links":{"self":[{"href":"https:\/\/rmvapesale.com\/hr\/wp-json\/wp\/v2\/product\/2661","targetHints":{"allow":["GET"]}}],"collection":[{"href":"https:\/\/rmvapesale.com\/hr\/wp-json\/wp\/v2\/product"}],"about":[{"href":"https:\/\/rmvapesale.com\/hr\/wp-json\/wp\/v2\/types\/product"}],"replies":[{"embeddable":true,"href":"https:\/\/rmvapesale.com\/hr\/wp-json\/wp\/v2\/comments?post=2661"}],"wp:featuredmedia":[{"embeddable":true,"href":"https:\/\/rmvapesale.com\/hr\/wp-json\/wp\/v2\/media\/2657"}],"wp:attachment":[{"href":"https:\/\/rmvapesale.com\/hr\/wp-json\/wp\/v2\/media?parent=2661"}],"wp:term":[{"taxonomy":"product_brand","embeddable":true,"href":"https:\/\/rmvapesale.com\/hr\/wp-json\/wp\/v2\/product_brand?post=2661"},{"taxonomy":"product_cat","embeddable":true,"href":"https:\/\/rmvapesale.com\/hr\/wp-json\/wp\/v2\/product_cat?post=2661"},{"taxonomy":"product_tag","embeddable":true,"href":"https:\/\/rmvapesale.com\/hr\/wp-json\/wp\/v2\/product_tag?post=2661"}],"curies":[{"name":"wp","href":"https:\/\/api.w.org\/{rel}","templated":true}]}}