{"id":2670,"date":"2024-11-05T09:03:06","date_gmt":"2024-11-05T09:03:06","guid":{"rendered":"https:\/\/rmvapesale.com\/?post_type=product&#038;p=2670"},"modified":"2024-11-05T09:49:38","modified_gmt":"2024-11-05T09:49:38","slug":"elfbar-combo-25000-puffs-rechargeable-disposable-vape-wholesale","status":"publish","type":"product","link":"https:\/\/rmvapesale.com\/hr\/product\/elfbar-combo-25000-puffs-rechargeable-disposable-vape-wholesale\/","title":{"rendered":"Veleprodaja ElfBar Combo 25000 Puffs Punjiva jednokratna vape olovka"},"content":{"rendered":"<div class=\"B2VR9 CJHX3e\">\n<div class=\"wyccme\">\n<h1 class=\"LC20lb MBeuO DKV0Md\">Veleprodaja ElfBar Combo 25000 Puffs Punjiva jednokratna vape olovka<\/h1>\n<div class=\"flex-shrink-0 flex flex-col relative items-end\">\n<div class=\"pt-0\">\n<div class=\"gizmo-bot-avatar flex h-8 w-8 items-center justify-center overflow-hidden rounded-full\">\n<div class=\"relative p-1 rounded-sm flex items-center justify-center bg-token-main-surface-primary text-token-text-primary h-8 w-8\">\n<p>Ovaj <strong>Elfbar Combo 25000 udisaja jednokratna e-cigareta<\/strong> je inovativan i svestran ure\u0111aj za vaping, dizajniran da revolucionira va\u0161e iskustvo. S elegantnim i modernim dizajnom, kombinira <strong>dvije razli\u010dite arome<\/strong> i nudi <strong>dvostruke na\u010dine vapinga<\/strong>, pru\u017eaju\u0107i vam neusporedivu raznolikost i zadovoljstvo. Ovaj se ure\u0111aj isti\u010de <strong>popularne marke jednokratnih vapeova<\/strong> zbog svoje vrhunske tehnologije i prakti\u010dnosti.<\/p>\n<h3><strong>\u010cista<\/strong><\/h3>\n<p>U\u017eivajte u nevjerojatnoj kombinaciji okusa <strong>Zelena Jabuka<\/strong> i <strong>Dvostruka Jabuka Shisha<\/strong>, stru\u010dno pomije\u0161anih kako bi pru\u017eili osvje\u017eavaju\u0107e iskustvo okusa inspirirano shishom. The <strong>ElfBar Podovi Combo 25000<\/strong> osigurava da je svaki udah gladak i pun okusa, \u010dine\u0107i ga jednim od <strong>najboljih jednokratnih vejpova 2024. godine<\/strong>.<\/p>\n<h3><strong>Visoki Broj Udisaja<\/strong><\/h3>\n<p>U\u017eivajte u do <strong>25.000 udisaja<\/strong> iz 25 ml rezervoara za e-teku\u0107inu, \u0161to vam pru\u017ea dugotrajno zadovoljstvo bez muke s \u010destim zamjenama. Ovaj ure\u0111aj je savr\u0161en za one koji \u017eele dulje kori\u0161tenje, bilo u pokretu ili za svakodnevno u\u017eivanje.<\/p>\n<h3><strong>Pametni zaslon<\/strong><\/h3>\n<p>Opremljen s <strong>pametni zaslon<\/strong>, <strong>Elf bar Combo 25000<\/strong> daje vam a\u017euriranja u stvarnom vremenu o na\u010dinu okusa, razini snage, statusu e-teku\u0107ine i trajanju baterije. <strong>Profanjen dvostruki sustav protoka zraka<\/strong> pru\u017ea prilagodljive opcije, pobolj\u0161avaju\u0107i va\u0161e iskustvo parenja s \u010distom i dosljednom parom.<\/p>\n<h3><strong>Punjivo za prakti\u010dnost<\/strong><\/h3>\n<p>Recite zbogom neugodnosti jednokratnih vapa, s <strong>punjiva baterija od 850mAh<\/strong>. U\u010dinkovit dizajn, uparen s prakti\u010dnim <strong>Type-C brzo punjenje<\/strong>, osigurava minimalno vrijeme zastoja izme\u0111u kori\u0161tenja, \u0161to ga \u010dini izvanrednim izborom me\u0111u <strong>punjivi vapes<\/strong>.<\/p>\n<h3><strong>Vrhunska ja\u010dina nikotina<\/strong><\/h3>\n<p>S <strong>5% (50 mg) koncentracijom nikotina<\/strong>, <strong>Elf Bar Combo 25000<\/strong> nudi zadovoljavaju\u0107i pogodak koji je savr\u0161en za vapere koji tra\u017ee sna\u017eno nikotinsko iskustvo.<\/p>\n<h3><strong>Dostupnost veleprodaje<\/strong><\/h3>\n<p>Ovaj <strong>Elfbar Combo 25000<\/strong> dostupan je na <strong>veleprodajne opcije za vape<\/strong> cijenama, \u0161to ga \u010dini idealnom opcijom za trgovce i distributere koji \u017eele nadopuniti zalihe <strong>popularnih 'vapeova'<\/strong>. Posjetite ugledne <strong>'vape' trgovine<\/strong> ili kupujte preko <strong>jednokratne vape online<\/strong> dobavlja\u010da kako biste dobili najbolje ponude za <strong>Elf Bar<\/strong> proizvode.<\/p>\n<p>Za one u potrazi za iznimnim <strong>puff vape<\/strong> koji besprijekorno kombinira okus, inovaciju i prakti\u010dnost, <strong>Elfbar Combo 25000 Puffs<\/strong> je ultimativni izbor. Do\u017eivite najbolje od tehnologije vapinga s ovim <strong>ELF BAR<\/strong> \u010dudom.<\/p>\n<p>Nabavite svoj danas od <strong>ELFBAR<\/strong> distributera i pridru\u017eite se zajednici zadovoljnih vapera koji u\u017eivaju u jednom od <strong>najboljih brendova jednokratnih elektronskih cigareta<\/strong> u industriji!<\/p>\n<\/div>\n<\/div>\n<\/div>\n<\/div>\n<\/div>\n<\/div>\n<p><strong>Kontaktirajte Amy da dobijete pravi odgovor i kupon za vape!<\/strong><\/p>\n<p><img loading=\"lazy\" decoding=\"async\" class=\"size-full wp-image-1978\" src=\"https:\/\/rmvapesale.com\/wp-content\/uploads\/2024\/09\/Disposable-Vape-Wholesale.jpg\" alt=\"Veleprodaja jednokratnih vejpova\" width=\"229\" height=\"300\" \/><\/p>\n<h3><a href=\"https:\/\/wa.me\/8617776015835\" target=\"_blank\" rel=\"noopener\"><span style=\"color: #ff0000\"><strong>WhatsApp: +86 17776015835<\/strong><\/span><\/a><\/h3>\n<p>&nbsp;<\/p>\n<h2><\/h2>\n<h2><strong>ElfBar Combo 25000 punjivi Vape <\/strong><strong>Klju\u010dne zna\u010dajke<\/strong><\/h2>\n<p>Model: COMBO 25000<br \/>\nOkusi: Zelena jabuka + Dupla jabuka \u0161isha<br \/>\nUdisaji: 25000<br \/>\nJa\u010dina nikotina: 5% (50 mg)<br \/>\nZapremina teku\u0107ine: 25 ml<br \/>\nBaterija<br \/>\nKapacitet baterije: 700mAh<\/p>\n<p>&nbsp;<\/p>\n<h2><strong>Najbolji okus za ElfBar Combo 25000 Puffs<\/strong><\/h2>\n<p>&nbsp;<\/p>\n<p>1.Lubenica+Jagoda <span style=\"color: #ff0000\"><strong>&gt;&gt;&gt;&gt; Vru\u0107e!<\/strong><\/span><br \/>\n2.Jabuka+Sok od breskve<br \/>\n3.Gro\u017e\u0111e+Mary Pi\u0107e<br \/>\n4.Zeleno gro\u017e\u0111e+Gro\u017e\u0111e <span style=\"color: #ff0000\"><strong>&gt;&gt;&gt;&gt; Najbolje!<\/strong><\/span><br \/>\n5.Zelena jabuka+Dupla jabuka<br \/>\n6.Limeta+Ananas<br \/>\n7.Breskva Mango+Lubenica <span style=\"color: #ff0000\"><strong>&gt;&gt;&gt;&gt; Vru\u0107e!<\/strong><\/span><\/p>\n<figure id=\"attachment_2663\" aria-describedby=\"caption-attachment-2663\" style=\"width: 286px\" class=\"wp-caption alignnone\"><img loading=\"lazy\" decoding=\"async\" class=\"size-medium wp-image-2663\" src=\"https:\/\/rmvapesale.com\/wp-content\/uploads\/2024\/11\/Elf-Bar-COMBO-25000-Disposable-Vape-286x300.jpg\" alt=\"Elf Bar COMBO 25000 Jednokratni Vejp\" width=\"286\" height=\"300\" srcset=\"https:\/\/rmvapesale.com\/wp-content\/uploads\/2024\/11\/Elf-Bar-COMBO-25000-Disposable-Vape-286x300.jpg 286w, https:\/\/rmvapesale.com\/wp-content\/uploads\/2024\/11\/Elf-Bar-COMBO-25000-Disposable-Vape-975x1024.jpg 975w, https:\/\/rmvapesale.com\/wp-content\/uploads\/2024\/11\/Elf-Bar-COMBO-25000-Disposable-Vape-768x806.jpg 768w, https:\/\/rmvapesale.com\/wp-content\/uploads\/2024\/11\/Elf-Bar-COMBO-25000-Disposable-Vape-600x630.jpg 600w, https:\/\/rmvapesale.com\/wp-content\/uploads\/2024\/11\/Elf-Bar-COMBO-25000-Disposable-Vape.jpg 1000w\" sizes=\"auto, (max-width: 286px) 100vw, 286px\" \/><figcaption id=\"caption-attachment-2663\" class=\"wp-caption-text\">Elf Bar COMBO 25000 Jednokratni Vejp<\/figcaption><\/figure>\n<h3><strong>Za\u0161to odabrati Rmvapesale za Elf Bar <\/strong><strong>Jednokratni Vape<\/strong><strong>Veleprodaja Vape proizvoda<\/strong><strong>?<\/strong><\/h3>\n<div class=\"flex-shrink-0 flex flex-col relative items-end\">\n<div class=\"pt-0\">\n<div class=\"gizmo-bot-avatar flex h-8 w-8 items-center justify-center overflow-hidden rounded-full\">\n<div class=\"relative p-1 rounded-sm flex items-center justify-center bg-token-main-surface-primary text-token-text-primary h-8 w-8\">\n<p>Dobrodo\u0161li u Rmvapesale, va\u0161u pouzdanu vape trgovinu za vrhunske jednokratne vape. S vi\u0161e od 5 godina iskustva, donosimo vam popularne marke jednokratnih vape proizvoda kao \u0161to su Al Fakher, <a href=\"https:\/\/rmvapesale.com\/hr\/product\/vapme-crystal-7000-puffs-rechargeable-disposable-vape-price\/\">Vapme<\/a>, <a href=\"https:\/\/rmvapesale.com\/hr\/product-category\/bang-vapes\/\">Bang Vape<\/a>, Waspe, <a href=\"https:\/\/rmvapesale.com\/hr\/product\/wga-crystal-pro-max-extra-15k-puffs-disposable-vape-wholesale\/\">WGA<\/a> Vape i<a href=\"https:\/\/rmvapesale.com\/hr\/product-category\/randm-fumot-vape\/\"> RandM Vape<\/a>.<\/p>\n<p>Na\u0161a ponuda uklju\u010duje popularne vape proizvode poput <a href=\"https:\/\/rmvapesale.com\/hr\/product\/fumot-digital-box-12000-disposable-vape-pink-lemonade-flavor\/\">RandM 12k<\/a> i izbore bogate okusima poput <a href=\"https:\/\/rmvapesale.com\/hr\/product\/wga-crystal-plus-20000-puff-dual-flavour-disposable-vape\/\">WGA 20K Puh<\/a>. Svaki proizvod odabran je s fokusom na kvalitetu, vrijednost i raznolikost, osiguravaju\u0107i da prona\u0111ete savr\u0161eni odabir za svoje potrebe. Otkrijte iznimnu uslugu i \u0161irok raspon vrhunskih proizvoda u Rmvapesale.<\/p>\n<\/div>\n<h3><\/h3>\n<div class=\"relative p-1 rounded-sm flex items-center justify-center bg-token-main-surface-primary text-token-text-primary h-8 w-8\">\n<h3><b>Elf Bar Vape COMBO 25000 Udaha \u010cesta Pitanja<\/b><\/h3>\n<\/div>\n<h3>1. <strong>Kako znam kada je moj ElfBar jednokratni vejp pod prazan?<\/strong><\/h3>\n<ul>\n<li>Ovaj <strong>pametni zaslon<\/strong> na Elf Bar Combo 25000 pru\u017ea jasan pokazatelj razine va\u0161e e-teku\u0107ine. Kada zaslon pokazuje da je status e-teku\u0107ine nizak ili prazan, ili ako primijetite zna\u010dajan pad okusa i proizvodnje pare, vrijeme je za zamjenu ure\u0111aja.<\/li>\n<\/ul>\n<h3>2. <strong>Koliko dugo je potrebno za punjenje ElfBar Combo 25000 Udaha?<\/strong><\/h3>\n<ul>\n<li>Elf Bar Combo 25000 dolazi s <strong>700mAh punjivom baterijom<\/strong> i brzo se puni putem <strong>Type-C priklju\u010dak za punjenje<\/strong>. Obi\u010dno je potrebno oko <strong>1 do 2 sata<\/strong> za potpuno punjenje, ovisno o izvoru napajanja.<\/li>\n<\/ul>\n<h3>3. <strong>Koliko nikotina ima u Elf Bar Vape Combo 25000 Udahu?<\/strong><\/h3>\n<ul>\n<li>Elf Bar Combo 25000 sadr\u017ei <strong>5% (50 mg) ja\u010dine nikotina<\/strong>, \u0161to pru\u017ea sna\u017eno i zadovoljavaju\u0107e iskustvo pogodno za one koji preferiraju vi\u0161e koncentracije nikotina.<\/li>\n<\/ul>\n<h3>4. <strong>Gdje mogu kupiti ElfBar Combo 25000 Udaha po veleprodajnim cijenama?<\/strong><\/h3>\n<ul>\n<li>Mo\u017eete kupiti Elf Bar Combo 25000 Udaha u <strong>veleprodajnim cijenama<\/strong> od raznih online distributera vejpa ili specijaliziranih <strong>veleprodajnih dobavlja\u010da vejpa<\/strong>. Provjerite pouzdane <strong>'vape' trgovine<\/strong> i internetske trgovine koje nude <strong>opcije kupnje na veliko<\/strong> za Elf Bar proizvode.<\/li>\n<\/ul>\n<h3>5. <strong>Mogu li unijeti jednokratni vejp u avion?<\/strong><\/h3>\n<ul>\n<li>Da, mo\u017eete ponijeti <strong>jednokratni vejp<\/strong> na avion, ali mora biti zapakiran u va\u0161oj <strong>ru\u010dnoj prtljazi<\/strong>. Provjerite je li ure\u0111aj isklju\u010den i sigurno pohranjen te ne zaboravite provjeriti specifi\u010dne propise zrakoplovne tvrtke i pravila o elektroni\u010dkim cigaretama odredi\u0161ne zemlje.<\/li>\n<\/ul>\n<\/div>\n<\/div>\n<\/div>\n<h3>O isporuci<\/h3>\n<div class=\"flex-shrink-0 flex flex-col relative items-end\">\n<div>\n<div class=\"pt-0\">\n<div class=\"gizmo-bot-avatar flex h-8 w-8 items-center justify-center overflow-hidden rounded-full\">\n<div><\/div>\n<div class=\"relative p-1 rounded-sm flex items-center justify-center bg-token-main-surface-primary text-token-text-primary h-8 w-8\"><strong>1. Koje metode dostave se koriste?<\/strong><\/div>\n<\/div>\n<\/div>\n<\/div>\n<\/div>\n<div class=\"group\/conversation-turn relative flex w-full min-w-0 flex-col agent-turn\">\n<div class=\"flex-col gap-1 md:gap-3\">\n<div class=\"flex max-w-full flex-col flex-grow\">\n<div class=\"min-h-[20px] text-message flex w-full flex-col items-end gap-2 whitespace-normal break-words [.text-message+&amp;]:mt-5 overflow-x-auto\" dir=\"auto\" data-message-author-role=\"assistant\" data-message-id=\"22f8283b-3233-46ff-89a5-c7a41b33abda\">\n<div class=\"flex w-full flex-col gap-1 empty:hidden first:pt-[3px]\">\n<div class=\"markdown prose w-full break-words dark:prose-invert light\">\n<p>Sura\u0111ujemo s UPS-om, DHL-om, FedEx-om, DPD-om i drugim vode\u0107im prijevoznicima. Odabrat \u0107emo najbolju metodu dostave na temelju va\u0161e lokacije kako bismo osigurali da svoje proizvode primite \u0161to je prije mogu\u0107e.<\/p>\n<\/div>\n<p><strong>2. Koliko dugo traje dostava?<\/strong><\/p>\n<p>Paketi poslani u Hrvatsku obi\u010dno sti\u017eu unutar 10 radnih dana. Dostava u europske zemlje op\u0107enito traje oko 12-15 radnih dana. Pru\u017eit \u0107emo vam a\u017euriranja o statusu va\u0161e po\u0161iljke u stvarnom vremenu.<\/p>\n<\/div>\n<\/div>\n<\/div>\n<\/div>\n<\/div>\n<p>&nbsp;<\/p>\n<p>Prona\u0111ite vi\u0161e Vape proizvoda koji bi vam se mogli svidjeti:<strong><em><a href=\"https:\/\/rmvapesale.com\/hr\/shop-2\/\">kupite sada &gt;&gt;&gt;<\/a><\/em><\/strong><\/p>","protected":false},"excerpt":{"rendered":"<p>ELFBAR COMBO 25000 Zelena Jabuka + Dvostruka Jabuka<br \/>\nELFBAR E-cigareta COMBO 25000 udisaja Veleprodajna tvorni\u010dka cijena<br \/>\nElfBar Podovi COMBO 25000 Kupnja na veliko 5% Nikotin<\/p>\n<p><img loading=\"lazy\" decoding=\"async\" class=\"size-full wp-image-2375\" src=\"https:\/\/rmvapesale.com\/wp-content\/uploads\/2024\/10\/image.png\" alt=\"Najbolji jednokratni vejp\" width=\"229\" height=\"300\" \/><\/p>\n<h3><a href=\"https:\/\/wa.me\/8617776015835\"><span style=\"color: #ff0000\"><strong>WhatsApp: +86 17776015835<\/strong><\/span><\/a><\/h3>\n<p>&nbsp;<\/p>","protected":false},"featured_media":2662,"comment_status":"open","ping_status":"closed","template":"","meta":{"_uag_custom_page_level_css":"","_lmt_disableupdate":"no","_lmt_disable":"","site-sidebar-layout":"default","site-content-layout":"content-boxed-container","ast-site-content-layout":"normal-width-container","site-content-style":"boxed","site-sidebar-style":"unboxed","ast-global-header-display":"","ast-banner-title-visibility":"","ast-main-header-display":"","ast-hfb-above-header-display":"","ast-hfb-below-header-display":"","ast-hfb-mobile-header-display":"","site-post-title":"","ast-breadcrumbs-content":"","ast-featured-img":"","footer-sml-layout":"","theme-transparent-header-meta":"default","adv-header-id-meta":"","stick-header-meta":"","header-above-stick-meta":"","header-main-stick-meta":"","header-below-stick-meta":"","astra-migrate-meta-layouts":"set","ast-page-background-enabled":"default","ast-page-background-meta":{"desktop":{"background-color":"var(--ast-global-color-4)","background-image":"","background-repeat":"repeat","background-position":"center center","background-size":"auto","background-attachment":"scroll","background-type":"","background-media":"","overlay-type":"","overlay-color":"","overlay-opacity":"","overlay-gradient":""},"tablet":{"background-color":"","background-image":"","background-repeat":"repeat","background-position":"center center","background-size":"auto","background-attachment":"scroll","background-type":"","background-media":"","overlay-type":"","overlay-color":"","overlay-opacity":"","overlay-gradient":""},"mobile":{"background-color":"","background-image":"","background-repeat":"repeat","background-position":"center center","background-size":"auto","background-attachment":"scroll","background-type":"","background-media":"","overlay-type":"","overlay-color":"","overlay-opacity":"","overlay-gradient":""}},"ast-content-background-meta":{"desktop":{"background-color":"var(--ast-global-color-5)","background-image":"","background-repeat":"repeat","background-position":"center center","background-size":"auto","background-attachment":"scroll","background-type":"","background-media":"","overlay-type":"","overlay-color":"","overlay-opacity":"","overlay-gradient":""},"tablet":{"background-color":"var(--ast-global-color-5)","background-image":"","background-repeat":"repeat","background-position":"center center","background-size":"auto","background-attachment":"scroll","background-type":"","background-media":"","overlay-type":"","overlay-color":"","overlay-opacity":"","overlay-gradient":""},"mobile":{"background-color":"var(--ast-global-color-5)","background-image":"","background-repeat":"repeat","background-position":"center center","background-size":"auto","background-attachment":"scroll","background-type":"","background-media":"","overlay-type":"","overlay-color":"","overlay-opacity":"","overlay-gradient":""}},"_joinchat":[]},"product_brand":[],"product_cat":[15,25,123,26,28,135,27,137,136,30],"product_tag":[146,188,200,167,201,202,165,180,120],"class_list":{"0":"post-2670","1":"product","2":"type-product","3":"status-publish","4":"has-post-thumbnail","6":"product_cat-new-vape-this-week","7":"product_cat-germany-best-selling-vape","8":"product_cat-italy-wholesale-vape","9":"product_cat-netherlands-hot-sale-vape","10":"product_cat-poland-hot-sale-vape","11":"product_cat-spain-best-hot-sale-vape","12":"product_cat-fance-hot-sale-vape","13":"product_cat-rechargeable-vapes","14":"product_cat-smart-screen-vapes","15":"product_cat-minimum-order-quantity-50pcs","16":"product_tag-best-hot-sale-vape","17":"product_tag-buy-vapes-online","18":"product_tag-disposable-hookah-wholesale","19":"product_tag-disposable-vape-with-screen","20":"product_tag-elfbar","21":"product_tag-elfbar-pods","22":"product_tag-rechargeable-vapes","23":"product_tag-shisha-bar","24":"product_tag-vape-wholesale","25":"desktop-align-left","26":"tablet-align-left","27":"mobile-align-left","29":"first","30":"instock","31":"sale","32":"shipping-taxable","33":"purchasable","34":"product-type-simple"},"uagb_featured_image_src":{"full":["https:\/\/rmvapesale.com\/wp-content\/uploads\/2024\/11\/Elf-Bar-COMBO-25000-Blackurrant-Raspberry-Grape.jpg",1000,1000,false],"thumbnail":["https:\/\/rmvapesale.com\/wp-content\/uploads\/2024\/11\/Elf-Bar-COMBO-25000-Blackurrant-Raspberry-Grape-150x150.jpg",150,150,true],"medium":["https:\/\/rmvapesale.com\/wp-content\/uploads\/2024\/11\/Elf-Bar-COMBO-25000-Blackurrant-Raspberry-Grape-300x300.jpg",300,300,true],"medium_large":["https:\/\/rmvapesale.com\/wp-content\/uploads\/2024\/11\/Elf-Bar-COMBO-25000-Blackurrant-Raspberry-Grape-768x768.jpg",768,768,true],"large":["https:\/\/rmvapesale.com\/wp-content\/uploads\/2024\/11\/Elf-Bar-COMBO-25000-Blackurrant-Raspberry-Grape.jpg",1000,1000,false],"1536x1536":["https:\/\/rmvapesale.com\/wp-content\/uploads\/2024\/11\/Elf-Bar-COMBO-25000-Blackurrant-Raspberry-Grape.jpg",1000,1000,false],"2048x2048":["https:\/\/rmvapesale.com\/wp-content\/uploads\/2024\/11\/Elf-Bar-COMBO-25000-Blackurrant-Raspberry-Grape.jpg",1000,1000,false],"trp-custom-language-flag":["https:\/\/rmvapesale.com\/wp-content\/uploads\/2024\/11\/Elf-Bar-COMBO-25000-Blackurrant-Raspberry-Grape.jpg",12,12,false],"woocommerce_thumbnail":["https:\/\/rmvapesale.com\/wp-content\/uploads\/2024\/11\/Elf-Bar-COMBO-25000-Blackurrant-Raspberry-Grape-300x300.jpg",300,300,true],"woocommerce_single":["https:\/\/rmvapesale.com\/wp-content\/uploads\/2024\/11\/Elf-Bar-COMBO-25000-Blackurrant-Raspberry-Grape-600x600.jpg",600,600,true],"woocommerce_gallery_thumbnail":["https:\/\/rmvapesale.com\/wp-content\/uploads\/2024\/11\/Elf-Bar-COMBO-25000-Blackurrant-Raspberry-Grape-100x100.jpg",100,100,true],"wcpr-photo-reviews":["https:\/\/rmvapesale.com\/wp-content\/uploads\/2024\/11\/Elf-Bar-COMBO-25000-Blackurrant-Raspberry-Grape.jpg",500,500,false]},"uagb_author_info":{"display_name":"AMY","author_link":"https:\/\/rmvapesale.com\/hr\/author\/"},"uagb_comment_info":0,"uagb_excerpt":"ELFBAR COMBO 25000 Green Apple + Double Apple ELFBAR Vape COMBO 25000 puff Wholesale Factory Price ElfBar Pods COMBO 25000 Bulk Buy 5% Nicotine WhatsApp: +86 17776015835 &nbsp;","_links":{"self":[{"href":"https:\/\/rmvapesale.com\/hr\/wp-json\/wp\/v2\/product\/2670","targetHints":{"allow":["GET"]}}],"collection":[{"href":"https:\/\/rmvapesale.com\/hr\/wp-json\/wp\/v2\/product"}],"about":[{"href":"https:\/\/rmvapesale.com\/hr\/wp-json\/wp\/v2\/types\/product"}],"replies":[{"embeddable":true,"href":"https:\/\/rmvapesale.com\/hr\/wp-json\/wp\/v2\/comments?post=2670"}],"wp:featuredmedia":[{"embeddable":true,"href":"https:\/\/rmvapesale.com\/hr\/wp-json\/wp\/v2\/media\/2662"}],"wp:attachment":[{"href":"https:\/\/rmvapesale.com\/hr\/wp-json\/wp\/v2\/media?parent=2670"}],"wp:term":[{"taxonomy":"product_brand","embeddable":true,"href":"https:\/\/rmvapesale.com\/hr\/wp-json\/wp\/v2\/product_brand?post=2670"},{"taxonomy":"product_cat","embeddable":true,"href":"https:\/\/rmvapesale.com\/hr\/wp-json\/wp\/v2\/product_cat?post=2670"},{"taxonomy":"product_tag","embeddable":true,"href":"https:\/\/rmvapesale.com\/hr\/wp-json\/wp\/v2\/product_tag?post=2670"}],"curies":[{"name":"wp","href":"https:\/\/api.w.org\/{rel}","templated":true}]}}