{"id":2702,"date":"2024-11-08T07:20:19","date_gmt":"2024-11-08T07:20:19","guid":{"rendered":"https:\/\/rmvapesale.com\/?post_type=product&#038;p=2702"},"modified":"2024-11-08T07:51:08","modified_gmt":"2024-11-08T07:51:08","slug":"bang-king-shisha-25000-crown-bar-rechargeable-disposable-vape","status":"publish","type":"product","link":"https:\/\/rmvapesale.com\/hr\/product\/bang-king-shisha-25000-crown-bar-rechargeable-disposable-vape\/","title":{"rendered":"Bang King Shisha 25000 Crown Bar Punjiva Jednokratna Vape"},"content":{"rendered":"<div class=\"B2VR9 CJHX3e\">\n<div class=\"wyccme\">\n<h1 class=\"LC20lb MBeuO DKV0Md\">Bang King Shisha 25000 Crown Bar Punjiva Jednokratna Vape<\/h1>\n<div class=\"flex-shrink-0 flex flex-col relative items-end\">\n<div class=\"pt-0\">\n<div class=\"gizmo-bot-avatar flex h-8 w-8 items-center justify-center overflow-hidden rounded-full\">\n<div class=\"relative p-1 rounded-sm flex items-center justify-center bg-token-main-surface-primary text-token-text-primary h-8 w-8\">\n<p>Pripremite se za podizanje va\u0161e vape igre s <strong>Bang King Shisha 25000 Crown Bar<\/strong>\u2014najbolja punjiva jednokratna elektri\u010dna cigareta od <strong>popularne marke jednokratnih vapeova <\/strong><strong>Bang Vape<\/strong>. Ovaj ure\u0111aj nije samo za vaping; on je za podizanje svakog udisaja na vi\u0161u razinu. S do <strong>25.000 udisaja<\/strong>, mo\u017eete zaboraviti na stalne zamjene i u\u017eivati u satima glatkih, zadovoljavaju\u0107ih oblaka koji traju.<\/p>\n<h3><\/h3>\n<ul>\n<li><strong>Veliki broj udisaja<\/strong>: Idite do kraja s <strong>do 25.000 udisaja<\/strong>! To je vi\u0161e nego dovoljno za dugotrajno u\u017eivanje.<\/li>\n<li><strong>Velik kapacitet e-tekuc\u0301ine<\/strong>: Napunjen s <strong>30ml e-tekuc\u0301ine<\/strong>, tako da mo\u017eete vapeati bez prekida.<\/li>\n<li><strong>Punjiva baterija<\/strong>: Opremljen sna\u017enim <strong>650mAh baterija<\/strong> i <strong>Type-C punjenje<\/strong> za brze, bezbri\u017ene punjenja.<\/li>\n<li><strong>Kompaktan i prenosiv dizajn<\/strong>: Savr\u0161eno elegantan, <strong>Bang King Shisha Bar<\/strong> lako stane u va\u0161u ruku ili d\u017eep. Ponesite ga bilo gdje \u017eelite, od kluba do kau\u010da!<\/li>\n<li><strong>Eksplozija okusa<\/strong>: S <strong>12 senzacionalnih okusa<\/strong> kao \u0161to su Vimto Bull E Shisha Lemon Mint i Ghiaccio Di Anguria, sigurno \u0107ete prona\u0107i odgovaraju\u0107i za bilo koji ugo\u0111aj.<\/li>\n<li><strong>LED zaslon Pametni ekran:<\/strong> S digitalnim zaslonom za prikaz baterije i razine ulja za jednostavnu uporabu.<\/li>\n<\/ul>\n<p>Bilo da tra\u017eite <strong>Kupnja na veliko<\/strong> opciju, trebate pouzdanog <strong>Jednokratna Vape olovka<\/strong>, ili jednostavno \u017eelite istaknutu <strong>jednokratni vape s niskim sadr\u017eajem nikotina<\/strong>, <strong>Bang King Shisha 25000<\/strong> je za vas. Savr\u0161en za obo\u017eavatelje <strong>punjivi vapes<\/strong>, <strong>veleprodajne opcije za vape<\/strong>. Nabavite svoj sada i u\u017eivajte u izvanrednom iskustvu vapinga!<\/p>\n<p>Ako ste spremni za visokokvalitetno<strong> shisha bar<\/strong> iskustvo koje pru\u017ea okus, prenosivost i snagu, <strong>Bang King 25000 Crown Bar<\/strong> \u010deka vas.<\/p>\n<p>&nbsp;<\/p>\n<\/div>\n<\/div>\n<\/div>\n<\/div>\n<\/div>\n<\/div>\n<p><strong>Kontaktirajte Amy da dobijete pravi odgovor i kupon za vape!<\/strong><\/p>\n<p><img loading=\"lazy\" decoding=\"async\" class=\"size-full wp-image-1978\" src=\"https:\/\/rmvapesale.com\/wp-content\/uploads\/2024\/09\/Disposable-Vape-Wholesale.jpg\" alt=\"Veleprodaja jednokratnih vejpova\" width=\"229\" height=\"300\" \/><\/p>\n<h3><a href=\"https:\/\/wa.me\/8617776015835\" target=\"_blank\" rel=\"noopener\"><span style=\"color: #ff0000\"><strong>WhatsApp: +86 17776015835<\/strong><\/span><\/a><\/h3>\n<p>&nbsp;<\/p>\n<h2><\/h2>\n<h2><strong>Bang King Shisha 25000 Kovanica Bar Punjive Jednokratne Vape <\/strong><strong>Klju\u010dne zna\u010dajke<\/strong><\/h2>\n<p>Marka: Bang Vape<br \/>\nPu\u0161enje: 25000 pu\u0161enja<br \/>\nUlje: 30ml unaprijed napunjeni E-sok<br \/>\nNikotin: 0% 2% 5% ja\u010dina nikotina<br \/>\nBaterija: 650mAh punjiva baterija<\/p>\n<p>&nbsp;<\/p>\n<h2><strong>Najbolji okus za Bang King Shisha 25000 Kovanica Bar Jednokratne Vape<\/strong><\/h2>\n<p>1. Plava malina limunada <span style=\"color: #ff0000\"><strong>&gt;&gt;&gt;&gt; Vru\u0107e!<\/strong><\/span><br \/>\n2. Plava borovnica kiselina malina <span style=\"color: #ff0000\"><strong>&gt;&gt;&gt;&gt; Najbolje!<\/strong><\/span><br \/>\n3. Lo\u0161a krv<br \/>\n4. CUSH MAN<br \/>\n5. Dvostruka jabuka<br \/>\n6. Lubenica Led<br \/>\n7. Vimto Bull <span style=\"color: #ff0000\"><strong>&gt;&gt;&gt;&gt; Vru\u0107e!<\/strong><\/span><br \/>\n8. Borovnica gro\u017e\u0111e<br \/>\n9. Limun Tre\u0161nja<br \/>\n10. Lubenica Medni dinja Pasijonsko vo\u0107e<br \/>\n11. \u0160i\u0161a Limun Menta<br \/>\n12. Peacheice<\/p>\n<figure id=\"attachment_2696\" aria-describedby=\"caption-attachment-2696\" style=\"width: 800px\" class=\"wp-caption alignnone\"><img loading=\"lazy\" decoding=\"async\" class=\"wp-image-2696 size-full\" src=\"https:\/\/rmvapesale.com\/wp-content\/uploads\/2024\/11\/Bang-King-25000-EShisha-Disposable-Vape.png\" alt=\"Bang King 25000 EShisha Jednokratni Vape\" width=\"800\" height=\"800\" srcset=\"https:\/\/rmvapesale.com\/wp-content\/uploads\/2024\/11\/Bang-King-25000-EShisha-Disposable-Vape.png 800w, https:\/\/rmvapesale.com\/wp-content\/uploads\/2024\/11\/Bang-King-25000-EShisha-Disposable-Vape-300x300.png 300w, https:\/\/rmvapesale.com\/wp-content\/uploads\/2024\/11\/Bang-King-25000-EShisha-Disposable-Vape-150x150.png 150w, https:\/\/rmvapesale.com\/wp-content\/uploads\/2024\/11\/Bang-King-25000-EShisha-Disposable-Vape-768x768.png 768w, https:\/\/rmvapesale.com\/wp-content\/uploads\/2024\/11\/Bang-King-25000-EShisha-Disposable-Vape-600x600.png 600w, https:\/\/rmvapesale.com\/wp-content\/uploads\/2024\/11\/Bang-King-25000-EShisha-Disposable-Vape-100x100.png 100w\" sizes=\"auto, (max-width: 800px) 100vw, 800px\" \/><figcaption id=\"caption-attachment-2696\" class=\"wp-caption-text\">Bang King 25000 EShisha Jednokratni Vape<\/figcaption><\/figure>\n<h3><\/h3>\n<h3><strong>Za\u0161to odabrati Rmvapesale za Bang Shisha 25000 <\/strong><strong>V<\/strong><strong>Veleprodaja Vape proizvoda<\/strong><strong>?<\/strong><\/h3>\n<div class=\"flex-shrink-0 flex flex-col relative items-end\">\n<div class=\"pt-0\">\n<div class=\"gizmo-bot-avatar flex h-8 w-8 items-center justify-center overflow-hidden rounded-full\">\n<div class=\"relative p-1 rounded-sm flex items-center justify-center bg-token-main-surface-primary text-token-text-primary h-8 w-8\">\n<p>Dobrodo\u0161li u Rmvapesale, va\u0161u pouzdanu vape trgovinu za vrhunske jednokratne vape. S vi\u0161e od 5 godina iskustva, donosimo vam popularne marke jednokratnih vape proizvoda kao \u0161to su Al Fakher, <a href=\"https:\/\/rmvapesale.com\/hr\/product\/vapme-crystal-7000-puffs-rechargeable-disposable-vape-price\/\">Vapme<\/a>, <a href=\"https:\/\/rmvapesale.com\/hr\/product-category\/bang-vapes\/\">Bang Vape<\/a>, Waspe, <a href=\"https:\/\/rmvapesale.com\/hr\/product\/wga-crystal-pro-max-extra-15k-puffs-disposable-vape-wholesale\/\">WGA<\/a> Vape i<a href=\"https:\/\/rmvapesale.com\/hr\/product-category\/randm-fumot-vape\/\"> RandM Vape<\/a>.<\/p>\n<p>Na\u0161a ponuda uklju\u010duje popularne vape proizvode poput <a href=\"https:\/\/rmvapesale.com\/hr\/product\/fumot-digital-box-12000-disposable-vape-pink-lemonade-flavor\/\">RandM 12k<\/a> i izbore bogate okusima poput <a href=\"https:\/\/rmvapesale.com\/hr\/product\/elfbar-combo-25000-puffs-rechargeable-disposable-vape-wholesale\/\">ELFBAR Combo 25000 Pufova<\/a>. Svaki proizvod odabran je s fokusom na kvalitetu, vrijednost i raznolikost, osiguravaju\u0107i da prona\u0111ete savr\u0161eni odabir za svoje potrebe. Otkrijte iznimnu uslugu i \u0161irok raspon vrhunskih proizvoda u Rmvapesale.<\/p>\n<\/div>\n<h3><\/h3>\n<div class=\"relative p-1 rounded-sm flex items-center justify-center bg-token-main-surface-primary text-token-text-primary h-8 w-8\">\n<h3><b>Bang King Shisha 25000 Kruna Bar Ekran Punjivi Jednokratni Vape \u010cesto postavljana pitanja<\/b><\/h3>\n<p><strong>P: Koji su popularni okusi za Bang King Shisha 25000 jednokratni vape pen?<\/strong><br \/>\ncURL Too many subrequests. <strong>Bang King Shisha 25000<\/strong> nudi razne popularne okuse, uklju\u010duju\u0107i <strong>Vimto Bull E Shisha, Limun Menta i Ghiaccio Di Anguria<\/strong>. Ovi okusi zadovoljavaju \u0161irok raspon preferencija, pru\u017eaju\u0107i bogato i zadovoljavaju\u0107e iskustvo pu\u0161enja<\/p>\n<p><strong>P: Kako da znam kada je moj Bang Shisha 25000 Pametni Vape prazan?<\/strong><br \/>\nO: Znati \u0107ete da je vrijeme za punjenje ili zamjenu vapea kada se <strong>proizvodnja pare zna\u010dajno smanji<\/strong>, i <strong>okusi tako\u0111er mogu biti slabiji ili sagorjeli<\/strong>. Neki vapeovi mogu imati LED indikator koji vas upozorava.<\/p>\n<p><strong>P: Koliko vremena je potrebno za punjenje Bang 25000 Punjivog Vapea?<\/strong><br \/>\ncURL Too many subrequests. <strong>Bang 25000<\/strong> rechargeable vape zna\u010dajke <strong>650mAh baterija<\/strong> i podr\u017eava <strong>Type-C punjenje<\/strong>, obi\u010dno traje oko <strong>1\u20132 sata za potpuno punjenje<\/strong>.<\/p>\n<p><strong>P: Gdje kupiti Bang Shisha 25000 Puff Vape ure\u0111aje po veleprodajnoj cijeni?<\/strong><br \/>\nO: Mo\u017eete kupiti <strong>Bang Shisha 25000<\/strong> po veleprodajnim cijenama putem online <strong>veleprodajnih dobavlja\u010da vejpa<\/strong>. Potra\u017eite pouzdane <strong>'vape' trgovine<\/strong> koji nude kupovinu na veliko <strong>Bang jednokratnih vape ure\u0111aja<\/strong> za najbolje opcije cijena.<\/p>\n<p><strong>P: Mogu li punjivu jednokratnu e-cigaretu ponijeti u avion?<\/strong><br \/>\nO: Da, mo\u017eete donijeti rechargeable jednokratne vape ure\u0111aje na avion, ali ih treba <strong>nositi u ru\u010dnoj prtljazi<\/strong>, jer zra\u010dne linije obi\u010dno zahtijevaju da vape ure\u0111aji budu u ru\u010dnoj prtljazi zbog pravila o baterijama.<\/p>\n<p><strong>P: Koliko pufova pru\u017ea Bang Shisha 25000 Vape?<\/strong><br \/>\ncURL Too many subrequests. <strong>Bang Shisha 25000<\/strong> nudi <strong>do 25.000 udisaja<\/strong>, osiguravaju\u0107i produ\u017eeno, prikladno iskustvo pu\u0161enja.<\/p>\n<p><strong>P: Koliko vremena je potrebno za potpuno punjenje Bang 25000 vape ure\u0111aja?<\/strong><br \/>\nA: Potpuno punjenje na <strong>Bang 25000 vape<\/strong> traje otprilike <strong>1\u20132 sati<\/strong> zbog svoje <strong>Type-C brzo punjenje mogu\u0107nost<\/strong> s <strong>650mAh baterija<\/strong>.<\/p>\n<\/div>\n<div class=\"mb-2 flex gap-3 empty:hidden -ml-2\"><\/div>\n<p>&nbsp;<\/p>\n<\/div>\n<\/div>\n<\/div>\n<h3>O isporuci<\/h3>\n<div class=\"flex-shrink-0 flex flex-col relative items-end\">\n<div>\n<div class=\"pt-0\">\n<div class=\"gizmo-bot-avatar flex h-8 w-8 items-center justify-center overflow-hidden rounded-full\">\n<div><\/div>\n<div class=\"relative p-1 rounded-sm flex items-center justify-center bg-token-main-surface-primary text-token-text-primary h-8 w-8\"><strong>1. Koje metode dostave se koriste?<\/strong><\/div>\n<\/div>\n<\/div>\n<\/div>\n<\/div>\n<div class=\"group\/conversation-turn relative flex w-full min-w-0 flex-col agent-turn\">\n<div class=\"flex-col gap-1 md:gap-3\">\n<div class=\"flex max-w-full flex-col flex-grow\">\n<div class=\"min-h-[20px] text-message flex w-full flex-col items-end gap-2 whitespace-normal break-words [.text-message+&amp;]:mt-5 overflow-x-auto\" dir=\"auto\" data-message-author-role=\"assistant\" data-message-id=\"22f8283b-3233-46ff-89a5-c7a41b33abda\">\n<div class=\"flex w-full flex-col gap-1 empty:hidden first:pt-[3px]\">\n<div class=\"markdown prose w-full break-words dark:prose-invert light\">\n<p>Sura\u0111ujemo s UPS-om, DHL-om, FedEx-om, DPD-om i drugim vode\u0107im prijevoznicima. Odabrat \u0107emo najbolju metodu dostave na temelju va\u0161e lokacije kako bismo osigurali da svoje proizvode primite \u0161to je prije mogu\u0107e.<\/p>\n<\/div>\n<p><strong>2. Koliko dugo traje dostava?<\/strong><\/p>\n<p>Paketi poslani u Hrvatsku obi\u010dno sti\u017eu unutar 10 radnih dana. Dostava u europske zemlje op\u0107enito traje oko 12-15 radnih dana. Pru\u017eit \u0107emo vam a\u017euriranja o statusu va\u0161e po\u0161iljke u stvarnom vremenu.<\/p>\n<\/div>\n<\/div>\n<\/div>\n<\/div>\n<\/div>\n<p>&nbsp;<\/p>\n<p>Prona\u0111ite vi\u0161e Vape proizvoda koji bi vam se mogli svidjeti:<strong><em><a href=\"https:\/\/rmvapesale.com\/hr\/shop-2\/\">kupite sada &gt;&gt;&gt;<\/a><\/em><\/strong><\/p>","protected":false},"excerpt":{"rendered":"<p>Bang King 25000 Udisaja 0% 2% 5% Niska nikotinska jednokratna elektri\u010dna cigareta<br \/>\nBang King 25000 Jednokratne elektri\u010dne cigarete na veliko cijena<br \/>\nBang King Shisha 25000 Velike oblake zaslon za prikaz Jednokratna elektri\u010dna cigareta<\/p>\n<p><img loading=\"lazy\" decoding=\"async\" class=\"size-full wp-image-2375\" src=\"https:\/\/rmvapesale.com\/wp-content\/uploads\/2024\/10\/image.png\" alt=\"Najbolji jednokratni vejp\" width=\"229\" height=\"300\" \/><\/p>\n<h3><a href=\"https:\/\/wa.me\/8617776015835\"><span style=\"color: #ff0000\"><strong>WhatsApp: +86 17776015835<\/strong><\/span><\/a><\/h3>\n<p>&nbsp;<\/p>","protected":false},"featured_media":2698,"comment_status":"open","ping_status":"closed","template":"","meta":{"_uag_custom_page_level_css":"","_lmt_disableupdate":"no","_lmt_disable":"","site-sidebar-layout":"default","site-content-layout":"content-boxed-container","ast-site-content-layout":"normal-width-container","site-content-style":"boxed","site-sidebar-style":"unboxed","ast-global-header-display":"","ast-banner-title-visibility":"","ast-main-header-display":"","ast-hfb-above-header-display":"","ast-hfb-below-header-display":"","ast-hfb-mobile-header-display":"","site-post-title":"","ast-breadcrumbs-content":"","ast-featured-img":"","footer-sml-layout":"","theme-transparent-header-meta":"default","adv-header-id-meta":"","stick-header-meta":"","header-above-stick-meta":"","header-main-stick-meta":"","header-below-stick-meta":"","astra-migrate-meta-layouts":"set","ast-page-background-enabled":"default","ast-page-background-meta":{"desktop":{"background-color":"var(--ast-global-color-4)","background-image":"","background-repeat":"repeat","background-position":"center center","background-size":"auto","background-attachment":"scroll","background-type":"","background-media":"","overlay-type":"","overlay-color":"","overlay-opacity":"","overlay-gradient":""},"tablet":{"background-color":"","background-image":"","background-repeat":"repeat","background-position":"center center","background-size":"auto","background-attachment":"scroll","background-type":"","background-media":"","overlay-type":"","overlay-color":"","overlay-opacity":"","overlay-gradient":""},"mobile":{"background-color":"","background-image":"","background-repeat":"repeat","background-position":"center center","background-size":"auto","background-attachment":"scroll","background-type":"","background-media":"","overlay-type":"","overlay-color":"","overlay-opacity":"","overlay-gradient":""}},"ast-content-background-meta":{"desktop":{"background-color":"var(--ast-global-color-5)","background-image":"","background-repeat":"repeat","background-position":"center center","background-size":"auto","background-attachment":"scroll","background-type":"","background-media":"","overlay-type":"","overlay-color":"","overlay-opacity":"","overlay-gradient":""},"tablet":{"background-color":"var(--ast-global-color-5)","background-image":"","background-repeat":"repeat","background-position":"center center","background-size":"auto","background-attachment":"scroll","background-type":"","background-media":"","overlay-type":"","overlay-color":"","overlay-opacity":"","overlay-gradient":""},"mobile":{"background-color":"var(--ast-global-color-5)","background-image":"","background-repeat":"repeat","background-position":"center center","background-size":"auto","background-attachment":"scroll","background-type":"","background-media":"","overlay-type":"","overlay-color":"","overlay-opacity":"","overlay-gradient":""}},"_joinchat":[]},"product_brand":[],"product_cat":[15,25,123,26,28,135,27,137,136,30],"product_tag":[169,188,208,167,207,206,120],"class_list":{"0":"post-2702","1":"product","2":"type-product","3":"status-publish","4":"has-post-thumbnail","6":"product_cat-new-vape-this-week","7":"product_cat-germany-best-selling-vape","8":"product_cat-italy-wholesale-vape","9":"product_cat-netherlands-hot-sale-vape","10":"product_cat-poland-hot-sale-vape","11":"product_cat-spain-best-hot-sale-vape","12":"product_cat-fance-hot-sale-vape","13":"product_cat-rechargeable-vapes","14":"product_cat-smart-screen-vapes","15":"product_cat-minimum-order-quantity-50pcs","16":"product_tag-best-disposable-vape-2024","17":"product_tag-buy-vapes-online","18":"product_tag-crown-bar","19":"product_tag-disposable-vape-with-screen","20":"product_tag-puff-vape","21":"product_tag-smart-phone-vape","22":"product_tag-vape-wholesale","23":"desktop-align-left","24":"tablet-align-left","25":"mobile-align-left","27":"first","28":"instock","29":"sale","30":"shipping-taxable","31":"purchasable","32":"product-type-simple"},"uagb_featured_image_src":{"full":["https:\/\/rmvapesale.com\/wp-content\/uploads\/2024\/11\/BangKing-25000-Puffs-Crown-Bar-Disposable-Vape.png",800,800,false],"thumbnail":["https:\/\/rmvapesale.com\/wp-content\/uploads\/2024\/11\/BangKing-25000-Puffs-Crown-Bar-Disposable-Vape-150x150.png",150,150,true],"medium":["https:\/\/rmvapesale.com\/wp-content\/uploads\/2024\/11\/BangKing-25000-Puffs-Crown-Bar-Disposable-Vape-300x300.png",300,300,true],"medium_large":["https:\/\/rmvapesale.com\/wp-content\/uploads\/2024\/11\/BangKing-25000-Puffs-Crown-Bar-Disposable-Vape-768x768.png",768,768,true],"large":["https:\/\/rmvapesale.com\/wp-content\/uploads\/2024\/11\/BangKing-25000-Puffs-Crown-Bar-Disposable-Vape.png",800,800,false],"1536x1536":["https:\/\/rmvapesale.com\/wp-content\/uploads\/2024\/11\/BangKing-25000-Puffs-Crown-Bar-Disposable-Vape.png",800,800,false],"2048x2048":["https:\/\/rmvapesale.com\/wp-content\/uploads\/2024\/11\/BangKing-25000-Puffs-Crown-Bar-Disposable-Vape.png",800,800,false],"trp-custom-language-flag":["https:\/\/rmvapesale.com\/wp-content\/uploads\/2024\/11\/BangKing-25000-Puffs-Crown-Bar-Disposable-Vape.png",12,12,false],"woocommerce_thumbnail":["https:\/\/rmvapesale.com\/wp-content\/uploads\/2024\/11\/BangKing-25000-Puffs-Crown-Bar-Disposable-Vape-300x300.png",300,300,true],"woocommerce_single":["https:\/\/rmvapesale.com\/wp-content\/uploads\/2024\/11\/BangKing-25000-Puffs-Crown-Bar-Disposable-Vape-600x600.png",600,600,true],"woocommerce_gallery_thumbnail":["https:\/\/rmvapesale.com\/wp-content\/uploads\/2024\/11\/BangKing-25000-Puffs-Crown-Bar-Disposable-Vape-100x100.png",100,100,true],"wcpr-photo-reviews":["https:\/\/rmvapesale.com\/wp-content\/uploads\/2024\/11\/BangKing-25000-Puffs-Crown-Bar-Disposable-Vape.png",500,500,false]},"uagb_author_info":{"display_name":"AMY","author_link":"https:\/\/rmvapesale.com\/hr\/author\/"},"uagb_comment_info":0,"uagb_excerpt":"Bang King 25000 Puffs 0% 2% 5% Low Nicotine Disposable Vape Bang King 25000 Disposable Vape Wholesale Supplier Price Bang King Shisha 25000 Big Clouds Display Screen Disposable Vape WhatsApp: +86 17776015835 &nbsp;","_links":{"self":[{"href":"https:\/\/rmvapesale.com\/hr\/wp-json\/wp\/v2\/product\/2702","targetHints":{"allow":["GET"]}}],"collection":[{"href":"https:\/\/rmvapesale.com\/hr\/wp-json\/wp\/v2\/product"}],"about":[{"href":"https:\/\/rmvapesale.com\/hr\/wp-json\/wp\/v2\/types\/product"}],"replies":[{"embeddable":true,"href":"https:\/\/rmvapesale.com\/hr\/wp-json\/wp\/v2\/comments?post=2702"}],"wp:featuredmedia":[{"embeddable":true,"href":"https:\/\/rmvapesale.com\/hr\/wp-json\/wp\/v2\/media\/2698"}],"wp:attachment":[{"href":"https:\/\/rmvapesale.com\/hr\/wp-json\/wp\/v2\/media?parent=2702"}],"wp:term":[{"taxonomy":"product_brand","embeddable":true,"href":"https:\/\/rmvapesale.com\/hr\/wp-json\/wp\/v2\/product_brand?post=2702"},{"taxonomy":"product_cat","embeddable":true,"href":"https:\/\/rmvapesale.com\/hr\/wp-json\/wp\/v2\/product_cat?post=2702"},{"taxonomy":"product_tag","embeddable":true,"href":"https:\/\/rmvapesale.com\/hr\/wp-json\/wp\/v2\/product_tag?post=2702"}],"curies":[{"name":"wp","href":"https:\/\/api.w.org\/{rel}","templated":true}]}}