{"id":2728,"date":"2024-11-12T09:27:46","date_gmt":"2024-11-12T09:27:46","guid":{"rendered":"https:\/\/rmvapesale.com\/?post_type=product&#038;p=2728"},"modified":"2024-11-12T09:34:14","modified_gmt":"2024-11-12T09:34:14","slug":"randm-tornado-9000-puff-rechargeable-diposable-vape-wholesale-blueberry-raspberry-flavor","status":"publish","type":"product","link":"https:\/\/rmvapesale.com\/hr\/product\/randm-tornado-9000-puff-rechargeable-diposable-vape-wholesale-blueberry-raspberry-flavor\/","title":{"rendered":"RandM Tornado 9000 Puffs Punjivi Vape za Jednokratnu Upotrebu Okus Borovnica Malina"},"content":{"rendered":"<div class=\"B2VR9 CJHX3e\">\n<div class=\"wyccme\">\n<h1 class=\"LC20lb MBeuO DKV0Md\">RandM Tornado 9000 Puffs Punjivi Vape za Jednokratnu Upotrebu Okus Borovnica Malina<\/h1>\n<div class=\"flex-shrink-0 flex flex-col relative items-end\">\n<div class=\"pt-0\">\n<div class=\"gizmo-bot-avatar flex h-8 w-8 items-center justify-center overflow-hidden rounded-full\">\n<div class=\"relative p-1 rounded-sm flex items-center justify-center bg-token-main-surface-primary text-token-text-primary h-8 w-8\">\n<p>RandM Tornado 9000 Puff Rechargeable Disposable Vape u okusu borovnice i maline osmi\u0161ljen je kako bi pru\u017eio vaperima vrhunsko i dugotrajno iskustvo. S impresivnih vi\u0161e od 9000 udisaja, ovaj ure\u0111aj je savr\u0161en za one koji tra\u017ee prakti\u010dnost bez kompromisa na kvaliteti. Kapacitet od 18 ml e-teku\u0107ine pru\u017ea glatku mje\u0161avinu borovnice i maline, kombiniraju\u0107i slatke i kiselkaste note u svakom udisaju. Pobolj\u0161an s nikotinskim solima, ovaj vape osigurava zadovoljavaju\u0107i i dosljedan unos nikotina, \u0161to ga \u010dini idealnim za vaperima koji u\u017eivaju u bogatim okusima s dozom snage.<\/p>\n<p>Ovaj ure\u0111aj ima bateriju od 850mAh koja se mo\u017ee puniti brzo i jednostavno putem Type-C priklju\u010dka, osiguravaju\u0107i da mo\u017eete nastaviti s vapingom bez prekida. Mehanizam aktivacije udisajem na RandM Tornado 9000 \u010dini ga jednostavnim za kori\u0161tenje \u2014 samo udahnite i u\u017eivajte u aromati\u010dnom paru. \u017divopisno RGB svjetlo dodaje stilsku notu vapingu, \u010dine\u0107i ga upe\u010datljivim u svakom okru\u017eenju. Bilo da ste iskusni vaper ili novi korisnik, RandM Tornado 9K u okusu borovnice i maline nudi visokokvalitetno iskustvo osmi\u0161ljeno za u\u017eivanje i pouzdanost.<\/p>\n<p>&nbsp;<\/p>\n<\/div>\n<\/div>\n<\/div>\n<\/div>\n<\/div>\n<\/div>\n<p><strong>Kontaktirajte Amy da dobijete pravi odgovor i kupon za vape!<\/strong><\/p>\n<p><img loading=\"lazy\" decoding=\"async\" class=\"size-full wp-image-1978\" src=\"https:\/\/rmvapesale.com\/wp-content\/uploads\/2024\/09\/Disposable-Vape-Wholesale.jpg\" alt=\"Veleprodaja jednokratnih vejpova\" width=\"229\" height=\"300\" \/><\/p>\n<h3><a href=\"https:\/\/wa.me\/8617776015835\" target=\"_blank\" rel=\"noopener\"><span style=\"color: #ff0000\"><strong>WhatsApp: +86 17776015835<\/strong><\/span><\/a><\/h3>\n<p>&nbsp;<\/p>\n<h2><\/h2>\n<h2><strong>RandM Tornado 9000 <\/strong><strong>Klju\u010dne zna\u010dajke<\/strong><\/h2>\n<ul>\n<li>Preko 9000 udisaja za produ\u017eenu uporabu i zadovoljstvo<\/li>\n<li>18ml e-teku\u0107ine od borovnice i maline s niklinskim solima za uravnote\u017een okus<\/li>\n<li>850mAh punjiva baterija s brzim Type-C punjenjem<\/li>\n<li>Aktiviran povla\u010denjem za jednostavno kori\u0161tenje, bez potrebe za gumbima<\/li>\n<li>Stilno RGB osvjetljenje dodaje \u0161areni vizualni dojam<\/li>\n<\/ul>\n<p>&nbsp;<\/p>\n<h2><strong>Najbolji okus RandM Tornado 9000<\/strong><\/h2>\n<p>1 Borovnica Malina <span style=\"color: #ff0000\"><strong>&gt;&gt;&gt;&gt; Vru\u0107e!<\/strong><\/span><br \/>\n2 Gospodin Plavi <span style=\"color: #ff0000\"><strong>&gt;&gt;&gt;&gt; Vru\u0107e!<\/strong><\/span><br \/>\n3 Jagoda Lubenica<br \/>\n4 Naran\u010dasta Soda<br \/>\n5 Lubenica \u017dvaka\u0107a guma<br \/>\n6 Duga Candy<br \/>\n7 Roza Limunada <span style=\"color: #ff0000\"><strong>&gt;&gt;&gt;&gt; Vru\u0107e!<\/strong><\/span><br \/>\n8 Breskva Mango Ananas<br \/>\n9 Jagoda Banana<br \/>\n10 Lush Ice<br \/>\n11 Crni Zmaj Led<br \/>\n12 Aloe Gro\u017e\u0111e<br \/>\n13 Plavi Razz Led<br \/>\n14 Kivi Strast Vo\u0107e Guava<br \/>\n15 Gumi Medvjedi\u0107<br \/>\n16 Mije\u0161ano Bobi\u010dasto Vo\u0107e <span style=\"color: #ff0000\"><strong>&gt;&gt;&gt;&gt; Vru\u0107e!<\/strong><\/span><br \/>\n17 Hladna Menta<br \/>\n18 Malina Lubenica<br \/>\n19 Breskva Limunada<br \/>\n20 Guava Led<br \/>\n21 Jagoda Limunada<br \/>\n22 Lubenica Brazz Led<br \/>\n23 Banana Krem\u0161nite<br \/>\n24 Breskva Bobica<br \/>\n25 Jagoda Krema<br \/>\n26 Kisele Slatki\u0161e<br \/>\n27 Limun&amp;Limeta<br \/>\n28 Tre\u0161nja<br \/>\n29 Gazirana tre\u0161nja <span style=\"color: #ff0000\"><strong>&gt;&gt;&gt;&gt; Vru\u0107e!<\/strong><\/span><br \/>\n30 Borovnica tre\u0161nja brusnica<br \/>\n31 Vimto<br \/>\n32 Skittles<br \/>\n33 Crni led <span style=\"color: #ff0000\"><strong>&gt;&gt;&gt;&gt; Najbolje!<\/strong><\/span><br \/>\n34 Gro\u017e\u0111e<br \/>\n35 Bluelicious led<br \/>\n36 Jagoda Led<br \/>\n37 Plavi Razz Kush<br \/>\n38 Ledena loptica<br \/>\n39 Borovnica kiselka malina<br \/>\n40 Ananas<br \/>\n41 Vi\u0161nja breskva limunada<br \/>\n42 Jagoda malina vi\u0161nja led<br \/>\n43 Trostruki mango<br \/>\n44 Jagoda malina led<br \/>\n45 Jagoda lubenica \u017evaka\u0107a guma<br \/>\n46 Prime jagoda lubenica<br \/>\n47 Lubenica led<br \/>\n48 Borovnica led <span style=\"color: #ff0000\"><strong>&gt;&gt;&gt;&gt; Vru\u0107e!<\/strong><\/span><br \/>\n49 Lubenica Skittle<br \/>\n50 Jagoda mango<br \/>\n51 Jagoda Pomp\uff08Nar\uff09<br \/>\n52 Ljetna breskva led<br \/>\n53 Vi\u0161nja bobi\u010dasto vo\u0107e<br \/>\n54 Vi\u0161nja Cola<br \/>\n55 Prime lubenica<br \/>\n56 Jagoda gro\u017e\u0111e<br \/>\n57 Tigar krv <span style=\"color: #ff0000\"><strong>&gt;&gt;&gt;&gt; Vru\u0107e!<\/strong><\/span><br \/>\n58 Mineralna voda<\/p>\n<p>&nbsp;<\/p>\n<h3><\/h3>\n<h3><strong>Za\u0161to odabrati Rmvapesale za RandM Tornado 9000 <\/strong><strong>V<\/strong><strong>Veleprodaja Vape proizvoda<\/strong><strong>?<\/strong><\/h3>\n<div class=\"flex-shrink-0 flex flex-col relative items-end\">\n<div class=\"pt-0\">\n<div class=\"gizmo-bot-avatar flex h-8 w-8 items-center justify-center overflow-hidden rounded-full\">\n<div class=\"relative p-1 rounded-sm flex items-center justify-center bg-token-main-surface-primary text-token-text-primary h-8 w-8\">\n<p>Dobrodo\u0161li u Rmvapesale, va\u0161u pouzdanu vape trgovinu za vrhunske jednokratne vape. S vi\u0161e od 5 godina iskustva, donosimo vam popularne marke jednokratnih vape proizvoda kao \u0161to su Al Fakher, <a href=\"https:\/\/rmvapesale.com\/hr\/product\/vapme-crystal-7000-puffs-rechargeable-disposable-vape-price\/\">Vapme<\/a>, <a href=\"https:\/\/rmvapesale.com\/hr\/product-category\/bang-vapes\/\">Bang Vape<\/a>, Waspe, <a href=\"https:\/\/rmvapesale.com\/hr\/product\/wga-crystal-pro-max-extra-15k-puffs-disposable-vape-wholesale\/\">WGA<\/a> Vape i<a href=\"https:\/\/rmvapesale.com\/hr\/product-category\/randm-fumot-vape\/\"> RandM Vape<\/a>.<\/p>\n<p>Na\u0161a ponuda uklju\u010duje popularne vape proizvode poput <a href=\"https:\/\/rmvapesale.com\/hr\/product\/fumot-digital-box-12000-disposable-vape-pink-lemonade-flavor\/\">RandM 12k<\/a> i izbore bogate okusima poput <a href=\"https:\/\/rmvapesale.com\/hr\/product\/elfbar-combo-25000-puffs-rechargeable-disposable-vape-wholesale\/\">ELFBAR Combo 25000 Pufova<\/a>. Svaki proizvod odabran je s fokusom na kvalitetu, vrijednost i raznolikost, osiguravaju\u0107i da prona\u0111ete savr\u0161eni odabir za svoje potrebe. Otkrijte iznimnu uslugu i \u0161irok raspon vrhunskih proizvoda u Rmvapesale.<\/p>\n<\/div>\n<h3><\/h3>\n<div class=\"relative p-1 rounded-sm flex items-center justify-center bg-token-main-surface-primary text-token-text-primary h-8 w-8\">\n<h3><b>FAQ za RandM 9000 punjivu jednokratnu vaping ure\u0111aj<\/b><\/h3>\n<ol>\n<li><strong>Koji su popularni okusi za RandM 9000 jednokratnu vaping olovku?<\/strong><br \/>\nPopularni okusi za jednokratnu vaping olovku RandM 9000 uklju\u010duju Blue Razz Ice, koji kombinira slatku malinu s hladnim, ledenim zavr\u0161etkom. Ostali okusi mogu varirati ovisno o dostupnosti i regionalnim preferencijama.<\/li>\n<li><strong>Kako da znam kada je moja RandM Tornado 9000 prazna?<\/strong><br \/>\nKad je va\u0161a RandM Tornado 9000 prazna, primijetit \u0107ete smanjenje proizvodnje pare i okusa. Osim toga, povla\u010denje mo\u017ee biti slabije ili proizvoditi malo pare, \u0161to ukazuje da je e-teku\u0107ina potro\u0161ena.<\/li>\n<li><strong>Koliko vremena je potrebno za punjenje RandM 9000 puff Vape ure\u0111aja?<\/strong><br \/>\nVrijeme punjenja za RandM Tornado 9000 mo\u017ee varirati, ali obi\u010dno je potrebno otprilike 1-2 sata za potpuno punjenje baterije od 850mAh putem Type-C priklju\u010dka.<\/li>\n<li><strong>Koliko nikotina sadr\u017ei RandM Tornado 9k puff jednokratna vaping olovka?<\/strong><br \/>\nRandM Tornado 9000 sadr\u017ei nikotinske soli, ali to\u010dna koncentracija nikotina mo\u017ee varirati ovisno o regiji i verziji proizvoda. Najbolje je provjeriti pakiranje ili specifikacije proizvoda za to\u010dne razine nikotina.<\/li>\n<li><strong>Gdje kupiti Fumot Tornado 9000 puff vape ure\u0111aje po veleprodajnoj cijeni?<\/strong><br \/>\nFumot Tornado 9000 puff vape ure\u0111aje mo\u017eete kupiti po veleprodajnim cijenama od ovla\u0161tenih distributera ili online veleprodajnih trgovina za vape. Mnoge web stranice nude veleprodajne opcije posebno za brendove RandM i Fumot.<\/li>\n<li><strong>Mogu li unijeti jednokratni vejp u avion?<\/strong><br \/>\nDa, mo\u017eete donijeti jednokratne vape ure\u0111aje na avion u ru\u010dnoj prtljazi, ali ih ne smijete staviti u prijavljenu prtljagu zbog propisa o baterijama. Uvijek provjerite smjernice aviokompanije i TSA prije putovanja.<\/li>\n<li><strong>Koliko pufova pru\u017ea RandM Vape 9000?<\/strong><br \/>\nJednokratni vape ure\u0111aj RandM Tornado 9000 pru\u017ea vi\u0161e od 9000 pufova, \u0161to ga \u010dini dugotrajnijom opcijom u usporedbi s drugim jednokratnim vape ure\u0111ajima.<\/li>\n<\/ol>\n<\/div>\n<div class=\"mb-2 flex gap-3 empty:hidden -ml-2\"><\/div>\n<p>&nbsp;<\/p>\n<\/div>\n<\/div>\n<\/div>\n<h3>O isporuci<\/h3>\n<div class=\"flex-shrink-0 flex flex-col relative items-end\">\n<div>\n<div class=\"pt-0\">\n<div class=\"gizmo-bot-avatar flex h-8 w-8 items-center justify-center overflow-hidden rounded-full\">\n<div><\/div>\n<div class=\"relative p-1 rounded-sm flex items-center justify-center bg-token-main-surface-primary text-token-text-primary h-8 w-8\"><strong>1. Koje metode dostave se koriste?<\/strong><\/div>\n<\/div>\n<\/div>\n<\/div>\n<\/div>\n<div class=\"group\/conversation-turn relative flex w-full min-w-0 flex-col agent-turn\">\n<div class=\"flex-col gap-1 md:gap-3\">\n<div class=\"flex max-w-full flex-col flex-grow\">\n<div class=\"min-h-[20px] text-message flex w-full flex-col items-end gap-2 whitespace-normal break-words [.text-message+&amp;]:mt-5 overflow-x-auto\" dir=\"auto\" data-message-author-role=\"assistant\" data-message-id=\"22f8283b-3233-46ff-89a5-c7a41b33abda\">\n<div class=\"flex w-full flex-col gap-1 empty:hidden first:pt-[3px]\">\n<div class=\"markdown prose w-full break-words dark:prose-invert light\">\n<p>Sura\u0111ujemo s UPS-om, DHL-om, FedEx-om, DPD-om i drugim vode\u0107im prijevoznicima. Odabrat \u0107emo najbolju metodu dostave na temelju va\u0161e lokacije kako bismo osigurali da svoje proizvode primite \u0161to je prije mogu\u0107e.<\/p>\n<\/div>\n<p><strong>2. Koliko dugo traje dostava?<\/strong><\/p>\n<p>Paketi poslani u Hrvatsku obi\u010dno sti\u017eu unutar 10 radnih dana. Dostava u europske zemlje op\u0107enito traje oko 12-15 radnih dana. Pru\u017eit \u0107emo vam a\u017euriranja o statusu va\u0161e po\u0161iljke u stvarnom vremenu.<\/p>\n<\/div>\n<\/div>\n<\/div>\n<\/div>\n<\/div>\n<p>&nbsp;<\/p>\n<p>Prona\u0111ite vi\u0161e Vape proizvoda koji bi vam se mogli svidjeti:<strong><em><a href=\"https:\/\/rmvapesale.com\/hr\/shop-2\/\">kupite sada &gt;&gt;&gt;<\/a><\/em><\/strong><\/p>","protected":false},"excerpt":{"rendered":"<p>RandM Tornado 9000 Dim Jednokratni ure\u0111aj za vaping<br \/>\nRandM 9000 dim Jednokratni Vape svi okusi na skladi\u0161tu<br \/>\nRandM Tornado 9000 Dim 9K Jednokratni bar<\/p>\n<p><img loading=\"lazy\" decoding=\"async\" class=\"size-full wp-image-2375\" src=\"https:\/\/rmvapesale.com\/wp-content\/uploads\/2024\/10\/image.png\" alt=\"Najbolji jednokratni vejp\" width=\"229\" height=\"300\" \/><\/p>\n<h3><a href=\"https:\/\/wa.me\/8617776015835\"><span style=\"color: #ff0000\"><strong>WhatsApp: +86 17776015835<\/strong><\/span><\/a><\/h3>\n<p>&nbsp;<\/p>","protected":false},"featured_media":2723,"comment_status":"open","ping_status":"closed","template":"","meta":{"_uag_custom_page_level_css":"","_lmt_disableupdate":"no","_lmt_disable":"","site-sidebar-layout":"default","site-content-layout":"content-boxed-container","ast-site-content-layout":"normal-width-container","site-content-style":"boxed","site-sidebar-style":"unboxed","ast-global-header-display":"","ast-banner-title-visibility":"","ast-main-header-display":"","ast-hfb-above-header-display":"","ast-hfb-below-header-display":"","ast-hfb-mobile-header-display":"","site-post-title":"","ast-breadcrumbs-content":"","ast-featured-img":"","footer-sml-layout":"","theme-transparent-header-meta":"default","adv-header-id-meta":"","stick-header-meta":"","header-above-stick-meta":"","header-main-stick-meta":"","header-below-stick-meta":"","astra-migrate-meta-layouts":"set","ast-page-background-enabled":"default","ast-page-background-meta":{"desktop":{"background-color":"var(--ast-global-color-4)","background-image":"","background-repeat":"repeat","background-position":"center center","background-size":"auto","background-attachment":"scroll","background-type":"","background-media":"","overlay-type":"","overlay-color":"","overlay-opacity":"","overlay-gradient":""},"tablet":{"background-color":"","background-image":"","background-repeat":"repeat","background-position":"center center","background-size":"auto","background-attachment":"scroll","background-type":"","background-media":"","overlay-type":"","overlay-color":"","overlay-opacity":"","overlay-gradient":""},"mobile":{"background-color":"","background-image":"","background-repeat":"repeat","background-position":"center center","background-size":"auto","background-attachment":"scroll","background-type":"","background-media":"","overlay-type":"","overlay-color":"","overlay-opacity":"","overlay-gradient":""}},"ast-content-background-meta":{"desktop":{"background-color":"var(--ast-global-color-5)","background-image":"","background-repeat":"repeat","background-position":"center center","background-size":"auto","background-attachment":"scroll","background-type":"","background-media":"","overlay-type":"","overlay-color":"","overlay-opacity":"","overlay-gradient":""},"tablet":{"background-color":"var(--ast-global-color-5)","background-image":"","background-repeat":"repeat","background-position":"center center","background-size":"auto","background-attachment":"scroll","background-type":"","background-media":"","overlay-type":"","overlay-color":"","overlay-opacity":"","overlay-gradient":""},"mobile":{"background-color":"var(--ast-global-color-5)","background-image":"","background-repeat":"repeat","background-position":"center center","background-size":"auto","background-attachment":"scroll","background-type":"","background-media":"","overlay-type":"","overlay-color":"","overlay-opacity":"","overlay-gradient":""}},"_joinchat":[]},"product_brand":[],"product_cat":[15,25,123,26,28,135,27,137,136,30],"product_tag":[169,207,181,120],"class_list":{"0":"post-2728","1":"product","2":"type-product","3":"status-publish","4":"has-post-thumbnail","6":"product_cat-new-vape-this-week","7":"product_cat-germany-best-selling-vape","8":"product_cat-italy-wholesale-vape","9":"product_cat-netherlands-hot-sale-vape","10":"product_cat-poland-hot-sale-vape","11":"product_cat-spain-best-hot-sale-vape","12":"product_cat-fance-hot-sale-vape","13":"product_cat-rechargeable-vapes","14":"product_cat-smart-screen-vapes","15":"product_cat-minimum-order-quantity-50pcs","16":"product_tag-best-disposable-vape-2024","17":"product_tag-puff-vape","18":"product_tag-randm-tornado-9000","19":"product_tag-vape-wholesale","20":"desktop-align-left","21":"tablet-align-left","22":"mobile-align-left","24":"first","25":"instock","26":"sale","27":"shipping-taxable","28":"purchasable","29":"product-type-simple"},"uagb_featured_image_src":{"full":["https:\/\/rmvapesale.com\/wp-content\/uploads\/2024\/11\/RandM-Tornado-9000-Blueberry-raspberry.png",800,800,false],"thumbnail":["https:\/\/rmvapesale.com\/wp-content\/uploads\/2024\/11\/RandM-Tornado-9000-Blueberry-raspberry-150x150.png",150,150,true],"medium":["https:\/\/rmvapesale.com\/wp-content\/uploads\/2024\/11\/RandM-Tornado-9000-Blueberry-raspberry-300x300.png",300,300,true],"medium_large":["https:\/\/rmvapesale.com\/wp-content\/uploads\/2024\/11\/RandM-Tornado-9000-Blueberry-raspberry-768x768.png",768,768,true],"large":["https:\/\/rmvapesale.com\/wp-content\/uploads\/2024\/11\/RandM-Tornado-9000-Blueberry-raspberry.png",800,800,false],"1536x1536":["https:\/\/rmvapesale.com\/wp-content\/uploads\/2024\/11\/RandM-Tornado-9000-Blueberry-raspberry.png",800,800,false],"2048x2048":["https:\/\/rmvapesale.com\/wp-content\/uploads\/2024\/11\/RandM-Tornado-9000-Blueberry-raspberry.png",800,800,false],"trp-custom-language-flag":["https:\/\/rmvapesale.com\/wp-content\/uploads\/2024\/11\/RandM-Tornado-9000-Blueberry-raspberry.png",12,12,false],"woocommerce_thumbnail":["https:\/\/rmvapesale.com\/wp-content\/uploads\/2024\/11\/RandM-Tornado-9000-Blueberry-raspberry-300x300.png",300,300,true],"woocommerce_single":["https:\/\/rmvapesale.com\/wp-content\/uploads\/2024\/11\/RandM-Tornado-9000-Blueberry-raspberry-600x600.png",600,600,true],"woocommerce_gallery_thumbnail":["https:\/\/rmvapesale.com\/wp-content\/uploads\/2024\/11\/RandM-Tornado-9000-Blueberry-raspberry-100x100.png",100,100,true],"wcpr-photo-reviews":["https:\/\/rmvapesale.com\/wp-content\/uploads\/2024\/11\/RandM-Tornado-9000-Blueberry-raspberry.png",500,500,false]},"uagb_author_info":{"display_name":"AMY","author_link":"https:\/\/rmvapesale.com\/hr\/author\/"},"uagb_comment_info":0,"uagb_excerpt":"RandM Tornado 9000 Puffs Disposable Vape Device RandM 9000 puffs Disposable Vape All Flavor in Stock RandM Tornado 9000 Puff 9K Disposable Bar WhatsApp: +86 17776015835 &nbsp;","_links":{"self":[{"href":"https:\/\/rmvapesale.com\/hr\/wp-json\/wp\/v2\/product\/2728","targetHints":{"allow":["GET"]}}],"collection":[{"href":"https:\/\/rmvapesale.com\/hr\/wp-json\/wp\/v2\/product"}],"about":[{"href":"https:\/\/rmvapesale.com\/hr\/wp-json\/wp\/v2\/types\/product"}],"replies":[{"embeddable":true,"href":"https:\/\/rmvapesale.com\/hr\/wp-json\/wp\/v2\/comments?post=2728"}],"wp:featuredmedia":[{"embeddable":true,"href":"https:\/\/rmvapesale.com\/hr\/wp-json\/wp\/v2\/media\/2723"}],"wp:attachment":[{"href":"https:\/\/rmvapesale.com\/hr\/wp-json\/wp\/v2\/media?parent=2728"}],"wp:term":[{"taxonomy":"product_brand","embeddable":true,"href":"https:\/\/rmvapesale.com\/hr\/wp-json\/wp\/v2\/product_brand?post=2728"},{"taxonomy":"product_cat","embeddable":true,"href":"https:\/\/rmvapesale.com\/hr\/wp-json\/wp\/v2\/product_cat?post=2728"},{"taxonomy":"product_tag","embeddable":true,"href":"https:\/\/rmvapesale.com\/hr\/wp-json\/wp\/v2\/product_tag?post=2728"}],"curies":[{"name":"wp","href":"https:\/\/api.w.org\/{rel}","templated":true}]}}