{"id":2744,"date":"2024-11-16T06:25:21","date_gmt":"2024-11-16T06:25:21","guid":{"rendered":"https:\/\/rmvapesale.com\/?post_type=product&#038;p=2744"},"modified":"2024-11-16T06:56:53","modified_gmt":"2024-11-16T06:56:53","slug":"jnr-falcon-16000-puffs-disposable-vape-europe-wholesale-2-nicotine","status":"publish","type":"product","link":"https:\/\/rmvapesale.com\/hr\/product\/jnr-falcon-16000-puffs-disposable-vape-europe-wholesale-2-nicotine\/","title":{"rendered":"JNR Falcon 16000 Puffs Jednokratna Vape Veleprodaja Europa 2% Nikotin"},"content":{"rendered":"<div class=\"B2VR9 CJHX3e\">\n<div class=\"wyccme\">\n<h1 class=\"LC20lb MBeuO DKV0Md\">JNR Falcon 16000 Puffs Jednokratna Vape Veleprodaja Europa 2% Nikotin<\/h1>\n<div class=\"flex-shrink-0 flex flex-col relative items-end\">\n<div class=\"pt-0\">\n<div class=\"gizmo-bot-avatar flex h-8 w-8 items-center justify-center overflow-hidden rounded-full\">\n<div class=\"relative p-1 rounded-sm flex items-center justify-center bg-token-main-surface-primary text-token-text-primary h-8 w-8\">\n<p>Iskusite iznimne performanse <strong>JNR Falcon 16000 Udisaja Jednokratna Vape<\/strong>, skrojen za vapere koji tra\u017ee produ\u017eenu upotrebu i sna\u017enu isporuku okusa. Ova punjiva vape ima <strong>tehnologiju dvostruke mre\u017easte zavojnice<\/strong>, nude\u0107i do <strong>16.000 udisaja<\/strong> s dosljedno robusnim okusom i masivnom proizvodnjom oblaka. Njegova <strong>2% ja\u010dina nikotina<\/strong> zadovoljava uravnote\u017eeno iskustvo vapinga, idealno za iskusne korisnike i one koji prelaze s tradicionalnog pu\u0161enja. Dizajniran s velikodu\u0161nim kapacitetom e-teku\u0107ine i dugotrajnom aromom, osigurava zadovoljstvo do posljednjeg udisaja, \u0161to ga \u010dini savr\u0161enim izborom za veleprodajne kupce u Hrvatskoj.<\/p>\n<p>JNR Falcon 16000 isti\u010de se svojim <strong>dvostrukim priklju\u010dcima za punjenje<\/strong>, kompatibilnim s <strong>Type-C i Lightning kablovima<\/strong>, osiguravaju\u0107i brze i prakti\u010dne mogu\u0107nosti punjenja. Njegov elegantan, izdr\u017eljiv dizajn i sna\u017ena baterija pru\u017eaju besprijekornu upotrebljivost, bez obzira jeste li u pokretu ili se opu\u0161tate kod ku\u0107e. Savr\u0161eno za <strong>veleprodajne opcije za vape<\/strong> kupnje, ovaj ure\u0111aj obe\u0107ava kvalitetu i vrijednost za europske trgovce koji \u017eele imati vrhunsku opciju jednokratne vape.<\/p>\n<\/div>\n<\/div>\n<\/div>\n<\/div>\n<\/div>\n<\/div>\n<p><strong>Kontaktirajte Amy da dobijete pravi odgovor i kupon za vape!<\/strong><\/p>\n<p><img loading=\"lazy\" decoding=\"async\" class=\"size-full wp-image-1978\" src=\"https:\/\/rmvapesale.com\/wp-content\/uploads\/2024\/09\/Disposable-Vape-Wholesale.jpg\" alt=\"Veleprodaja jednokratnih vejpova\" width=\"229\" height=\"300\" \/><\/p>\n<h3><a href=\"https:\/\/wa.me\/8617776015835\" target=\"_blank\" rel=\"noopener\"><span style=\"color: #ff0000\"><strong>WhatsApp: +86 17776015835<\/strong><\/span><\/a><\/h3>\n<p>&nbsp;<\/p>\n<h2><\/h2>\n<h2><strong>Glavne zna\u010dajke JNR Falcon 16000 Puffs<\/strong><\/h2>\n<ul>\n<li><strong>16.000 udisaja za produljeno kori\u0161tenje<\/strong><\/li>\n<li><strong>Dvostruke mre\u017easte zavojnice za bogatije oblake i okus<\/strong><\/li>\n<li><strong>2% nikotin za uravnote\u017eeno iskustvo vapinga<\/strong><\/li>\n<li><strong>Dvostruki priklju\u010dci za punjenje: Type-C<\/strong><\/li>\n<li><strong>Dugotrajna aroma do zadnjeg udisaja<\/strong><\/li>\n<\/ul>\n<h2><\/h2>\n<h2><strong>Vrhunski okusi za JNR Falcon 16000 Puffs<\/strong><\/h2>\n<p>1. Kupina Crvena Malina <span style=\"color: #ff0000\"><strong>&gt;&gt;&gt;&gt; Vru\u0107e!<\/strong><\/span><br \/>\n2. Blue Razz Ice <span style=\"color: #ff0000\"><strong>&gt;&gt;&gt;&gt; Vru\u0107e!<\/strong><\/span><br \/>\n3. Borovnica Nar Led<br \/>\n4. Borovnica Crvena Malina <span style=\"color: #ff0000\"><strong>&gt;&gt;&gt;&gt; Vru\u0107e!<\/strong><\/span><br \/>\n5. Mango Marakuja<br \/>\n6. Marakuja Kivi<br \/>\n7. Sakura Gro\u017e\u0111e<br \/>\n8. Jagoda Kivi<br \/>\n10. Jagoda Lubenica Led<br \/>\n11. Lubenica Mango Breskva<br \/>\n12. Lubenica Led<br \/>\n13. Mje\u0161avina Bobica<br \/>\n14. Bijela breskva Razz<br \/>\n15. Hubba Bubba Jagoda<br \/>\n16. Borovnica Malina Tre\u0161nja<br \/>\n17. Tre\u0161nja Bobica<br \/>\n18. Jagoda Led<br \/>\n19. Mije\u0161ano Bobi\u010dasto Vo\u0107e<br \/>\n20. Lubenica \u017dvaka\u0107a Guma<br \/>\n21. Jagoda Banana<br \/>\n22. Cola Led<br \/>\n23. Borovnica Kiwi<br \/>\n24. Plava malina tre\u0161nja <span style=\"color: #ff0000\"><strong>&gt;&gt;&gt;&gt; Vru\u0107e!<\/strong><\/span><br \/>\n25. Zamrzavanje tre\u0161nje i lubenice<br \/>\n26. Gazirana tre\u0161nja kola <span style=\"color: #ff0000\"><strong>&gt;&gt;&gt;&gt; Najbolje!<\/strong><\/span><br \/>\n27. So\u010dne breskve<br \/>\n28. Breskva bobica<br \/>\n29. Kivi marakuja guava<\/p>\n<figure id=\"attachment_2741\" aria-describedby=\"caption-attachment-2741\" style=\"width: 800px\" class=\"wp-caption alignnone\"><img loading=\"lazy\" decoding=\"async\" class=\"wp-image-2741 size-full\" src=\"https:\/\/rmvapesale.com\/wp-content\/uploads\/2024\/11\/JNR-Falcon-Disposable-Vap.jpg\" alt=\"JNR Falcon jednokratni Vape\" width=\"800\" height=\"450\" srcset=\"https:\/\/rmvapesale.com\/wp-content\/uploads\/2024\/11\/JNR-Falcon-Disposable-Vap.jpg 800w, https:\/\/rmvapesale.com\/wp-content\/uploads\/2024\/11\/JNR-Falcon-Disposable-Vap-300x169.jpg 300w, https:\/\/rmvapesale.com\/wp-content\/uploads\/2024\/11\/JNR-Falcon-Disposable-Vap-768x432.jpg 768w, https:\/\/rmvapesale.com\/wp-content\/uploads\/2024\/11\/JNR-Falcon-Disposable-Vap-600x338.jpg 600w\" sizes=\"auto, (max-width: 800px) 100vw, 800px\" \/><figcaption id=\"caption-attachment-2741\" class=\"wp-caption-text\">JNR Falcon jednokratni Vape<\/figcaption><\/figure>\n<h3><strong>Za\u0161to odabrati Rmvapesale za JNR Falcon 16000 Puffs <\/strong><strong>V<\/strong><strong>Veleprodaja Vape proizvoda<\/strong><strong>?<\/strong><\/h3>\n<div class=\"flex-shrink-0 flex flex-col relative items-end\">\n<div class=\"pt-0\">\n<div class=\"gizmo-bot-avatar flex h-8 w-8 items-center justify-center overflow-hidden rounded-full\">\n<div class=\"relative p-1 rounded-sm flex items-center justify-center bg-token-main-surface-primary text-token-text-primary h-8 w-8\">\n<p>Dobrodo\u0161li u Rmvapesale, va\u0161u pouzdanu vape trgovinu za vrhunske jednokratne vape. S vi\u0161e od 5 godina iskustva, donosimo vam popularne marke jednokratnih vape proizvoda kao \u0161to su Al Fakher, <a href=\"https:\/\/rmvapesale.com\/hr\/product\/vapme-crystal-7000-puffs-rechargeable-disposable-vape-price\/\">Vapme<\/a>, <a href=\"https:\/\/rmvapesale.com\/hr\/product-category\/bang-vapes\/\">Bang Vape<\/a>, Waspe, <a href=\"https:\/\/rmvapesale.com\/hr\/product\/wga-crystal-pro-max-extra-15k-puffs-disposable-vape-wholesale\/\">WGA<\/a> Vape i<a href=\"https:\/\/rmvapesale.com\/hr\/product-category\/randm-fumot-vape\/\"> RandM Vape<\/a>.<\/p>\n<p>Na\u0161a ponuda uklju\u010duje popularne vape proizvode poput <a href=\"https:\/\/rmvapesale.com\/hr\/product\/fumot-randm-12000-strawberry-kiwi-flavor-disposable-vape-wholesale-netherlands\/\">RandM 12000 Puffs<\/a> i izbore bogate okusima poput <a href=\"https:\/\/rmvapesale.com\/hr\/product\/wga-crystal-pro-max-extra-15k-puffs-disposable-vape-wholesale\/\">WGA 15K<\/a>. Svaki proizvod odabran je s fokusom na kvalitetu, vrijednost i raznolikost, osiguravaju\u0107i da prona\u0111ete savr\u0161eni odabir za svoje potrebe. Otkrijte iznimnu uslugu i \u0161irok raspon vrhunskih proizvoda u Rmvapesale.<\/p>\n<\/div>\n<h3><\/h3>\n<div class=\"relative p-1 rounded-sm flex items-center justify-center bg-token-main-surface-primary text-token-text-primary h-8 w-8\">\n<h3><b>JNR Falcon 16000 Puffs Punjivi jednokratni Vape \u010cesta pitanja<\/b><\/h3>\n<div class=\"group\/conversation-turn relative flex w-full min-w-0 flex-col agent-turn\">\n<div class=\"flex-col gap-1 md:gap-3\">\n<div class=\"flex max-w-full flex-col flex-grow\">\n<div class=\"min-h-8 text-message flex w-full flex-col items-end gap-2 whitespace-normal break-words [.text-message+&amp;]:mt-5\" dir=\"auto\" data-message-author-role=\"assistant\" data-message-id=\"00c9b302-bc9c-4550-94ba-5a295efa2be3\" data-message-model-slug=\"gpt-4o\">\n<div class=\"flex w-full flex-col gap-1 empty:hidden first:pt-[3px]\">\n<div class=\"markdown prose w-full break-words dark:prose-invert light\">\n<div class=\"flex-shrink-0 flex flex-col relative items-end\">\n<div>\n<div class=\"pt-0\">\n<div class=\"gizmo-bot-avatar flex h-8 w-8 items-center justify-center overflow-hidden rounded-full\">\n<div class=\"relative p-1 rounded-sm flex items-center justify-center bg-token-main-surface-primary text-token-text-primary h-8 w-8\">\n<div class=\"flex-shrink-0 flex flex-col relative items-end\">\n<div>\n<div class=\"pt-0\">\n<div class=\"gizmo-bot-avatar flex h-8 w-8 items-center justify-center overflow-hidden rounded-full\">\n<div class=\"relative p-1 rounded-sm flex items-center justify-center bg-token-main-surface-primary text-token-text-primary h-8 w-8\"><\/div>\n<\/div>\n<\/div>\n<\/div>\n<\/div>\n<div class=\"group\/conversation-turn relative flex w-full min-w-0 flex-col agent-turn\">\n<div class=\"flex-col gap-1 md:gap-3\">\n<div class=\"flex max-w-full flex-col flex-grow\">\n<div class=\"min-h-8 text-message flex w-full flex-col items-end gap-2 whitespace-normal break-words [.text-message+&amp;]:mt-5\" dir=\"auto\" data-message-author-role=\"assistant\" data-message-id=\"b0ff1c9f-fc91-4382-ada9-b8b4efc6c562\" data-message-model-slug=\"gpt-4o\">\n<div class=\"flex w-full flex-col gap-1 empty:hidden first:pt-[3px]\">\n<div class=\"markdown prose w-full break-words dark:prose-invert light\">\n<ol>\n<li><strong>Koliko udisaja pru\u017ea JNR Falcon 16000 Puffs punjivi Vape?<\/strong><br \/>\nJNR Falcon 16000 Puffs punjivi Vape pru\u017ea do <strong>16.000 udisaja<\/strong>, nude\u0107i dugotrajnu upotrebu.<\/li>\n<li><strong>Koji su popularni okusi za JNR Falcon 16000 Digital Box Vape?<\/strong><br \/>\nPopularni okusi za JNR Falcon 16000 Digital Box Vape uklju\u010duju <strong>mango led, jagoda lubenica, plava malina i hladna menta<\/strong>, poznati po svom sna\u017enom okusu i glatkoj zavr\u0161nici.<\/li>\n<li><strong>Kako \u0107u znati kada je moj JNR Vape Falcon 16000 Puffs prazan?<\/strong><br \/>\nVa\u0161 JNR Vape Falcon 16000 Puffs je prazan kada <strong>proizvodnja pare zna\u010dajno opadne<\/strong>, <strong>okus slabi<\/strong>, ili <strong>indikator e-teku\u0107ine (ako je dostupan) pokazuje niske razine<\/strong>.<\/li>\n<li><strong>Koliko nikotina ima u JNR Falcon 16000 Vape jednokratnom vapeu?<\/strong><br \/>\nJNR Falcon 16000 Vape jednokratni vape sadr\u017ei <strong>2% nikotina<\/strong> (20mg\/ml), pru\u017eaju\u0107i umjerenu ja\u010dinu nikotina za korisnike.<\/li>\n<li><strong>Koliko je vremena potrebno da se JNR 16000 jednokratni vape potpuno napuni?<\/strong><br \/>\nJNR 16000 jednokratnom vapeu potrebno je otprilike <strong>45 do 60 minuta<\/strong> za potpuno punjenje koriste\u0107i svoj <strong>Type-C ili Lightning priklju\u010dak<\/strong>.<\/li>\n<li><strong>Gdje kupiti JNR Falcon 16000 Vape po veleprodajnoj cijeni?<\/strong><br \/>\nZa veleprodajne cijene JNR Falcon 16000 Vape posjetite <strong>Rmvapesale online vape trgovinu<\/strong>, pouzdanog dobavlja\u010da za kupnju na veliko.<\/li>\n<\/ol>\n<\/div>\n<\/div>\n<\/div>\n<\/div>\n<\/div>\n<\/div>\n<\/div>\n<\/div>\n<\/div>\n<\/div>\n<\/div>\n<div class=\"group\/conversation-turn relative flex w-full min-w-0 flex-col agent-turn\">\n<div class=\"flex-col gap-1 md:gap-3\">\n<div class=\"flex max-w-full flex-col flex-grow\">\n<div class=\"min-h-8 text-message flex w-full flex-col items-end gap-2 whitespace-normal break-words [.text-message+&amp;]:mt-5\" dir=\"auto\" data-message-author-role=\"assistant\" data-message-id=\"a3dc01bd-23b0-4fd7-bb9a-7827522cefd8\" data-message-model-slug=\"gpt-4o\">\n<div class=\"flex w-full flex-col gap-1 empty:hidden first:pt-[3px]\">\n<div class=\"markdown prose w-full break-words dark:prose-invert light\">\n<p>&nbsp;<\/p>\n<\/div>\n<\/div>\n<\/div>\n<\/div>\n<\/div>\n<\/div>\n<\/div>\n<\/div>\n<\/div>\n<\/div>\n<\/div>\n<\/div>\n<\/div>\n<div class=\"mb-2 flex gap-3 empty:hidden -ml-2\"><\/div>\n<p>&nbsp;<\/p>\n<\/div>\n<\/div>\n<\/div>\n<h3>O isporuci<\/h3>\n<div class=\"flex-shrink-0 flex flex-col relative items-end\">\n<div>\n<div class=\"pt-0\">\n<div class=\"gizmo-bot-avatar flex h-8 w-8 items-center justify-center overflow-hidden rounded-full\">\n<div><\/div>\n<div class=\"relative p-1 rounded-sm flex items-center justify-center bg-token-main-surface-primary text-token-text-primary h-8 w-8\"><strong>1. Koje metode dostave se koriste?<\/strong><\/div>\n<\/div>\n<\/div>\n<\/div>\n<\/div>\n<div class=\"group\/conversation-turn relative flex w-full min-w-0 flex-col agent-turn\">\n<div class=\"flex-col gap-1 md:gap-3\">\n<div class=\"flex max-w-full flex-col flex-grow\">\n<div class=\"min-h-[20px] text-message flex w-full flex-col items-end gap-2 whitespace-normal break-words [.text-message+&amp;]:mt-5 overflow-x-auto\" dir=\"auto\" data-message-author-role=\"assistant\" data-message-id=\"22f8283b-3233-46ff-89a5-c7a41b33abda\">\n<div class=\"flex w-full flex-col gap-1 empty:hidden first:pt-[3px]\">\n<div class=\"markdown prose w-full break-words dark:prose-invert light\">\n<p>Sura\u0111ujemo s UPS-om, DHL-om, FedEx-om, DPD-om i drugim vode\u0107im prijevoznicima. Odabrat \u0107emo najbolju metodu dostave na temelju va\u0161e lokacije kako bismo osigurali da svoje proizvode primite \u0161to je prije mogu\u0107e.<\/p>\n<\/div>\n<p><strong>2. Koliko dugo traje dostava?<\/strong><\/p>\n<p>Paketi poslani u Hrvatsku obi\u010dno sti\u017eu unutar 10 radnih dana. Dostava u europske zemlje op\u0107enito traje oko 12-15 radnih dana. Pru\u017eit \u0107emo vam a\u017euriranja o statusu va\u0161e po\u0161iljke u stvarnom vremenu.<\/p>\n<\/div>\n<\/div>\n<\/div>\n<\/div>\n<\/div>\n<p>&nbsp;<\/p>\n<p>Prona\u0111ite vi\u0161e Vape proizvoda koji bi vam se mogli svidjeti:<strong><em><a href=\"https:\/\/rmvapesale.com\/hr\/shop-2\/\">kupite sada &gt;&gt;&gt;<\/a><\/em><\/strong><\/p>","protected":false},"excerpt":{"rendered":"<p>JNR Falcon 16000 Udisaja Punjiva Jednokratna Vape<br \/>\nJNR Falcon Veliki Udisaj 16000 2% Jednokratna Vape s Niskim Udjelom Nikotina<br \/>\nJNR Falcon 16000 Udisaja Jednokratna Vape Veleprodajna Cijena<\/p>\n<p><img loading=\"lazy\" decoding=\"async\" class=\"size-full wp-image-2375\" src=\"https:\/\/rmvapesale.com\/wp-content\/uploads\/2024\/10\/image.png\" alt=\"Najbolji jednokratni vejp\" width=\"229\" height=\"300\" \/><\/p>\n<h3><a href=\"https:\/\/wa.me\/8617776015835\"><span style=\"color: #ff0000\"><strong>WhatsApp: +86 17776015835<\/strong><\/span><\/a><\/h3>\n<p>&nbsp;<\/p>","protected":false},"featured_media":2740,"comment_status":"open","ping_status":"closed","template":"","meta":{"_uag_custom_page_level_css":"","_lmt_disableupdate":"no","_lmt_disable":"","site-sidebar-layout":"default","site-content-layout":"content-boxed-container","ast-site-content-layout":"normal-width-container","site-content-style":"boxed","site-sidebar-style":"unboxed","ast-global-header-display":"","ast-banner-title-visibility":"","ast-main-header-display":"","ast-hfb-above-header-display":"","ast-hfb-below-header-display":"","ast-hfb-mobile-header-display":"","site-post-title":"","ast-breadcrumbs-content":"","ast-featured-img":"","footer-sml-layout":"","ast-disable-related-posts":"","theme-transparent-header-meta":"default","adv-header-id-meta":"","stick-header-meta":"","header-above-stick-meta":"","header-main-stick-meta":"","header-below-stick-meta":"","astra-migrate-meta-layouts":"set","ast-page-background-enabled":"default","ast-page-background-meta":{"desktop":{"background-color":"var(--ast-global-color-4)","background-image":"","background-repeat":"repeat","background-position":"center center","background-size":"auto","background-attachment":"scroll","background-type":"","background-media":"","overlay-type":"","overlay-color":"","overlay-opacity":"","overlay-gradient":""},"tablet":{"background-color":"","background-image":"","background-repeat":"repeat","background-position":"center center","background-size":"auto","background-attachment":"scroll","background-type":"","background-media":"","overlay-type":"","overlay-color":"","overlay-opacity":"","overlay-gradient":""},"mobile":{"background-color":"","background-image":"","background-repeat":"repeat","background-position":"center center","background-size":"auto","background-attachment":"scroll","background-type":"","background-media":"","overlay-type":"","overlay-color":"","overlay-opacity":"","overlay-gradient":""}},"ast-content-background-meta":{"desktop":{"background-color":"var(--ast-global-color-5)","background-image":"","background-repeat":"repeat","background-position":"center center","background-size":"auto","background-attachment":"scroll","background-type":"","background-media":"","overlay-type":"","overlay-color":"","overlay-opacity":"","overlay-gradient":""},"tablet":{"background-color":"var(--ast-global-color-5)","background-image":"","background-repeat":"repeat","background-position":"center center","background-size":"auto","background-attachment":"scroll","background-type":"","background-media":"","overlay-type":"","overlay-color":"","overlay-opacity":"","overlay-gradient":""},"mobile":{"background-color":"var(--ast-global-color-5)","background-image":"","background-repeat":"repeat","background-position":"center center","background-size":"auto","background-attachment":"scroll","background-type":"","background-media":"","overlay-type":"","overlay-color":"","overlay-opacity":"","overlay-gradient":""}},"_joinchat":[]},"product_brand":[],"product_cat":[15,27,25,123,30,26,28,137,135],"product_tag":[216,215,205],"class_list":{"0":"post-2744","1":"product","2":"type-product","3":"status-publish","4":"has-post-thumbnail","6":"product_cat-new-vape-this-week","7":"product_cat-fance-hot-sale-vape","8":"product_cat-germany-best-selling-vape","9":"product_cat-italy-wholesale-vape","10":"product_cat-minimum-order-quantity-50pcs","11":"product_cat-netherlands-hot-sale-vape","12":"product_cat-poland-hot-sale-vape","13":"product_cat-rechargeable-vapes","14":"product_cat-spain-best-hot-sale-vape","15":"product_tag-jnr-16000","16":"product_tag-jnr-falcon-16000","17":"product_tag-jnr-vape","18":"desktop-align-left","19":"tablet-align-left","20":"mobile-align-left","22":"first","23":"instock","24":"sale","25":"shipping-taxable","26":"purchasable","27":"product-type-simple"},"uagb_featured_image_src":{"full":["https:\/\/rmvapesale.com\/wp-content\/uploads\/2024\/11\/Jnr-falcon-16000-puffs-in-Europe.png",800,800,false],"thumbnail":["https:\/\/rmvapesale.com\/wp-content\/uploads\/2024\/11\/Jnr-falcon-16000-puffs-in-Europe-150x150.png",150,150,true],"medium":["https:\/\/rmvapesale.com\/wp-content\/uploads\/2024\/11\/Jnr-falcon-16000-puffs-in-Europe-300x300.png",300,300,true],"medium_large":["https:\/\/rmvapesale.com\/wp-content\/uploads\/2024\/11\/Jnr-falcon-16000-puffs-in-Europe-768x768.png",768,768,true],"large":["https:\/\/rmvapesale.com\/wp-content\/uploads\/2024\/11\/Jnr-falcon-16000-puffs-in-Europe.png",800,800,false],"1536x1536":["https:\/\/rmvapesale.com\/wp-content\/uploads\/2024\/11\/Jnr-falcon-16000-puffs-in-Europe.png",800,800,false],"2048x2048":["https:\/\/rmvapesale.com\/wp-content\/uploads\/2024\/11\/Jnr-falcon-16000-puffs-in-Europe.png",800,800,false],"trp-custom-language-flag":["https:\/\/rmvapesale.com\/wp-content\/uploads\/2024\/11\/Jnr-falcon-16000-puffs-in-Europe.png",12,12,false],"woocommerce_thumbnail":["https:\/\/rmvapesale.com\/wp-content\/uploads\/2024\/11\/Jnr-falcon-16000-puffs-in-Europe-300x300.png",300,300,true],"woocommerce_single":["https:\/\/rmvapesale.com\/wp-content\/uploads\/2024\/11\/Jnr-falcon-16000-puffs-in-Europe-600x600.png",600,600,true],"woocommerce_gallery_thumbnail":["https:\/\/rmvapesale.com\/wp-content\/uploads\/2024\/11\/Jnr-falcon-16000-puffs-in-Europe-100x100.png",100,100,true],"wcpr-photo-reviews":["https:\/\/rmvapesale.com\/wp-content\/uploads\/2024\/11\/Jnr-falcon-16000-puffs-in-Europe.png",500,500,false]},"uagb_author_info":{"display_name":"AMY","author_link":"https:\/\/rmvapesale.com\/hr\/author\/"},"uagb_comment_info":0,"uagb_excerpt":"JNR Falcon 16000 Puffs Rechargeable Disposable Vape JNR Falcon Big Puff 16000 2% Low Nicotine Disposable Vape JNR Falcon 16000 Puffs Disposable Vape Wholesale Price WhatsApp: +86 17776015835 &nbsp;","_links":{"self":[{"href":"https:\/\/rmvapesale.com\/hr\/wp-json\/wp\/v2\/product\/2744","targetHints":{"allow":["GET"]}}],"collection":[{"href":"https:\/\/rmvapesale.com\/hr\/wp-json\/wp\/v2\/product"}],"about":[{"href":"https:\/\/rmvapesale.com\/hr\/wp-json\/wp\/v2\/types\/product"}],"replies":[{"embeddable":true,"href":"https:\/\/rmvapesale.com\/hr\/wp-json\/wp\/v2\/comments?post=2744"}],"wp:featuredmedia":[{"embeddable":true,"href":"https:\/\/rmvapesale.com\/hr\/wp-json\/wp\/v2\/media\/2740"}],"wp:attachment":[{"href":"https:\/\/rmvapesale.com\/hr\/wp-json\/wp\/v2\/media?parent=2744"}],"wp:term":[{"taxonomy":"product_brand","embeddable":true,"href":"https:\/\/rmvapesale.com\/hr\/wp-json\/wp\/v2\/product_brand?post=2744"},{"taxonomy":"product_cat","embeddable":true,"href":"https:\/\/rmvapesale.com\/hr\/wp-json\/wp\/v2\/product_cat?post=2744"},{"taxonomy":"product_tag","embeddable":true,"href":"https:\/\/rmvapesale.com\/hr\/wp-json\/wp\/v2\/product_tag?post=2744"}],"curies":[{"name":"wp","href":"https:\/\/api.w.org\/{rel}","templated":true}]}}