{"id":2767,"date":"2024-11-21T08:44:14","date_gmt":"2024-11-21T08:44:14","guid":{"rendered":"https:\/\/rmvapesale.com\/?post_type=product&#038;p=2767"},"modified":"2024-11-21T09:11:37","modified_gmt":"2024-11-21T09:11:37","slug":"jnr-alien-10000-puffs-rechargeable-disposable-vape-bulk-price","status":"publish","type":"product","link":"https:\/\/rmvapesale.com\/hr\/product\/jnr-alien-10000-puffs-rechargeable-disposable-vape-bulk-price\/","title":{"rendered":"JNR Alien 10000 Puffs punjivi jednokratni vape - veleprodajna cijena"},"content":{"rendered":"<div class=\"B2VR9 CJHX3e\">\n<div class=\"wyccme\">\n<h1 class=\"LC20lb MBeuO DKV0Md\">JNR Alien 10000 Puffs punjivi jednokratni vape - veleprodajna cijena<\/h1>\n<div class=\"flex-shrink-0 flex flex-col relative items-end\">\n<div class=\"pt-0\">\n<div class=\"gizmo-bot-avatar flex h-8 w-8 items-center justify-center overflow-hidden rounded-full\">\n<div class=\"relative p-1 rounded-sm flex items-center justify-center bg-token-main-surface-primary text-token-text-primary h-8 w-8\">\n<p>Ovaj <strong>JNR Alien 10000 Pufova Punjava Jednokratna Vape<\/strong> je osmi\u0161ljena za one koji daju prednost i prakti\u010dnosti i performansama. S unaprijed napunjenim <strong>20 ml<\/strong>, ova ure\u0111aj nudi do <strong>10.000 pufova<\/strong>, osiguravaju\u0107i produ\u017eene sesije vapinga bez \u010destih zamjena. Napaja ga pouzdan <strong>punjiva baterija od 850mAh<\/strong>, koji pru\u017ea dosljednu proizvodnju pare, a napredni <strong>tehnologija mre\u017easte zavojnice<\/strong> poja\u010dava i okus i koli\u010dinu oblaka za uzdignuto iskustvo. Alien JNR 10000 Dizajniran za <strong>MTL (usta-do-plu\u0107a) vaping<\/strong>, ovaj ure\u0111aj ima jednostavan <strong>mehanizam aktivacije povla\u010denjem<\/strong>, \u0161to ga \u010dini savr\u0161enim za korisnike koji preferiraju jednostavnost bez kompromisa u performansama.<\/p>\n<p>Kompaktan i prenosiv, <strong>JNR Alien 10000 Punjavaju\u0107a Vape<\/strong> je idealan za vaping u pokretu. Punjavaju\u0107a baterija podr\u017eava dugotrajnu uporabu, a lagan dizajn olak\u0161ava no\u0161enje. S <strong>5% ja\u010dinom nikotina<\/strong>, pru\u017ea zadovoljavaju\u0107i udarac koji zadovoljava korisnike koji tra\u017ee sna\u017eno, ali glatko iskustvo vapinga. Bilo da ste trgovac ili kupac na veliko, <strong>JNR Alien 10000 Pufova<\/strong> nudi izuzetnu vrijednost po <strong>cijenama na veliko<\/strong>, \u010dine\u0107i ga istaknutim proizvodom za potrebe veleprodaje vapea.<\/p>\n<\/div>\n<\/div>\n<\/div>\n<\/div>\n<\/div>\n<\/div>\n<p><strong>Kontaktirajte Amy da dobijete pravi odgovor i kupon za vape!<\/strong><\/p>\n<p><img loading=\"lazy\" decoding=\"async\" class=\"size-full wp-image-1978\" src=\"https:\/\/rmvapesale.com\/wp-content\/uploads\/2024\/09\/Disposable-Vape-Wholesale.jpg\" alt=\"Veleprodaja jednokratnih vejpova\" width=\"229\" height=\"300\" \/><\/p>\n<h3><a href=\"https:\/\/wa.me\/8617776015835\" target=\"_blank\" rel=\"noopener\"><span style=\"color: #ff0000\"><strong>WhatsApp: +86 17776015835<\/strong><\/span><\/a><\/h3>\n<p>&nbsp;<\/p>\n<h2><\/h2>\n<h2><strong>JNR Alien 10000 Udaraca Klju\u010dne zna\u010dajke<\/strong><\/h2>\n<ul>\n<li><strong>Dostavlja do 10.000 udaraca po ure\u0111aju<\/strong><\/li>\n<li><strong>20ml e-teku\u0107ine unaprijed napunjene za manje zamjena<\/strong><\/li>\n<li><strong>850mAh punjiva baterija za produ\u017eene sesije<\/strong><\/li>\n<li><strong>Tehnologija mre\u017easte zavojnice pobolj\u0161ava okus i paru<\/strong><\/li>\n<li><strong>Kompaktan, aktiviran povla\u010denjem dizajn za jednostavno vaping<\/strong><\/li>\n<\/ul>\n<h2><\/h2>\n<h2><strong>Najbolji okus za JNR Alien 10kPuffs<\/strong><\/h2>\n<p>1.Crni Zmaj Led<br \/>\n2. Blue Razz Cherry <span style=\"color: #ff0000\"><strong>&gt;&gt;&gt;&gt; Vru\u0107e!<\/strong><\/span><br \/>\n3. Blue Razz Ice <span style=\"color: #ff0000\"><strong>&gt;&gt;&gt;&gt; Vru\u0107e!<\/strong><\/span><br \/>\n4.Plava borovnica \u017evaka\u0107a guma<br \/>\n5.Borovnica tre\u0161nja brusnica<br \/>\n6.Borovnica na ledu<br \/>\n7.Kiseli malina s tre\u0161njom<br \/>\n8.Fizzy tre\u0161nja kola<br \/>\n9. Led od gro\u017e\u0111a<br \/>\n10.Guava led<br \/>\n11.Kivi pasionski vo\u0107ni guava<br \/>\n12.Jagoda kivi<br \/>\n13.Mije\u0161ano bobi\u010dasto vo\u0107e<br \/>\n14.Gospodin Plavi<br \/>\n15.Passion Fruit<br \/>\n16.Breskva Bobica<br \/>\n17.Breskva Borovnica \u010cokolada<br \/>\n18.Breskva Led<br \/>\n19.Breskva Mango Ananas <span style=\"color: #ff0000\"><strong>&gt;&gt;&gt;&gt; Vru\u0107e!<\/strong><\/span><br \/>\n20.Kisela Jabuka<br \/>\n21. Jagoda Banana<br \/>\n22.Jagoda Led<br \/>\n23.Jagoda Riba\u010d \u010cokolada Led <span style=\"color: #ff0000\"><strong>&gt;&gt;&gt;&gt; Najbolje!<\/strong><\/span><br \/>\n24.Jagoda Lubenica Led<br \/>\n25. Jagoda lubenica limunada<br \/>\n26. Lubenica \u017evaka\u0107a guma<br \/>\n27. Lubenica led<br \/>\n28. Banana led<br \/>\n29. Borovnica kiwi<br \/>\n30. Tre\u0161nja bobi\u010dasto vo\u0107e<br \/>\n31. Cola led<br \/>\n32. Hladni mentol<br \/>\n33. Dvostruka jabuka<br \/>\n34. Gumi medvjedi\u0107<br \/>\n35. Lush Ice<br \/>\n36. Malina lubenica<br \/>\n37. Jagoda bombona led<br \/>\n38. Jagoda pina colada<br \/>\n39. Jagoda granat<br \/>\n40. Jagoda malina led<br \/>\n41. Tropski udarac<br \/>\n42. Lubenica Brazz led<br \/>\n43. Lubenica li\u010di<\/p>\n<p>&nbsp;<\/p>\n<h3><strong>Za\u0161to odabrati Rmvapesale za Alien JNR 10000 udisaja <\/strong><strong>V<\/strong><strong>Veleprodaja Vape proizvoda<\/strong><strong>?<\/strong><\/h3>\n<div class=\"flex-shrink-0 flex flex-col relative items-end\">\n<div class=\"pt-0\">\n<div class=\"gizmo-bot-avatar flex h-8 w-8 items-center justify-center overflow-hidden rounded-full\">\n<div class=\"relative p-1 rounded-sm flex items-center justify-center bg-token-main-surface-primary text-token-text-primary h-8 w-8\">\n<p>Dobrodo\u0161li u Rmvapesale, va\u0161u pouzdanu vape trgovinu za vrhunske jednokratne vape. S vi\u0161e od 5 godina iskustva, donosimo vam popularne marke jednokratnih vape proizvoda kao \u0161to su Al Fakher, <a href=\"https:\/\/rmvapesale.com\/hr\/product-category\/bang-vapes\/\">Bang Vape<\/a>, Waspe, WGA Vape i<a href=\"https:\/\/rmvapesale.com\/hr\/product-category\/randm-fumot-vape\/\"> RandM Vape<\/a>.<\/p>\n<p>Na\u0161a ponuda uklju\u010duje popularne vape proizvode poput <a href=\"https:\/\/rmvapesale.com\/hr\/product\/randm-tornado-15000-puffs-vape-wholesale\/\">RandM Tornado 15000<\/a> i izbor bogatih okusa poput Vapme 70000. Svaki je proizvod odabran s naglaskom na kvalitetu, vrijednost i raznolikost, osiguravaju\u0107i da prona\u0111ete savr\u0161eno rje\u0161enje za svoje potrebe. Otkrijte iznimnu uslugu i \u0161irok izbor vrhunskih proizvoda na Rmvapesale.<\/p>\n<\/div>\n<h3><\/h3>\n<div class=\"relative p-1 rounded-sm flex items-center justify-center bg-token-main-surface-primary text-token-text-primary h-8 w-8\">\n<h3><b> Naj\u010de\u0161\u0107a pitanja za <\/b><b>Alien JNR 10000 Punjiva Jednokratna Vape<\/b><\/h3>\n<div class=\"group\/conversation-turn relative flex w-full min-w-0 flex-col agent-turn\">\n<div class=\"flex-col gap-1 md:gap-3\">\n<div class=\"flex max-w-full flex-col flex-grow\">\n<div class=\"min-h-8 text-message flex w-full flex-col items-end gap-2 whitespace-normal break-words [.text-message+&amp;]:mt-5\" dir=\"auto\" data-message-author-role=\"assistant\" data-message-id=\"00c9b302-bc9c-4550-94ba-5a295efa2be3\" data-message-model-slug=\"gpt-4o\">\n<div class=\"flex w-full flex-col gap-1 empty:hidden first:pt-[3px]\">\n<div class=\"markdown prose w-full break-words dark:prose-invert light\">\n<div class=\"flex-shrink-0 flex flex-col relative items-end\">\n<div>\n<div class=\"pt-0\">\n<div class=\"gizmo-bot-avatar flex h-8 w-8 items-center justify-center overflow-hidden rounded-full\">\n<div class=\"relative p-1 rounded-sm flex items-center justify-center bg-token-main-surface-primary text-token-text-primary h-8 w-8\">\n<div class=\"flex-shrink-0 flex flex-col relative items-end\">\n<div>\n<div class=\"pt-0\">\n<div class=\"gizmo-bot-avatar flex h-8 w-8 items-center justify-center overflow-hidden rounded-full\">\n<div class=\"relative p-1 rounded-sm flex items-center justify-center bg-token-main-surface-primary text-token-text-primary h-8 w-8\">\n<p><strong>1. Koliko nikotina ima u JNR 10000 Jednokratnoj Vapi?<\/strong><br \/>\nOvaj <strong>JNR Alien 10k Jednokratna Vape<\/strong> sadr\u017ei <strong>5% ja\u010dina nikotina (50mg)<\/strong>, nude\u0107i sna\u017eno, ali glatko iskustvo nikotina.<\/p>\n<p><strong>2. Gdje mogu kupiti JNR Alien 10k Puffs po veleprodajnoj cijeni?<\/strong><br \/>\nMo\u017eete kupiti <strong>JNR Alien 10k Puffs<\/strong> at <strong>veleprodajnim cijenama<\/strong> preko pouzdanih veleprodajnih trgovaca, distributera ili online platformi specijaliziranih za prodaju ve\u0107e koli\u010dine vape proizvoda.<\/p>\n<p><strong>3. Kako da znam kada je moja JNR 10000 Puffs Pametna Vape prazna?<\/strong><br \/>\nVa\u0161a <strong>JNR 10000 Vape<\/strong> mo\u017ee biti prazna ako primijetite pe\u010deni ili neugodan okus, smanjen broj pare ili ure\u0111aj vi\u0161e ne aktivira kada ga koristite.<\/p>\n<p><strong>4. Koliko dugo traje okus u JNR 10000 jednokratnoj vapi?<\/strong><br \/>\nOkusi u <strong>JNR Alien 10000<\/strong> ostaju dosljedni i zadovoljavaju\u0107i tijekom cijelog trajanja <strong>10.000 pufova<\/strong>, bez kompromisa u okusu.<\/p>\n<p><strong>5. Koji su popularni okusi za JNR Alien 10k Puffs jednokratnu vapu?<\/strong><br \/>\nNajpopularniji okusi za <strong>JNR Alien 10k Puffs<\/strong> uklju\u010duju Mango Ice, Jagoda Lubenica, Borovnica Malina i Hladna Menta, zadovoljavaju\u0107i \u0161irok spektar preferencija.<\/p>\n<p><strong>6. Koliko dimnih inhalacija pru\u017ea JNR 10000 Vape?<\/strong><br \/>\nOvaj <strong>JNR Alien 10k Vape<\/strong> nudi <strong>10.000 pufova<\/strong>, \u0161to ga \u010dini dugotrajnijom i prikladnijom opcijom za te\u0161ke i povremene vapere.<\/p>\n<p><strong>7. Koliko vremena je potrebno za punjenje JNR 10000 Puffs Rechargeable Vape?<\/strong><br \/>\nOvaj <strong>JNR 10000 Puffs Vape<\/strong> potpuno se napuni za otprilike <strong>1 do 1,5 sati<\/strong>cURL Too many subrequests. <strong>Type-C priklju\u010dak za punjenje<\/strong>.<\/p>\n<\/div>\n<\/div>\n<\/div>\n<\/div>\n<\/div>\n<\/div>\n<\/div>\n<\/div>\n<\/div>\n<\/div>\n<div class=\"group\/conversation-turn relative flex w-full min-w-0 flex-col agent-turn\">\n<div class=\"flex-col gap-1 md:gap-3\">\n<div class=\"flex max-w-full flex-col flex-grow\">\n<div class=\"min-h-8 text-message flex w-full flex-col items-end gap-2 whitespace-normal break-words [.text-message+&amp;]:mt-5\" dir=\"auto\" data-message-author-role=\"assistant\" data-message-id=\"a3dc01bd-23b0-4fd7-bb9a-7827522cefd8\" data-message-model-slug=\"gpt-4o\">\n<div class=\"flex w-full flex-col gap-1 empty:hidden first:pt-[3px]\"><\/div>\n<\/div>\n<\/div>\n<\/div>\n<\/div>\n<\/div>\n<\/div>\n<\/div>\n<\/div>\n<\/div>\n<\/div>\n<\/div>\n<\/div>\n<\/div>\n<\/div>\n<h3>O isporuci<\/h3>\n<div class=\"flex-shrink-0 flex flex-col relative items-end\">\n<div>\n<div class=\"pt-0\">\n<div class=\"gizmo-bot-avatar flex h-8 w-8 items-center justify-center overflow-hidden rounded-full\">\n<div><\/div>\n<div class=\"relative p-1 rounded-sm flex items-center justify-center bg-token-main-surface-primary text-token-text-primary h-8 w-8\"><strong>1. Koje metode dostave se koriste?<\/strong><\/div>\n<\/div>\n<\/div>\n<\/div>\n<\/div>\n<div class=\"group\/conversation-turn relative flex w-full min-w-0 flex-col agent-turn\">\n<div class=\"flex-col gap-1 md:gap-3\">\n<div class=\"flex max-w-full flex-col flex-grow\">\n<div class=\"min-h-[20px] text-message flex w-full flex-col items-end gap-2 whitespace-normal break-words [.text-message+&amp;]:mt-5 overflow-x-auto\" dir=\"auto\" data-message-author-role=\"assistant\" data-message-id=\"22f8283b-3233-46ff-89a5-c7a41b33abda\">\n<div class=\"flex w-full flex-col gap-1 empty:hidden first:pt-[3px]\">\n<div class=\"markdown prose w-full break-words dark:prose-invert light\">\n<p>Sura\u0111ujemo s UPS-om, DHL-om, FedEx-om, DPD-om i drugim vode\u0107im prijevoznicima. Odabrat \u0107emo najbolju metodu dostave na temelju va\u0161e lokacije kako bismo osigurali da svoje proizvode primite \u0161to je prije mogu\u0107e.<\/p>\n<\/div>\n<p><strong>2. Koliko dugo traje dostava?<\/strong><\/p>\n<p>Paketi poslani u Hrvatsku obi\u010dno sti\u017eu unutar 10 radnih dana. Dostava u europske zemlje op\u0107enito traje oko 12-15 radnih dana. Pru\u017eit \u0107emo vam a\u017euriranja o statusu va\u0161e po\u0161iljke u stvarnom vremenu.<\/p>\n<\/div>\n<\/div>\n<\/div>\n<\/div>\n<\/div>\n<p>&nbsp;<\/p>\n<p>Prona\u0111ite vi\u0161e Vape proizvoda koji bi vam se mogli svidjeti:<strong><em><a href=\"https:\/\/rmvapesale.com\/hr\/shop-2\/\">kupite sada &gt;&gt;&gt;<\/a><\/em><\/strong><\/p>","protected":false},"excerpt":{"rendered":"<p>Ovaj <strong>JNR Alien 10000 Pufova Punjava Jednokratna Vape<\/strong> je osmi\u0161ljena za one koji daju prednost i prakti\u010dnosti i performansama. S unaprijed napunjenim <strong>20 ml<\/strong>, ova ure\u0111aj nudi do <strong>10.000 pufova<\/strong>, osiguravaju\u0107i produ\u017eene sesije vapinga bez \u010destih zamjena.<\/p>\n<p><img loading=\"lazy\" decoding=\"async\" class=\"size-full wp-image-2375\" src=\"https:\/\/rmvapesale.com\/wp-content\/uploads\/2024\/10\/image.png\" alt=\"Najbolji jednokratni vejp\" width=\"229\" height=\"300\" \/><\/p>\n<h3><a href=\"https:\/\/wa.me\/8617776015835\"><span style=\"color: #ff0000\"><strong>WhatsApp: +86 17776015835<\/strong><\/span><\/a><\/h3>\n<p>&nbsp;<\/p>","protected":false},"featured_media":2762,"comment_status":"open","ping_status":"closed","template":"","meta":{"_uag_custom_page_level_css":"","_lmt_disableupdate":"no","_lmt_disable":"","site-sidebar-layout":"default","site-content-layout":"content-boxed-container","ast-site-content-layout":"normal-width-container","site-content-style":"boxed","site-sidebar-style":"unboxed","ast-global-header-display":"","ast-banner-title-visibility":"","ast-main-header-display":"","ast-hfb-above-header-display":"","ast-hfb-below-header-display":"","ast-hfb-mobile-header-display":"","site-post-title":"","ast-breadcrumbs-content":"","ast-featured-img":"","footer-sml-layout":"","ast-disable-related-posts":"","theme-transparent-header-meta":"default","adv-header-id-meta":"","stick-header-meta":"","header-above-stick-meta":"","header-main-stick-meta":"","header-below-stick-meta":"","astra-migrate-meta-layouts":"set","ast-page-background-enabled":"default","ast-page-background-meta":{"desktop":{"background-color":"var(--ast-global-color-4)","background-image":"","background-repeat":"repeat","background-position":"center center","background-size":"auto","background-attachment":"scroll","background-type":"","background-media":"","overlay-type":"","overlay-color":"","overlay-opacity":"","overlay-gradient":""},"tablet":{"background-color":"","background-image":"","background-repeat":"repeat","background-position":"center center","background-size":"auto","background-attachment":"scroll","background-type":"","background-media":"","overlay-type":"","overlay-color":"","overlay-opacity":"","overlay-gradient":""},"mobile":{"background-color":"","background-image":"","background-repeat":"repeat","background-position":"center center","background-size":"auto","background-attachment":"scroll","background-type":"","background-media":"","overlay-type":"","overlay-color":"","overlay-opacity":"","overlay-gradient":""}},"ast-content-background-meta":{"desktop":{"background-color":"var(--ast-global-color-5)","background-image":"","background-repeat":"repeat","background-position":"center center","background-size":"auto","background-attachment":"scroll","background-type":"","background-media":"","overlay-type":"","overlay-color":"","overlay-opacity":"","overlay-gradient":""},"tablet":{"background-color":"var(--ast-global-color-5)","background-image":"","background-repeat":"repeat","background-position":"center center","background-size":"auto","background-attachment":"scroll","background-type":"","background-media":"","overlay-type":"","overlay-color":"","overlay-opacity":"","overlay-gradient":""},"mobile":{"background-color":"var(--ast-global-color-5)","background-image":"","background-repeat":"repeat","background-position":"center center","background-size":"auto","background-attachment":"scroll","background-type":"","background-media":"","overlay-type":"","overlay-color":"","overlay-opacity":"","overlay-gradient":""}},"_joinchat":[]},"product_brand":[],"product_cat":[15,27,25,123,30,26,28,137,136,135],"product_tag":[223,224,205],"class_list":{"0":"post-2767","1":"product","2":"type-product","3":"status-publish","4":"has-post-thumbnail","6":"product_cat-new-vape-this-week","7":"product_cat-fance-hot-sale-vape","8":"product_cat-germany-best-selling-vape","9":"product_cat-italy-wholesale-vape","10":"product_cat-minimum-order-quantity-50pcs","11":"product_cat-netherlands-hot-sale-vape","12":"product_cat-poland-hot-sale-vape","13":"product_cat-rechargeable-vapes","14":"product_cat-smart-screen-vapes","15":"product_cat-spain-best-hot-sale-vape","16":"product_tag-jnr","17":"product_tag-jnr-10000","18":"product_tag-jnr-vape","19":"desktop-align-left","20":"tablet-align-left","21":"mobile-align-left","23":"first","24":"instock","25":"sale","26":"shipping-taxable","27":"purchasable","28":"product-type-simple"},"uagb_featured_image_src":{"full":["https:\/\/rmvapesale.com\/wp-content\/uploads\/2024\/11\/JNR-Alien-10000-Puffs-Bulk-Price.png",800,800,false],"thumbnail":["https:\/\/rmvapesale.com\/wp-content\/uploads\/2024\/11\/JNR-Alien-10000-Puffs-Bulk-Price-150x150.png",150,150,true],"medium":["https:\/\/rmvapesale.com\/wp-content\/uploads\/2024\/11\/JNR-Alien-10000-Puffs-Bulk-Price-300x300.png",300,300,true],"medium_large":["https:\/\/rmvapesale.com\/wp-content\/uploads\/2024\/11\/JNR-Alien-10000-Puffs-Bulk-Price-768x768.png",768,768,true],"large":["https:\/\/rmvapesale.com\/wp-content\/uploads\/2024\/11\/JNR-Alien-10000-Puffs-Bulk-Price.png",800,800,false],"1536x1536":["https:\/\/rmvapesale.com\/wp-content\/uploads\/2024\/11\/JNR-Alien-10000-Puffs-Bulk-Price.png",800,800,false],"2048x2048":["https:\/\/rmvapesale.com\/wp-content\/uploads\/2024\/11\/JNR-Alien-10000-Puffs-Bulk-Price.png",800,800,false],"trp-custom-language-flag":["https:\/\/rmvapesale.com\/wp-content\/uploads\/2024\/11\/JNR-Alien-10000-Puffs-Bulk-Price.png",12,12,false],"woocommerce_thumbnail":["https:\/\/rmvapesale.com\/wp-content\/uploads\/2024\/11\/JNR-Alien-10000-Puffs-Bulk-Price-300x300.png",300,300,true],"woocommerce_single":["https:\/\/rmvapesale.com\/wp-content\/uploads\/2024\/11\/JNR-Alien-10000-Puffs-Bulk-Price-600x600.png",600,600,true],"woocommerce_gallery_thumbnail":["https:\/\/rmvapesale.com\/wp-content\/uploads\/2024\/11\/JNR-Alien-10000-Puffs-Bulk-Price-100x100.png",100,100,true],"wcpr-photo-reviews":["https:\/\/rmvapesale.com\/wp-content\/uploads\/2024\/11\/JNR-Alien-10000-Puffs-Bulk-Price.png",500,500,false]},"uagb_author_info":{"display_name":"AMY","author_link":"https:\/\/rmvapesale.com\/hr\/author\/"},"uagb_comment_info":0,"uagb_excerpt":"The JNR Alien 10000 Puffs Rechargeable Disposable Vape is engineered for those who prioritize both convenience and performance. With a pre-filled 20ml e-liquid capacity, this device offers up to 10,000 puffs, ensuring extended vaping sessions without frequent replacements. WhatsApp: +86 17776015835 &nbsp;","_links":{"self":[{"href":"https:\/\/rmvapesale.com\/hr\/wp-json\/wp\/v2\/product\/2767","targetHints":{"allow":["GET"]}}],"collection":[{"href":"https:\/\/rmvapesale.com\/hr\/wp-json\/wp\/v2\/product"}],"about":[{"href":"https:\/\/rmvapesale.com\/hr\/wp-json\/wp\/v2\/types\/product"}],"replies":[{"embeddable":true,"href":"https:\/\/rmvapesale.com\/hr\/wp-json\/wp\/v2\/comments?post=2767"}],"wp:featuredmedia":[{"embeddable":true,"href":"https:\/\/rmvapesale.com\/hr\/wp-json\/wp\/v2\/media\/2762"}],"wp:attachment":[{"href":"https:\/\/rmvapesale.com\/hr\/wp-json\/wp\/v2\/media?parent=2767"}],"wp:term":[{"taxonomy":"product_brand","embeddable":true,"href":"https:\/\/rmvapesale.com\/hr\/wp-json\/wp\/v2\/product_brand?post=2767"},{"taxonomy":"product_cat","embeddable":true,"href":"https:\/\/rmvapesale.com\/hr\/wp-json\/wp\/v2\/product_cat?post=2767"},{"taxonomy":"product_tag","embeddable":true,"href":"https:\/\/rmvapesale.com\/hr\/wp-json\/wp\/v2\/product_tag?post=2767"}],"curies":[{"name":"wp","href":"https:\/\/api.w.org\/{rel}","templated":true}]}}