{"id":2831,"date":"2024-12-02T03:50:09","date_gmt":"2024-12-02T03:50:09","guid":{"rendered":"https:\/\/rmvapesale.com\/?post_type=product&#038;p=2831"},"modified":"2024-12-03T09:57:39","modified_gmt":"2024-12-03T09:57:39","slug":"randm-tornado-15000-puff-fumot-vape-bulk-buy-price","status":"publish","type":"product","link":"https:\/\/rmvapesale.com\/hr\/product\/randm-tornado-15000-puff-fumot-vape-bulk-buy-price\/","title":{"rendered":"RandM Tornado 15000 Udisaja Fumot Vape Kupnja na Veliko Cijena"},"content":{"rendered":"<div class=\"B2VR9 CJHX3e\">\n<div class=\"wyccme\">\n<h1 class=\"LC20lb MBeuO DKV0Md\">RandM Tornado 15000 Udisaja Fumot Vape Kupnja na Veliko Cijena<\/h1>\n<div class=\"flex-shrink-0 flex flex-col relative items-end\">\n<div class=\"pt-0\">\n<div class=\"gizmo-bot-avatar flex h-8 w-8 items-center justify-center overflow-hidden rounded-full\">\n<div class=\"relative p-1 rounded-sm flex items-center justify-center bg-token-main-surface-primary text-token-text-primary h-8 w-8\">\n<p>Ovaj <strong>RandM Tornado 15000 Puf Fumot Vape<\/strong> je savr\u0161ena kombinacija performansi i stila, \u0161to ga \u010dini vrhunskim izborom za vaperi koji tra\u017ee vrhunski jednokratni ure\u0111aj. Nudi impresivno <strong>15.000 povla\u010denja<\/strong>, ovo <strong>jednokratnom vapeu s mogu\u0107no\u0161\u0107u punjenja<\/strong> pokre\u0107e ga <strong>850 mAh<\/strong> s brzim i prakti\u010dnim <strong>USB Type-C punjenjem<\/strong>.<\/p>\n<p>Jedna od istaknutih zna\u010dajki je njezina \u017eivopisna <strong>LED zaslon<\/strong>, koja pru\u017ea a\u017euriranja u stvarnom vremenu o stanju baterije i razini ulja. To osigurava da nikada ne ostanete bez napajanja ili e-teku\u0107ine neo\u010dekivano, dodaju\u0107i sloj prakti\u010dnosti va\u0161em iskustvu vapinga. U kombinaciji s naprednim <strong>tehnologija mre\u017easte zavojnice<\/strong>, ure\u0111aj pru\u017ea dosljedno glatki vapor i bogat okus od po\u010detka do kraja.<\/p>\n<p>Sa <strong>41 neodoljivih okusa<\/strong> za odabir, uklju\u010duju\u0107i vo\u0107ne, mentol i deserte inspirirane profile, postoji ne\u0161to za svaki ukus. Popularne opcije poput Mango Ice, Jagoda Lubenica i Borovnica Malina osmi\u0161ljene su da pru\u017ee zadovoljavaju\u0107e i osvje\u017eavaju\u0107e iskustvo. Bilo da ste po\u010detnik ili iskusni vaper, <strong>RandM 15000<\/strong> nudi prilagodljivu ja\u010dinu nikotina od <strong>2% ili 5%<\/strong>, prilago\u0111eno raznolikim preferencijama.<\/p>\n<p>Kompaktan, prenosiv i elegantan, the <strong>RandM Vape 15000<\/strong> je idealno za osobnu upotrebu ili veleprodajne kupovine za <strong>veleprodajne opcije za vape<\/strong>. Podignite svoje iskustvo vapinga s ovim inovativnim, visokou\u010dinkovitim ure\u0111ajem koji kombinira najnovije zna\u010dajke s elegantnim, jednostavnim dizajnom.<\/p>\n<\/div>\n<\/div>\n<\/div>\n<\/div>\n<\/div>\n<\/div>\n<p><strong>Kontaktirajte Amy da dobijete pravi odgovor i kupon za vape!<\/strong><\/p>\n<p><img loading=\"lazy\" decoding=\"async\" class=\"size-full wp-image-1978\" src=\"https:\/\/rmvapesale.com\/wp-content\/uploads\/2024\/09\/Disposable-Vape-Wholesale.jpg\" alt=\"Veleprodaja jednokratnih vejpova\" width=\"229\" height=\"300\" \/><\/p>\n<h3><a href=\"https:\/\/wa.me\/8617776015835\" target=\"_blank\" rel=\"noopener\"><span style=\"color: #ff0000\"><strong>WhatsApp: +86 17776015835<\/strong><\/span><\/a><\/h3>\n<p>&nbsp;<\/p>\n<h2><\/h2>\n<h2><strong>RandM Tornado 15000 Klju\u010dne zna\u010dajke<\/strong><\/h2>\n<ul>\n<li>cURL Too many subrequests.<\/li>\n<li>cURL Too many subrequests.<\/li>\n<li>cURL Too many subrequests.<\/li>\n<li>cURL Too many subrequests.<\/li>\n<li>cURL Too many subrequests.<\/li>\n<\/ul>\n<h2><strong>Najbolji okus za RandM Tornado 15k<\/strong><\/h2>\n<p>&nbsp;<\/p>\n<p>1. Plava Razz Limunada<br \/>\n2. Breskva Led<br \/>\n3. Kiselina Jabuka<br \/>\n4.Ledena Lubenica<br \/>\n5. Borovnica na ledu<br \/>\n6.Blueberry Raspberry<br \/>\n7. Ananas Led<br \/>\n8. Tre\u0161nja<br \/>\n9.Led od jagode<br \/>\n10. Vimto<br \/>\n11. Gro\u017e\u0111e na ledu<br \/>\n12. Cola Led<br \/>\n13. Jagoda lubenica<br \/>\n14. Roza Limunada<br \/>\n15. Mije\u0161ano bobi\u010dasto vo\u0107e<br \/>\n16. Breskva Mango<br \/>\n17. Zmajevo vo\u0107e<br \/>\n18. Jagoda gro\u017e\u0111e<br \/>\n19. Gospodin Plavi<br \/>\n20. Buja\u0107i led<br \/>\n21. Ledena Lollipop<br \/>\n22. Jagoda Kiwi<br \/>\n23. Kiwi Pasijon Vo\u0107e Guava<br \/>\n24. Trostruka Bobica<br \/>\n25. Banana Ledena<br \/>\n26. Breskva Borovnica Slatki\u0161<br \/>\n27. Jabuka breskva kru\u0161ka<br \/>\n28. Bobi\u010dasta limunada<br \/>\n29. Plavi Razz tre\u0161nja<br \/>\n30. Borovnica \u017evaka\u0107a guma<br \/>\n31. Borovnica Vi\u0161nja Brusnica<br \/>\n32. Borovnica Granat<br \/>\n33. Plavi Kupina Malina<br \/>\n34. Vi\u0161nja Cola<br \/>\n35. Gumi Medvjedi\u0107<br \/>\n36. Limun i Limeta<br \/>\n37. Mango Na Ledenu<br \/>\n38. Crvena Energetska Led<br \/>\n39. Jagoda Banana<br \/>\n40. Jagoda Red Bull<br \/>\n41. Limunada s jagodom i lubenicom<br \/>\n42. Ledeni \u010caj Limun Led<br \/>\n43. Ledeni \u010caj Breskva Led<br \/>\n44. Fizz Cherry<br \/>\n45. Skittles<\/p>\n<p>&nbsp;<\/p>\n<h3><strong>Za\u0161to odabrati Rmvapesale za Fumot Vape 15k\u00a0<\/strong><strong>V<\/strong><strong>Veleprodaja Vape proizvoda<\/strong><strong>?<\/strong><\/h3>\n<div class=\"flex-shrink-0 flex flex-col relative items-end\">\n<div class=\"pt-0\">\n<div class=\"gizmo-bot-avatar flex h-8 w-8 items-center justify-center overflow-hidden rounded-full\">\n<div class=\"relative p-1 rounded-sm flex items-center justify-center bg-token-main-surface-primary text-token-text-primary h-8 w-8\">\n<p>Dobrodo\u0161li u Rmvapesale, va\u0161u pouzdanu vape trgovinu za vrhunske jednokratne vape. S vi\u0161e od 5 godina iskustva, donosimo vam popularne marke jednokratnih vape proizvoda kao \u0161to su Al Fakher, <a href=\"https:\/\/rmvapesale.com\/hr\/product-category\/bang-vapes\/\">Bang Vape<\/a>, Waspe, WGA Vape i<a href=\"https:\/\/rmvapesale.com\/hr\/product-category\/randm-fumot-vape\/\"> RandM Vape<\/a>.<\/p>\n<p>Na\u0161a ponuda uklju\u010duje popularne vape proizvode poput <a href=\"https:\/\/rmvapesale.com\/hr\/product\/randm-tornado-15000-puffs-vape-wholesale\/\">RandM Tornado 15000<\/a> i izbor bogatih okusa poput Vapme 70000. Svaki je proizvod odabran s naglaskom na kvalitetu, vrijednost i raznolikost, osiguravaju\u0107i da prona\u0111ete savr\u0161eno rje\u0161enje za svoje potrebe. Otkrijte iznimnu uslugu i \u0161irok izbor vrhunskih proizvoda na Rmvapesale.<\/p>\n<\/div>\n<h3><\/h3>\n<div class=\"relative p-1 rounded-sm flex items-center justify-center bg-token-main-surface-primary text-token-text-primary h-8 w-8\">\n<h3><b> \u010cesto postavljana pitanja za RandM Vape 15000 <\/b><b>Jednokratni vape koji se mo\u017ee puniti<\/b><\/h3>\n<div class=\"group\/conversation-turn relative flex w-full min-w-0 flex-col agent-turn\">\n<div class=\"flex-col gap-1 md:gap-3\">\n<div class=\"flex max-w-full flex-col flex-grow\">\n<div class=\"min-h-8 text-message flex w-full flex-col items-end gap-2 whitespace-normal break-words [.text-message+&amp;]:mt-5\" dir=\"auto\" data-message-author-role=\"assistant\" data-message-id=\"00c9b302-bc9c-4550-94ba-5a295efa2be3\" data-message-model-slug=\"gpt-4o\">\n<div class=\"flex w-full flex-col gap-1 empty:hidden first:pt-[3px]\">\n<div class=\"markdown prose w-full break-words dark:prose-invert light\">\n<div class=\"flex-shrink-0 flex flex-col relative items-end\">\n<div>\n<div class=\"pt-0\">\n<div class=\"gizmo-bot-avatar flex h-8 w-8 items-center justify-center overflow-hidden rounded-full\">\n<div class=\"relative p-1 rounded-sm flex items-center justify-center bg-token-main-surface-primary text-token-text-primary h-8 w-8\">\n<div class=\"flex-shrink-0 flex flex-col relative items-end\">\n<div>\n<div class=\"pt-0\">\n<div class=\"gizmo-bot-avatar flex h-8 w-8 items-center justify-center overflow-hidden rounded-full\">\n<div class=\"relative p-1 rounded-sm flex items-center justify-center bg-token-main-surface-primary text-token-text-primary h-8 w-8\">\n<p>&nbsp;<\/p>\n<p><strong>Gdje kupiti RandM Tornado 15000 Pufova vape po veleprodajnoj cijeni u Hrvatskoj<\/strong><br \/>\nZa kupnju RandM Tornado 15000 Pufova vape po veleprodajnim cijenama u Hrvatskoj, kontaktirajte ovla\u0161tene distributere ili online veleprodajne dobavlja\u010de vape proizvoda koji se specijaliziraju za RandM Vape proizvode. Osigurajte da dobavlja\u010d pru\u017ea originalne proizvode i pridr\u017eava se EU propisa.<\/p>\n<p><strong>Koliko pufova pru\u017ea Fumot Vape 15000?<\/strong><br \/>\nFumot Vape 15000 pru\u017ea do 15.000 pufova, nude\u0107i izuzetnu dugotrajnost i vrijednost za korisnike.<\/p>\n<p><strong>Koliko dugo traje popularni RandM Tornado 15k jednokratni vape pen?<\/strong><br \/>\nRandM Tornado 15k jednokratni vape pen mo\u017ee trajati dva do tri tjedna za umjerene korisnike, ovisno o obrascima kori\u0161tenja i u\u010destalosti.<\/p>\n<p><strong>Koji su popularni okusi za Fumot 15000 Puffs jednokratnu kutiju?<\/strong><br \/>\nPopularni okusi za Fumot 15000 Puffs uklju\u010duju Mango Ice, Jagoda Lubenica i Borovnica Malina, zajedno s drugim vo\u0107nim, mentolnim i desertnim opcijama iz \u0161irokog izbora okusa.<\/p>\n<p><strong>Koliko vremena je potrebno za punjenje RandM 15k punjivog vapea?<\/strong><br \/>\nRandM 15k punjivi vape zahtijeva otprilike 1-2 sata za potpuno punjenje, zahvaljuju\u0107i tehnologiji brzog punjenja USB Type-C.<\/p>\n<p><strong>Koliko nikotina sadr\u017ei RandM Tornado 15000 jednokratni vape?<\/strong><br \/>\nRandM Tornado 15000 jednokratni vape nudi ja\u010dine nikotina od 2% (20mg) i 5% (50mg), pru\u017eaju\u0107i opcije za razli\u010dite preferencije korisnika.<\/p>\n<\/div>\n<\/div>\n<\/div>\n<\/div>\n<\/div>\n<\/div>\n<\/div>\n<\/div>\n<\/div>\n<\/div>\n<div class=\"group\/conversation-turn relative flex w-full min-w-0 flex-col agent-turn\">\n<div class=\"flex-col gap-1 md:gap-3\">\n<div class=\"flex max-w-full flex-col flex-grow\">\n<div class=\"min-h-8 text-message flex w-full flex-col items-end gap-2 whitespace-normal break-words [.text-message+&amp;]:mt-5\" dir=\"auto\" data-message-author-role=\"assistant\" data-message-id=\"a3dc01bd-23b0-4fd7-bb9a-7827522cefd8\" data-message-model-slug=\"gpt-4o\">\n<div class=\"flex w-full flex-col gap-1 empty:hidden first:pt-[3px]\"><\/div>\n<\/div>\n<\/div>\n<\/div>\n<\/div>\n<\/div>\n<\/div>\n<\/div>\n<\/div>\n<\/div>\n<\/div>\n<\/div>\n<\/div>\n<\/div>\n<\/div>\n<h3>O isporuci<\/h3>\n<div class=\"flex-shrink-0 flex flex-col relative items-end\">\n<div>\n<div class=\"pt-0\">\n<div class=\"gizmo-bot-avatar flex h-8 w-8 items-center justify-center overflow-hidden rounded-full\">\n<div><\/div>\n<div class=\"relative p-1 rounded-sm flex items-center justify-center bg-token-main-surface-primary text-token-text-primary h-8 w-8\"><strong>1. Koje metode dostave se koriste?<\/strong><\/div>\n<\/div>\n<\/div>\n<\/div>\n<\/div>\n<div class=\"group\/conversation-turn relative flex w-full min-w-0 flex-col agent-turn\">\n<div class=\"flex-col gap-1 md:gap-3\">\n<div class=\"flex max-w-full flex-col flex-grow\">\n<div class=\"min-h-[20px] text-message flex w-full flex-col items-end gap-2 whitespace-normal break-words [.text-message+&amp;]:mt-5 overflow-x-auto\" dir=\"auto\" data-message-author-role=\"assistant\" data-message-id=\"22f8283b-3233-46ff-89a5-c7a41b33abda\">\n<div class=\"flex w-full flex-col gap-1 empty:hidden first:pt-[3px]\">\n<div class=\"markdown prose w-full break-words dark:prose-invert light\">\n<p>Sura\u0111ujemo s UPS-om, DHL-om, FedEx-om, DPD-om i drugim vode\u0107im prijevoznicima. Odabrat \u0107emo najbolju metodu dostave na temelju va\u0161e lokacije kako bismo osigurali da svoje proizvode primite \u0161to je prije mogu\u0107e.<\/p>\n<\/div>\n<p><strong>2. Koliko dugo traje dostava?<\/strong><\/p>\n<p>Paketi poslani u Hrvatsku obi\u010dno sti\u017eu unutar 10 radnih dana. Dostava u europske zemlje op\u0107enito traje oko 12-15 radnih dana. Pru\u017eit \u0107emo vam a\u017euriranja o statusu va\u0161e po\u0161iljke u stvarnom vremenu.<\/p>\n<\/div>\n<\/div>\n<\/div>\n<\/div>\n<\/div>\n<p>&nbsp;<\/p>\n<p>Prona\u0111ite vi\u0161e Vape proizvoda koji bi vam se mogli svidjeti:<strong><em><a href=\"https:\/\/rmvapesale.com\/hr\/shop-2\/\">kupite sada &gt;&gt;&gt;<\/a><\/em><\/strong><\/p>","protected":false},"excerpt":{"rendered":"<p>Randm Tornado 15000 Puf Fumot Digitalni Jednokratni Vape<br \/>\nRandm 15000 Fumot Tornado Vape Velika Kupnja<br \/>\nFumot RandM 15k Jednokratni Vape Velika Cijena<\/p>\n<p><img loading=\"lazy\" decoding=\"async\" class=\"size-full wp-image-2375\" src=\"https:\/\/rmvapesale.com\/wp-content\/uploads\/2024\/10\/image.png\" alt=\"Najbolji jednokratni vejp\" width=\"229\" height=\"300\" \/><\/p>\n<h3><a href=\"https:\/\/wa.me\/8617776015835\"><span style=\"color: #ff0000\"><strong>WhatsApp: +86 17776015835<\/strong><\/span><\/a><\/h3>\n<p>&nbsp;<\/p>","protected":false},"featured_media":2826,"comment_status":"open","ping_status":"closed","template":"","meta":{"_uag_custom_page_level_css":"","_lmt_disableupdate":"no","_lmt_disable":"","site-sidebar-layout":"default","site-content-layout":"content-boxed-container","ast-site-content-layout":"normal-width-container","site-content-style":"boxed","site-sidebar-style":"unboxed","ast-global-header-display":"","ast-banner-title-visibility":"","ast-main-header-display":"","ast-hfb-above-header-display":"","ast-hfb-below-header-display":"","ast-hfb-mobile-header-display":"","site-post-title":"","ast-breadcrumbs-content":"","ast-featured-img":"","footer-sml-layout":"","ast-disable-related-posts":"","theme-transparent-header-meta":"default","adv-header-id-meta":"","stick-header-meta":"","header-above-stick-meta":"","header-main-stick-meta":"","header-below-stick-meta":"","astra-migrate-meta-layouts":"set","ast-page-background-enabled":"default","ast-page-background-meta":{"desktop":{"background-color":"var(--ast-global-color-4)","background-image":"","background-repeat":"repeat","background-position":"center center","background-size":"auto","background-attachment":"scroll","background-type":"","background-media":"","overlay-type":"","overlay-color":"","overlay-opacity":"","overlay-gradient":""},"tablet":{"background-color":"","background-image":"","background-repeat":"repeat","background-position":"center center","background-size":"auto","background-attachment":"scroll","background-type":"","background-media":"","overlay-type":"","overlay-color":"","overlay-opacity":"","overlay-gradient":""},"mobile":{"background-color":"","background-image":"","background-repeat":"repeat","background-position":"center center","background-size":"auto","background-attachment":"scroll","background-type":"","background-media":"","overlay-type":"","overlay-color":"","overlay-opacity":"","overlay-gradient":""}},"ast-content-background-meta":{"desktop":{"background-color":"var(--ast-global-color-5)","background-image":"","background-repeat":"repeat","background-position":"center center","background-size":"auto","background-attachment":"scroll","background-type":"","background-media":"","overlay-type":"","overlay-color":"","overlay-opacity":"","overlay-gradient":""},"tablet":{"background-color":"var(--ast-global-color-5)","background-image":"","background-repeat":"repeat","background-position":"center center","background-size":"auto","background-attachment":"scroll","background-type":"","background-media":"","overlay-type":"","overlay-color":"","overlay-opacity":"","overlay-gradient":""},"mobile":{"background-color":"var(--ast-global-color-5)","background-image":"","background-repeat":"repeat","background-position":"center center","background-size":"auto","background-attachment":"scroll","background-type":"","background-media":"","overlay-type":"","overlay-color":"","overlay-opacity":"","overlay-gradient":""}},"_joinchat":[]},"product_brand":[],"product_cat":[15,27,51,25,123,30,26,28,31,137,136,135],"product_tag":[235,39,171,236,234,38],"class_list":{"0":"post-2831","1":"product","2":"type-product","3":"status-publish","4":"has-post-thumbnail","6":"product_cat-new-vape-this-week","7":"product_cat-fance-hot-sale-vape","8":"product_cat-fumot-vape","9":"product_cat-germany-best-selling-vape","10":"product_cat-italy-wholesale-vape","11":"product_cat-minimum-order-quantity-50pcs","12":"product_cat-netherlands-hot-sale-vape","13":"product_cat-poland-hot-sale-vape","14":"product_cat-randm-fumot-vape","15":"product_cat-rechargeable-vapes","16":"product_cat-smart-screen-vapes","17":"product_cat-spain-best-hot-sale-vape","18":"product_tag-fumot-15k","19":"product_tag-fumot-vape","20":"product_tag-randm-15000","21":"product_tag-randm-15k","22":"product_tag-randm-tornado-15000","23":"product_tag-randm-vape","24":"desktop-align-left","25":"tablet-align-left","26":"mobile-align-left","28":"first","29":"instock","30":"sale","31":"shipping-taxable","32":"purchasable","33":"product-type-simple"},"uagb_featured_image_src":{"full":["https:\/\/rmvapesale.com\/wp-content\/uploads\/2024\/12\/Fumot-RandM-15000-Puffs-Disposable-Vape.jpg",1130,1126,false],"thumbnail":["https:\/\/rmvapesale.com\/wp-content\/uploads\/2024\/12\/Fumot-RandM-15000-Puffs-Disposable-Vape-150x150.jpg",150,150,true],"medium":["https:\/\/rmvapesale.com\/wp-content\/uploads\/2024\/12\/Fumot-RandM-15000-Puffs-Disposable-Vape-300x300.jpg",300,300,true],"medium_large":["https:\/\/rmvapesale.com\/wp-content\/uploads\/2024\/12\/Fumot-RandM-15000-Puffs-Disposable-Vape-768x765.jpg",768,765,true],"large":["https:\/\/rmvapesale.com\/wp-content\/uploads\/2024\/12\/Fumot-RandM-15000-Puffs-Disposable-Vape-1024x1020.jpg",1024,1020,true],"1536x1536":["https:\/\/rmvapesale.com\/wp-content\/uploads\/2024\/12\/Fumot-RandM-15000-Puffs-Disposable-Vape.jpg",1130,1126,false],"2048x2048":["https:\/\/rmvapesale.com\/wp-content\/uploads\/2024\/12\/Fumot-RandM-15000-Puffs-Disposable-Vape.jpg",1130,1126,false],"trp-custom-language-flag":["https:\/\/rmvapesale.com\/wp-content\/uploads\/2024\/12\/Fumot-RandM-15000-Puffs-Disposable-Vape.jpg",12,12,false],"woocommerce_thumbnail":["https:\/\/rmvapesale.com\/wp-content\/uploads\/2024\/12\/Fumot-RandM-15000-Puffs-Disposable-Vape-300x300.jpg",300,300,true],"woocommerce_single":["https:\/\/rmvapesale.com\/wp-content\/uploads\/2024\/12\/Fumot-RandM-15000-Puffs-Disposable-Vape-600x598.jpg",600,598,true],"woocommerce_gallery_thumbnail":["https:\/\/rmvapesale.com\/wp-content\/uploads\/2024\/12\/Fumot-RandM-15000-Puffs-Disposable-Vape-100x100.jpg",100,100,true],"wcpr-photo-reviews":["https:\/\/rmvapesale.com\/wp-content\/uploads\/2024\/12\/Fumot-RandM-15000-Puffs-Disposable-Vape.jpg",500,498,false]},"uagb_author_info":{"display_name":"AMY","author_link":"https:\/\/rmvapesale.com\/hr\/author\/"},"uagb_comment_info":0,"uagb_excerpt":"Randm Tornado 15000 Puffs Fumot Digital Disposable Vape Randm 15000 Fumot Tornado Vape Wholesale Fumot RandM 15k Disposable Vape Bulk Price WhatsApp: +86 17776015835 &nbsp;","_links":{"self":[{"href":"https:\/\/rmvapesale.com\/hr\/wp-json\/wp\/v2\/product\/2831","targetHints":{"allow":["GET"]}}],"collection":[{"href":"https:\/\/rmvapesale.com\/hr\/wp-json\/wp\/v2\/product"}],"about":[{"href":"https:\/\/rmvapesale.com\/hr\/wp-json\/wp\/v2\/types\/product"}],"replies":[{"embeddable":true,"href":"https:\/\/rmvapesale.com\/hr\/wp-json\/wp\/v2\/comments?post=2831"}],"wp:featuredmedia":[{"embeddable":true,"href":"https:\/\/rmvapesale.com\/hr\/wp-json\/wp\/v2\/media\/2826"}],"wp:attachment":[{"href":"https:\/\/rmvapesale.com\/hr\/wp-json\/wp\/v2\/media?parent=2831"}],"wp:term":[{"taxonomy":"product_brand","embeddable":true,"href":"https:\/\/rmvapesale.com\/hr\/wp-json\/wp\/v2\/product_brand?post=2831"},{"taxonomy":"product_cat","embeddable":true,"href":"https:\/\/rmvapesale.com\/hr\/wp-json\/wp\/v2\/product_cat?post=2831"},{"taxonomy":"product_tag","embeddable":true,"href":"https:\/\/rmvapesale.com\/hr\/wp-json\/wp\/v2\/product_tag?post=2831"}],"curies":[{"name":"wp","href":"https:\/\/api.w.org\/{rel}","templated":true}]}}