{"id":2837,"date":"2024-12-03T09:44:45","date_gmt":"2024-12-03T09:44:45","guid":{"rendered":"https:\/\/rmvapesale.com\/?post_type=product&#038;p=2837"},"modified":"2024-12-03T09:55:28","modified_gmt":"2024-12-03T09:55:28","slug":"randm-12000-digital-box-disposable-vape-wholesale-price","status":"publish","type":"product","link":"https:\/\/rmvapesale.com\/hr\/product\/randm-12000-digital-box-disposable-vape-wholesale-price\/","title":{"rendered":"RandM 12000 Digital Box Jednokratna Vape Veleprodajna Cijena"},"content":{"rendered":"<div class=\"B2VR9 CJHX3e\">\n<div class=\"wyccme\">\n<h1 class=\"LC20lb MBeuO DKV0Md\">RandM 12000 Digital Box Jednokratna Vape Veleprodajna Cijena<\/h1>\n<div class=\"flex-shrink-0 flex flex-col relative items-end\">\n<div class=\"pt-0\">\n<div class=\"gizmo-bot-avatar flex h-8 w-8 items-center justify-center overflow-hidden rounded-full\">\n<div class=\"relative p-1 rounded-sm flex items-center justify-center bg-token-main-surface-primary text-token-text-primary h-8 w-8\">\n<p>Ovaj <strong>RandM Digital 12000<\/strong> postavlja novi standard u prakti\u010dnosti i performansama vapinga, \u010dine\u0107i ga neizostavnim za individualne korisnike i <strong>veleprodajne opcije za vape<\/strong> kupce. Ovaj <strong>jednokratnom vapeu s mogu\u0107no\u0161\u0107u punjenja<\/strong> nudi nevjerojatnih <strong>12,000+ udisaja<\/strong>, osiguravaju\u0107i dugotrajno zadovoljstvo koje odgovara i povremenim i \u010destim vaperima.<\/p>\n<p>Pokre\u0107e ga <strong>punjiva baterija od 850mAh<\/strong>, ure\u0111aj je dizajniran za produ\u017eenu upotrebu. Uklju\u010divanje <strong>Type-C brzo punjenje<\/strong> omogu\u0107uje brzo punjenje, odr\u017eavaju\u0107i vas spremnima za vaping bilo kada i bilo gdje. Ovo je savr\u0161eno za one koji cijene pouzdan vape jednostavan za kori\u0161tenje koji ne ugro\u017eava kvalitetu.<\/p>\n<p>Ovaj <strong>RandM Vape 12000<\/strong> dolazi unaprijed napunjen s <strong>20 ml vrhunske e-teku\u0107ine<\/strong>, pru\u017eaju\u0107i glatke i dosljedne udarce okusa sa svakim povla\u010denjem. Njegov <strong>tehnologija mre\u017easte zavojnice<\/strong> pobolj\u0161ava proizvodnju pare, \u010dine\u0107i svaki udisaj bogatim i zadovoljavaju\u0107im. Uz \u0161irok izbor dostupnih ukusnih okusa, <strong>RandM 12k<\/strong> osigurava da postoji ne\u0161to za svakoga, bez obzira u\u017eivate li u vo\u0107nim, mentolskim ili desertnim opcijama.<\/p>\n<p>Ono \u0161to uistinu izdvaja <strong>RandM 12000 Puffs<\/strong> je njegov inovativni <strong>LED prikaz jednokratni vape<\/strong> dizajn. Digitalni ekran prikazuje lako trajanje baterije i razinu preostale teku\u0107ine, tako da ste uvijek informirani i pod kontrolom. Njegov <strong>jednostavan, ali elegantan dizajn<\/strong> osigurava prenosivost bez \u017ertvovanja funkcionalnosti, \u0161to ga \u010dini idealnim suputnikom za vaping u pokretu.<\/p>\n<p>Savr\u0161eno za one koji tra\u017ee <strong>jednokratni vape s niskim sadr\u017eajem nikotina<\/strong>, <strong>RandM 12000<\/strong> nudi opcije za razli\u010dite preferencije. Bilo da istra\u017eujete najnovije u <strong>Fumot Vape<\/strong> inovacijama ili tra\u017eite vrhunske proizvode poput <strong>RandM 12k<\/strong>, ovaj ure\u0111aj je izra\u0111en da prema\u0161i o\u010dekivanja. Ulo\u017eite u <strong>RandM Digital 12000<\/strong> za besprijekorno, punog okusa iskustvo vapinga koje traje.<\/p>\n<\/div>\n<\/div>\n<\/div>\n<\/div>\n<\/div>\n<\/div>\n<p><strong>Kontaktirajte Amy da dobijete pravi odgovor i kupon za vape!<\/strong><\/p>\n<p><img loading=\"lazy\" decoding=\"async\" class=\"size-full wp-image-1978\" src=\"https:\/\/rmvapesale.com\/wp-content\/uploads\/2024\/09\/Disposable-Vape-Wholesale.jpg\" alt=\"Veleprodaja jednokratnih vejpova\" width=\"229\" height=\"300\" \/><\/p>\n<h3><a href=\"https:\/\/wa.me\/8617776015835\" target=\"_blank\" rel=\"noopener\"><span style=\"color: #ff0000\"><strong>WhatsApp: +86 17776015835<\/strong><\/span><\/a><\/h3>\n<p>&nbsp;<\/p>\n<h2><\/h2>\n<h2><strong>RandM 12000 Klju\u010dne zna\u010dajke<\/strong><\/h2>\n<p>Udisaji: 12000+ Udisaja<br \/>\nVrsta grija\u010da: Mre\u017easta grija\u010da<br \/>\nE-teku\u0107ina: 20ml unaprijed napunjene teku\u0107ine<br \/>\nKapacitet baterije: Punjiva unutarnja 850mAh<br \/>\nVrsta punja\u010da: Type-C punjenje<br \/>\nNiskonitotinski jednokratni vapeovi<br \/>\nJednostavan i atmosferi\u010dan izgled<br \/>\nDigitalni ekran prikazuje preostalu bateriju i teku\u0107inu.<\/p>\n<h2><strong>Najbolji okus za RandM 12k<\/strong><\/h2>\n<p>1 Hladna Metvica<br \/>\n2 Lubenica Led<br \/>\n3 Gro\u017e\u0111e Led<br \/>\n4 Borovnica Malina<br \/>\n5 Jagoda Lubenica<br \/>\n6 Jagoda Banana<br \/>\n7 So\u010dni Led<br \/>\n8 Tre\u0161nja<br \/>\n9 Led od Jagode<br \/>\n10 Ledeni Pop<br \/>\n11 Roza Limunada<br \/>\n12 Mango na ledu<br \/>\n13 Mije\u0161ano Bobi\u010dasto Vo\u0107e<br \/>\n14 Krafna s Jagodama<br \/>\n15 Gro\u017e\u0111e od Jagode<br \/>\n16 Tre\u0161nja Kola<br \/>\n17 Dr. plavi<br \/>\n18 Borovnica na ledu<br \/>\n19 Kivi marakuja guava<br \/>\n20 Jagoda kivi<br \/>\n21 Breskva mango<br \/>\n22 Led od Breskve<br \/>\n23 Led od Crvene Jabuke<br \/>\n24 \u017dvaka\u0107a Guma od Borovnice<br \/>\n25 Bobi\u010dasta Limunada<br \/>\n26 Plava Razz Limunada<br \/>\n27 Plava malina<br \/>\n28 Jagoda Red bull<br \/>\n29 Eksplozija jabuke i bobi\u010dastog vo\u0107a<br \/>\n30 \u017dvaka\u0107a guma od lubenice<br \/>\n31 Malina lubenica<br \/>\n32 Crni led<br \/>\n33 Borovnica vi\u0161nja brusnica<br \/>\n34 Jagoda \u0161ipak (nar)<br \/>\n35 Vimto<br \/>\n36 Vi\u0161nja bobi\u010dasto vo\u0107e<br \/>\n37 Limun<br \/>\n38 Bingo Crush<br \/>\n39 Borovnica kivi<br \/>\n40 Jabuka cimet<\/p>\n<p>&nbsp;<\/p>\n<h3><strong>Za\u0161to odabrati Rmvapesale za Fumot Vape 12k <\/strong><strong>V<\/strong><strong>Veleprodaja Vape proizvoda<\/strong><strong>?<\/strong><\/h3>\n<div class=\"flex-shrink-0 flex flex-col relative items-end\">\n<div class=\"pt-0\">\n<div class=\"gizmo-bot-avatar flex h-8 w-8 items-center justify-center overflow-hidden rounded-full\">\n<div class=\"relative p-1 rounded-sm flex items-center justify-center bg-token-main-surface-primary text-token-text-primary h-8 w-8\">\n<p>Dobrodo\u0161li u Rmvapesale, va\u0161u pouzdanu vape trgovinu za vrhunske jednokratne vape. S vi\u0161e od 5 godina iskustva, donosimo vam popularne marke jednokratnih vape proizvoda kao \u0161to su Al Fakher, <a href=\"https:\/\/rmvapesale.com\/hr\/product-category\/bang-vapes\/\">Bang Vape<\/a>, Waspe, WGA Vape i<a href=\"https:\/\/rmvapesale.com\/hr\/product-category\/randm-fumot-vape\/\"> RandM Vape<\/a>.<\/p>\n<p>Na\u0161a ponuda uklju\u010duje popularne vape proizvode poput <a href=\"https:\/\/rmvapesale.com\/hr\/product\/randm-tornado-15000-puffs-vape-wholesale\/\">RandM Tornado 15000<\/a> i izbor bogatih okusa poput Vapme 70000. Svaki je proizvod odabran s naglaskom na kvalitetu, vrijednost i raznolikost, osiguravaju\u0107i da prona\u0111ete savr\u0161eno rje\u0161enje za svoje potrebe. Otkrijte iznimnu uslugu i \u0161irok izbor vrhunskih proizvoda na Rmvapesale.<\/p>\n<\/div>\n<h3><\/h3>\n<div class=\"relative p-1 rounded-sm flex items-center justify-center bg-token-main-surface-primary text-token-text-primary h-8 w-8\">\n<h3><b> \u010cesto postavljana pitanja za RandM Vape 15000 <\/b><b>Jednokratni vape koji se mo\u017ee puniti<\/b><\/h3>\n<div class=\"group\/conversation-turn relative flex w-full min-w-0 flex-col agent-turn\">\n<div class=\"flex-col gap-1 md:gap-3\">\n<div class=\"flex max-w-full flex-col flex-grow\">\n<div class=\"min-h-8 text-message flex w-full flex-col items-end gap-2 whitespace-normal break-words [.text-message+&amp;]:mt-5\" dir=\"auto\" data-message-author-role=\"assistant\" data-message-id=\"00c9b302-bc9c-4550-94ba-5a295efa2be3\" data-message-model-slug=\"gpt-4o\">\n<div class=\"flex w-full flex-col gap-1 empty:hidden first:pt-[3px]\">\n<div class=\"markdown prose w-full break-words dark:prose-invert light\">\n<div class=\"flex-shrink-0 flex flex-col relative items-end\">\n<div>\n<div class=\"pt-0\">\n<div class=\"gizmo-bot-avatar flex h-8 w-8 items-center justify-center overflow-hidden rounded-full\">\n<div class=\"relative p-1 rounded-sm flex items-center justify-center bg-token-main-surface-primary text-token-text-primary h-8 w-8\">\n<div class=\"flex-shrink-0 flex flex-col relative items-end\">\n<div>\n<div class=\"pt-0\">\n<div class=\"gizmo-bot-avatar flex h-8 w-8 items-center justify-center overflow-hidden rounded-full\">\n<div class=\"relative p-1 rounded-sm flex items-center justify-center bg-token-main-surface-primary text-token-text-primary h-8 w-8\">\n<p>&nbsp;<\/p>\n<p><strong>1. Gdje kupiti Fumot RandM 12000 Puff po veleprodajnoj cijeni u Hrvatskoj<\/strong><br \/>\nOvaj <strong>Fumot RandM 12000 Puff<\/strong> mo\u017ee se kupiti po veleprodajnim cijenama od ovla\u0161tenih <strong>veleprodajne opcije za vape<\/strong> distributera u Hrvatskoj ili pouzdanih online trgovina specijaliziranih za <strong>RandM Vape<\/strong> proizvode. Provjerite autenti\u010dnost dobavlja\u010da i pridr\u017eavanje EU standarda za vapiranje.<\/p>\n<p><strong>2. Koliko pufova pru\u017ea Fumot 12k pufova?<\/strong><br \/>\nOvaj <strong>Fumot 12k<\/strong> nudi vi\u0161e od <strong>12.000 udisaja<\/strong>, \u0161to ga \u010dini vrhunskim izborom za dugotrajnu uporabu.<\/p>\n<p><strong>3. Koliko dugo traje popularni RandM 12000 jednokratni vape ure\u0111aj?<\/strong><br \/>\nOvaj <strong>RandM 12000 jednokratni vape ure\u0111aj<\/strong> mo\u017ee trajati do dva tjedna za umjerene korisnike, ovisno o u\u010destalosti kori\u0161tenja i veli\u010dini povla\u010denja.<\/p>\n<p><strong>4. Koji su popularni okusi za RandM Vape 12000 Puffs jednokratnu kutiju?<\/strong><br \/>\nPopularni okusi za <strong>RandM Vape 12000 Puffs<\/strong> uklju\u010duju opcije inspirirane vo\u0107em poput Mango Ice, Lubenice i Jagode, uz mentol i okuse deserta, osiguravaju\u0107i ne\u0161to za svaki ukus.<\/p>\n<p><strong>5. Koliko je vremena potrebno za punjenje Fumot RandM 12000 punjive vape?<\/strong><br \/>\nOvaj <strong>Fumot RandM 12000 punjiva vape<\/strong> traje otprilike <strong>1-2 sata<\/strong> da se potpuno napuni koriste\u0107i svoj <strong>Type-C brzo punjenje<\/strong> sustav.<\/p>\n<p><strong>6. Koliko nikotina ima u RandM 12k Digital Disposable Vape?<\/strong><br \/>\nOvaj <strong>RandM 12k Digital Disposable Vape<\/strong> dostupan je u <b>2%, 5% <\/b>opcije, nude\u0107i fleksibilnost korisnicima s razli\u010ditim preferencijama.<\/p>\n<\/div>\n<\/div>\n<\/div>\n<\/div>\n<\/div>\n<\/div>\n<\/div>\n<\/div>\n<\/div>\n<\/div>\n<div class=\"group\/conversation-turn relative flex w-full min-w-0 flex-col agent-turn\">\n<div class=\"flex-col gap-1 md:gap-3\">\n<div class=\"flex max-w-full flex-col flex-grow\">\n<div class=\"min-h-8 text-message flex w-full flex-col items-end gap-2 whitespace-normal break-words [.text-message+&amp;]:mt-5\" dir=\"auto\" data-message-author-role=\"assistant\" data-message-id=\"a3dc01bd-23b0-4fd7-bb9a-7827522cefd8\" data-message-model-slug=\"gpt-4o\">\n<div class=\"flex w-full flex-col gap-1 empty:hidden first:pt-[3px]\"><\/div>\n<\/div>\n<\/div>\n<\/div>\n<\/div>\n<\/div>\n<\/div>\n<\/div>\n<\/div>\n<\/div>\n<\/div>\n<\/div>\n<\/div>\n<\/div>\n<\/div>\n<h3>O isporuci<\/h3>\n<div class=\"flex-shrink-0 flex flex-col relative items-end\">\n<div>\n<div class=\"pt-0\">\n<div class=\"gizmo-bot-avatar flex h-8 w-8 items-center justify-center overflow-hidden rounded-full\">\n<div><\/div>\n<div class=\"relative p-1 rounded-sm flex items-center justify-center bg-token-main-surface-primary text-token-text-primary h-8 w-8\"><strong>1. Koje metode dostave se koriste?<\/strong><\/div>\n<\/div>\n<\/div>\n<\/div>\n<\/div>\n<div class=\"group\/conversation-turn relative flex w-full min-w-0 flex-col agent-turn\">\n<div class=\"flex-col gap-1 md:gap-3\">\n<div class=\"flex max-w-full flex-col flex-grow\">\n<div class=\"min-h-[20px] text-message flex w-full flex-col items-end gap-2 whitespace-normal break-words [.text-message+&amp;]:mt-5 overflow-x-auto\" dir=\"auto\" data-message-author-role=\"assistant\" data-message-id=\"22f8283b-3233-46ff-89a5-c7a41b33abda\">\n<div class=\"flex w-full flex-col gap-1 empty:hidden first:pt-[3px]\">\n<div class=\"markdown prose w-full break-words dark:prose-invert light\">\n<p>Sura\u0111ujemo s UPS-om, DHL-om, FedEx-om, DPD-om i drugim vode\u0107im prijevoznicima. Odabrat \u0107emo najbolju metodu dostave na temelju va\u0161e lokacije kako bismo osigurali da svoje proizvode primite \u0161to je prije mogu\u0107e.<\/p>\n<\/div>\n<p><strong>2. Koliko dugo traje dostava?<\/strong><\/p>\n<p>Paketi poslani u Hrvatsku obi\u010dno sti\u017eu unutar 10 radnih dana. Dostava u europske zemlje op\u0107enito traje oko 12-15 radnih dana. Pru\u017eit \u0107emo vam a\u017euriranja o statusu va\u0161e po\u0161iljke u stvarnom vremenu.<\/p>\n<\/div>\n<\/div>\n<\/div>\n<\/div>\n<\/div>\n<p>&nbsp;<\/p>\n<p>Prona\u0111ite vi\u0161e Vape proizvoda koji bi vam se mogli svidjeti:<strong><em><a href=\"https:\/\/rmvapesale.com\/hr\/shop-2\/\">kupite sada &gt;&gt;&gt;<\/a><\/em><\/strong><\/p>","protected":false},"excerpt":{"rendered":"<p>Randm 12000 Puffs Fumot Digitalna Jednokratna Vape<br \/>\nRandm 12000 Fumot Digital Box Vape Veleprodaja<br \/>\nFumot RandM Digital Box 12k Vape Veleprodajna Cijena<\/p>\n<p><img loading=\"lazy\" decoding=\"async\" class=\"size-full wp-image-2375\" src=\"https:\/\/rmvapesale.com\/wp-content\/uploads\/2024\/10\/image.png\" alt=\"Najbolji jednokratni vejp\" width=\"229\" height=\"300\" \/><\/p>\n<h3><a href=\"https:\/\/wa.me\/8617776015835\"><span style=\"color: #ff0000\"><strong>WhatsApp: +86 17776015835<\/strong><\/span><\/a><\/h3>\n<p>&nbsp;<\/p>","protected":false},"featured_media":2836,"comment_status":"open","ping_status":"closed","template":"","meta":{"_uag_custom_page_level_css":"","_lmt_disableupdate":"no","_lmt_disable":"","site-sidebar-layout":"default","site-content-layout":"content-boxed-container","ast-site-content-layout":"normal-width-container","site-content-style":"boxed","site-sidebar-style":"unboxed","ast-global-header-display":"","ast-banner-title-visibility":"","ast-main-header-display":"","ast-hfb-above-header-display":"","ast-hfb-below-header-display":"","ast-hfb-mobile-header-display":"","site-post-title":"","ast-breadcrumbs-content":"","ast-featured-img":"","footer-sml-layout":"","ast-disable-related-posts":"","theme-transparent-header-meta":"default","adv-header-id-meta":"","stick-header-meta":"","header-above-stick-meta":"","header-main-stick-meta":"","header-below-stick-meta":"","astra-migrate-meta-layouts":"set","ast-page-background-enabled":"default","ast-page-background-meta":{"desktop":{"background-color":"var(--ast-global-color-4)","background-image":"","background-repeat":"repeat","background-position":"center center","background-size":"auto","background-attachment":"scroll","background-type":"","background-media":"","overlay-type":"","overlay-color":"","overlay-opacity":"","overlay-gradient":""},"tablet":{"background-color":"","background-image":"","background-repeat":"repeat","background-position":"center center","background-size":"auto","background-attachment":"scroll","background-type":"","background-media":"","overlay-type":"","overlay-color":"","overlay-opacity":"","overlay-gradient":""},"mobile":{"background-color":"","background-image":"","background-repeat":"repeat","background-position":"center center","background-size":"auto","background-attachment":"scroll","background-type":"","background-media":"","overlay-type":"","overlay-color":"","overlay-opacity":"","overlay-gradient":""}},"ast-content-background-meta":{"desktop":{"background-color":"var(--ast-global-color-5)","background-image":"","background-repeat":"repeat","background-position":"center center","background-size":"auto","background-attachment":"scroll","background-type":"","background-media":"","overlay-type":"","overlay-color":"","overlay-opacity":"","overlay-gradient":""},"tablet":{"background-color":"var(--ast-global-color-5)","background-image":"","background-repeat":"repeat","background-position":"center center","background-size":"auto","background-attachment":"scroll","background-type":"","background-media":"","overlay-type":"","overlay-color":"","overlay-opacity":"","overlay-gradient":""},"mobile":{"background-color":"var(--ast-global-color-5)","background-image":"","background-repeat":"repeat","background-position":"center center","background-size":"auto","background-attachment":"scroll","background-type":"","background-media":"","overlay-type":"","overlay-color":"","overlay-opacity":"","overlay-gradient":""}},"_joinchat":[]},"product_brand":[],"product_cat":[15,27,51,25,123,30,26,28,31,137,136,135],"product_tag":[214,39,213,237,38],"class_list":{"0":"post-2837","1":"product","2":"type-product","3":"status-publish","4":"has-post-thumbnail","6":"product_cat-new-vape-this-week","7":"product_cat-fance-hot-sale-vape","8":"product_cat-fumot-vape","9":"product_cat-germany-best-selling-vape","10":"product_cat-italy-wholesale-vape","11":"product_cat-minimum-order-quantity-50pcs","12":"product_cat-netherlands-hot-sale-vape","13":"product_cat-poland-hot-sale-vape","14":"product_cat-randm-fumot-vape","15":"product_cat-rechargeable-vapes","16":"product_cat-smart-screen-vapes","17":"product_cat-spain-best-hot-sale-vape","18":"product_tag-fumot-12k","19":"product_tag-fumot-vape","20":"product_tag-randm-12000","21":"product_tag-randm-12k","22":"product_tag-randm-vape","23":"desktop-align-left","24":"tablet-align-left","25":"mobile-align-left","27":"first","28":"instock","29":"sale","30":"shipping-taxable","31":"purchasable","32":"product-type-simple"},"uagb_featured_image_src":{"full":["https:\/\/rmvapesale.com\/wp-content\/uploads\/2024\/12\/RandM-Digital-Box-12000-Puff-Disposable-Vape.jpg",1300,1300,false],"thumbnail":["https:\/\/rmvapesale.com\/wp-content\/uploads\/2024\/12\/RandM-Digital-Box-12000-Puff-Disposable-Vape-150x150.jpg",150,150,true],"medium":["https:\/\/rmvapesale.com\/wp-content\/uploads\/2024\/12\/RandM-Digital-Box-12000-Puff-Disposable-Vape-300x300.jpg",300,300,true],"medium_large":["https:\/\/rmvapesale.com\/wp-content\/uploads\/2024\/12\/RandM-Digital-Box-12000-Puff-Disposable-Vape-768x768.jpg",768,768,true],"large":["https:\/\/rmvapesale.com\/wp-content\/uploads\/2024\/12\/RandM-Digital-Box-12000-Puff-Disposable-Vape-1024x1024.jpg",1024,1024,true],"1536x1536":["https:\/\/rmvapesale.com\/wp-content\/uploads\/2024\/12\/RandM-Digital-Box-12000-Puff-Disposable-Vape.jpg",1300,1300,false],"2048x2048":["https:\/\/rmvapesale.com\/wp-content\/uploads\/2024\/12\/RandM-Digital-Box-12000-Puff-Disposable-Vape.jpg",1300,1300,false],"trp-custom-language-flag":["https:\/\/rmvapesale.com\/wp-content\/uploads\/2024\/12\/RandM-Digital-Box-12000-Puff-Disposable-Vape.jpg",12,12,false],"woocommerce_thumbnail":["https:\/\/rmvapesale.com\/wp-content\/uploads\/2024\/12\/RandM-Digital-Box-12000-Puff-Disposable-Vape-300x300.jpg",300,300,true],"woocommerce_single":["https:\/\/rmvapesale.com\/wp-content\/uploads\/2024\/12\/RandM-Digital-Box-12000-Puff-Disposable-Vape-600x600.jpg",600,600,true],"woocommerce_gallery_thumbnail":["https:\/\/rmvapesale.com\/wp-content\/uploads\/2024\/12\/RandM-Digital-Box-12000-Puff-Disposable-Vape-100x100.jpg",100,100,true],"wcpr-photo-reviews":["https:\/\/rmvapesale.com\/wp-content\/uploads\/2024\/12\/RandM-Digital-Box-12000-Puff-Disposable-Vape.jpg",500,500,false]},"uagb_author_info":{"display_name":"AMY","author_link":"https:\/\/rmvapesale.com\/hr\/author\/"},"uagb_comment_info":0,"uagb_excerpt":"Randm 12000 Puffs Fumot Digital Disposable Vape Randm 12000 Fumot Digital Box Vape Wholesale Fumot RandM Digital Box 12k Vape Bulk Price WhatsApp: +86 17776015835 &nbsp;","_links":{"self":[{"href":"https:\/\/rmvapesale.com\/hr\/wp-json\/wp\/v2\/product\/2837","targetHints":{"allow":["GET"]}}],"collection":[{"href":"https:\/\/rmvapesale.com\/hr\/wp-json\/wp\/v2\/product"}],"about":[{"href":"https:\/\/rmvapesale.com\/hr\/wp-json\/wp\/v2\/types\/product"}],"replies":[{"embeddable":true,"href":"https:\/\/rmvapesale.com\/hr\/wp-json\/wp\/v2\/comments?post=2837"}],"wp:featuredmedia":[{"embeddable":true,"href":"https:\/\/rmvapesale.com\/hr\/wp-json\/wp\/v2\/media\/2836"}],"wp:attachment":[{"href":"https:\/\/rmvapesale.com\/hr\/wp-json\/wp\/v2\/media?parent=2837"}],"wp:term":[{"taxonomy":"product_brand","embeddable":true,"href":"https:\/\/rmvapesale.com\/hr\/wp-json\/wp\/v2\/product_brand?post=2837"},{"taxonomy":"product_cat","embeddable":true,"href":"https:\/\/rmvapesale.com\/hr\/wp-json\/wp\/v2\/product_cat?post=2837"},{"taxonomy":"product_tag","embeddable":true,"href":"https:\/\/rmvapesale.com\/hr\/wp-json\/wp\/v2\/product_tag?post=2837"}],"curies":[{"name":"wp","href":"https:\/\/api.w.org\/{rel}","templated":true}]}}