{"id":2862,"date":"2024-12-13T09:20:35","date_gmt":"2024-12-13T09:20:35","guid":{"rendered":"https:\/\/rmvapesale.com\/?post_type=product&#038;p=2862"},"modified":"2024-12-13T09:26:19","modified_gmt":"2024-12-13T09:26:19","slug":"vapsolo-twins-20000-2-flavour-in-1-disposable-vape-bulk-buy-price","status":"publish","type":"product","link":"https:\/\/rmvapesale.com\/hr\/product\/vapsolo-twins-20000-2-flavour-in-1-disposable-vape-bulk-buy-price\/","title":{"rendered":"Vapsolo Twins 20000 Udisaja 2 Okusa u 1 Jednokratni Vape Kupnja na Veliko Cijena"},"content":{"rendered":"<div class=\"B2VR9 CJHX3e\">\n<div class=\"wyccme\">\n<div class=\"flex-shrink-0 flex flex-col relative items-end\">\n<div class=\"pt-0\">\n<div class=\"gizmo-bot-avatar flex h-8 w-8 items-center justify-center overflow-hidden rounded-full\">\n<div class=\"relative p-1 rounded-sm flex items-center justify-center bg-token-main-surface-primary text-token-text-primary h-8 w-8\">\n<div class=\"flex-shrink-0 flex flex-col relative items-end\">\n<div class=\"pt-0\">\n<div class=\"gizmo-bot-avatar flex h-8 w-8 items-center justify-center overflow-hidden rounded-full\">\n<h1 class=\"relative p-1 rounded-sm flex items-center justify-center bg-token-main-surface-primary text-token-text-primary h-8 w-8\">Vapsolo Twins 20000 Udisaja 2 Okusa u 1 Jednokratni Vape Kupnja na Veliko Cijena<\/h1>\n<\/div>\n<\/div>\n<\/div>\n<\/div>\n<\/div>\n<\/div>\n<\/div>\n<div class=\"group\/conversation-turn relative flex w-full min-w-0 flex-col agent-turn\">\n<div class=\"flex-col gap-1 md:gap-3\">\n<div class=\"flex max-w-full flex-col flex-grow\">\n<div class=\"min-h-8 text-message flex w-full flex-col items-end gap-2 whitespace-normal break-words text-start [.text-message+&amp;]:mt-5\" dir=\"auto\" data-message-author-role=\"assistant\" data-message-id=\"80ece0c4-ead1-4ed9-a9f0-ddc22582b4f4\" data-message-model-slug=\"gpt-4o\">\n<div class=\"flex w-full flex-col gap-1 empty:hidden first:pt-[3px]\">\n<div class=\"markdown prose w-full break-words dark:prose-invert light\">\n<h3><\/h3>\n<\/div>\n<\/div>\n<\/div>\n<\/div>\n<\/div>\n<\/div>\n<div class=\"flex-shrink-0 flex flex-col relative items-end\">\n<div class=\"pt-0\">\n<div class=\"gizmo-bot-avatar flex h-8 w-8 items-center justify-center overflow-hidden rounded-full\">\n<div class=\"relative p-1 rounded-sm flex items-center justify-center bg-token-main-surface-primary text-token-text-primary h-8 w-8\">\n<p>Unaprijedite svoje iskustvo vapinga s <strong>Vapsolo Twins 20000 2 Okusa u 1 Jednokratna Vape<\/strong>, savr\u0161eno rje\u0161enje za raznolikost i prakti\u010dnost. Sadr\u017ei revolucionarni <strong>sustav s dva spremnika<\/strong>, ovaj ure\u0111aj isporu\u010duje dva razli\u010dita okusa u jednom elegantnom vapeu. S <strong>ogromnim kapacitetom od 20.000 puffova<\/strong> i <strong>spremnikom e-teku\u0107ine od 25 mL<\/strong>, jam\u010di produ\u017eeno u\u017eivanje bez prekida. Opremljen s <strong>650mAh punjivom baterijom<\/strong> i Type-C brzim punjenjem, ovaj <strong>jednokratni vejp<\/strong> kombinira izdr\u017eljivost i ekolo\u0161ku prihvatljivost. Napredni <strong>tehnologija mre\u017easte zavojnice<\/strong> osigurava glatku paru i bogat okus, dok <strong>podesivog protoka zraka<\/strong> nudi personalizirano iskustvo vapinga. Bez obzira kupujete li za osobnu upotrebu ili tra\u017eite <strong>veleprodajne opcije za vape<\/strong> cijene za va\u0161e poslovanje, ovaj <strong>jednokratni vape s niskim sadr\u017eajem nikotina<\/strong> je najbolji izbor.<\/p>\n<\/div>\n<\/div>\n<\/div>\n<\/div>\n<\/div>\n<\/div>\n<p><strong>Kontaktirajte Amy da dobijete pravi odgovor i kupon za vape!<\/strong><\/p>\n<p><img loading=\"lazy\" decoding=\"async\" class=\"size-full wp-image-1978\" src=\"https:\/\/rmvapesale.com\/wp-content\/uploads\/2024\/09\/Disposable-Vape-Wholesale.jpg\" alt=\"Veleprodaja jednokratnih vejpova\" width=\"229\" height=\"300\" \/><\/p>\n<h3><a href=\"https:\/\/wa.me\/8617776015835\" target=\"_blank\" rel=\"noopener\"><span style=\"color: #ff0000\"><strong>WhatsApp: +86 17776015835<\/strong><\/span><\/a><\/h3>\n<h2><\/h2>\n<h2><strong>Vapsolo Twins 20000 Klju\u010dne Zna\u010dajke<\/strong><\/h2>\n<h3><\/h3>\n<ol>\n<li><strong>Dvosmjerna udobnost okusa:<\/strong> U\u017eivajte u dva okusa istovremeno s inovativnim dizajnom s dvostrukim spremnikom.<\/li>\n<li><strong>Dugotrajna upotreba:<\/strong> Nudi impresivnu <strong>20.000 uvla\u010denja<\/strong>, savr\u0161eno za dulje u\u017eivanje u vapingu.<\/li>\n<li><strong>Punjiva baterija:<\/strong> Napaja ga pouzdana baterija od 650mAh s brzim punjenjem putem Type-C priklju\u010dka.<\/li>\n<li><strong>Veliki spremnik za e-teku\u0107inu:<\/strong> Unaprijed napunjen sa <strong>25mL vrhunske e-teku\u0107ine<\/strong> za manje dopuna.<\/li>\n<li><strong>Raznolikost nikotina:<\/strong> Dostupno u <strong>Opcije nikotina 2% i 5%<\/strong> za zadovoljenje svih preferencija.<\/li>\n<li><strong>Vrhunska proizvodnja pare:<\/strong> Karakterizira ga napredni <strong>tehnologija mre\u017easte zavojnice<\/strong> za bogatu, dosljednu paru.<\/li>\n<li><strong>Prilagodljivo iskustvo:<\/strong> Pode\u0161avanje protoka zraka za prilago\u0111ene sesije vapinga.<\/li>\n<li><strong>Kompaktno i elegantno:<\/strong> Prijenosan dizajn koji je savr\u0161en za svakodnevnu upotrebu.<\/li>\n<li><strong>Jednostavno za kori\u0161tenje:<\/strong> Sustav s aktivacijom pritiskom za jednostavno vaping iskustvo.<\/li>\n<li><strong>Prednost veleprodajne cijene:<\/strong> Idealno za veleprodajne kupce koji tra\u017ee vrijednost i kvalitetu<\/li>\n<\/ol>\n<h2><\/h2>\n<h2><strong>Vapsolo 20000 Popis okusa<\/strong><\/h2>\n<p>1. Limun Limeta &amp; Vodeni Melon<br \/>\n2. Gro\u017e\u0111e Led &amp; Jagoda Kiwi<br \/>\n3. Ananas Kokos &amp; Jagoda Banana<br \/>\n4. Naran\u010da Mango Vodeni Melon &amp; Red Bull<br \/>\n5. Borovnica Led &amp; Gazirana Vi\u0161nja<br \/>\n6. Vodeni Melon Led &amp; Mije\u0161ano Bobi\u010dasto Vo\u0107e<br \/>\n7. Jagoda Banana i Gazirana Vi\u0161nja<br \/>\n8. Jagoda Malina Vi\u0161nja Led i Gro\u017e\u0111e Led<br \/>\n9. Plava Razz Limunada i Limun Limeta<br \/>\n10. Lubenica Led i Jagoda Mango<br \/>\n11. Trostruki Melon i Malina Lubenica<br \/>\n12. Crna Led Zmaj Vo\u0107e Jagoda i Malina Lubenica<br \/>\n13. Ananas Kokos i Lubenica Led<br \/>\n14. Jagoda Led i Mango Breskva Lubenica<br \/>\n15. Jagoda Kivi i Jagoda Malina Vi\u0161nja Led<br \/>\n16. Trostruki Melon i Ananas Kokos<\/p>\n<p>&nbsp;<\/p>\n<h3><strong>Za\u0161to odabrati Rmvapesale za Vapsolo Twins 20k Udisaja <\/strong><strong>V<\/strong><strong>Veleprodaja Vape proizvoda<\/strong><strong>?<\/strong><\/h3>\n<div class=\"flex-shrink-0 flex flex-col relative items-end\">\n<div class=\"pt-0\">\n<div class=\"gizmo-bot-avatar flex h-8 w-8 items-center justify-center overflow-hidden rounded-full\">\n<div class=\"relative p-1 rounded-sm flex items-center justify-center bg-token-main-surface-primary text-token-text-primary h-8 w-8\">\n<p>Dobrodo\u0161li u Rmvapesale, va\u0161u pouzdanu vape trgovinu za vrhunske jednokratne vape. S vi\u0161e od 5 godina iskustva, donosimo vam popularne marke jednokratnih vape proizvoda kao \u0161to su Al Fakher, <a href=\"https:\/\/rmvapesale.com\/hr\/product-category\/bang-vapes\/\">Bang Vape<\/a>, Waspe, WGA Vape i<a href=\"https:\/\/rmvapesale.com\/hr\/product-category\/randm-fumot-vape\/\"> RandM Vape<\/a>.<\/p>\n<p>Na\u0161a ponuda uklju\u010duje popularne vape proizvode poput <a href=\"https:\/\/rmvapesale.com\/hr\/product\/randm-tornado-15000-puffs-vape-wholesale\/\">RandM Tornado 15000<\/a> i izbor bogatih okusa poput Vapme 70000. Svaki je proizvod odabran s naglaskom na kvalitetu, vrijednost i raznolikost, osiguravaju\u0107i da prona\u0111ete savr\u0161eno rje\u0161enje za svoje potrebe. Otkrijte iznimnu uslugu i \u0161irok izbor vrhunskih proizvoda na Rmvapesale.<\/p>\n<\/div>\n<h3><\/h3>\n<div class=\"relative p-1 rounded-sm flex items-center justify-center bg-token-main-surface-primary text-token-text-primary h-8 w-8\">\n<h3><b> Pitanja i odgovori za Vapsolo Twins 20000 <\/b><b>Jednokratni vape koji se mo\u017ee puniti<\/b><\/h3>\n<div class=\"group\/conversation-turn relative flex w-full min-w-0 flex-col agent-turn\">\n<div class=\"flex-col gap-1 md:gap-3\">\n<div class=\"flex max-w-full flex-col flex-grow\">\n<div class=\"min-h-8 text-message flex w-full flex-col items-end gap-2 whitespace-normal break-words [.text-message+&amp;]:mt-5\" dir=\"auto\" data-message-author-role=\"assistant\" data-message-id=\"00c9b302-bc9c-4550-94ba-5a295efa2be3\" data-message-model-slug=\"gpt-4o\">\n<div class=\"flex w-full flex-col gap-1 empty:hidden first:pt-[3px]\">\n<div class=\"markdown prose w-full break-words dark:prose-invert light\">\n<div class=\"flex-shrink-0 flex flex-col relative items-end\">\n<div class=\"pt-0\">\n<div class=\"gizmo-bot-avatar flex h-8 w-8 items-center justify-center overflow-hidden rounded-full\">\n<div class=\"relative p-1 rounded-sm flex items-center justify-center bg-token-main-surface-primary text-token-text-primary h-8 w-8\">\n<div class=\"flex-shrink-0 flex flex-col relative items-end\">\n<div class=\"pt-0\">\n<div class=\"gizmo-bot-avatar flex h-8 w-8 items-center justify-center overflow-hidden rounded-full\">\n<div class=\"relative p-1 rounded-sm flex items-center justify-center bg-token-main-surface-primary text-token-text-primary h-8 w-8\">\n<ol>\n<li><strong>Koje okuse mogu u\u017eivati s Vapsolo Twins 20000?<\/strong><br \/>\nSustav s dvostrukim spremnikom omogu\u0107ava vam da istovremeno do\u017eivite dva razli\u010dita okusa, dodaju\u0107i raznolikost va\u0161em iskustvu vapinga.<\/li>\n<li><strong>Koliko udisaja pru\u017ea ovaj ure\u0111aj?<\/strong><br \/>\nOvaj <strong>Vapsolo Twins 20000<\/strong> nudi do <strong>20.000 uvla\u010denja<\/strong>, osiguravaju\u0107i dugotrajnu uporabu.<\/li>\n<li><strong>Mogu li se Vapsolo Twins ponovno puniti?<\/strong><br \/>\nDa, uklju\u010duje <strong>650mAh punjivom baterijom<\/strong> s Type-C punjenjem za brzo i jednostavno punjenje.<\/li>\n<li><strong>Koje razine nikotina su dostupne za ovaj ure\u0111aj?<\/strong><br \/>\nOvo <strong>jednokratni vejp<\/strong> dolazi u <strong>2% i 5% ja\u010dine nikotina<\/strong>, prilago\u0111eno razli\u010ditim \u017eeljama korisnika.<\/li>\n<li><strong>Za\u0161to je Vapsolo Twins 20000 idealan za veleprodajne kupce?<\/strong><br \/>\nIts <strong>cijena za kupnju na veliko<\/strong>, dugotrajne performanse i jedinstvena dvostruka aroma \u010dine ga popularnim izborom za preprodava\u010de.<\/li>\n<\/ol>\n<\/div>\n<\/div>\n<\/div>\n<\/div>\n<\/div>\n<\/div>\n<\/div>\n<\/div>\n<div class=\"group\/conversation-turn relative flex w-full min-w-0 flex-col agent-turn\">\n<div class=\"flex-col gap-1 md:gap-3\">\n<div class=\"flex max-w-full flex-col flex-grow\">\n<div class=\"min-h-8 text-message flex w-full flex-col items-end gap-2 whitespace-normal break-words [.text-message+&amp;]:mt-5\" dir=\"auto\" data-message-author-role=\"assistant\" data-message-id=\"a3dc01bd-23b0-4fd7-bb9a-7827522cefd8\" data-message-model-slug=\"gpt-4o\">\n<div class=\"flex w-full flex-col gap-1 empty:hidden first:pt-[3px]\"><\/div>\n<\/div>\n<\/div>\n<\/div>\n<\/div>\n<\/div>\n<\/div>\n<\/div>\n<\/div>\n<\/div>\n<\/div>\n<\/div>\n<\/div>\n<\/div>\n<\/div>\n<h3>O isporuci<\/h3>\n<div class=\"flex-shrink-0 flex flex-col relative items-end\">\n<div>\n<div class=\"pt-0\">\n<div class=\"gizmo-bot-avatar flex h-8 w-8 items-center justify-center overflow-hidden rounded-full\">\n<div><\/div>\n<div class=\"relative p-1 rounded-sm flex items-center justify-center bg-token-main-surface-primary text-token-text-primary h-8 w-8\"><strong>1. Koje metode dostave se koriste?<\/strong><\/div>\n<\/div>\n<\/div>\n<\/div>\n<\/div>\n<div class=\"group\/conversation-turn relative flex w-full min-w-0 flex-col agent-turn\">\n<div class=\"flex-col gap-1 md:gap-3\">\n<div class=\"flex max-w-full flex-col flex-grow\">\n<div class=\"min-h-[20px] text-message flex w-full flex-col items-end gap-2 whitespace-normal break-words [.text-message+&amp;]:mt-5 overflow-x-auto\" dir=\"auto\" data-message-author-role=\"assistant\" data-message-id=\"22f8283b-3233-46ff-89a5-c7a41b33abda\">\n<div class=\"flex w-full flex-col gap-1 empty:hidden first:pt-[3px]\">\n<div class=\"markdown prose w-full break-words dark:prose-invert light\">\n<p>Sura\u0111ujemo s UPS-om, DHL-om, FedEx-om, DPD-om i drugim vode\u0107im prijevoznicima. Odabrat \u0107emo najbolju metodu dostave na temelju va\u0161e lokacije kako bismo osigurali da svoje proizvode primite \u0161to je prije mogu\u0107e.<\/p>\n<\/div>\n<p><strong>2. Koliko dugo traje dostava?<\/strong><\/p>\n<p>Paketi poslani u Hrvatsku obi\u010dno sti\u017eu unutar 10 radnih dana. Dostava u europske zemlje op\u0107enito traje oko 12-15 radnih dana. Pru\u017eit \u0107emo vam a\u017euriranja o statusu va\u0161e po\u0161iljke u stvarnom vremenu.<\/p>\n<\/div>\n<\/div>\n<\/div>\n<\/div>\n<\/div>\n<p>&nbsp;<\/p>\n<p>Prona\u0111ite vi\u0161e Vape proizvoda koji bi vam se mogli svidjeti:<strong><em><a href=\"https:\/\/rmvapesale.com\/hr\/shop-2\/\">kupite sada &gt;&gt;&gt;<\/a><\/em><\/strong><\/p>","protected":false},"excerpt":{"rendered":"<p>Vapsolo Twins 20000 Puffs 2 Okusa u 1 Jednokratna Vape Veleprodaja<br \/>\nVapsolo Twins 20000 2 Okusa u 1 Punjiva Jednokratna Vape Veleprodajna Cijena<br \/>\nVru\u0107a Prodaja Jednokratna Vape Olovka Vapsolo Twins 20000 Puffs Kupovina na veliko Jeftina Cijena<\/p>\n<p><strong>Kontaktirajte Amy da dobijete pravi odgovor i kupon za vape!<\/strong><\/p>\n<p><img loading=\"lazy\" decoding=\"async\" class=\"size-full wp-image-2375\" src=\"https:\/\/rmvapesale.com\/wp-content\/uploads\/2024\/10\/image.png\" alt=\"Najbolji jednokratni vejp\" width=\"229\" height=\"300\" \/><\/p>\n<h3><a href=\"https:\/\/wa.me\/8617776015835\"><span style=\"color: #ff0000\"><strong>WhatsApp: +86 17776015835<\/strong><\/span><\/a><\/h3>\n<p>&nbsp;<\/p>","protected":false},"featured_media":2860,"comment_status":"open","ping_status":"closed","template":"","meta":{"_uag_custom_page_level_css":"","_lmt_disableupdate":"no","_lmt_disable":"","site-sidebar-layout":"default","site-content-layout":"content-boxed-container","ast-site-content-layout":"normal-width-container","site-content-style":"boxed","site-sidebar-style":"unboxed","ast-global-header-display":"","ast-banner-title-visibility":"","ast-main-header-display":"","ast-hfb-above-header-display":"","ast-hfb-below-header-display":"","ast-hfb-mobile-header-display":"","site-post-title":"","ast-breadcrumbs-content":"","ast-featured-img":"","footer-sml-layout":"","theme-transparent-header-meta":"default","adv-header-id-meta":"","stick-header-meta":"","header-above-stick-meta":"","header-main-stick-meta":"","header-below-stick-meta":"","astra-migrate-meta-layouts":"set","ast-page-background-enabled":"default","ast-page-background-meta":{"desktop":{"background-color":"var(--ast-global-color-4)","background-image":"","background-repeat":"repeat","background-position":"center center","background-size":"auto","background-attachment":"scroll","background-type":"","background-media":"","overlay-type":"","overlay-color":"","overlay-opacity":"","overlay-gradient":""},"tablet":{"background-color":"","background-image":"","background-repeat":"repeat","background-position":"center center","background-size":"auto","background-attachment":"scroll","background-type":"","background-media":"","overlay-type":"","overlay-color":"","overlay-opacity":"","overlay-gradient":""},"mobile":{"background-color":"","background-image":"","background-repeat":"repeat","background-position":"center center","background-size":"auto","background-attachment":"scroll","background-type":"","background-media":"","overlay-type":"","overlay-color":"","overlay-opacity":"","overlay-gradient":""}},"ast-content-background-meta":{"desktop":{"background-color":"var(--ast-global-color-5)","background-image":"","background-repeat":"repeat","background-position":"center center","background-size":"auto","background-attachment":"scroll","background-type":"","background-media":"","overlay-type":"","overlay-color":"","overlay-opacity":"","overlay-gradient":""},"tablet":{"background-color":"var(--ast-global-color-5)","background-image":"","background-repeat":"repeat","background-position":"center center","background-size":"auto","background-attachment":"scroll","background-type":"","background-media":"","overlay-type":"","overlay-color":"","overlay-opacity":"","overlay-gradient":""},"mobile":{"background-color":"var(--ast-global-color-5)","background-image":"","background-repeat":"repeat","background-position":"center center","background-size":"auto","background-attachment":"scroll","background-type":"","background-media":"","overlay-type":"","overlay-color":"","overlay-opacity":"","overlay-gradient":""}},"_joinchat":[]},"product_brand":[],"product_cat":[15,25,123,26,28,135,27,137,136,30],"product_tag":[40,111,243,241,242],"class_list":{"0":"post-2862","1":"product","2":"type-product","3":"status-publish","4":"has-post-thumbnail","6":"product_cat-new-vape-this-week","7":"product_cat-germany-best-selling-vape","8":"product_cat-italy-wholesale-vape","9":"product_cat-netherlands-hot-sale-vape","10":"product_cat-poland-hot-sale-vape","11":"product_cat-spain-best-hot-sale-vape","12":"product_cat-fance-hot-sale-vape","13":"product_cat-rechargeable-vapes","14":"product_cat-smart-screen-vapes","15":"product_cat-minimum-order-quantity-50pcs","16":"product_tag-hot-sale-vape","17":"product_tag-low-nicotine-disposable-vape","18":"product_tag-vapsolo","19":"product_tag-vapsolo-twins-20000","20":"product_tag-vapsolo-twins-20k","21":"desktop-align-left","22":"tablet-align-left","23":"mobile-align-left","25":"first","26":"instock","27":"sale","28":"shipping-taxable","29":"purchasable","30":"product-type-simple"},"uagb_featured_image_src":{"full":["https:\/\/rmvapesale.com\/wp-content\/uploads\/2024\/12\/VapSolo-Twins-20000-Disposable-Vape.jpg",1126,1126,false],"thumbnail":["https:\/\/rmvapesale.com\/wp-content\/uploads\/2024\/12\/VapSolo-Twins-20000-Disposable-Vape-150x150.jpg",150,150,true],"medium":["https:\/\/rmvapesale.com\/wp-content\/uploads\/2024\/12\/VapSolo-Twins-20000-Disposable-Vape-300x300.jpg",300,300,true],"medium_large":["https:\/\/rmvapesale.com\/wp-content\/uploads\/2024\/12\/VapSolo-Twins-20000-Disposable-Vape-768x768.jpg",768,768,true],"large":["https:\/\/rmvapesale.com\/wp-content\/uploads\/2024\/12\/VapSolo-Twins-20000-Disposable-Vape-1024x1024.jpg",1024,1024,true],"1536x1536":["https:\/\/rmvapesale.com\/wp-content\/uploads\/2024\/12\/VapSolo-Twins-20000-Disposable-Vape.jpg",1126,1126,false],"2048x2048":["https:\/\/rmvapesale.com\/wp-content\/uploads\/2024\/12\/VapSolo-Twins-20000-Disposable-Vape.jpg",1126,1126,false],"trp-custom-language-flag":["https:\/\/rmvapesale.com\/wp-content\/uploads\/2024\/12\/VapSolo-Twins-20000-Disposable-Vape.jpg",12,12,false],"woocommerce_thumbnail":["https:\/\/rmvapesale.com\/wp-content\/uploads\/2024\/12\/VapSolo-Twins-20000-Disposable-Vape-300x300.jpg",300,300,true],"woocommerce_single":["https:\/\/rmvapesale.com\/wp-content\/uploads\/2024\/12\/VapSolo-Twins-20000-Disposable-Vape-600x600.jpg",600,600,true],"woocommerce_gallery_thumbnail":["https:\/\/rmvapesale.com\/wp-content\/uploads\/2024\/12\/VapSolo-Twins-20000-Disposable-Vape-100x100.jpg",100,100,true],"wcpr-photo-reviews":["https:\/\/rmvapesale.com\/wp-content\/uploads\/2024\/12\/VapSolo-Twins-20000-Disposable-Vape.jpg",500,500,false]},"uagb_author_info":{"display_name":"AMY","author_link":"https:\/\/rmvapesale.com\/hr\/author\/"},"uagb_comment_info":0,"uagb_excerpt":"Vapsolo Twins 20000 Puffs 2 Flavour in 1 Disposable Vape Wholesale Vapsolo Twins 20000 2 Flavour in 1 Rechargeable Disposable Vape Wholesale Price Hot Sell Disposable Vape Pen Vapsolo Twins 20000 Puffs Bulk Buy Cheap Price Contact Amy to get right reply and vape coupon! WhatsApp: +86 17776015835 &nbsp;","_links":{"self":[{"href":"https:\/\/rmvapesale.com\/hr\/wp-json\/wp\/v2\/product\/2862","targetHints":{"allow":["GET"]}}],"collection":[{"href":"https:\/\/rmvapesale.com\/hr\/wp-json\/wp\/v2\/product"}],"about":[{"href":"https:\/\/rmvapesale.com\/hr\/wp-json\/wp\/v2\/types\/product"}],"replies":[{"embeddable":true,"href":"https:\/\/rmvapesale.com\/hr\/wp-json\/wp\/v2\/comments?post=2862"}],"wp:featuredmedia":[{"embeddable":true,"href":"https:\/\/rmvapesale.com\/hr\/wp-json\/wp\/v2\/media\/2860"}],"wp:attachment":[{"href":"https:\/\/rmvapesale.com\/hr\/wp-json\/wp\/v2\/media?parent=2862"}],"wp:term":[{"taxonomy":"product_brand","embeddable":true,"href":"https:\/\/rmvapesale.com\/hr\/wp-json\/wp\/v2\/product_brand?post=2862"},{"taxonomy":"product_cat","embeddable":true,"href":"https:\/\/rmvapesale.com\/hr\/wp-json\/wp\/v2\/product_cat?post=2862"},{"taxonomy":"product_tag","embeddable":true,"href":"https:\/\/rmvapesale.com\/hr\/wp-json\/wp\/v2\/product_tag?post=2862"}],"curies":[{"name":"wp","href":"https:\/\/api.w.org\/{rel}","templated":true}]}}