{"id":2884,"date":"2024-12-26T08:14:24","date_gmt":"2024-12-26T08:14:24","guid":{"rendered":"https:\/\/rmvapesale.com\/?post_type=product&#038;p=2884"},"modified":"2024-12-26T08:29:44","modified_gmt":"2024-12-26T08:29:44","slug":"vookbar-cyber-pro-30000-puffs-bluetooth-vape-2-low-nicotine-rechargeable-bulk-buy-wholesale-price","status":"publish","type":"product","link":"https:\/\/rmvapesale.com\/hr\/product\/vookbar-cyber-pro-30000-puffs-bluetooth-vape-2-low-nicotine-rechargeable-bulk-buy-wholesale-price\/","title":{"rendered":"Vookbar Cyber Pro 30000 Puffs Bluetooth Vape 2% Niska razina nikotina Punjiva Veleprodajna cijena na veliko"},"content":{"rendered":"<div class=\"B2VR9 CJHX3e\">\n<div class=\"wyccme\">\n<div class=\"flex-shrink-0 flex flex-col relative items-end\">\n<div class=\"pt-0\">\n<div class=\"gizmo-bot-avatar flex h-8 w-8 items-center justify-center overflow-hidden rounded-full\">\n<div class=\"relative p-1 rounded-sm flex items-center justify-center bg-token-main-surface-primary text-token-text-primary h-8 w-8\">\n<div class=\"flex-shrink-0 flex flex-col relative items-end\">\n<div class=\"pt-0\">\n<div class=\"gizmo-bot-avatar flex h-8 w-8 items-center justify-center overflow-hidden rounded-full\">\n<h1 class=\"relative p-1 rounded-sm flex items-center justify-center bg-token-main-surface-primary text-token-text-primary h-8 w-8\">Vookbar Cyber Pro 30000 Puffs Bluetooth Vape 2% Niska razina nikotina Punjiva Veleprodajna cijena na veliko<\/h1>\n<\/div>\n<\/div>\n<\/div>\n<\/div>\n<\/div>\n<\/div>\n<\/div>\n<div class=\"group\/conversation-turn relative flex w-full min-w-0 flex-col agent-turn\">\n<div class=\"flex-col gap-1 md:gap-3\">\n<div class=\"flex max-w-full flex-col flex-grow\">\n<div class=\"min-h-8 text-message flex w-full flex-col items-end gap-2 whitespace-normal break-words text-start [.text-message+&amp;]:mt-5\" dir=\"auto\" data-message-author-role=\"assistant\" data-message-id=\"80ece0c4-ead1-4ed9-a9f0-ddc22582b4f4\" data-message-model-slug=\"gpt-4o\">\n<div class=\"flex w-full flex-col gap-1 empty:hidden first:pt-[3px]\">\n<div class=\"markdown prose w-full break-words dark:prose-invert light\">\n<h3><\/h3>\n<\/div>\n<\/div>\n<\/div>\n<\/div>\n<\/div>\n<\/div>\n<div class=\"flex-shrink-0 flex flex-col relative items-end\">\n<div class=\"pt-0\">\n<div class=\"gizmo-bot-avatar flex h-8 w-8 items-center justify-center overflow-hidden rounded-full\">\n<div class=\"relative p-1 rounded-sm flex items-center justify-center bg-token-main-surface-primary text-token-text-primary h-8 w-8\">\n<p>Ovaj <strong>Vookbar Cyber Pro 30000 Puffs<\/strong> je jednokratni vejp koji mijenja pravila igre, kombiniraju\u0107i naprednu tehnologiju s elegantnim dizajnom, prilago\u0111en onima koji cijene stil i performanse. Bilo da ste po\u010detnik ili iskusni entuzijast, ovaj ure\u0111aj pru\u017ea izvanredno iskustvo.<\/p>\n<h4><strong>Neusporedivi kapacitet pufova<\/strong><\/h4>\n<p>Nude\u0107i impresivnih <strong>30.000 udisaja<\/strong>, Vookbar Cyber Pro pru\u017ea produ\u017eenu upotrebu, uklanjaju\u0107i gnjava\u017eu \u010destih zamjena. S <strong>22ml kapacitetom e-teku\u0107ine<\/strong>, osigurava dugotrajno u\u017eivanje u okusu bez stalnog punjenja.<\/p>\n<h4><strong>Sna\u017ena baterija i prakti\u010dno punjenje<\/strong><\/h4>\n<p>Opremljen izdr\u017eljivom <strong>650mAh punjivom baterijom<\/strong>, ovaj vejp prati va\u0161 stil \u017eivota. The <strong>Type-C brzo punjenje<\/strong> funkcija zna\u010di da se mo\u017eete brzo napuniti i odmah se vratiti vejpingu.<\/p>\n<h4><strong>Bogat okus i glatka para<\/strong><\/h4>\n<p>Ovaj <strong>sustav s dvostrukom mre\u017eastom zavojnicom<\/strong> pobolj\u0161ava okus i proizvodnju pare, isporu\u010duju\u0107i guste, zadovoljavaju\u0107e oblake svaki put. Podesivi protok zraka omogu\u0107uje vam prilagodbu povla\u010denja prema va\u0161im osobnim preferencijama, osiguravaju\u0107i prilago\u0111eno iskustvo vapinga.<\/p>\n<h4><strong>Intuitivna tehnologija dodirnog zaslona<\/strong><\/h4>\n<p>Ovaj <strong>2,1-in\u010dni dodirni zaslon<\/strong> stavlja kontrolu na dohvat ruke. Jednostavno pratite postavke ure\u0111aja, a uz <strong>Bluetooth kompatibilnost<\/strong>, uparite ga s aplikacijom Wearinos za potpunu prilagodbu - prilagodite postavke, postavite personalizirane pozadine, pa \u010dak i snimite udaljene selfije.<\/p>\n<h4><strong>Vi\u0161enamjenski i siguran<\/strong><\/h4>\n<p>Osim vapinga, Vookbar Cyber Pro nudi dodatne zna\u010dajke poput mini-igara i obavijesti s dru\u0161tvenih mre\u017ea, neprimjetno se integriraju\u0107i u va\u0161 svakodnevni \u017eivot. Dizajniran je s <strong>za\u0161titom za djecu<\/strong> za dodatnu sigurnost, \u0161to ga \u010dini pouzdanim izborom za ku\u0107anstva.<\/p>\n<h4><strong>Opcije nikotina za svaku preferenciju<\/strong><\/h4>\n<p>Dostupno u <strong>0%, 2%, 3% i 5% ja\u010dine nikotina<\/strong>, Vookbar Cyber Pro slu\u017ei \u0161irokom rasponu korisnika, od onih koji tra\u017ee opcije bez nikotina do onih koji preferiraju ja\u010di pogodak.<\/p>\n<h3><strong>Podignite svoju igru vapinga<\/strong><\/h3>\n<p>Ovaj <strong>Vookbar Cyber Pro 30000 Puffs<\/strong> nije samo jednokratni vape - to je inovativan ure\u0111aj izgra\u0111en za moderne vapere. Kombiniraju\u0107i prakti\u010dnost, tehnologiju i vrhunske performanse, to je ultimativni izbor za veleprodajne kupce i pojedina\u010dne korisnike.<\/p>\n<\/div>\n<\/div>\n<\/div>\n<\/div>\n<\/div>\n<\/div>\n<p><strong>Kontaktirajte Amy da dobijete pravi odgovor i kupon za vape!<\/strong><\/p>\n<p><img loading=\"lazy\" decoding=\"async\" class=\"size-full wp-image-1978\" src=\"https:\/\/rmvapesale.com\/wp-content\/uploads\/2024\/09\/Disposable-Vape-Wholesale.jpg\" alt=\"Veleprodaja jednokratnih vejpova\" width=\"229\" height=\"300\" \/><\/p>\n<h3><a href=\"https:\/\/wa.me\/8617776015835\" target=\"_blank\" rel=\"noopener\"><span style=\"color: #ff0000\"><strong>WhatsApp: +86 17776015835<\/strong><\/span><\/a><\/h3>\n<p>&nbsp;<\/p>\n<p><strong style=\"font-size: 1.7em\">Vookbar Cyber Pro 30000 Klju\u010dne zna\u010dajke<\/strong><\/p>\n<p>Puff: 30 000 udaha<br \/>\nVolumen e-teku\u0107ine: 22 ml<br \/>\nBaterija: 650 mAh punjiva baterija<br \/>\nDvostruka mre\u017easta spirala<br \/>\nKontrola pametnog dodirnog zaslona<br \/>\nobavijesti i vi\u0161e.<br \/>\nNikotin: 0%, 2%, 3% i 5%<\/p>\n<p><strong style=\"font-size: 1.7em\">Najprodavaniji okus za Vookbar Cyber Pro 30000 <\/strong><\/p>\n<p>Ovaj Vookbar Cyber Pro 30000 nudi \u017eivopisnu mje\u0161avinu okusa, u rasponu od vo\u0107nih klasika poput <strong>Breskva Mango<\/strong> i <strong>Jagoda Lubenica<\/strong> do osvje\u017eavaju\u0107ih ledenih mje\u0161avina poput <strong>Ledena Plava Malina<\/strong> i <strong>Ledena Lubenica<\/strong>.<\/p>\n<p>1.Ledena plava malina\u00a0 <span style=\"color: #ff0000\"><strong>&gt;&gt;&gt;&gt; Vru\u0107e !<\/strong><\/span><br \/>\n2.Led od breskve<br \/>\n3.Led od gro\u017e\u0111a<br \/>\n4.Jagoda i lubenica<br \/>\n5.Jagoda i banana <span style=\"color: #ff0000\"><strong>&gt;&gt;&gt;&gt; Vru\u0107e !<\/strong><\/span><br \/>\n6.Tre\u0161nja i lubenica<br \/>\n7.Led od lubenice<br \/>\n8.Breskva i mango<br \/>\n9.Jagoda i kivi<br \/>\n10.Led od bijele jagode<br \/>\n11.Led od bijelih gumenih bombona <span style=\"color: #ff0000\"><strong>&gt;&gt;&gt;&gt; Vru\u0107e !<\/strong><\/span><br \/>\n12.Smrznuta pinacolada<br \/>\n13.Fantasti\u010dan okus <span style=\"color: #ff0000\"><strong>&gt;&gt;&gt;&gt; Najbolje !<\/strong><\/span><br \/>\n14.Mije\u0161ano bobi\u010dasto vo\u0107e mojito<\/p>\n<h3><strong>Za\u0161to odabrati Rmvapesale za Vookbar Cyber Pro 30000 <\/strong><strong>V<\/strong><strong>Veleprodaja Vape proizvoda<\/strong><strong>?<\/strong><\/h3>\n<div class=\"flex-shrink-0 flex flex-col relative items-end\">\n<div class=\"pt-0\">\n<div class=\"gizmo-bot-avatar flex h-8 w-8 items-center justify-center overflow-hidden rounded-full\">\n<div class=\"relative p-1 rounded-sm flex items-center justify-center bg-token-main-surface-primary text-token-text-primary h-8 w-8\">\n<p>Dobrodo\u0161li u Rmvapesale, va\u0161u pouzdanu vape trgovinu za vrhunske jednokratne vape. S vi\u0161e od 5 godina iskustva, donosimo vam popularne marke jednokratnih vape proizvoda kao \u0161to su Al Fakher, <a href=\"https:\/\/rmvapesale.com\/hr\/product-category\/bang-vapes\/\">Bang Vape<\/a>, Waspe, WGA Vape i<a href=\"https:\/\/rmvapesale.com\/hr\/product-category\/randm-fumot-vape\/\"> RandM Vape<\/a>.<\/p>\n<p>Na\u0161a ponuda uklju\u010duje popularne vape proizvode poput <a href=\"https:\/\/rmvapesale.com\/hr\/product\/randm-tornado-15000-puffs-vape-wholesale\/\">RandM Tornado 15000<\/a> i izbor bogatih okusa poput Vapme 70000. Svaki je proizvod odabran s naglaskom na kvalitetu, vrijednost i raznolikost, osiguravaju\u0107i da prona\u0111ete savr\u0161eno rje\u0161enje za svoje potrebe. Otkrijte iznimnu uslugu i \u0161irok izbor vrhunskih proizvoda na Rmvapesale.<\/p>\n<\/div>\n<figure id=\"attachment_2878\" aria-describedby=\"caption-attachment-2878\" style=\"width: 1000px\" class=\"wp-caption alignnone\"><img loading=\"lazy\" decoding=\"async\" class=\"wp-image-2878 size-full\" src=\"https:\/\/rmvapesale.com\/wp-content\/uploads\/2024\/12\/Bluetooth-Vape-Wholesale.jpg\" alt=\"Veleprodaja Bluetooth Vapes\" width=\"1000\" height=\"1000\" srcset=\"https:\/\/rmvapesale.com\/wp-content\/uploads\/2024\/12\/Bluetooth-Vape-Wholesale.jpg 1000w, https:\/\/rmvapesale.com\/wp-content\/uploads\/2024\/12\/Bluetooth-Vape-Wholesale-300x300.jpg 300w, https:\/\/rmvapesale.com\/wp-content\/uploads\/2024\/12\/Bluetooth-Vape-Wholesale-150x150.jpg 150w, https:\/\/rmvapesale.com\/wp-content\/uploads\/2024\/12\/Bluetooth-Vape-Wholesale-768x768.jpg 768w, https:\/\/rmvapesale.com\/wp-content\/uploads\/2024\/12\/Bluetooth-Vape-Wholesale-600x600.jpg 600w, https:\/\/rmvapesale.com\/wp-content\/uploads\/2024\/12\/Bluetooth-Vape-Wholesale-100x100.jpg 100w\" sizes=\"auto, (max-width: 1000px) 100vw, 1000px\" \/><figcaption id=\"caption-attachment-2878\" class=\"wp-caption-text\">Veleprodaja Bluetooth Vapes<\/figcaption><\/figure>\n<div class=\"relative p-1 rounded-sm flex items-center justify-center bg-token-main-surface-primary text-token-text-primary h-8 w-8\">\n<h3><b> \u010cesta pitanja za Vookbar Cyber Pro 30k <\/b><b>Jednokratni vape koji se mo\u017ee puniti<\/b><\/h3>\n<div class=\"group\/conversation-turn relative flex w-full min-w-0 flex-col agent-turn\">\n<div class=\"flex-col gap-1 md:gap-3\">\n<div class=\"flex max-w-full flex-col flex-grow\">\n<div class=\"min-h-8 text-message flex w-full flex-col items-end gap-2 whitespace-normal break-words [.text-message+&amp;]:mt-5\" dir=\"auto\" data-message-author-role=\"assistant\" data-message-id=\"00c9b302-bc9c-4550-94ba-5a295efa2be3\" data-message-model-slug=\"gpt-4o\">\n<div class=\"flex w-full flex-col gap-1 empty:hidden first:pt-[3px]\">\n<div class=\"markdown prose w-full break-words dark:prose-invert light\">\n<div class=\"group\/conversation-turn relative flex w-full min-w-0 flex-col agent-turn\">\n<div class=\"flex-col gap-1 md:gap-3\">\n<div class=\"flex max-w-full flex-col flex-grow\">\n<div class=\"min-h-8 text-message flex w-full flex-col items-end gap-2 whitespace-normal break-words [.text-message+&amp;]:mt-5\" dir=\"auto\" data-message-author-role=\"assistant\" data-message-id=\"a3dc01bd-23b0-4fd7-bb9a-7827522cefd8\" data-message-model-slug=\"gpt-4o\">\n<div class=\"flex w-full flex-col gap-1 empty:hidden first:pt-[3px]\">\n<div class=\"flex max-w-full flex-col flex-grow\">\n<div class=\"min-h-8 text-message flex w-full flex-col items-end gap-2 whitespace-normal break-words text-start [.text-message+&amp;]:mt-5\" dir=\"auto\" data-message-author-role=\"assistant\" data-message-id=\"c0465b59-d7ac-4705-be53-31711ce42a0f\" data-message-model-slug=\"gpt-4o\">\n<div class=\"flex w-full flex-col gap-1 empty:hidden first:pt-[3px]\">\n<div class=\"markdown prose w-full break-words dark:prose-invert light\">\n<ol>\n<li><strong>\u0160to Vookbar Cyber Pro 30000 Puffs \u010dini jedinstvenim?<\/strong><br \/>\nVookbar Cyber Pro odlikuje impresivan <strong>kapacitet od 30.000 udisaja<\/strong>, a <strong>2,1-in\u010dni dodirni zaslon<\/strong>, i napredno Bluetooth povezivanje, \u0161to ga \u010dini vi\u0161enamjenskim ure\u0111ajem za vaping.<\/li>\n<li><strong>Kako zaslon osjetljiv na dodir pobolj\u0161ava iskustvo vapinga?<\/strong><br \/>\nOvaj <strong>zaslon osjetljiv na dodir<\/strong> omogu\u0107uje intuitivnu navigaciju zna\u010dajkama, poput statusa baterije, razine e-teku\u0107ine i prilagodljivih postavki putem aplikacije Wearinos, uklju\u010duju\u0107i personalizaciju pozadine i na\u010din rada za daljinsko snimanje selfija.<\/li>\n<li><strong>Koje su ja\u010dine nikotina dostupne za Vookbar 30000?<\/strong><br \/>\nOvaj ure\u0111aj odgovara razli\u010ditim preferencijama s <strong>opcijama nikotina od 0%, 2%, 3% i 5%<\/strong>, \u0161to ga \u010dini prikladnim za povremene korisnike i iskusne vapere.<\/li>\n<li><strong>Kako napuniti Vookbar Cyber Pro 30000?<\/strong><br \/>\nVookbar Cyber Pro pokre\u0107e se s <strong>650mAh punjivom baterijom<\/strong> i dolazi s <strong>Type-C priklju\u010dak za punjenje<\/strong> za brzo i u\u010dinkovito punjenje.<\/li>\n<li><strong>Uklju\u010duje li Vookbar Cyber Pro 30k sigurnosne zna\u010dajke?<\/strong><br \/>\nDa, uklju\u010duje <strong>za\u0161titom za djecu<\/strong> zna\u010dajku za osiguravanje sigurnosti i bezbri\u017enosti, posebno u ku\u0107anstvima s djecom.<\/li>\n<\/ol>\n<\/div>\n<\/div>\n<\/div>\n<\/div>\n<div class=\"mb-2 flex gap-3 empty:hidden -ml-2\"><\/div>\n<\/div>\n<\/div>\n<\/div>\n<\/div>\n<\/div>\n<\/div>\n<\/div>\n<\/div>\n<\/div>\n<\/div>\n<\/div>\n<\/div>\n<\/div>\n<\/div>\n<\/div>\n<h3>O isporuci<\/h3>\n<div class=\"flex-shrink-0 flex flex-col relative items-end\">\n<div>\n<div class=\"pt-0\">\n<div class=\"gizmo-bot-avatar flex h-8 w-8 items-center justify-center overflow-hidden rounded-full\">\n<div><\/div>\n<div class=\"relative p-1 rounded-sm flex items-center justify-center bg-token-main-surface-primary text-token-text-primary h-8 w-8\"><strong>1. Koje metode dostave se koriste?<\/strong><\/div>\n<\/div>\n<\/div>\n<\/div>\n<\/div>\n<div class=\"group\/conversation-turn relative flex w-full min-w-0 flex-col agent-turn\">\n<div class=\"flex-col gap-1 md:gap-3\">\n<div class=\"flex max-w-full flex-col flex-grow\">\n<div class=\"min-h-[20px] text-message flex w-full flex-col items-end gap-2 whitespace-normal break-words [.text-message+&amp;]:mt-5 overflow-x-auto\" dir=\"auto\" data-message-author-role=\"assistant\" data-message-id=\"22f8283b-3233-46ff-89a5-c7a41b33abda\">\n<div class=\"flex w-full flex-col gap-1 empty:hidden first:pt-[3px]\">\n<div class=\"markdown prose w-full break-words dark:prose-invert light\">\n<p>Sura\u0111ujemo s UPS-om, DHL-om, FedEx-om, DPD-om i drugim vode\u0107im prijevoznicima. Odabrat \u0107emo najbolju metodu dostave na temelju va\u0161e lokacije kako bismo osigurali da svoje proizvode primite \u0161to je prije mogu\u0107e.<\/p>\n<\/div>\n<p><strong>2. Koliko dugo traje dostava?<\/strong><\/p>\n<p>Paketi poslani u Hrvatsku obi\u010dno sti\u017eu unutar 10 radnih dana. Dostava u europske zemlje op\u0107enito traje oko 12-15 radnih dana. Pru\u017eit \u0107emo vam a\u017euriranja o statusu va\u0161e po\u0161iljke u stvarnom vremenu.<\/p>\n<\/div>\n<\/div>\n<\/div>\n<\/div>\n<\/div>\n<p>&nbsp;<\/p>\n<p>Prona\u0111ite vi\u0161e Vape proizvoda koji bi vam se mogli svidjeti:<strong><em><a href=\"https:\/\/rmvapesale.com\/hr\/shop-2\/\">kupite sada &gt;&gt;&gt;<\/a><\/em><\/strong><\/p>","protected":false},"excerpt":{"rendered":"<p>Vookbar Cyber Pro 30000 Puffs Veleprodaja jednokratnih vejpova<br \/>\nVeleprodajna cijena Vookbar Cyber Pro 30k punjivih jednokratnih vejpova<br \/>\nVeleprodaja jednokratnih vejpova Vookbar Cyber Pro 30000 jeftina cijena<\/p>\n<p><strong>Kontaktirajte Amy da dobijete pravi odgovor i kupon za vape!<\/strong><\/p>\n<p><img loading=\"lazy\" decoding=\"async\" class=\"size-full wp-image-2375\" src=\"https:\/\/rmvapesale.com\/wp-content\/uploads\/2024\/10\/image.png\" alt=\"Najbolji jednokratni vejp\" width=\"229\" height=\"300\" \/><\/p>\n<h3><a href=\"https:\/\/wa.me\/8617776015835\"><span style=\"color: #ff0000\"><strong>WhatsApp: +86 17776015835<\/strong><\/span><\/a><\/h3>\n<p>&nbsp;<\/p>","protected":false},"featured_media":2880,"comment_status":"open","ping_status":"closed","template":"","meta":{"_uag_custom_page_level_css":"","_lmt_disableupdate":"no","_lmt_disable":"","site-sidebar-layout":"default","site-content-layout":"content-boxed-container","ast-site-content-layout":"normal-width-container","site-content-style":"boxed","site-sidebar-style":"unboxed","ast-global-header-display":"","ast-banner-title-visibility":"","ast-main-header-display":"","ast-hfb-above-header-display":"","ast-hfb-below-header-display":"","ast-hfb-mobile-header-display":"","site-post-title":"","ast-breadcrumbs-content":"","ast-featured-img":"","footer-sml-layout":"","ast-disable-related-posts":"","theme-transparent-header-meta":"default","adv-header-id-meta":"","stick-header-meta":"","header-above-stick-meta":"","header-main-stick-meta":"","header-below-stick-meta":"","astra-migrate-meta-layouts":"set","ast-page-background-enabled":"default","ast-page-background-meta":{"desktop":{"background-color":"var(--ast-global-color-4)","background-image":"","background-repeat":"repeat","background-position":"center center","background-size":"auto","background-attachment":"scroll","background-type":"","background-media":"","overlay-type":"","overlay-color":"","overlay-opacity":"","overlay-gradient":""},"tablet":{"background-color":"","background-image":"","background-repeat":"repeat","background-position":"center center","background-size":"auto","background-attachment":"scroll","background-type":"","background-media":"","overlay-type":"","overlay-color":"","overlay-opacity":"","overlay-gradient":""},"mobile":{"background-color":"","background-image":"","background-repeat":"repeat","background-position":"center center","background-size":"auto","background-attachment":"scroll","background-type":"","background-media":"","overlay-type":"","overlay-color":"","overlay-opacity":"","overlay-gradient":""}},"ast-content-background-meta":{"desktop":{"background-color":"var(--ast-global-color-5)","background-image":"","background-repeat":"repeat","background-position":"center center","background-size":"auto","background-attachment":"scroll","background-type":"","background-media":"","overlay-type":"","overlay-color":"","overlay-opacity":"","overlay-gradient":""},"tablet":{"background-color":"var(--ast-global-color-5)","background-image":"","background-repeat":"repeat","background-position":"center center","background-size":"auto","background-attachment":"scroll","background-type":"","background-media":"","overlay-type":"","overlay-color":"","overlay-opacity":"","overlay-gradient":""},"mobile":{"background-color":"var(--ast-global-color-5)","background-image":"","background-repeat":"repeat","background-position":"center center","background-size":"auto","background-attachment":"scroll","background-type":"","background-media":"","overlay-type":"","overlay-color":"","overlay-opacity":"","overlay-gradient":""}},"_joinchat":[]},"product_brand":[],"product_cat":[15,27,25,123,30,26,28,137,136,135],"product_tag":[146,131,40,111,250,249],"class_list":{"0":"post-2884","1":"product","2":"type-product","3":"status-publish","4":"has-post-thumbnail","6":"product_cat-new-vape-this-week","7":"product_cat-fance-hot-sale-vape","8":"product_cat-germany-best-selling-vape","9":"product_cat-italy-wholesale-vape","10":"product_cat-minimum-order-quantity-50pcs","11":"product_cat-netherlands-hot-sale-vape","12":"product_cat-poland-hot-sale-vape","13":"product_cat-rechargeable-vapes","14":"product_cat-smart-screen-vapes","15":"product_cat-spain-best-hot-sale-vape","16":"product_tag-best-hot-sale-vape","17":"product_tag-big-puff-vape","18":"product_tag-hot-sale-vape","19":"product_tag-low-nicotine-disposable-vape","20":"product_tag-vookbar-30000","21":"product_tag-vookbar-cyber-pro-30000","22":"desktop-align-left","23":"tablet-align-left","24":"mobile-align-left","26":"first","27":"instock","28":"sale","29":"shipping-taxable","30":"purchasable","31":"product-type-simple"},"uagb_featured_image_src":{"full":["https:\/\/rmvapesale.com\/wp-content\/uploads\/2024\/12\/Vookbar-Cyber-\u200b\u200bPro-30000-Bluetooth-Vape-Bulk-Buy.jpg",1000,1000,false],"thumbnail":["https:\/\/rmvapesale.com\/wp-content\/uploads\/2024\/12\/Vookbar-Cyber-\u200b\u200bPro-30000-Bluetooth-Vape-Bulk-Buy-150x150.jpg",150,150,true],"medium":["https:\/\/rmvapesale.com\/wp-content\/uploads\/2024\/12\/Vookbar-Cyber-\u200b\u200bPro-30000-Bluetooth-Vape-Bulk-Buy-300x300.jpg",300,300,true],"medium_large":["https:\/\/rmvapesale.com\/wp-content\/uploads\/2024\/12\/Vookbar-Cyber-\u200b\u200bPro-30000-Bluetooth-Vape-Bulk-Buy-768x768.jpg",768,768,true],"large":["https:\/\/rmvapesale.com\/wp-content\/uploads\/2024\/12\/Vookbar-Cyber-\u200b\u200bPro-30000-Bluetooth-Vape-Bulk-Buy.jpg",1000,1000,false],"1536x1536":["https:\/\/rmvapesale.com\/wp-content\/uploads\/2024\/12\/Vookbar-Cyber-\u200b\u200bPro-30000-Bluetooth-Vape-Bulk-Buy.jpg",1000,1000,false],"2048x2048":["https:\/\/rmvapesale.com\/wp-content\/uploads\/2024\/12\/Vookbar-Cyber-\u200b\u200bPro-30000-Bluetooth-Vape-Bulk-Buy.jpg",1000,1000,false],"trp-custom-language-flag":["https:\/\/rmvapesale.com\/wp-content\/uploads\/2024\/12\/Vookbar-Cyber-\u200b\u200bPro-30000-Bluetooth-Vape-Bulk-Buy.jpg",12,12,false],"woocommerce_thumbnail":["https:\/\/rmvapesale.com\/wp-content\/uploads\/2024\/12\/Vookbar-Cyber-\u200b\u200bPro-30000-Bluetooth-Vape-Bulk-Buy-300x300.jpg",300,300,true],"woocommerce_single":["https:\/\/rmvapesale.com\/wp-content\/uploads\/2024\/12\/Vookbar-Cyber-\u200b\u200bPro-30000-Bluetooth-Vape-Bulk-Buy-600x600.jpg",600,600,true],"woocommerce_gallery_thumbnail":["https:\/\/rmvapesale.com\/wp-content\/uploads\/2024\/12\/Vookbar-Cyber-\u200b\u200bPro-30000-Bluetooth-Vape-Bulk-Buy-100x100.jpg",100,100,true],"wcpr-photo-reviews":["https:\/\/rmvapesale.com\/wp-content\/uploads\/2024\/12\/Vookbar-Cyber-\u200b\u200bPro-30000-Bluetooth-Vape-Bulk-Buy.jpg",500,500,false]},"uagb_author_info":{"display_name":"AMY","author_link":"https:\/\/rmvapesale.com\/hr\/author\/"},"uagb_comment_info":0,"uagb_excerpt":"Vookbar Cyber Pro 30000 Puffs Disposable Vape Wholesale Vookbar Cyber Pro 30k Rechargeable Disposable Vape Wholesale Price Hot Sell Disposable Vape Pen Vookbar Cyber Pro 30000 Bulk Buy Cheap Price Contact Amy to get right reply and vape coupon! WhatsApp: +86 17776015835 &nbsp;","_links":{"self":[{"href":"https:\/\/rmvapesale.com\/hr\/wp-json\/wp\/v2\/product\/2884","targetHints":{"allow":["GET"]}}],"collection":[{"href":"https:\/\/rmvapesale.com\/hr\/wp-json\/wp\/v2\/product"}],"about":[{"href":"https:\/\/rmvapesale.com\/hr\/wp-json\/wp\/v2\/types\/product"}],"replies":[{"embeddable":true,"href":"https:\/\/rmvapesale.com\/hr\/wp-json\/wp\/v2\/comments?post=2884"}],"wp:featuredmedia":[{"embeddable":true,"href":"https:\/\/rmvapesale.com\/hr\/wp-json\/wp\/v2\/media\/2880"}],"wp:attachment":[{"href":"https:\/\/rmvapesale.com\/hr\/wp-json\/wp\/v2\/media?parent=2884"}],"wp:term":[{"taxonomy":"product_brand","embeddable":true,"href":"https:\/\/rmvapesale.com\/hr\/wp-json\/wp\/v2\/product_brand?post=2884"},{"taxonomy":"product_cat","embeddable":true,"href":"https:\/\/rmvapesale.com\/hr\/wp-json\/wp\/v2\/product_cat?post=2884"},{"taxonomy":"product_tag","embeddable":true,"href":"https:\/\/rmvapesale.com\/hr\/wp-json\/wp\/v2\/product_tag?post=2884"}],"curies":[{"name":"wp","href":"https:\/\/api.w.org\/{rel}","templated":true}]}}