{"id":2911,"date":"2025-01-08T08:18:28","date_gmt":"2025-01-08T08:18:28","guid":{"rendered":"https:\/\/rmvapesale.com\/?post_type=product&#038;p=2911"},"modified":"2025-01-08T08:52:15","modified_gmt":"2025-01-08T08:52:15","slug":"jnr-mega-shisha-hookah-100000-100k-puffs-disposable-vape-a-premium-vaping-experience","status":"publish","type":"product","link":"https:\/\/rmvapesale.com\/hr\/product\/jnr-mega-shisha-hookah-100000-100k-puffs-disposable-vape-a-premium-vaping-experience\/","title":{"rendered":"JNR Mega Shisha Hookah 100000 100k Puffs Disposable Vape: Vrhunsko iskustvo vapinga"},"content":{"rendered":"<div class=\"B2VR9 CJHX3e\">\n<div class=\"wyccme\">\n<div class=\"flex-shrink-0 flex flex-col relative items-end\">\n<div class=\"pt-0\">\n<div class=\"gizmo-bot-avatar flex h-8 w-8 items-center justify-center overflow-hidden rounded-full\">\n<div class=\"relative p-1 rounded-sm flex items-center justify-center bg-token-main-surface-primary text-token-text-primary h-8 w-8\">\n<div class=\"flex-shrink-0 flex flex-col relative items-end\">\n<div class=\"pt-0\">\n<div class=\"gizmo-bot-avatar flex h-8 w-8 items-center justify-center overflow-hidden rounded-full\">\n<h1 class=\"relative p-1 rounded-sm flex items-center justify-center bg-token-main-surface-primary text-token-text-primary h-8 w-8\">JNR Mega Shisha Hookah 100000 100k Puffs Disposable Vape: Vrhunsko iskustvo vapinga<\/h1>\n<\/div>\n<\/div>\n<\/div>\n<\/div>\n<\/div>\n<\/div>\n<\/div>\n<div class=\"group\/conversation-turn relative flex w-full min-w-0 flex-col agent-turn\">\n<div class=\"flex-col gap-1 md:gap-3\">\n<div class=\"flex max-w-full flex-col flex-grow\">\n<div class=\"min-h-8 text-message flex w-full flex-col items-end gap-2 whitespace-normal break-words text-start [.text-message+&amp;]:mt-5\" dir=\"auto\" data-message-author-role=\"assistant\" data-message-id=\"80ece0c4-ead1-4ed9-a9f0-ddc22582b4f4\" data-message-model-slug=\"gpt-4o\">\n<div class=\"flex w-full flex-col gap-1 empty:hidden first:pt-[3px]\">\n<div class=\"markdown prose w-full break-words dark:prose-invert light\"><\/div>\n<\/div>\n<\/div>\n<\/div>\n<\/div>\n<\/div>\n<div class=\"flex-shrink-0 flex flex-col relative items-end\">\n<div class=\"pt-0\">\n<div class=\"gizmo-bot-avatar flex h-8 w-8 items-center justify-center overflow-hidden rounded-full\">\n<div class=\"relative p-1 rounded-sm flex items-center justify-center bg-token-main-surface-primary text-token-text-primary h-8 w-8\">\n<p>Ovaj <strong>JNR Mega Shisha Hookah 100000 Puffs jednokratni vape<\/strong> je revolucionarni ure\u0111aj dizajniran za one koji zahtijevaju produljeno i vrhunsko iskustvo vapinga. Sa svojim impresivnim vijekom trajanja od <strong>100.000 udisaja<\/strong> , ovaj ure\u0111aj osigurava dugotrajno u\u017eivanje, nude\u0107i dosljednu, glatku paru sa svakim povla\u010denjem.<\/p>\n<h2><strong>Klju\u010dne zna\u010dajke:<\/strong><\/h2>\n<ol>\n<li><strong>Veliki kapacitet e-teku\u0107ine<\/strong><br \/>\nOpremljen s <strong>spremnikom za e-teku\u0107inu od 60 ml<\/strong>, JNR Mega Shisha pru\u017ea obilnu zalihu teku\u0107ine, osiguravaju\u0107i da mo\u017eete u\u017eivati u produljenim sesijama bez potrebe za \u010destim nadopunjavanjem. U kombinaciji s <strong>2% ja\u010dina nikotina<\/strong>, ovaj vape nudi zadovoljavaju\u0107e iskustvo koje uspostavlja savr\u0161enu ravnote\u017eu izme\u0111u okusa i glatko\u0107e.<\/li>\n<li><strong>Sna\u017ena punjiva baterija<\/strong><br \/>\nOvaj <strong>punjiva baterija od 2200 mAh<\/strong> osigurava dovoljno snage da izdr\u017ei duge sesije. S <strong>Type-C brzo punjenje<\/strong>, provest \u0107ete manje vremena \u010dekaju\u0107i da se va\u0161 ure\u0111aj napuni, a vi\u0161e vremena u\u017eivaju\u0107i u svom vapeu. Ova zna\u010dajka \u010dini JNR Mega Shisha pouzdanom i prakti\u010dnom opcijom za one u pokretu.<\/li>\n<li><strong>Pra\u0107enje putem pametnog zaslona<\/strong><br \/>\nA <strong>pametni zaslon<\/strong> ugra\u0111en u ure\u0111aj pru\u017ea informacije u stvarnom vremenu o razini baterije i e-teku\u0107ine. Ova vam zna\u010dajka daje potpunu kontrolu nad va\u0161im iskustvom s vapingom, tako da mo\u017eete jednostavno pratiti kada je vrijeme za punjenje ili dopunjavanje, izbjegavaju\u0107i prekide u va\u0161oj sesiji.<\/li>\n<li><strong>Dizajn s dvostrukim usnikom<\/strong><br \/>\nOvaj <strong>dizajn s dvostrukim usnikom<\/strong> je istaknuta zna\u010dajka koja omogu\u0107uje prilagodljivije iskustvo s vapingom. Bez obzira na to koristite li ure\u0111aj sami ili ga dijelite s prijateljima, ovaj dizajn nudi dodatnu svestranost. Pobolj\u0161ava va\u0161e iskustvo, \u010dine\u0107i ga idealnim za dru\u017eenja ili osobno opu\u0161tanje.<\/li>\n<li><strong>Optimizirane performanse<\/strong><br \/>\nOvaj <strong>8-sekundno maksimalno vrijeme uvla\u010denja<\/strong> osigurava da svaki dim pru\u017ea optimalnu proizvodnju pare, dok <strong>sustav automatske za\u0161tite<\/strong> sprje\u010dava pregrijavanje. Ova dodatna sigurnosna zna\u010dajka jam\u010di glatko iskustvo vapinga bez briga, pru\u017eaju\u0107i vam mir sa svakom upotrebom.<\/li>\n<li><strong>DTL vaping za bogatu paru<\/strong><br \/>\nProjektiran za <strong>Direct-to-Lung (DTL) vaping<\/strong>, JNR Mega Shisha proizvodi glatku i gustu paru pri svakom udisaju. Dizajn ure\u0111aja i sustav isporuke pare optimizirani su za one koji u\u017eivaju u dubokim, zadovoljavaju\u0107im oblacima koji pobolj\u0161avaju cjelokupno iskustvo.<\/li>\n<li><strong>Pobolj\u0161ana estetika i funkcionalnost<\/strong><br \/>\nSa stilskim <strong>svjetlom za disanje<\/strong> i <strong>kompatibilnost s nargilom<\/strong>, JNR Mega Shisha ne samo da dobro radi \u2014 ve\u0107 i dodaje estetski dodir va\u0161oj postavi za vaping. Svjetle\u0107e svjetlo i kompatibilnost s tradicionalnim postavkama nargile \u010dine ovaj ure\u0111aj istaknutim komadom, savr\u0161enim za svakoga tko cijeni eleganciju i ritual kulture nargile.<\/li>\n<\/ol>\n<h3><strong>Za\u0161to odabrati JNR Mega Shisha 100000 Puffs jednokratni vape?<\/strong><\/h3>\n<p>Ako tra\u017eite <strong>jednokratni vape visokih performansi<\/strong> koji kombinira dugotrajnost, snagu i inovaciju, <strong>JNR Mega Shisha 100k<\/strong>\u00a0je ultimativni izbor. Njegov veliki kapacitet e-teku\u0107ine, punjiva baterija, pametne zna\u010dajke i DTL dizajn \u010dine ga istaknutim na tr\u017ei\u0161tu. Bez obzira jeste li iskusni vaper ili po\u010detnik, ovaj ure\u0111aj nudi sve \u0161to vam je potrebno za vrhunsko iskustvo, od glatke pare do dugotrajnih sesija.<\/p>\n<p>Sa <strong>12 razli\u010ditih okusa<\/strong>, prilagodljive opcije i dodatne pogodnosti <strong>svjetlom za disanje<\/strong> i <strong>kompatibilnost s nargilom<\/strong>, JNR Mega Shisha pru\u017ea vi\u0161e od same pare \u2013 to je cjelovito, luksuzno iskustvo vapinga. Savr\u0161en za one koji \u017eele i funkcionalnost i stil, ovaj je ure\u0111aj nezaobilazan dodatak kolekciji svakog vapera.<\/p>\n<\/div>\n<p>&nbsp;<\/p>\n<\/div>\n<\/div>\n<\/div>\n<\/div>\n<\/div>\n<p><strong>Kontaktirajte Amy da dobijete pravi odgovor i kupon za vape!<\/strong><\/p>\n<p><img loading=\"lazy\" decoding=\"async\" class=\"size-full wp-image-1978\" src=\"https:\/\/rmvapesale.com\/wp-content\/uploads\/2024\/09\/Disposable-Vape-Wholesale.jpg\" alt=\"Veleprodaja jednokratnih vejpova\" width=\"229\" height=\"300\" \/><\/p>\n<h3><a href=\"https:\/\/wa.me\/8617776015835\" target=\"_blank\" rel=\"noopener\"><span style=\"color: #ff0000\"><strong>WhatsApp: +86 17776015835<\/strong><\/span><\/a><\/h3>\n<p>&nbsp;<\/p>\n<h2><strong style=\"font-size: 1.7em\">JNR Mega Shisha Hookah 100000 klju\u010dne zna\u010dajke<\/strong><\/h2>\n<ul>\n<li><strong>Ja\u010dina nikotina:<\/strong>\u00a02%<\/li>\n<li><strong>Udisaji:<\/strong>\u00a0Do 100000 udisaja<\/li>\n<li><strong>Kapacitet e-teku\u0107ine:<\/strong>\u00a060mL<\/li>\n<li><strong>Kapacitet baterije:<\/strong>\u00a02200mAh punjiva<\/li>\n<li><strong>Na\u010din punjenja:<\/strong>\u00a0Type-C brzo punjenje<\/li>\n<li><strong>Stil vapinga:<\/strong>\u00a0DTL (izravno u plu\u0107a) vaping<\/li>\n<li><strong>Svjetlo za disanje:<\/strong>\u00a0Vizualni dojam sa svakim udisajem<\/li>\n<li><strong>Pametni zaslon:<\/strong>\u00a0A\u017euriranja u stvarnom vremenu o razini baterije i e-teku\u0107ine<\/li>\n<li><strong>Nastavci za usta:<\/strong>\u00a0Dvostruki usnik za zajedni\u010dko ili samostalno vapiranje<\/li>\n<li><strong>Maksimalno vrijeme vapinga:<\/strong>\u00a08 sekundi po izvla\u010denju<\/li>\n<li><strong>Za\u0161tita:<\/strong>\u00a0Automatska za\u0161tita od prekovremenog rada<\/li>\n<li><strong>Kompatibilnost sa stolnom nargilom:<\/strong>\u00a0Idealno za vaping u stilu nargile<\/li>\n<li><strong>Okusi:<\/strong>\u00a012 ukusnih opcija za odabir<\/li>\n<\/ul>\n<h2><strong style=\"font-size: 1.7em\">Najprodavaniji okus za JNR Mega Shisha Hookah 100k<\/strong><\/h2>\n<p>Ovaj JNR Mega Shisha Hookah 100000 jednokratni vape dostupan u <strong>12 uzbudljivih okusa<\/strong>, nudi razne opcije za razli\u010dite ukuse. Od vo\u0107nih do mentolnih i egzoti\u010dnih mje\u0161avina, postoji ne\u0161to za svakoga. Ovaj \u0161irok izbor osigurava da uvijek mo\u017eete prona\u0107i okus koji odgovara va\u0161em raspolo\u017eenju, \u0161to ga \u010dini svestranim izborom za sve vapere. U nastavku prona\u0111ite najprodavanije okuse za ovaj punjivi jednokratni vape prema na\u0161im prodajnim podacima i povratnim informacijama kupaca.<\/p>\n<p>1. Dvije jabuke<strong> <span style=\"color: #ff0000\">&gt;&gt;&gt;&gt; Najbolje !<\/span><\/strong><br \/>\n2. Blueberry Ice <span style=\"color: #ff0000\"><strong>&gt;&gt;&gt;&gt; Vru\u0107e !<\/strong><\/span><br \/>\n3. Gro\u017e\u0111e menta<br \/>\n4. Havaji<br \/>\n5. Kivi marakuja guava<br \/>\n6. Lady Killa <span style=\"color: #ff0000\"><strong>&gt;&gt;&gt;&gt; Vru\u0107e !<\/strong><\/span><br \/>\n7. Love 66<br \/>\n8. Lush Ice<br \/>\n9. Magic Love<br \/>\n10. Mi Amor <span style=\"color: #ff0000\"><strong>&gt;&gt;&gt;&gt; Vru\u0107e !<\/strong><\/span><br \/>\n11. Breskva led<br \/>\n12. Udarac jagode<\/p>\n<figure id=\"attachment_2908\" aria-describedby=\"caption-attachment-2908\" style=\"width: 1000px\" class=\"wp-caption alignnone\"><img loading=\"lazy\" decoding=\"async\" class=\"wp-image-2908 size-full\" src=\"https:\/\/rmvapesale.com\/wp-content\/uploads\/2025\/01\/JNR-Mega-Shisha-Hookah-100000-100K-Puffs.webp\" alt=\"JNR Mega Shisha Hookah 100000 100K Udisaja\" width=\"1000\" height=\"1000\" srcset=\"https:\/\/rmvapesale.com\/wp-content\/uploads\/2025\/01\/JNR-Mega-Shisha-Hookah-100000-100K-Puffs.webp 1000w, https:\/\/rmvapesale.com\/wp-content\/uploads\/2025\/01\/JNR-Mega-Shisha-Hookah-100000-100K-Puffs-300x300.webp 300w, https:\/\/rmvapesale.com\/wp-content\/uploads\/2025\/01\/JNR-Mega-Shisha-Hookah-100000-100K-Puffs-150x150.webp 150w, https:\/\/rmvapesale.com\/wp-content\/uploads\/2025\/01\/JNR-Mega-Shisha-Hookah-100000-100K-Puffs-768x768.webp 768w, https:\/\/rmvapesale.com\/wp-content\/uploads\/2025\/01\/JNR-Mega-Shisha-Hookah-100000-100K-Puffs-600x600.webp 600w, https:\/\/rmvapesale.com\/wp-content\/uploads\/2025\/01\/JNR-Mega-Shisha-Hookah-100000-100K-Puffs-100x100.webp 100w\" sizes=\"auto, (max-width: 1000px) 100vw, 1000px\" \/><figcaption id=\"caption-attachment-2908\" class=\"wp-caption-text\">JNR Mega Shisha Hookah 100000 100K Udisaja<\/figcaption><\/figure>\n<h3>Detaljan pregled JNR Mega Shisha Hookah 100k<\/h3>\n<h3><\/h3>\n<ol>\n<li><strong>Dvije jabuke<\/strong>: Hrskava i osvje\u017eavaju\u0107a mje\u0161avina slatkih i kiselih jabuka.<\/li>\n<li><strong>Love 66<\/strong>: Glatka i slatka mje\u0161avina bobi\u010dastog vo\u0107a s primjesom tropskog ugo\u0111aja.<\/li>\n<li><strong>Lady Killa<\/strong>: Odva\u017ena fuzija vo\u0107nih i cvjetnih nota, koja nudi jedinstven preokret.<\/li>\n<li><strong>Udarac jagode<\/strong>: Slatki, pikantni okus jagode s udarcem citrusa.<\/li>\n<li><strong>Bujni led<\/strong>: Hladna, osvje\u017eavaju\u0107a kombinacija slatke lubenice i ledenog mentola.<\/li>\n<li><strong>Gro\u017e\u0111e menta<\/strong>: Glatka mje\u0161avina slatkog, so\u010dnog gro\u017e\u0111a s rashla\u0111uju\u0107im zavr\u0161etkom mente.<\/li>\n<li><strong>\u010carobna ljubav<\/strong>: \u010carobna mje\u0161avina egzoti\u010dnog vo\u0107a s glatkim i slatkim zavr\u0161etkom.<\/li>\n<li><strong>Ledena Breskva<\/strong>: So\u010dan okus breskve uparen s osvje\u017eavaju\u0107im udarcem mentola.<\/li>\n<li><strong>Ledena Borovnica<\/strong>: Slatke borovnice s hladnim, ledenim okusom mentola.<\/li>\n<li><strong>Havaji<\/strong>: Tropska mje\u0161avina vo\u0107a koja do\u010darava bit havajskog raja.<\/li>\n<li><strong>Kivi Marakuja Guava<\/strong>: Pikantna i tropska mje\u0161avina kivija, marakuje i guave.<\/li>\n<li><strong>Mi Amor<\/strong>: Romanti\u010dna mje\u0161avina vo\u0107ne slatko\u0107e s da\u0161kom egzoti\u010dnih okusa.<\/li>\n<\/ol>\n<h3><\/h3>\n<h4><strong>Za\u0161to odabrati Rmvapesale za JNR Mega Shisha Hookah 100k Puff\u00a0 <\/strong><strong>V<\/strong><strong>Veleprodaja Vape proizvoda<\/strong><strong>?<\/strong><\/h4>\n<div class=\"flex-shrink-0 flex flex-col relative items-end\">\n<div class=\"pt-0\">\n<div class=\"gizmo-bot-avatar flex h-8 w-8 items-center justify-center overflow-hidden rounded-full\">\n<div class=\"relative p-1 rounded-sm flex items-center justify-center bg-token-main-surface-primary text-token-text-primary h-8 w-8\">\n<p>Dobrodo\u0161li u Rmvapesale, va\u0161u pouzdanu vape trgovinu za vrhunske jednokratne vape. S vi\u0161e od 5 godina iskustva, donosimo vam popularne marke jednokratnih vape proizvoda kao \u0161to su Al Fakher, <a href=\"https:\/\/rmvapesale.com\/hr\/product-category\/bang-vapes\/\">Bang Vape<\/a>, Waspe, WGA Vape i<a href=\"https:\/\/rmvapesale.com\/hr\/product-category\/randm-fumot-vape\/\"> RandM Vape<\/a>.<\/p>\n<p>Na\u0161a ponuda uklju\u010duje popularne vape proizvode poput <a href=\"https:\/\/rmvapesale.com\/hr\/product\/randm-tornado-15000-puffs-vape-wholesale\/\">RandM Tornado 15000<\/a> i izbor bogatih okusa poput Vapme 70000. Svaki je proizvod odabran s naglaskom na kvalitetu, vrijednost i raznolikost, osiguravaju\u0107i da prona\u0111ete savr\u0161eno rje\u0161enje za svoje potrebe. Otkrijte iznimnu uslugu i \u0161irok izbor vrhunskih proizvoda na Rmvapesale.<\/p>\n<p>&nbsp;<\/p>\n<h3><b style=\"font-size: 1.5em;font-style: inherit\">\u010cesta pitanja za JNR Shisha Hookah 100000 <\/b><b style=\"font-size: 1.5em;font-style: inherit\">Jednokratni vape koji se mo\u017ee puniti<\/b><\/h3>\n<\/div>\n<h3><\/h3>\n<ol>\n<li><strong>\u0160to \u010dini JNR Mega Shisha 100.000 Puffs tako dugotrajnom?<\/strong><br \/>\nOvaj <strong>nevjerojatno izdr\u017eljiv<\/strong> JNR Mega Shisha nudi do <strong>100.000 udisaja<\/strong>, s velikim <strong>kapacitetom e-teku\u0107ine od 60 ml<\/strong> i <strong>punjiva baterija od 2200 mAh<\/strong> \u0161to osigurava produ\u017eeno iskustvo vapinga.<\/li>\n<li><strong>Kako radi pametni zaslon na JNR Shisha 100.000 Puffs?<\/strong><br \/>\nOvaj <strong>inovativni<\/strong> pametni zaslon pru\u017ea a\u017euriranja u stvarnom vremenu o razini baterije i e-teku\u0107ine, daju\u0107i vam preciznu kontrolu nad va\u0161im sesijama vapinga.<\/li>\n<li><strong>Mogu li dijeliti JNR Mega Shisha 100.000 Puffs s drugima?<\/strong><br \/>\nDa, <strong>svestran<\/strong> dizajn s dvostrukim usnikom \u010dini ga savr\u0161enim za samostalno u\u017eivanje i dijeljenje s prijateljima, nude\u0107i prilagodljivo iskustvo vapinga.<\/li>\n<li><strong>Je li JNR Mega Shisha 100.000 Puffs prikladan za vaping izravno u plu\u0107a?<\/strong><br \/>\nApsolutno! Vrhunski <strong>premium<\/strong> dizajn JNR Mega Shisha optimiziran je za <strong>Direct-to-Lung (DTL)<\/strong> vaping, daju\u0107i bogatu i glatku paru sa svakim udahom.<\/li>\n<li><strong>Kako JNR Mega Shisha 100.000 Puffs osigurava siguran vaping?<\/strong><br \/>\nOvaj <strong>siguran i pouzdan<\/strong> automatski sustav za\u0161tite sprje\u010dava pregrijavanje, dok <strong>8-sekundno maksimalno vrijeme uvla\u010denja<\/strong> osigurava optimalnu proizvodnju pare bez ugro\u017eavanja sigurnosti.<\/li>\n<\/ol>\n<p>&nbsp;<\/p>\n<\/div>\n<\/div>\n<\/div>\n<h3>O isporuci<\/h3>\n<div class=\"flex-shrink-0 flex flex-col relative items-end\">\n<div>\n<div class=\"pt-0\">\n<div class=\"gizmo-bot-avatar flex h-8 w-8 items-center justify-center overflow-hidden rounded-full\">\n<div><\/div>\n<div class=\"relative p-1 rounded-sm flex items-center justify-center bg-token-main-surface-primary text-token-text-primary h-8 w-8\"><strong>1. Koje metode dostave se koriste?<\/strong><\/div>\n<\/div>\n<\/div>\n<\/div>\n<\/div>\n<div class=\"group\/conversation-turn relative flex w-full min-w-0 flex-col agent-turn\">\n<div class=\"flex-col gap-1 md:gap-3\">\n<div class=\"flex max-w-full flex-col flex-grow\">\n<div class=\"min-h-[20px] text-message flex w-full flex-col items-end gap-2 whitespace-normal break-words [.text-message+&amp;]:mt-5 overflow-x-auto\" dir=\"auto\" data-message-author-role=\"assistant\" data-message-id=\"22f8283b-3233-46ff-89a5-c7a41b33abda\">\n<div class=\"flex w-full flex-col gap-1 empty:hidden first:pt-[3px]\">\n<div class=\"markdown prose w-full break-words dark:prose-invert light\">\n<p>Sura\u0111ujemo s UPS-om, DHL-om, FedEx-om, DPD-om i drugim vode\u0107im prijevoznicima. Odabrat \u0107emo najbolju metodu dostave na temelju va\u0161e lokacije kako bismo osigurali da svoje proizvode primite \u0161to je prije mogu\u0107e.<\/p>\n<\/div>\n<p><strong>2. Koliko dugo traje dostava?<\/strong><\/p>\n<p>Paketi poslani u Hrvatsku obi\u010dno sti\u017eu unutar 10 radnih dana. Dostava u europske zemlje op\u0107enito traje oko 12-15 radnih dana. Pru\u017eit \u0107emo vam a\u017euriranja o statusu va\u0161e po\u0161iljke u stvarnom vremenu.<\/p>\n<\/div>\n<\/div>\n<\/div>\n<\/div>\n<\/div>\n<p><strong><span style=\"color: #ff0000\">Ostali Vru\u0107i proizvodi za jednokratnu upotrebu Shisha Nargile: <a href=\"https:\/\/rmvapesale.com\/hr\/product\/fihp-shisha-hookah-15000-pro-disposable-vape-wholesale\/\">FIHP Shisha Hookah 15000 Puffs<\/a>, <a href=\"https:\/\/rmvapesale.com\/hr\/product\/vape-wholesale-lavande-bm-18000-puffs-shisha-hookah-bar\/\">VOPK Shisha Hookah BAR 20000, Lavande BM18000 Puffs Shisha Vape<\/a><\/span><\/strong><\/p>\n<p>&nbsp;<\/p>\n<p>Prona\u0111ite vi\u0161e Vape proizvoda koji bi vam se mogli svidjeti:<strong><em><a href=\"https:\/\/rmvapesale.com\/hr\/shop-2\/\">kupite sada &gt;&gt;&gt;<\/a><\/em><\/strong><\/p>","protected":false},"excerpt":{"rendered":"<p>Veleprodajna cijena JNR Mega Shisha Hookah 100K Puffs jednokratnog vapea<br \/>\nJNR Mega Shisha Hookah 100000 100K Puffs velikog kapaciteta<br \/>\nJNR Shisha Hookah 100K jednokratni vape s niskim sadr\u017eajem nikotina 2%<\/p>\n<p><strong>Kontaktirajte Amy da dobijete pravi odgovor i kupon za vape!<\/strong><\/p>\n<p><img loading=\"lazy\" decoding=\"async\" class=\"size-full wp-image-2375\" src=\"https:\/\/rmvapesale.com\/wp-content\/uploads\/2024\/10\/image.png\" alt=\"Najbolji jednokratni vejp\" width=\"229\" height=\"300\" \/><\/p>\n<h3><a href=\"https:\/\/wa.me\/8617776015835\"><span style=\"color: #ff0000\"><strong>WhatsApp: +86 17776015835<\/strong><\/span><\/a><\/h3>\n<p>&nbsp;<\/p>","protected":false},"featured_media":2910,"comment_status":"open","ping_status":"closed","template":"","meta":{"_uag_custom_page_level_css":"","_lmt_disableupdate":"no","_lmt_disable":"","site-sidebar-layout":"default","site-content-layout":"content-boxed-container","ast-site-content-layout":"normal-width-container","site-content-style":"boxed","site-sidebar-style":"unboxed","ast-global-header-display":"","ast-banner-title-visibility":"","ast-main-header-display":"","ast-hfb-above-header-display":"","ast-hfb-below-header-display":"","ast-hfb-mobile-header-display":"","site-post-title":"","ast-breadcrumbs-content":"","ast-featured-img":"","footer-sml-layout":"","theme-transparent-header-meta":"default","adv-header-id-meta":"","stick-header-meta":"","header-above-stick-meta":"","header-main-stick-meta":"","header-below-stick-meta":"","astra-migrate-meta-layouts":"set","ast-page-background-enabled":"default","ast-page-background-meta":{"desktop":{"background-color":"var(--ast-global-color-4)","background-image":"","background-repeat":"repeat","background-position":"center center","background-size":"auto","background-attachment":"scroll","background-type":"","background-media":"","overlay-type":"","overlay-color":"","overlay-opacity":"","overlay-gradient":""},"tablet":{"background-color":"","background-image":"","background-repeat":"repeat","background-position":"center center","background-size":"auto","background-attachment":"scroll","background-type":"","background-media":"","overlay-type":"","overlay-color":"","overlay-opacity":"","overlay-gradient":""},"mobile":{"background-color":"","background-image":"","background-repeat":"repeat","background-position":"center center","background-size":"auto","background-attachment":"scroll","background-type":"","background-media":"","overlay-type":"","overlay-color":"","overlay-opacity":"","overlay-gradient":""}},"ast-content-background-meta":{"desktop":{"background-color":"var(--ast-global-color-5)","background-image":"","background-repeat":"repeat","background-position":"center center","background-size":"auto","background-attachment":"scroll","background-type":"","background-media":"","overlay-type":"","overlay-color":"","overlay-opacity":"","overlay-gradient":""},"tablet":{"background-color":"var(--ast-global-color-5)","background-image":"","background-repeat":"repeat","background-position":"center center","background-size":"auto","background-attachment":"scroll","background-type":"","background-media":"","overlay-type":"","overlay-color":"","overlay-opacity":"","overlay-gradient":""},"mobile":{"background-color":"var(--ast-global-color-5)","background-image":"","background-repeat":"repeat","background-position":"center center","background-size":"auto","background-attachment":"scroll","background-type":"","background-media":"","overlay-type":"","overlay-color":"","overlay-opacity":"","overlay-gradient":""}},"_joinchat":[]},"product_brand":[],"product_cat":[15,260,25,123,26,28,135,27,137,136,30],"product_tag":[146,131,40,263,111,103],"class_list":{"0":"post-2911","1":"product","2":"type-product","3":"status-publish","4":"has-post-thumbnail","6":"product_cat-new-vape-this-week","7":"product_cat-100k-puff-disposable-vape","8":"product_cat-germany-best-selling-vape","9":"product_cat-italy-wholesale-vape","10":"product_cat-netherlands-hot-sale-vape","11":"product_cat-poland-hot-sale-vape","12":"product_cat-spain-best-hot-sale-vape","13":"product_cat-fance-hot-sale-vape","14":"product_cat-rechargeable-vapes","15":"product_cat-smart-screen-vapes","16":"product_cat-minimum-order-quantity-50pcs","17":"product_tag-best-hot-sale-vape","18":"product_tag-big-puff-vape","19":"product_tag-hot-sale-vape","20":"product_tag-jnr-mega-shisha-hookah-100000","21":"product_tag-low-nicotine-disposable-vape","22":"product_tag-shisha-hookah","23":"desktop-align-left","24":"tablet-align-left","25":"mobile-align-left","27":"first","28":"instock","29":"sale","30":"shipping-taxable","31":"purchasable","32":"product-type-simple"},"uagb_featured_image_src":{"full":["https:\/\/rmvapesale.com\/wp-content\/uploads\/2025\/01\/JNR-Shisha-Hookah-100K-Rechargeable-Disposable-Vape.webp",1000,1000,false],"thumbnail":["https:\/\/rmvapesale.com\/wp-content\/uploads\/2025\/01\/JNR-Shisha-Hookah-100K-Rechargeable-Disposable-Vape-150x150.webp",150,150,true],"medium":["https:\/\/rmvapesale.com\/wp-content\/uploads\/2025\/01\/JNR-Shisha-Hookah-100K-Rechargeable-Disposable-Vape-300x300.webp",300,300,true],"medium_large":["https:\/\/rmvapesale.com\/wp-content\/uploads\/2025\/01\/JNR-Shisha-Hookah-100K-Rechargeable-Disposable-Vape-768x768.webp",768,768,true],"large":["https:\/\/rmvapesale.com\/wp-content\/uploads\/2025\/01\/JNR-Shisha-Hookah-100K-Rechargeable-Disposable-Vape.webp",1000,1000,false],"1536x1536":["https:\/\/rmvapesale.com\/wp-content\/uploads\/2025\/01\/JNR-Shisha-Hookah-100K-Rechargeable-Disposable-Vape.webp",1000,1000,false],"2048x2048":["https:\/\/rmvapesale.com\/wp-content\/uploads\/2025\/01\/JNR-Shisha-Hookah-100K-Rechargeable-Disposable-Vape.webp",1000,1000,false],"trp-custom-language-flag":["https:\/\/rmvapesale.com\/wp-content\/uploads\/2025\/01\/JNR-Shisha-Hookah-100K-Rechargeable-Disposable-Vape.webp",12,12,false],"woocommerce_thumbnail":["https:\/\/rmvapesale.com\/wp-content\/uploads\/2025\/01\/JNR-Shisha-Hookah-100K-Rechargeable-Disposable-Vape-300x300.webp",300,300,true],"woocommerce_single":["https:\/\/rmvapesale.com\/wp-content\/uploads\/2025\/01\/JNR-Shisha-Hookah-100K-Rechargeable-Disposable-Vape-600x600.webp",600,600,true],"woocommerce_gallery_thumbnail":["https:\/\/rmvapesale.com\/wp-content\/uploads\/2025\/01\/JNR-Shisha-Hookah-100K-Rechargeable-Disposable-Vape-100x100.webp",100,100,true],"wcpr-photo-reviews":["https:\/\/rmvapesale.com\/wp-content\/uploads\/2025\/01\/JNR-Shisha-Hookah-100K-Rechargeable-Disposable-Vape.webp",500,500,false]},"uagb_author_info":{"display_name":"AMY","author_link":"https:\/\/rmvapesale.com\/hr\/author\/"},"uagb_comment_info":0,"uagb_excerpt":"JNR Mega Shisha Hookah 100K Puffs Disposable Vape Wholesale Price JNR Mega Shisha Hookah 100000 100K Puffs Large Capacity JNR Shisha Hookah 100K Disposable Vape 2% Low Nicotine Contact Amy to get right reply and vape coupon! WhatsApp: +86 17776015835 &nbsp;","_links":{"self":[{"href":"https:\/\/rmvapesale.com\/hr\/wp-json\/wp\/v2\/product\/2911","targetHints":{"allow":["GET"]}}],"collection":[{"href":"https:\/\/rmvapesale.com\/hr\/wp-json\/wp\/v2\/product"}],"about":[{"href":"https:\/\/rmvapesale.com\/hr\/wp-json\/wp\/v2\/types\/product"}],"replies":[{"embeddable":true,"href":"https:\/\/rmvapesale.com\/hr\/wp-json\/wp\/v2\/comments?post=2911"}],"wp:featuredmedia":[{"embeddable":true,"href":"https:\/\/rmvapesale.com\/hr\/wp-json\/wp\/v2\/media\/2910"}],"wp:attachment":[{"href":"https:\/\/rmvapesale.com\/hr\/wp-json\/wp\/v2\/media?parent=2911"}],"wp:term":[{"taxonomy":"product_brand","embeddable":true,"href":"https:\/\/rmvapesale.com\/hr\/wp-json\/wp\/v2\/product_brand?post=2911"},{"taxonomy":"product_cat","embeddable":true,"href":"https:\/\/rmvapesale.com\/hr\/wp-json\/wp\/v2\/product_cat?post=2911"},{"taxonomy":"product_tag","embeddable":true,"href":"https:\/\/rmvapesale.com\/hr\/wp-json\/wp\/v2\/product_tag?post=2911"}],"curies":[{"name":"wp","href":"https:\/\/api.w.org\/{rel}","templated":true}]}}