{"id":2948,"date":"2025-01-10T08:39:18","date_gmt":"2025-01-10T08:39:18","guid":{"rendered":"https:\/\/rmvapesale.com\/?post_type=product&#038;p=2948"},"modified":"2025-01-10T09:15:27","modified_gmt":"2025-01-10T09:15:27","slug":"crystal-vape-uwin-shisha-hookah-20k-20000-puffs-wholesale-best-price","status":"publish","type":"product","link":"https:\/\/rmvapesale.com\/hr\/product\/crystal-vape-uwin-shisha-hookah-20k-20000-puffs-wholesale-best-price\/","title":{"rendered":"Crystal Vape Uwin Shisha Hookah 20K 20000 Puffs Veleprodaja Najbolja cijena"},"content":{"rendered":"<div class=\"B2VR9 CJHX3e\">\n<div class=\"wyccme\">\n<div class=\"flex-shrink-0 flex flex-col relative items-end\">\n<div class=\"pt-0\">\n<div class=\"gizmo-bot-avatar flex h-8 w-8 items-center justify-center overflow-hidden rounded-full\">\n<div class=\"relative p-1 rounded-sm flex items-center justify-center bg-token-main-surface-primary text-token-text-primary h-8 w-8\">\n<div class=\"flex-shrink-0 flex flex-col relative items-end\">\n<div class=\"pt-0\">\n<div class=\"gizmo-bot-avatar flex h-8 w-8 items-center justify-center overflow-hidden rounded-full\">\n<h1 class=\"relative p-1 rounded-sm flex items-center justify-center bg-token-main-surface-primary text-token-text-primary h-8 w-8\">Crystal Vape Uwin Shisha Hookah 20K 20000 Puffs Veleprodaja Najbolja cijena<\/h1>\n<\/div>\n<\/div>\n<\/div>\n<\/div>\n<\/div>\n<\/div>\n<\/div>\n<div class=\"group\/conversation-turn relative flex w-full min-w-0 flex-col agent-turn\">\n<div class=\"flex-col gap-1 md:gap-3\">\n<div class=\"flex max-w-full flex-col flex-grow\">\n<div class=\"min-h-8 text-message flex w-full flex-col items-end gap-2 whitespace-normal break-words text-start [.text-message+&amp;]:mt-5\" dir=\"auto\" data-message-author-role=\"assistant\" data-message-id=\"80ece0c4-ead1-4ed9-a9f0-ddc22582b4f4\" data-message-model-slug=\"gpt-4o\">\n<div class=\"flex w-full flex-col gap-1 empty:hidden first:pt-[3px]\">\n<div class=\"markdown prose w-full break-words dark:prose-invert light\">\n<p>&nbsp;<\/p>\n<p>Ovaj <strong>Crystal Vape Uwin Shisha Hookah 20K 20000 udisaja<\/strong>, je vrhunski ure\u0111aj za vaping koji kombinira vrhunsku tehnologiju, stil i performanse. Sa svojim impresivnim <strong>digitalnim prikazom<\/strong>, prilagodljivim zna\u010dajkama i velikim brojem udisaja, dizajniran je da zadovolji potrebe povremenih i iskusnih vapera.<\/p>\n<\/div>\n<p>S Uwin Crystal 20000 vapeom, u\u017eivat \u0107ete u produ\u017eenom iskustvu vapinga s do <strong>20.000 uvla\u010denja<\/strong> po ure\u0111aju. Recite zbogom \u010destim zamjenama i pozdravite neprekidno u\u017eivanje! Inovativni <strong>digitalni zaslon<\/strong> vas obavje\u0161tava o trajanju baterije i kori\u0161tenju, osiguravaju\u0107i iskustvo bez problema. Upoznajte status svog ure\u0111aja na prvi pogled. S prilagodljivim postavkama protoka zraka, Crystal Vape Uwin 20K se prilago\u0111ava va\u0161im \u017eeljama. Bez obzira volite li \u010dvr\u0161\u0107e povla\u010denje ili otvoreniji udarac, ovaj ure\u0111aj pru\u017ea oboje.<\/p>\n<p>Opremljen s <strong>0.8\u03a9 mre\u017easta zavojnica<\/strong>, ovaj punjivi jednokratni vape osigurava pobolj\u0161anu proizvodnju pare i nenadma\u0161an okus. Svaki udisaj je gladak, bogat i zadovoljavaju\u0107i. Pokre\u0107e ga <strong>650mAh kobaltna punjiva baterija<\/strong> i <strong>Type-C priklju\u010dak za punjenje<\/strong>, Uwin Shisha Hookah je uvijek spreman za rad. Brzo i u\u010dinkovito punjenje zna\u010di manje zastoja. Ergonomski i kompaktan, Crystal Vape Uwin ima elegantan dizajn koji je istovremeno moderan i udoban za kori\u0161tenje. To je jednako modni dodatak koliko i ure\u0111aj za vaping. Dostupan u <strong>0%, 2%, 3% i 5% ja\u010dine nikotina<\/strong>, ovaj vape odgovara svakoj preferenciji. Bez obzira \u017eelite li sna\u017ean udarac ili bla\u017ee iskustvo, pokriveni ste.<\/p>\n<\/div>\n<p>Nadogradite svoju igru vapinga s <strong>Crystal Vape Uwin Shisha Hookah 20000<\/strong>. Sa svojom kombinacijom stila, performansi i prakti\u010dnosti, ovo je savr\u0161en izbor za vapere posvuda. Ne \u010dekajte\u2014naru\u010dite svoj danas!<\/p>\n<\/div>\n<\/div>\n<\/div>\n<\/div>\n<div class=\"flex-shrink-0 flex flex-col relative items-end\">\n<div class=\"pt-0\">\n<div class=\"gizmo-bot-avatar flex h-8 w-8 items-center justify-center overflow-hidden rounded-full\">\n<p>&nbsp;<\/p>\n<\/div>\n<\/div>\n<\/div>\n<\/div>\n<\/div>\n<p><strong>Kontaktirajte Amy da dobijete pravi odgovor i kupon za vape!<\/strong><\/p>\n<p><img loading=\"lazy\" decoding=\"async\" class=\"size-full wp-image-1978\" src=\"https:\/\/rmvapesale.com\/wp-content\/uploads\/2024\/09\/Disposable-Vape-Wholesale.jpg\" alt=\"Veleprodaja jednokratnih vejpova\" width=\"229\" height=\"300\" \/><\/p>\n<h3><a href=\"https:\/\/wa.me\/8617776015835\" target=\"_blank\" rel=\"noopener\"><span style=\"color: #ff0000\"><strong>WhatsApp: +86 17776015835<\/strong><\/span><\/a><\/h3>\n<p>&nbsp;<\/p>\n<h2><strong style=\"font-size: 1.7em\">Klju\u010dne zna\u010dajke Crystal Vape Uwin 20000<\/strong><\/h2>\n<h3><\/h3>\n<ul>\n<li><strong>Broj udisaja<\/strong>: Do 20.000 za produ\u017eenu upotrebu<\/li>\n<li><strong>cURL Too many subrequests.<\/strong>: Pra\u0107enje trajanja baterije i kori\u0161tenja u stvarnom vremenu<\/li>\n<li><strong>Kapacitet e-teku\u0107ine<\/strong>: 22ml unaprijed napunjeni spremnik za manje dopuna<\/li>\n<li><strong>Mre\u017easta zavojnica<\/strong>: 0.8\u03a9 grija\u010d za bogat okus i gustu paru<\/li>\n<li><strong>Punjiva baterija<\/strong>: 650mAh baterija kobalt s Type-C punjenjem<\/li>\n<li><strong>Nivoi nikotina<\/strong>: Dostupno u 0%, 2%, 3% i 5%<\/li>\n<li><strong>Okusi<\/strong>: 12 ukusnih opcija za odabir<\/li>\n<li><strong>Podesiv protok zraka<\/strong>: Prilagodljive postavke za personalizirano iskustvo<\/li>\n<li><strong>Kompaktan dizajn<\/strong>: Elegantno i ergonomski za prenosivost i stil<\/li>\n<\/ul>\n<h2><strong style=\"font-size: 1.7em\">Najprodavaniji okus za Uwin 20000 <\/strong><strong style=\"font-size: 1.7em\">Kristalni Vejp<\/strong><\/h2>\n<p>Ovaj jednokratni vaporizator dostupan je u <strong>12 ukusnih okusa<\/strong>, nudi \u0161irok izbor opcija za razli\u010dite korisnike. Koji je najbolji okus za Uwin Crystal 20000? Molimo pogledajte najprodavaniji okus u prilogu prema na\u0161im podacima o prodaji i recenzijama kupaca.<\/p>\n<ol>\n<li>Lubenica <span style=\"color: #ff0000\"><strong>&gt;&gt;&gt;&gt; Vru\u0107e !<\/strong><\/span><\/li>\n<li>Mango Ice<\/li>\n<li>Borovnica Malina <span style=\"color: #ff0000\"><strong>&gt;&gt;&gt;&gt; Vru\u0107e !<\/strong><\/span><\/li>\n<li>Gro\u017e\u0111e menta<\/li>\n<li>Pasijon vo\u0107e<\/li>\n<li>Jagoda i kivi<\/li>\n<li>Dvostruka Jabuka<\/li>\n<li>Ledena Breskva<\/li>\n<li>Ananas Kokos<\/li>\n<li>Mije\u0161ano Bobi\u010dasto Vo\u0107e <strong><span style=\"color: #ff0000\">&gt;&gt;&gt;&gt; Najbolje !<\/span><\/strong><\/li>\n<li>Limun Metvica <span style=\"color: #ff0000\"><strong>&gt;&gt;&gt;&gt; Vru\u0107e !<\/strong><\/span><\/li>\n<li>Naran\u010da Crush<\/li>\n<\/ol>\n<figure id=\"attachment_2944\" aria-describedby=\"caption-attachment-2944\" style=\"width: 800px\" class=\"wp-caption alignnone\"><img loading=\"lazy\" decoding=\"async\" class=\"wp-image-2944 size-full\" src=\"https:\/\/rmvapesale.com\/wp-content\/uploads\/2025\/01\/Hookah-Shisha-Uwin-Crystal-20000-Puffs-Disposable-Vape.webp\" alt=\"Hookah Shisha Uwin Crystal 20000 Pufsa jednokratni vaporizator\" width=\"800\" height=\"800\" srcset=\"https:\/\/rmvapesale.com\/wp-content\/uploads\/2025\/01\/Hookah-Shisha-Uwin-Crystal-20000-Puffs-Disposable-Vape.webp 800w, https:\/\/rmvapesale.com\/wp-content\/uploads\/2025\/01\/Hookah-Shisha-Uwin-Crystal-20000-Puffs-Disposable-Vape-300x300.webp 300w, https:\/\/rmvapesale.com\/wp-content\/uploads\/2025\/01\/Hookah-Shisha-Uwin-Crystal-20000-Puffs-Disposable-Vape-150x150.webp 150w, https:\/\/rmvapesale.com\/wp-content\/uploads\/2025\/01\/Hookah-Shisha-Uwin-Crystal-20000-Puffs-Disposable-Vape-768x768.webp 768w, https:\/\/rmvapesale.com\/wp-content\/uploads\/2025\/01\/Hookah-Shisha-Uwin-Crystal-20000-Puffs-Disposable-Vape-600x600.webp 600w, https:\/\/rmvapesale.com\/wp-content\/uploads\/2025\/01\/Hookah-Shisha-Uwin-Crystal-20000-Puffs-Disposable-Vape-100x100.webp 100w\" sizes=\"auto, (max-width: 800px) 100vw, 800px\" \/><figcaption id=\"caption-attachment-2944\" class=\"wp-caption-text\">Hookah Shisha Uwin Crystal 20000 Pufsa jednokratni vaporizator<\/figcaption><\/figure>\n<h3><strong>Za\u0161to odabrati Rmvapesale za Crystal Vape Uwin 20000 Pufsa\u00a0 <\/strong><strong>V<\/strong><strong>Veleprodaja Vape proizvoda<\/strong><strong>?<\/strong><\/h3>\n<div class=\"flex-shrink-0 flex flex-col relative items-end\">\n<div class=\"pt-0\">\n<div class=\"gizmo-bot-avatar flex h-8 w-8 items-center justify-center overflow-hidden rounded-full\">\n<p class=\"relative p-1 rounded-sm flex items-center justify-center bg-token-main-surface-primary text-token-text-primary h-8 w-8\">Dobrodo\u0161li u Rmvapesale, va\u0161u pouzdanu vape trgovinu za vrhunske jednokratne vape. S vi\u0161e od 5 godina iskustva, donosimo vam popularne marke jednokratnih vape proizvoda kao \u0161to su Al Fakher, <a href=\"https:\/\/rmvapesale.com\/hr\/product-category\/bang-vapes\/\">Bang Vape<\/a>, Waspe, WGA Vape i<a href=\"https:\/\/rmvapesale.com\/hr\/product-category\/randm-fumot-vape\/\"> RandM Vape<\/a>. Na\u0161 asortiman uklju\u010duje vru\u0107e rasprodane jednokratne vapeove kao \u0161to su <a href=\"https:\/\/rmvapesale.com\/hr\/product\/bang-box-35000-puffs-touch-screen-bulk-buy-price-rechargeable-disposable-vapes\/\">Bang Box 35000 Udisaja<\/a> i izbore bogate okusima poput<a href=\"https:\/\/rmvapesale.com\/hr\/product\/bood-pulse-pro-50000-puff-50k-low-nicotine-disposable-vape-wholesale-bulk-buy-price\/\">\u00a0Bood Pulse PRO 50000<\/a>. Svaki proizvod odabran je s fokusom na kvalitetu, vrijednost i raznolikost, osiguravaju\u0107i da prona\u0111ete savr\u0161eni odabir za svoje potrebe. Otkrijte iznimnu uslugu i \u0161irok raspon vrhunskih proizvoda u Rmvapesale.<\/p>\n<p>&nbsp;<\/p>\n<p class=\"relative p-1 rounded-sm flex items-center justify-center bg-token-main-surface-primary text-token-text-primary h-8 w-8\"><b style=\"font-size: 1.5em;font-style: inherit\">\u010cESTO POSTAVLJANA PITANJA za Crystal Vape Uwin 20000 <\/b><b style=\"font-size: 1.5em;font-style: inherit\">Jednokratni vape koji se mo\u017ee puniti<\/b><\/p>\n<h3><\/h3>\n<h4><strong>1. Koliko udisaja nudi Crystal Vape Uwin Shisha Nargila 20K?<\/strong><\/h4>\n<p>Ure\u0111aj pru\u017ea do <strong>20.000 uvla\u010denja<\/strong>, \u0161to ga \u010dini dugotrajnijom opcijom za produ\u017eenu uporabu.<\/p>\n<h4><strong>2. Ima li ovaj vape digitalni zaslon?<\/strong><\/h4>\n<p>Da, ima <strong>lako \u010ditljiv digitalni zaslon <\/strong>za jednostavno pra\u0107enje trajanja baterije i kori\u0161tenja.<\/p>\n<h4><strong>3. Mogu li napuniti bateriju?<\/strong><\/h4>\n<p>Apsolutno! Dolazi s <strong>650mAh punjivom baterijom<\/strong> i <strong>Type-C priklju\u010dkom<\/strong> za brzo i jednostavno punjenje.<\/p>\n<h4><strong>4. Je li protok zraka podesiv?<\/strong><\/h4>\n<p>Da, Uwin Shisha Nargila 20K nudi <strong>podesive postavke protoka zraka<\/strong> za prilagodbu va\u0161im \u017eeljama za vaping.<\/p>\n<h4><strong>5. Gdje mogu kupiti Crystal Vape Uwin Shisha Nargilu 20K po veleprodajnim cijenama?<\/strong><\/h4>\n<p>Ovaj proizvod mo\u017eete prona\u0107i po najboljim <strong>veleprodajnim cijenama<\/strong> on <a href=\"https:\/\/rmvapesale.com\/hr\/\" target=\"_new\" rel=\"noopener\">Rmvapesale online vape trgovinu<\/a>. Kupujte sada za neusporedive ponude!<\/p>\n<p>&nbsp;<\/p>\n<\/div>\n<\/div>\n<\/div>\n<h3>O isporuci<\/h3>\n<div class=\"flex-shrink-0 flex flex-col relative items-end\">\n<div>\n<div class=\"pt-0\">\n<div class=\"gizmo-bot-avatar flex h-8 w-8 items-center justify-center overflow-hidden rounded-full\">\n<div><\/div>\n<div class=\"relative p-1 rounded-sm flex items-center justify-center bg-token-main-surface-primary text-token-text-primary h-8 w-8\"><strong>1. Koje metode dostave se koriste?<\/strong><\/div>\n<\/div>\n<\/div>\n<\/div>\n<\/div>\n<div class=\"group\/conversation-turn relative flex w-full min-w-0 flex-col agent-turn\">\n<div class=\"flex-col gap-1 md:gap-3\">\n<div class=\"flex max-w-full flex-col flex-grow\">\n<div class=\"min-h-[20px] text-message flex w-full flex-col items-end gap-2 whitespace-normal break-words [.text-message+&amp;]:mt-5 overflow-x-auto\" dir=\"auto\" data-message-author-role=\"assistant\" data-message-id=\"22f8283b-3233-46ff-89a5-c7a41b33abda\">\n<div class=\"flex w-full flex-col gap-1 empty:hidden first:pt-[3px]\">\n<div class=\"markdown prose w-full break-words dark:prose-invert light\">\n<p>Sura\u0111ujemo s UPS-om, DHL-om, FedEx-om, DPD-om i drugim vode\u0107im prijevoznicima. Odabrat \u0107emo najbolju metodu dostave na temelju va\u0161e lokacije kako bismo osigurali da svoje proizvode primite \u0161to je prije mogu\u0107e.<\/p>\n<\/div>\n<p><strong>2. Koliko dugo traje dostava?<\/strong><\/p>\n<p>Paketi poslani u Hrvatsku obi\u010dno sti\u017eu unutar 10 radnih dana. Dostava u europske zemlje op\u0107enito traje oko 12-15 radnih dana. Pru\u017eit \u0107emo vam a\u017euriranja o statusu va\u0161e po\u0161iljke u stvarnom vremenu.<\/p>\n<\/div>\n<\/div>\n<\/div>\n<\/div>\n<\/div>\n<p>&nbsp;<\/p>\n<p>Prona\u0111ite vi\u0161e Vape proizvoda koji bi vam se mogli svidjeti:<strong><em><a href=\"https:\/\/rmvapesale.com\/hr\/shop-2\/\">kupite sada &gt;&gt;&gt;<\/a><\/em><\/strong><\/p>","protected":false},"excerpt":{"rendered":"<p>Uwin Shisha Nargila Kristal 20000 Udisaja Vre\u0107ica<br \/>\nUwin Kristal 20000 Udisaja Jednokratni Vape E Shisha Nargila<br \/>\nNajbolja Veleprodajna Cijena Uwin Shisha Nargila Kristal 20K 20000 Udisaja<\/p>\n<p><strong>Kontaktirajte Amy da dobijete pravi odgovor i kupon za vape!<\/strong><\/p>\n<p><img loading=\"lazy\" decoding=\"async\" class=\"size-full wp-image-2375\" src=\"https:\/\/rmvapesale.com\/wp-content\/uploads\/2024\/10\/image.png\" alt=\"Najbolji jednokratni vejp\" width=\"229\" height=\"300\" \/><\/p>\n<h3><a href=\"https:\/\/wa.me\/8617776015835\"><span style=\"color: #ff0000\"><strong>WhatsApp: +86 17776015835<\/strong><\/span><\/a><\/h3>\n<p>&nbsp;<\/p>","protected":false},"featured_media":2943,"comment_status":"open","ping_status":"closed","template":"","meta":{"_uag_custom_page_level_css":"","_lmt_disableupdate":"no","_lmt_disable":"","site-sidebar-layout":"default","site-content-layout":"content-boxed-container","ast-site-content-layout":"normal-width-container","site-content-style":"boxed","site-sidebar-style":"unboxed","ast-global-header-display":"","ast-banner-title-visibility":"","ast-main-header-display":"","ast-hfb-above-header-display":"","ast-hfb-below-header-display":"","ast-hfb-mobile-header-display":"","site-post-title":"","ast-breadcrumbs-content":"","ast-featured-img":"","footer-sml-layout":"","theme-transparent-header-meta":"default","adv-header-id-meta":"","stick-header-meta":"","header-above-stick-meta":"","header-main-stick-meta":"","header-below-stick-meta":"","astra-migrate-meta-layouts":"set","ast-page-background-enabled":"default","ast-page-background-meta":{"desktop":{"background-color":"var(--ast-global-color-4)","background-image":"","background-repeat":"repeat","background-position":"center center","background-size":"auto","background-attachment":"scroll","background-type":"","background-media":"","overlay-type":"","overlay-color":"","overlay-opacity":"","overlay-gradient":""},"tablet":{"background-color":"","background-image":"","background-repeat":"repeat","background-position":"center center","background-size":"auto","background-attachment":"scroll","background-type":"","background-media":"","overlay-type":"","overlay-color":"","overlay-opacity":"","overlay-gradient":""},"mobile":{"background-color":"","background-image":"","background-repeat":"repeat","background-position":"center center","background-size":"auto","background-attachment":"scroll","background-type":"","background-media":"","overlay-type":"","overlay-color":"","overlay-opacity":"","overlay-gradient":""}},"ast-content-background-meta":{"desktop":{"background-color":"var(--ast-global-color-5)","background-image":"","background-repeat":"repeat","background-position":"center center","background-size":"auto","background-attachment":"scroll","background-type":"","background-media":"","overlay-type":"","overlay-color":"","overlay-opacity":"","overlay-gradient":""},"tablet":{"background-color":"var(--ast-global-color-5)","background-image":"","background-repeat":"repeat","background-position":"center center","background-size":"auto","background-attachment":"scroll","background-type":"","background-media":"","overlay-type":"","overlay-color":"","overlay-opacity":"","overlay-gradient":""},"mobile":{"background-color":"var(--ast-global-color-5)","background-image":"","background-repeat":"repeat","background-position":"center center","background-size":"auto","background-attachment":"scroll","background-type":"","background-media":"","overlay-type":"","overlay-color":"","overlay-opacity":"","overlay-gradient":""}},"_joinchat":[]},"product_brand":[],"product_cat":[15,255,25,123,26,28,135,27,60,137,136,30],"product_tag":[146,40,111,103,269,268],"class_list":{"0":"post-2948","1":"product","2":"type-product","3":"status-publish","4":"has-post-thumbnail","6":"product_cat-new-vape-this-week","7":"product_cat-20000-puff-disposable-vape","8":"product_cat-germany-best-selling-vape","9":"product_cat-italy-wholesale-vape","10":"product_cat-netherlands-hot-sale-vape","11":"product_cat-poland-hot-sale-vape","12":"product_cat-spain-best-hot-sale-vape","13":"product_cat-fance-hot-sale-vape","14":"product_cat-bang-vapes","15":"product_cat-rechargeable-vapes","16":"product_cat-smart-screen-vapes","17":"product_cat-minimum-order-quantity-50pcs","18":"product_tag-best-hot-sale-vape","19":"product_tag-hot-sale-vape","20":"product_tag-low-nicotine-disposable-vape","21":"product_tag-shisha-hookah","22":"product_tag-uwin-crystal-20000","23":"product_tag-uwin-shisha-hookah-20k","24":"desktop-align-left","25":"tablet-align-left","26":"mobile-align-left","28":"first","29":"instock","30":"sale","31":"shipping-taxable","32":"purchasable","33":"product-type-simple"},"uagb_featured_image_src":{"full":["https:\/\/rmvapesale.com\/wp-content\/uploads\/2025\/01\/Hookah-Shisha-Uwin-Crystal-20000-Puffs-Disposable-Vape-Bulk-Buy.webp",800,800,false],"thumbnail":["https:\/\/rmvapesale.com\/wp-content\/uploads\/2025\/01\/Hookah-Shisha-Uwin-Crystal-20000-Puffs-Disposable-Vape-Bulk-Buy-150x150.webp",150,150,true],"medium":["https:\/\/rmvapesale.com\/wp-content\/uploads\/2025\/01\/Hookah-Shisha-Uwin-Crystal-20000-Puffs-Disposable-Vape-Bulk-Buy-300x300.webp",300,300,true],"medium_large":["https:\/\/rmvapesale.com\/wp-content\/uploads\/2025\/01\/Hookah-Shisha-Uwin-Crystal-20000-Puffs-Disposable-Vape-Bulk-Buy-768x768.webp",768,768,true],"large":["https:\/\/rmvapesale.com\/wp-content\/uploads\/2025\/01\/Hookah-Shisha-Uwin-Crystal-20000-Puffs-Disposable-Vape-Bulk-Buy.webp",800,800,false],"1536x1536":["https:\/\/rmvapesale.com\/wp-content\/uploads\/2025\/01\/Hookah-Shisha-Uwin-Crystal-20000-Puffs-Disposable-Vape-Bulk-Buy.webp",800,800,false],"2048x2048":["https:\/\/rmvapesale.com\/wp-content\/uploads\/2025\/01\/Hookah-Shisha-Uwin-Crystal-20000-Puffs-Disposable-Vape-Bulk-Buy.webp",800,800,false],"trp-custom-language-flag":["https:\/\/rmvapesale.com\/wp-content\/uploads\/2025\/01\/Hookah-Shisha-Uwin-Crystal-20000-Puffs-Disposable-Vape-Bulk-Buy.webp",12,12,false],"woocommerce_thumbnail":["https:\/\/rmvapesale.com\/wp-content\/uploads\/2025\/01\/Hookah-Shisha-Uwin-Crystal-20000-Puffs-Disposable-Vape-Bulk-Buy-300x300.webp",300,300,true],"woocommerce_single":["https:\/\/rmvapesale.com\/wp-content\/uploads\/2025\/01\/Hookah-Shisha-Uwin-Crystal-20000-Puffs-Disposable-Vape-Bulk-Buy-600x600.webp",600,600,true],"woocommerce_gallery_thumbnail":["https:\/\/rmvapesale.com\/wp-content\/uploads\/2025\/01\/Hookah-Shisha-Uwin-Crystal-20000-Puffs-Disposable-Vape-Bulk-Buy-100x100.webp",100,100,true],"wcpr-photo-reviews":["https:\/\/rmvapesale.com\/wp-content\/uploads\/2025\/01\/Hookah-Shisha-Uwin-Crystal-20000-Puffs-Disposable-Vape-Bulk-Buy.webp",500,500,false]},"uagb_author_info":{"display_name":"AMY","author_link":"https:\/\/rmvapesale.com\/hr\/author\/"},"uagb_comment_info":0,"uagb_excerpt":"Uwin Shisha Hookah Crystal 20000 Puff Bulk Uwin Crystal 20000 Puffs Disposable Vape E Shisha Hookah Best Wholesale Price Uwin Shisha Hookah Crystal 20K 20000 Puffs Contact Amy to get right reply and vape coupon! WhatsApp: +86 17776015835 &nbsp;","_links":{"self":[{"href":"https:\/\/rmvapesale.com\/hr\/wp-json\/wp\/v2\/product\/2948","targetHints":{"allow":["GET"]}}],"collection":[{"href":"https:\/\/rmvapesale.com\/hr\/wp-json\/wp\/v2\/product"}],"about":[{"href":"https:\/\/rmvapesale.com\/hr\/wp-json\/wp\/v2\/types\/product"}],"replies":[{"embeddable":true,"href":"https:\/\/rmvapesale.com\/hr\/wp-json\/wp\/v2\/comments?post=2948"}],"wp:featuredmedia":[{"embeddable":true,"href":"https:\/\/rmvapesale.com\/hr\/wp-json\/wp\/v2\/media\/2943"}],"wp:attachment":[{"href":"https:\/\/rmvapesale.com\/hr\/wp-json\/wp\/v2\/media?parent=2948"}],"wp:term":[{"taxonomy":"product_brand","embeddable":true,"href":"https:\/\/rmvapesale.com\/hr\/wp-json\/wp\/v2\/product_brand?post=2948"},{"taxonomy":"product_cat","embeddable":true,"href":"https:\/\/rmvapesale.com\/hr\/wp-json\/wp\/v2\/product_cat?post=2948"},{"taxonomy":"product_tag","embeddable":true,"href":"https:\/\/rmvapesale.com\/hr\/wp-json\/wp\/v2\/product_tag?post=2948"}],"curies":[{"name":"wp","href":"https:\/\/api.w.org\/{rel}","templated":true}]}}