{"id":2955,"date":"2025-01-13T06:29:57","date_gmt":"2025-01-13T06:29:57","guid":{"rendered":"https:\/\/rmvapesale.com\/?post_type=product&#038;p=2955"},"modified":"2025-01-13T07:21:49","modified_gmt":"2025-01-13T07:21:49","slug":"bangking-35000-puffs-double-flavour-disposable-vape-wholesale-cheap-price","status":"publish","type":"product","link":"https:\/\/rmvapesale.com\/hr\/product\/bangking-35000-puffs-double-flavour-disposable-vape-wholesale-cheap-price\/","title":{"rendered":"Bangking 35000 Puffs dupla aroma jednokratna e-cigareta Veleprodajna jeftina cijena"},"content":{"rendered":"<div class=\"B2VR9 CJHX3e\">\n<div class=\"wyccme\">\n<div class=\"flex-shrink-0 flex flex-col relative items-end\">\n<div class=\"pt-0\">\n<div class=\"gizmo-bot-avatar flex h-8 w-8 items-center justify-center overflow-hidden rounded-full\">\n<div class=\"relative p-1 rounded-sm flex items-center justify-center bg-token-main-surface-primary text-token-text-primary h-8 w-8\">\n<div class=\"flex-shrink-0 flex flex-col relative items-end\">\n<div class=\"pt-0\">\n<div class=\"gizmo-bot-avatar flex h-8 w-8 items-center justify-center overflow-hidden rounded-full\">\n<h1 class=\"relative p-1 rounded-sm flex items-center justify-center bg-token-main-surface-primary text-token-text-primary h-8 w-8\">Bangking 35000 Puffs dupla aroma jednokratna e-cigareta Veleprodajna jeftina cijena<\/h1>\n<\/div>\n<\/div>\n<\/div>\n<\/div>\n<\/div>\n<\/div>\n<\/div>\n<div class=\"group\/conversation-turn relative flex w-full min-w-0 flex-col agent-turn\">\n<div class=\"flex-col gap-1 md:gap-3\">\n<div class=\"flex max-w-full flex-col flex-grow\">\n<div class=\"min-h-8 text-message flex w-full flex-col items-end gap-2 whitespace-normal break-words text-start [.text-message+&amp;]:mt-5\" dir=\"auto\" data-message-author-role=\"assistant\" data-message-id=\"80ece0c4-ead1-4ed9-a9f0-ddc22582b4f4\" data-message-model-slug=\"gpt-4o\">\n<p>Tra\u017eite vape koji prati va\u0161 \u017eivotni stil? Pozdravite <strong>Bangking 35000 Puffs jednokratni vape s dvostrukim okusom<\/strong>\u2014ure\u0111aj koji mijenja pravila igre u svijetu jednokratnih vapeova! Ovaj ure\u0111aj je ovdje da vam pru\u017ei <strong>ogroman broj uvla\u010denja<\/strong>, <strong>dva nevjerojatna okusa u jednom<\/strong>, i <strong>prilagodljive razine nikotina<\/strong>. I sve to po cijeni koja ne\u0107e probiti va\u0161 bud\u017eet!<\/p>\n<h2><strong>Za\u0161to odabrati Bangking 35000 Puffs?<\/strong><\/h2>\n<ul>\n<li><strong>Dvostruko vi\u0161e okusa, dvostruko vi\u0161e zabave<\/strong><br \/>\nDosadilo vam je dr\u017eati se samo jednog okusa? S <strong>tehnologijom 2-u-1 okusa<\/strong>, mo\u017eete se prebacivati izme\u0111u dvije opcije koje vam tope usta u jednom ure\u0111aju. To je kao da imate dva vapea u d\u017eepu!<\/li>\n<li><strong>Neponovljiv broj uvla\u010denja<\/strong><br \/>\nSa <strong>35.000 udisaja<\/strong>, ovaj vape je napravljen da traje. To nije samo puno uvla\u010denja\u2014to je i puno vrijednosti!<\/li>\n<li><strong>Punjiva pogodnost<\/strong><br \/>\nUgra\u0111ena <strong>650mAh baterija<\/strong> i <strong>Type-C priklju\u010dak za punjenje<\/strong> zna\u010di da nikada ne\u0107ete ostati bez pare. Brzo je napunite i nastavite s parenjem!<\/li>\n<li><strong>Nikotin po va\u0161em ukusu<\/strong><br \/>\nBez obzira volite li ga jakog ili preferirate laganiji dodir, Bangking nudi opcije s <strong>0%, 2% i 5% nikotina<\/strong>. Sve je u va\u0161em izboru.<\/li>\n<li><strong>Okusi koji pr\u0161te<\/strong><br \/>\nOd vo\u0107nih fuzija do osvje\u017eavaju\u0107ih mint eksplozija, postoji <strong>12 nevjerojatnih okusa<\/strong> za istra\u017eivanje. Ovdje nema dosadnih opcija!<\/li>\n<\/ul>\n<\/div>\n<\/div>\n<\/div>\n<\/div>\n<div class=\"flex-shrink-0 flex flex-col relative items-end\">\n<div class=\"pt-0\">\n<div class=\"gizmo-bot-avatar flex h-8 w-8 items-center justify-center overflow-hidden rounded-full\">\n<p>&nbsp;<\/p>\n<\/div>\n<\/div>\n<\/div>\n<\/div>\n<\/div>\n<p><strong>Kontaktirajte Amy da dobijete pravi odgovor i kupon za vape!<\/strong><\/p>\n<p><img loading=\"lazy\" decoding=\"async\" class=\"size-full wp-image-1978\" src=\"https:\/\/rmvapesale.com\/wp-content\/uploads\/2024\/09\/Disposable-Vape-Wholesale.jpg\" alt=\"Veleprodaja jednokratnih vejpova\" width=\"229\" height=\"300\" \/><\/p>\n<h3><a href=\"https:\/\/wa.me\/8617776015835\" target=\"_blank\" rel=\"noopener\"><span style=\"color: #ff0000\"><strong>WhatsApp: +86 17776015835<\/strong><\/span><\/a><\/h3>\n<p>&nbsp;<\/p>\n<h3><strong style=\"font-size: 1.7em\">Bangking 35000 Puffs klju\u010dne zna\u010dajke proizvoda<\/strong><\/h3>\n<ul>\n<li><strong>Dizajn 2-u-1 okusa:<\/strong> U\u017eivajte u dvostrukim okusima u jednom ure\u0111aju.<\/li>\n<li><strong>35.000 Udisaja:<\/strong> Vapeovi koji traju i traju!<\/li>\n<li><strong>Prilago\u0111ene razine nikotina:<\/strong> Izaberite izme\u0111u 0%, 2% ili 5%.<\/li>\n<li><strong>Punjiva baterija:<\/strong> Punjenje tipa-C za vrhunsku prakti\u010dnost.<\/li>\n<li><strong>Pristupa\u010dna veleprodajna cijena:<\/strong> Odli\u010dno za osobnu upotrebu ili kupnju na veliko.<\/li>\n<\/ul>\n<h3><strong style=\"font-size: 1.7em\">Vrhunska prodaja okusa za Bangking 35000 Puffs<\/strong><strong style=\"font-size: 1.7em\">\u00a0Vape<\/strong><\/h3>\n<p>Ovaj <strong>Bangking 35000 Puffs jednokratni vape s dvostrukim okusom<\/strong> nudi odva\u017ean i uzbudljiv raspon kombinacija okusa, omogu\u0107uju\u0107i vam da u\u017eivate u dva nevjerojatna okusa u jednom ure\u0111aju. Od omiljenih vo\u0107nih okusa do ledenih mje\u0161avina, postoji ne\u0161to za svakoga! <strong>\u0160to ove okuse \u010dini posebnima? <\/strong><strong>Dvostruka zabava<\/strong>: U\u017eivajte u dva razli\u010dita okusa u jednom ure\u0111aju. <strong>Popularni i najprodavaniji okusi<\/strong>: Kombinacije poput <strong>Cherry Bomb + Ledeno gro\u017e\u0111e<\/strong> i <strong>Red Bull + Breskva Bobice<\/strong> su s razlogom omiljeni!<\/p>\n<p>1.Ledeni Plavi Raz + Ledena So\u010dna Breskva<br \/>\n2.Jagoda Lubenica + Ledena Lubenica <span style=\"color: #ff0000\"><strong>&gt;&gt;&gt;&gt; Vru\u0107e !<\/strong><\/span><br \/>\n3.Jagoda Banana + Dvostruka Jabuka<br \/>\n4.Ledeno Tropsko Vo\u0107e + Tropsko Vo\u0107e<br \/>\n5.Ledena Tre\u0161nja Bomba + Gro\u017e\u0111e<span style=\"color: #ff0000\"><strong>&gt;&gt;&gt;&gt; Vru\u0107e !<\/strong><\/span><br \/>\n6.Breskva Mango + Jagoda Mango<br \/>\n7.Mango Limeta + Hladna Metvica<br \/>\n8.Tre\u0161nja Pop + Gospodin Plavi<br \/>\n9.Ledeni Crni Zmaj + Jagoda Kivi<br \/>\n10.Crveno Pi\u0107e + Breskva Bobica <span style=\"color: #ff0000\"><strong>&gt;&gt;&gt;&gt; Najbolje !<\/strong><\/span><br \/>\n11.Ru\u017ei\u010dasti Limun + Gospodin Plavi<br \/>\n12.Kivi Marakuja Guava + Plava Tre\u0161nja Limun<\/p>\n<p>&nbsp;<\/p>\n<h3><strong>Za\u0161to odabrati Rmvapesale za Bangking 35000 Puffs Puff\u00a0 <\/strong><strong>V<\/strong><strong>Veleprodaja Vape proizvoda<\/strong><strong>?<\/strong><\/h3>\n<div class=\"flex-shrink-0 flex flex-col relative items-end\">\n<div class=\"pt-0\">\n<div class=\"gizmo-bot-avatar flex h-8 w-8 items-center justify-center overflow-hidden rounded-full\">\n<p>Kako se konkurencija na tr\u017ei\u0161tu jednokratnih e-cigareta poja\u010dava, Rmvapesale, globalni lider u veleprodajnim rje\u0161enjima za jednokratne vape ure\u0111aje, lansirao je Bang Box 30000 30k Puffs dvostruki okus punjivi jednokratni vape. Ovaj revolucionarni proizvod privla\u010di pa\u017enju svojim jedinstvenim estetskim i modnim dizajnom. Sadr\u017ei opse\u017ean niz vo\u0107nih okusa, udovoljava \u0161irokom spektru potro\u0161a\u010dkih ukusa, nagla\u0161avaju\u0107i inovacije i svestranost.<\/p>\n<p class=\"relative p-1 rounded-sm flex items-center justify-center bg-token-main-surface-primary text-token-text-primary h-8 w-8\">Rmvapesale je va\u0161a pouzdana vape trgovina za vrhunske jednokratne vapeove. S vi\u0161e od 5 godina iskustva, donosimo vam popularne marke jednokratnih vapeova kao \u0161to su Al Fakher, JNR Vape, Vapsolo Vape, Vapme Vape, <a href=\"https:\/\/rmvapesale.com\/hr\/product-category\/bang-vapes\/\">Bang Vape<\/a>, Waspe Vape, WGA Vape i<a href=\"https:\/\/rmvapesale.com\/hr\/product-category\/randm-fumot-vape\/\"> RandM Vape<\/a>. Na\u0161 asortiman uklju\u010duje vru\u0107e rasprodane jednokratne vapeove kao \u0161to su <a href=\"https:\/\/rmvapesale.com\/hr\/product\/aivono-aim-flash-35000-puffs-curved-smart-screen-disposable-vape-wholesale\/\">AIVONO Flash 35000 Puffs<\/a> i izbore bogate okusima poput<a href=\"https:\/\/rmvapesale.com\/hr\/product\/crystal-vape-uwin-shisha-hookah-20k-20000-puffs-wholesale-best-price\/\"> UWIN Shisha Hoohak 20000<\/a>. Svaki proizvod odabran je s fokusom na kvalitetu, vrijednost i raznolikost, osiguravaju\u0107i da prona\u0111ete savr\u0161eni odabir za svoje potrebe. Otkrijte iznimnu uslugu i \u0161irok raspon vrhunskih proizvoda u Rmvapesale.<\/p>\n<p>&nbsp;<\/p>\n<p class=\"relative p-1 rounded-sm flex items-center justify-center bg-token-main-surface-primary text-token-text-primary h-8 w-8\"><b style=\"font-size: 1.5em;font-style: inherit\">Naj\u010de\u0161\u0107a Pitanja za Bangking 35000 Puffs <\/b><b style=\"font-size: 1.5em;font-style: inherit\">Jednokratni vape koji se mo\u017ee puniti<\/b><\/p>\n<ol>\n<li><strong>Mo\u017eete li nositi jednokratne e-cigarete u avionu?<\/strong><br \/>\nDa! Spakirajte e-cigaretu u svoju ru\u010dnu torbu. Samo provjerite pravila zrakoplovne tvrtke.<\/li>\n<li><strong>Kako prebacivati izme\u0111u okusa?<\/strong><br \/>\nPostoji jednostavan prekida\u010d na ure\u0111aju \u2013 prebacite ga i odmah imate novi okus!<\/li>\n<li><strong>Kako znati kada je Bang King 35000 vape prazan?<\/strong><br \/>\nPrimijetit \u0107ete manje pare ili okusa. Ako se jedna kapsula potro\u0161i, prebacite na drugi okus!<\/li>\n<li><strong>Kako napuniti Bang King 35K?<\/strong><br \/>\nKoristite prilo\u017eeni <strong>Type-C kabel<\/strong> za punjenje baterije od 650 mAh. Brzo je i jednostavno!<\/li>\n<li><strong>Gdje kupiti jednokratne vape ure\u0111aje po veleprodajnoj, jeftinoj cijeni?<\/strong><br \/>\nNabavite svoj u lokalnoj trgovini ili posjetite Rmvapesale<strong>\u00a0online vape trgovinu<\/strong> za najbolje veleprodajne cijene.<\/li>\n<li><strong>Koje razine nikotina su dostupne za Bang King 35000 Puff?<\/strong><br \/>\nOdaberite \u017eeljenu ja\u010dinu \u2013<strong>0%, 2% ili 5%<\/strong>\u2013 prilikom kupnje ure\u0111aja.<\/li>\n<\/ol>\n<\/div>\n<\/div>\n<\/div>\n<h3>O isporuci<\/h3>\n<div class=\"flex-shrink-0 flex flex-col relative items-end\">\n<div>\n<div class=\"pt-0\">\n<div class=\"gizmo-bot-avatar flex h-8 w-8 items-center justify-center overflow-hidden rounded-full\">\n<div><\/div>\n<div class=\"relative p-1 rounded-sm flex items-center justify-center bg-token-main-surface-primary text-token-text-primary h-8 w-8\"><strong>1. Koje metode dostave se koriste?<\/strong><\/div>\n<\/div>\n<\/div>\n<\/div>\n<\/div>\n<div class=\"group\/conversation-turn relative flex w-full min-w-0 flex-col agent-turn\">\n<div class=\"flex-col gap-1 md:gap-3\">\n<div class=\"flex max-w-full flex-col flex-grow\">\n<div class=\"min-h-[20px] text-message flex w-full flex-col items-end gap-2 whitespace-normal break-words [.text-message+&amp;]:mt-5 overflow-x-auto\" dir=\"auto\" data-message-author-role=\"assistant\" data-message-id=\"22f8283b-3233-46ff-89a5-c7a41b33abda\">\n<div class=\"flex w-full flex-col gap-1 empty:hidden first:pt-[3px]\">\n<div class=\"markdown prose w-full break-words dark:prose-invert light\">\n<p>Sura\u0111ujemo s UPS-om, DHL-om, FedEx-om, DPD-om i drugim vode\u0107im prijevoznicima. Odabrat \u0107emo najbolju metodu dostave na temelju va\u0161e lokacije kako bismo osigurali da svoje proizvode primite \u0161to je prije mogu\u0107e.<\/p>\n<\/div>\n<p><strong>2. Koliko dugo traje dostava?<\/strong><\/p>\n<p>Paketi poslani u Hrvatsku obi\u010dno sti\u017eu unutar 10 radnih dana. Dostava u europske zemlje op\u0107enito traje oko 12-15 radnih dana. Pru\u017eit \u0107emo vam a\u017euriranja o statusu va\u0161e po\u0161iljke u stvarnom vremenu.<\/p>\n<\/div>\n<\/div>\n<\/div>\n<\/div>\n<\/div>\n<p>&nbsp;<\/p>\n<p>Prona\u0111ite vi\u0161e Vape proizvoda koji bi vam se mogli svidjeti:<strong><em><a href=\"https:\/\/rmvapesale.com\/hr\/shop-2\/\">kupite sada &gt;&gt;&gt;<\/a><\/em><\/strong><\/p>","protected":false},"excerpt":{"rendered":"<p>Najnoviji Bang King 35K Puff punjivi jednokratni vape<br \/>\nBang King 35000 Jednokratni vape s dvostrukim okusom, kupnja na veliko<br \/>\nBang King 35000 Puffs s pametnim zaslonom, veleprodajni jednokratni vape<\/p>\n<p><strong>Kontaktirajte Amy da dobijete pravi odgovor i kupon za vape!<\/strong><\/p>\n<p><img loading=\"lazy\" decoding=\"async\" class=\"size-full wp-image-2375\" src=\"https:\/\/rmvapesale.com\/wp-content\/uploads\/2024\/10\/image.png\" alt=\"Najbolji jednokratni vejp\" width=\"229\" height=\"300\" \/><\/p>\n<h3><a href=\"https:\/\/wa.me\/8617776015835\"><span style=\"color: #ff0000\"><strong>WhatsApp: +86 17776015835<\/strong><\/span><\/a><\/h3>\n<p>&nbsp;<\/p>","protected":false},"featured_media":2952,"comment_status":"open","ping_status":"closed","template":"","meta":{"_uag_custom_page_level_css":"","_lmt_disableupdate":"no","_lmt_disable":"","site-sidebar-layout":"default","site-content-layout":"content-boxed-container","ast-site-content-layout":"normal-width-container","site-content-style":"boxed","site-sidebar-style":"unboxed","ast-global-header-display":"","ast-banner-title-visibility":"","ast-main-header-display":"","ast-hfb-above-header-display":"","ast-hfb-below-header-display":"","ast-hfb-mobile-header-display":"","site-post-title":"","ast-breadcrumbs-content":"","ast-featured-img":"","footer-sml-layout":"","theme-transparent-header-meta":"default","adv-header-id-meta":"","stick-header-meta":"","header-above-stick-meta":"","header-main-stick-meta":"","header-below-stick-meta":"","astra-migrate-meta-layouts":"set","ast-page-background-enabled":"default","ast-page-background-meta":{"desktop":{"background-color":"var(--ast-global-color-4)","background-image":"","background-repeat":"repeat","background-position":"center center","background-size":"auto","background-attachment":"scroll","background-type":"","background-media":"","overlay-type":"","overlay-color":"","overlay-opacity":"","overlay-gradient":""},"tablet":{"background-color":"","background-image":"","background-repeat":"repeat","background-position":"center center","background-size":"auto","background-attachment":"scroll","background-type":"","background-media":"","overlay-type":"","overlay-color":"","overlay-opacity":"","overlay-gradient":""},"mobile":{"background-color":"","background-image":"","background-repeat":"repeat","background-position":"center center","background-size":"auto","background-attachment":"scroll","background-type":"","background-media":"","overlay-type":"","overlay-color":"","overlay-opacity":"","overlay-gradient":""}},"ast-content-background-meta":{"desktop":{"background-color":"var(--ast-global-color-5)","background-image":"","background-repeat":"repeat","background-position":"center center","background-size":"auto","background-attachment":"scroll","background-type":"","background-media":"","overlay-type":"","overlay-color":"","overlay-opacity":"","overlay-gradient":""},"tablet":{"background-color":"var(--ast-global-color-5)","background-image":"","background-repeat":"repeat","background-position":"center center","background-size":"auto","background-attachment":"scroll","background-type":"","background-media":"","overlay-type":"","overlay-color":"","overlay-opacity":"","overlay-gradient":""},"mobile":{"background-color":"var(--ast-global-color-5)","background-image":"","background-repeat":"repeat","background-position":"center center","background-size":"auto","background-attachment":"scroll","background-type":"","background-media":"","overlay-type":"","overlay-color":"","overlay-opacity":"","overlay-gradient":""}},"_joinchat":[]},"product_brand":[],"product_cat":[15,246,25,123,26,28,135,27,60,137,136,30],"product_tag":[199,270,146,222,64,40,111],"class_list":{"0":"post-2955","1":"product","2":"type-product","3":"status-publish","4":"has-post-thumbnail","6":"product_cat-new-vape-this-week","7":"product_cat-35000-puffs-disposable-vape","8":"product_cat-germany-best-selling-vape","9":"product_cat-italy-wholesale-vape","10":"product_cat-netherlands-hot-sale-vape","11":"product_cat-poland-hot-sale-vape","12":"product_cat-spain-best-hot-sale-vape","13":"product_cat-fance-hot-sale-vape","14":"product_cat-bang-vapes","15":"product_cat-rechargeable-vapes","16":"product_cat-smart-screen-vapes","17":"product_cat-minimum-order-quantity-50pcs","18":"product_tag-bang-vape","19":"product_tag-bangking-35000-puffs","20":"product_tag-best-hot-sale-vape","21":"product_tag-double-flavor-vape","22":"product_tag-dual-flavour-vape","23":"product_tag-hot-sale-vape","24":"product_tag-low-nicotine-disposable-vape","25":"desktop-align-left","26":"tablet-align-left","27":"mobile-align-left","29":"first","30":"instock","31":"sale","32":"shipping-taxable","33":"purchasable","34":"product-type-simple"},"uagb_featured_image_src":{"full":["https:\/\/rmvapesale.com\/wp-content\/uploads\/2025\/01\/Bang-Swich-Duo-Disposable-Vape-36000.webp",800,800,false],"thumbnail":["https:\/\/rmvapesale.com\/wp-content\/uploads\/2025\/01\/Bang-Swich-Duo-Disposable-Vape-36000-150x150.webp",150,150,true],"medium":["https:\/\/rmvapesale.com\/wp-content\/uploads\/2025\/01\/Bang-Swich-Duo-Disposable-Vape-36000-300x300.webp",300,300,true],"medium_large":["https:\/\/rmvapesale.com\/wp-content\/uploads\/2025\/01\/Bang-Swich-Duo-Disposable-Vape-36000-768x768.webp",768,768,true],"large":["https:\/\/rmvapesale.com\/wp-content\/uploads\/2025\/01\/Bang-Swich-Duo-Disposable-Vape-36000.webp",800,800,false],"1536x1536":["https:\/\/rmvapesale.com\/wp-content\/uploads\/2025\/01\/Bang-Swich-Duo-Disposable-Vape-36000.webp",800,800,false],"2048x2048":["https:\/\/rmvapesale.com\/wp-content\/uploads\/2025\/01\/Bang-Swich-Duo-Disposable-Vape-36000.webp",800,800,false],"trp-custom-language-flag":["https:\/\/rmvapesale.com\/wp-content\/uploads\/2025\/01\/Bang-Swich-Duo-Disposable-Vape-36000.webp",12,12,false],"woocommerce_thumbnail":["https:\/\/rmvapesale.com\/wp-content\/uploads\/2025\/01\/Bang-Swich-Duo-Disposable-Vape-36000-300x300.webp",300,300,true],"woocommerce_single":["https:\/\/rmvapesale.com\/wp-content\/uploads\/2025\/01\/Bang-Swich-Duo-Disposable-Vape-36000-600x600.webp",600,600,true],"woocommerce_gallery_thumbnail":["https:\/\/rmvapesale.com\/wp-content\/uploads\/2025\/01\/Bang-Swich-Duo-Disposable-Vape-36000-100x100.webp",100,100,true],"wcpr-photo-reviews":["https:\/\/rmvapesale.com\/wp-content\/uploads\/2025\/01\/Bang-Swich-Duo-Disposable-Vape-36000.webp",500,500,false]},"uagb_author_info":{"display_name":"AMY","author_link":"https:\/\/rmvapesale.com\/hr\/author\/"},"uagb_comment_info":0,"uagb_excerpt":"Latest Bang King 35K Puff Rechargeable Disposable Vape Bang King 35000 Dual Flavors Disposable Vape Bulk Buy Bang King 35000 Puffs Smart Screen Wholesale Disposable Contact Amy to get right reply and vape coupon! WhatsApp: +86 17776015835 &nbsp;","_links":{"self":[{"href":"https:\/\/rmvapesale.com\/hr\/wp-json\/wp\/v2\/product\/2955","targetHints":{"allow":["GET"]}}],"collection":[{"href":"https:\/\/rmvapesale.com\/hr\/wp-json\/wp\/v2\/product"}],"about":[{"href":"https:\/\/rmvapesale.com\/hr\/wp-json\/wp\/v2\/types\/product"}],"replies":[{"embeddable":true,"href":"https:\/\/rmvapesale.com\/hr\/wp-json\/wp\/v2\/comments?post=2955"}],"wp:featuredmedia":[{"embeddable":true,"href":"https:\/\/rmvapesale.com\/hr\/wp-json\/wp\/v2\/media\/2952"}],"wp:attachment":[{"href":"https:\/\/rmvapesale.com\/hr\/wp-json\/wp\/v2\/media?parent=2955"}],"wp:term":[{"taxonomy":"product_brand","embeddable":true,"href":"https:\/\/rmvapesale.com\/hr\/wp-json\/wp\/v2\/product_brand?post=2955"},{"taxonomy":"product_cat","embeddable":true,"href":"https:\/\/rmvapesale.com\/hr\/wp-json\/wp\/v2\/product_cat?post=2955"},{"taxonomy":"product_tag","embeddable":true,"href":"https:\/\/rmvapesale.com\/hr\/wp-json\/wp\/v2\/product_tag?post=2955"}],"curies":[{"name":"wp","href":"https:\/\/api.w.org\/{rel}","templated":true}]}}