{"id":2976,"date":"2025-01-22T07:46:21","date_gmt":"2025-01-22T07:46:21","guid":{"rendered":"https:\/\/rmvapesale.com\/?post_type=product&#038;p=2976"},"modified":"2025-01-22T08:11:09","modified_gmt":"2025-01-22T08:11:09","slug":"waspe-crystal-40000-puffs-double-flavor-led-display-disposable-vape-bulk-buy","status":"publish","type":"product","link":"https:\/\/rmvapesale.com\/hr\/product\/waspe-crystal-40000-puffs-double-flavor-led-display-disposable-vape-bulk-buy\/","title":{"rendered":"WASPE Crystal 40000 Puffs Jednokratni Vape s dvostrukim okusom i LED zaslonom za skupnu kupnju"},"content":{"rendered":"<div class=\"B2VR9 CJHX3e\">\n<div class=\"wyccme\">\n<div class=\"flex-shrink-0 flex flex-col relative items-end\">\n<div class=\"pt-0\">\n<div class=\"gizmo-bot-avatar flex h-8 w-8 items-center justify-center overflow-hidden rounded-full\">\n<div class=\"relative p-1 rounded-sm flex items-center justify-center bg-token-main-surface-primary text-token-text-primary h-8 w-8\">\n<div class=\"flex-shrink-0 flex flex-col relative items-end\">\n<div class=\"pt-0\">\n<div class=\"gizmo-bot-avatar flex h-8 w-8 items-center justify-center overflow-hidden rounded-full\">\n<h1 class=\"relative p-1 rounded-sm flex items-center justify-center bg-token-main-surface-primary text-token-text-primary h-8 w-8\">WASPE Crystal 40000 Puffs Jednokratni Vape s dvostrukim okusom i LED zaslonom za skupnu kupnju<\/h1>\n<\/div>\n<\/div>\n<\/div>\n<\/div>\n<\/div>\n<\/div>\n<\/div>\n<div class=\"group\/conversation-turn relative flex w-full min-w-0 flex-col agent-turn\">\n<div class=\"flex-col gap-1 md:gap-3\">\n<div class=\"flex max-w-full flex-col flex-grow\">\n<div class=\"min-h-8 text-message flex w-full flex-col items-end gap-2 whitespace-normal break-words text-start [.text-message+&amp;]:mt-5\" dir=\"auto\" data-message-author-role=\"assistant\" data-message-id=\"80ece0c4-ead1-4ed9-a9f0-ddc22582b4f4\" data-message-model-slug=\"gpt-4o\">\n<p>Ovaj <strong>WASPE Crystal 40000 Puffs Jednokratni Vape s Dvostrukim Okusom<\/strong> je dizajniran za vapere koji \u017eude za dugotrajnim performansama uz dodanu prednost <strong>LED zaslon<\/strong> i <strong>pristupa\u010dnosti pri kupnji na veliko<\/strong>. Bilo da ste povremeni korisnik ili tvrtka koja tra\u017ei veleprodajne mogu\u0107nosti, ovaj <strong>vrhunski brend jednokratnih vape ure\u0111aja<\/strong> pru\u017ea kvalitetu, prakti\u010dnost i isplativost.<\/p>\n<p>S ogromnim <strong>40.000 udisaja<\/strong>, ovaj ure\u0111aj eliminira potrebu za \u010destim zamjenama. Jedinstvena <strong>zna\u010dajka dvostrukog okusa<\/strong> omogu\u0107uje korisnicima prebacivanje izme\u0111u dva uzbudljiva okusa bez napora, pru\u017eaju\u0107i raznolikost i zadovoljstvo u svakom udisaju.<\/p>\n<p>A <strong>Jasan LED zaslon<\/strong> prikazuje trajanje baterije i razinu e-teku\u0107ine, daju\u0107i vam potpunu kontrolu nad va\u0161im iskustvom vapinga. Funkcija <strong>podesivog protoka zraka<\/strong> omogu\u0107uje vam da prilagodite svoje povla\u010denje, bez obzira preferirate li glatki, prozra\u010dni udah ili ja\u010di udarac.<\/p>\n<p>Sadr\u017ei <strong>32 ml vrhunske e-teku\u0107ine<\/strong>, ovaj vape nudi dugotrajno iskustvo bez gnjava\u017ee s ponovnim punjenjem. Dostupan u <strong>0%, 2% i 5% ja\u010dinama nikotina<\/strong>, odgovara \u0161irokom rasponu vapera, od onih koji preferiraju opcije bez nikotina do onih koji u\u017eivaju u ja\u010dem udarcu.<\/p>\n<p>Ugra\u0111eni <strong>punjiva baterija od 850mAh<\/strong> podr\u017eava brzo Type-C punjenje, \u0161to olak\u0161ava odr\u017eavanje napajanja ure\u0111aja. Sa svojim laganim i prijenosnim dizajnom, savr\u0161en je pratitelj za vaping u pokretu. Plus, <strong>mogu\u0107nosti za kupnju na veliko<\/strong> u\u010dinite ga izvrsnim izborom za trgovce na malo i veletrgovce koji tra\u017ee pristupa\u010dne jednokratne vape ure\u0111aje.<\/p>\n<\/div>\n<\/div>\n<\/div>\n<\/div>\n<div class=\"flex-shrink-0 flex flex-col relative items-end\">\n<div class=\"pt-0\">\n<div class=\"gizmo-bot-avatar flex h-8 w-8 items-center justify-center overflow-hidden rounded-full\">\n<p>&nbsp;<\/p>\n<\/div>\n<\/div>\n<\/div>\n<\/div>\n<\/div>\n<p><strong>Kontaktirajte Amy da dobijete pravi odgovor i kupon za vape!<\/strong><\/p>\n<p><img loading=\"lazy\" decoding=\"async\" class=\"size-full wp-image-1978\" src=\"https:\/\/rmvapesale.com\/wp-content\/uploads\/2024\/09\/Disposable-Vape-Wholesale.jpg\" alt=\"Veleprodaja jednokratnih vejpova\" width=\"229\" height=\"300\" \/><\/p>\n<h3><a href=\"https:\/\/wa.me\/8617776015835\" target=\"_blank\" rel=\"noopener\"><span style=\"color: #ff0000\"><strong>WhatsApp: +86 17776015835<\/strong><\/span><\/a><\/h3>\n<p>&nbsp;<\/p>\n<h3><strong style=\"font-size: 1.7em\">WASPE Crystal 40000 Pufova Klju\u010dne zna\u010dajke proizvoda<\/strong><\/h3>\n<ol>\n<li><strong>Udisaji<\/strong>: 40000<\/li>\n<li><strong>Dva okusa<\/strong>: 20000 Pufova + 20000 Pufova = 40000 Pufova<\/li>\n<li><strong>Ja\u010dina nikotina<\/strong>: 0% \/ 2% \/ 3% \/ 5%<\/li>\n<li><strong>Punjenje kapaciteta<\/strong>: 32mL<\/li>\n<li><strong>Kapacitet baterije<\/strong>: 850mAh<\/li>\n<li><strong>Priklju\u010dak za punjenje<\/strong>: USB Type-C<\/li>\n<li><strong>Radnja<\/strong>: Aktivacija povla\u010denjem<\/li>\n<li><strong>0.9ohm Dvostruki mre\u017easti grija\u010d<\/strong><\/li>\n<li><strong>LED zaslon<\/strong><\/li>\n<li><strong>Indikator razine baterije<\/strong><\/li>\n<li><strong>Indikator razine e-teku\u0107ine<\/strong><\/li>\n<\/ol>\n<p><img loading=\"lazy\" decoding=\"async\" class=\"wp-image-2965 size-full\" src=\"https:\/\/rmvapesale.com\/wp-content\/uploads\/2025\/01\/WASPE-40000-Puffs-Crystal-Disposable-Vape.webp\" alt=\"WASPE Crystal jednokratni ure\u0111aj za udisanje od 40000 Udisaja\" width=\"1000\" height=\"1000\" srcset=\"https:\/\/rmvapesale.com\/wp-content\/uploads\/2025\/01\/WASPE-40000-Puffs-Crystal-Disposable-Vape.webp 1000w, https:\/\/rmvapesale.com\/wp-content\/uploads\/2025\/01\/WASPE-40000-Puffs-Crystal-Disposable-Vape-300x300.webp 300w, https:\/\/rmvapesale.com\/wp-content\/uploads\/2025\/01\/WASPE-40000-Puffs-Crystal-Disposable-Vape-150x150.webp 150w, https:\/\/rmvapesale.com\/wp-content\/uploads\/2025\/01\/WASPE-40000-Puffs-Crystal-Disposable-Vape-768x768.webp 768w, https:\/\/rmvapesale.com\/wp-content\/uploads\/2025\/01\/WASPE-40000-Puffs-Crystal-Disposable-Vape-600x600.webp 600w, https:\/\/rmvapesale.com\/wp-content\/uploads\/2025\/01\/WASPE-40000-Puffs-Crystal-Disposable-Vape-100x100.webp 100w\" sizes=\"auto, (max-width: 1000px) 100vw, 1000px\" \/><\/p>\n<h3><strong style=\"font-size: 1.7em\">Najprodavaniji okus za WASPE Crystal 40000 Pufova<\/strong><strong style=\"font-size: 1.7em\">\u00a0Vape<\/strong><\/h3>\n<p>Sa svojim <strong>impresivan broj pufova, napredne zna\u010dajke i pristupa\u010dne veleprodajne cijene<\/strong>, vape ure\u0111aj WASPE Crystal 40000 Pufova je must-have za vaperi i trgovce na malo. Naru\u010dite danas i do\u017eivite vrhunsko iskustvo vapinga!<\/p>\n<p>1.Vodenasta lubenica &amp; Limun Limeta<br \/>\n2.Lubenica &amp; Vi\u0161nja Cola Led<br \/>\n3.Mije\u0161ano bobi\u010dasto vo\u0107e &amp; Malina Limunada <span style=\"color: #ff0000\"><strong>&gt;&gt;&gt;&gt; Vru\u0107e !<\/strong><\/span><br \/>\n4.Gro\u017e\u0111ice Led &amp; Crni Zmaj Led<br \/>\n5.Jagoda Banana &amp; Ananas Kokos Led<br \/>\n6.Breskva Led &amp; Vodenasta lubenica Mango breskva<br \/>\n7.Jagoda Malina Vi\u0161nja &amp; Ljubav 666 <span style=\"color: #ff0000\"><strong>&gt;&gt;&gt;&gt; Najbolje !<\/strong><\/span><br \/>\n8.Lubenica Malina &amp; Breskva Bobi\u010dasto Led<br \/>\n9.Jagoda Kiwi &amp; Jagoda Vi\u0161nja<br \/>\n10.Lubenica Slatki\u0161 &amp; Jagoda Vodenasta lubenica<br \/>\n11. Jagoda Red Bull &amp; Borovnica Vi\u0161nja <span style=\"color: #ff0000\"><strong>&gt;&gt;&gt;&gt; Vru\u0107e !<\/strong><\/span><br \/>\n12. Red Bull Ice &amp; Jagoda Mango<\/p>\n<p>&nbsp;<\/p>\n<h3><strong>Za\u0161to odabrati Rmvapesale za WASPE Crystal 40000 Udisaja <\/strong><strong>V<\/strong><strong>Veleprodaja Vape proizvoda<\/strong><strong>?<\/strong><\/h3>\n<div class=\"flex-shrink-0 flex flex-col relative items-end\">\n<div class=\"pt-0\">\n<div class=\"gizmo-bot-avatar flex h-8 w-8 items-center justify-center overflow-hidden rounded-full\">\n<p>Kako se konkurencija na tr\u017ei\u0161tu jednokratnih e-cigareta poja\u010dava, Rmvapesale, globalni lider u veleprodajnim rje\u0161enjima za jednokratne vape ure\u0111aje, lansirao je Bang Box 30000 30k Puffs dvostruki okus punjivi jednokratni vape. Ovaj revolucionarni proizvod privla\u010di pa\u017enju svojim jedinstvenim estetskim i modnim dizajnom. Sadr\u017ei opse\u017ean niz vo\u0107nih okusa, udovoljava \u0161irokom spektru potro\u0161a\u010dkih ukusa, nagla\u0161avaju\u0107i inovacije i svestranost.<\/p>\n<p class=\"relative p-1 rounded-sm flex items-center justify-center bg-token-main-surface-primary text-token-text-primary h-8 w-8\">Rmvapesale je va\u0161a pouzdana vape trgovina za vrhunske jednokratne vapeove. S vi\u0161e od 5 godina iskustva, donosimo vam popularne marke jednokratnih vapeova kao \u0161to su Al Fakher, JNR Vape, Vapsolo Vape, Vapme Vape, <a href=\"https:\/\/rmvapesale.com\/hr\/product-category\/bang-vapes\/\">Bang Vape<\/a>, Waspe Vape, WGA Vape i<a href=\"https:\/\/rmvapesale.com\/hr\/product-category\/randm-fumot-vape\/\"> RandM Vape<\/a>. Na\u0161 asortiman uklju\u010duje vru\u0107e rasprodane jednokratne vapeove kao \u0161to su <a href=\"https:\/\/rmvapesale.com\/hr\/product\/aivono-aim-flash-35000-puffs-curved-smart-screen-disposable-vape-wholesale\/\">AIVONO Flash 35000 Puffs<\/a> i izbore bogate okusima poput<a href=\"https:\/\/rmvapesale.com\/hr\/product\/crystal-vape-uwin-shisha-hookah-20k-20000-puffs-wholesale-best-price\/\"> UWIN Shisha Hoohak 20000<\/a>. Svaki proizvod odabran je s fokusom na kvalitetu, vrijednost i raznolikost, osiguravaju\u0107i da prona\u0111ete savr\u0161eni odabir za svoje potrebe. Otkrijte iznimnu uslugu i \u0161irok raspon vrhunskih proizvoda u Rmvapesale.<\/p>\n<p>&nbsp;<\/p>\n<p class=\"relative p-1 rounded-sm flex items-center justify-center bg-token-main-surface-primary text-token-text-primary h-8 w-8\"><b style=\"font-size: 1.5em;font-style: inherit\">\u010cPP za WASPE Crystal 40000 Udisaja <\/b><b style=\"font-size: 1.5em;font-style: inherit\">Jednokratni vape koji se mo\u017ee puniti<\/b><\/p>\n<ol>\n<li><strong>Gdje mogu kupiti WASPE Crystal 40000 Udisaja na veliko?<\/strong>\n<ul>\n<li>Mo\u017eete kupiti velike narud\u017ebe od <a href=\"https:\/\/rmvapesale.com\/hr\/\" target=\"_new\" rel=\"noopener\">Rmvapesale<\/a> po konkurentnim veleprodajnim cijenama.<\/li>\n<\/ul>\n<\/li>\n<li><strong>\u0160to prikazuje LED zaslon?<\/strong>\n<ul>\n<li>Zaslon pru\u017ea a\u017euriranja u stvarnom vremenu o postotku baterije i razini teku\u0107ine za udisanje.<\/li>\n<\/ul>\n<\/li>\n<li><strong>Mogu li prilagoditi protok zraka na ovom ure\u0111aju za udisanje?<\/strong>\n<ul>\n<li>Da, zna\u010dajka prilagodljivog protoka zraka omogu\u0107ava vam da prilagodite svoje iskustvo udisanja.<\/li>\n<\/ul>\n<\/li>\n<li><strong>Koliko traje baterija od 850mAh?<\/strong>\n<ul>\n<li>Nudi produ\u017eenu uporabu i mo\u017ee se puniti vi\u0161e puta za kontinuirano u\u017eivanje.<\/li>\n<\/ul>\n<\/li>\n<li><strong>Je li WASPE Crystal prikladan za udisanje bez nikotina?<\/strong>\n<ul>\n<li>Da, opcija nikotina 0% savr\u0161ena je za korisnike koji tra\u017ee iskustvo bez nikotina.<\/li>\n<\/ul>\n<\/li>\n<\/ol>\n<\/div>\n<\/div>\n<\/div>\n<h2>Kako naru\u010diti?<\/h2>\n<div class=\"flex-shrink-0 flex flex-col relative items-end\">\n<div class=\"pt-0\">\n<div class=\"gizmo-bot-avatar flex h-8 w-8 items-center justify-center overflow-hidden rounded-full\">\n<div>\n<p><strong>1. Koje na\u010dine pla\u0107anja prihva\u0107ate?<\/strong><br \/>\n<span class=\"selectable-text copyable-text false\">Za pla\u0107anje nudimo bankovni transfer i Western Union. Ve\u0107ina na\u0161ih kupaca iz Europe odabire bankovni transfer, imamo lokalni bankovni ra\u010dun na koji mo\u017eete platiti na na\u0161 IBAN ra\u010dun bez naknade za obradu. <\/span>.<\/p>\n<p><strong>2. Kako mogu pratiti svoju narud\u017ebu?<\/strong><br \/>\nNakon \u0161to je paket poslan, <span class=\"selectable-text copyable-text false\">ponudit \u0107emo broj za pra\u0107enje kao referencu, tako\u0111er \u0107emo pratiti status dok ne primite teret<\/span>.<\/p>\n<p><strong>3. Koliko vremena treba da stigne?<\/strong><\/p>\n<ul>\n<li>Dostava iz <strong>skladi\u0161ta u Kini<\/strong> traje otprilike <strong>7-14 radnih dana<\/strong>.<\/li>\n<li>Dostava iz <strong>Europska skladi\u0161ta<\/strong> obi\u010dno traje <strong>3-6 radnih dana<\/strong>.<\/li>\n<\/ul>\n<p><strong>4. Kako mogu dobiti br\u017eu dostavu?<\/strong><br \/>\nZa br\u017eu dostavu, preporu\u010dujemo naru\u010divanje iz na\u0161eg <strong>Europskog skladi\u0161ta<\/strong>, koje nudi br\u017ee vrijeme isporuke.<\/p>\n<p><strong>5. \u0160to ako primim o\u0161te\u0107en ili neispravan proizvod?<\/strong><br \/>\nAko je va\u0161 predmet o\u0161te\u0107en ili neispravan, kontaktirajte slu\u017ebu za korisnike za <strong>zamjenu ili povrat novca<\/strong>.<\/p>\n<p><strong>6. Kako mogu kontaktirati slu\u017ebu za korisnike?<\/strong><br \/>\nMo\u017eete nas kontaktirati putem<strong>\u00a0WhatsAppa ili chata u\u017eivo<\/strong> na na\u0161oj web stranici za bilo kakvu pomo\u0107.<\/p>\n<\/div>\n<div class=\"relative p-1 rounded-sm flex items-center justify-center bg-token-main-surface-primary text-token-text-primary h-8 w-8\"><strong>7. Koje metode dostave se koriste?<\/strong><\/div>\n<\/div>\n<\/div>\n<\/div>\n<div class=\"group\/conversation-turn relative flex w-full min-w-0 flex-col agent-turn\">\n<div class=\"flex-col gap-1 md:gap-3\">\n<div class=\"flex max-w-full flex-col flex-grow\">\n<div class=\"min-h-[20px] text-message flex w-full flex-col items-end gap-2 whitespace-normal break-words [.text-message+&amp;]:mt-5 overflow-x-auto\" dir=\"auto\" data-message-author-role=\"assistant\" data-message-id=\"22f8283b-3233-46ff-89a5-c7a41b33abda\">\n<div class=\"flex w-full flex-col gap-1 empty:hidden first:pt-[3px]\">\n<div class=\"markdown prose w-full break-words dark:prose-invert light\">\n<p>Sura\u0111ujemo s UPS-om, DHL-om, FedEx-om, DPD-om i drugim vode\u0107im prijevoznicima. Odabrat \u0107emo najbolju metodu dostave na temelju va\u0161e lokacije kako bismo osigurali da svoje proizvode primite \u0161to je prije mogu\u0107e.<\/p>\n<\/div>\n<\/div>\n<\/div>\n<\/div>\n<\/div>\n<\/div>\n<p>Prona\u0111ite vi\u0161e Vape proizvoda koji bi vam se mogli svidjeti:<strong><em><a href=\"https:\/\/rmvapesale.com\/hr\/shop-2\/\">kupite sada &gt;&gt;&gt;<\/a><\/em><\/strong><\/p>","protected":false},"excerpt":{"rendered":"<p>WASPE Crystal 40k Udisaja Dvostruki Okusi Punjivi Jednokratni Vape<br \/>\nWASPE Crystal 40000 Udisaja Dvostruki Okusi Jednokratni Vape Kupnja na Veliko<br \/>\nWASPE Crystal 40000 Udisaja 2 u 1 Okus Pametni Zaslon Na Veliko Jednokratni<\/p>\n<p><strong>Kontaktirajte Amy da dobijete pravi odgovor i kupon za vape!<\/strong><\/p>\n<p><img loading=\"lazy\" decoding=\"async\" class=\"size-full wp-image-2375\" src=\"https:\/\/rmvapesale.com\/wp-content\/uploads\/2024\/10\/image.png\" alt=\"Najbolji jednokratni vejp\" width=\"229\" height=\"300\" \/><\/p>\n<h3><a href=\"https:\/\/wa.me\/8617776015835\"><span style=\"color: #ff0000\"><strong>WhatsApp: +86 17776015835<\/strong><\/span><\/a><\/h3>\n<p>&nbsp;<\/p>","protected":false},"featured_media":2975,"comment_status":"open","ping_status":"closed","template":"","meta":{"_uag_custom_page_level_css":"","_lmt_disableupdate":"no","_lmt_disable":"","site-sidebar-layout":"default","site-content-layout":"content-boxed-container","ast-site-content-layout":"normal-width-container","site-content-style":"boxed","site-sidebar-style":"unboxed","ast-global-header-display":"","ast-banner-title-visibility":"","ast-main-header-display":"","ast-hfb-above-header-display":"","ast-hfb-below-header-display":"","ast-hfb-mobile-header-display":"","site-post-title":"","ast-breadcrumbs-content":"","ast-featured-img":"","footer-sml-layout":"","theme-transparent-header-meta":"default","adv-header-id-meta":"","stick-header-meta":"","header-above-stick-meta":"","header-main-stick-meta":"","header-below-stick-meta":"","astra-migrate-meta-layouts":"set","ast-page-background-enabled":"default","ast-page-background-meta":{"desktop":{"background-color":"var(--ast-global-color-4)","background-image":"","background-repeat":"repeat","background-position":"center center","background-size":"auto","background-attachment":"scroll","background-type":"","background-media":"","overlay-type":"","overlay-color":"","overlay-opacity":"","overlay-gradient":""},"tablet":{"background-color":"","background-image":"","background-repeat":"repeat","background-position":"center center","background-size":"auto","background-attachment":"scroll","background-type":"","background-media":"","overlay-type":"","overlay-color":"","overlay-opacity":"","overlay-gradient":""},"mobile":{"background-color":"","background-image":"","background-repeat":"repeat","background-position":"center center","background-size":"auto","background-attachment":"scroll","background-type":"","background-media":"","overlay-type":"","overlay-color":"","overlay-opacity":"","overlay-gradient":""}},"ast-content-background-meta":{"desktop":{"background-color":"var(--ast-global-color-5)","background-image":"","background-repeat":"repeat","background-position":"center center","background-size":"auto","background-attachment":"scroll","background-type":"","background-media":"","overlay-type":"","overlay-color":"","overlay-opacity":"","overlay-gradient":""},"tablet":{"background-color":"var(--ast-global-color-5)","background-image":"","background-repeat":"repeat","background-position":"center center","background-size":"auto","background-attachment":"scroll","background-type":"","background-media":"","overlay-type":"","overlay-color":"","overlay-opacity":"","overlay-gradient":""},"mobile":{"background-color":"var(--ast-global-color-5)","background-image":"","background-repeat":"repeat","background-position":"center center","background-size":"auto","background-attachment":"scroll","background-type":"","background-media":"","overlay-type":"","overlay-color":"","overlay-opacity":"","overlay-gradient":""}},"_joinchat":[]},"product_brand":[],"product_cat":[15,289,290,291,292,298,293,295,299,274,258,25,123,26,28,135,27,137,136,30],"product_tag":[146,124,222,64,40,111,300,221],"class_list":{"0":"post-2976","1":"product","2":"type-product","3":"status-publish","4":"has-post-thumbnail","6":"product_cat-new-vape-this-week","7":"product_cat-big-puffs-disposable-vapes","8":"product_cat-crystal-disposable-vapes","9":"product_cat-dual-mesh-disposable-vapes","10":"product_cat-digital-disposable-vapes","11":"product_cat-double-flavor-disposable-vapes","12":"product_cat-low-nicotine-disposable-vapes","13":"product_cat-rechargeable-disposable-vapes","14":"product_cat-smart-screen-disposable-vapes","15":"product_cat-waspe-fihp-vape","16":"product_cat-40000-puff-disposable-vape","17":"product_cat-germany-best-selling-vape","18":"product_cat-italy-wholesale-vape","19":"product_cat-netherlands-hot-sale-vape","20":"product_cat-poland-hot-sale-vape","21":"product_cat-spain-best-hot-sale-vape","22":"product_cat-fance-hot-sale-vape","23":"product_cat-rechargeable-vapes","24":"product_cat-smart-screen-vapes","25":"product_cat-minimum-order-quantity-50pcs","26":"product_tag-best-hot-sale-vape","27":"product_tag-crystal-vape","28":"product_tag-double-flavor-vape","29":"product_tag-dual-flavour-vape","30":"product_tag-hot-sale-vape","31":"product_tag-low-nicotine-disposable-vape","32":"product_tag-waspe-crystal-40000","33":"product_tag-waspe-vape","34":"desktop-align-left","35":"tablet-align-left","36":"mobile-align-left","38":"first","39":"instock","40":"sale","41":"shipping-taxable","42":"purchasable","43":"product-type-simple"},"uagb_featured_image_src":{"full":["https:\/\/rmvapesale.com\/wp-content\/uploads\/2025\/01\/WASPE-40000-Puffs-Crystal-Disposable-Vape-Wholesale.webp",1000,1000,false],"thumbnail":["https:\/\/rmvapesale.com\/wp-content\/uploads\/2025\/01\/WASPE-40000-Puffs-Crystal-Disposable-Vape-Wholesale-150x150.webp",150,150,true],"medium":["https:\/\/rmvapesale.com\/wp-content\/uploads\/2025\/01\/WASPE-40000-Puffs-Crystal-Disposable-Vape-Wholesale-300x300.webp",300,300,true],"medium_large":["https:\/\/rmvapesale.com\/wp-content\/uploads\/2025\/01\/WASPE-40000-Puffs-Crystal-Disposable-Vape-Wholesale-768x768.webp",768,768,true],"large":["https:\/\/rmvapesale.com\/wp-content\/uploads\/2025\/01\/WASPE-40000-Puffs-Crystal-Disposable-Vape-Wholesale.webp",1000,1000,false],"1536x1536":["https:\/\/rmvapesale.com\/wp-content\/uploads\/2025\/01\/WASPE-40000-Puffs-Crystal-Disposable-Vape-Wholesale.webp",1000,1000,false],"2048x2048":["https:\/\/rmvapesale.com\/wp-content\/uploads\/2025\/01\/WASPE-40000-Puffs-Crystal-Disposable-Vape-Wholesale.webp",1000,1000,false],"trp-custom-language-flag":["https:\/\/rmvapesale.com\/wp-content\/uploads\/2025\/01\/WASPE-40000-Puffs-Crystal-Disposable-Vape-Wholesale.webp",12,12,false],"woocommerce_thumbnail":["https:\/\/rmvapesale.com\/wp-content\/uploads\/2025\/01\/WASPE-40000-Puffs-Crystal-Disposable-Vape-Wholesale-300x300.webp",300,300,true],"woocommerce_single":["https:\/\/rmvapesale.com\/wp-content\/uploads\/2025\/01\/WASPE-40000-Puffs-Crystal-Disposable-Vape-Wholesale-600x600.webp",600,600,true],"woocommerce_gallery_thumbnail":["https:\/\/rmvapesale.com\/wp-content\/uploads\/2025\/01\/WASPE-40000-Puffs-Crystal-Disposable-Vape-Wholesale-100x100.webp",100,100,true],"wcpr-photo-reviews":["https:\/\/rmvapesale.com\/wp-content\/uploads\/2025\/01\/WASPE-40000-Puffs-Crystal-Disposable-Vape-Wholesale.webp",500,500,false]},"uagb_author_info":{"display_name":"AMY","author_link":"https:\/\/rmvapesale.com\/hr\/author\/"},"uagb_comment_info":0,"uagb_excerpt":"WASPE Crystal 40k Puff Twins Flavor Rechargeable Disposable Vape WASPE Crystal 40000 Puffs Dual Flavors Disposable Vape Bulk Buy WASPE Crystal 40000 Puffs 2 in 1 Flavor Smart Screen Wholesale Disposable Contact Amy to get right reply and vape coupon! WhatsApp: +86 17776015835 &nbsp;","_links":{"self":[{"href":"https:\/\/rmvapesale.com\/hr\/wp-json\/wp\/v2\/product\/2976","targetHints":{"allow":["GET"]}}],"collection":[{"href":"https:\/\/rmvapesale.com\/hr\/wp-json\/wp\/v2\/product"}],"about":[{"href":"https:\/\/rmvapesale.com\/hr\/wp-json\/wp\/v2\/types\/product"}],"replies":[{"embeddable":true,"href":"https:\/\/rmvapesale.com\/hr\/wp-json\/wp\/v2\/comments?post=2976"}],"wp:featuredmedia":[{"embeddable":true,"href":"https:\/\/rmvapesale.com\/hr\/wp-json\/wp\/v2\/media\/2975"}],"wp:attachment":[{"href":"https:\/\/rmvapesale.com\/hr\/wp-json\/wp\/v2\/media?parent=2976"}],"wp:term":[{"taxonomy":"product_brand","embeddable":true,"href":"https:\/\/rmvapesale.com\/hr\/wp-json\/wp\/v2\/product_brand?post=2976"},{"taxonomy":"product_cat","embeddable":true,"href":"https:\/\/rmvapesale.com\/hr\/wp-json\/wp\/v2\/product_cat?post=2976"},{"taxonomy":"product_tag","embeddable":true,"href":"https:\/\/rmvapesale.com\/hr\/wp-json\/wp\/v2\/product_tag?post=2976"}],"curies":[{"name":"wp","href":"https:\/\/api.w.org\/{rel}","templated":true}]}}