{"id":3011,"date":"2025-01-26T03:15:11","date_gmt":"2025-01-26T03:15:11","guid":{"rendered":"https:\/\/rmvapesale.com\/?post_type=product&#038;p=3011"},"modified":"2025-01-23T03:29:52","modified_gmt":"2025-01-23T03:29:52","slug":"vapsolo-dg-18000-puffs-smart-screen-puff-18k-disposable-vape-wholesale-electronic-cigarette-discount-price","status":"publish","type":"product","link":"https:\/\/rmvapesale.com\/hr\/product\/vapsolo-dg-18000-puffs-smart-screen-puff-18k-disposable-vape-wholesale-electronic-cigarette-discount-price\/","title":{"rendered":"Vapsolo DG 18000 Puffs Smart Screen Puff 18k jednokratni vape veleprodaja elektroni\u010dkih cigareta sni\u017eena cijena"},"content":{"rendered":"<div class=\"B2VR9 CJHX3e\">\n<div class=\"wyccme\">\n<div class=\"flex-shrink-0 flex flex-col relative items-end\">\n<div class=\"pt-0\">\n<div class=\"gizmo-bot-avatar flex h-8 w-8 items-center justify-center overflow-hidden rounded-full\">\n<div class=\"relative p-1 rounded-sm flex items-center justify-center bg-token-main-surface-primary text-token-text-primary h-8 w-8\">\n<div class=\"flex-shrink-0 flex flex-col relative items-end\">\n<div class=\"pt-0\">\n<div class=\"gizmo-bot-avatar flex h-8 w-8 items-center justify-center overflow-hidden rounded-full\">\n<h1 class=\"relative p-1 rounded-sm flex items-center justify-center bg-token-main-surface-primary text-token-text-primary h-8 w-8\">Vapsolo DG 18000 Puffs Smart Screen Puff 18k jednokratni vape veleprodaja elektroni\u010dkih cigareta sni\u017eena cijena<\/h1>\n<\/div>\n<\/div>\n<\/div>\n<\/div>\n<\/div>\n<\/div>\n<\/div>\n<div class=\"group\/conversation-turn relative flex w-full min-w-0 flex-col agent-turn\">\n<div class=\"flex-col gap-1 md:gap-3\">\n<div class=\"flex max-w-full flex-col flex-grow\">\n<div class=\"min-h-8 text-message flex w-full flex-col items-end gap-2 whitespace-normal break-words text-start [.text-message+&amp;]:mt-5\" dir=\"auto\" data-message-author-role=\"assistant\" data-message-id=\"80ece0c4-ead1-4ed9-a9f0-ddc22582b4f4\" data-message-model-slug=\"gpt-4o\">\n<p>Tra\u017eite li visoke performanse <strong>jednokratni vejp<\/strong> s impresivnim brojem puhanja i najnovijim zna\u010dajkama? The <strong>Vapsolo DG 18000 Puffs jednokratni vape s pametnim zaslonom<\/strong> je va\u0161 savr\u0161eni spoj! Dizajniran za vapere koji \u017eude za dugotrajnim zadovoljstvom, ovaj ure\u0111aj nudi <strong>nevjerojatnih 18.000 puhanja<\/strong>, <strong>podesivog protoka zraka<\/strong>, i vrhunski <strong>pametni zaslon<\/strong>, sve po pristupa\u010dnoj <strong>veleprodajnoj cijeni<\/strong>.<\/p>\n<p>Ovaj vape ima <strong>Pametni na\u010din rada<\/strong> koji automatski prilago\u0111ava snagu i postavke na temelju va\u0161ih navika vapinga, osiguravaju\u0107i optimalno iskustvo svaki put. Trebate ja\u010di udarac? Aktivirajte <strong>Na\u010din rada za poja\u010danje<\/strong> za dodatni udarac intenziteta i zadovoljstva.<\/p>\n<p>Ovaj <strong>podesiva kontrola protoka zraka<\/strong> omogu\u0107uje vam da fino podesite svoje iskustvo vapinga, bilo da vi\u0161e volite \u010dvrst, intenzivan udarac ili glatko, prozra\u010dno povla\u010denje. Osim toga, the <strong>pametni zaslon<\/strong> pru\u017ea uvid u stvarnom vremenu o trajanju baterije i broju udisaja, tako da \u0107ete uvijek znati kada je vrijeme za punjenje.<\/p>\n<p>Opremljen s <strong>punjiva baterija od 650 mAh<\/strong> i brzo punjenje putem USB-C priklju\u010dka, mo\u017eete u\u017eivati u neprekidnom vapingu uz brzo i u\u010dinkovito punjenje. Odaberite izme\u0111u <strong>ja\u010dine nikotina od 2% ili 5%<\/strong>, prilago\u0111avaju\u0107i se kako povremenim korisnicima, tako i onima koji tra\u017ee ja\u010di udarac nikotina.<\/p>\n<p>Za kupce na veliko, Vapsolo DG 18000 nudi nenadma\u0161nu vrijednost uz <strong>veleprodajne cijene<\/strong>, \u0161to ga \u010dini idealnim izborom za prodava\u010de i distributere u Hrvatskoj.<\/p>\n<\/div>\n<\/div>\n<\/div>\n<\/div>\n<div class=\"flex-shrink-0 flex flex-col relative items-end\">\n<div class=\"pt-0\">\n<div class=\"gizmo-bot-avatar flex h-8 w-8 items-center justify-center overflow-hidden rounded-full\">\n<p>&nbsp;<\/p>\n<\/div>\n<\/div>\n<\/div>\n<\/div>\n<\/div>\n<p><strong>Kontaktirajte Amy da dobijete pravi odgovor i kupon za vape!<\/strong><\/p>\n<p><img loading=\"lazy\" decoding=\"async\" class=\"size-full wp-image-1978\" src=\"https:\/\/rmvapesale.com\/wp-content\/uploads\/2024\/09\/Disposable-Vape-Wholesale.jpg\" alt=\"Veleprodaja jednokratnih vejpova\" width=\"229\" height=\"300\" \/><\/p>\n<h3><a href=\"https:\/\/wa.me\/8617776015835\" target=\"_blank\" rel=\"noopener\"><span style=\"color: #ff0000\"><strong>WhatsApp: +86 17776015835<\/strong><\/span><\/a><\/h3>\n<p>&nbsp;<\/p>\n<h3><strong style=\"font-size: 1.7em\">Klju\u010dne zna\u010dajke proizvoda Vapsolo DG 18000 Puffs<\/strong><\/h3>\n<p>\u2611 Nikotin:2% 5%<br \/>\n\u2611 Smart na\u010din rada: 18000 udisaja<br \/>\nBoost na\u010din rada: 9000 udisaja<br \/>\n\u2611 Kapacitet: 28 ml<br \/>\n\u2611 650 mAh punjiva<br \/>\n\u2611 0,90\u03a9 mre\u017easta zavojnica<br \/>\n\u2611 Podesiv protok zraka<br \/>\n\u2611 Pametni zaslon: kapacitet baterije\/kapacitet e-teku\u0107ine<br \/>\n\u2611 Dostupno 10 okusa<\/p>\n<p>&nbsp;<\/p>\n<figure id=\"attachment_3007\" aria-describedby=\"caption-attachment-3007\" style=\"width: 300px\" class=\"wp-caption alignnone\"><img loading=\"lazy\" decoding=\"async\" class=\"size-medium wp-image-3007\" src=\"https:\/\/rmvapesale.com\/wp-content\/uploads\/2025\/01\/Vapsolo-DG-18000-Puffs-Disposable-Vape-Bulk-Buy-300x300.webp\" alt=\"Vapsolo DG 18000 Puffs jednokratni vape kupnja na veliko\" width=\"300\" height=\"300\" srcset=\"https:\/\/rmvapesale.com\/wp-content\/uploads\/2025\/01\/Vapsolo-DG-18000-Puffs-Disposable-Vape-Bulk-Buy-300x300.webp 300w, https:\/\/rmvapesale.com\/wp-content\/uploads\/2025\/01\/Vapsolo-DG-18000-Puffs-Disposable-Vape-Bulk-Buy-150x150.webp 150w, https:\/\/rmvapesale.com\/wp-content\/uploads\/2025\/01\/Vapsolo-DG-18000-Puffs-Disposable-Vape-Bulk-Buy-768x768.webp 768w, https:\/\/rmvapesale.com\/wp-content\/uploads\/2025\/01\/Vapsolo-DG-18000-Puffs-Disposable-Vape-Bulk-Buy-600x600.webp 600w, https:\/\/rmvapesale.com\/wp-content\/uploads\/2025\/01\/Vapsolo-DG-18000-Puffs-Disposable-Vape-Bulk-Buy-100x100.webp 100w, https:\/\/rmvapesale.com\/wp-content\/uploads\/2025\/01\/Vapsolo-DG-18000-Puffs-Disposable-Vape-Bulk-Buy.webp 1000w\" sizes=\"auto, (max-width: 300px) 100vw, 300px\" \/><figcaption id=\"caption-attachment-3007\" class=\"wp-caption-text\">Vapsolo DG 18000 Puffs jednokratni vape kupnja na veliko<\/figcaption><\/figure>\n<h3><strong style=\"font-size: 1.7em\">Najprodavaniji okus za Vapsolo DG 18000 Puffs<\/strong><strong style=\"font-size: 1.7em\">\u00a0Vape<\/strong><\/h3>\n<p>1.Breskva Mango Ananas <span style=\"color: #ff0000\"><strong>&gt;&gt;&gt; Vru\u0107e!<\/strong><\/span><br \/>\n2.Marakuja Kivi Led<br \/>\n3.Borovnica Vi\u0161nja Brusnica <span style=\"color: #ff0000\"><strong>&gt;&gt;&gt; Vru\u0107e!<\/strong><\/span><br \/>\n4.Ledena Lubenica<br \/>\n5.Jagoda kivi<br \/>\n6.Limun Limeta<br \/>\n7.Jagoda Banana<br \/>\n8.Crveno Govedo<br \/>\n9.Mije\u0161ano Bobi\u010dasto Vo\u0107e <span style=\"color: #ff0000\"><strong>&gt;&gt;&gt; Najbolje!<\/strong><\/span><br \/>\n10.Prime Strawberry Watermelon<\/p>\n<p>&nbsp;<\/p>\n<h3><strong>Za\u0161to odabrati Rmvapesale za Vapsolo DG 18000 Puffs <\/strong><strong>V<\/strong><strong>Veleprodaja Vape proizvoda<\/strong><strong>?<\/strong><\/h3>\n<div class=\"flex-shrink-0 flex flex-col relative items-end\">\n<div class=\"pt-0\">\n<div class=\"gizmo-bot-avatar flex h-8 w-8 items-center justify-center overflow-hidden rounded-full\">\n<p>Kako se poja\u010dava konkurencija na tr\u017ei\u0161tu jednokratnih e-cigareta, Rmvapesale, globalni lider u veleprodaji jednokratnih vape rje\u0161enja, lansirao je Vapsolo DG 18000 Puffs jednokratni vape. Ovaj revolucionarni proizvod privla\u010di pa\u017enju svojim jedinstvenim estetskim i modnim dizajnom. Sadr\u017ei \u0161irok raspon opcija vo\u0107nih okusa, zadovoljavaju\u0107i \u0161irok spektar potro\u0161a\u010dkih ukusa, dok nagla\u0161ava inovaciju i svestranost.<\/p>\n<p class=\"relative p-1 rounded-sm flex items-center justify-center bg-token-main-surface-primary text-token-text-primary h-8 w-8\">Rmvapesale je va\u0161a pouzdana vape trgovina za vrhunske jednokratne vapeove. S vi\u0161e od 5 godina iskustva, donosimo vam popularne marke jednokratnih vapeova kao \u0161to su Al Fakher, JNR Vape, Vapsolo Vape, Vapme Vape, <a href=\"https:\/\/rmvapesale.com\/hr\/product-category\/bang-vapes\/\">Bang Vape<\/a>, Waspe Vape, WGA Vape i<a href=\"https:\/\/rmvapesale.com\/hr\/product-category\/randm-fumot-vape\/\"> RandM Vape<\/a>. Na\u0161 asortiman uklju\u010duje vru\u0107e rasprodane jednokratne vapeove kao \u0161to su <a href=\"https:\/\/rmvapesale.com\/hr\/product\/waspe-crystal-40000-puffs-double-flavor-led-display-disposable-vape-bulk-buy\/\">WASPE Crystal 40000 Puffs<\/a> i izbore bogate okusima poput<a href=\"https:\/\/rmvapesale.com\/hr\/product\/aivono-fatman-15000-puffs-vape-disposable-e-cigarettes-mtl\/\"> AIVONO Shisha Hoohak 15000<\/a>. Svaki proizvod odabran je s fokusom na kvalitetu, vrijednost i raznolikost, osiguravaju\u0107i da prona\u0111ete savr\u0161eni odabir za svoje potrebe. Otkrijte iznimnu uslugu i \u0161irok raspon vrhunskih proizvoda u Rmvapesale.<\/p>\n<p>&nbsp;<\/p>\n<p class=\"relative p-1 rounded-sm flex items-center justify-center bg-token-main-surface-primary text-token-text-primary h-8 w-8\"><b style=\"font-size: 1.5em;font-style: inherit\">\u010cesta pitanja za Vapsolo DG 18k Puffs <\/b><b style=\"font-size: 1.5em;font-style: inherit\">Jednokratni vape koji se mo\u017ee puniti<\/b><\/p>\n<ol>\n<li><strong>Gdje mogu kupiti Vapsolo DG 18000 Puffs jednokratni vape po veleprodajnim cijenama?<\/strong>\n<ul>\n<li>Mo\u017eete ga kupiti po veleprodajnim cijenama od <a href=\"https:\/\/rmvapesale.com\/hr\/\" target=\"_new\" rel=\"noopener\">Rmvapesale<\/a>, uz popuste za masovnu kupnju i dostavu diljem svijeta.<\/li>\n<\/ul>\n<\/li>\n<li><strong>Kako poma\u017ee pametni zaslon?<\/strong>\n<ul>\n<li>Zaslon prikazuje postotak baterije u stvarnom vremenu i broj puhanja, obavje\u0161tavaju\u0107i vas u svakom trenutku.<\/li>\n<\/ul>\n<\/li>\n<li><strong>Mogu li podesiti protok zraka na Vapsolo 18000 Puffs?<\/strong>\n<ul>\n<li>Da, podesivi protok zraka omogu\u0107uje vam da prilagodite svoje iskustvo vapinga, od \u010dvrstih do glatkih uvla\u010denja.<\/li>\n<\/ul>\n<\/li>\n<li><strong>Koje su razine nikotina dostupne?<\/strong>\n<ul>\n<li>Ovaj ure\u0111aj dolazi s razinama nikotina od 2% i 5% kako bi zadovoljio razli\u010dite preferencije.<\/li>\n<\/ul>\n<\/li>\n<li><strong>Koliko dugo traje baterija od 650mAh?<\/strong>\n<ul>\n<li>Punjiva baterija nudi dugo vrijeme kori\u0161tenja i mo\u017ee se brzo napuniti putem Type-C za produ\u017eene sesije vapinga.<\/li>\n<\/ul>\n<\/li>\n<\/ol>\n<\/div>\n<\/div>\n<\/div>\n<h2>Kako naru\u010diti?<\/h2>\n<div class=\"flex-shrink-0 flex flex-col relative items-end\">\n<div class=\"pt-0\">\n<div class=\"gizmo-bot-avatar flex h-8 w-8 items-center justify-center overflow-hidden rounded-full\">\n<div>\n<p><strong>1. Koje na\u010dine pla\u0107anja prihva\u0107ate?<\/strong><br \/>\n<span class=\"selectable-text copyable-text false\">Za pla\u0107anje nudimo bankovni transfer i Western Union. Ve\u0107ina na\u0161ih kupaca iz Europe odabire bankovni transfer, imamo lokalni bankovni ra\u010dun na koji mo\u017eete platiti na na\u0161 IBAN ra\u010dun bez naknade za obradu. <\/span>.<\/p>\n<p><strong>2. Kako mogu pratiti svoju narud\u017ebu?<\/strong><br \/>\nNakon \u0161to je paket poslan, <span class=\"selectable-text copyable-text false\">ponudit \u0107emo broj za pra\u0107enje kao referencu, tako\u0111er \u0107emo pratiti status dok ne primite teret<\/span>.<\/p>\n<p><strong>3. Koliko vremena treba da stigne?<\/strong><\/p>\n<ul>\n<li>Dostava iz <strong>skladi\u0161ta u Kini<\/strong> traje otprilike <strong>7-14 radnih dana<\/strong>.<\/li>\n<li>Dostava iz <strong>Europska skladi\u0161ta<\/strong> obi\u010dno traje <strong>3-6 radnih dana<\/strong>.<\/li>\n<\/ul>\n<p><strong>4. Kako mogu dobiti br\u017eu dostavu?<\/strong><br \/>\nZa br\u017eu dostavu, preporu\u010dujemo naru\u010divanje iz na\u0161eg <strong>Europskog skladi\u0161ta<\/strong>, koje nudi br\u017ee vrijeme isporuke.<\/p>\n<p><strong>5. \u0160to ako primim o\u0161te\u0107en ili neispravan proizvod?<\/strong><br \/>\nAko je va\u0161 predmet o\u0161te\u0107en ili neispravan, kontaktirajte slu\u017ebu za korisnike za <strong>zamjenu ili povrat novca<\/strong>.<\/p>\n<p><strong>6. Kako mogu kontaktirati slu\u017ebu za korisnike?<\/strong><br \/>\nMo\u017eete nas kontaktirati putem<strong>\u00a0WhatsAppa ili chata u\u017eivo<\/strong> na na\u0161oj web stranici za bilo kakvu pomo\u0107.<\/p>\n<\/div>\n<div class=\"relative p-1 rounded-sm flex items-center justify-center bg-token-main-surface-primary text-token-text-primary h-8 w-8\"><strong>7. Koje metode dostave se koriste?<\/strong><\/div>\n<\/div>\n<\/div>\n<\/div>\n<div class=\"group\/conversation-turn relative flex w-full min-w-0 flex-col agent-turn\">\n<div class=\"flex-col gap-1 md:gap-3\">\n<div class=\"flex max-w-full flex-col flex-grow\">\n<div class=\"min-h-[20px] text-message flex w-full flex-col items-end gap-2 whitespace-normal break-words [.text-message+&amp;]:mt-5 overflow-x-auto\" dir=\"auto\" data-message-author-role=\"assistant\" data-message-id=\"22f8283b-3233-46ff-89a5-c7a41b33abda\">\n<div class=\"flex w-full flex-col gap-1 empty:hidden first:pt-[3px]\">\n<div class=\"markdown prose w-full break-words dark:prose-invert light\">\n<p>Sura\u0111ujemo s UPS-om, DHL-om, FedEx-om, DPD-om i drugim vode\u0107im prijevoznicima. Odabrat \u0107emo najbolju metodu dostave na temelju va\u0161e lokacije kako bismo osigurali da svoje proizvode primite \u0161to je prije mogu\u0107e.<\/p>\n<\/div>\n<\/div>\n<\/div>\n<\/div>\n<\/div>\n<\/div>\n<p>Prona\u0111ite vi\u0161e Vape proizvoda koji bi vam se mogli svidjeti:<strong><em><a href=\"https:\/\/rmvapesale.com\/hr\/shop-2\/\">kupite sada &gt;&gt;&gt;<\/a><\/em><\/strong><\/p>","protected":false},"excerpt":{"rendered":"<p>Vapsolo DG 18000 Puffs s dvostrukim okusom, jednokratni vape koji se mo\u017ee ponovno puniti<br \/>\nVapsolo DG 18k Puffs jednokratni vape vru\u0107a prodaja na veliko<br \/>\nVapsolo DG 18000 Puffs LED zaslon, pametni zaslon, veleprodaja, jednokratno<\/p>\n<p><strong>Kontaktirajte Amy da dobijete pravi odgovor i kupon za vape!<\/strong><\/p>\n<p><img loading=\"lazy\" decoding=\"async\" class=\"size-full wp-image-2375\" src=\"https:\/\/rmvapesale.com\/wp-content\/uploads\/2024\/10\/image.png\" alt=\"Najbolji jednokratni vejp\" width=\"229\" height=\"300\" \/><\/p>\n<h3><a href=\"https:\/\/wa.me\/8617776015835\"><span style=\"color: #ff0000\"><strong>WhatsApp: +86 17776015835<\/strong><\/span><\/a><\/h3>\n<p>&nbsp;<\/p>","protected":false},"featured_media":3006,"comment_status":"open","ping_status":"closed","template":"","meta":{"_uag_custom_page_level_css":"","_lmt_disableupdate":"no","_lmt_disable":"","site-sidebar-layout":"default","site-content-layout":"content-boxed-container","ast-site-content-layout":"normal-width-container","site-content-style":"boxed","site-sidebar-style":"unboxed","ast-global-header-display":"","ast-banner-title-visibility":"","ast-main-header-display":"","ast-hfb-above-header-display":"","ast-hfb-below-header-display":"","ast-hfb-mobile-header-display":"","site-post-title":"","ast-breadcrumbs-content":"","ast-featured-img":"","footer-sml-layout":"","theme-transparent-header-meta":"default","adv-header-id-meta":"","stick-header-meta":"","header-above-stick-meta":"","header-main-stick-meta":"","header-below-stick-meta":"","astra-migrate-meta-layouts":"set","ast-page-background-enabled":"default","ast-page-background-meta":{"desktop":{"background-color":"var(--ast-global-color-4)","background-image":"","background-repeat":"repeat","background-position":"center center","background-size":"auto","background-attachment":"scroll","background-type":"","background-media":"","overlay-type":"","overlay-color":"","overlay-opacity":"","overlay-gradient":""},"tablet":{"background-color":"","background-image":"","background-repeat":"repeat","background-position":"center center","background-size":"auto","background-attachment":"scroll","background-type":"","background-media":"","overlay-type":"","overlay-color":"","overlay-opacity":"","overlay-gradient":""},"mobile":{"background-color":"","background-image":"","background-repeat":"repeat","background-position":"center center","background-size":"auto","background-attachment":"scroll","background-type":"","background-media":"","overlay-type":"","overlay-color":"","overlay-opacity":"","overlay-gradient":""}},"ast-content-background-meta":{"desktop":{"background-color":"var(--ast-global-color-5)","background-image":"","background-repeat":"repeat","background-position":"center center","background-size":"auto","background-attachment":"scroll","background-type":"","background-media":"","overlay-type":"","overlay-color":"","overlay-opacity":"","overlay-gradient":""},"tablet":{"background-color":"var(--ast-global-color-5)","background-image":"","background-repeat":"repeat","background-position":"center center","background-size":"auto","background-attachment":"scroll","background-type":"","background-media":"","overlay-type":"","overlay-color":"","overlay-opacity":"","overlay-gradient":""},"mobile":{"background-color":"var(--ast-global-color-5)","background-image":"","background-repeat":"repeat","background-position":"center center","background-size":"auto","background-attachment":"scroll","background-type":"","background-media":"","overlay-type":"","overlay-color":"","overlay-opacity":"","overlay-gradient":""}},"_joinchat":[]},"product_brand":[],"product_cat":[15,289,290,291,292,298,293,295,299,275,25,123,26,28,135,27,137,136,30],"product_tag":[146,222,64,40,111,302,301],"class_list":{"0":"post-3011","1":"product","2":"type-product","3":"status-publish","4":"has-post-thumbnail","6":"product_cat-new-vape-this-week","7":"product_cat-big-puffs-disposable-vapes","8":"product_cat-crystal-disposable-vapes","9":"product_cat-dual-mesh-disposable-vapes","10":"product_cat-digital-disposable-vapes","11":"product_cat-double-flavor-disposable-vapes","12":"product_cat-low-nicotine-disposable-vapes","13":"product_cat-rechargeable-disposable-vapes","14":"product_cat-smart-screen-disposable-vapes","15":"product_cat-vapsolo-vape","16":"product_cat-germany-best-selling-vape","17":"product_cat-italy-wholesale-vape","18":"product_cat-netherlands-hot-sale-vape","19":"product_cat-poland-hot-sale-vape","20":"product_cat-spain-best-hot-sale-vape","21":"product_cat-fance-hot-sale-vape","22":"product_cat-rechargeable-vapes","23":"product_cat-smart-screen-vapes","24":"product_cat-minimum-order-quantity-50pcs","25":"product_tag-best-hot-sale-vape","26":"product_tag-double-flavor-vape","27":"product_tag-dual-flavour-vape","28":"product_tag-hot-sale-vape","29":"product_tag-low-nicotine-disposable-vape","30":"product_tag-vapsolo-dg-18000","31":"product_tag-vapsolo-vape","32":"desktop-align-left","33":"tablet-align-left","34":"mobile-align-left","36":"first","37":"instock","38":"sale","39":"shipping-taxable","40":"purchasable","41":"product-type-simple"},"uagb_featured_image_src":{"full":["https:\/\/rmvapesale.com\/wp-content\/uploads\/2025\/01\/Vapsolo-DG-18000-Puff-Disposable-Vape-Cheap-Price.webp",1000,1000,false],"thumbnail":["https:\/\/rmvapesale.com\/wp-content\/uploads\/2025\/01\/Vapsolo-DG-18000-Puff-Disposable-Vape-Cheap-Price-150x150.webp",150,150,true],"medium":["https:\/\/rmvapesale.com\/wp-content\/uploads\/2025\/01\/Vapsolo-DG-18000-Puff-Disposable-Vape-Cheap-Price-300x300.webp",300,300,true],"medium_large":["https:\/\/rmvapesale.com\/wp-content\/uploads\/2025\/01\/Vapsolo-DG-18000-Puff-Disposable-Vape-Cheap-Price-768x768.webp",768,768,true],"large":["https:\/\/rmvapesale.com\/wp-content\/uploads\/2025\/01\/Vapsolo-DG-18000-Puff-Disposable-Vape-Cheap-Price.webp",1000,1000,false],"1536x1536":["https:\/\/rmvapesale.com\/wp-content\/uploads\/2025\/01\/Vapsolo-DG-18000-Puff-Disposable-Vape-Cheap-Price.webp",1000,1000,false],"2048x2048":["https:\/\/rmvapesale.com\/wp-content\/uploads\/2025\/01\/Vapsolo-DG-18000-Puff-Disposable-Vape-Cheap-Price.webp",1000,1000,false],"trp-custom-language-flag":["https:\/\/rmvapesale.com\/wp-content\/uploads\/2025\/01\/Vapsolo-DG-18000-Puff-Disposable-Vape-Cheap-Price.webp",12,12,false],"woocommerce_thumbnail":["https:\/\/rmvapesale.com\/wp-content\/uploads\/2025\/01\/Vapsolo-DG-18000-Puff-Disposable-Vape-Cheap-Price-300x300.webp",300,300,true],"woocommerce_single":["https:\/\/rmvapesale.com\/wp-content\/uploads\/2025\/01\/Vapsolo-DG-18000-Puff-Disposable-Vape-Cheap-Price-600x600.webp",600,600,true],"woocommerce_gallery_thumbnail":["https:\/\/rmvapesale.com\/wp-content\/uploads\/2025\/01\/Vapsolo-DG-18000-Puff-Disposable-Vape-Cheap-Price-100x100.webp",100,100,true],"wcpr-photo-reviews":["https:\/\/rmvapesale.com\/wp-content\/uploads\/2025\/01\/Vapsolo-DG-18000-Puff-Disposable-Vape-Cheap-Price.webp",500,500,false]},"uagb_author_info":{"display_name":"AMY","author_link":"https:\/\/rmvapesale.com\/hr\/author\/"},"uagb_comment_info":0,"uagb_excerpt":"Vapsolo DG 18000 Puffs Twins Flavor Rechargeable Disposable Vape Vapsolo DG 18k Puff Hot Sale\u00a0Disposable Vape Bulk Buy Vapsolo DG 18000 Puffs LED Display\u00a0Smart Screen Wholesale Disposable Contact Amy to get right reply and vape coupon! WhatsApp: +86 17776015835 &nbsp;","_links":{"self":[{"href":"https:\/\/rmvapesale.com\/hr\/wp-json\/wp\/v2\/product\/3011","targetHints":{"allow":["GET"]}}],"collection":[{"href":"https:\/\/rmvapesale.com\/hr\/wp-json\/wp\/v2\/product"}],"about":[{"href":"https:\/\/rmvapesale.com\/hr\/wp-json\/wp\/v2\/types\/product"}],"replies":[{"embeddable":true,"href":"https:\/\/rmvapesale.com\/hr\/wp-json\/wp\/v2\/comments?post=3011"}],"wp:featuredmedia":[{"embeddable":true,"href":"https:\/\/rmvapesale.com\/hr\/wp-json\/wp\/v2\/media\/3006"}],"wp:attachment":[{"href":"https:\/\/rmvapesale.com\/hr\/wp-json\/wp\/v2\/media?parent=3011"}],"wp:term":[{"taxonomy":"product_brand","embeddable":true,"href":"https:\/\/rmvapesale.com\/hr\/wp-json\/wp\/v2\/product_brand?post=3011"},{"taxonomy":"product_cat","embeddable":true,"href":"https:\/\/rmvapesale.com\/hr\/wp-json\/wp\/v2\/product_cat?post=3011"},{"taxonomy":"product_tag","embeddable":true,"href":"https:\/\/rmvapesale.com\/hr\/wp-json\/wp\/v2\/product_tag?post=3011"}],"curies":[{"name":"wp","href":"https:\/\/api.w.org\/{rel}","templated":true}]}}