{"id":3015,"date":"2025-02-02T08:01:52","date_gmt":"2025-02-02T08:01:52","guid":{"rendered":"https:\/\/rmvapesale.com\/?post_type=product&#038;p=3015"},"modified":"2025-01-23T08:19:44","modified_gmt":"2025-01-23T08:19:44","slug":"smart-screen-disposable-vape-bang-king-35000-puff-35k-rechargeable-disposable-vape-0-2-5-nicotine-factory-price","status":"publish","type":"product","link":"https:\/\/rmvapesale.com\/hr\/product\/smart-screen-disposable-vape-bang-king-35000-puff-35k-rechargeable-disposable-vape-0-2-5-nicotine-factory-price\/","title":{"rendered":"Smart Screen jednokratni vape Bang King 35000 Puff 35k punjivi jednokratni vape 0% 2% 5% nikotina tvorni\u010dka cijena"},"content":{"rendered":"<div class=\"B2VR9 CJHX3e\">\n<div class=\"wyccme\">\n<div class=\"flex-shrink-0 flex flex-col relative items-end\">\n<div class=\"pt-0\">\n<div class=\"gizmo-bot-avatar flex h-8 w-8 items-center justify-center overflow-hidden rounded-full\">\n<div class=\"relative p-1 rounded-sm flex items-center justify-center bg-token-main-surface-primary text-token-text-primary h-8 w-8\">\n<div class=\"flex-shrink-0 flex flex-col relative items-end\">\n<div class=\"pt-0\">\n<div class=\"gizmo-bot-avatar flex h-8 w-8 items-center justify-center overflow-hidden rounded-full\">\n<div class=\"flex-shrink-0 flex flex-col relative items-end\">\n<div class=\"pt-0\">\n<div class=\"gizmo-bot-avatar flex h-8 w-8 items-center justify-center overflow-hidden rounded-full\">\n<h1 class=\"relative p-1 rounded-sm flex items-center justify-center bg-token-main-surface-primary text-token-text-primary h-8 w-8\">Smart Screen jednokratni vape Bang King 35000 Puff 35k punjivi jednokratni vape 0% 2% 5% nikotina tvorni\u010dka cijena<\/h1>\n<\/div>\n<\/div>\n<\/div>\n<\/div>\n<\/div>\n<\/div>\n<\/div>\n<\/div>\n<\/div>\n<\/div>\n<div class=\"group\/conversation-turn relative flex w-full min-w-0 flex-col agent-turn\">\n<div class=\"flex-col gap-1 md:gap-3\">\n<div class=\"flex max-w-full flex-col flex-grow\">\n<div class=\"min-h-8 text-message flex w-full flex-col items-end gap-2 whitespace-normal break-words text-start [.text-message+&amp;]:mt-5\" dir=\"auto\" data-message-author-role=\"assistant\" data-message-id=\"80ece0c4-ead1-4ed9-a9f0-ddc22582b4f4\" data-message-model-slug=\"gpt-4o\">\n<p>Tra\u017eite <strong>punjivi jednokratni vape s mnogo pufova<\/strong> s pametnim zna\u010dajkama? The <strong>Bang King 35000 Puffs Smart Screen jednokratni vape<\/strong> savr\u0161en je izbor za vapere koji zahtijevaju <strong>veliki kapacitet pufova, podesiv protok zraka i vi\u0161e razina nikotina<\/strong>, sve po <strong>niskoj veleprodajnoj cijeni<\/strong>. S nevjerojatnim <strong>kapacitetom od 35 000 pufova<\/strong>, ovaj vape pru\u017ea dugotrajno u\u017eivanje, \u0161to ga \u010dini jednim od <strong>najpopularnijih jednokratnih vapeova<\/strong> na tr\u017ei\u0161tu.<\/p>\n<p>Unaprijed napunjen sa <strong>23 ml e-teku\u0107ine<\/strong>, Bang King osigurava ukusno iskustvo vapinga bez muke i \u010destih punjenja. Napredna <strong>0.6\u03a9 otporna zavojnica<\/strong> omogu\u0107uje glatku i zadovoljavaju\u0107u proizvodnju pare, dok inovativni <strong>pametni zaslon<\/strong> pru\u017ea informacije u stvarnom vremenu o razinama e-teku\u0107ine i baterije.<\/p>\n<p>Dizajnirana za prakti\u010dnost, <strong>punjiva baterija od 850mAh<\/strong> podr\u017eava <strong>Type-C brzo punjenje<\/strong>, omogu\u0107uju\u0107i vam da se brzo vratite na parenje. Bilo da preferirate <strong>vape s niskim udjelom nikotina<\/strong> ili ja\u010di udarac, Bang King nudi vi\u0161estruke ja\u010dine nikotina, uklju\u010duju\u0107i <strong>0%, 2%, 3% i 5%<\/strong>, prilago\u0111avaju\u0107i se svim preferencijama.<\/p>\n<p>Sadr\u017ei <strong>podesivog protoka zraka<\/strong>, mo\u017eete fino podesiti svoje iskustvo parenja za \u010dvr\u0161\u0107i ili glatkiji, prozra\u010dniji udarac. Osim toga, s <strong>12 ukusnih okusa<\/strong> na izbor, postoji ne\u0161to \u0161to \u0107e zadovoljiti svaki ukus.<\/p>\n<p>Idealno za <strong>veleprodajnim kupcima i distributerima vapea<\/strong>, ovaj ure\u0111aj dolazi po <strong>tvorni\u010dki direktnoj cijeni<\/strong>, \u0161to ga \u010dini izvrsnom opcijom za one koji \u017eele <strong>kupiti jednokratne vapeove na veliko<\/strong>.<\/p>\n<\/div>\n<\/div>\n<\/div>\n<\/div>\n<div class=\"flex-shrink-0 flex flex-col relative items-end\">\n<div class=\"pt-0\">\n<div class=\"gizmo-bot-avatar flex h-8 w-8 items-center justify-center overflow-hidden rounded-full\">\n<p>&nbsp;<\/p>\n<\/div>\n<\/div>\n<\/div>\n<\/div>\n<\/div>\n<p><strong>Kontaktirajte Amy da dobijete pravi odgovor i kupon za vape!<\/strong><\/p>\n<p><img loading=\"lazy\" decoding=\"async\" class=\"size-full wp-image-1978\" src=\"https:\/\/rmvapesale.com\/wp-content\/uploads\/2024\/09\/Disposable-Vape-Wholesale.jpg\" alt=\"Veleprodaja jednokratnih vejpova\" width=\"229\" height=\"300\" \/><\/p>\n<h3><a href=\"https:\/\/wa.me\/8617776015835\" target=\"_blank\" rel=\"noopener\"><span style=\"color: #ff0000\"><strong>WhatsApp: +86 17776015835<\/strong><\/span><\/a><\/h3>\n<h3><\/h3>\n<h3><strong style=\"font-size: 1.7em\">Bang King 35000 Puff Klju\u010dne zna\u010dajke proizvoda<\/strong><\/h3>\n<ul>\n<li><strong>Masivnih 35.000 uvla\u010denja:<\/strong> U\u017eivajte u produ\u017eenom vapiranju bez \u010destih zamjena.<\/li>\n<li><strong>Kapacitet e-teku\u0107ine od 23 ml:<\/strong> Pru\u017ea dugotrajno u\u017eivanje bez potrebe za ponovnim punjenjem.<\/li>\n<li><strong>Pametni zaslon:<\/strong> Prati broj uvla\u010denja i razinu baterije u stvarnom vremenu.<\/li>\n<li><strong>Opcije nikotina:<\/strong> Dostupno u 0%, 2%, 3% i 5% za sve korisnike.<\/li>\n<li><strong>Punjiva baterija od 850 mAh:<\/strong> Dugotrajne performanse s brzim punjenjem putem Type-C.<\/li>\n<li><strong>Podesiva kontrola protoka zraka:<\/strong> Prilagodite svoje izvla\u010denje za savr\u0161en pogodak.<\/li>\n<li><strong>Za\u0161tita od suhog paljenja:<\/strong> Osigurava glatko i dosljedno iskustvo vapinga.<\/li>\n<li><strong>12 opcija okusa:<\/strong> \u0160irok izbor okusa za zadovoljavanje svakog nepca.<\/li>\n<\/ul>\n<figure id=\"attachment_2996\" aria-describedby=\"caption-attachment-2996\" style=\"width: 800px\" class=\"wp-caption alignnone\"><img loading=\"lazy\" decoding=\"async\" class=\"wp-image-2996 size-full\" src=\"https:\/\/rmvapesale.com\/wp-content\/uploads\/2025\/01\/Bang-King-Vape-35000-Puffs-Disposable-Vapes-Bulk-Buy.webp\" alt=\"Bang King Vape 35000 Puffs jednokratni vapeovi kupnja na veliko\" width=\"800\" height=\"800\" srcset=\"https:\/\/rmvapesale.com\/wp-content\/uploads\/2025\/01\/Bang-King-Vape-35000-Puffs-Disposable-Vapes-Bulk-Buy.webp 800w, https:\/\/rmvapesale.com\/wp-content\/uploads\/2025\/01\/Bang-King-Vape-35000-Puffs-Disposable-Vapes-Bulk-Buy-300x300.webp 300w, https:\/\/rmvapesale.com\/wp-content\/uploads\/2025\/01\/Bang-King-Vape-35000-Puffs-Disposable-Vapes-Bulk-Buy-150x150.webp 150w, https:\/\/rmvapesale.com\/wp-content\/uploads\/2025\/01\/Bang-King-Vape-35000-Puffs-Disposable-Vapes-Bulk-Buy-768x768.webp 768w, https:\/\/rmvapesale.com\/wp-content\/uploads\/2025\/01\/Bang-King-Vape-35000-Puffs-Disposable-Vapes-Bulk-Buy-600x600.webp 600w, https:\/\/rmvapesale.com\/wp-content\/uploads\/2025\/01\/Bang-King-Vape-35000-Puffs-Disposable-Vapes-Bulk-Buy-100x100.webp 100w\" sizes=\"auto, (max-width: 800px) 100vw, 800px\" \/><figcaption id=\"caption-attachment-2996\" class=\"wp-caption-text\">Bang King Vape 35000 Puffs jednokratni vapeovi kupnja na veliko<\/figcaption><\/figure>\n<h3><strong style=\"font-size: 1.7em\">Najprodavaniji okus za Bang King 35000 Puff<\/strong><strong style=\"font-size: 1.7em\">\u00a0Vape<\/strong><\/h3>\n<p>Ovaj <strong>Bang King 35000 Puffs punjivi jednokratni Vape<\/strong> nudi <strong>vrhunsko iskustvo vapinga<\/strong> s <strong>pametnu tehnologiju<\/strong>, \u0161to ga \u010dini vrhunskim izborom za osobnu upotrebu i veleprodajnu distribuciju. Naru\u010dite sada i u\u017eivajte u ultimativnom jednokratnom vapingu!<\/p>\n<ol>\n<li>Jagoda Mango<\/li>\n<li>Love66<\/li>\n<li>Ledena Plava Malina<\/li>\n<li>Jagoda Lubenica<\/li>\n<li>Limun Metvica<\/li>\n<li>Dvostruka Jabuka<\/li>\n<li>Energetsko Pi\u0107e<\/li>\n<li>Ledena Breskva<\/li>\n<li>Jagoda i kivi<\/li>\n<li>Ledeno Gro\u017e\u0111e<\/li>\n<li>Ledena Borovnica<\/li>\n<li>Lubenica<\/li>\n<\/ol>\n<h3><strong>Za\u0161to odabrati Rmvapesale za Bang King 35000 Puffs\u00a0 <\/strong><strong>V<\/strong><strong>Veleprodaja Vape proizvoda<\/strong><strong>?<\/strong><\/h3>\n<div class=\"flex-shrink-0 flex flex-col relative items-end\">\n<div class=\"pt-0\">\n<div class=\"gizmo-bot-avatar flex h-8 w-8 items-center justify-center overflow-hidden rounded-full\">\n<p>Kako se konkurencija na tr\u017ei\u0161tu jednokratnih e-cigareta poja\u010dava, Rmvapesale, globalni lider u veleprodajnim rje\u0161enjima za jednokratne vape ure\u0111aje, lansirao je Bang Box 30000 30k Puffs dvostruki okus punjivi jednokratni vape. Ovaj revolucionarni proizvod privla\u010di pa\u017enju svojim jedinstvenim estetskim i modnim dizajnom. Sadr\u017ei opse\u017ean niz vo\u0107nih okusa, udovoljava \u0161irokom spektru potro\u0161a\u010dkih ukusa, nagla\u0161avaju\u0107i inovacije i svestranost.<\/p>\n<p class=\"relative p-1 rounded-sm flex items-center justify-center bg-token-main-surface-primary text-token-text-primary h-8 w-8\">Rmvapesale je va\u0161a pouzdana vape trgovina za vrhunske jednokratne vapeove. S vi\u0161e od 5 godina iskustva, donosimo vam popularne marke jednokratnih vapeova kao \u0161to su Al Fakher, JNR Vape, Vapsolo Vape, Vapme Vape, <a href=\"https:\/\/rmvapesale.com\/hr\/product-category\/bang-vapes\/\">Bang Vape<\/a>, Waspe Vape, WGA Vape i<a href=\"https:\/\/rmvapesale.com\/hr\/product-category\/randm-fumot-vape\/\"> RandM Vape<\/a>. Na\u0161 asortiman uklju\u010duje vru\u0107e rasprodane jednokratne vapeove kao \u0161to su <a href=\"https:\/\/rmvapesale.com\/hr\/product\/vopk-tornado-15000-puffs-disposable-vape-led-display\/\">VOPK Tornado 15000 Puffs<\/a> i izbore bogate okusima poput<a href=\"https:\/\/rmvapesale.com\/hr\/product\/elf-box-ls15000-puffs-shisha-hookah-disposable-vape\/\"> ELF BOX shisha nargila 15000 PUFFS<\/a>. Svaki proizvod odabran je s fokusom na kvalitetu, vrijednost i raznolikost, osiguravaju\u0107i da prona\u0111ete savr\u0161eni odabir za svoje potrebe. Otkrijte iznimnu uslugu i \u0161irok raspon vrhunskih proizvoda u Rmvapesale.<\/p>\n<p class=\"relative p-1 rounded-sm flex items-center justify-center bg-token-main-surface-primary text-token-text-primary h-8 w-8\"><b style=\"font-size: 1.5em;font-style: inherit\">\u010cesto postavljana pitanja za Bang King 35000 Puffs <\/b><b style=\"font-size: 1.5em;font-style: inherit\">Jednokratni vape koji se mo\u017ee puniti<\/b><\/p>\n<ol>\n<li><strong>Gdje mogu kupiti Bang King 35000 Puffs jednokratne e-cigarete po veleprodajnim cijenama?<\/strong>\n<ul>\n<li>Najbolje tvorni\u010dke cijene mo\u017eete dobiti na <a href=\"https:\/\/rmvapesale.com\/hr\/\" target=\"_new\" rel=\"noopener\">Rmvapesale<\/a>, va\u0161em pouzdanom izvoru za veleprodaju jednokratnih e-cigareta.<\/li>\n<\/ul>\n<\/li>\n<li><strong>Je li Bang King 35000 e-cigareta punjiva?<\/strong>\n<ul>\n<li>Da, dolazi s punjivom baterijom od 850mAh i podr\u017eava brzo punjenje putem Type-C priklju\u010dka.<\/li>\n<\/ul>\n<\/li>\n<li><strong>Koje ja\u010dine nikotina su dostupne?<\/strong>\n<ul>\n<li>Ova e-cigareta dostupna je u razinama nikotina od 0%, 2%, 3% i 5% kako bi odgovarala razli\u010ditim preferencijama.<\/li>\n<\/ul>\n<\/li>\n<li><strong>Kako radi zaslon pametnog zaslona?<\/strong>\n<ul>\n<li>Zaslon pru\u017ea informacije u stvarnom vremenu o trajanju baterije i razinama e-teku\u0107ine, osiguravaju\u0107i da ste uvijek informirani.<\/li>\n<\/ul>\n<\/li>\n<li><strong>Nudi li Bang King 35K podesivi protok zraka?<\/strong>\n<ul>\n<li>Da, zna\u010dajka podesivog protoka zraka omogu\u0107uje vam da prilagodite svoj stil parenja za \u010dvr\u0161\u0107i ili lak\u0161i povla\u010denje.<\/li>\n<\/ul>\n<\/li>\n<\/ol>\n<\/div>\n<\/div>\n<\/div>\n<h2>Kako naru\u010diti?<\/h2>\n<div class=\"flex-shrink-0 flex flex-col relative items-end\">\n<div class=\"pt-0\">\n<div class=\"gizmo-bot-avatar flex h-8 w-8 items-center justify-center overflow-hidden rounded-full\">\n<div>\n<p><strong>1. Koje na\u010dine pla\u0107anja prihva\u0107ate?<\/strong><br \/>\n<span class=\"selectable-text copyable-text false\">Za pla\u0107anje nudimo bankovni transfer i Western Union. Ve\u0107ina na\u0161ih kupaca iz Europe odabire bankovni transfer, imamo lokalni bankovni ra\u010dun na koji mo\u017eete platiti na na\u0161 IBAN ra\u010dun bez naknade za obradu. <\/span>.<\/p>\n<p><strong>2. Kako mogu pratiti svoju narud\u017ebu?<\/strong><br \/>\nNakon \u0161to je paket poslan, <span class=\"selectable-text copyable-text false\">ponudit \u0107emo broj za pra\u0107enje kao referencu, tako\u0111er \u0107emo pratiti status dok ne primite teret<\/span>.<\/p>\n<p><strong>3. Koliko vremena treba da stigne?<\/strong><\/p>\n<ul>\n<li>Dostava iz <strong>skladi\u0161ta u Kini<\/strong> traje otprilike <strong>7-14 radnih dana<\/strong>.<\/li>\n<li>Dostava iz <strong>Europska skladi\u0161ta<\/strong> obi\u010dno traje <strong>3-6 radnih dana<\/strong>.<\/li>\n<\/ul>\n<p><strong>4. Kako mogu dobiti br\u017eu dostavu?<\/strong><br \/>\nZa br\u017eu dostavu, preporu\u010dujemo naru\u010divanje iz na\u0161eg <strong>Europskog skladi\u0161ta<\/strong>, koje nudi br\u017ee vrijeme isporuke.<\/p>\n<p><strong>5. \u0160to ako primim o\u0161te\u0107en ili neispravan proizvod?<\/strong><br \/>\nAko je va\u0161 predmet o\u0161te\u0107en ili neispravan, kontaktirajte slu\u017ebu za korisnike za <strong>zamjenu ili povrat novca<\/strong>.<\/p>\n<p><strong>6. Kako mogu kontaktirati slu\u017ebu za korisnike?<\/strong><br \/>\nMo\u017eete nas kontaktirati putem<strong>\u00a0WhatsAppa ili chata u\u017eivo<\/strong> na na\u0161oj web stranici za bilo kakvu pomo\u0107.<\/p>\n<\/div>\n<div class=\"relative p-1 rounded-sm flex items-center justify-center bg-token-main-surface-primary text-token-text-primary h-8 w-8\"><strong>7. Koje metode dostave se koriste?<\/strong><\/div>\n<\/div>\n<\/div>\n<\/div>\n<div class=\"group\/conversation-turn relative flex w-full min-w-0 flex-col agent-turn\">\n<div class=\"flex-col gap-1 md:gap-3\">\n<div class=\"flex max-w-full flex-col flex-grow\">\n<div class=\"min-h-[20px] text-message flex w-full flex-col items-end gap-2 whitespace-normal break-words [.text-message+&amp;]:mt-5 overflow-x-auto\" dir=\"auto\" data-message-author-role=\"assistant\" data-message-id=\"22f8283b-3233-46ff-89a5-c7a41b33abda\">\n<div class=\"flex w-full flex-col gap-1 empty:hidden first:pt-[3px]\">\n<div class=\"markdown prose w-full break-words dark:prose-invert light\">\n<p>Sura\u0111ujemo s UPS-om, DHL-om, FedEx-om, DPD-om i drugim vode\u0107im prijevoznicima. Odabrat \u0107emo najbolju metodu dostave na temelju va\u0161e lokacije kako bismo osigurali da svoje proizvode primite \u0161to je prije mogu\u0107e.<\/p>\n<\/div>\n<\/div>\n<\/div>\n<\/div>\n<\/div>\n<\/div>\n<p>Prona\u0111ite vi\u0161e Vape proizvoda koji bi vam se mogli svidjeti:<strong><em><a href=\"https:\/\/rmvapesale.com\/hr\/shop-2\/\">kupite sada &gt;&gt;&gt;<\/a><\/em><\/strong><\/p>","protected":false},"excerpt":{"rendered":"<p>Bang King 35000 Puf\u00a0 Bar Punjivi jednokratni vape jeftina cijena<br \/>\nBang King 35k Puf Popularna jednokratna vape olovka kupnja na veliko<br \/>\nBangKing 35000 Puf LED zaslon Pametni zaslon Jednokratni vape veleprodaja<\/p>\n<p><strong>Kontaktirajte Amy da dobijete pravi odgovor i kupon za vape!<\/strong><\/p>\n<p><img loading=\"lazy\" decoding=\"async\" class=\"size-full wp-image-2375\" src=\"https:\/\/rmvapesale.com\/wp-content\/uploads\/2024\/10\/image.png\" alt=\"Najbolji jednokratni vejp\" width=\"229\" height=\"300\" \/><\/p>\n<h3><a href=\"https:\/\/wa.me\/8617776015835\"><span style=\"color: #ff0000\"><strong>WhatsApp: +86 17776015835<\/strong><\/span><\/a><\/h3>\n<p>&nbsp;<\/p>","protected":false},"featured_media":2995,"comment_status":"open","ping_status":"closed","template":"","meta":{"_uag_custom_page_level_css":"","_lmt_disableupdate":"no","_lmt_disable":"","site-sidebar-layout":"default","site-content-layout":"content-boxed-container","ast-site-content-layout":"normal-width-container","site-content-style":"boxed","site-sidebar-style":"unboxed","ast-global-header-display":"","ast-banner-title-visibility":"","ast-main-header-display":"","ast-hfb-above-header-display":"","ast-hfb-below-header-display":"","ast-hfb-mobile-header-display":"","site-post-title":"","ast-breadcrumbs-content":"","ast-featured-img":"","footer-sml-layout":"","theme-transparent-header-meta":"default","adv-header-id-meta":"","stick-header-meta":"","header-above-stick-meta":"","header-main-stick-meta":"","header-below-stick-meta":"","astra-migrate-meta-layouts":"set","ast-page-background-enabled":"default","ast-page-background-meta":{"desktop":{"background-color":"var(--ast-global-color-4)","background-image":"","background-repeat":"repeat","background-position":"center center","background-size":"auto","background-attachment":"scroll","background-type":"","background-media":"","overlay-type":"","overlay-color":"","overlay-opacity":"","overlay-gradient":""},"tablet":{"background-color":"","background-image":"","background-repeat":"repeat","background-position":"center center","background-size":"auto","background-attachment":"scroll","background-type":"","background-media":"","overlay-type":"","overlay-color":"","overlay-opacity":"","overlay-gradient":""},"mobile":{"background-color":"","background-image":"","background-repeat":"repeat","background-position":"center center","background-size":"auto","background-attachment":"scroll","background-type":"","background-media":"","overlay-type":"","overlay-color":"","overlay-opacity":"","overlay-gradient":""}},"ast-content-background-meta":{"desktop":{"background-color":"var(--ast-global-color-5)","background-image":"","background-repeat":"repeat","background-position":"center center","background-size":"auto","background-attachment":"scroll","background-type":"","background-media":"","overlay-type":"","overlay-color":"","overlay-opacity":"","overlay-gradient":""},"tablet":{"background-color":"var(--ast-global-color-5)","background-image":"","background-repeat":"repeat","background-position":"center center","background-size":"auto","background-attachment":"scroll","background-type":"","background-media":"","overlay-type":"","overlay-color":"","overlay-opacity":"","overlay-gradient":""},"mobile":{"background-color":"var(--ast-global-color-5)","background-image":"","background-repeat":"repeat","background-position":"center center","background-size":"auto","background-attachment":"scroll","background-type":"","background-media":"","overlay-type":"","overlay-color":"","overlay-opacity":"","overlay-gradient":""}},"_joinchat":[]},"product_brand":[],"product_cat":[15,289,291,292,293,295,299,279,246,25,123,26,28,135,27,60,137,136,30],"product_tag":[308,76,199,146,64,40,111,306],"class_list":{"0":"post-3015","1":"product","2":"type-product","3":"status-publish","4":"has-post-thumbnail","6":"product_cat-new-vape-this-week","7":"product_cat-big-puffs-disposable-vapes","8":"product_cat-dual-mesh-disposable-vapes","9":"product_cat-digital-disposable-vapes","10":"product_cat-low-nicotine-disposable-vapes","11":"product_cat-rechargeable-disposable-vapes","12":"product_cat-smart-screen-disposable-vapes","13":"product_cat-bang-king-vape","14":"product_cat-35000-puffs-disposable-vape","15":"product_cat-germany-best-selling-vape","16":"product_cat-italy-wholesale-vape","17":"product_cat-netherlands-hot-sale-vape","18":"product_cat-poland-hot-sale-vape","19":"product_cat-spain-best-hot-sale-vape","20":"product_cat-fance-hot-sale-vape","21":"product_cat-bang-vapes","22":"product_cat-rechargeable-vapes","23":"product_cat-smart-screen-vapes","24":"product_cat-minimum-order-quantity-50pcs","25":"product_tag-bang-king-35000","26":"product_tag-bang-king-vape","27":"product_tag-bang-vape","28":"product_tag-best-hot-sale-vape","29":"product_tag-dual-flavour-vape","30":"product_tag-hot-sale-vape","31":"product_tag-low-nicotine-disposable-vape","32":"product_tag-puff-bar","33":"desktop-align-left","34":"tablet-align-left","35":"mobile-align-left","37":"first","38":"instock","39":"sale","40":"shipping-taxable","41":"purchasable","42":"product-type-simple"},"uagb_featured_image_src":{"full":["https:\/\/rmvapesale.com\/wp-content\/uploads\/2025\/01\/Bang-King-35k-Puffs-Disposable-Vapes-Wholesale.webp",800,800,false],"thumbnail":["https:\/\/rmvapesale.com\/wp-content\/uploads\/2025\/01\/Bang-King-35k-Puffs-Disposable-Vapes-Wholesale-150x150.webp",150,150,true],"medium":["https:\/\/rmvapesale.com\/wp-content\/uploads\/2025\/01\/Bang-King-35k-Puffs-Disposable-Vapes-Wholesale-300x300.webp",300,300,true],"medium_large":["https:\/\/rmvapesale.com\/wp-content\/uploads\/2025\/01\/Bang-King-35k-Puffs-Disposable-Vapes-Wholesale-768x768.webp",768,768,true],"large":["https:\/\/rmvapesale.com\/wp-content\/uploads\/2025\/01\/Bang-King-35k-Puffs-Disposable-Vapes-Wholesale.webp",800,800,false],"1536x1536":["https:\/\/rmvapesale.com\/wp-content\/uploads\/2025\/01\/Bang-King-35k-Puffs-Disposable-Vapes-Wholesale.webp",800,800,false],"2048x2048":["https:\/\/rmvapesale.com\/wp-content\/uploads\/2025\/01\/Bang-King-35k-Puffs-Disposable-Vapes-Wholesale.webp",800,800,false],"trp-custom-language-flag":["https:\/\/rmvapesale.com\/wp-content\/uploads\/2025\/01\/Bang-King-35k-Puffs-Disposable-Vapes-Wholesale.webp",12,12,false],"woocommerce_thumbnail":["https:\/\/rmvapesale.com\/wp-content\/uploads\/2025\/01\/Bang-King-35k-Puffs-Disposable-Vapes-Wholesale-300x300.webp",300,300,true],"woocommerce_single":["https:\/\/rmvapesale.com\/wp-content\/uploads\/2025\/01\/Bang-King-35k-Puffs-Disposable-Vapes-Wholesale-600x600.webp",600,600,true],"woocommerce_gallery_thumbnail":["https:\/\/rmvapesale.com\/wp-content\/uploads\/2025\/01\/Bang-King-35k-Puffs-Disposable-Vapes-Wholesale-100x100.webp",100,100,true],"wcpr-photo-reviews":["https:\/\/rmvapesale.com\/wp-content\/uploads\/2025\/01\/Bang-King-35k-Puffs-Disposable-Vapes-Wholesale.webp",500,500,false]},"uagb_author_info":{"display_name":"AMY","author_link":"https:\/\/rmvapesale.com\/hr\/author\/"},"uagb_comment_info":0,"uagb_excerpt":"Bang King 35000 Puff\u00a0 Bar Rechargeable Disposable Vape Cheap Price Bang King 35k Puff Popular Disposable Vape Pen Bulk Buy BangKing 35000 Puff LED Display Smart Screen Disposable Vape Wholesale Contact Amy to get right reply and vape coupon! WhatsApp: +86 17776015835 &nbsp;","_links":{"self":[{"href":"https:\/\/rmvapesale.com\/hr\/wp-json\/wp\/v2\/product\/3015","targetHints":{"allow":["GET"]}}],"collection":[{"href":"https:\/\/rmvapesale.com\/hr\/wp-json\/wp\/v2\/product"}],"about":[{"href":"https:\/\/rmvapesale.com\/hr\/wp-json\/wp\/v2\/types\/product"}],"replies":[{"embeddable":true,"href":"https:\/\/rmvapesale.com\/hr\/wp-json\/wp\/v2\/comments?post=3015"}],"wp:featuredmedia":[{"embeddable":true,"href":"https:\/\/rmvapesale.com\/hr\/wp-json\/wp\/v2\/media\/2995"}],"wp:attachment":[{"href":"https:\/\/rmvapesale.com\/hr\/wp-json\/wp\/v2\/media?parent=3015"}],"wp:term":[{"taxonomy":"product_brand","embeddable":true,"href":"https:\/\/rmvapesale.com\/hr\/wp-json\/wp\/v2\/product_brand?post=3015"},{"taxonomy":"product_cat","embeddable":true,"href":"https:\/\/rmvapesale.com\/hr\/wp-json\/wp\/v2\/product_cat?post=3015"},{"taxonomy":"product_tag","embeddable":true,"href":"https:\/\/rmvapesale.com\/hr\/wp-json\/wp\/v2\/product_tag?post=3015"}],"curies":[{"name":"wp","href":"https:\/\/api.w.org\/{rel}","templated":true}]}}