{"id":3017,"date":"2025-02-04T08:19:58","date_gmt":"2025-02-04T08:19:58","guid":{"rendered":"https:\/\/rmvapesale.com\/?post_type=product&#038;p=3017"},"modified":"2025-08-21T11:39:48","modified_gmt":"2025-08-21T11:39:48","slug":"uwin-crystal-35000-smart-screen-disposable-vape-puff-35k-rechargeable-disposable-vape-pen-bulk-buy","status":"publish","type":"product","link":"https:\/\/rmvapesale.com\/hr\/product\/uwin-crystal-35000-smart-screen-disposable-vape-puff-35k-rechargeable-disposable-vape-pen-bulk-buy\/","title":{"rendered":"Uwin 35000 Smart Screen jednokratni vape Puff 35k punjivi jednokratni vape pen kupovina na veliko"},"content":{"rendered":"<div class=\"B2VR9 CJHX3e\">\n<div class=\"wyccme\">\n<div class=\"flex-shrink-0 flex flex-col relative items-end\">\n<div class=\"pt-0\">\n<div class=\"gizmo-bot-avatar flex h-8 w-8 items-center justify-center overflow-hidden rounded-full\">\n<div class=\"relative p-1 rounded-sm flex items-center justify-center bg-token-main-surface-primary text-token-text-primary h-8 w-8\">\n<div class=\"flex-shrink-0 flex flex-col relative items-end\">\n<div class=\"pt-0\">\n<div class=\"gizmo-bot-avatar flex h-8 w-8 items-center justify-center overflow-hidden rounded-full\">\n<div class=\"flex-shrink-0 flex flex-col relative items-end\">\n<div class=\"pt-0\">\n<div class=\"gizmo-bot-avatar flex h-8 w-8 items-center justify-center overflow-hidden rounded-full\">\n<h1 class=\"relative p-1 rounded-sm flex items-center justify-center bg-token-main-surface-primary text-token-text-primary h-8 w-8\">Uwin 35000 Smart Screen jednokratni vape Puff 35k punjivi jednokratni vape pen kupovina na veliko<\/h1>\n<\/div>\n<\/div>\n<\/div>\n<\/div>\n<\/div>\n<\/div>\n<\/div>\n<\/div>\n<\/div>\n<\/div>\n<div class=\"group\/conversation-turn relative flex w-full min-w-0 flex-col agent-turn\">\n<div class=\"flex-col gap-1 md:gap-3\">\n<div class=\"flex max-w-full flex-col flex-grow\">\n<div class=\"min-h-8 text-message flex w-full flex-col items-end gap-2 whitespace-normal break-words text-start [.text-message+&amp;]:mt-5\" dir=\"auto\" data-message-author-role=\"assistant\" data-message-id=\"80ece0c4-ead1-4ed9-a9f0-ddc22582b4f4\" data-message-model-slug=\"gpt-4o\">\n<p>Ovaj <strong>Uwin Crystal 35000 Pametni Ekran Jednokratni Vape<\/strong>, promjena igre u svijetu <strong>punjivih jednokratnih vapea<\/strong>. S nevjerojatnim <strong>35.000 udisaja<\/strong>, ovaj ure\u0111aj je dizajniran za vaperi koji \u017eele <strong>dugotrajne performanse, prilagodljiv protok zraka i \u017eivopisno RGB osvjetljenje koje pulsira uz glazbu<\/strong>, dodaju\u0107i dozu uzbu\u0111enja svakoj sesiji vapeanja.<\/p>\n<p>Punjen va\u0161om omiljenom e-teku\u0107inom, Uwin Crystal nudi <strong>16 jedinstvenih okusa<\/strong>, osiguravaju\u0107i da za svakoga postoji ne\u0161to. Bilo da preferirate <strong>vape s niskim udjelom nikotina<\/strong> ili intenzivnije iskustvo, ova olovka za vape dostupna je u <strong>0%, 2%, 3% i 5% razinama nikotina<\/strong>, \u0161to je \u010dini savr\u0161enom za sve preferencije.<\/p>\n<p>Ovaj <strong>pametni zaslon<\/strong> omogu\u0107ava vam jednostavno pra\u0107enje trajanja baterije i broja udisaja, osiguravaju\u0107i da uvijek imate kontrolu. Napajan s <strong>650mAh punjivom kobaltnom baterijom<\/strong>, ure\u0111aj podr\u017eava <strong>Type-C brzo punjenje<\/strong>, tako da mo\u017eete brzo napuniti i nastaviti s vapingom.<\/p>\n<p>Dizajniran s <strong>1.0\u03a9 mre\u017easta zavojnica<\/strong>, Uwin Crystal pru\u017ea glatki, dosljedni vapor s bogatim okusom u svakom udisaju. The <strong>podesivog protoka zraka<\/strong> zna\u010dajka vam omogu\u0107uje prilagodbu udisaja za \u010dvr\u0161\u0107e ili labavije povla\u010denje, nude\u0107i fleksibilnost za MTL i DTL vapere.<\/p>\n<p>Savr\u0161eni za <strong>veleprodajni kupci jednokratnih vape ure\u0111aja<\/strong>, svaka kutija sadr\u017ei <strong>160 komada<\/strong>, s ukupnom te\u017einom od <strong>21kg<\/strong>, \u0161to \u010dini isplativim rje\u0161enjem za trgovce koji \u017eele <strong>kupiti jednokratne vape na veliko po veleprodajnim cijenama<\/strong>.<\/p>\n<\/div>\n<\/div>\n<\/div>\n<\/div>\n<div class=\"flex-shrink-0 flex flex-col relative items-end\">\n<div class=\"pt-0\">\n<div class=\"gizmo-bot-avatar flex h-8 w-8 items-center justify-center overflow-hidden rounded-full\">\n<p>&nbsp;<\/p>\n<\/div>\n<\/div>\n<\/div>\n<\/div>\n<\/div>\n<p><strong>Kontaktirajte Amy da dobijete pravi odgovor i kupon za vape!<\/strong><\/p>\n<p><img loading=\"lazy\" decoding=\"async\" class=\"size-full wp-image-1978\" src=\"https:\/\/rmvapesale.com\/wp-content\/uploads\/2024\/09\/Disposable-Vape-Wholesale.jpg\" alt=\"Veleprodaja jednokratnih vejpova\" width=\"229\" height=\"300\" \/><\/p>\n<h3><a href=\"https:\/\/wa.me\/8617776015835\" target=\"_blank\" rel=\"noopener\"><span style=\"color: #ff0000\"><strong>WhatsApp: +86 17776015835<\/strong><\/span><\/a><\/h3>\n<h3><\/h3>\n<h3><strong style=\"font-size: 1.7em\">Uwin 35000 U\u010dinak Pufova Klju\u010dne zna\u010dajke proizvoda<\/strong><\/h3>\n<ul>\n<li><strong>Kapacitet od 35.000 pufova:<\/strong> U\u017eivajte u produ\u017eenim sesijama vapinga bez prekida.<\/li>\n<li><strong>Nivoi nikotina:<\/strong> Dostupno u 0%, 2%, 3% i 5% kako biste uskladili svoje preferencije vapinga.<\/li>\n<li><strong>Punja\u010dka baterija od 650mAh:<\/strong> Kobalt baterija s brzim punjenjem Type-C za dugotrajnu snagu.<\/li>\n<li><strong>Pametni zaslon:<\/strong> Lako pratite razinu baterije i broj pufova.<\/li>\n<li><strong>16 opcija okusa:<\/strong> \u0160irok izbor okusa za svaki ukus.<\/li>\n<li><strong>1.0\u03a9 Mesh zavojnica:<\/strong> Osigurava glatku proizvodnju pare i dosljedan okus.<\/li>\n<li><strong>Podesiva kontrola protoka zraka:<\/strong> Prilagodite svoje iskustvo vapinga s lako\u0107om.<\/li>\n<li><strong>RGB svjetla sinkronizirana s glazbom:<\/strong> Dinami\u010dno osvjetljenje pobolj\u0161ava va\u0161 stil vapinga.<\/li>\n<li><strong>Opcija kupnje na veliko:<\/strong> 160 komada po kutiji, idealno za veleprodajne kupce.<\/li>\n<\/ul>\n<figure id=\"attachment_3002\" aria-describedby=\"caption-attachment-3002\" style=\"width: 1024px\" class=\"wp-caption alignnone\"><img loading=\"lazy\" decoding=\"async\" class=\"wp-image-3002 size-large\" src=\"https:\/\/rmvapesale.com\/wp-content\/uploads\/2025\/01\/Tornado-Vape-35000-Puffs-Disposable-Vape-1024x1024.jpg\" alt=\"Tornado Vape 35000 Puffs jednokratni vape\" width=\"1024\" height=\"1024\" srcset=\"https:\/\/rmvapesale.com\/wp-content\/uploads\/2025\/01\/Tornado-Vape-35000-Puffs-Disposable-Vape-1024x1024.jpg 1024w, https:\/\/rmvapesale.com\/wp-content\/uploads\/2025\/01\/Tornado-Vape-35000-Puffs-Disposable-Vape-300x300.jpg 300w, https:\/\/rmvapesale.com\/wp-content\/uploads\/2025\/01\/Tornado-Vape-35000-Puffs-Disposable-Vape-150x150.jpg 150w, https:\/\/rmvapesale.com\/wp-content\/uploads\/2025\/01\/Tornado-Vape-35000-Puffs-Disposable-Vape-768x768.jpg 768w, https:\/\/rmvapesale.com\/wp-content\/uploads\/2025\/01\/Tornado-Vape-35000-Puffs-Disposable-Vape-600x600.jpg 600w, https:\/\/rmvapesale.com\/wp-content\/uploads\/2025\/01\/Tornado-Vape-35000-Puffs-Disposable-Vape-100x100.jpg 100w, https:\/\/rmvapesale.com\/wp-content\/uploads\/2025\/01\/Tornado-Vape-35000-Puffs-Disposable-Vape.jpg 1126w\" sizes=\"auto, (max-width: 1024px) 100vw, 1024px\" \/><figcaption id=\"caption-attachment-3002\" class=\"wp-caption-text\">Tornado Vape 35000 Puffs jednokratni vape<\/figcaption><\/figure>\n<h3><strong style=\"font-size: 1.7em\">Najprodavaniji okus za Uwin 35000 Puff<\/strong><strong style=\"font-size: 1.7em\">\u00a0Vape<\/strong><\/h3>\n<p>1.Borovnica Malina <span style=\"color: #ff0000\"><strong>&gt;&gt;&gt; Vru\u0107e!<\/strong><\/span><br \/>\n2. Gro\u017e\u0111ani Led<br \/>\n3. Jagoda Lubenica <span style=\"color: #ff0000\"><strong>&gt;&gt;&gt; Vru\u0107e!<\/strong><\/span><br \/>\n4. Borovnica na ledu<br \/>\n5. Lubenica Led<br \/>\n6. Vi\u0161nja na ledu<br \/>\n7. Jagoda, malina, vi\u0161nja na ledu <span style=\"color: #ff0000\"><strong>&gt;&gt;&gt; Vru\u0107e!<\/strong><\/span><br \/>\n8. Kivi, pasionski plod, guava<br \/>\n9.Led od jagode<br \/>\n10. Breskva, mango, ananas<br \/>\n11. Borovnica, vi\u0161nja, brusnica <span style=\"color: #ff0000\"><strong>&gt;&gt;&gt; Vru\u0107e!<\/strong><\/span><br \/>\n12. Breskva, bobica<br \/>\n13. Vi\u0161nja Cola<br \/>\n14. Mije\u0161ano Bobi\u010dasto Vo\u0107e <span style=\"color: #ff0000\"><strong>&gt;&gt;&gt; Najbolje!<\/strong><\/span><br \/>\n15. Gospodin Plavi <span style=\"color: #ff0000\"><strong>&gt;&gt;&gt; Vru\u0107e!<\/strong><\/span><br \/>\n16. Ljetna breskva na ledu<\/p>\n<p>Ovaj <strong>Uwin Crystal 35000 Pametni Ekran Jednokratni Vape<\/strong> je izvrstan izbor za vapere koji zahtijevaju <strong>visokou\u010dinkovite, bogate okuse i napredne zna\u010dajke<\/strong>. Bilo da kupujete za sebe ili tra\u017eite <strong>kupovati na veliko<\/strong>, ovaj ure\u0111aj pru\u017ea izvrsnu vrijednost po nenadma\u0161noj cijeni. Naru\u010dite svoj danas i u\u017eivajte u vrhunskom iskustvu vapingaUwin 35000 Pametni ekran jednokratni ure\u0111aj za dim Puff 35k Punjivi jednokratni ure\u0111aj za dim, kupnja na veliko<\/p>\n<h3><strong>Za\u0161to odabrati Rmvapesale za Uwin 35000 Puff\u00a0 <\/strong><strong>V<\/strong><strong>Veleprodaja Vape proizvoda<\/strong><strong>?<\/strong><\/h3>\n<div class=\"flex-shrink-0 flex flex-col relative items-end\">\n<div class=\"pt-0\">\n<div class=\"gizmo-bot-avatar flex h-8 w-8 items-center justify-center overflow-hidden rounded-full\">\n<p>Kako se konkurencija na tr\u017ei\u0161tu jednokratnih e-cigareta poja\u010dava, Rmvapesale, globalni lider u veleprodajnim rje\u0161enjima za jednokratne vape ure\u0111aje, lansirao je Bang Box 30000 30k Puffs dvostruki okus punjivi jednokratni vape. Ovaj revolucionarni proizvod privla\u010di pa\u017enju svojim jedinstvenim estetskim i modnim dizajnom. Sadr\u017ei opse\u017ean niz vo\u0107nih okusa, udovoljava \u0161irokom spektru potro\u0161a\u010dkih ukusa, nagla\u0161avaju\u0107i inovacije i svestranost.<\/p>\n<p class=\"relative p-1 rounded-sm flex items-center justify-center bg-token-main-surface-primary text-token-text-primary h-8 w-8\">Rmvapesale je va\u0161a pouzdana vape trgovina za vrhunske jednokratne vapeove. S vi\u0161e od 5 godina iskustva, donosimo vam popularne marke jednokratnih vapeova kao \u0161to su Al Fakher, JNR Vape, Vapsolo Vape, Vapme Vape, <a href=\"https:\/\/rmvapesale.com\/hr\/product-category\/bang-vapes\/\">Bang Vape<\/a>, Waspe Vape, WGA Vape i<a href=\"https:\/\/rmvapesale.com\/hr\/product-category\/randm-fumot-vape\/\"> RandM Vape<\/a>. Na\u0161 asortiman uklju\u010duje vru\u0107e rasprodane jednokratne vapeove kao \u0161to su <a href=\"https:\/\/rmvapesale.com\/hr\/product\/vozol-gear-power-20000-puff-disposable-vape\/\">Vozol Gear 20000 Udisaja<\/a> i izbore bogate okusima poput<a href=\"https:\/\/rmvapesale.com\/hr\/product\/elf-box-shisha-16000-puffs-led-display-disposable-vape\/\"> ELF BOX shisha Hookah 16000 PUFFS<\/a>. Svaki proizvod odabran je s fokusom na kvalitetu, vrijednost i raznolikost, osiguravaju\u0107i da prona\u0111ete savr\u0161eni odabir za svoje potrebe. Otkrijte iznimnu uslugu i \u0161irok raspon vrhunskih proizvoda u Rmvapesale.<\/p>\n<p class=\"relative p-1 rounded-sm flex items-center justify-center bg-token-main-surface-primary text-token-text-primary h-8 w-8\"><b style=\"font-size: 1.5em;font-style: inherit\">\u010cesto postavljana pitanja za Uwin 35000 <\/b><b style=\"font-size: 1.5em;font-style: inherit\">Jednokratni vape koji se mo\u017ee puniti<\/b><\/p>\n<ol>\n<li><strong>Gdje mogu kupiti Uwin Crystal 35000 jednokratni ure\u0111aj za dim po veleprodajnim cijenama?<\/strong>\n<ul>\n<li>Mo\u017eete ga kupiti po tvorni\u010dkim cijenama od <a href=\"https:\/\/rmvapesale.com\/hr\/\" target=\"_new\" rel=\"noopener\">Rmvapesale<\/a>, va\u0161em pouzdanom izvoru za veleprodaju jednokratnih e-cigareta.<\/li>\n<\/ul>\n<\/li>\n<li><strong>Je li Uwin Crystal 35000 vape punjiv?<\/strong>\n<ul>\n<li>Da, ima 650mAh punjivu kobalt bateriju s Type-C priklju\u010dkom za brzo punjenje.<\/li>\n<\/ul>\n<\/li>\n<li><strong>Koje ja\u010dine nikotina su dostupne za ovaj vape?<\/strong>\n<ul>\n<li>Uwin Crystal dolazi u \u010detiri ja\u010dine nikotina: 0%, 2%, 3% i 5%, prilago\u0111ene razli\u010ditim \u017eeljama za vaping.<\/li>\n<\/ul>\n<\/li>\n<li><strong>Kako radi zaslon pametnog zaslona?<\/strong>\n<ul>\n<li>Zaslon pru\u017ea informacije u stvarnom vremenu o broju udisaja i stanju baterije, osiguravaju\u0107i da ste uvijek informirani.<\/li>\n<\/ul>\n<\/li>\n<li><strong>Je li Uwin Crystal opremljen podesivim protokom zraka?<\/strong>\n<ul>\n<li>Da, uklju\u010duje sustav podesivog protoka zraka za prilagodbu va\u0161eg stila vapinga za savr\u0161eni udisaj.<\/li>\n<\/ul>\n<\/li>\n<\/ol>\n<\/div>\n<\/div>\n<\/div>\n<h2>Kako naru\u010diti?<\/h2>\n<div class=\"flex-shrink-0 flex flex-col relative items-end\">\n<div class=\"pt-0\">\n<div class=\"gizmo-bot-avatar flex h-8 w-8 items-center justify-center overflow-hidden rounded-full\">\n<div>\n<p><strong>1. Koje na\u010dine pla\u0107anja prihva\u0107ate?<\/strong><br \/>\n<span class=\"selectable-text copyable-text false\">Za pla\u0107anje nudimo bankovni transfer i Western Union. Ve\u0107ina na\u0161ih kupaca iz Europe odabire bankovni transfer, imamo lokalni bankovni ra\u010dun na koji mo\u017eete platiti na na\u0161 IBAN ra\u010dun bez naknade za obradu. <\/span>.<\/p>\n<p><strong>2. Kako mogu pratiti svoju narud\u017ebu?<\/strong><br \/>\nNakon \u0161to je paket poslan, <span class=\"selectable-text copyable-text false\">ponudit \u0107emo broj za pra\u0107enje kao referencu, tako\u0111er \u0107emo pratiti status dok ne primite teret<\/span>.<\/p>\n<p><strong>3. Koliko vremena treba da stigne?<\/strong><\/p>\n<ul>\n<li>Dostava iz <strong>skladi\u0161ta u Kini<\/strong> traje otprilike <strong>7-14 radnih dana<\/strong>.<\/li>\n<li>Dostava iz <strong>Europska skladi\u0161ta<\/strong> obi\u010dno traje <strong>3-6 radnih dana<\/strong>.<\/li>\n<\/ul>\n<p><strong>4. Kako mogu dobiti br\u017eu dostavu?<\/strong><br \/>\nZa br\u017eu dostavu, preporu\u010dujemo naru\u010divanje iz na\u0161eg <strong>Europskog skladi\u0161ta<\/strong>, koje nudi br\u017ee vrijeme isporuke.<\/p>\n<p><strong>5. \u0160to ako primim o\u0161te\u0107en ili neispravan proizvod?<\/strong><br \/>\nAko je va\u0161 predmet o\u0161te\u0107en ili neispravan, kontaktirajte slu\u017ebu za korisnike za <strong>zamjenu ili povrat novca<\/strong>.<\/p>\n<p><strong>6. Kako mogu kontaktirati slu\u017ebu za korisnike?<\/strong><br \/>\nMo\u017eete nas kontaktirati putem<strong>\u00a0WhatsAppa ili chata u\u017eivo<\/strong> na na\u0161oj web stranici za bilo kakvu pomo\u0107.<\/p>\n<\/div>\n<div class=\"relative p-1 rounded-sm flex items-center justify-center bg-token-main-surface-primary text-token-text-primary h-8 w-8\"><strong>7. Koje metode dostave se koriste?<\/strong><\/div>\n<\/div>\n<\/div>\n<\/div>\n<div class=\"group\/conversation-turn relative flex w-full min-w-0 flex-col agent-turn\">\n<div class=\"flex-col gap-1 md:gap-3\">\n<div class=\"flex max-w-full flex-col flex-grow\">\n<div class=\"min-h-[20px] text-message flex w-full flex-col items-end gap-2 whitespace-normal break-words [.text-message+&amp;]:mt-5 overflow-x-auto\" dir=\"auto\" data-message-author-role=\"assistant\" data-message-id=\"22f8283b-3233-46ff-89a5-c7a41b33abda\">\n<div class=\"flex w-full flex-col gap-1 empty:hidden first:pt-[3px]\">\n<div class=\"markdown prose w-full break-words dark:prose-invert light\">\n<p>Sura\u0111ujemo s UPS-om, DHL-om, FedEx-om, DPD-om i drugim vode\u0107im prijevoznicima. Odabrat \u0107emo najbolju metodu dostave na temelju va\u0161e lokacije kako bismo osigurali da svoje proizvode primite \u0161to je prije mogu\u0107e.<\/p>\n<\/div>\n<\/div>\n<\/div>\n<\/div>\n<\/div>\n<\/div>\n<p>Prona\u0111ite vi\u0161e Vape proizvoda koji bi vam se mogli svidjeti:<strong><em><a href=\"https:\/\/rmvapesale.com\/hr\/shop-2\/\">kupite sada &gt;&gt;&gt;<\/a><\/em><\/strong><\/p>","protected":false},"excerpt":{"rendered":"<p>Smart Screen Vape Uwin 35000 Udisaja Bar Punjenje Jednokratni Vape Jeftina Cijena<br \/>\nUwin 35000 Udisaja Popularna Jednokratna Olovka za Vape Kupnja na Veliko<br \/>\nNajbolji Uwin 35000 35k Udisaja LED Prikaz Pametni Ekran Jednokratni Vape na Veliko<\/p>\n<p><strong>Kontaktirajte Amy da dobijete pravi odgovor i kupon za vape!<\/strong><\/p>\n<p><img loading=\"lazy\" decoding=\"async\" class=\"size-full wp-image-2375\" src=\"https:\/\/rmvapesale.com\/wp-content\/uploads\/2024\/10\/image.png\" alt=\"Najbolji jednokratni vejp\" width=\"229\" height=\"300\" \/><\/p>\n<h3><a href=\"https:\/\/wa.me\/8617776015835\"><span style=\"color: #ff0000\"><strong>WhatsApp: +86 17776015835<\/strong><\/span><\/a><\/h3>\n<p>&nbsp;<\/p>","protected":false},"featured_media":3001,"comment_status":"open","ping_status":"closed","template":"","meta":{"_uag_custom_page_level_css":"","_lmt_disableupdate":"no","_lmt_disable":"","site-sidebar-layout":"default","site-content-layout":"content-boxed-container","ast-site-content-layout":"normal-width-container","site-content-style":"boxed","site-sidebar-style":"unboxed","ast-global-header-display":"","ast-banner-title-visibility":"","ast-main-header-display":"","ast-hfb-above-header-display":"","ast-hfb-below-header-display":"","ast-hfb-mobile-header-display":"","site-post-title":"","ast-breadcrumbs-content":"","ast-featured-img":"","footer-sml-layout":"","theme-transparent-header-meta":"default","adv-header-id-meta":"","stick-header-meta":"","header-above-stick-meta":"","header-main-stick-meta":"","header-below-stick-meta":"","astra-migrate-meta-layouts":"set","ast-page-background-enabled":"default","ast-page-background-meta":{"desktop":{"background-color":"var(--ast-global-color-4)","background-image":"","background-repeat":"repeat","background-position":"center center","background-size":"auto","background-attachment":"scroll","background-type":"","background-media":"","overlay-type":"","overlay-color":"","overlay-opacity":"","overlay-gradient":""},"tablet":{"background-color":"","background-image":"","background-repeat":"repeat","background-position":"center center","background-size":"auto","background-attachment":"scroll","background-type":"","background-media":"","overlay-type":"","overlay-color":"","overlay-opacity":"","overlay-gradient":""},"mobile":{"background-color":"","background-image":"","background-repeat":"repeat","background-position":"center center","background-size":"auto","background-attachment":"scroll","background-type":"","background-media":"","overlay-type":"","overlay-color":"","overlay-opacity":"","overlay-gradient":""}},"ast-content-background-meta":{"desktop":{"background-color":"var(--ast-global-color-5)","background-image":"","background-repeat":"repeat","background-position":"center center","background-size":"auto","background-attachment":"scroll","background-type":"","background-media":"","overlay-type":"","overlay-color":"","overlay-opacity":"","overlay-gradient":""},"tablet":{"background-color":"var(--ast-global-color-5)","background-image":"","background-repeat":"repeat","background-position":"center center","background-size":"auto","background-attachment":"scroll","background-type":"","background-media":"","overlay-type":"","overlay-color":"","overlay-opacity":"","overlay-gradient":""},"mobile":{"background-color":"var(--ast-global-color-5)","background-image":"","background-repeat":"repeat","background-position":"center center","background-size":"auto","background-attachment":"scroll","background-type":"","background-media":"","overlay-type":"","overlay-color":"","overlay-opacity":"","overlay-gradient":""}},"_joinchat":[]},"product_brand":[],"product_cat":[15,289,291,292,293,295,299,282,246,25,123,26,28,135,27,137,136,30],"product_tag":[146,64,40,111,310,306,309],"class_list":{"0":"post-3017","1":"product","2":"type-product","3":"status-publish","4":"has-post-thumbnail","6":"product_cat-new-vape-this-week","7":"product_cat-big-puffs-disposable-vapes","8":"product_cat-dual-mesh-disposable-vapes","9":"product_cat-digital-disposable-vapes","10":"product_cat-low-nicotine-disposable-vapes","11":"product_cat-rechargeable-disposable-vapes","12":"product_cat-smart-screen-disposable-vapes","13":"product_cat-uwin-vape","14":"product_cat-35000-puffs-disposable-vape","15":"product_cat-germany-best-selling-vape","16":"product_cat-italy-wholesale-vape","17":"product_cat-netherlands-hot-sale-vape","18":"product_cat-poland-hot-sale-vape","19":"product_cat-spain-best-hot-sale-vape","20":"product_cat-fance-hot-sale-vape","21":"product_cat-rechargeable-vapes","22":"product_cat-smart-screen-vapes","23":"product_cat-minimum-order-quantity-50pcs","24":"product_tag-best-hot-sale-vape","25":"product_tag-dual-flavour-vape","26":"product_tag-hot-sale-vape","27":"product_tag-low-nicotine-disposable-vape","28":"product_tag-puff-35k","29":"product_tag-puff-bar","30":"product_tag-uwin-35000","31":"desktop-align-left","32":"tablet-align-left","33":"mobile-align-left","35":"first","36":"instock","37":"sale","38":"shipping-taxable","39":"purchasable","40":"product-type-simple"},"uagb_featured_image_src":{"full":["https:\/\/rmvapesale.com\/wp-content\/uploads\/2025\/01\/Tornado-Vape-35000-UWIN-Disposable-Vape.jpg",1126,1126,false],"thumbnail":["https:\/\/rmvapesale.com\/wp-content\/uploads\/2025\/01\/Tornado-Vape-35000-UWIN-Disposable-Vape-150x150.jpg",150,150,true],"medium":["https:\/\/rmvapesale.com\/wp-content\/uploads\/2025\/01\/Tornado-Vape-35000-UWIN-Disposable-Vape-300x300.jpg",300,300,true],"medium_large":["https:\/\/rmvapesale.com\/wp-content\/uploads\/2025\/01\/Tornado-Vape-35000-UWIN-Disposable-Vape-768x768.jpg",768,768,true],"large":["https:\/\/rmvapesale.com\/wp-content\/uploads\/2025\/01\/Tornado-Vape-35000-UWIN-Disposable-Vape-1024x1024.jpg",1024,1024,true],"1536x1536":["https:\/\/rmvapesale.com\/wp-content\/uploads\/2025\/01\/Tornado-Vape-35000-UWIN-Disposable-Vape.jpg",1126,1126,false],"2048x2048":["https:\/\/rmvapesale.com\/wp-content\/uploads\/2025\/01\/Tornado-Vape-35000-UWIN-Disposable-Vape.jpg",1126,1126,false],"trp-custom-language-flag":["https:\/\/rmvapesale.com\/wp-content\/uploads\/2025\/01\/Tornado-Vape-35000-UWIN-Disposable-Vape.jpg",12,12,false],"woocommerce_thumbnail":["https:\/\/rmvapesale.com\/wp-content\/uploads\/2025\/01\/Tornado-Vape-35000-UWIN-Disposable-Vape-300x300.jpg",300,300,true],"woocommerce_single":["https:\/\/rmvapesale.com\/wp-content\/uploads\/2025\/01\/Tornado-Vape-35000-UWIN-Disposable-Vape-600x600.jpg",600,600,true],"woocommerce_gallery_thumbnail":["https:\/\/rmvapesale.com\/wp-content\/uploads\/2025\/01\/Tornado-Vape-35000-UWIN-Disposable-Vape-100x100.jpg",100,100,true],"wcpr-photo-reviews":["https:\/\/rmvapesale.com\/wp-content\/uploads\/2025\/01\/Tornado-Vape-35000-UWIN-Disposable-Vape.jpg",500,500,false]},"uagb_author_info":{"display_name":"AMY","author_link":"https:\/\/rmvapesale.com\/hr\/author\/"},"uagb_comment_info":0,"uagb_excerpt":"Smart Screen Vape Uwin 35000 Puff\u00a0 Bar Rechargeable Disposable Vape Cheap Price Uwin 35000 Puff Popular Disposable Vape Pen Bulk Buy Best Uwin 35000 35k Puff LED Display Smart Screen Disposable Vape Wholesale Contact Amy to get right reply and vape coupon! WhatsApp: +86 17776015835 &nbsp;","_links":{"self":[{"href":"https:\/\/rmvapesale.com\/hr\/wp-json\/wp\/v2\/product\/3017","targetHints":{"allow":["GET"]}}],"collection":[{"href":"https:\/\/rmvapesale.com\/hr\/wp-json\/wp\/v2\/product"}],"about":[{"href":"https:\/\/rmvapesale.com\/hr\/wp-json\/wp\/v2\/types\/product"}],"replies":[{"embeddable":true,"href":"https:\/\/rmvapesale.com\/hr\/wp-json\/wp\/v2\/comments?post=3017"}],"wp:featuredmedia":[{"embeddable":true,"href":"https:\/\/rmvapesale.com\/hr\/wp-json\/wp\/v2\/media\/3001"}],"wp:attachment":[{"href":"https:\/\/rmvapesale.com\/hr\/wp-json\/wp\/v2\/media?parent=3017"}],"wp:term":[{"taxonomy":"product_brand","embeddable":true,"href":"https:\/\/rmvapesale.com\/hr\/wp-json\/wp\/v2\/product_brand?post=3017"},{"taxonomy":"product_cat","embeddable":true,"href":"https:\/\/rmvapesale.com\/hr\/wp-json\/wp\/v2\/product_cat?post=3017"},{"taxonomy":"product_tag","embeddable":true,"href":"https:\/\/rmvapesale.com\/hr\/wp-json\/wp\/v2\/product_tag?post=3017"}],"curies":[{"name":"wp","href":"https:\/\/api.w.org\/{rel}","templated":true}]}}