{"id":370,"date":"2021-08-20T11:50:58","date_gmt":"2021-08-20T11:50:58","guid":{"rendered":"https:\/\/rmvapesale.com\/product\/hybrid-cleansing-balm\/"},"modified":"2025-01-20T03:10:16","modified_gmt":"2025-01-20T03:10:16","slug":"randm-vape-al-fakher-10000-puffs-vape-wholesale","status":"publish","type":"product","link":"https:\/\/rmvapesale.com\/hr\/product\/randm-vape-al-fakher-10000-puffs-vape-wholesale\/","title":{"rendered":"Randm Vape Al Fakher 10000 PUFFS VAPE Veleprodajna cijena Fumot SHISHA 10K"},"content":{"rendered":"<h1><strong>Randm Vape Al Fakher 10000 PUFFS VAPE Veleprodajna cijena Fumot SHISHA 10K<\/strong><\/h1>\n<p>Randm Vape Al Fakher 10000 je revolucionarni DTL (Direct To Lung) Vape s mogu\u0107no\u0161\u0107u punjenja koji redefinira izvrsnost vapinga. S LED indikatorom, pru\u017ea a\u017euriranja u stvarnom vremenu o razinama e-teku\u0107ine i snage, osiguravaju\u0107i da uvijek imate kontrolu. S prakti\u010dnim Type-C priklju\u010dkom koji se nalazi na njegovoj bazi, punjenje ovog vapea je jednostavno i brzo.<\/p>\n<p>Prethodno napunjen s 18 ml e-teku\u0107ine, Shisha bar 10000 isporu\u010duje ja\u010dinu nikotina od 0,51%, nude\u0107i do nevjerojatnih 10 000 udisaja u testnom okru\u017eenju. Ali nije sve u koli\u010dini \u2013 ovaj vape se mo\u017ee pohvaliti Mesh Coil tehnologijom, integriraju\u0107i zavojnicu niskog otpora od 0,6 ohma za maksimalnu povr\u0161inu grijanja. Recite zbogom suhim udarcima i neravnomjernoj raspodjeli okusa; dizajn Mesh Coil osigurava dosljedno zagrijavanje, \u0161to rezultira glatkijim povla\u010denjima i bogatijom proizvodnjom pare.<\/p>\n<p>Sada je ovaj Randm Vape Al Fakher vape vru\u0107a prodaja u ve\u0107ini europskih zemalja kao \u0161to su Njema\u010dka, Nizozemska, Francuska, Italija, \u0160vicarska, \u0160vedska, \u0160panjolska, Poljska, Belgija, Austrija, Norve\u0161ka, Danska, itd., \u0161to je dobar izbor za trgovce koji tra\u017ee isplativ jednokratni vape s veleprodajnom cijenom za masovnu kupnju.<\/p>\n<p><strong>Dodajte prodajnu menad\u017eericu AMY na WhatsApp <a href=\"https:\/\/wa.me\/8617776015835\" target=\"_blank\" rel=\"noopener\">+86-17776015835<\/a> ostvarite ve\u0107i popust!<\/strong><\/p>\n<p><img loading=\"lazy\" decoding=\"async\" class=\"size-medium wp-image-1814\" src=\"https:\/\/rmvapesale.com\/wp-content\/uploads\/2024\/04\/whatsapp-amy-229x300.jpg\" alt=\"whatsapp amy\" width=\"229\" height=\"300\" srcset=\"https:\/\/rmvapesale.com\/wp-content\/uploads\/2024\/04\/whatsapp-amy-229x300.jpg 229w, https:\/\/rmvapesale.com\/wp-content\/uploads\/2024\/04\/whatsapp-amy-783x1024.jpg 783w, https:\/\/rmvapesale.com\/wp-content\/uploads\/2024\/04\/whatsapp-amy-768x1005.jpg 768w, https:\/\/rmvapesale.com\/wp-content\/uploads\/2024\/04\/whatsapp-amy-600x785.jpg 600w, https:\/\/rmvapesale.com\/wp-content\/uploads\/2024\/04\/whatsapp-amy.jpg 990w\" sizes=\"auto, (max-width: 229px) 100vw, 229px\" \/><\/p>\n<h2>Randm Vape Al Fakher 10000 puff \u010cesta pitanja<\/h2>\n<p><strong>1. \u0160to je uklju\u010deno u paket Randm Vape Al Fakher 10000 PUFFS VAPE &amp; Fumot SHISHA 10K?<\/strong><\/p>\n<ul>\n<li>Svaki paket uklju\u010duje jedan DTL (Direct To Lung) Vape ure\u0111aj s mogu\u0107no\u0161\u0107u punjenja, prethodno napunjen s 18 ml e-teku\u0107ine i s LED indikatorom. Uz to, paket sadr\u017ei Type-C kabel za punjenje za prakti\u010dno punjenje.<\/li>\n<\/ul>\n<p><strong>2. Koliko udisaja mogu o\u010dekivati od Fumot Vape Shisha 10000 Puff?<\/strong><\/p>\n<ul>\n<li>Shisha 10000 se mo\u017ee pohvaliti impresivnih 10 000 udisaja (u testnom okru\u017eenju), pru\u017eaju\u0107i produ\u017eenu upotrebu i trajno zadovoljstvo.<\/li>\n<\/ul>\n<p><strong>3. Koju ja\u010dinu nikotina nudi Randm Shisha 10000 puffs?<\/strong><\/p>\n<ul>\n<li>Shisha 10000 dolazi prethodno napunjena e-teku\u0107inom u ja\u010dini nikotina od 0,51%, nude\u0107i uravnote\u017eeno iskustvo vapinga.<\/li>\n<\/ul>\n<p><strong>4. Mogu li odabrati svoj omiljeni okus s Shisha 10k vape Fumot?<\/strong><\/p>\n<ul>\n<li>Da, apsolutno! Shisha 10000 nudi izbor od 34 okusa kako bi zadovoljio razli\u010dite preferencije, osiguravaju\u0107i da postoji ne\u0161to za svakoga.<\/li>\n<\/ul>\n<p><strong>3. Kako tehnologija Mesh Coil pobolj\u0161ava iskustvo vapinga?<\/strong><\/p>\n<ul>\n<li>Mesh Coil tehnologija integrirana u Randm Vape Fumot Shisha 10000 ima zavojnicu niskog otpora od 0,6 ohma, maksimiziraju\u0107i povr\u0161inu grijanja za glatko povla\u010denje i bogatiju proizvodnju pare. Ova tehnologija osigurava dosljedno i ravnomjerno zagrijavanje e-teku\u0107ine, pru\u017eaju\u0107i besprijekorno iskustvo okusa.<\/li>\n<\/ul>\n<p><strong>6. Je li Fumot AI FAKHER <\/strong><strong>Shisha 10000 PUFFS jednostavan za punjenje?<\/strong><\/p>\n<ul>\n<li>Da, RANDM Shisha 10000 PUFFS ima Type-C priklju\u010dak na svojoj bazi za brzo i prakti\u010dno punjenje. Jednostavno priklju\u010dite prilo\u017eeni Type-C kabel za punjenje u izvor napajanja za brzo nadopunjavanje snage baterije.<\/li>\n<\/ul>\n<p><strong>7. Mogu li kontrolirati protok zraka s FUMOT VAPE Shisha 10K PUFFS NA VELEPRODAJI?<\/strong><\/p>\n<ul>\n<li>Da, Shisha 10000 je opremljena kontrolom protoka zraka, omogu\u0107uju\u0107i korisnicima da prilagode protok zraka prema vlastitim \u017eeljama za personalizirano iskustvo pu\u0161enja.<\/li>\n<\/ul>\n<p><strong>8. Je li NA VELEPRODAJI FUMOT RANDM VAPE Shisha 10000 prikladna za po\u010detnike i iskusne vapere?<\/strong><\/p>\n<ul>\n<li>Apsolutno! Shisha 10000 je dizajnirana da zadovolji potrebe i po\u010detnika i iskusnih vapera, nude\u0107i jednostavnost kori\u0161tenja, napredne zna\u010dajke i izvanredne performanse za sve.<\/li>\n<\/ul>\n<p><strong>9. \u0160to trebam u\u010diniti ako imam dodatna pitanja ili trebam pomo\u0107?<\/strong><\/p>\n<ul>\n<li>Ako imate dodatna pitanja ili trebate pomo\u0107 s Randm Vape Al Fakher 10000 PUFFS VAPE i Fumot SHISHA 10K, slobodno kontaktirajte na\u0161 tim za korisni\u010dku podr\u0161ku. Ovdje smo da vam pomognemo i osiguramo da va\u0161e iskustvo vapinga bude izvanredno.<\/li>\n<\/ul>\n<p>Prona\u0111ite vi\u0161e Vape proizvoda koji bi vam se mogli svidjeti:<em><a href=\"https:\/\/rmvapesale.com\/hr\/shop-2\/\">Kupite sada\u00a0<\/a><\/em><\/p>\n<p>ostali popularni proizvodi koji bi vam se mogli svidjeti:<\/p>","protected":false},"excerpt":{"rendered":"<p class=\"LC20lb MBeuO DKV0Md\">Fumot Shisha 10000 DTL Jednokratni Vape<br \/>\nRANDM SHISHA 10000 PUFF Vape AI FAKHER<br \/>\nFumot Crown Bar 10k Veleprodajni Vape s mogu\u0107no\u0161\u0107u punjenja<br \/>\n<strong>Kontaktirajte Amy za ve\u0107i popust i ni\u017ei MOQ vape<\/strong><\/p>\n<p><img loading=\"lazy\" decoding=\"async\" class=\"size-medium wp-image-1814\" src=\"https:\/\/rmvapesale.com\/wp-content\/uploads\/2024\/04\/whatsapp-amy-229x300.jpg\" alt=\"whatsapp amy\" width=\"229\" height=\"300\" srcset=\"https:\/\/rmvapesale.com\/wp-content\/uploads\/2024\/04\/whatsapp-amy-229x300.jpg 229w, https:\/\/rmvapesale.com\/wp-content\/uploads\/2024\/04\/whatsapp-amy-783x1024.jpg 783w, https:\/\/rmvapesale.com\/wp-content\/uploads\/2024\/04\/whatsapp-amy-768x1005.jpg 768w, https:\/\/rmvapesale.com\/wp-content\/uploads\/2024\/04\/whatsapp-amy-600x785.jpg 600w, https:\/\/rmvapesale.com\/wp-content\/uploads\/2024\/04\/whatsapp-amy.jpg 990w\" sizes=\"auto, (max-width: 229px) 100vw, 229px\" \/><\/p>\n<h3><span style=\"color: #ff0000\"><strong>WhatsApp: +86 17776015835<\/strong><\/span><\/h3>","protected":false},"featured_media":1852,"comment_status":"open","ping_status":"closed","template":"","meta":{"_uag_custom_page_level_css":"","_lmt_disableupdate":"no","_lmt_disable":"","site-sidebar-layout":"default","site-content-layout":"content-boxed-container","ast-site-content-layout":"normal-width-container","site-content-style":"boxed","site-sidebar-style":"unboxed","ast-global-header-display":"","ast-banner-title-visibility":"","ast-main-header-display":"","ast-hfb-above-header-display":"","ast-hfb-below-header-display":"","ast-hfb-mobile-header-display":"","site-post-title":"","ast-breadcrumbs-content":"","ast-featured-img":"","footer-sml-layout":"","theme-transparent-header-meta":"default","adv-header-id-meta":"","stick-header-meta":"","header-above-stick-meta":"","header-main-stick-meta":"","header-below-stick-meta":"","astra-migrate-meta-layouts":"set","ast-page-background-enabled":"default","ast-page-background-meta":{"desktop":{"background-color":"var(--ast-global-color-4)","background-image":"","background-repeat":"repeat","background-position":"center center","background-size":"auto","background-attachment":"scroll","background-type":"","background-media":"","overlay-type":"","overlay-color":"","overlay-opacity":"","overlay-gradient":""},"tablet":{"background-color":"","background-image":"","background-repeat":"repeat","background-position":"center center","background-size":"auto","background-attachment":"scroll","background-type":"","background-media":"","overlay-type":"","overlay-color":"","overlay-opacity":"","overlay-gradient":""},"mobile":{"background-color":"","background-image":"","background-repeat":"repeat","background-position":"center center","background-size":"auto","background-attachment":"scroll","background-type":"","background-media":"","overlay-type":"","overlay-color":"","overlay-opacity":"","overlay-gradient":""}},"ast-content-background-meta":{"desktop":{"background-color":"var(--ast-global-color-5)","background-image":"","background-repeat":"repeat","background-position":"center center","background-size":"auto","background-attachment":"scroll","background-type":"","background-media":"","overlay-type":"","overlay-color":"","overlay-opacity":"","overlay-gradient":""},"tablet":{"background-color":"var(--ast-global-color-5)","background-image":"","background-repeat":"repeat","background-position":"center center","background-size":"auto","background-attachment":"scroll","background-type":"","background-media":"","overlay-type":"","overlay-color":"","overlay-opacity":"","overlay-gradient":""},"mobile":{"background-color":"var(--ast-global-color-5)","background-image":"","background-repeat":"repeat","background-position":"center center","background-size":"auto","background-attachment":"scroll","background-type":"","background-media":"","overlay-type":"","overlay-color":"","overlay-opacity":"","overlay-gradient":""}},"_joinchat":[]},"product_brand":[],"product_cat":[25,289,293,295,299,271,51,123,26,28,135,27,31,137,136,15,30],"product_tag":[39,40,41,38,37],"class_list":{"0":"post-370","1":"product","2":"type-product","3":"status-publish","4":"has-post-thumbnail","6":"product_cat-germany-best-selling-vape","7":"product_cat-big-puffs-disposable-vapes","8":"product_cat-low-nicotine-disposable-vapes","9":"product_cat-rechargeable-disposable-vapes","10":"product_cat-smart-screen-disposable-vapes","11":"product_cat-10000-puff-disposable-vape","12":"product_cat-fumot-vape","13":"product_cat-italy-wholesale-vape","14":"product_cat-netherlands-hot-sale-vape","15":"product_cat-poland-hot-sale-vape","16":"product_cat-spain-best-hot-sale-vape","17":"product_cat-fance-hot-sale-vape","18":"product_cat-randm-fumot-vape","19":"product_cat-rechargeable-vapes","20":"product_cat-smart-screen-vapes","21":"product_cat-new-vape-this-week","22":"product_cat-minimum-order-quantity-50pcs","23":"product_tag-fumot-vape","24":"product_tag-hot-sale-vape","25":"product_tag-original-factory-vape","26":"product_tag-randm-vape","27":"product_tag-wholesale-vape-price","28":"desktop-align-left","29":"tablet-align-left","30":"mobile-align-left","32":"first","33":"instock","34":"sale","35":"shipping-taxable","36":"purchasable","37":"product-type-simple"},"uagb_featured_image_src":{"full":["https:\/\/rmvapesale.com\/wp-content\/uploads\/2024\/04\/FUMOT-VAPE-SHISHA-AL-FAKHER-10K-PUFFS-VAPE.jpg",375,666,false],"thumbnail":["https:\/\/rmvapesale.com\/wp-content\/uploads\/2024\/04\/FUMOT-VAPE-SHISHA-AL-FAKHER-10K-PUFFS-VAPE-150x150.jpg",150,150,true],"medium":["https:\/\/rmvapesale.com\/wp-content\/uploads\/2024\/04\/FUMOT-VAPE-SHISHA-AL-FAKHER-10K-PUFFS-VAPE-169x300.jpg",169,300,true],"medium_large":["https:\/\/rmvapesale.com\/wp-content\/uploads\/2024\/04\/FUMOT-VAPE-SHISHA-AL-FAKHER-10K-PUFFS-VAPE.jpg",375,666,false],"large":["https:\/\/rmvapesale.com\/wp-content\/uploads\/2024\/04\/FUMOT-VAPE-SHISHA-AL-FAKHER-10K-PUFFS-VAPE.jpg",375,666,false],"1536x1536":["https:\/\/rmvapesale.com\/wp-content\/uploads\/2024\/04\/FUMOT-VAPE-SHISHA-AL-FAKHER-10K-PUFFS-VAPE.jpg",375,666,false],"2048x2048":["https:\/\/rmvapesale.com\/wp-content\/uploads\/2024\/04\/FUMOT-VAPE-SHISHA-AL-FAKHER-10K-PUFFS-VAPE.jpg",375,666,false],"trp-custom-language-flag":["https:\/\/rmvapesale.com\/wp-content\/uploads\/2024\/04\/FUMOT-VAPE-SHISHA-AL-FAKHER-10K-PUFFS-VAPE.jpg",7,12,false],"woocommerce_thumbnail":["https:\/\/rmvapesale.com\/wp-content\/uploads\/2024\/04\/FUMOT-VAPE-SHISHA-AL-FAKHER-10K-PUFFS-VAPE-300x300.jpg",300,300,true],"woocommerce_single":["https:\/\/rmvapesale.com\/wp-content\/uploads\/2024\/04\/FUMOT-VAPE-SHISHA-AL-FAKHER-10K-PUFFS-VAPE.jpg",375,666,false],"woocommerce_gallery_thumbnail":["https:\/\/rmvapesale.com\/wp-content\/uploads\/2024\/04\/FUMOT-VAPE-SHISHA-AL-FAKHER-10K-PUFFS-VAPE-100x100.jpg",100,100,true],"wcpr-photo-reviews":["https:\/\/rmvapesale.com\/wp-content\/uploads\/2024\/04\/FUMOT-VAPE-SHISHA-AL-FAKHER-10K-PUFFS-VAPE.jpg",282,500,false]},"uagb_author_info":{"display_name":"yannazhan","author_link":"https:\/\/rmvapesale.com\/hr\/author\/"},"uagb_comment_info":0,"uagb_excerpt":"Fumot Shisha 10000 DTL Disposable Vape RANDM SHISHA 10000 PUFF Vape AI FAKHER Fumot Crown Bar 10k Wholesale Vape Rechargeable Contact Amy For More Discount And Lower MOQ Vape WhatsApp: +86 17776015835","_links":{"self":[{"href":"https:\/\/rmvapesale.com\/hr\/wp-json\/wp\/v2\/product\/370","targetHints":{"allow":["GET"]}}],"collection":[{"href":"https:\/\/rmvapesale.com\/hr\/wp-json\/wp\/v2\/product"}],"about":[{"href":"https:\/\/rmvapesale.com\/hr\/wp-json\/wp\/v2\/types\/product"}],"replies":[{"embeddable":true,"href":"https:\/\/rmvapesale.com\/hr\/wp-json\/wp\/v2\/comments?post=370"}],"wp:featuredmedia":[{"embeddable":true,"href":"https:\/\/rmvapesale.com\/hr\/wp-json\/wp\/v2\/media\/1852"}],"wp:attachment":[{"href":"https:\/\/rmvapesale.com\/hr\/wp-json\/wp\/v2\/media?parent=370"}],"wp:term":[{"taxonomy":"product_brand","embeddable":true,"href":"https:\/\/rmvapesale.com\/hr\/wp-json\/wp\/v2\/product_brand?post=370"},{"taxonomy":"product_cat","embeddable":true,"href":"https:\/\/rmvapesale.com\/hr\/wp-json\/wp\/v2\/product_cat?post=370"},{"taxonomy":"product_tag","embeddable":true,"href":"https:\/\/rmvapesale.com\/hr\/wp-json\/wp\/v2\/product_tag?post=370"}],"curies":[{"name":"wp","href":"https:\/\/api.w.org\/{rel}","templated":true}]}}