{"id":1869,"date":"2024-04-29T08:45:44","date_gmt":"2024-04-29T08:45:44","guid":{"rendered":"https:\/\/rmvapesale.com\/?post_type=product&#038;p=1869"},"modified":"2025-01-20T03:11:06","modified_gmt":"2025-01-20T03:11:06","slug":"jnr-shisha-vape-15000-puffs-wholesale-price-with-screen-vape","status":"publish","type":"product","link":"https:\/\/rmvapesale.com\/hu\/product\/jnr-shisha-vape-15000-puffs-wholesale-price-with-screen-vape\/","title":{"rendered":"VOPK SHISHA VAPE 15000 SZ\u00cdV\u00c1S NAGYKERESKEDELMI \u00c1R JNR KIJELZ\u0150S VAPE"},"content":{"rendered":"<h1>VOPK SHISHA VAPE 15000 SZ\u00cdV\u00c1S NAGYKERESKEDELMI \u00c1R JNR KIJELZ\u0150S VAPE<\/h1>\n<p>A VOPK SHISHA VAPE 15000 PUFFS JNR egy pr\u00e9mium eldobhat\u00f3 vape toll, amelyet kifejezetten a Direct-to-Lung (DTL) rajong\u00f3k sz\u00e1m\u00e1ra terveztek. A leny\u0171g\u00f6z\u0151 15 000 slukksz\u00e1mmal ez az eszk\u00f6z hosszan tart\u00f3 \u00e9s kiel\u00e9g\u00edt\u0151 g\u0151z\u00f6l\u00e9si \u00e9lm\u00e9nyt biztos\u00edt. A bels\u0151 szerkezet 0,6 ohmos h\u00e1l\u00f3s tekercset tartalmaz, amely kiv\u00e1l\u00f3 g\u0151ztermel\u00e9st \u00e9s gazdag \u00edzeket biztos\u00edt, \u00edgy ide\u00e1lis azok sz\u00e1m\u00e1ra, akik szeretik a m\u00e9ly t\u00fcd\u0151slukkokat. Az eszk\u00f6z 20 ml e-juice-szal van felszerelve, ami hosszabb g\u0151z\u00f6l\u00e9si id\u0151t tesz lehet\u0151v\u00e9.<\/p>\n<p>A felhaszn\u00e1l\u00f3k k\u00fcl\u00f6nb\u00f6z\u0151 nikotinszil\u00e1rds\u00e1gok k\u00f6z\u00fcl v\u00e1laszthatnak, bele\u00e9rtve a 0%, 2%, 3% vagy 5%-ot, k\u00fcl\u00f6nb\u00f6z\u0151 preferenci\u00e1knak megfelel\u0151en. A VOPK Shisha Hookah \u00fajrat\u00f6lthet\u0151 vape megb\u00edzhat\u00f3 600 mAh-s akkumul\u00e1torral m\u0171k\u00f6dik, amely egyenletes teljes\u00edtm\u00e9nyt biztos\u00edt \u00e9lettartama alatt, \u00e9s Type-C t\u00f6lt\u0151porttal rendelkezik a gyors \u00fajrat\u00f6lt\u00e9shez.<\/p>\n<p>A VOPK Shisha bar 15000 t\u00edz \u00edzletes \u00edzben, p\u00e9ld\u00e1ul a Dupla Alma \u00e9s a G\u00f6r\u00f6gdinnye J\u00e9g \u00edzben kaphat\u00f3, ez a vape toll \u00f6tv\u00f6zi a st\u00edlust, a funkcionalit\u00e1st \u00e9s a sokoldal\u00fas\u00e1got, \u00edgy a kiv\u00e1l\u00f3 min\u0151s\u00e9g\u0171 \u00e9lm\u00e9nyre v\u00e1gy\u00f3 vaperek sz\u00e1m\u00e1ra a legjobb v\u00e1laszt\u00e1s.<\/p>\n<p><strong>Adja hozz\u00e1 a magyarorsz\u00e1gi \u00e9rt\u00e9kes\u00edt\u00e9si menedzsert, AMY-t, \u00e9s szerezzen vape kupont!<\/strong><\/p>\n<p><img loading=\"lazy\" decoding=\"async\" class=\"size-medium wp-image-1814\" src=\"https:\/\/rmvapesale.com\/wp-content\/uploads\/2024\/04\/whatsapp-amy-229x300.jpg\" alt=\"whatsapp amy\" width=\"229\" height=\"300\" srcset=\"https:\/\/rmvapesale.com\/wp-content\/uploads\/2024\/04\/whatsapp-amy-229x300.jpg 229w, https:\/\/rmvapesale.com\/wp-content\/uploads\/2024\/04\/whatsapp-amy-783x1024.jpg 783w, https:\/\/rmvapesale.com\/wp-content\/uploads\/2024\/04\/whatsapp-amy-768x1005.jpg 768w, https:\/\/rmvapesale.com\/wp-content\/uploads\/2024\/04\/whatsapp-amy-600x785.jpg 600w, https:\/\/rmvapesale.com\/wp-content\/uploads\/2024\/04\/whatsapp-amy.jpg 990w\" sizes=\"auto, (max-width: 229px) 100vw, 229px\" \/><\/p>\n<p><span style=\"color: #ff0000\"><strong>whatsapp <a style=\"color: #ff0000\" href=\"https:\/\/wa.me\/8617776015835\" target=\"_blank\" rel=\"noopener\">+86-17776015835<\/a><\/strong><\/span><\/p>\n<h2>VOPK Shisha Hookah 15000 15K Puffs \u00cdzlista:<\/h2>\n<p>1. Dupla Alma<br \/>\n2. Dupla Dinnye Mentol<br \/>\n3. Sz\u0151l\u0151 Mentol<br \/>\n4. L\u00e9d\u00fas Barack<br \/>\n5. Lady Killa<br \/>\n6. Vegyes Bogy\u00f3s J\u00e9g<br \/>\n7. Anan\u00e1sz K\u00f3kusz<br \/>\n8. Piros Bogy\u00f3s Jeges<br \/>\n9. G\u00f6r\u00f6gdinnye J\u00e9g<br \/>\n10. Feh\u00e9r Mamba<\/p>\n<h2>VOPK JNR SHISHA VAPE 15000 PUFF: Nagykereskedelmi \u00e1r kijelz\u0151s Vape-el \u2013 Term\u00e9k GYIK<\/h2>\n<p>1. Mi a k\u00fcl\u00f6nlegess\u00e9ge a VOPK JNR SHISHA VAPE 15000 Puffs-nak?<\/p>\n<p>A VOPK JNR SHISHA VAPE 15K PUFF<span style=\"font-size: 16px\">\u00a0kiemelkedik a magas puff kapacit\u00e1s\u00e1val, amely ak\u00e1r 15000 puffot is k\u00edn\u00e1l eszk\u00f6z\u00f6nk\u00e9nt, hosszan tart\u00f3 \u00e9lvezetet biztos\u00edtva.<\/span><\/p>\n<p>2. Milyen kivitelez\u00e9s\u0171 a VOPK JNR SHISHA VAPE 15K PUFFS eszk\u00f6z?<\/p>\n<p>A VOPK VAPE SHISHA 15000 PUFF eszk\u00f6z k\u00e9tsz\u00edn\u0171 diz\u00e1jnnal rendelkezik, amelyet UV nyomtat\u00e1s eg\u00e9sz\u00edt ki, vizu\u00e1lisan leny\u0171g\u00f6z\u0151 megjelen\u00e9st \u00e9s apr\u00f3l\u00e9kos kidolgoz\u00e1st biztos\u00edtva.<br \/>\n3. Milyen t\u00edpus\u00fa tekercset haszn\u00e1l a VOPK VAPE SHISHA 15000 Puffs \u00e9s mennyi a VOPK VAPE SHISHA 15K PUFF ellen\u00e1ll\u00e1sa?<\/p>\n<p>A VOPK VAPE SHISHA 15K PUFFS h\u00e1l\u00f3s tekercs (mesh coil) technol\u00f3gi\u00e1t haszn\u00e1l, 0,6 ohmos\/m ellen\u00e1ll\u00e1ssal, stabil teljes\u00edtm\u00e9nyt \u00e9s z\u00f6kken\u0151mentes g\u0151z\u00f6l\u00e9si \u00e9lm\u00e9nyt biztos\u00edtva.<br \/>\n4. Mennyi VOPK JNR SHISHA 15000 PUFF e-liquid f\u00e9r az porlaszt\u00f3ba?<\/p>\n<p>A VOPK JNR SHISHA 15000 Puffs porlaszt\u00f3ja 20 ml-es \u0171rtartalommal rendelkezik, ami hosszan tart\u00f3 g\u0151z\u00f6l\u00e9si \u00fcl\u00e9seket tesz lehet\u0151v\u00e9 an\u00e9lk\u00fcl, hogy gyakran kellene \u00fajrat\u00f6lteni.<br \/>\n5. Milyen anyagb\u00f3l k\u00e9sz\u00fcl a VOPK JNR SHISHA 15K PUFF tekercse?<\/p>\n<p>A VOPK JNR SHISHA 15K PUFFS tekercse kiv\u00e1l\u00f3 min\u0151s\u00e9g\u0171 h\u00e1l\u00f3s tekercs (mesh coil) anyagb\u00f3l k\u00e9sz\u00fclt, biztos\u00edtva a kiv\u00e1l\u00f3 p\u00e1rolg\u00e1st \u00e9s a tiszta \u00edz\u00e1tvitelt.<br \/>\n6. Mekkora a VOPK JNR VAPE 15000 PUFF eszk\u00f6z akkumul\u00e1tor kapacit\u00e1sa?<\/p>\n<p>A VOPK JNR VAPE 15000 Puffs egy er\u0151s 600 mAh-s akkumul\u00e1torral rendelkezik, amely hosszan tart\u00f3 \u00e9s megb\u00edzhat\u00f3 energiaell\u00e1t\u00e1st biztos\u00edt a megszak\u00edt\u00e1s n\u00e9lk\u00fcli g\u0151z\u00f6l\u00e9si \u00fcl\u00e9sekhez.<br \/>\n7. Milyen t\u00edpus\u00fa akkumul\u00e1tort haszn\u00e1l a VOPK JNR VAPE 15K PUFF?<\/p>\n<p>A VOPK JNR VAPE 15K PUFFS eszk\u00f6z a 18250-es akkumul\u00e1tormodellt haszn\u00e1lja, amely a tart\u00f3ss\u00e1g\u00e1r\u00f3l \u00e9s hossz\u00fa \u00e9lettartam\u00e1r\u00f3l ismert.<br \/>\n8. Mennyi ideig kell t\u00f6lteni a 15000 PUFF JNR SHISHA VAPE VOPK-ot?<\/p>\n<p>A 15000 PUFF VAPE SHISHA VOPK k\u00e9nyelmes C-t\u00edpus\u00fa t\u00f6lt\u0151porttal van felszerelve, amely gyors \u00e9s hat\u00e9kony t\u00f6lt\u00e9st tesz lehet\u0151v\u00e9, minim\u00e1lis \u00e1ll\u00e1sid\u0151t biztos\u00edtva.<br \/>\n9. Milyen g\u0151z\u00f6l\u00e9si st\u00edlushoz illeszkedik a 15000 PUFF JNR SHISHA VOPK?<\/p>\n<p>A VOPK SHISHA VAPE 15000 PUFFS alkalmas k\u00f6zvetlen t\u00fcd\u0151be (DTL) t\u00f6rt\u00e9n\u0151 g\u0151z\u00f6l\u00e9sre, gazdag \u00e9s kiel\u00e9g\u00edt\u0151 g\u0151z\u00f6l\u00e9si \u00e9lm\u00e9nyt ny\u00fajtva.<br \/>\n10. Hogyan biztos\u00edtja a 15000 PUFF JNR VAPE VOPK a felhaszn\u00e1l\u00f3i k\u00e9nyelmet?<\/p>\n<p>Nagy kapacit\u00e1s\u00e1val, l\u00e1tv\u00e1nyos kialak\u00edt\u00e1s\u00e1val \u00e9s fejlett tekercstechnol\u00f3gi\u00e1j\u00e1val a VOPK SHISHA VAPE 15000 PUFFS a felhaszn\u00e1l\u00f3i el\u00e9gedetts\u00e9get \u00e9s k\u00e9nyelmet helyezi el\u0151t\u00e9rbe, \u00edgy ide\u00e1lis v\u00e1laszt\u00e1s kezd\u0151 \u00e9s tapasztalt vaperek sz\u00e1m\u00e1ra egyar\u00e1nt.<\/p>\n<p>&nbsp;<\/p>\n<p>Tal\u00e1lja meg a tov\u00e1bbi vape term\u00e9keket, amelyek tetszhetnek \u00d6nnek:<em><a href=\"https:\/\/rmvapesale.com\/hu\/shop-2\/\">V\u00e1s\u00e1roljon most\u00a0<\/a><\/em><\/p>\n<p>Egy\u00e9b n\u00e9pszer\u0171 vape term\u00e9kek, amelyek tetszhetnek:<\/p>","protected":false},"excerpt":{"rendered":"<p class=\"LC20lb MBeuO DKV0Md\">15K PUFFS JNR VAPE VOPK Nagyker \u00c1r<br \/>\n15K PUFFS JNR SHISHA VOPK Gy\u00e1ri \u00c1r<br \/>\n15K PUFFS VAPE SHISHA VOPK Kedvezm\u00e9nyes \u00c1r<br \/>\n<strong>Tov\u00e1bbi kedvezm\u00e9ny\u00e9rt \u00e9s alacsonyabb minim\u00e1lis rendel\u00e9si mennyis\u00e9g\u00e9rt l\u00e9pjen kapcsolatba Amy-vel<\/strong><\/p>\n<p><img loading=\"lazy\" decoding=\"async\" class=\"size-medium wp-image-1814\" src=\"https:\/\/rmvapesale.com\/wp-content\/uploads\/2024\/04\/whatsapp-amy-229x300.jpg\" alt=\"whatsapp amy\" width=\"229\" height=\"300\" srcset=\"https:\/\/rmvapesale.com\/wp-content\/uploads\/2024\/04\/whatsapp-amy-229x300.jpg 229w, https:\/\/rmvapesale.com\/wp-content\/uploads\/2024\/04\/whatsapp-amy-783x1024.jpg 783w, https:\/\/rmvapesale.com\/wp-content\/uploads\/2024\/04\/whatsapp-amy-768x1005.jpg 768w, https:\/\/rmvapesale.com\/wp-content\/uploads\/2024\/04\/whatsapp-amy-600x785.jpg 600w, https:\/\/rmvapesale.com\/wp-content\/uploads\/2024\/04\/whatsapp-amy.jpg 990w\" sizes=\"auto, (max-width: 229px) 100vw, 229px\" \/><\/p>\n<h3><span style=\"color: #ff0000\"><strong>WhatsApp: +86 17776015835<\/strong><\/span><\/h3>","protected":false},"featured_media":1864,"comment_status":"open","ping_status":"closed","template":"","meta":{"_uag_custom_page_level_css":"","_lmt_disableupdate":"no","_lmt_disable":"","site-sidebar-layout":"default","site-content-layout":"content-boxed-container","ast-site-content-layout":"normal-width-container","site-content-style":"boxed","site-sidebar-style":"unboxed","ast-global-header-display":"","ast-banner-title-visibility":"","ast-main-header-display":"","ast-hfb-above-header-display":"","ast-hfb-below-header-display":"","ast-hfb-mobile-header-display":"","site-post-title":"","ast-breadcrumbs-content":"","ast-featured-img":"","footer-sml-layout":"","ast-disable-related-posts":"","theme-transparent-header-meta":"default","adv-header-id-meta":"","stick-header-meta":"","header-above-stick-meta":"","header-main-stick-meta":"","header-below-stick-meta":"","astra-migrate-meta-layouts":"set","ast-page-background-enabled":"default","ast-page-background-meta":{"desktop":{"background-color":"var(--ast-global-color-4)","background-image":"","background-repeat":"repeat","background-position":"center center","background-size":"auto","background-attachment":"scroll","background-type":"","background-media":"","overlay-type":"","overlay-color":"","overlay-opacity":"","overlay-gradient":""},"tablet":{"background-color":"","background-image":"","background-repeat":"repeat","background-position":"center center","background-size":"auto","background-attachment":"scroll","background-type":"","background-media":"","overlay-type":"","overlay-color":"","overlay-opacity":"","overlay-gradient":""},"mobile":{"background-color":"","background-image":"","background-repeat":"repeat","background-position":"center center","background-size":"auto","background-attachment":"scroll","background-type":"","background-media":"","overlay-type":"","overlay-color":"","overlay-opacity":"","overlay-gradient":""}},"ast-content-background-meta":{"desktop":{"background-color":"var(--ast-global-color-5)","background-image":"","background-repeat":"repeat","background-position":"center center","background-size":"auto","background-attachment":"scroll","background-type":"","background-media":"","overlay-type":"","overlay-color":"","overlay-opacity":"","overlay-gradient":""},"tablet":{"background-color":"var(--ast-global-color-5)","background-image":"","background-repeat":"repeat","background-position":"center center","background-size":"auto","background-attachment":"scroll","background-type":"","background-media":"","overlay-type":"","overlay-color":"","overlay-opacity":"","overlay-gradient":""},"mobile":{"background-color":"var(--ast-global-color-5)","background-image":"","background-repeat":"repeat","background-position":"center center","background-size":"auto","background-attachment":"scroll","background-type":"","background-media":"","overlay-type":"","overlay-color":"","overlay-opacity":"","overlay-gradient":""}},"_joinchat":[]},"product_brand":[],"product_cat":[25,61,289,27,293,30,26,15,28,31,295,137,296,136,280],"product_tag":[44,40,41,43,42,37],"class_list":{"0":"post-1869","1":"product","2":"type-product","3":"status-publish","4":"has-post-thumbnail","6":"product_cat-germany-best-selling-vape","7":"product_cat-15000-puffs-disposable-vapes","8":"product_cat-big-puffs-disposable-vapes","9":"product_cat-fance-hot-sale-vape","10":"product_cat-low-nicotine-disposable-vapes","11":"product_cat-minimum-order-quantity-50pcs","12":"product_cat-netherlands-hot-sale-vape","13":"product_cat-new-vape-this-week","14":"product_cat-poland-hot-sale-vape","15":"product_cat-randm-fumot-vape","16":"product_cat-rechargeable-disposable-vapes","17":"product_cat-rechargeable-vapes","18":"product_cat-shisha-hookah-disposable-vapes","19":"product_cat-smart-screen-vapes","20":"product_cat-vopk-vape","21":"product_tag-15k-puffs-15000-vape-wholesale","22":"product_tag-hot-sale-vape","23":"product_tag-original-factory-vape","24":"product_tag-shisha-vape","25":"product_tag-vopk-vape","26":"product_tag-wholesale-vape-price","27":"desktop-align-left","28":"tablet-align-left","29":"mobile-align-left","31":"first","32":"instock","33":"sale","34":"shipping-taxable","35":"purchasable","36":"product-type-simple"},"uagb_featured_image_src":{"full":["https:\/\/rmvapesale.com\/wp-content\/uploads\/2024\/04\/VOPK-SHISHA-VAPE-15K-PUFFS-PRICE.jpg",500,500,false],"thumbnail":["https:\/\/rmvapesale.com\/wp-content\/uploads\/2024\/04\/VOPK-SHISHA-VAPE-15K-PUFFS-PRICE-150x150.jpg",150,150,true],"medium":["https:\/\/rmvapesale.com\/wp-content\/uploads\/2024\/04\/VOPK-SHISHA-VAPE-15K-PUFFS-PRICE-300x300.jpg",300,300,true],"medium_large":["https:\/\/rmvapesale.com\/wp-content\/uploads\/2024\/04\/VOPK-SHISHA-VAPE-15K-PUFFS-PRICE.jpg",500,500,false],"large":["https:\/\/rmvapesale.com\/wp-content\/uploads\/2024\/04\/VOPK-SHISHA-VAPE-15K-PUFFS-PRICE.jpg",500,500,false],"1536x1536":["https:\/\/rmvapesale.com\/wp-content\/uploads\/2024\/04\/VOPK-SHISHA-VAPE-15K-PUFFS-PRICE.jpg",500,500,false],"2048x2048":["https:\/\/rmvapesale.com\/wp-content\/uploads\/2024\/04\/VOPK-SHISHA-VAPE-15K-PUFFS-PRICE.jpg",500,500,false],"trp-custom-language-flag":["https:\/\/rmvapesale.com\/wp-content\/uploads\/2024\/04\/VOPK-SHISHA-VAPE-15K-PUFFS-PRICE.jpg",12,12,false],"woocommerce_thumbnail":["https:\/\/rmvapesale.com\/wp-content\/uploads\/2024\/04\/VOPK-SHISHA-VAPE-15K-PUFFS-PRICE-300x300.jpg",300,300,true],"woocommerce_single":["https:\/\/rmvapesale.com\/wp-content\/uploads\/2024\/04\/VOPK-SHISHA-VAPE-15K-PUFFS-PRICE.jpg",500,500,false],"woocommerce_gallery_thumbnail":["https:\/\/rmvapesale.com\/wp-content\/uploads\/2024\/04\/VOPK-SHISHA-VAPE-15K-PUFFS-PRICE-100x100.jpg",100,100,true],"wcpr-photo-reviews":["https:\/\/rmvapesale.com\/wp-content\/uploads\/2024\/04\/VOPK-SHISHA-VAPE-15K-PUFFS-PRICE.jpg",500,500,false]},"uagb_author_info":{"display_name":"yannazhan","author_link":"https:\/\/rmvapesale.com\/hu\/author\/"},"uagb_comment_info":0,"uagb_excerpt":"15K PUFFS JNR VAPE VOPK Wholesale Price 15K PUFFS JNR SHISHA VOPK Factory Price 15K PUFFS VAPE SHISHA VOPK Discount Price Contact Amy For More Discount And Lower MOQ Vape WhatsApp: +86 17776015835","_links":{"self":[{"href":"https:\/\/rmvapesale.com\/hu\/wp-json\/wp\/v2\/product\/1869","targetHints":{"allow":["GET"]}}],"collection":[{"href":"https:\/\/rmvapesale.com\/hu\/wp-json\/wp\/v2\/product"}],"about":[{"href":"https:\/\/rmvapesale.com\/hu\/wp-json\/wp\/v2\/types\/product"}],"replies":[{"embeddable":true,"href":"https:\/\/rmvapesale.com\/hu\/wp-json\/wp\/v2\/comments?post=1869"}],"wp:featuredmedia":[{"embeddable":true,"href":"https:\/\/rmvapesale.com\/hu\/wp-json\/wp\/v2\/media\/1864"}],"wp:attachment":[{"href":"https:\/\/rmvapesale.com\/hu\/wp-json\/wp\/v2\/media?parent=1869"}],"wp:term":[{"taxonomy":"product_brand","embeddable":true,"href":"https:\/\/rmvapesale.com\/hu\/wp-json\/wp\/v2\/product_brand?post=1869"},{"taxonomy":"product_cat","embeddable":true,"href":"https:\/\/rmvapesale.com\/hu\/wp-json\/wp\/v2\/product_cat?post=1869"},{"taxonomy":"product_tag","embeddable":true,"href":"https:\/\/rmvapesale.com\/hu\/wp-json\/wp\/v2\/product_tag?post=1869"}],"curies":[{"name":"wp","href":"https:\/\/api.w.org\/{rel}","templated":true}]}}