{"id":1874,"date":"2024-05-09T07:00:52","date_gmt":"2024-05-09T07:00:52","guid":{"rendered":"https:\/\/rmvapesale.com\/?post_type=product&#038;p=1874"},"modified":"2024-10-21T08:04:35","modified_gmt":"2024-10-21T08:04:35","slug":"randm-tornado-15000-puffs-15k-vape-recharge-fumot-original-vape-factory-price","status":"publish","type":"product","link":"https:\/\/rmvapesale.com\/hu\/product\/randm-tornado-15000-puffs-15k-vape-recharge-fumot-original-vape-factory-price\/","title":{"rendered":"RANDM TORNADO 15000 SLUKK 15K VAPE \u00daJRAT\u00d6LTHET\u0150 FUMOT EREDETI VAPE GY\u00c1RI \u00c1R"},"content":{"rendered":"<h1>RANDM TORNADO 15000 SLUKK 15K VAPE \u00daJRAT\u00d6LTHET\u0150 FUMOT EREDETI VAPE GY\u00c1RI \u00c1R<\/h1>\n<p>RANDM TORNADO VAPE 15000 PUFF \u00daJRAT\u00d6LT\u0150 VAPE most n\u00e9pszer\u0171 a legt\u00f6bb eur\u00f3pai orsz\u00e1gban, mint p\u00e9ld\u00e1ul N\u00e9metorsz\u00e1g, Hollandia, Franciaorsz\u00e1g, Olaszorsz\u00e1g, Spanyolorsz\u00e1g, Sv\u00e1jc, Sv\u00e9dorsz\u00e1g, Lengyelorsz\u00e1g, stb. Hogyan v\u00e1s\u00e1rolhatok Randm Tornado 15k Vape-t? Mi az a Fumot Tornado 15k vape? \u00dcdv\u00f6zl\u00fcnk a RANDM Tornado 15K Vape-ben \u2013 egy kiv\u00e1l\u00f3 alkot\u00e1s a Fumot-t\u00f3l. Ez a k\u00e9sz\u00fcl\u00e9k 15 000 sz\u00edv\u00e1s kapacit\u00e1ssal rendelkezik, magasra tette a m\u00e9rc\u00e9t a vape vil\u00e1g\u00e1ban. Shenzhen Fumot Technology mesterei k\u00e9sz\u00edtett\u00e9k, ez a vape nemcsak j\u00f3l n\u00e9z ki, hanem teljes\u00edt is.<\/p>\n<p>A nikotintartalom lehet\u0151s\u00e9gei 0%-t\u0151l 5%-ig terjednek, \u00e9s 25 ml e-juice-tal van el\u0151re t\u00f6ltve, \u00edgy \u00edzek sz\u00e9les v\u00e1laszt\u00e9k\u00e1t k\u00edn\u00e1lja. Egy 850mAh \u00fajrat\u00f6lthet\u0151 akkumul\u00e1torral m\u0171k\u00f6dik, \u00e9s egy 0,9\u03a9 Mesh tekercset tartalmaz, garant\u00e1lva sima sz\u00edv\u00e1sokat minden alkalommal. Figyeld az e-juice \u00e9s az akkumul\u00e1tor szintj\u00e9t az LED jelz\u0151vel \u2013 ez olyan egyszer\u0171, mint a pite. K\u00e9sz\u00fclj fel a legjobb vape \u00e9lm\u00e9nyre a RANDM Tornado 15K Vape-tel<\/p>\n<p>&nbsp;<\/p>\n<p><strong>Adja hozz\u00e1 AMY \u00e9rt\u00e9kes\u00edt\u00e9si vezet\u0151t a WhatsApp-on <a href=\"https:\/\/wa.me\/8617776015835\" target=\"_blank\" rel=\"noopener\">+86-17776015835<\/a> \u00e9s m\u00e9g t\u00f6bb kedvezm\u00e9nyt kaphat!<\/strong><\/p>\n<p><img loading=\"lazy\" decoding=\"async\" class=\"size-medium wp-image-1814\" src=\"https:\/\/rmvapesale.com\/wp-content\/uploads\/2024\/04\/whatsapp-amy-229x300.jpg\" alt=\"whatsapp amy\" width=\"229\" height=\"300\" srcset=\"https:\/\/rmvapesale.com\/wp-content\/uploads\/2024\/04\/whatsapp-amy-229x300.jpg 229w, https:\/\/rmvapesale.com\/wp-content\/uploads\/2024\/04\/whatsapp-amy-783x1024.jpg 783w, https:\/\/rmvapesale.com\/wp-content\/uploads\/2024\/04\/whatsapp-amy-768x1005.jpg 768w, https:\/\/rmvapesale.com\/wp-content\/uploads\/2024\/04\/whatsapp-amy-600x785.jpg 600w, https:\/\/rmvapesale.com\/wp-content\/uploads\/2024\/04\/whatsapp-amy.jpg 990w\" sizes=\"auto, (max-width: 229px) 100vw, 229px\" \/><\/p>\n<h2>A FUMOT TORNADO 15000 egyszer haszn\u00e1latos vape specifik\u00e1ci\u00f3i:<\/h2>\n<p>Nikotintartalom opci\u00f3k: 0%, 2%, 3% \u00e9s 5%<br \/>\nAk\u00e1r 15000 sz\u00edv\u00e1s<br \/>\nEl\u0151re t\u00f6ltve 25ml e-juice-tal<br \/>\n850mAh \u00fajrat\u00f6lthet\u0151 akkumul\u00e1tor<br \/>\n0.9\u03a9 Mesh tekercs<br \/>\n41 el\u00e9rhet\u0151 \u00edz<\/p>\n<h2>Legjobb Randm 15000 Puffs \u00edz<\/h2>\n<p>1 K\u00e9k Razz Lemonade<br \/>\n2 Peach Ice<br \/>\n3 Savany\u00fa Alma<br \/>\n4 G\u00f6r\u00f6gdinnye Ice<br \/>\n5 \u00c1fonya J\u00e9g<br \/>\n6 \u00c1fonya M\u00e1lna<br \/>\n7 Anan\u00e1sz Ice<br \/>\n8 Cseresznye<br \/>\n9 Eper J\u00e9g<br \/>\n10 Vimto\u00a0 <span style=\"color: #ff0000\"><strong>&gt;&gt;&gt;&gt; Forr\u00f3!<\/strong><\/span><br \/>\n11 Sz\u0151l\u0151 Ice<br \/>\n12 Cola J\u00e9g<br \/>\n13 Eper Dinnye<br \/>\n14 R\u00f3zsasz\u00edn Limon\u00e1d\u00e9 <span style=\"color: #ff0000\"><strong>&gt;&gt;&gt;&gt; A legjobb!<\/strong><\/span><br \/>\n15 Vegyes Bogy\u00f3 <span style=\"color: #ff0000\"><strong>&gt;&gt;&gt;&gt; Forr\u00f3!<\/strong><\/span><br \/>\n16 Barack Mang\u00f3<br \/>\n17 S\u00e1rk\u00e1nygy\u00fcm\u00f6lcs<br \/>\n18 Eper Sz\u0151l\u0151<br \/>\n19 \u00dar k\u00e9k <span style=\"color: #ff0000\"><strong>&gt;&gt;&gt;&gt; Forr\u00f3!<\/strong><\/span><br \/>\n20.G\u00f6r\u00f6gdinnye j\u00e9g<br \/>\n21 J\u00e9gkr\u00e9m<br \/>\n22 Eper Kiwi<br \/>\n23 Kiwi Passi\u00f3gy\u00fcm\u00f6lcs Guava<br \/>\n24 H\u00e1rom Bogy\u00f3 <span style=\"color: #ff0000\"><strong>&gt;&gt;&gt;&gt; Forr\u00f3!<\/strong><\/span><br \/>\n25 Ban\u00e1n J\u00e9g<br \/>\n26 Barack\u00e1fonya Cukorka<br \/>\n27.Alma \u0150szibarack K\u00f6rte<br \/>\n28.Bogy\u00f3s Limon\u00e1d\u00e9<br \/>\n29.K\u00e9k M\u00e1lna Cseresznye<br \/>\n30.\u00c1fonya R\u00e1g\u00f3gumi<br \/>\n31.\u00c1fonya Cseresznye V\u00f6r\u00f6s\u00e1fonya<br \/>\n32.\u00c1fonya Gr\u00e1n\u00e1talma<br \/>\n33.K\u00e9ksavas M\u00e1lna<br \/>\n34.Cseresznye K\u00f3la<br \/>\n35 Gummy Medve<br \/>\n36.Citrom<br \/>\n37 Mang\u00f3 J\u00e9gen<br \/>\n38.Piros Energia j\u00e9g<br \/>\n39.Eper Ban\u00e1n<br \/>\n40.Eper Red Bull<br \/>\n41.Eper G\u00f6r\u00f6gdinnye Limon\u00e1d\u00e9<\/p>\n<p>&nbsp;<\/p>\n<h2>Randm Tornado 15000 GYIK<\/h2>\n<p>1. Mi az a RANDM VAPE 15K TORNADO eredeti?<br \/>\nA RANDM VAPE 15K TORNADO eredeti egy forr\u00f3 elad\u00e1s\u00fa eldobhat\u00f3 vape k\u00e9sz\u00fcl\u00e9k, amelyet a Fumot Vape Tech gy\u00e1rt. Nev\u00e9t leny\u0171g\u00f6z\u0151 15 000 sz\u00edv\u00e1s kapacit\u00e1s\u00e1r\u00f3l kapta.<\/p>\n<p>2. Ki k\u00e9sz\u00edti a RANDM VAPE 15K TORNADO eredetit?<br \/>\nA RANDM VAPE 15K TORNADO Genuine gy\u00e1rt\u00f3ja a Shenzhen Fumot Technology, egy vezet\u0151 v\u00e1llalat a vaperek vil\u00e1g\u00e1ban, amely innovat\u00edv term\u00e9keir\u0151l ismert.<\/p>\n<p>3. Mi teszi egyediv\u00e9 a RANDM VAPE 15K TORNADO Authentic-et?<\/p>\n<p>A 15 000 sz\u00edv\u00e1si kapacit\u00e1s\u00e1val a RANDM VAPE 15K TORNADO Authentic az egyik legnagyobb kapacit\u00e1s\u00fa eldobhat\u00f3 vape a piacon. J\u00f3 v\u00e1laszt\u00e1s azok sz\u00e1m\u00e1ra, akik hosszabb ideig tart\u00f3 eszk\u00f6z\u00f6ket keresnek.<\/p>\n<p>4. Milyen \u00edzek \u00e9rhet\u0151k el a RANDM VAPE 15K TORNADO Genuine sz\u00e1m\u00e1ra?<br \/>\nA RANDM VAPE 15K TORNADO Genuine k\u00fcl\u00f6nf\u00e9le \u00edzekben kaphat\u00f3, t\u00f6bbek k\u00f6z\u00f6tt Alma Barack K\u00f6rte, Ban\u00e1n J\u00e9g, Bogy\u00f3s Citroml\u00e9, K\u00e9k R\u00e1zs Cseresznye \u00e9s m\u00e9g sok m\u00e1s. 41 \u00edz k\u00f6z\u00fcl v\u00e1laszthat, minden \u00edzl\u00e9snek van valami.<\/p>\n<p>5. Mennyi ideig tart az akkumul\u00e1tor a RANDM VAPE 15K TORNADO Authentic eset\u00e9ben?<br \/>\nA RANDM VAPE 15K TORNADO Authentic be\u00e9p\u00edtett, 850mAh kapacit\u00e1s\u00fa akkumul\u00e1torral rendelkezik, amely hosszabb haszn\u00e1latot tesz lehet\u0151v\u00e9 egy t\u00f6lt\u00e9ssel. A pontos akkumul\u00e1tor-\u00e9lettartam egy\u00e9ni haszn\u00e1lati szok\u00e1sokt\u00f3l f\u00fcgg.<\/p>\n<p>6. \u00dajrat\u00f6lthet\u0151 a RANDM VAPE 15000 TORNADO Original?<br \/>\nNem, a RANDM VAPE 15000 TORNADO Original eldobhat\u00f3 vape k\u00e9sz\u00fcl\u00e9k, \u00e9s nem \u00fajrat\u00f6lthet\u0151. Miut\u00e1n az akkumul\u00e1tor kimer\u00fcl vagy az e-liquid elfogy, a k\u00e9sz\u00fcl\u00e9ket felel\u0151ss\u00e9gteljesen kell eldobni.<\/p>\n<p>7. Hogyan v\u00e1s\u00e1rolhatom meg a RANDM VAPE 15000 Genuine-et?<br \/>\nA RANDM VAPE 15000 Igazi el\u00e9rhet\u0151 hivatalos forgalmaz\u00f3kon kereszt\u00fcl. Nagykereskedelmi \u00e9rdekl\u0151d\u00e9s eset\u00e9n a forgalmaz\u00f3k <a href=\"https:\/\/wa.me\/8617776015835\" target=\"_blank\" rel=\"noopener\">Kapcsolat<\/a> fordulhatnak. A lakoss\u00e1gi \u00fcgyfelek a term\u00e9ket kiv\u00e1lasztott kiskeresked\u0151kn\u00e9l vagy online \u00e1ruh\u00e1zakban tal\u00e1lhatj\u00e1k meg.<\/p>\n<p>&nbsp;<\/p>\n<p>Tal\u00e1lja meg a tov\u00e1bbi vape term\u00e9keket, amelyek tetszhetnek \u00d6nnek:<em><a href=\"https:\/\/rmvapesale.com\/hu\/shop-2\/\">V\u00e1s\u00e1roljon most\u00a0<\/a><\/em><\/p>\n<p>Egy\u00e9b n\u00e9pszer\u0171 vape term\u00e9kek, amelyek tetszhetnek:<\/p>\n<p><a href=\"https:\/\/rmvapesale.com\/hu\/product\/jnr-shisha-vape-15000-puffs-wholesale-price-with-screen-vape\/\">VOPK SHISHA 15K<\/a><\/p>\n<p><a href=\"https:\/\/rmvapesale.com\/hu\/product\/randm-vape-al-fakher-10000-puffs-vape-wholesale\/\">randm vape AI FAKHER 15k vape<\/a><\/p>","protected":false},"excerpt":{"rendered":"<p class=\"LC20lb MBeuO DKV0Md\">15K PUFF FUMOT VAPE RANDM Nagykereskedelmi \u00c1r<br \/>\n15K PUFF FUMOT EREDETI RANDM Gy\u00e1rt\u00f3i \u00c1r<br \/>\n15K PUFF FUMOT Eredeti RANDM TORNADO VAPE Kedvezm\u00e9nyes \u00c1r<br \/>\n<strong>Tov\u00e1bbi kedvezm\u00e9ny\u00e9rt \u00e9s alacsonyabb minim\u00e1lis rendel\u00e9si mennyis\u00e9g\u00e9rt l\u00e9pjen kapcsolatba Amy-vel<\/strong><\/p>\n<p><img loading=\"lazy\" decoding=\"async\" class=\"size-medium wp-image-1814\" src=\"https:\/\/rmvapesale.com\/wp-content\/uploads\/2024\/04\/whatsapp-amy-229x300.jpg\" alt=\"whatsapp amy\" width=\"229\" height=\"300\" srcset=\"https:\/\/rmvapesale.com\/wp-content\/uploads\/2024\/04\/whatsapp-amy-229x300.jpg 229w, https:\/\/rmvapesale.com\/wp-content\/uploads\/2024\/04\/whatsapp-amy-783x1024.jpg 783w, https:\/\/rmvapesale.com\/wp-content\/uploads\/2024\/04\/whatsapp-amy-768x1005.jpg 768w, https:\/\/rmvapesale.com\/wp-content\/uploads\/2024\/04\/whatsapp-amy-600x785.jpg 600w, https:\/\/rmvapesale.com\/wp-content\/uploads\/2024\/04\/whatsapp-amy.jpg 990w\" sizes=\"auto, (max-width: 229px) 100vw, 229px\" \/><\/p>\n<h3><span style=\"color: #ff0000\"><strong>WhatsApp: +86 17776015835<\/strong><\/span><\/h3>","protected":false},"featured_media":1877,"comment_status":"open","ping_status":"closed","template":"","meta":{"_uag_custom_page_level_css":"","_lmt_disableupdate":"no","_lmt_disable":"","site-sidebar-layout":"default","site-content-layout":"content-boxed-container","ast-site-content-layout":"normal-width-container","site-content-style":"boxed","site-sidebar-style":"unboxed","ast-global-header-display":"","ast-banner-title-visibility":"","ast-main-header-display":"","ast-hfb-above-header-display":"","ast-hfb-below-header-display":"","ast-hfb-mobile-header-display":"","site-post-title":"","ast-breadcrumbs-content":"","ast-featured-img":"","footer-sml-layout":"","theme-transparent-header-meta":"default","adv-header-id-meta":"","stick-header-meta":"","header-above-stick-meta":"","header-main-stick-meta":"","header-below-stick-meta":"","astra-migrate-meta-layouts":"set","ast-page-background-enabled":"default","ast-page-background-meta":{"desktop":{"background-color":"var(--ast-global-color-4)","background-image":"","background-repeat":"repeat","background-position":"center center","background-size":"auto","background-attachment":"scroll","background-type":"","background-media":"","overlay-type":"","overlay-color":"","overlay-opacity":"","overlay-gradient":""},"tablet":{"background-color":"","background-image":"","background-repeat":"repeat","background-position":"center center","background-size":"auto","background-attachment":"scroll","background-type":"","background-media":"","overlay-type":"","overlay-color":"","overlay-opacity":"","overlay-gradient":""},"mobile":{"background-color":"","background-image":"","background-repeat":"repeat","background-position":"center center","background-size":"auto","background-attachment":"scroll","background-type":"","background-media":"","overlay-type":"","overlay-color":"","overlay-opacity":"","overlay-gradient":""}},"ast-content-background-meta":{"desktop":{"background-color":"var(--ast-global-color-5)","background-image":"","background-repeat":"repeat","background-position":"center center","background-size":"auto","background-attachment":"scroll","background-type":"","background-media":"","overlay-type":"","overlay-color":"","overlay-opacity":"","overlay-gradient":""},"tablet":{"background-color":"var(--ast-global-color-5)","background-image":"","background-repeat":"repeat","background-position":"center center","background-size":"auto","background-attachment":"scroll","background-type":"","background-media":"","overlay-type":"","overlay-color":"","overlay-opacity":"","overlay-gradient":""},"mobile":{"background-color":"var(--ast-global-color-5)","background-image":"","background-repeat":"repeat","background-position":"center center","background-size":"auto","background-attachment":"scroll","background-type":"","background-media":"","overlay-type":"","overlay-color":"","overlay-opacity":"","overlay-gradient":""}},"_joinchat":[]},"product_brand":[],"product_cat":[25,51,123,26,28,135,27,31,61,137,15,30],"product_tag":[44,39,40,41,171,38,37],"class_list":{"0":"post-1874","1":"product","2":"type-product","3":"status-publish","4":"has-post-thumbnail","6":"product_cat-germany-best-selling-vape","7":"product_cat-fumot-vape","8":"product_cat-italy-wholesale-vape","9":"product_cat-netherlands-hot-sale-vape","10":"product_cat-poland-hot-sale-vape","11":"product_cat-spain-best-hot-sale-vape","12":"product_cat-fance-hot-sale-vape","13":"product_cat-randm-fumot-vape","14":"product_cat-15000-puffs-disposable-vapes","15":"product_cat-rechargeable-vapes","16":"product_cat-new-vape-this-week","17":"product_cat-minimum-order-quantity-50pcs","18":"product_tag-15k-puffs-15000-vape-wholesale","19":"product_tag-fumot-vape","20":"product_tag-hot-sale-vape","21":"product_tag-original-factory-vape","22":"product_tag-randm-15000","23":"product_tag-randm-vape","24":"product_tag-wholesale-vape-price","25":"desktop-align-left","26":"tablet-align-left","27":"mobile-align-left","29":"first","30":"instock","31":"sale","32":"shipping-taxable","33":"purchasable","34":"product-type-simple"},"uagb_featured_image_src":{"full":["https:\/\/rmvapesale.com\/wp-content\/uploads\/2024\/05\/randm-vape-tornado-15k-fumot.jpg",424,589,false],"thumbnail":["https:\/\/rmvapesale.com\/wp-content\/uploads\/2024\/05\/randm-vape-tornado-15k-fumot-150x150.jpg",150,150,true],"medium":["https:\/\/rmvapesale.com\/wp-content\/uploads\/2024\/05\/randm-vape-tornado-15k-fumot-216x300.jpg",216,300,true],"medium_large":["https:\/\/rmvapesale.com\/wp-content\/uploads\/2024\/05\/randm-vape-tornado-15k-fumot.jpg",424,589,false],"large":["https:\/\/rmvapesale.com\/wp-content\/uploads\/2024\/05\/randm-vape-tornado-15k-fumot.jpg",424,589,false],"1536x1536":["https:\/\/rmvapesale.com\/wp-content\/uploads\/2024\/05\/randm-vape-tornado-15k-fumot.jpg",424,589,false],"2048x2048":["https:\/\/rmvapesale.com\/wp-content\/uploads\/2024\/05\/randm-vape-tornado-15k-fumot.jpg",424,589,false],"trp-custom-language-flag":["https:\/\/rmvapesale.com\/wp-content\/uploads\/2024\/05\/randm-vape-tornado-15k-fumot.jpg",9,12,false],"woocommerce_thumbnail":["https:\/\/rmvapesale.com\/wp-content\/uploads\/2024\/05\/randm-vape-tornado-15k-fumot-300x300.jpg",300,300,true],"woocommerce_single":["https:\/\/rmvapesale.com\/wp-content\/uploads\/2024\/05\/randm-vape-tornado-15k-fumot.jpg",424,589,false],"woocommerce_gallery_thumbnail":["https:\/\/rmvapesale.com\/wp-content\/uploads\/2024\/05\/randm-vape-tornado-15k-fumot-100x100.jpg",100,100,true],"wcpr-photo-reviews":["https:\/\/rmvapesale.com\/wp-content\/uploads\/2024\/05\/randm-vape-tornado-15k-fumot.jpg",360,500,false]},"uagb_author_info":{"display_name":"yannazhan","author_link":"https:\/\/rmvapesale.com\/hu\/author\/"},"uagb_comment_info":0,"uagb_excerpt":"15K PUFFS FUMOT VAPE RANDM Wholesale Price 15K PUFFS FUMOT ORIGINAL RANDM\u00a0 Factory Price 15K PUFFS Genuine FUMOT VAPE TORNADO RANDM Discount Price Contact Amy For More Discount And Lower MOQ Vape WhatsApp: +86 17776015835","_links":{"self":[{"href":"https:\/\/rmvapesale.com\/hu\/wp-json\/wp\/v2\/product\/1874","targetHints":{"allow":["GET"]}}],"collection":[{"href":"https:\/\/rmvapesale.com\/hu\/wp-json\/wp\/v2\/product"}],"about":[{"href":"https:\/\/rmvapesale.com\/hu\/wp-json\/wp\/v2\/types\/product"}],"replies":[{"embeddable":true,"href":"https:\/\/rmvapesale.com\/hu\/wp-json\/wp\/v2\/comments?post=1874"}],"wp:featuredmedia":[{"embeddable":true,"href":"https:\/\/rmvapesale.com\/hu\/wp-json\/wp\/v2\/media\/1877"}],"wp:attachment":[{"href":"https:\/\/rmvapesale.com\/hu\/wp-json\/wp\/v2\/media?parent=1874"}],"wp:term":[{"taxonomy":"product_brand","embeddable":true,"href":"https:\/\/rmvapesale.com\/hu\/wp-json\/wp\/v2\/product_brand?post=1874"},{"taxonomy":"product_cat","embeddable":true,"href":"https:\/\/rmvapesale.com\/hu\/wp-json\/wp\/v2\/product_cat?post=1874"},{"taxonomy":"product_tag","embeddable":true,"href":"https:\/\/rmvapesale.com\/hu\/wp-json\/wp\/v2\/product_tag?post=1874"}],"curies":[{"name":"wp","href":"https:\/\/api.w.org\/{rel}","templated":true}]}}