{"id":1886,"date":"2024-05-15T08:46:17","date_gmt":"2024-05-15T08:46:17","guid":{"rendered":"https:\/\/rmvapesale.com\/?post_type=product&#038;p=1886"},"modified":"2024-10-21T08:52:11","modified_gmt":"2024-10-21T08:52:11","slug":"original-randm-vape-digital-puff-12000-fumot-factory-price","status":"publish","type":"product","link":"https:\/\/rmvapesale.com\/hu\/product\/original-randm-vape-digital-puff-12000-fumot-factory-price\/","title":{"rendered":"Eredeti Randm Vape Digital Puff 12000 FUMOT gy\u00e1ri \u00e1r"},"content":{"rendered":"<h1>Eredeti Randm Vape Digital Puff 12000 FUMOT gy\u00e1ri \u00e1r<\/h1>\n<p>A leg\u00fajabb <strong>Eredeti Randm Vape Digital Puff 12000<\/strong>, a t\u00f6k\u00e9letes v\u00e1laszt\u00e1s a piac b\u0151v\u00edt\u00e9s\u00e9hez, mint p\u00e9ld\u00e1ul N\u00e9metorsz\u00e1g, Hollandia, Franciaorsz\u00e1g, Olaszorsz\u00e1g, Spanyolorsz\u00e1g, Sv\u00e1jc, Sv\u00e9dorsz\u00e1g, Lengyelorsz\u00e1g, stb. Ez a fejlett g\u0151z\u00f6l\u0151 k\u00e9sz\u00fcl\u00e9k nemcsak kiv\u00e1l\u00f3 teljes\u00edtm\u00e9nyt ny\u00fajt, hanem sz\u00e1mos \u00edzv\u00e1laszt\u00e9kot is k\u00edn\u00e1l a k\u00fcl\u00f6nb\u00f6z\u0151 fogyaszt\u00f3i ig\u00e9nyek kiel\u00e9g\u00edt\u00e9s\u00e9re.<\/p>\n<p>A <strong>Fumot Digital Box 12000 eldobhat\u00f3 vape<\/strong> 20 ml e-liquid kapacit\u00e1ssal rendelkezik, amely ak\u00e1r 12 000 slukkot is biztos\u00edt k\u00e9sz\u00fcl\u00e9kenk\u00e9nt, hosszan tart\u00f3 \u00e9lvezetet ny\u00fajtva a felhaszn\u00e1l\u00f3knak. Be\u00e9p\u00edtett 850 mAh-s \u00fajrat\u00f6lthet\u0151 akkumul\u00e1torral \u00e9s k\u00e9nyelmes akkumul\u00e1tor- \u00e9s e-liquid kijelz\u0151vel rendelkezik, amely lehet\u0151v\u00e9 teszi a felhaszn\u00e1l\u00f3k sz\u00e1m\u00e1ra, hogy k\u00f6nnyen ellen\u0151rizz\u00e9k a h\u00e1tral\u00e9v\u0151 energi\u00e1t \u00e9s e-liquid szintet a probl\u00e9mamentes g\u0151z\u00f6l\u00e9si \u00e9lm\u00e9ny \u00e9rdek\u00e9ben.<\/p>\n<p>\u00cdzek sz\u00e9les v\u00e1laszt\u00e9k\u00e1t k\u00edn\u00e1ljuk, bele\u00e9rtve a Cool Mint, Watermelon Ice, Grape Ice, Blueberry Raspberry, Strawberry Watermelon \u00e9s m\u00e9g sok m\u00e1s \u00edzt, \u00f6sszesen 24 egyedi opci\u00f3t. P\u00e9ld\u00e1ul a Cool Mint friss\u00edt\u0151 \u00e9s h\u0171v\u00f6s \u00e9rz\u00e9st ny\u00fajt, m\u00edg a Watermelon Ice az \u00e9des \u00e9s jeges jegyeket \u00f6tv\u00f6zi egy kellemes \u00e9lm\u00e9ny \u00e9rdek\u00e9ben, t\u00f6k\u00e9letes a forr\u00f3 ny\u00e1ri napokra.<\/p>\n<p>S\u0151t, a <strong>Fumot Digital Randm 12000 eldobhat\u00f3 vape<\/strong> fejlett nikotin s\u00f3 technol\u00f3gi\u00e1t alkalmaz, 0%, 2%, 3% \u00e9s 5% nikotinkoncentr\u00e1ci\u00f3ban kaphat\u00f3, lehet\u0151v\u00e9 t\u00e9ve a felhaszn\u00e1l\u00f3k sz\u00e1m\u00e1ra, hogy a sz\u00fcks\u00e9gleteiknek legink\u00e1bb megfelel\u0151 szintet v\u00e1lassz\u00e1k.<\/p>\n<p>VAPE nagykeresked\u0151k\u00e9nt \u00e9lvezheti gy\u00e1ri \u00e1rainkat, maxim\u00e1lis k\u00f6lts\u00e9ghat\u00e9konys\u00e1got biztos\u00edtva. Minim\u00e1lis rendel\u00e9si mennyis\u00e9g\u00fcnk mind\u00f6ssze 50 darab, ide\u00e1lis azoknak a nagykeresked\u0151knek, akik el\u0151sz\u00f6r import\u00e1lnak e-cigarett\u00e1t K\u00edn\u00e1b\u00f3l. 24 \u00f3r\u00e1s \u00fcgyf\u00e9lszolg\u00e1latot is biztos\u00edtunk, \u00e9s minden v\u00e1mkezel\u00e9si \u00fcgyet kezel\u00fcnk, \u00edgy a v\u00e1s\u00e1rl\u00e1si folyamat z\u00f6kken\u0151mentes \u00e9s gondtalan.<\/p>\n<p><strong>Adja hozz\u00e1 AMY \u00e9rt\u00e9kes\u00edt\u00e9si vezet\u0151t a WhatsApp-on <a href=\"https:\/\/wa.me\/8617776015835\" target=\"_blank\" rel=\"noopener\">+86-17776015835<\/a> \u00e9s m\u00e9g t\u00f6bb kedvezm\u00e9nyt kaphat!<\/strong><\/p>\n<p><img loading=\"lazy\" decoding=\"async\" class=\"size-medium wp-image-1814\" src=\"https:\/\/rmvapesale.com\/wp-content\/uploads\/2024\/04\/whatsapp-amy-229x300.jpg\" alt=\"whatsapp amy\" width=\"229\" height=\"300\" srcset=\"https:\/\/rmvapesale.com\/wp-content\/uploads\/2024\/04\/whatsapp-amy-229x300.jpg 229w, https:\/\/rmvapesale.com\/wp-content\/uploads\/2024\/04\/whatsapp-amy-783x1024.jpg 783w, https:\/\/rmvapesale.com\/wp-content\/uploads\/2024\/04\/whatsapp-amy-768x1005.jpg 768w, https:\/\/rmvapesale.com\/wp-content\/uploads\/2024\/04\/whatsapp-amy-600x785.jpg 600w, https:\/\/rmvapesale.com\/wp-content\/uploads\/2024\/04\/whatsapp-amy.jpg 990w\" sizes=\"auto, (max-width: 229px) 100vw, 229px\" \/><\/p>\n<h2>A FUMOT PUFF 12000 eldobhat\u00f3 vape m\u0171szaki adatai:<\/h2>\n<p>Nikotintartalom opci\u00f3k: 0%, 2%, 3% \u00e9s 5%<br \/>\nAk\u00e1r 12000 slukk<br \/>\nEl\u0151re felt\u00f6ltve 20 ml e-liquiddel<br \/>\n850mAh \u00fajrat\u00f6lthet\u0151 akkumul\u00e1tor<br \/>\n0.9\u03a9 Mesh tekercs<br \/>\n40 el\u00e9rhet\u0151 \u00edz<\/p>\n<h2>N\u00e9pszer\u0171 \u00edz a randm vape Digital 12000 Puff-hoz<\/h2>\n<p>1 H\u0171s\u00edt\u0151 Menta<br \/>\n2 Dinnye J\u00e9g<br \/>\n3 Sz\u0151l\u0151 J\u00e9g<br \/>\n4 \u00c1fonya M\u00e1lna <strong><span style=\"color: #ff0000\">&gt;&gt;&gt;Forr\u00f3!<\/span><\/strong><br \/>\n5 Eper Dinnye<br \/>\n6 Eper Ban\u00e1n<br \/>\n7 Zamat J\u00e9g<br \/>\n8 Cseresznye<br \/>\n9 Eper J\u00e9g<br \/>\n10 Jeges nyal\u00f3ka<br \/>\n11 R\u00f3zsasz\u00edn limon\u00e1d\u00e9 <strong><span style=\"color: #ff0000\">&gt;&gt;&gt;Legjobb\uff01<\/span><\/strong><br \/>\n12 Mang\u00f3 j\u00e9ggel<br \/>\n13 Vegyes bogy\u00f3s gy\u00fcm\u00f6lcs\u00f6k<br \/>\n14 Epres f\u00e1nk<br \/>\n15 Eper sz\u0151l\u0151<br \/>\n16 Meggyes k\u00f3la<br \/>\n17 Dr. k\u00e9k<br \/>\n18 \u00c1fonya j\u00e9ggel<br \/>\n19 Kivi maracuja guava<br \/>\n20 Eper kivi<br \/>\n21 Barack mang\u00f3<br \/>\n22 Barack j\u00e9g<br \/>\n23 Piros alma j\u00e9g<br \/>\n24 \u00c1fony\u00e1s r\u00e1g\u00f3gumi<br \/>\n25 Bogy\u00f3s gy\u00fcm\u00f6lcs\u00f6s limon\u00e1d\u00e9<br \/>\n26 K\u00e9k m\u00e1ln\u00e1s limon\u00e1d\u00e9<br \/>\n27 K\u00e9k savany\u00fa m\u00e1lna <strong><span style=\"color: #ff0000\">&gt;&gt;&gt;Forr\u00f3!<\/span><\/strong><br \/>\n28 Epres Red bull<br \/>\n29 Alm\u00e1s bogy\u00f3s robban\u00e1s<br \/>\n30 Dinny\u00e9s r\u00e1g\u00f3gumi<br \/>\n31 M\u00e1lna dinnye<br \/>\n32 Fekete j\u00e9g<br \/>\n33 \u00c1fonya cseresznye t\u0151zeg\u00e1fonya <strong><span style=\"color: #ff0000\">&gt;&gt;&gt;Forr\u00f3!<\/span><\/strong><br \/>\n34 Eper gr\u00e1n\u00e1talma<br \/>\n35 Vimto <strong><span style=\"color: #ff0000\">&gt;&gt;&gt;Forr\u00f3!<\/span><\/strong><br \/>\n36 Cseresznye bogy\u00f3<br \/>\n37 Citrom<br \/>\n38 Bingo Crush<br \/>\n39 \u00c1fonya kivi<br \/>\n40 Alma fah\u00e9j<\/p>\n<figure id=\"attachment_2480\" aria-describedby=\"caption-attachment-2480\" style=\"width: 600px\" class=\"wp-caption alignnone\"><img loading=\"lazy\" decoding=\"async\" class=\"wp-image-2480 size-full\" src=\"https:\/\/rmvapesale.com\/wp-content\/uploads\/2024\/10\/Fumot-Digital-Box-12000-Disposable-Vape.jpg\" alt=\"Fumot Digital Box 12000 eldobhat\u00f3 vape\" width=\"600\" height=\"600\" srcset=\"https:\/\/rmvapesale.com\/wp-content\/uploads\/2024\/10\/Fumot-Digital-Box-12000-Disposable-Vape.jpg 600w, https:\/\/rmvapesale.com\/wp-content\/uploads\/2024\/10\/Fumot-Digital-Box-12000-Disposable-Vape-300x300.jpg 300w, https:\/\/rmvapesale.com\/wp-content\/uploads\/2024\/10\/Fumot-Digital-Box-12000-Disposable-Vape-150x150.jpg 150w, https:\/\/rmvapesale.com\/wp-content\/uploads\/2024\/10\/Fumot-Digital-Box-12000-Disposable-Vape-100x100.jpg 100w\" sizes=\"auto, (max-width: 600px) 100vw, 600px\" \/><figcaption id=\"caption-attachment-2480\" class=\"wp-caption-text\">Fumot Digital Box 12000 eldobhat\u00f3 vape<\/figcaption><\/figure>\n<h2>Amit \u00e9rdemes tudni a Fumot Digital Puff 12000 vape-r\u0151l, miel\u0151tt nagy t\u00e9telben v\u00e1s\u00e1rol.<\/h2>\n<p><strong>1. k\u00e9rd\u00e9s: Milyen nikotinv\u00e1laszt\u00e9k \u00e9rhet\u0151 el a Fumot Randm Digital 12000 Puffs vape-hez?<\/strong><\/p>\n<ul>\n<li>A <strong>Eredeti Fumot Vape Digital 12000 Puffs<\/strong> 0%, 2%, 3% \u00e9s 5% nikotins\u00f3 koncentr\u00e1ci\u00f3t k\u00edn\u00e1l.<\/li>\n<\/ul>\n<p><strong>2. k\u00e9rd\u00e9s: H\u00e1ny \u00edz \u00e9rhet\u0151 el ehhez a term\u00e9khez?<\/strong><\/p>\n<ul>\n<li>A <strong>Az eredeti Randm Digital Vape 12k Puffs<\/strong> 24 k\u00fcl\u00f6nb\u00f6z\u0151 \u00edzben kaphat\u00f3, bele\u00e9rtve a h\u0171s\u00edt\u0151 ment\u00e1t, a g\u00f6r\u00f6gdinnye jeget, a sz\u0151l\u0151 jeget \u00e9s m\u00e9g sok m\u00e1st.<\/li>\n<\/ul>\n<p><strong>3. k\u00e9rd\u00e9s: Mekkora a k\u00e9sz\u00fcl\u00e9k e-liquid kapacit\u00e1sa \u00e9s a sz\u00edv\u00e1sok sz\u00e1ma?<\/strong><\/p>\n<ul>\n<li>A <strong>Az eredeti Randm Vape Digital Puffs 12000<\/strong> 20 ml e-liquid kapacit\u00e1ssal rendelkezik, \u00e9s ak\u00e1r 12 000 slukkot biztos\u00edt k\u00e9sz\u00fcl\u00e9kenk\u00e9nt.<\/li>\n<\/ul>\n<p><strong>4. k\u00e9rd\u00e9s: Az akkumul\u00e1tor \u00fajrat\u00f6lthet\u0151, \u00e9s hogyan ellen\u0151rizhetem az \u00e1llapot\u00e1t?<\/strong><\/p>\n<ul>\n<li>Igen, az <strong>Az eredeti Randm Digital Vape 12k Puffs<\/strong> integr\u00e1lt 850 mAh-s \u00fajrat\u00f6lthet\u0151 akkumul\u00e1torral rendelkezik, amelyen kijelz\u0151 mutatja az akkumul\u00e1tor \u00e9s az e-liquid t\u00f6lt\u00f6tts\u00e9gi szintj\u00e9t.<\/li>\n<\/ul>\n<p><strong>5. k\u00e9rd\u00e9s: Mi a minim\u00e1lis rendel\u00e9si mennyis\u00e9g, \u00e9s milyen t\u00e1mogat\u00e1st ny\u00fajt az \u00faj import\u0151r\u00f6k sz\u00e1m\u00e1ra?<\/strong><\/p>\n<ul>\n<li>A minim\u00e1lis rendel\u00e9si mennyis\u00e9g 50 darab. 24\/7 \u00fcgyf\u00e9lszolg\u00e1latot k\u00edn\u00e1lunk, \u00e9s kezelj\u00fck az \u00f6sszes v\u00e1mkezel\u00e9si k\u00e9rd\u00e9st, \u00edgy ide\u00e1lis az els\u0151 alkalommal K\u00edn\u00e1b\u00f3l import\u00e1l\u00f3knak.<\/li>\n<\/ul>\n<p><strong>6. k\u00e9rd\u00e9s: Hogyan van csomagolva a term\u00e9k a nagykereskedelem sz\u00e1m\u00e1ra?<\/strong><\/p>\n<ul>\n<li>A <strong>Az eredeti Fumot Digital Vape 12k Puffs<\/strong> 10 darabos kijelz\u0151dobozban \u00e9s 200 darabos kartonban van csomagolva.<\/li>\n<\/ul>\n<p><strong>7. k\u00e9rd\u00e9s: El\u00e9rhet\u0151k gy\u00e1ri \u00e1r opci\u00f3k nagy mennyis\u00e9g\u0171 v\u00e1s\u00e1rl\u00e1s eset\u00e9n?<\/strong><\/p>\n<ul>\n<li>Igen, k\u00edn\u00e1lunk <strong>Eredeti Fumot Vape Digital 12k Puffs Gy\u00e1ri \u00e1r<\/strong> lehet\u0151s\u00e9gek t\u00f6meges v\u00e1s\u00e1rl\u00e1sokhoz, hogy a legjobb \u00e9rt\u00e9ket kapja.<\/li>\n<\/ul>\n<p><strong>Q8: Kaphatok versenyk\u00e9pes \u00e1rakat nagy megrendel\u00e9sekre?<\/strong><\/p>\n<ul>\n<li>Abszol\u00fat, biztos\u00edtunk <strong>Eredeti Randm Digital Vape 12k Puffs \u00d6mlesztett \u00e1r<\/strong> hogy seg\u00edts\u00fcnk maximaliz\u00e1lni a vape \u00fczleti profitj\u00e1t.<\/li>\n<\/ul>\n<p>Tal\u00e1lja meg a tov\u00e1bbi vape term\u00e9keket, amelyek tetszhetnek \u00d6nnek:<em><a href=\"https:\/\/rmvapesale.com\/hu\/shop-2\/\">V\u00e1s\u00e1roljon most\u00a0<\/a><\/em><\/p>\n<p>Egy\u00e9b n\u00e9pszer\u0171 vape term\u00e9kek, amelyek tetszhetnek:<\/p>\n<p><a href=\"https:\/\/rmvapesale.com\/hu\/product\/jnr-shisha-vape-15000-puffs-wholesale-price-with-screen-vape\/\">VOPK SHISHA 15K<\/a><\/p>\n<p><a href=\"https:\/\/rmvapesale.com\/hu\/product\/randm-vape-al-fakher-10000-puffs-vape-wholesale\/\">randm vape AI FAKHER 15k vape<\/a><\/p>\n<p><a href=\"https:\/\/rmvapesale.com\/hu\/product\/randm-tornado-15000-puffs-15k-vape-recharge-fumot-original-vape-factory-price\/\">Fumot digital box Puff 12000<\/a><\/p>","protected":false},"excerpt":{"rendered":"<p class=\"LC20lb MBeuO DKV0Md\">Eredeti Fumot Vape Digital 12000 Puffs gy\u00e1ri \u00e1r<br \/>\nEredeti Fumot Vape Digital 12k Puffs \u00e1r t\u00f6meges v\u00e1s\u00e1rl\u00e1s<br \/>\nFumot Vape RandM Digital 12000 \u00e1r olcs\u00f3<br \/>\n<strong>Tov\u00e1bbi kedvezm\u00e9ny\u00e9rt \u00e9s alacsonyabb minim\u00e1lis rendel\u00e9si mennyis\u00e9g\u00e9rt l\u00e9pjen kapcsolatba Amy-vel<\/strong><\/p>\n<p><img loading=\"lazy\" decoding=\"async\" class=\"size-medium wp-image-1814\" src=\"https:\/\/rmvapesale.com\/wp-content\/uploads\/2024\/04\/whatsapp-amy-229x300.jpg\" alt=\"whatsapp amy\" width=\"229\" height=\"300\" srcset=\"https:\/\/rmvapesale.com\/wp-content\/uploads\/2024\/04\/whatsapp-amy-229x300.jpg 229w, https:\/\/rmvapesale.com\/wp-content\/uploads\/2024\/04\/whatsapp-amy-783x1024.jpg 783w, https:\/\/rmvapesale.com\/wp-content\/uploads\/2024\/04\/whatsapp-amy-768x1005.jpg 768w, https:\/\/rmvapesale.com\/wp-content\/uploads\/2024\/04\/whatsapp-amy-600x785.jpg 600w, https:\/\/rmvapesale.com\/wp-content\/uploads\/2024\/04\/whatsapp-amy.jpg 990w\" sizes=\"auto, (max-width: 229px) 100vw, 229px\" \/><\/p>\n<h3><span style=\"color: #ff0000\"><strong>WhatsApp: +86 17776015835<\/strong><\/span><\/h3>","protected":false},"featured_media":2485,"comment_status":"open","ping_status":"closed","template":"","meta":{"_uag_custom_page_level_css":"","_lmt_disableupdate":"no","_lmt_disable":"","site-sidebar-layout":"default","site-content-layout":"content-boxed-container","ast-site-content-layout":"normal-width-container","site-content-style":"boxed","site-sidebar-style":"unboxed","ast-global-header-display":"","ast-banner-title-visibility":"","ast-main-header-display":"","ast-hfb-above-header-display":"","ast-hfb-below-header-display":"","ast-hfb-mobile-header-display":"","site-post-title":"","ast-breadcrumbs-content":"","ast-featured-img":"","footer-sml-layout":"","theme-transparent-header-meta":"default","adv-header-id-meta":"","stick-header-meta":"","header-above-stick-meta":"","header-main-stick-meta":"","header-below-stick-meta":"","astra-migrate-meta-layouts":"set","ast-page-background-enabled":"default","ast-page-background-meta":{"desktop":{"background-color":"var(--ast-global-color-4)","background-image":"","background-repeat":"repeat","background-position":"center center","background-size":"auto","background-attachment":"scroll","background-type":"","background-media":"","overlay-type":"","overlay-color":"","overlay-opacity":"","overlay-gradient":""},"tablet":{"background-color":"","background-image":"","background-repeat":"repeat","background-position":"center center","background-size":"auto","background-attachment":"scroll","background-type":"","background-media":"","overlay-type":"","overlay-color":"","overlay-opacity":"","overlay-gradient":""},"mobile":{"background-color":"","background-image":"","background-repeat":"repeat","background-position":"center center","background-size":"auto","background-attachment":"scroll","background-type":"","background-media":"","overlay-type":"","overlay-color":"","overlay-opacity":"","overlay-gradient":""}},"ast-content-background-meta":{"desktop":{"background-color":"var(--ast-global-color-5)","background-image":"","background-repeat":"repeat","background-position":"center center","background-size":"auto","background-attachment":"scroll","background-type":"","background-media":"","overlay-type":"","overlay-color":"","overlay-opacity":"","overlay-gradient":""},"tablet":{"background-color":"var(--ast-global-color-5)","background-image":"","background-repeat":"repeat","background-position":"center center","background-size":"auto","background-attachment":"scroll","background-type":"","background-media":"","overlay-type":"","overlay-color":"","overlay-opacity":"","overlay-gradient":""},"mobile":{"background-color":"var(--ast-global-color-5)","background-image":"","background-repeat":"repeat","background-position":"center center","background-size":"auto","background-attachment":"scroll","background-type":"","background-media":"","overlay-type":"","overlay-color":"","overlay-opacity":"","overlay-gradient":""}},"_joinchat":[]},"product_brand":[],"product_cat":[25,26,28,27,31,15,30],"product_tag":[45,46,39,40,111,41,38,165,37],"class_list":{"0":"post-1886","1":"product","2":"type-product","3":"status-publish","4":"has-post-thumbnail","6":"product_cat-germany-best-selling-vape","7":"product_cat-netherlands-hot-sale-vape","8":"product_cat-poland-hot-sale-vape","9":"product_cat-fance-hot-sale-vape","10":"product_cat-randm-fumot-vape","11":"product_cat-new-vape-this-week","12":"product_cat-minimum-order-quantity-50pcs","13":"product_tag-12k-vape-puff-12000","14":"product_tag-digital-box-12000-puff-original","15":"product_tag-fumot-vape","16":"product_tag-hot-sale-vape","17":"product_tag-low-nicotine-disposable-vape","18":"product_tag-original-factory-vape","19":"product_tag-randm-vape","20":"product_tag-rechargeable-vapes","21":"product_tag-wholesale-vape-price","22":"desktop-align-left","23":"tablet-align-left","24":"mobile-align-left","26":"first","27":"instock","28":"sale","29":"shipping-taxable","30":"purchasable","31":"product-type-simple"},"uagb_featured_image_src":{"full":["https:\/\/rmvapesale.com\/wp-content\/uploads\/2024\/10\/Randm-Vape-12000-Puffs.jpg",600,600,false],"thumbnail":["https:\/\/rmvapesale.com\/wp-content\/uploads\/2024\/10\/Randm-Vape-12000-Puffs-150x150.jpg",150,150,true],"medium":["https:\/\/rmvapesale.com\/wp-content\/uploads\/2024\/10\/Randm-Vape-12000-Puffs-300x300.jpg",300,300,true],"medium_large":["https:\/\/rmvapesale.com\/wp-content\/uploads\/2024\/10\/Randm-Vape-12000-Puffs.jpg",600,600,false],"large":["https:\/\/rmvapesale.com\/wp-content\/uploads\/2024\/10\/Randm-Vape-12000-Puffs.jpg",600,600,false],"1536x1536":["https:\/\/rmvapesale.com\/wp-content\/uploads\/2024\/10\/Randm-Vape-12000-Puffs.jpg",600,600,false],"2048x2048":["https:\/\/rmvapesale.com\/wp-content\/uploads\/2024\/10\/Randm-Vape-12000-Puffs.jpg",600,600,false],"trp-custom-language-flag":["https:\/\/rmvapesale.com\/wp-content\/uploads\/2024\/10\/Randm-Vape-12000-Puffs.jpg",12,12,false],"woocommerce_thumbnail":["https:\/\/rmvapesale.com\/wp-content\/uploads\/2024\/10\/Randm-Vape-12000-Puffs-300x300.jpg",300,300,true],"woocommerce_single":["https:\/\/rmvapesale.com\/wp-content\/uploads\/2024\/10\/Randm-Vape-12000-Puffs.jpg",600,600,false],"woocommerce_gallery_thumbnail":["https:\/\/rmvapesale.com\/wp-content\/uploads\/2024\/10\/Randm-Vape-12000-Puffs-100x100.jpg",100,100,true],"wcpr-photo-reviews":["https:\/\/rmvapesale.com\/wp-content\/uploads\/2024\/10\/Randm-Vape-12000-Puffs.jpg",500,500,false]},"uagb_author_info":{"display_name":"yannazhan","author_link":"https:\/\/rmvapesale.com\/hu\/author\/"},"uagb_comment_info":0,"uagb_excerpt":"Original Fumot Vape Digital 12ooo Puffs Factory Price Original Fumot Vape Digital 12k Puffs Price Bulk Buy Fumot Vape RandM Digital 12000 Price Cheap Contact Amy For More Discount And Lower MOQ Vape WhatsApp: +86 17776015835","_links":{"self":[{"href":"https:\/\/rmvapesale.com\/hu\/wp-json\/wp\/v2\/product\/1886","targetHints":{"allow":["GET"]}}],"collection":[{"href":"https:\/\/rmvapesale.com\/hu\/wp-json\/wp\/v2\/product"}],"about":[{"href":"https:\/\/rmvapesale.com\/hu\/wp-json\/wp\/v2\/types\/product"}],"replies":[{"embeddable":true,"href":"https:\/\/rmvapesale.com\/hu\/wp-json\/wp\/v2\/comments?post=1886"}],"wp:featuredmedia":[{"embeddable":true,"href":"https:\/\/rmvapesale.com\/hu\/wp-json\/wp\/v2\/media\/2485"}],"wp:attachment":[{"href":"https:\/\/rmvapesale.com\/hu\/wp-json\/wp\/v2\/media?parent=1886"}],"wp:term":[{"taxonomy":"product_brand","embeddable":true,"href":"https:\/\/rmvapesale.com\/hu\/wp-json\/wp\/v2\/product_brand?post=1886"},{"taxonomy":"product_cat","embeddable":true,"href":"https:\/\/rmvapesale.com\/hu\/wp-json\/wp\/v2\/product_cat?post=1886"},{"taxonomy":"product_tag","embeddable":true,"href":"https:\/\/rmvapesale.com\/hu\/wp-json\/wp\/v2\/product_tag?post=1886"}],"curies":[{"name":"wp","href":"https:\/\/api.w.org\/{rel}","templated":true}]}}