{"id":1893,"date":"2024-09-18T08:33:25","date_gmt":"2024-09-18T08:33:25","guid":{"rendered":"https:\/\/rmvapesale.com\/?post_type=product&#038;p=1893"},"modified":"2025-01-20T03:56:18","modified_gmt":"2025-01-20T03:56:18","slug":"wga-crystal-plus-20000-puff-dual-flavour-disposable-vape","status":"publish","type":"product","link":"https:\/\/rmvapesale.com\/hu\/product\/wga-crystal-plus-20000-puff-dual-flavour-disposable-vape\/","title":{"rendered":"WGA Crystal Plus 20000 Puffs K\u00e9t \u00edz\u0171 eldobhat\u00f3 vape"},"content":{"rendered":"<h1>WGA Crystal Plus 20000 Puffs K\u00e9t \u00edz\u0171 eldobhat\u00f3 vape<\/h1>\n<p>Bemutatjuk a WGA Crystal Plus 20000 Puffs Vape-et, egy forradalmi vape k\u00e9sz\u00fcl\u00e9ket, amely a maxim\u00e1lis k\u00e9nyelem \u00e9s sokoldal\u00fas\u00e1g \u00e9rdek\u00e9ben k\u00e9sz\u00fclt. Egy \u00fajrat\u00f6lthet\u0151 650mAh-s akkumul\u00e1torral \u00e9s kb. 20 000 puffos kapacit\u00e1ssal felszerelve, ez a vape hossz\u00fa ideig ny\u00fajt \u00e9lvezetet an\u00e9lk\u00fcl, hogy gyakran kellene t\u00f6lteni. Innovat\u00edv kett\u0151s h\u00e1l\u00f3s rendszer\u00e9vel k\u00f6nnyed\u00e9n v\u00e1lthat k\u00e9t \u00edz k\u00f6z\u00f6tt az ajakcs\u0151 elcs\u00fasztat\u00e1s\u00e1val, biztos\u00edtva, hogy minden puff sima \u00e9s \u00edzletes legyen. Kijelz\u0151k\u00e9perny\u0151vel \u00e9s USB Type-C t\u00f6lt\u00e9ssel a WGA Crystal Plus 20K fokozza a vaping \u00e9lm\u00e9nyt. B\u00facs\u00fazz el a k\u00f6z\u00e9pszer\u0171 egyszer haszn\u00e1latos vape-ekt\u0151l, \u00e9s \u00e9lvezd a WGA Crystal Plus 2-in-1 \u00e9lm\u00e9ny\u00e9t!<\/p>\n<p><strong>Adj hozz\u00e1 AMY WhatsApp-ot <a href=\"https:\/\/wa.me\/8617776015835\" target=\"_blank\" rel=\"noopener\">+86-17776015835<\/a> \u00e9s m\u00e9g t\u00f6bb kedvezm\u00e9nyt kaphat!<\/strong><\/p>\n<p><img loading=\"lazy\" decoding=\"async\" class=\"size-full wp-image-1978\" src=\"https:\/\/rmvapesale.com\/wp-content\/uploads\/2024\/09\/Disposable-Vape-Wholesale.jpg\" alt=\"Eldobhat\u00f3 Vape Nagykereskedelem\" width=\"229\" height=\"300\" \/><\/p>\n<h2>A WGA Crystal Plus 20000 m\u0171szaki adatai<\/h2>\n<p>Sz\u00edv\u00e1s: 20000 sz\u00edv\u00e1s<br \/>\nAkkumul\u00e1tor: 650mAh<br \/>\nE-liquid: 15ml*2<br \/>\nNikotiner\u0151ss\u00e9g: 2% 5%<br \/>\nType C \u00fajrat\u00f6lthet\u0151<\/p>\n<h2><\/h2>\n<p>&nbsp;<\/p>\n<h2>\u00cdzlista<\/h2>\n<p>&nbsp;<\/p>\n<p>1. K\u00e9k Razz Cseresznye &amp; Sz\u00e9nsavas Cseresznye<br \/>\n2. K\u00e9k Razz Gumi &amp; K\u00e9k \u00c1fonya<br \/>\n3. K\u00e9k Razz Limon\u00e1d\u00e9 &amp; K\u00f3la Citrom<br \/>\n4. \u00c1fonya Pillecukor &amp; M\u00e1lna Pillecukor<br \/>\n5. Friss Mentol &amp; Dupla Mentol<br \/>\n6. Gumi Medve &amp; Skittles<br \/>\n7. Heisenberg &amp; Pink Man<br \/>\n8. Jolly Ranger &amp; Brain Licker<br \/>\n9. Juicy Peach &amp; Peach Mango Ice<br \/>\n10. Citrom &amp; Lime &amp; Limon\u00e1d\u00e9 S\u00f6rbet J\u00e9g<br \/>\n11. Anan\u00e1sz J\u00e9g &amp; Anan\u00e1sz K\u00f3kusz Mang\u00f3<br \/>\n12. Anan\u00e1sz Citrom &amp; Sz\u0151l\u0151 J\u00e9g<br \/>\n13. Ny\u00e1ri \u00c1lom &amp; Cseresznye Cola J\u00e9g<br \/>\n14. Eperfagyi &amp; Eper Ban\u00e1n<br \/>\n15. Eper M\u00e1lna J\u00e9g &amp; \u00c1fonya Cseresznye \u00c1fony\u00e1val<br \/>\n16. H\u00e1romszoros Mang\u00f3 &amp; Kivi Passi\u00f3gy\u00fcm\u00f6lcs Guava<br \/>\n17. G\u00f6r\u00f6gdinnye J\u00e9g &amp; Dupla Alma<br \/>\n18. G\u00f6r\u00f6gdinnye Hubba Bubba &amp; \u00c1fonya Hubba Bubba<\/p>\n<figure id=\"attachment_2030\" aria-describedby=\"caption-attachment-2030\" style=\"width: 788px\" class=\"wp-caption alignnone\"><img loading=\"lazy\" decoding=\"async\" class=\"wp-image-2030 size-full\" src=\"https:\/\/rmvapesale.com\/wp-content\/uploads\/2024\/09\/WGA-Crystal-Plus-20K-Vape.jpg\" alt=\"WGA Krist\u00e1ly Plus 20K Vape\" width=\"788\" height=\"788\" srcset=\"https:\/\/rmvapesale.com\/wp-content\/uploads\/2024\/09\/WGA-Crystal-Plus-20K-Vape.jpg 788w, https:\/\/rmvapesale.com\/wp-content\/uploads\/2024\/09\/WGA-Crystal-Plus-20K-Vape-300x300.jpg 300w, https:\/\/rmvapesale.com\/wp-content\/uploads\/2024\/09\/WGA-Crystal-Plus-20K-Vape-150x150.jpg 150w, https:\/\/rmvapesale.com\/wp-content\/uploads\/2024\/09\/WGA-Crystal-Plus-20K-Vape-768x768.jpg 768w, https:\/\/rmvapesale.com\/wp-content\/uploads\/2024\/09\/WGA-Crystal-Plus-20K-Vape-600x600.jpg 600w, https:\/\/rmvapesale.com\/wp-content\/uploads\/2024\/09\/WGA-Crystal-Plus-20K-Vape-100x100.jpg 100w\" sizes=\"auto, (max-width: 788px) 100vw, 788px\" \/><figcaption id=\"caption-attachment-2030\" class=\"wp-caption-text\">WGA Krist\u00e1ly Plus 20K Vape<\/figcaption><\/figure>\n<h4><\/h4>\n<h4>GYIK:<\/h4>\n<p>&nbsp;<\/p>\n<p><strong>1. Meddig tart egy WGA Krist\u00e1ly Plus 20000 k\u00e9sz\u00fcl\u00e9k?<\/strong><br \/>\nMegfelel\u0151 haszn\u00e1lat mellett minden eszk\u00f6z k\u00f6r\u00fclbel\u00fcl 16 000 slukkot tesz lehet\u0151v\u00e9, ami a legt\u00f6bb felhaszn\u00e1l\u00f3 sz\u00e1m\u00e1ra t\u00f6bb h\u00e9tig is kitart.<\/p>\n<p><strong>2. Felt\u00f6lthetem a WGA Krist\u00e1ly Plus 20K-t?<\/strong><br \/>\nB\u00e1r a legt\u00f6bb v\u00e1ltozat nem \u00fajrat\u00f6lthet\u0151, n\u00e9h\u00e1ny \u00fajabb modellben lehet\u0151s\u00e9g van \u00fajrat\u00f6lthet\u0151 akkumul\u00e1torra.<\/p>\n<p><strong>3. Hogyan v\u00e1lthatok a k\u00e9t \u00edz k\u00f6z\u00f6tt?<\/strong><br \/>\nEgyszer\u0171en cs\u00fasztassa az ajakr\u00e9szt, hogy v\u00e1ltson a k\u00e9t \u00edztart\u00e1ly k\u00f6z\u00f6tt.<\/p>\n<p><strong>4. Alkalmas a WGA Krist\u00e1ly Plus 20000 kezd\u0151knek?<\/strong><br \/>\nTeljesen! Felhaszn\u00e1l\u00f3bar\u00e1t kialak\u00edt\u00e1sa miatt t\u00f6k\u00e9letes kezd\u0151 \u00e9s tapasztalt g\u0151z\u00f6l\u0151k sz\u00e1m\u00e1ra egyar\u00e1nt.<\/p>\n<p>&nbsp;<\/p>\n<p>Tov\u00e1bbi n\u00e9pszer\u0171 vape term\u00e9kek, amik tetszhetnek:<\/p>\n<p><a href=\"https:\/\/rmvapesale.com\/hu\/product\/waspe-12000-puffs-disposable-vape-pen\/\"><strong>Waspe 12000 12K Puffs<\/strong><\/a><em><a href=\"https:\/\/rmvapesale.com\/hu\/product\/waspe-12000-puffs-disposable-vape-pen\/\"><strong> &gt;&gt;&gt;Bolt<\/strong><\/a><\/em><\/p>\n<p><a href=\"https:\/\/rmvapesale.com\/hu\/product\/vapme-shisha-hookah-15000-puffs-vape-0-2-nicotine\/\"><strong>Vapme Shisha Hookah 15k Puffs<\/strong><\/a><em><strong><a href=\"https:\/\/rmvapesale.com\/hu\/product\/waspe-12000-puffs-disposable-vape-pen\/\">&gt;&gt;&gt;Bolt<\/a><\/strong><\/em><\/p>\n<p><a href=\"https:\/\/rmvapesale.com\/hu\/product\/fihp-shisha-hookah-15000-pro-disposable-vape-wholesale\/\"><strong>FIHP 15000 Puffs <\/strong><\/a><strong><em><a href=\"https:\/\/rmvapesale.com\/hu\/product\/waspe-12000-puffs-disposable-vape-pen\/\">&gt;&gt;&gt;Bolt<\/a><\/em><\/strong><\/p>\n<p>&nbsp;<\/p>\n<p>&nbsp;<\/p>\n<p>Tal\u00e1lja meg a tov\u00e1bbi vape term\u00e9keket, amelyek tetszhetnek \u00d6nnek:<em><a href=\"https:\/\/rmvapesale.com\/hu\/shop-2\/\">V\u00e1s\u00e1roljon most\u00a0<\/a><\/em><\/p>\n<p>&nbsp;<\/p>","protected":false},"excerpt":{"rendered":"<p class=\"LC20lb MBeuO DKV0Md\">WGA Crystal Plus 20000 Vape 2-in-1 \u00fajrat\u00f6lthet\u0151 Vape<br \/>\nWGA Crystal Plus 20000 Egyszer haszn\u00e1latos Vape 2-in-1 \u00cdzek<br \/>\nWGA Crystal Plus 20000 Puff \u2013 K\u00e9t \u00cdz\u0171 Egyszer haszn\u00e1latos Vape<br \/>\n<strong>Tov\u00e1bbi kedvezm\u00e9ny\u00e9rt \u00e9s alacsonyabb minim\u00e1lis rendel\u00e9si mennyis\u00e9g\u00e9rt l\u00e9pjen kapcsolatba Amy-vel<\/strong><\/p>\n<p><img loading=\"lazy\" decoding=\"async\" class=\"size-medium wp-image-1814\" src=\"https:\/\/rmvapesale.com\/wp-content\/uploads\/2024\/04\/whatsapp-amy-229x300.jpg\" alt=\"whatsapp amy\" width=\"229\" height=\"300\" srcset=\"https:\/\/rmvapesale.com\/wp-content\/uploads\/2024\/04\/whatsapp-amy-229x300.jpg 229w, https:\/\/rmvapesale.com\/wp-content\/uploads\/2024\/04\/whatsapp-amy-783x1024.jpg 783w, https:\/\/rmvapesale.com\/wp-content\/uploads\/2024\/04\/whatsapp-amy-768x1005.jpg 768w, https:\/\/rmvapesale.com\/wp-content\/uploads\/2024\/04\/whatsapp-amy-600x785.jpg 600w, https:\/\/rmvapesale.com\/wp-content\/uploads\/2024\/04\/whatsapp-amy.jpg 990w\" sizes=\"auto, (max-width: 229px) 100vw, 229px\" \/><\/p>\n<h3><span style=\"color: #ff0000\"><strong>WhatsApp: +86 17776015835<\/strong><\/span><\/h3>","protected":false},"featured_media":2036,"comment_status":"open","ping_status":"closed","template":"","meta":{"_uag_custom_page_level_css":"","_lmt_disableupdate":"no","_lmt_disable":"","site-sidebar-layout":"default","site-content-layout":"content-boxed-container","ast-site-content-layout":"normal-width-container","site-content-style":"boxed","site-sidebar-style":"unboxed","ast-global-header-display":"","ast-banner-title-visibility":"","ast-main-header-display":"","ast-hfb-above-header-display":"","ast-hfb-below-header-display":"","ast-hfb-mobile-header-display":"","site-post-title":"","ast-breadcrumbs-content":"","ast-featured-img":"","footer-sml-layout":"","ast-disable-related-posts":"","theme-transparent-header-meta":"default","adv-header-id-meta":"","stick-header-meta":"","header-above-stick-meta":"","header-main-stick-meta":"","header-below-stick-meta":"","astra-migrate-meta-layouts":"set","ast-page-background-enabled":"default","ast-page-background-meta":{"desktop":{"background-color":"var(--ast-global-color-4)","background-image":"","background-repeat":"repeat","background-position":"center center","background-size":"auto","background-attachment":"scroll","background-type":"","background-media":"","overlay-type":"","overlay-color":"","overlay-opacity":"","overlay-gradient":""},"tablet":{"background-color":"","background-image":"","background-repeat":"repeat","background-position":"center center","background-size":"auto","background-attachment":"scroll","background-type":"","background-media":"","overlay-type":"","overlay-color":"","overlay-opacity":"","overlay-gradient":""},"mobile":{"background-color":"","background-image":"","background-repeat":"repeat","background-position":"center center","background-size":"auto","background-attachment":"scroll","background-type":"","background-media":"","overlay-type":"","overlay-color":"","overlay-opacity":"","overlay-gradient":""}},"ast-content-background-meta":{"desktop":{"background-color":"var(--ast-global-color-5)","background-image":"","background-repeat":"repeat","background-position":"center center","background-size":"auto","background-attachment":"scroll","background-type":"","background-media":"","overlay-type":"","overlay-color":"","overlay-opacity":"","overlay-gradient":""},"tablet":{"background-color":"var(--ast-global-color-5)","background-image":"","background-repeat":"repeat","background-position":"center center","background-size":"auto","background-attachment":"scroll","background-type":"","background-media":"","overlay-type":"","overlay-color":"","overlay-opacity":"","overlay-gradient":""},"mobile":{"background-color":"var(--ast-global-color-5)","background-image":"","background-repeat":"repeat","background-position":"center center","background-size":"auto","background-attachment":"scroll","background-type":"","background-media":"","overlay-type":"","overlay-color":"","overlay-opacity":"","overlay-gradient":""}},"_joinchat":[]},"product_brand":[],"product_cat":[25,255,289,290,292,298,291,27,123,293,30,26,15,28,295,137,299,136,135,283],"product_tag":[66,64,40,41,65,37],"class_list":{"0":"post-1893","1":"product","2":"type-product","3":"status-publish","4":"has-post-thumbnail","6":"product_cat-germany-best-selling-vape","7":"product_cat-20000-puff-disposable-vape","8":"product_cat-big-puffs-disposable-vapes","9":"product_cat-crystal-disposable-vapes","10":"product_cat-digital-disposable-vapes","11":"product_cat-double-flavor-disposable-vapes","12":"product_cat-dual-mesh-disposable-vapes","13":"product_cat-fance-hot-sale-vape","14":"product_cat-italy-wholesale-vape","15":"product_cat-low-nicotine-disposable-vapes","16":"product_cat-minimum-order-quantity-50pcs","17":"product_cat-netherlands-hot-sale-vape","18":"product_cat-new-vape-this-week","19":"product_cat-poland-hot-sale-vape","20":"product_cat-rechargeable-disposable-vapes","21":"product_cat-rechargeable-vapes","22":"product_cat-smart-screen-disposable-vapes","23":"product_cat-smart-screen-vapes","24":"product_cat-spain-best-hot-sale-vape","25":"product_cat-wga-vape","26":"product_tag-disposable-vape","27":"product_tag-dual-flavour-vape","28":"product_tag-hot-sale-vape","29":"product_tag-original-factory-vape","30":"product_tag-wga-crystal-plus-20000","31":"product_tag-wholesale-vape-price","32":"desktop-align-left","33":"tablet-align-left","34":"mobile-align-left","36":"first","37":"instock","38":"sale","39":"shipping-taxable","40":"purchasable","41":"product-type-simple"},"uagb_featured_image_src":{"full":["https:\/\/rmvapesale.com\/wp-content\/uploads\/2024\/09\/WGA-Crystal-Plus-20000-Vape.png",800,800,false],"thumbnail":["https:\/\/rmvapesale.com\/wp-content\/uploads\/2024\/09\/WGA-Crystal-Plus-20000-Vape-150x150.png",150,150,true],"medium":["https:\/\/rmvapesale.com\/wp-content\/uploads\/2024\/09\/WGA-Crystal-Plus-20000-Vape-300x300.png",300,300,true],"medium_large":["https:\/\/rmvapesale.com\/wp-content\/uploads\/2024\/09\/WGA-Crystal-Plus-20000-Vape-768x768.png",768,768,true],"large":["https:\/\/rmvapesale.com\/wp-content\/uploads\/2024\/09\/WGA-Crystal-Plus-20000-Vape.png",800,800,false],"1536x1536":["https:\/\/rmvapesale.com\/wp-content\/uploads\/2024\/09\/WGA-Crystal-Plus-20000-Vape.png",800,800,false],"2048x2048":["https:\/\/rmvapesale.com\/wp-content\/uploads\/2024\/09\/WGA-Crystal-Plus-20000-Vape.png",800,800,false],"trp-custom-language-flag":["https:\/\/rmvapesale.com\/wp-content\/uploads\/2024\/09\/WGA-Crystal-Plus-20000-Vape.png",12,12,false],"woocommerce_thumbnail":["https:\/\/rmvapesale.com\/wp-content\/uploads\/2024\/09\/WGA-Crystal-Plus-20000-Vape-300x300.png",300,300,true],"woocommerce_single":["https:\/\/rmvapesale.com\/wp-content\/uploads\/2024\/09\/WGA-Crystal-Plus-20000-Vape-600x600.png",600,600,true],"woocommerce_gallery_thumbnail":["https:\/\/rmvapesale.com\/wp-content\/uploads\/2024\/09\/WGA-Crystal-Plus-20000-Vape-100x100.png",100,100,true],"wcpr-photo-reviews":["https:\/\/rmvapesale.com\/wp-content\/uploads\/2024\/09\/WGA-Crystal-Plus-20000-Vape.png",500,500,false]},"uagb_author_info":{"display_name":"yannazhan","author_link":"https:\/\/rmvapesale.com\/hu\/author\/"},"uagb_comment_info":0,"uagb_excerpt":"WGA Crystal Plus 20000 Vape 2-in-1 Rechargeable Vape WGA Crystal Plus 20000 Disposable Vape 2-in-1 Flavours WGA Crystal Plus 20000 Puff \u2013 Dual Flavour Disposable Vape Contact Amy For More Discount And Lower MOQ Vape WhatsApp: +86 17776015835","_links":{"self":[{"href":"https:\/\/rmvapesale.com\/hu\/wp-json\/wp\/v2\/product\/1893","targetHints":{"allow":["GET"]}}],"collection":[{"href":"https:\/\/rmvapesale.com\/hu\/wp-json\/wp\/v2\/product"}],"about":[{"href":"https:\/\/rmvapesale.com\/hu\/wp-json\/wp\/v2\/types\/product"}],"replies":[{"embeddable":true,"href":"https:\/\/rmvapesale.com\/hu\/wp-json\/wp\/v2\/comments?post=1893"}],"wp:featuredmedia":[{"embeddable":true,"href":"https:\/\/rmvapesale.com\/hu\/wp-json\/wp\/v2\/media\/2036"}],"wp:attachment":[{"href":"https:\/\/rmvapesale.com\/hu\/wp-json\/wp\/v2\/media?parent=1893"}],"wp:term":[{"taxonomy":"product_brand","embeddable":true,"href":"https:\/\/rmvapesale.com\/hu\/wp-json\/wp\/v2\/product_brand?post=1893"},{"taxonomy":"product_cat","embeddable":true,"href":"https:\/\/rmvapesale.com\/hu\/wp-json\/wp\/v2\/product_cat?post=1893"},{"taxonomy":"product_tag","embeddable":true,"href":"https:\/\/rmvapesale.com\/hu\/wp-json\/wp\/v2\/product_tag?post=1893"}],"curies":[{"name":"wp","href":"https:\/\/api.w.org\/{rel}","templated":true}]}}