{"id":1894,"date":"2024-05-24T08:08:12","date_gmt":"2024-05-24T08:08:12","guid":{"rendered":"https:\/\/rmvapesale.com\/?post_type=product&#038;p=1894"},"modified":"2024-10-22T08:49:55","modified_gmt":"2024-10-22T08:49:55","slug":"randm-tornado-7000-puffs-original-cheap-price-vapes-fumot-factory","status":"publish","type":"product","link":"https:\/\/rmvapesale.com\/hu\/product\/randm-tornado-7000-puffs-original-cheap-price-vapes-fumot-factory\/","title":{"rendered":"RANDM TORNADO 7000 Puffs Eredeti Olcs\u00f3 \u00c1r Vapek Fumot Gy\u00e1r"},"content":{"rendered":"<h1>RANDM TORNADO 7000 Puffs Eredeti Olcs\u00f3 \u00c1r Vapek Fumot Gy\u00e1r<\/h1>\n<p>A <strong>Fumot Vape RANDM TORNADO 7000<\/strong> egy vizu\u00e1lisan innovat\u00edv eldobhat\u00f3 vape eszk\u00f6z, amelyet egyedi olajpoh\u00e1r \u00e9s olajmag sz\u00e9tv\u00e1laszt\u00f3 kialak\u00edt\u00e1ssal terveztek, kifejezetten a magyarorsz\u00e1gi nagykeresked\u0151k ig\u00e9nyeire szabva.<\/p>\n<p>Egy <strong>14 ml-es olajkapacit\u00e1ssal<\/strong>seg\u00edts\u00e9g\u00e9vel a <strong>RANDM vape 7000<\/strong> ak\u00e1r <strong>7000 slukkot<\/strong>biztos\u00edt, kiterjesztett \u00e9s kiel\u00e9g\u00edt\u0151 vaping \u00e9lm\u00e9nyt ny\u00fajtva. Egy <strong>850 mAh-s akkumul\u00e1torral<\/strong>m\u0171k\u00f6dik, ez az eszk\u00f6z hosszan tart\u00f3 teljes\u00edtm\u00e9nyt biztos\u00edt. Mind\u00f6ssze h\u00e1rom \u00f3ra alatt teljesen felt\u00f6lt\u0151dik a <strong>Type-C t\u00f6lt\u0151port<\/strong>.<\/p>\n<p>Az egyik legfontosabb jellemz\u0151je a <strong>RANDM TORNADO 7000-nek<\/strong> a fejlett <strong>h\u00e1l\u00f3s tekercs<\/strong>, amely minden egyes slukkn\u00e1l sima \u00e9s \u00edzletes g\u0151z\u00f6l\u00e9st garant\u00e1l. A felhaszn\u00e1l\u00f3k leny\u0171g\u00f6z\u0151 v\u00e1laszt\u00e9kb\u00f3l v\u00e1logathatnak <strong>56 gy\u00fcm\u00f6lcs\u00edz<\/strong>k\u00f6z\u00fcl, \u00edgy biztosan mindenki tal\u00e1l kedv\u00e9re val\u00f3t. Legyen sz\u00f3 az \u00e9des bogy\u00f3s gy\u00fcm\u00f6lcs\u00f6kr\u0151l vagy a friss\u00edt\u0151 citrusf\u00e9l\u00e9kr\u0151l.<\/p>\n<p>Ez az eszk\u00f6z kiemelked\u0151 a <strong>n\u00e9pszer\u0171 vapek<\/strong> piac\u00e1n, \u00e9s nagy a kereslet ir\u00e1nta a <strong>Fumot eldobhat\u00f3 vape m\u00e1rk\u00e1k<\/strong> kollekci\u00f3j\u00e1ban. Ak\u00e1r egy <strong>alacsony nikotintartalm\u00fa eldobhat\u00f3 vape<\/strong> keres, ak\u00e1r csak \u00faj \u00edzeket fedez fel, a <strong>TORNADO 7000<\/strong> pr\u00e9mium g\u0151z\u00f6l\u00e9si \u00e9lm\u00e9nyt ny\u00fajt megfizethet\u0151 \u00e1ron.<\/p>\n<p>Fedezze fel a legjobb <strong>randm vapeket<\/strong> \u00e9s \u00e9lvezze a kiv\u00e1l\u00f3 \u00edzt, a k\u00e9nyelmet \u00e9s a megfizethet\u0151s\u00e9get a <strong>RANDM TORNADO 7000-nek<\/strong>.<\/p>\n<p><img loading=\"lazy\" decoding=\"async\" class=\"alignnone size-medium wp-image-1896\" src=\"https:\/\/rmvapesale.com\/wp-content\/uploads\/2024\/05\/RANDM-TORNADO-7000-hit-hot-sale-300x273.jpg\" alt=\"RANDM TORNADO 7000 slukk n\u00e9pszer\u0171 term\u00e9k\" width=\"300\" height=\"273\" srcset=\"https:\/\/rmvapesale.com\/wp-content\/uploads\/2024\/05\/RANDM-TORNADO-7000-hit-hot-sale-300x273.jpg 300w, https:\/\/rmvapesale.com\/wp-content\/uploads\/2024\/05\/RANDM-TORNADO-7000-hit-hot-sale-768x699.jpg 768w, https:\/\/rmvapesale.com\/wp-content\/uploads\/2024\/05\/RANDM-TORNADO-7000-hit-hot-sale-600x546.jpg 600w, https:\/\/rmvapesale.com\/wp-content\/uploads\/2024\/05\/RANDM-TORNADO-7000-hit-hot-sale.jpg 800w\" sizes=\"auto, (max-width: 300px) 100vw, 300px\" \/><\/p>\n<p><strong>Adja hozz\u00e1 AMY \u00e9rt\u00e9kes\u00edt\u00e9si vezet\u0151t a WhatsApp-on <a href=\"https:\/\/wa.me\/8617776015835\" target=\"_blank\" rel=\"noopener\">+86-17776015835<\/a> \u00e9s m\u00e9g t\u00f6bb kedvezm\u00e9nyt kaphat!<\/strong><\/p>\n<p><img loading=\"lazy\" decoding=\"async\" class=\"size-medium wp-image-1814\" src=\"https:\/\/rmvapesale.com\/wp-content\/uploads\/2024\/04\/whatsapp-amy-229x300.jpg\" alt=\"whatsapp amy\" width=\"229\" height=\"300\" srcset=\"https:\/\/rmvapesale.com\/wp-content\/uploads\/2024\/04\/whatsapp-amy-229x300.jpg 229w, https:\/\/rmvapesale.com\/wp-content\/uploads\/2024\/04\/whatsapp-amy-783x1024.jpg 783w, https:\/\/rmvapesale.com\/wp-content\/uploads\/2024\/04\/whatsapp-amy-768x1005.jpg 768w, https:\/\/rmvapesale.com\/wp-content\/uploads\/2024\/04\/whatsapp-amy-600x785.jpg 600w, https:\/\/rmvapesale.com\/wp-content\/uploads\/2024\/04\/whatsapp-amy.jpg 990w\" sizes=\"auto, (max-width: 229px) 100vw, 229px\" \/><\/p>\n<h2>A FUMOT PUFF 7000 eldobhat\u00f3 vape specifik\u00e1ci\u00f3i:<\/h2>\n<p>Nikotintartalom opci\u00f3k: 0%, 2%, 3% \u00e9s 5%<br \/>\nAk\u00e1r 7000 slukk<br \/>\nEl\u0151re t\u00f6ltve 14 ml e-liquiddel<br \/>\n850mAh \u00fajrat\u00f6lthet\u0151 akkumul\u00e1tor<br \/>\n0.9\u03a9 Mesh tekercs<br \/>\n56 el\u00e9rhet\u0151 \u00edz rakt\u00e1ron<\/p>\n<h2>Fumot Randm 7000 Vape GYIK:<\/h2>\n<p>1. Mit\u0151l t\u0171nik ki a RANDM 7000 a t\u00f6bbi eldobhat\u00f3 vape k\u00f6z\u00fcl?<\/p>\n<p>A RANDM 7000 p\u00e1ratlan, 7000-es sz\u00edv\u00e1ssz\u00e1mot, 56 f\u00e9le gy\u00fcm\u00f6lcs\u00f6s \u00edzt k\u00edn\u00e1l, \u00e9s mesh tekercset haszn\u00e1l a kiv\u00e1l\u00f3 \u00edz \u00e9s g\u0151z el\u0151\u00e1ll\u00edt\u00e1s\u00e1hoz.<br \/>\n2. Mennyi id\u0151be telik a k\u00e9sz\u00fcl\u00e9k teljes felt\u00f6lt\u00e9se?<\/p>\n<p>A tornado 7k puffs Original randm fumot Vape Nagykereskedelmi eszk\u00f6z mind\u00f6ssze h\u00e1rom \u00f3ra alatt teljesen felt\u00f6lthet\u0151 a Type-C t\u00f6lt\u0151port seg\u00edts\u00e9g\u00e9vel.<br \/>\n3. Mekkora a tornado 7k puffs Original randm fumot akkumul\u00e1tor kapacit\u00e1sa?<\/p>\n<p>A tornado 7k puffs Original randm fumot 850 mAh-s akkumul\u00e1torral (17350) van felszerelve, amely hosszan tart\u00f3 teljes\u00edtm\u00e9nyt biztos\u00edt.<br \/>\n4. Vannak-e el\u00e9rhet\u0151 mennyis\u00e9gi \u00e1rak az eredeti Fumot Vape Wholesale Tornado 7000 slukkhoz?<\/p>\n<p>Igen, versenyk\u00e9pes randm fumot mennyis\u00e9gi \u00e1rat k\u00edn\u00e1lunk a tornado 7k slukkhoz nagykeresked\u0151k sz\u00e1m\u00e1ra. L\u00e9pjen kapcsolatba vel\u00fcnk a fumot tornado 7000 slukk mennyis\u00e9gi \u00e1raival kapcsolatos tov\u00e1bbi r\u00e9szletek\u00e9rt.<br \/>\n5. Hogyan adhatok le rendel\u00e9st? Hogyan v\u00e1s\u00e1rolhatok fumot mennyis\u00e9gi \u00e1r\u00fa tornado 7000 slukkot?<\/p>\n<p>A rendel\u00e9s lead\u00e1s\u00e1hoz egyszer\u0171en<a href=\"https:\/\/wa.me\/8617776015835\" target=\"_blank\" rel=\"noopener\"> l\u00e9pjen kapcsolatba vel\u00fcnk.<\/a> Csapatunk a nap 24 \u00f3r\u00e1j\u00e1ban rendelkez\u00e9sre \u00e1ll, hogy seg\u00edtsen a v\u00e1s\u00e1rl\u00e1sban \u00e9s professzion\u00e1lis \u00e9lm\u00e9nyt biztos\u00edtson.<br \/>\n6. Van-e minim\u00e1lis rendel\u00e9si mennyis\u00e9g a fumot Vape Wholesale tornado 7000 slukk v\u00e1s\u00e1rl\u00e1s\u00e1hoz?<\/p>\n<p>Igen, a minim\u00e1lis rendel\u00e9si mennyis\u00e9g a Fumot RandM mennyis\u00e9gi \u00e1r\u00fa tornado 7000 slukk v\u00e1s\u00e1rl\u00e1s\u00e1hoz 50 darab, ami t\u00f6k\u00e9letes a nagykeresked\u0151k sz\u00e1m\u00e1ra, akik kezelhet\u0151 mennyis\u00e9ggel szeretn\u00e9nek kezdeni.<\/p>\n<p>Tal\u00e1lja meg a tov\u00e1bbi vape term\u00e9keket, amelyek tetszhetnek \u00d6nnek:<em><a href=\"https:\/\/rmvapesale.com\/hu\/shop-2\/\">V\u00e1s\u00e1roljon most\u00a0<\/a><\/em><\/p>\n<p>Egy\u00e9b n\u00e9pszer\u0171 vape term\u00e9kek, amelyek tetszhetnek:<\/p>\n<p><a href=\"https:\/\/rmvapesale.com\/hu\/product\/jnr-shisha-vape-15000-puffs-wholesale-price-with-screen-vape\/\">VOPK SHISHA 15K\/ <\/a><a href=\"https:\/\/rmvapesale.com\/hu\/product\/randm-vape-al-fakher-10000-puffs-vape-wholesale\/\">randm vape AI FAKHER 15k vape\/<\/a><a href=\"https:\/\/rmvapesale.com\/hu\/product\/randm-tornado-15000-puffs-15k-vape-recharge-fumot-original-vape-factory-price\/\">Fumot digit\u00e1lis doboz Puff 12000\/<\/a><\/p>\n<p><a href=\"https:\/\/rmvapesale.com\/hu\/product\/original-randm-tornado-9000-puffs-vape-fumot-factory-price-cheap\/\">RandM Tornado 9000 Slukk<\/a><\/p>","protected":false},"excerpt":{"rendered":"<p>Funot Vape 7000 nagykereskedelmi eldobhat\u00f3<br \/>\nRandM Vape 7000 Puff Alacsony Nikotintartalm\u00fa Eldobhat\u00f3 Vape<br class=\"yoast-text-mark\" \/>RandM Tornado 7000 Minden \u00edz rakt\u00e1ron<\/p>\n<p><img loading=\"lazy\" decoding=\"async\" width=\"229\" height=\"300\" class=\"size-medium wp-image-1814\" src=\"https:\/\/rmvapesale.com\/wp-content\/uploads\/2024\/04\/whatsapp-amy-229x300.jpg\" alt=\"whatsapp amy\" srcset=\"https:\/\/rmvapesale.com\/wp-content\/uploads\/2024\/04\/whatsapp-amy-229x300.jpg 229w, https:\/\/rmvapesale.com\/wp-content\/uploads\/2024\/04\/whatsapp-amy-783x1024.jpg 783w, https:\/\/rmvapesale.com\/wp-content\/uploads\/2024\/04\/whatsapp-amy-768x1005.jpg 768w, https:\/\/rmvapesale.com\/wp-content\/uploads\/2024\/04\/whatsapp-amy-600x785.jpg 600w, https:\/\/rmvapesale.com\/wp-content\/uploads\/2024\/04\/whatsapp-amy.jpg 990w\" sizes=\"auto, (max-width: 229px) 100vw, 229px\" \/><\/p>\n<h3><span style=\"color: #ff0000\"><strong>WhatsApp: +86 17776015835<\/strong><\/span><\/h3>","protected":false},"featured_media":1895,"comment_status":"open","ping_status":"closed","template":"","meta":{"_uag_custom_page_level_css":"","_lmt_disableupdate":"no","_lmt_disable":"","site-sidebar-layout":"default","site-content-layout":"content-boxed-container","ast-site-content-layout":"normal-width-container","site-content-style":"boxed","site-sidebar-style":"unboxed","ast-global-header-display":"","ast-banner-title-visibility":"","ast-main-header-display":"","ast-hfb-above-header-display":"","ast-hfb-below-header-display":"","ast-hfb-mobile-header-display":"","site-post-title":"","ast-breadcrumbs-content":"","ast-featured-img":"","footer-sml-layout":"","theme-transparent-header-meta":"default","adv-header-id-meta":"","stick-header-meta":"","header-above-stick-meta":"","header-main-stick-meta":"","header-below-stick-meta":"","astra-migrate-meta-layouts":"set","ast-page-background-enabled":"default","ast-page-background-meta":{"desktop":{"background-color":"var(--ast-global-color-4)","background-image":"","background-repeat":"repeat","background-position":"center center","background-size":"auto","background-attachment":"scroll","background-type":"","background-media":"","overlay-type":"","overlay-color":"","overlay-opacity":"","overlay-gradient":""},"tablet":{"background-color":"","background-image":"","background-repeat":"repeat","background-position":"center center","background-size":"auto","background-attachment":"scroll","background-type":"","background-media":"","overlay-type":"","overlay-color":"","overlay-opacity":"","overlay-gradient":""},"mobile":{"background-color":"","background-image":"","background-repeat":"repeat","background-position":"center center","background-size":"auto","background-attachment":"scroll","background-type":"","background-media":"","overlay-type":"","overlay-color":"","overlay-opacity":"","overlay-gradient":""}},"ast-content-background-meta":{"desktop":{"background-color":"var(--ast-global-color-5)","background-image":"","background-repeat":"repeat","background-position":"center center","background-size":"auto","background-attachment":"scroll","background-type":"","background-media":"","overlay-type":"","overlay-color":"","overlay-opacity":"","overlay-gradient":""},"tablet":{"background-color":"var(--ast-global-color-5)","background-image":"","background-repeat":"repeat","background-position":"center center","background-size":"auto","background-attachment":"scroll","background-type":"","background-media":"","overlay-type":"","overlay-color":"","overlay-opacity":"","overlay-gradient":""},"mobile":{"background-color":"var(--ast-global-color-5)","background-image":"","background-repeat":"repeat","background-position":"center center","background-size":"auto","background-attachment":"scroll","background-type":"","background-media":"","overlay-type":"","overlay-color":"","overlay-opacity":"","overlay-gradient":""}},"_joinchat":[]},"product_brand":[],"product_cat":[25,123,26,28,135,27,31,137,15,30],"product_tag":[48,39,40,41,183,182,38,37],"class_list":{"0":"post-1894","1":"product","2":"type-product","3":"status-publish","4":"has-post-thumbnail","6":"product_cat-germany-best-selling-vape","7":"product_cat-italy-wholesale-vape","8":"product_cat-netherlands-hot-sale-vape","9":"product_cat-poland-hot-sale-vape","10":"product_cat-spain-best-hot-sale-vape","11":"product_cat-fance-hot-sale-vape","12":"product_cat-randm-fumot-vape","13":"product_cat-rechargeable-vapes","14":"product_cat-new-vape-this-week","15":"product_cat-minimum-order-quantity-50pcs","16":"product_tag-7000-puffs-vape","17":"product_tag-fumot-vape","18":"product_tag-hot-sale-vape","19":"product_tag-original-factory-vape","20":"product_tag-randm-7000","21":"product_tag-randm-tornado-7000","22":"product_tag-randm-vape","23":"product_tag-wholesale-vape-price","24":"desktop-align-left","25":"tablet-align-left","26":"mobile-align-left","28":"first","29":"instock","30":"sale","31":"shipping-taxable","32":"purchasable","33":"product-type-simple"},"uagb_featured_image_src":{"full":["https:\/\/rmvapesale.com\/wp-content\/uploads\/2024\/05\/Ricky-Morty-Tornado-7000-Vape-Flavors.jpg",1200,1200,false],"thumbnail":["https:\/\/rmvapesale.com\/wp-content\/uploads\/2024\/05\/Ricky-Morty-Tornado-7000-Vape-Flavors-150x150.jpg",150,150,true],"medium":["https:\/\/rmvapesale.com\/wp-content\/uploads\/2024\/05\/Ricky-Morty-Tornado-7000-Vape-Flavors-300x300.jpg",300,300,true],"medium_large":["https:\/\/rmvapesale.com\/wp-content\/uploads\/2024\/05\/Ricky-Morty-Tornado-7000-Vape-Flavors-768x768.jpg",768,768,true],"large":["https:\/\/rmvapesale.com\/wp-content\/uploads\/2024\/05\/Ricky-Morty-Tornado-7000-Vape-Flavors-1024x1024.jpg",1024,1024,true],"1536x1536":["https:\/\/rmvapesale.com\/wp-content\/uploads\/2024\/05\/Ricky-Morty-Tornado-7000-Vape-Flavors.jpg",1200,1200,false],"2048x2048":["https:\/\/rmvapesale.com\/wp-content\/uploads\/2024\/05\/Ricky-Morty-Tornado-7000-Vape-Flavors.jpg",1200,1200,false],"trp-custom-language-flag":["https:\/\/rmvapesale.com\/wp-content\/uploads\/2024\/05\/Ricky-Morty-Tornado-7000-Vape-Flavors.jpg",12,12,false],"woocommerce_thumbnail":["https:\/\/rmvapesale.com\/wp-content\/uploads\/2024\/05\/Ricky-Morty-Tornado-7000-Vape-Flavors-300x300.jpg",300,300,true],"woocommerce_single":["https:\/\/rmvapesale.com\/wp-content\/uploads\/2024\/05\/Ricky-Morty-Tornado-7000-Vape-Flavors-600x600.jpg",600,600,true],"woocommerce_gallery_thumbnail":["https:\/\/rmvapesale.com\/wp-content\/uploads\/2024\/05\/Ricky-Morty-Tornado-7000-Vape-Flavors-100x100.jpg",100,100,true],"wcpr-photo-reviews":["https:\/\/rmvapesale.com\/wp-content\/uploads\/2024\/05\/Ricky-Morty-Tornado-7000-Vape-Flavors.jpg",500,500,false]},"uagb_author_info":{"display_name":"yannazhan","author_link":"https:\/\/rmvapesale.com\/hu\/author\/"},"uagb_comment_info":0,"uagb_excerpt":"Funot Vape\u00a0 7000 wholesale Disposable RandM Vape 7000 Puff Low Nicotine Disposable VapeRandM Tornado 7000 All Flavours in stock WhatsApp: +86 17776015835","_links":{"self":[{"href":"https:\/\/rmvapesale.com\/hu\/wp-json\/wp\/v2\/product\/1894","targetHints":{"allow":["GET"]}}],"collection":[{"href":"https:\/\/rmvapesale.com\/hu\/wp-json\/wp\/v2\/product"}],"about":[{"href":"https:\/\/rmvapesale.com\/hu\/wp-json\/wp\/v2\/types\/product"}],"replies":[{"embeddable":true,"href":"https:\/\/rmvapesale.com\/hu\/wp-json\/wp\/v2\/comments?post=1894"}],"wp:featuredmedia":[{"embeddable":true,"href":"https:\/\/rmvapesale.com\/hu\/wp-json\/wp\/v2\/media\/1895"}],"wp:attachment":[{"href":"https:\/\/rmvapesale.com\/hu\/wp-json\/wp\/v2\/media?parent=1894"}],"wp:term":[{"taxonomy":"product_brand","embeddable":true,"href":"https:\/\/rmvapesale.com\/hu\/wp-json\/wp\/v2\/product_brand?post=1894"},{"taxonomy":"product_cat","embeddable":true,"href":"https:\/\/rmvapesale.com\/hu\/wp-json\/wp\/v2\/product_cat?post=1894"},{"taxonomy":"product_tag","embeddable":true,"href":"https:\/\/rmvapesale.com\/hu\/wp-json\/wp\/v2\/product_tag?post=1894"}],"curies":[{"name":"wp","href":"https:\/\/api.w.org\/{rel}","templated":true}]}}