{"id":1928,"date":"2024-08-22T15:15:42","date_gmt":"2024-08-22T15:15:42","guid":{"rendered":"https:\/\/rmvapesale.com\/?post_type=product&#038;p=1928"},"modified":"2025-01-20T03:40:57","modified_gmt":"2025-01-20T03:40:57","slug":"original-randm-tornado-9000-puffs-disposable-vape-factory-price","status":"publish","type":"product","link":"https:\/\/rmvapesale.com\/hu\/product\/original-randm-tornado-9000-puffs-disposable-vape-factory-price\/","title":{"rendered":"Eredeti RANDM TORNADO 9000 slukk eldobhat\u00f3 vape gy\u00e1ri \u00e1r"},"content":{"rendered":"<h1>Eredeti RANDM TORNADO 9000 slukk eldobhat\u00f3 vape gy\u00e1ri \u00e1r<\/h1>\n<p>A Fumot RANDM TORNADO 9000 egy fejlett eldobhat\u00f3 vape k\u00e9sz\u00fcl\u00e9k, amelyet \u00fagy terveztek, hogy megfeleljen a magyarorsz\u00e1gi nagykeresked\u0151k szigor\u00fa szabv\u00e1nyainak. Precizit\u00e1ssal \u00e9s innov\u00e1ci\u00f3val k\u00e9sz\u00fclt, kiv\u00e1l\u00f3 g\u0151z\u00f6l\u00e9si \u00e9lm\u00e9nyt ny\u00fajt, a nagy teljes\u00edtm\u00e9nyt az \u00edzek leny\u0171g\u00f6z\u0151 v\u00e1laszt\u00e9k\u00e1val \u00f6tv\u00f6zve.<\/p>\n<p>A Fumot RANDM TORNADO 9000 \u00e9lvonalbeli technol\u00f3gi\u00e1val rendelkezik, bele\u00e9rtve egy h\u00e1l\u00f3s tekercset \u00e9s egy be\u00e9p\u00edtett 850mAh-s \u00fajrat\u00f6lthet\u0151 akkumul\u00e1tort, amely biztos\u00edtja a sima, egyenletes g\u0151ztermel\u00e9st a hosszan tart\u00f3 \u00e9lvezet \u00e9rdek\u00e9ben. 0%-t\u00f3l 5%-ig terjed\u0151 nikotins\u00f3-koncentr\u00e1ci\u00f3t k\u00edn\u00e1l, kiel\u00e9g\u00edtve a k\u00fcl\u00f6nb\u00f6z\u0151 preferenci\u00e1kat.<\/p>\n<p>A Fumot RANDM TORNADO 9000-et az \u00edzek sz\u00e9les v\u00e1laszt\u00e9ka teszi igaz\u00e1n k\u00fcl\u00f6nlegess\u00e9. A 43 cs\u00e1b\u00edt\u00f3 opci\u00f3val, a klasszikus kedvencekt\u0151l, mint a Lush Ice \u00e9s a Strawberry Lemonade, eg\u00e9szen az egyedi kever\u00e9kekig, mint a Honeydew Ice Cream \u00e9s a Pina Colada, minden \u00edzl\u00e9shez van megfelel\u0151.<\/p>\n<p>Azoknak a Vape Randm elad\u00f3knak, akik pr\u00e9mium vape term\u00e9keket keresnek versenyk\u00e9pes \u00e1ron, a Fumot RANDM TORNADO 9000 ide\u00e1lis v\u00e1laszt\u00e1s.<\/p>\n<p><strong>Adja hozz\u00e1 AMY \u00e9rt\u00e9kes\u00edt\u00e9si vezet\u0151t a WhatsApp-on <a href=\"https:\/\/wa.me\/8617776015835\" target=\"_blank\" rel=\"noopener\">+86-17776015835<\/a> \u00e9s m\u00e9g t\u00f6bb kedvezm\u00e9nyt kaphat!<\/strong><\/p>\n<p><img loading=\"lazy\" decoding=\"async\" class=\"size-medium wp-image-1814\" src=\"https:\/\/rmvapesale.com\/wp-content\/uploads\/2024\/04\/whatsapp-amy-229x300.jpg\" alt=\"whatsapp amy\" width=\"229\" height=\"300\" srcset=\"https:\/\/rmvapesale.com\/wp-content\/uploads\/2024\/04\/whatsapp-amy-229x300.jpg 229w, https:\/\/rmvapesale.com\/wp-content\/uploads\/2024\/04\/whatsapp-amy-783x1024.jpg 783w, https:\/\/rmvapesale.com\/wp-content\/uploads\/2024\/04\/whatsapp-amy-768x1005.jpg 768w, https:\/\/rmvapesale.com\/wp-content\/uploads\/2024\/04\/whatsapp-amy-600x785.jpg 600w, https:\/\/rmvapesale.com\/wp-content\/uploads\/2024\/04\/whatsapp-amy.jpg 990w\" sizes=\"auto, (max-width: 229px) 100vw, 229px\" \/><\/p>\n<h3>A FUMOT PUFF 9000 eldobhat\u00f3 vape k\u00e9sz\u00fcl\u00e9k specifik\u00e1ci\u00f3i:<\/h3>\n<p>Nikotintartalom opci\u00f3k: 0%, 2%, 3% \u00e9s 5%<br \/>\nAk\u00e1r 9000 slukk<br \/>\n18 ml e-liquid-del el\u0151re felt\u00f6ltve<br \/>\n850mAh \u00fajrat\u00f6lthet\u0151 akkumul\u00e1tor<br \/>\n0.9\u03a9 Mesh tekercs<br \/>\n43 \u00edz kaphat\u00f3 rakt\u00e1ron<\/p>\n<p>Amit \u00e9rdemes tudni a Fumot Randm 9000 Vape-r\u0151l, miel\u0151tt nagy t\u00e9telben v\u00e1s\u00e1rolna.<\/p>\n<h4>GYIK:<\/h4>\n<p><strong>K\u00e9rd\u00e9s: Milyen \u00e1raz\u00e1si lehet\u0151s\u00e9gek vannak a Fumot RANDM TORNADO 9000-re?<\/strong><\/p>\n<p>V\u00e1lasz: Versenyk\u00e9pes gy\u00e1ri \u00e1rakat k\u00edn\u00e1lunk az eredeti Randm Vape Device Puffs 9000-re, mind az egyedi egys\u00e9gekre, mind a t\u00f6meges megrendel\u00e9sekre.<\/p>\n<p><strong>K\u00e9rd\u00e9s: El\u00e9rhet\u0151k-e nagykereskedelmi \u00e1raz\u00e1si lehet\u0151s\u00e9gek a Fumot RANDM TORNADO 9000-re?<\/strong><\/p>\n<p>V\u00e1lasz: Igen, biztos\u00edtunk nagykereskedelmi \u00e1raz\u00e1si lehet\u0151s\u00e9geket az eredeti Randm Vape Kit 9000 Puffs-ra, azoknak a nagykeresked\u0151knek, akik nagyobb mennyis\u00e9gben szeretn\u00e9nek v\u00e1s\u00e1rolni.<\/p>\n<p><strong>K\u00e9rd\u00e9s: Milyen \u00e1raz\u00e1si szintek vannak a Fumot RANDM TORNADO 9000 t\u00f6meges megrendel\u00e9seire?<\/strong><\/p>\n<p>V\u00e1lasz: Vonz\u00f3 t\u00f6meges \u00e1raz\u00e1st k\u00edn\u00e1lunk az eredeti Randm Vape Pod Puffs 9000-re, biztos\u00edtva a k\u00f6lts\u00e9gmegtakar\u00edt\u00e1st a nagyobb mennyis\u00e9gben v\u00e1s\u00e1rl\u00f3 nagykeresked\u0151k sz\u00e1m\u00e1ra.<\/p>\n<p><strong>K: K\u00edn\u00e1l speci\u00e1lis \u00e1rakat az els\u0151 alkalommal import\u00e1l\u00f3k sz\u00e1m\u00e1ra?<\/strong><\/p>\n<p>V: Igen, versenyk\u00e9pes \u00e1rakat biztos\u00edtunk a Fumot RANDM TORNADO 9000-hez, \u00edgy ide\u00e1lis v\u00e1laszt\u00e1s az e-cigarett\u00e1t K\u00edn\u00e1b\u00f3l el\u0151sz\u00f6r import\u00e1l\u00f3knak Magyarorsz\u00e1gra.<\/p>\n<p>Tal\u00e1lja meg a tov\u00e1bbi vape term\u00e9keket, amelyek tetszhetnek \u00d6nnek:<em><a href=\"https:\/\/rmvapesale.com\/hu\/shop-2\/\">V\u00e1s\u00e1roljon most\u00a0<\/a><\/em><\/p>\n<p>Egy\u00e9b n\u00e9pszer\u0171 vape term\u00e9kek, amelyek tetszhetnek:<\/p>\n<p><a href=\"https:\/\/rmvapesale.com\/hu\/product\/jnr-shisha-vape-15000-puffs-wholesale-price-with-screen-vape\/\">VOPK SHISHA 15K\/ <\/a><a href=\"https:\/\/rmvapesale.com\/hu\/product\/randm-vape-al-fakher-10000-puffs-vape-wholesale\/\">randm vape AI FAKHER 15k vape\/<\/a><a href=\"https:\/\/rmvapesale.com\/hu\/product\/randm-tornado-15000-puffs-15k-vape-recharge-fumot-original-vape-factory-price\/\">Fumot digital box Puff 12000<\/a><\/p>","protected":false},"excerpt":{"rendered":"<p class=\"LC20lb MBeuO DKV0Md\">A legjobb RandM Tornado Vape 9000 Puffs \u00edz<br \/>\nEredeti Randm 9000 Puffs Vape K\u00e9sz\u00fcl\u00e9k<br \/>\nNagykereskedelmi \u00c1r RandM 9000 Puffs Vape K\u00e9szlet<br \/>\n<strong>L\u00e9pjen kapcsolatba Amy-vel a megfelel\u0151 v\u00e1lasz\u00e9rt \u00e9s tov\u00e1bbi kedvezm\u00e9nyek\u00e9rt<\/strong><\/p>\n<p><img loading=\"lazy\" decoding=\"async\" class=\"size-medium wp-image-1814\" src=\"https:\/\/rmvapesale.com\/wp-content\/uploads\/2024\/04\/whatsapp-amy-229x300.jpg\" alt=\"whatsapp amy\" width=\"229\" height=\"300\" srcset=\"https:\/\/rmvapesale.com\/wp-content\/uploads\/2024\/04\/whatsapp-amy-229x300.jpg 229w, https:\/\/rmvapesale.com\/wp-content\/uploads\/2024\/04\/whatsapp-amy-783x1024.jpg 783w, https:\/\/rmvapesale.com\/wp-content\/uploads\/2024\/04\/whatsapp-amy-768x1005.jpg 768w, https:\/\/rmvapesale.com\/wp-content\/uploads\/2024\/04\/whatsapp-amy-600x785.jpg 600w, https:\/\/rmvapesale.com\/wp-content\/uploads\/2024\/04\/whatsapp-amy.jpg 990w\" sizes=\"auto, (max-width: 229px) 100vw, 229px\" \/><\/p>\n<h3><span style=\"color: #ff0000\"><strong>WhatsApp: +86 17776015835<\/strong><\/span><\/h3>","protected":false},"featured_media":1887,"comment_status":"open","ping_status":"closed","template":"","meta":{"_uag_custom_page_level_css":"","_lmt_disableupdate":"no","_lmt_disable":"","site-sidebar-layout":"default","site-content-layout":"content-boxed-container","ast-site-content-layout":"normal-width-container","site-content-style":"boxed","site-sidebar-style":"unboxed","ast-global-header-display":"","ast-banner-title-visibility":"","ast-main-header-display":"","ast-hfb-above-header-display":"","ast-hfb-below-header-display":"","ast-hfb-mobile-header-display":"","site-post-title":"","ast-breadcrumbs-content":"","ast-featured-img":"","footer-sml-layout":"","ast-disable-related-posts":"","theme-transparent-header-meta":"default","adv-header-id-meta":"","stick-header-meta":"","header-above-stick-meta":"","header-main-stick-meta":"","header-below-stick-meta":"","astra-migrate-meta-layouts":"set","ast-page-background-enabled":"default","ast-page-background-meta":{"desktop":{"background-color":"var(--ast-global-color-4)","background-image":"","background-repeat":"repeat","background-position":"center center","background-size":"auto","background-attachment":"scroll","background-type":"","background-media":"","overlay-type":"","overlay-color":"","overlay-opacity":"","overlay-gradient":""},"tablet":{"background-color":"","background-image":"","background-repeat":"repeat","background-position":"center center","background-size":"auto","background-attachment":"scroll","background-type":"","background-media":"","overlay-type":"","overlay-color":"","overlay-opacity":"","overlay-gradient":""},"mobile":{"background-color":"","background-image":"","background-repeat":"repeat","background-position":"center center","background-size":"auto","background-attachment":"scroll","background-type":"","background-media":"","overlay-type":"","overlay-color":"","overlay-opacity":"","overlay-gradient":""}},"ast-content-background-meta":{"desktop":{"background-color":"var(--ast-global-color-5)","background-image":"","background-repeat":"repeat","background-position":"center center","background-size":"auto","background-attachment":"scroll","background-type":"","background-media":"","overlay-type":"","overlay-color":"","overlay-opacity":"","overlay-gradient":""},"tablet":{"background-color":"var(--ast-global-color-5)","background-image":"","background-repeat":"repeat","background-position":"center center","background-size":"auto","background-attachment":"scroll","background-type":"","background-media":"","overlay-type":"","overlay-color":"","overlay-opacity":"","overlay-gradient":""},"mobile":{"background-color":"var(--ast-global-color-5)","background-image":"","background-repeat":"repeat","background-position":"center center","background-size":"auto","background-attachment":"scroll","background-type":"","background-media":"","overlay-type":"","overlay-color":"","overlay-opacity":"","overlay-gradient":""}},"_joinchat":[]},"product_brand":[],"product_cat":[25,52,289,27,51,123,293,30,26,15,28,31,295,137,136,135],"product_tag":[47,39,40,41,38,37],"class_list":{"0":"post-1928","1":"product","2":"type-product","3":"status-publish","4":"has-post-thumbnail","6":"product_cat-germany-best-selling-vape","7":"product_cat-9000-puffs-disposable-vapes","8":"product_cat-big-puffs-disposable-vapes","9":"product_cat-fance-hot-sale-vape","10":"product_cat-fumot-vape","11":"product_cat-italy-wholesale-vape","12":"product_cat-low-nicotine-disposable-vapes","13":"product_cat-minimum-order-quantity-50pcs","14":"product_cat-netherlands-hot-sale-vape","15":"product_cat-new-vape-this-week","16":"product_cat-poland-hot-sale-vape","17":"product_cat-randm-fumot-vape","18":"product_cat-rechargeable-disposable-vapes","19":"product_cat-rechargeable-vapes","20":"product_cat-smart-screen-vapes","21":"product_cat-spain-best-hot-sale-vape","22":"product_tag-9000-puffs-vape","23":"product_tag-fumot-vape","24":"product_tag-hot-sale-vape","25":"product_tag-original-factory-vape","26":"product_tag-randm-vape","27":"product_tag-wholesale-vape-price","28":"desktop-align-left","29":"tablet-align-left","30":"mobile-align-left","32":"first","33":"instock","34":"sale","35":"shipping-taxable","36":"purchasable","37":"product-type-simple"},"uagb_featured_image_src":{"full":["https:\/\/rmvapesale.com\/wp-content\/uploads\/2024\/05\/RM-TORNADO-VAPE-DISPOSABEL-9000-PUFFS.png",600,600,false],"thumbnail":["https:\/\/rmvapesale.com\/wp-content\/uploads\/2024\/05\/RM-TORNADO-VAPE-DISPOSABEL-9000-PUFFS-150x150.png",150,150,true],"medium":["https:\/\/rmvapesale.com\/wp-content\/uploads\/2024\/05\/RM-TORNADO-VAPE-DISPOSABEL-9000-PUFFS-300x300.png",300,300,true],"medium_large":["https:\/\/rmvapesale.com\/wp-content\/uploads\/2024\/05\/RM-TORNADO-VAPE-DISPOSABEL-9000-PUFFS.png",600,600,false],"large":["https:\/\/rmvapesale.com\/wp-content\/uploads\/2024\/05\/RM-TORNADO-VAPE-DISPOSABEL-9000-PUFFS.png",600,600,false],"1536x1536":["https:\/\/rmvapesale.com\/wp-content\/uploads\/2024\/05\/RM-TORNADO-VAPE-DISPOSABEL-9000-PUFFS.png",600,600,false],"2048x2048":["https:\/\/rmvapesale.com\/wp-content\/uploads\/2024\/05\/RM-TORNADO-VAPE-DISPOSABEL-9000-PUFFS.png",600,600,false],"trp-custom-language-flag":["https:\/\/rmvapesale.com\/wp-content\/uploads\/2024\/05\/RM-TORNADO-VAPE-DISPOSABEL-9000-PUFFS.png",12,12,false],"woocommerce_thumbnail":["https:\/\/rmvapesale.com\/wp-content\/uploads\/2024\/05\/RM-TORNADO-VAPE-DISPOSABEL-9000-PUFFS-300x300.png",300,300,true],"woocommerce_single":["https:\/\/rmvapesale.com\/wp-content\/uploads\/2024\/05\/RM-TORNADO-VAPE-DISPOSABEL-9000-PUFFS.png",600,600,false],"woocommerce_gallery_thumbnail":["https:\/\/rmvapesale.com\/wp-content\/uploads\/2024\/05\/RM-TORNADO-VAPE-DISPOSABEL-9000-PUFFS-100x100.png",100,100,true],"wcpr-photo-reviews":["https:\/\/rmvapesale.com\/wp-content\/uploads\/2024\/05\/RM-TORNADO-VAPE-DISPOSABEL-9000-PUFFS.png",500,500,false]},"uagb_author_info":{"display_name":"AMY","author_link":"https:\/\/rmvapesale.com\/hu\/author\/"},"uagb_comment_info":0,"uagb_excerpt":"Best RandM Tornado Vape 9000 Puffs Flavor Original Randm 9ooo Puffs Vape Device Wholesale Price RandM 9ooo Puffs Vape Kit Contact Amy For Right Reply and More Discount WhatsApp: +86 17776015835","_links":{"self":[{"href":"https:\/\/rmvapesale.com\/hu\/wp-json\/wp\/v2\/product\/1928","targetHints":{"allow":["GET"]}}],"collection":[{"href":"https:\/\/rmvapesale.com\/hu\/wp-json\/wp\/v2\/product"}],"about":[{"href":"https:\/\/rmvapesale.com\/hu\/wp-json\/wp\/v2\/types\/product"}],"replies":[{"embeddable":true,"href":"https:\/\/rmvapesale.com\/hu\/wp-json\/wp\/v2\/comments?post=1928"}],"wp:featuredmedia":[{"embeddable":true,"href":"https:\/\/rmvapesale.com\/hu\/wp-json\/wp\/v2\/media\/1887"}],"wp:attachment":[{"href":"https:\/\/rmvapesale.com\/hu\/wp-json\/wp\/v2\/media?parent=1928"}],"wp:term":[{"taxonomy":"product_brand","embeddable":true,"href":"https:\/\/rmvapesale.com\/hu\/wp-json\/wp\/v2\/product_brand?post=1928"},{"taxonomy":"product_cat","embeddable":true,"href":"https:\/\/rmvapesale.com\/hu\/wp-json\/wp\/v2\/product_cat?post=1928"},{"taxonomy":"product_tag","embeddable":true,"href":"https:\/\/rmvapesale.com\/hu\/wp-json\/wp\/v2\/product_tag?post=1928"}],"curies":[{"name":"wp","href":"https:\/\/api.w.org\/{rel}","templated":true}]}}