{"id":1940,"date":"2024-08-27T07:55:11","date_gmt":"2024-08-27T07:55:11","guid":{"rendered":"https:\/\/rmvapesale.com\/?post_type=product&#038;p=1940"},"modified":"2024-11-04T09:58:31","modified_gmt":"2024-11-04T09:58:31","slug":"randm-tornado-15000-puffs-vape-wholesale","status":"publish","type":"product","link":"https:\/\/rmvapesale.com\/hu\/product\/randm-tornado-15000-puffs-vape-wholesale\/","title":{"rendered":"RandM Tornado 15000 F\u00faj\u00e1s Vape Nagyker"},"content":{"rendered":"<h1>RandM Tornado 15000 F\u00faj\u00e1s Vape Nagyker<\/h1>\n<p>Egyszer haszn\u00e1latos vape egyre n\u00e9pszer\u0171bb sz\u00e9les \u00edzv\u00e1laszt\u00e9k\u00e1val \u00e9s k\u00f6nny\u0171 haszn\u00e1lat\u00e1val. Legjobb \u00e1r\u00fa egyszer haszn\u00e1latos vape-t keres? A RandM Tornado 15000 puff kiv\u00e1l\u00f3 aj\u00e1nl\u00e1s az impressz\u00edv funkci\u00f3i miatt. 850mAh \u00fajrat\u00f6lthet\u0151 akkumul\u00e1torral tervezt\u00e9k, amely ak\u00e1r 15000 puffot biztos\u00edt. Web\u00e1ruh\u00e1zunkban RandM Tornado 15000 puffos vape-t nagykereskedelmi \u00e1ron v\u00e1s\u00e1rolhat.<\/p>\n<p>A Tornado 15000 egy \u00faj diz\u00e1jnt kapott, 850mAh \u00fajrat\u00f6lthet\u0151 akkumul\u00e1torral, amely gyorsan t\u00f6lt USB-C porton kereszt\u00fcl, lehet\u0151v\u00e9 t\u00e9ve a hat\u00e9kony \u00fajrat\u00f6lt\u00e9st. A RandM Tornado 15000 egyszer haszn\u00e1latos vape h\u00e1l\u00f3s tekercstechnol\u00f3gi\u00e1val k\u00e9sz\u00fclt, \u00edgy sim\u00e1bb, \u00e9lvezetesebb vaping \u00e9lm\u00e9nyt ny\u00fajt \u00edzv\u00e1laszt\u00e9k\u00e1ban.<\/p>\n<p>Mindenekel\u0151tt, az RM 15000 val\u00f3ban k\u00f6lts\u00e9ghat\u00e9kony vape, amit \u00e9rdemes kipr\u00f3b\u00e1lni!<\/p>\n<p><strong>L\u00e9pjen kapcsolatba Amy-vel, hogy azonnali v\u00e1laszt \u00e9s nagykereskedelmi \u00e1rat kapjon!<\/strong><\/p>\n<p><img loading=\"lazy\" decoding=\"async\" class=\"size-medium wp-image-1814\" src=\"https:\/\/rmvapesale.com\/wp-content\/uploads\/2024\/04\/whatsapp-amy-229x300.jpg\" alt=\"whatsapp amy\" width=\"229\" height=\"300\" srcset=\"https:\/\/rmvapesale.com\/wp-content\/uploads\/2024\/04\/whatsapp-amy-229x300.jpg 229w, https:\/\/rmvapesale.com\/wp-content\/uploads\/2024\/04\/whatsapp-amy-783x1024.jpg 783w, https:\/\/rmvapesale.com\/wp-content\/uploads\/2024\/04\/whatsapp-amy-768x1005.jpg 768w, https:\/\/rmvapesale.com\/wp-content\/uploads\/2024\/04\/whatsapp-amy-600x785.jpg 600w, https:\/\/rmvapesale.com\/wp-content\/uploads\/2024\/04\/whatsapp-amy.jpg 990w\" sizes=\"auto, (max-width: 229px) 100vw, 229px\" \/><\/p>\n<h2><strong>Mi teszi egyediv\u00e9 a FUMOT RandM Tornado 15000 egyszer haszn\u00e1latos vape-et?<\/strong><\/h2>\n<p>Szuper specifik\u00e1ci\u00f3kkal a RANDM VAPE 15K TORNADO hiteles\u00edt\u00e9se az egyik legnagyobb kapacit\u00e1s\u00fa egyszer haszn\u00e1latos vape a piacon.<\/p>\n<p>Nikotintartalom opci\u00f3k: 0%, 2%, 3% \u00e9s 5%<br \/>\nAk\u00e1r 15000 sz\u00edv\u00e1s<br \/>\nEl\u0151re t\u00f6ltve 25ml e-juice-tal<br \/>\n850mAh \u00fajrat\u00f6lthet\u0151 akkumul\u00e1tor<br \/>\n0.9\u03a9 Mesh tekercs<br \/>\n41 el\u00e9rhet\u0151 \u00edz<\/p>\n<h2><strong>Mi a legjobb \u00edz a RandM Tornado 15k puffos vape-hez?<\/strong><\/h2>\n<p>Mr blue k\u00e9ts\u00e9gk\u00edv\u00fcl a legn\u00e9pszer\u0171bb \u00edz a RandM Tornado 15000 sz\u00e1m\u00e1ra, \u00e9rdemes kipr\u00f3b\u00e1lni!<\/p>\n<p>A RandM Tornado 15000 puff \u00f6sszesen 41 el\u00e9rhet\u0151 \u00edzt k\u00edn\u00e1l, minden \u00edzl\u00e9snek van valami.<\/p>\n<p>1 K\u00e9k Razz Lemonade<br \/>\n2 Peach Ice<br \/>\n3 Savany\u00fa Alma<br \/>\n4 G\u00f6r\u00f6gdinnye Ice<br \/>\n5 \u00c1fonya J\u00e9g<br \/>\n6 \u00c1fonya M\u00e1lna<br \/>\n7 Anan\u00e1sz Ice<br \/>\n8 Cseresznye<br \/>\n9 Eper J\u00e9g<br \/>\n10 Vimto<br \/>\n11 Sz\u0151l\u0151 Ice<br \/>\n12 Cola J\u00e9g<br \/>\n13 Eper Dinnye<br \/>\n14 R\u00f3zsasz\u00edn Limon\u00e1d\u00e9<br \/>\n15 Vegyes Bogy\u00f3<br \/>\n16 Barack Mang\u00f3<br \/>\n17 S\u00e1rk\u00e1nygy\u00fcm\u00f6lcs<br \/>\n18 Eper Sz\u0151l\u0151<br \/>\n19 \u00dar k\u00e9k<br \/>\n20.G\u00f6r\u00f6gdinnye j\u00e9g<br \/>\n21 J\u00e9gkr\u00e9m<br \/>\n22 Eper Kiwi<br \/>\n23 Kiwi Passi\u00f3gy\u00fcm\u00f6lcs Guava<br \/>\n24 H\u00e1rom Bogy\u00f3<br \/>\n25 Ban\u00e1n J\u00e9g<br \/>\n26 Barack\u00e1fonya Cukorka<br \/>\n27.Alma \u0150szibarack K\u00f6rte<br \/>\n28.Bogy\u00f3s Limon\u00e1d\u00e9<br \/>\n29.K\u00e9k M\u00e1lna Cseresznye<br \/>\n30.\u00c1fonya R\u00e1g\u00f3gumi<br \/>\n31.\u00c1fonya Cseresznye V\u00f6r\u00f6s\u00e1fonya<br \/>\n32.\u00c1fonya Gr\u00e1n\u00e1talma<br \/>\n33.K\u00e9ksavas M\u00e1lna<br \/>\n34.Cseresznye K\u00f3la<br \/>\n35 Gummy Medve<br \/>\n36.Citrom<br \/>\n37 Mang\u00f3 J\u00e9gen<br \/>\n38.Piros Energia j\u00e9g<br \/>\n39.Eper Ban\u00e1n<br \/>\n40.Eper Red Bull<br \/>\n41.Eper G\u00f6r\u00f6gdinnye Limon\u00e1d\u00e9<\/p>\n<h2><strong>K\u00e9rd\u00e9sek, amiket \u00e9rdemes tudni a RandM Tornado 15000 puffos vape-r\u0151l<\/strong><\/h2>\n<p>&nbsp;<\/p>\n<h3>Q1. Mi az a RM Tornado 15000 Puff eredeti vape?<\/h3>\n<p>A: A RANDM VAPE 15K TORNADO eredeti egy egyszer haszn\u00e1latos vape k\u00e9sz\u00fcl\u00e9k, amely hosszabb vaping \u00e9lm\u00e9nyekhez lett tervezve. Nev\u00e9t leny\u0171g\u00f6z\u0151 15 000 puff kapacit\u00e1s\u00e1r\u00f3l kapta.<\/p>\n<h3>Q2. Ki gy\u00e1rtja a RandM Tornado 15k Puff eredeti vape-et?<\/h3>\n<p>A RANDM VAPE 15K TORNADO Genuine gy\u00e1rt\u00f3ja a Shenzhen Fumot Technology, egy vezet\u0151 v\u00e1llalat a vaperek vil\u00e1g\u00e1ban, amely innovat\u00edv term\u00e9keir\u0151l ismert.<\/p>\n<h3>Q3. Mennyi ideig tart az Eredeti RandM Tornado 15K Vape?<\/h3>\n<p>A RANDM VAPE 15K TORNADO Authentic be\u00e9p\u00edtett, 850mAh kapacit\u00e1s\u00fa akkumul\u00e1torral rendelkezik, amely hosszabb haszn\u00e1latot tesz lehet\u0151v\u00e9 egy t\u00f6lt\u00e9ssel. A pontos akkumul\u00e1tor-\u00e9lettartam egy\u00e9ni haszn\u00e1lati szok\u00e1sokt\u00f3l f\u00fcgg.<\/p>\n<h3>Q4. Az Fumot RandM Tornado 15000 Puff Vape \u00fajrat\u00f6lthet\u0151?<\/h3>\n<p><span style=\"font-size: 16px\">A: Nem, a RANDM VAPE 15K TORNADO eredeti egy \u00fajrat\u00f6lthet\u0151 akkumul\u00e1torral rendelkezik, \u00edgy \u00fajrat\u00f6lthet\u0151.<\/span><\/p>\n<h3>Q5. Hogyan v\u00e1s\u00e1rolhatom meg az Fumot RandM Tornado 15000 Puff Vape-et eredetiben?<\/h3>\n<p>A: A RANDM VAPE 15K TORNADO Genuine el\u00e9rhet\u0151 hivatalos forgalmaz\u00f3kon kereszt\u00fcl. Nagykereskedelmi \u00e9rdekl\u0151d\u00e9s eset\u00e9n a forgalmaz\u00f3k <a href=\"https:\/\/wa.me\/8617776015835\" target=\"_blank\" rel=\"noopener\">Kapcsolat<\/a> fordulhatnak. A lakoss\u00e1gi \u00fcgyfelek a term\u00e9ket kiv\u00e1lasztott kiskeresked\u0151kn\u00e9l vagy online \u00e1ruh\u00e1zakban tal\u00e1lhatj\u00e1k meg.<\/p>\n<p><strong>Sz\u00e1ll\u00edt\u00e1si r\u00e9szletek:<\/strong><br \/>\nGy\u00e1rt\u00e1si id\u0151: 5-10 munkanap<br \/>\nSz\u00e1ll\u00edt\u00e1si id\u0151: 8-14 munkanap<\/p>\n<p>Minden term\u00e9k boltunkban 100% eredeti \u00e9s hiteles, \u00edgy a hamis \u00e1rukra t\u00edzszeres k\u00e1rt\u00e9r\u00edt\u00e9st alkalmazunk. Logisztikai csatorn\u00e1kat, p\u00e9ld\u00e1ul UPS\/DHL\/FEDEX\/DPD haszn\u00e1lunk az \u00e1ruk kisz\u00e1ll\u00edt\u00e1s\u00e1ra.<\/p>\n<p>A csomagok Magyarorsz\u00e1gra t\u00f6rt\u00e9n\u0151 sz\u00e1ll\u00edt\u00e1sa \u00e1ltal\u00e1ban 10 munkanapot vesz ig\u00e9nybe. Eur\u00f3pai orsz\u00e1gokba t\u00f6rt\u00e9n\u0151 sz\u00e1ll\u00edt\u00e1s \u00e1ltal\u00e1ban k\u00f6r\u00fclbel\u00fcl 12-15 munkanapot vesz ig\u00e9nybe. Val\u00f3s idej\u0171 logisztikai inform\u00e1ci\u00f3kat fogunk friss\u00edteni az \u00d6n sz\u00e1m\u00e1ra.<\/p>\n<p>Tal\u00e1lja meg a tov\u00e1bbi vape term\u00e9keket, amelyek tetszhetnek \u00d6nnek:<em><a href=\"https:\/\/rmvapesale.com\/hu\/shop-2\/\">V\u00e1s\u00e1roljon most\u00a0<\/a><\/em><\/p>\n<p>Egy\u00e9b n\u00e9pszer\u0171 vape term\u00e9kek, amelyek tetszhetnek:<\/p>\n<p><a href=\"https:\/\/rmvapesale.com\/hu\/product\/randm-vape-al-fakher-10000-puffs-vape-wholesale\/\">randm vape AI FAKHER 15k vape<\/a><\/p>\n<p><a href=\"https:\/\/rmvapesale.com\/hu\/product\/original-randm-tornado-9000-puffs-disposable-vape-factory-price\/\">RandM Tornado 9000<\/a><\/p>","protected":false},"excerpt":{"rendered":"<p>Fumot Tornado 15000 VAPE Nagykereskedelmi \u00c1r<br \/>\nORIGINAL RandM Tornado 15000 Gy\u00e1ri Nagykereskedelem Rakt\u00e1ron<br \/>\nEredeti RANDM Vape FUMOT TORNADO 15000 Kedvezm\u00e9nyes \u00c1r<\/p>\n<p><strong>Tov\u00e1bbi kedvezm\u00e9ny\u00e9rt \u00e9s alacsonyabb minim\u00e1lis rendel\u00e9si mennyis\u00e9g\u00e9rt l\u00e9pjen kapcsolatba Amy-vel<\/strong><\/p>\n<p><img loading=\"lazy\" decoding=\"async\" class=\"size-medium wp-image-1814\" src=\"https:\/\/rmvapesale.com\/wp-content\/uploads\/2024\/04\/whatsapp-amy-229x300.jpg\" alt=\"whatsapp amy\" width=\"229\" height=\"300\" srcset=\"https:\/\/rmvapesale.com\/wp-content\/uploads\/2024\/04\/whatsapp-amy-229x300.jpg 229w, https:\/\/rmvapesale.com\/wp-content\/uploads\/2024\/04\/whatsapp-amy-783x1024.jpg 783w, https:\/\/rmvapesale.com\/wp-content\/uploads\/2024\/04\/whatsapp-amy-768x1005.jpg 768w, https:\/\/rmvapesale.com\/wp-content\/uploads\/2024\/04\/whatsapp-amy-600x785.jpg 600w, https:\/\/rmvapesale.com\/wp-content\/uploads\/2024\/04\/whatsapp-amy.jpg 990w\" sizes=\"auto, (max-width: 229px) 100vw, 229px\" \/><\/p>\n<h3><span style=\"color: #ff0000\"><strong>WhatsApp: +86 17776015835<\/strong><\/span><\/h3>","protected":false},"featured_media":1937,"comment_status":"open","ping_status":"closed","template":"","meta":{"_uag_custom_page_level_css":"","_lmt_disableupdate":"no","_lmt_disable":"","site-sidebar-layout":"default","site-content-layout":"content-boxed-container","ast-site-content-layout":"normal-width-container","site-content-style":"boxed","site-sidebar-style":"unboxed","ast-global-header-display":"","ast-banner-title-visibility":"","ast-main-header-display":"","ast-hfb-above-header-display":"","ast-hfb-below-header-display":"","ast-hfb-mobile-header-display":"","site-post-title":"","ast-breadcrumbs-content":"","ast-featured-img":"","footer-sml-layout":"","theme-transparent-header-meta":"default","adv-header-id-meta":"","stick-header-meta":"","header-above-stick-meta":"","header-main-stick-meta":"","header-below-stick-meta":"","astra-migrate-meta-layouts":"set","ast-page-background-enabled":"default","ast-page-background-meta":{"desktop":{"background-color":"var(--ast-global-color-4)","background-image":"","background-repeat":"repeat","background-position":"center center","background-size":"auto","background-attachment":"scroll","background-type":"","background-media":"","overlay-type":"","overlay-color":"","overlay-opacity":"","overlay-gradient":""},"tablet":{"background-color":"","background-image":"","background-repeat":"repeat","background-position":"center center","background-size":"auto","background-attachment":"scroll","background-type":"","background-media":"","overlay-type":"","overlay-color":"","overlay-opacity":"","overlay-gradient":""},"mobile":{"background-color":"","background-image":"","background-repeat":"repeat","background-position":"center center","background-size":"auto","background-attachment":"scroll","background-type":"","background-media":"","overlay-type":"","overlay-color":"","overlay-opacity":"","overlay-gradient":""}},"ast-content-background-meta":{"desktop":{"background-color":"var(--ast-global-color-5)","background-image":"","background-repeat":"repeat","background-position":"center center","background-size":"auto","background-attachment":"scroll","background-type":"","background-media":"","overlay-type":"","overlay-color":"","overlay-opacity":"","overlay-gradient":""},"tablet":{"background-color":"var(--ast-global-color-5)","background-image":"","background-repeat":"repeat","background-position":"center center","background-size":"auto","background-attachment":"scroll","background-type":"","background-media":"","overlay-type":"","overlay-color":"","overlay-opacity":"","overlay-gradient":""},"mobile":{"background-color":"var(--ast-global-color-5)","background-image":"","background-repeat":"repeat","background-position":"center center","background-size":"auto","background-attachment":"scroll","background-type":"","background-media":"","overlay-type":"","overlay-color":"","overlay-opacity":"","overlay-gradient":""}},"_joinchat":[]},"product_brand":[],"product_cat":[25,51,195,26,28,27,31,137,136,15,30],"product_tag":[44,39,40,41,38,37],"class_list":{"0":"post-1940","1":"product","2":"type-product","3":"status-publish","4":"has-post-thumbnail","6":"product_cat-germany-best-selling-vape","7":"product_cat-fumot-vape","8":"product_cat-germany-warehouse","9":"product_cat-netherlands-hot-sale-vape","10":"product_cat-poland-hot-sale-vape","11":"product_cat-fance-hot-sale-vape","12":"product_cat-randm-fumot-vape","13":"product_cat-rechargeable-vapes","14":"product_cat-smart-screen-vapes","15":"product_cat-new-vape-this-week","16":"product_cat-minimum-order-quantity-50pcs","17":"product_tag-15k-puffs-15000-vape-wholesale","18":"product_tag-fumot-vape","19":"product_tag-hot-sale-vape","20":"product_tag-original-factory-vape","21":"product_tag-randm-vape","22":"product_tag-wholesale-vape-price","23":"desktop-align-left","24":"tablet-align-left","25":"mobile-align-left","27":"first","28":"instock","29":"sale","30":"shipping-taxable","31":"purchasable","32":"product-type-simple"},"uagb_featured_image_src":{"full":["https:\/\/rmvapesale.com\/wp-content\/uploads\/2024\/08\/RandM-Tornado-15000-Wholesale-Blue-Razz-Lemonade.jpg",800,800,false],"thumbnail":["https:\/\/rmvapesale.com\/wp-content\/uploads\/2024\/08\/RandM-Tornado-15000-Wholesale-Blue-Razz-Lemonade-150x150.jpg",150,150,true],"medium":["https:\/\/rmvapesale.com\/wp-content\/uploads\/2024\/08\/RandM-Tornado-15000-Wholesale-Blue-Razz-Lemonade-300x300.jpg",300,300,true],"medium_large":["https:\/\/rmvapesale.com\/wp-content\/uploads\/2024\/08\/RandM-Tornado-15000-Wholesale-Blue-Razz-Lemonade-768x768.jpg",768,768,true],"large":["https:\/\/rmvapesale.com\/wp-content\/uploads\/2024\/08\/RandM-Tornado-15000-Wholesale-Blue-Razz-Lemonade.jpg",800,800,false],"1536x1536":["https:\/\/rmvapesale.com\/wp-content\/uploads\/2024\/08\/RandM-Tornado-15000-Wholesale-Blue-Razz-Lemonade.jpg",800,800,false],"2048x2048":["https:\/\/rmvapesale.com\/wp-content\/uploads\/2024\/08\/RandM-Tornado-15000-Wholesale-Blue-Razz-Lemonade.jpg",800,800,false],"trp-custom-language-flag":["https:\/\/rmvapesale.com\/wp-content\/uploads\/2024\/08\/RandM-Tornado-15000-Wholesale-Blue-Razz-Lemonade.jpg",12,12,false],"woocommerce_thumbnail":["https:\/\/rmvapesale.com\/wp-content\/uploads\/2024\/08\/RandM-Tornado-15000-Wholesale-Blue-Razz-Lemonade-300x300.jpg",300,300,true],"woocommerce_single":["https:\/\/rmvapesale.com\/wp-content\/uploads\/2024\/08\/RandM-Tornado-15000-Wholesale-Blue-Razz-Lemonade-600x600.jpg",600,600,true],"woocommerce_gallery_thumbnail":["https:\/\/rmvapesale.com\/wp-content\/uploads\/2024\/08\/RandM-Tornado-15000-Wholesale-Blue-Razz-Lemonade-100x100.jpg",100,100,true],"wcpr-photo-reviews":["https:\/\/rmvapesale.com\/wp-content\/uploads\/2024\/08\/RandM-Tornado-15000-Wholesale-Blue-Razz-Lemonade.jpg",500,500,false]},"uagb_author_info":{"display_name":"AMY","author_link":"https:\/\/rmvapesale.com\/hu\/author\/"},"uagb_comment_info":0,"uagb_excerpt":"Fumot Tornado 15000 VAPE Wholesale Price ORIGINAL RandM Tornado 15000 Factory Wholesale in Stock Genuine RANDM Vape FUMOT TORNADO 15000 Discount Price Contact Amy For More Discount And Lower MOQ Vape WhatsApp: +86 17776015835","_links":{"self":[{"href":"https:\/\/rmvapesale.com\/hu\/wp-json\/wp\/v2\/product\/1940","targetHints":{"allow":["GET"]}}],"collection":[{"href":"https:\/\/rmvapesale.com\/hu\/wp-json\/wp\/v2\/product"}],"about":[{"href":"https:\/\/rmvapesale.com\/hu\/wp-json\/wp\/v2\/types\/product"}],"replies":[{"embeddable":true,"href":"https:\/\/rmvapesale.com\/hu\/wp-json\/wp\/v2\/comments?post=1940"}],"wp:featuredmedia":[{"embeddable":true,"href":"https:\/\/rmvapesale.com\/hu\/wp-json\/wp\/v2\/media\/1937"}],"wp:attachment":[{"href":"https:\/\/rmvapesale.com\/hu\/wp-json\/wp\/v2\/media?parent=1940"}],"wp:term":[{"taxonomy":"product_brand","embeddable":true,"href":"https:\/\/rmvapesale.com\/hu\/wp-json\/wp\/v2\/product_brand?post=1940"},{"taxonomy":"product_cat","embeddable":true,"href":"https:\/\/rmvapesale.com\/hu\/wp-json\/wp\/v2\/product_cat?post=1940"},{"taxonomy":"product_tag","embeddable":true,"href":"https:\/\/rmvapesale.com\/hu\/wp-json\/wp\/v2\/product_tag?post=1940"}],"curies":[{"name":"wp","href":"https:\/\/api.w.org\/{rel}","templated":true}]}}