{"id":1950,"date":"2024-09-05T08:27:17","date_gmt":"2024-09-05T08:27:17","guid":{"rendered":"https:\/\/rmvapesale.com\/?post_type=product&#038;p=1950"},"modified":"2025-01-20T03:43:06","modified_gmt":"2025-01-20T03:43:06","slug":"bang-30k-puffs-disposable-vape-double-taste-wholesale-italy","status":"publish","type":"product","link":"https:\/\/rmvapesale.com\/hu\/product\/bang-30k-puffs-disposable-vape-double-taste-wholesale-italy\/","title":{"rendered":"Bang 30k slukks eldobhat\u00f3 vape kett\u0151s \u00edz\u0171 nagykeresked\u00e9s Magyarorsz\u00e1g"},"content":{"rendered":"<h1>Bang 30k slukks eldobhat\u00f3 vape kett\u0151s \u00edz\u0171 nagykeresked\u00e9s Magyarorsz\u00e1g<\/h1>\n<p>A Bang 30000 30k Puffs K\u00e9t \u00cdz Egyszer haszn\u00e1latos Vape pr\u00e9mium k\u00e9sz\u00fcl\u00e9k, amely kiv\u00e9teles vaping \u00e9lm\u00e9nyt ny\u00fajt. Impoz\u00e1ns 30 000 sz\u00edv\u00e1ssal, p\u00e1ratlan hossz\u00fa \u00e9lettartamot \u00e9s k\u00e9nyelmet k\u00edn\u00e1l. 1.0ohm h\u00e1l\u00f3sz\u00e1las tekercs\u00e9vel sima \u00e9s egyenletes g\u0151zt biztos\u00edt, fokozva az \u00edzt minden sz\u00edv\u00e1ssal. 36ml e-liquid kapacit\u00e1s\u00e1val hosszabb haszn\u00e1latot tesz lehet\u0151v\u00e9 gyakori t\u00f6l\u00e9s n\u00e9lk\u00fcl. V\u00e1lassz nikotinszintek k\u00f6z\u00fcl: 0%, 2%, 3% vagy 5%, hogy megfeleljen preferenci\u00e1idnak.<\/p>\n<p>A 550mAh akkumul\u00e1tor megb\u00edzhat\u00f3 teljes\u00edtm\u00e9nyt ny\u00fajt, m\u00edg a Type-C t\u00f6lt\u00e9si funkci\u00f3 gyors \u00e9s hat\u00e9kony \u00fajrat\u00f6lt\u00e9st tesz lehet\u0151v\u00e9. Az fejlett LCD kijelz\u0151 t\u00e1j\u00e9koztat a t\u00f6lt\u00f6tts\u00e9gr\u0151l \u00e9s az e-liquid szintr\u0151l, biztos\u00edtva a z\u00f6kken\u0151mentes \u00e9lm\u00e9nyt.<\/p>\n<p>A Bang 30000 sz\u00edv\u00e1s emellett dupla \u00edz funkci\u00f3val is rendelkezik, lehet\u0151v\u00e9 t\u00e9ve k\u00e9t k\u00fcl\u00f6nb\u00f6z\u0151 \u00edz k\u00f6z\u00f6tti v\u00e1lt\u00e1st egy sokoldal\u00fa vaping sessionhez. Ide\u00e1lis kezd\u0151k \u00e9s tapasztalt vaperek sz\u00e1m\u00e1ra egyar\u00e1nt, magas kapacit\u00e1st, k\u00f6nny\u0171 haszn\u00e1latot \u00e9s korszer\u0171 technol\u00f3gi\u00e1t \u00f6tv\u00f6zve a pr\u00e9mium vaping \u00e9lm\u00e9ny\u00e9rt.<\/p>\n<p><strong>L\u00e9pjen kapcsolatba Amy-vel, hogy azonnali v\u00e1laszt \u00e9s nagykereskedelmi \u00e1rat kapjon!<\/strong><\/p>\n<p><img loading=\"lazy\" decoding=\"async\" class=\"size-medium wp-image-1814\" src=\"https:\/\/rmvapesale.com\/wp-content\/uploads\/2024\/04\/whatsapp-amy-229x300.jpg\" alt=\"whatsapp amy\" width=\"229\" height=\"300\" srcset=\"https:\/\/rmvapesale.com\/wp-content\/uploads\/2024\/04\/whatsapp-amy-229x300.jpg 229w, https:\/\/rmvapesale.com\/wp-content\/uploads\/2024\/04\/whatsapp-amy-783x1024.jpg 783w, https:\/\/rmvapesale.com\/wp-content\/uploads\/2024\/04\/whatsapp-amy-768x1005.jpg 768w, https:\/\/rmvapesale.com\/wp-content\/uploads\/2024\/04\/whatsapp-amy-600x785.jpg 600w, https:\/\/rmvapesale.com\/wp-content\/uploads\/2024\/04\/whatsapp-amy.jpg 990w\" sizes=\"auto, (max-width: 229px) 100vw, 229px\" \/><\/p>\n<h2><strong>Mi\u00e9rt a Bang 30000 Puffs a<\/strong><strong>\u00a0legkelend\u0151bb egyszer haszn\u00e1latos vape?<\/strong><\/h2>\n<p>Szuper specifik\u00e1ci\u00f3val rendelkez\u0151, az Authentic Bang 30000 Puffs K\u00e9t \u00cdz Egyszer haszn\u00e1latos Vape kiemelkedik a piacon el\u00e9rhet\u0151 legnagyobb kapacit\u00e1s\u00fa egyszer haszn\u00e1latos vape-k k\u00f6z\u00fcl.<\/p>\n<p>Sz\u00edv\u00e1sok: 30000 sz\u00edv\u00e1s<br \/>\nMag: H\u00e1l\u00f3sz\u00e1l 1.0ohm<br \/>\nE-liquid:36ml<br \/>\nNikotinszint: 0%\/2%\/3%\/5%<br \/>\nAkkumul\u00e1tor: 550mAh<br \/>\n\u00dajrat\u00f6lthet\u0151: Type-C<br \/>\nLCD digit\u00e1lis kijelz\u0151<br \/>\nDupla \u00cdz<\/p>\n<h2><strong>Mi a legjobb \u00edz a <\/strong><strong>Bang 30k <\/strong><strong>sz\u00edv\u00e1s\u00fa vape-hez?<\/strong><\/h2>\n<p>A \u00e1fonya m\u00e1lna &amp; s\u00e1rgabarack mang\u00f3 g\u00f6r\u00f6gdinnye nem lehet m\u00e1s, mint a legn\u00e9pszer\u0171bb \u00edz a Bang 30000 Puffs K\u00e9t \u00cdz Egyszer haszn\u00e1latos Vape sz\u00e1m\u00e1ra, \u00e9rdemes kipr\u00f3b\u00e1lni!<\/p>\n<p>Ez a Bang 30000 Vape \u00f6sszesen 12 el\u00e9rhet\u0151 \u00edzt k\u00edn\u00e1l a v\u00e1laszt\u00e1shoz, van valami neked.<\/p>\n<p>1. g\u00f6r\u00f6gdinnye j\u00e9g &amp; \u00e1fonya menta<br \/>\n2. g\u00f6r\u00f6gdinnye j\u00e9g &amp; eper \u00e9s mang\u00f3<br \/>\n3. eper g\u00f6r\u00f6gdinnye &amp; kiwi szenved\u00e9lygy\u00fcm\u00f6lcs guava<br \/>\n4. eper \u00e9s g\u00f6r\u00f6gdinnye &amp; sz\u0151l\u0151 j\u00e9g<br \/>\n5. \u00e1fonya j\u00e9g &amp; fekete s\u00e1rk\u00e1ny j\u00e9g<br \/>\n6. \u00e1fonya j\u00e9g &amp; eper \u00e9s ban\u00e1n<br \/>\n7. v\u00f6r\u00f6s bika &amp; \u00e1fonya g\u00f6r\u00f6gdinnye<br \/>\n8. v\u00f6r\u00f6s bika &amp; g\u00f6r\u00f6gdinnye bubor\u00e9k cukor<br \/>\n9. \u00e1fonya m\u00e1lna &amp; s\u00e1rgabarack mang\u00f3 g\u00f6r\u00f6gdinnye<br \/>\n10. \u00e1fonya m\u00e1lna &amp; kevert pen\u00e9szes gy\u00fcm\u00f6lcs<br \/>\n11. eper kiwi &amp; s\u00e1rgabarack j\u00e9g<br \/>\n12. eper kiwi &amp; savany\u00fa alma m\u00e1lna<\/p>\n<h2><strong>K\u00e9rd\u00e9sek, amiket \u00e9rdemes tudni a Bang 30000 egyszer haszn\u00e1latos vape-r\u0151l<\/strong><\/h2>\n<h3>Q1. Mi az a Bang30k Puffs Vape?<\/h3>\n<p>V: A Bang 30k Puffs Original egy egyszer haszn\u00e1latos vape k\u00e9sz\u00fcl\u00e9k, amely hosszabb vape \u00fcl\u00e9sekhez lett tervezve. Nev\u00e9t leny\u0171g\u00f6z\u0151 15 000 szippant\u00e1si kapacit\u00e1s\u00e1r\u00f3l kapta.<\/p>\n<h3>Q2. Meddig tart az Authentic BangKing 30000 Puffs 15K Vape?<\/h3>\n<p>V: A Bang 30k Puffs Authentic be\u00e9p\u00edtett akkumul\u00e1torral rendelkezik, amely 550mAh kapacit\u00e1s\u00fa, \u00edgy hosszabb haszn\u00e1latot biztos\u00edt egy t\u00f6lt\u00e9ssel. De az akkumul\u00e1tor pontos \u00e9lettartama egy\u00e9ni haszn\u00e1lati szok\u00e1sokt\u00f3l f\u00fcgg.<\/p>\n<h3>Q3. \u00dajrat\u00f6lthet\u0151 a Bang 30000 Vape Original?<\/h3>\n<p><span style=\"font-size: 16px\">V: Igen, a Bang 30k Puffs Original \u00fajrat\u00f6lthet\u0151 akkumul\u00e1torral rendelkezik, \u00edgy \u00fajrat\u00f6lthet\u0151, \u00e9lvezheted a utols\u00f3 cseppig.<\/span><\/p>\n<h3>Q4.Hol v\u00e1s\u00e1rolhatom meg az eredeti Bang 30000 Puffs Vape-et?<\/h3>\n<p>A: A Bang 30k Puffs eredeti term\u00e9k el\u00e9rhet\u0151 hivatalos forgalmaz\u00f3kon kereszt\u00fcl. Nagykereskedelmi \u00e9rdekl\u0151d\u00e9s eset\u00e9n a forgalmaz\u00f3k <a href=\"https:\/\/wa.me\/8617776015835\" target=\"_blank\" rel=\"noopener\">Kapcsolat<\/a> k\u00f6zvetlen\u00fcl. A lakoss\u00e1gi \u00fcgyfelek a term\u00e9ket kiv\u00e1lasztott kiskeresked\u0151kn\u00e9l vagy online \u00e1ruh\u00e1zakban tal\u00e1lhatj\u00e1k meg. \u00dczlet\u00fcnkben minden term\u00e9k 100% eredeti \u00e9s hiteles, a hamis \u00e1ruk\u00e9rt t\u00edzszeres k\u00e1rt\u00e9r\u00edt\u00e9s a boltunk szab\u00e1lyzata.<\/p>\n<p>&nbsp;<\/p>\n<p><strong>Sz\u00e1ll\u00edt\u00e1si r\u00e9szletek:<\/strong><\/p>\n<div class=\"flex-shrink-0 flex flex-col relative items-end\">\n<div>\n<div class=\"pt-0\">\n<div class=\"gizmo-bot-avatar flex h-8 w-8 items-center justify-center overflow-hidden rounded-full\">\n<div class=\"relative p-1 rounded-sm flex items-center justify-center bg-token-main-surface-primary text-token-text-primary h-8 w-8\"><strong>Milyen sz\u00e1ll\u00edt\u00e1si m\u00f3dokat haszn\u00e1lnak?<\/strong><\/div>\n<\/div>\n<\/div>\n<\/div>\n<\/div>\n<div class=\"group\/conversation-turn relative flex w-full min-w-0 flex-col agent-turn\">\n<div class=\"flex-col gap-1 md:gap-3\">\n<div class=\"flex max-w-full flex-col flex-grow\">\n<div class=\"min-h-[20px] text-message flex w-full flex-col items-end gap-2 whitespace-normal break-words [.text-message+&amp;]:mt-5 overflow-x-auto\" dir=\"auto\" data-message-author-role=\"assistant\" data-message-id=\"22f8283b-3233-46ff-89a5-c7a41b33abda\">\n<div class=\"flex w-full flex-col gap-1 empty:hidden first:pt-[3px]\">\n<div class=\"markdown prose w-full break-words dark:prose-invert light\">\n<p>Partnerei vagyunk a UPS, DHL, FedEx, DPD \u00e9s m\u00e1s vezet\u0151 fuvaroz\u00f3knak. A legjobb sz\u00e1ll\u00edt\u00e1si m\u00f3dot fogjuk kiv\u00e1lasztani a sz\u00e1ll\u00edt\u00e1si helysz\u00edne alapj\u00e1n, hogy a lehet\u0151 leggyorsabban megkapja a term\u00e9keit.<\/p>\n<\/div>\n<p><strong>Mennyi id\u0151 alatt \u00e9rkezik meg?<\/strong><\/p>\n<p>A csomagok \u00e1ltal\u00e1ban 10 munkanapon bel\u00fcl meg\u00e9rkeznek Magyarorsz\u00e1gra. Az eur\u00f3pai orsz\u00e1gokba t\u00f6rt\u00e9n\u0151 sz\u00e1ll\u00edt\u00e1s \u00e1ltal\u00e1ban 12-15 munkanapot vesz ig\u00e9nybe. Folyamatosan t\u00e1j\u00e9koztatjuk a sz\u00e1ll\u00edt\u00e1si st\u00e1tuszr\u00f3l.<\/p>\n<p>&nbsp;<\/p>\n<\/div>\n<\/div>\n<\/div>\n<\/div>\n<\/div>\n<p>Tal\u00e1lja meg a tov\u00e1bbi vape term\u00e9keket, amelyek tetszhetnek \u00d6nnek:<em><a href=\"https:\/\/rmvapesale.com\/hu\/shop-2\/\">V\u00e1s\u00e1roljon most\u00a0<\/a><\/em><\/p>\n<p>Egy\u00e9b n\u00e9pszer\u0171 vape term\u00e9kek, amelyek tetszhetnek:<\/p>\n<p><a href=\"https:\/\/rmvapesale.com\/hu\/product\/randm-vape-al-fakher-10000-puffs-vape-wholesale\/\">randm vape AI FAKHER 15k vape<\/a><\/p>\n<p><a href=\"https:\/\/rmvapesale.com\/hu\/product\/original-randm-tornado-9000-puffs-disposable-vape-factory-price\/\">RandM Tornado 9000<\/a><\/p>","protected":false},"excerpt":{"rendered":"<p>Bang 30000 30k Puffs K\u00e9t \u00cdz Egyszer haszn\u00e1latos Vape Nagykereskedelmi \u00c1r<br \/>\nEREDETI Bang 30000 Puffs Egyszer haszn\u00e1latos Vape Gy\u00e1r Nagykereskedelem Rakt\u00e1ron<br \/>\nBANG 30000 dupla \u00edz 30K Egyszer haszn\u00e1latos Vape Kedvezm\u00e9nyes \u00c1r<\/p>\n<p><strong>Tov\u00e1bbi kedvezm\u00e9ny\u00e9rt \u00e9s alacsonyabb minim\u00e1lis rendel\u00e9si mennyis\u00e9g\u00e9rt l\u00e9pjen kapcsolatba Amy-vel<\/strong><\/p>\n<p><img loading=\"lazy\" decoding=\"async\" class=\"size-medium wp-image-1814\" src=\"https:\/\/rmvapesale.com\/wp-content\/uploads\/2024\/04\/whatsapp-amy-229x300.jpg\" alt=\"whatsapp amy\" width=\"229\" height=\"300\" srcset=\"https:\/\/rmvapesale.com\/wp-content\/uploads\/2024\/04\/whatsapp-amy-229x300.jpg 229w, https:\/\/rmvapesale.com\/wp-content\/uploads\/2024\/04\/whatsapp-amy-783x1024.jpg 783w, https:\/\/rmvapesale.com\/wp-content\/uploads\/2024\/04\/whatsapp-amy-768x1005.jpg 768w, https:\/\/rmvapesale.com\/wp-content\/uploads\/2024\/04\/whatsapp-amy-600x785.jpg 600w, https:\/\/rmvapesale.com\/wp-content\/uploads\/2024\/04\/whatsapp-amy.jpg 990w\" sizes=\"auto, (max-width: 229px) 100vw, 229px\" \/><\/p>\n<h3><span style=\"color: #ff0000\"><strong>WhatsApp: +86 17776015835<\/strong><\/span><\/h3>","protected":false},"featured_media":1951,"comment_status":"open","ping_status":"closed","template":"","meta":{"_uag_custom_page_level_css":"","_lmt_disableupdate":"no","_lmt_disable":"","site-sidebar-layout":"default","site-content-layout":"content-boxed-container","ast-site-content-layout":"normal-width-container","site-content-style":"boxed","site-sidebar-style":"unboxed","ast-global-header-display":"","ast-banner-title-visibility":"","ast-main-header-display":"","ast-hfb-above-header-display":"","ast-hfb-below-header-display":"","ast-hfb-mobile-header-display":"","site-post-title":"","ast-breadcrumbs-content":"","ast-featured-img":"","footer-sml-layout":"","theme-transparent-header-meta":"default","adv-header-id-meta":"","stick-header-meta":"","header-above-stick-meta":"","header-main-stick-meta":"","header-below-stick-meta":"","astra-migrate-meta-layouts":"set","ast-page-background-enabled":"default","ast-page-background-meta":{"desktop":{"background-color":"var(--ast-global-color-4)","background-image":"","background-repeat":"repeat","background-position":"center center","background-size":"auto","background-attachment":"scroll","background-type":"","background-media":"","overlay-type":"","overlay-color":"","overlay-opacity":"","overlay-gradient":""},"tablet":{"background-color":"","background-image":"","background-repeat":"repeat","background-position":"center center","background-size":"auto","background-attachment":"scroll","background-type":"","background-media":"","overlay-type":"","overlay-color":"","overlay-opacity":"","overlay-gradient":""},"mobile":{"background-color":"","background-image":"","background-repeat":"repeat","background-position":"center center","background-size":"auto","background-attachment":"scroll","background-type":"","background-media":"","overlay-type":"","overlay-color":"","overlay-opacity":"","overlay-gradient":""}},"ast-content-background-meta":{"desktop":{"background-color":"var(--ast-global-color-5)","background-image":"","background-repeat":"repeat","background-position":"center center","background-size":"auto","background-attachment":"scroll","background-type":"","background-media":"","overlay-type":"","overlay-color":"","overlay-opacity":"","overlay-gradient":""},"tablet":{"background-color":"var(--ast-global-color-5)","background-image":"","background-repeat":"repeat","background-position":"center center","background-size":"auto","background-attachment":"scroll","background-type":"","background-media":"","overlay-type":"","overlay-color":"","overlay-opacity":"","overlay-gradient":""},"mobile":{"background-color":"var(--ast-global-color-5)","background-image":"","background-repeat":"repeat","background-position":"center center","background-size":"auto","background-attachment":"scroll","background-type":"","background-media":"","overlay-type":"","overlay-color":"","overlay-opacity":"","overlay-gradient":""}},"_joinchat":[]},"product_brand":[],"product_cat":[25,289,291,292,298,293,295,299,279,253,123,26,28,135,27,60,137,136,15,30],"product_tag":[55,56,57,58,40,41,59,37],"class_list":{"0":"post-1950","1":"product","2":"type-product","3":"status-publish","4":"has-post-thumbnail","6":"product_cat-germany-best-selling-vape","7":"product_cat-big-puffs-disposable-vapes","8":"product_cat-dual-mesh-disposable-vapes","9":"product_cat-digital-disposable-vapes","10":"product_cat-double-flavor-disposable-vapes","11":"product_cat-low-nicotine-disposable-vapes","12":"product_cat-rechargeable-disposable-vapes","13":"product_cat-smart-screen-disposable-vapes","14":"product_cat-bang-king-vape","15":"product_cat-15000-puff-disposable-vape","16":"product_cat-italy-wholesale-vape","17":"product_cat-netherlands-hot-sale-vape","18":"product_cat-poland-hot-sale-vape","19":"product_cat-spain-best-hot-sale-vape","20":"product_cat-fance-hot-sale-vape","21":"product_cat-bang-vapes","22":"product_cat-rechargeable-vapes","23":"product_cat-smart-screen-vapes","24":"product_cat-new-vape-this-week","25":"product_cat-minimum-order-quantity-50pcs","26":"product_tag-buy-vape-pods","27":"product_tag-disposable-vape-wholesale-near-me","28":"product_tag-disposable-vape-wholesale-supplier","29":"product_tag-electric-cigarettes","30":"product_tag-hot-sale-vape","31":"product_tag-original-factory-vape","32":"product_tag-puffs-vape","33":"product_tag-wholesale-vape-price","34":"desktop-align-left","35":"tablet-align-left","36":"mobile-align-left","38":"first","39":"instock","40":"sale","41":"shipping-taxable","42":"purchasable","43":"product-type-simple"},"uagb_featured_image_src":{"full":["https:\/\/rmvapesale.com\/wp-content\/uploads\/2024\/09\/Bang-30000-Disposable-Vape.jpg",800,800,false],"thumbnail":["https:\/\/rmvapesale.com\/wp-content\/uploads\/2024\/09\/Bang-30000-Disposable-Vape-150x150.jpg",150,150,true],"medium":["https:\/\/rmvapesale.com\/wp-content\/uploads\/2024\/09\/Bang-30000-Disposable-Vape-300x300.jpg",300,300,true],"medium_large":["https:\/\/rmvapesale.com\/wp-content\/uploads\/2024\/09\/Bang-30000-Disposable-Vape-768x768.jpg",768,768,true],"large":["https:\/\/rmvapesale.com\/wp-content\/uploads\/2024\/09\/Bang-30000-Disposable-Vape.jpg",800,800,false],"1536x1536":["https:\/\/rmvapesale.com\/wp-content\/uploads\/2024\/09\/Bang-30000-Disposable-Vape.jpg",800,800,false],"2048x2048":["https:\/\/rmvapesale.com\/wp-content\/uploads\/2024\/09\/Bang-30000-Disposable-Vape.jpg",800,800,false],"trp-custom-language-flag":["https:\/\/rmvapesale.com\/wp-content\/uploads\/2024\/09\/Bang-30000-Disposable-Vape.jpg",12,12,false],"woocommerce_thumbnail":["https:\/\/rmvapesale.com\/wp-content\/uploads\/2024\/09\/Bang-30000-Disposable-Vape-300x300.jpg",300,300,true],"woocommerce_single":["https:\/\/rmvapesale.com\/wp-content\/uploads\/2024\/09\/Bang-30000-Disposable-Vape-600x600.jpg",600,600,true],"woocommerce_gallery_thumbnail":["https:\/\/rmvapesale.com\/wp-content\/uploads\/2024\/09\/Bang-30000-Disposable-Vape-100x100.jpg",100,100,true],"wcpr-photo-reviews":["https:\/\/rmvapesale.com\/wp-content\/uploads\/2024\/09\/Bang-30000-Disposable-Vape.jpg",500,500,false]},"uagb_author_info":{"display_name":"AMY","author_link":"https:\/\/rmvapesale.com\/hu\/author\/"},"uagb_comment_info":0,"uagb_excerpt":"Bang 30000 30k Puffs Double Taste Disposable Vape Wholesale Price ORIGINAL Bang 30000 Puffs Disposable Vape Factory Wholesale in Stock BANG 30000 double flavor 30K Disposable Vape Discount Price Contact Amy For More Discount And Lower MOQ Vape WhatsApp: +86 17776015835","_links":{"self":[{"href":"https:\/\/rmvapesale.com\/hu\/wp-json\/wp\/v2\/product\/1950","targetHints":{"allow":["GET"]}}],"collection":[{"href":"https:\/\/rmvapesale.com\/hu\/wp-json\/wp\/v2\/product"}],"about":[{"href":"https:\/\/rmvapesale.com\/hu\/wp-json\/wp\/v2\/types\/product"}],"replies":[{"embeddable":true,"href":"https:\/\/rmvapesale.com\/hu\/wp-json\/wp\/v2\/comments?post=1950"}],"wp:featuredmedia":[{"embeddable":true,"href":"https:\/\/rmvapesale.com\/hu\/wp-json\/wp\/v2\/media\/1951"}],"wp:attachment":[{"href":"https:\/\/rmvapesale.com\/hu\/wp-json\/wp\/v2\/media?parent=1950"}],"wp:term":[{"taxonomy":"product_brand","embeddable":true,"href":"https:\/\/rmvapesale.com\/hu\/wp-json\/wp\/v2\/product_brand?post=1950"},{"taxonomy":"product_cat","embeddable":true,"href":"https:\/\/rmvapesale.com\/hu\/wp-json\/wp\/v2\/product_cat?post=1950"},{"taxonomy":"product_tag","embeddable":true,"href":"https:\/\/rmvapesale.com\/hu\/wp-json\/wp\/v2\/product_tag?post=1950"}],"curies":[{"name":"wp","href":"https:\/\/api.w.org\/{rel}","templated":true}]}}