{"id":1962,"date":"2024-09-10T02:25:58","date_gmt":"2024-09-10T02:25:58","guid":{"rendered":"https:\/\/rmvapesale.com\/?post_type=product&#038;p=1962"},"modified":"2025-01-20T03:45:42","modified_gmt":"2025-01-20T03:45:42","slug":"bang-beach-22000-puffs-smart-screen-vapes-factory-price","status":"publish","type":"product","link":"https:\/\/rmvapesale.com\/hu\/product\/bang-beach-22000-puffs-smart-screen-vapes-factory-price\/","title":{"rendered":"Bang Beach 22000 slukks intelligens kijelz\u0151s vape-ek gy\u00e1ri \u00e1ron"},"content":{"rendered":"<h1>Bang Beach 22000 slukks intelligens kijelz\u0151s vape-ek gy\u00e1ri \u00e1ron<\/h1>\n<p>Bemutatjuk a Bang Beach 22000 Puffs Okos K\u00e9perny\u0151s Vape-et, amelyet a kiv\u00e1l\u00f3abb vaping \u00e9lm\u00e9ny \u00e9rdek\u00e9ben terveztek.<\/p>\n<p>Ez az egyszer haszn\u00e1latos vape toll ak\u00e1r 22 000 sz\u00edv\u00e1st k\u00edn\u00e1l, k\u00f6sz\u00f6nhet\u0151en a nagy, 36 ml-es el\u0151re t\u00f6lt\u00f6tt e-liquid patronnak, \u00edgy nem sz\u00fcks\u00e9ges gyakori \u00fajrat\u00f6lt\u00e9s.<\/p>\n<p>Szem\u00e9lyre szabhatod nikotinszintedet az 0%, 2%, 3% \u00e9s 5% opci\u00f3kkal, hogy megfeleljen szem\u00e9lyes preferenci\u00e1idnak. Fokozd vaping \u00e9lm\u00e9nyedet az 1.0 Mesh Tekercs \u00e9s \u00e1ll\u00edthat\u00f3 l\u00e9g\u00e1raml\u00e1s seg\u00edts\u00e9g\u00e9vel, amelyek lehet\u0151v\u00e9 teszik az \u00edz \u00e9s a g\u0151zk\u00e9pz\u00e9s testreszab\u00e1s\u00e1t.<\/p>\n<p>A vape toll er\u0151s, 850mAh-s \u00fajrat\u00f6lthet\u0151 akkumul\u00e1torral \u00e9s Type-C t\u00f6lt\u0151csatlakoz\u00f3val rendelkezik, biztos\u00edtva a gyors \u00e9s k\u00f6nny\u0171 \u00fajrat\u00f6lt\u00e9st. Maradj naprak\u00e9sz a be\u00e9p\u00edtett LED kijelz\u0151vel, amely val\u00f3s idej\u0171 akkumul\u00e1tor- \u00e9s haszn\u00e1lati inform\u00e1ci\u00f3kat mutat. V\u00e1lassz 12 \u00edz k\u00f6z\u00fcl, hogy megtal\u00e1ld a sz\u00e1modra t\u00f6k\u00e9letes \u00edzt.<\/p>\n<p>Tapasztald meg a k\u00e9nyelmet \u00e9s a pr\u00e9mium min\u0151s\u00e9get az eredeti Bang Beach 22000 Puffs Okos K\u00e9perny\u0151s Vape ma.<\/p>\n<p><strong>L\u00e9pjen kapcsolatba Amy-vel, hogy azonnali v\u00e1laszt \u00e9s m\u00e9g t\u00f6bb kedvezm\u00e9nyt kapjon!<\/strong><\/p>\n<p><img loading=\"lazy\" decoding=\"async\" class=\"size-medium wp-image-1814\" src=\"https:\/\/rmvapesale.com\/wp-content\/uploads\/2024\/04\/whatsapp-amy-229x300.jpg\" alt=\"whatsapp amy\" width=\"229\" height=\"300\" srcset=\"https:\/\/rmvapesale.com\/wp-content\/uploads\/2024\/04\/whatsapp-amy-229x300.jpg 229w, https:\/\/rmvapesale.com\/wp-content\/uploads\/2024\/04\/whatsapp-amy-783x1024.jpg 783w, https:\/\/rmvapesale.com\/wp-content\/uploads\/2024\/04\/whatsapp-amy-768x1005.jpg 768w, https:\/\/rmvapesale.com\/wp-content\/uploads\/2024\/04\/whatsapp-amy-600x785.jpg 600w, https:\/\/rmvapesale.com\/wp-content\/uploads\/2024\/04\/whatsapp-amy.jpg 990w\" sizes=\"auto, (max-width: 229px) 100vw, 229px\" \/><\/p>\n<h3><span style=\"color: #ff0000\"><strong>WhatsApp: +86 17776015835<\/strong><\/span><\/h3>\n<p>&nbsp;<\/p>\n<h2><strong>Bang Beach 22000 F\u0151bb Jellemz\u0151k<\/strong><\/h2>\n<p>Nikotin:0% 2% 3% 5%<br \/>\nSlukk:22000<br \/>\nKapacit\u00e1s: 36ml<br \/>\n12 \u00edzben kaphat\u00f3<br \/>\n850mah \u00dajrat\u00f6lthet\u0151<br \/>\nOkos k\u00e9perny\u0151<br \/>\nH\u00e1l\u00f3s Tekercs<\/p>\n<h2><strong>Mi a legjobb \u00edz a Bang Beach 22000 Puffs sz\u00e1m\u00e1ra<\/strong><strong>?<\/strong><\/h2>\n<p>Ez a Bang Vape 20000 Puffs Okos K\u00e9perny\u0151s Vape \u00f6sszesen 12 el\u00e9rhet\u0151 \u00edzt k\u00edn\u00e1l v\u00e1laszt\u00e1sra, van valami, ami a legjobb az \u00d6n sz\u00e1m\u00e1ra.<\/p>\n<p>1.\u0150szibarack J\u00e9g<br \/>\n2.\u0150szibarack Mang\u00f3<br \/>\n3.Vegyes Bogy\u00f3s Gy\u00fcm\u00f6lcs\u00f6k<br \/>\n4.R\u00f3zsasz\u00edn Limon\u00e1d\u00e9<br \/>\n5.Eper G\u00f6r\u00f6gdinnye<br \/>\n6. G\u00f6r\u00f6gdinnye J\u00e9g<br \/>\n7. Sz\u0151l\u0151 J\u00e9g<br \/>\n8.Vimto<br \/>\n9. Eper J\u00e9g<br \/>\n10.Cseresznye<br \/>\n11.\u00c1fonya M\u00e1lna<br \/>\n12. Savany\u00fa Alma<\/p>\n<h2><strong>K\u00e9rd\u00e9sek, amiket \u00e9rdemes tudni a Bang Beach 22k Puffs-r\u00f3l<\/strong><\/h2>\n<p>&nbsp;<\/p>\n<p><strong>1. H\u00e1ny sz\u00edv\u00e1st v\u00e1rhatok a Bang Beach 22k Puffs-t\u00f3l?<\/strong><\/p>\n<p>A Bang Beach 22k Puffs leny\u0171g\u00f6z\u0151 22000 sz\u00edv\u00e1st k\u00edn\u00e1l (tesztk\u00f6rnyezetben), hosszabb haszn\u00e1latot \u00e9s tart\u00f3s el\u00e9gedetts\u00e9get biztos\u00edtva.<\/p>\n<p><strong>2. Milyen nikotinszintet k\u00edn\u00e1l a Bang Beach 22k Puffs?<\/strong><\/p>\n<p>A Bang Beach 22k Puffs el\u0151re t\u00f6lt\u00f6tt e-liquiddel \u00e9rkezik, 0%, 2%, 3%, 5% nikotinszintekkel, kiegyens\u00falyozott vaping \u00e9lm\u00e9nyt ny\u00fajtva.<\/p>\n<p><strong>3. Hogyan fokozza a Mesh Coil technol\u00f3gia a vaping \u00e9lm\u00e9nyt?<\/strong><\/p>\n<p>A Bang King Vape 20000 Puffs Smart Screen Vapes-be integr\u00e1lt Mesh Coil technol\u00f3gia alacsony ellen\u00e1ll\u00e1s\u00fa, 0,8 ohmos tekercset tartalmaz. Ez a kialak\u00edt\u00e1s maximaliz\u00e1lja a f\u0171t\u0151fel\u00fcletet, ami sim\u00e1bb slukkot \u00e9s fokozott g\u0151ztermel\u00e9st eredm\u00e9nyez. A technol\u00f3gia garant\u00e1lja az e-liquid egyenletes \u00e9s k\u00f6vetkezetes felmeleg\u00edt\u00e9s\u00e9t, kiv\u00e1l\u00f3 \u00edz\u00e9lm\u00e9nyt biztos\u00edtva.<\/p>\n<p><strong>4. Hol v\u00e1s\u00e1rolhatom meg az eredeti Bang Beach 22k Puffs-t?<\/strong><\/p>\n<p>A Bang Beach 22k Puffs Eredeti term\u00e9k hivatalos forgalmaz\u00f3kon kereszt\u00fcl v\u00e1s\u00e1rolhat\u00f3 meg. Nagykereskedelmi megkeres\u00e9sek eset\u00e9n a forgalmaz\u00f3k <a href=\"https:\/\/wa.me\/8617776015835\" target=\"_blank\" rel=\"noopener\">Kapcsolat<\/a> k\u00f6zvetlen\u00fcl. A lakoss\u00e1gi \u00fcgyfelek a term\u00e9ket kiv\u00e1lasztott kiskeresked\u0151kn\u00e9l vagy online \u00e1ruh\u00e1zakban tal\u00e1lhatj\u00e1k meg. \u00dczlet\u00fcnkben minden term\u00e9k 100% eredeti \u00e9s hiteles, a hamis \u00e1ruk\u00e9rt t\u00edzszeres k\u00e1rt\u00e9r\u00edt\u00e9s a boltunk szab\u00e1lyzata.<\/p>\n<p>&nbsp;<\/p>\n<p><strong>Sz\u00e1ll\u00edt\u00e1si r\u00e9szletek:<\/strong><\/p>\n<div class=\"flex-shrink-0 flex flex-col relative items-end\">\n<div>\n<div class=\"pt-0\">\n<div class=\"gizmo-bot-avatar flex h-8 w-8 items-center justify-center overflow-hidden rounded-full\">\n<div class=\"relative p-1 rounded-sm flex items-center justify-center bg-token-main-surface-primary text-token-text-primary h-8 w-8\"><strong>Milyen sz\u00e1ll\u00edt\u00e1si m\u00f3dokat haszn\u00e1lnak?<\/strong><\/div>\n<\/div>\n<\/div>\n<\/div>\n<\/div>\n<div class=\"group\/conversation-turn relative flex w-full min-w-0 flex-col agent-turn\">\n<div class=\"flex-col gap-1 md:gap-3\">\n<div class=\"flex max-w-full flex-col flex-grow\">\n<div class=\"min-h-[20px] text-message flex w-full flex-col items-end gap-2 whitespace-normal break-words [.text-message+&amp;]:mt-5 overflow-x-auto\" dir=\"auto\" data-message-author-role=\"assistant\" data-message-id=\"22f8283b-3233-46ff-89a5-c7a41b33abda\">\n<div class=\"flex w-full flex-col gap-1 empty:hidden first:pt-[3px]\">\n<div class=\"markdown prose w-full break-words dark:prose-invert light\">\n<p>Partnerei vagyunk a UPS, DHL, FedEx, DPD \u00e9s m\u00e1s vezet\u0151 fuvaroz\u00f3knak. A legjobb sz\u00e1ll\u00edt\u00e1si m\u00f3dot fogjuk kiv\u00e1lasztani a sz\u00e1ll\u00edt\u00e1si helysz\u00edne alapj\u00e1n, hogy a lehet\u0151 leggyorsabban megkapja a term\u00e9keit.<\/p>\n<\/div>\n<p><strong>Mennyi id\u0151 alatt \u00e9rkezik meg?<\/strong><\/p>\n<p>A csomagok \u00e1ltal\u00e1ban 10 munkanapon bel\u00fcl meg\u00e9rkeznek Magyarorsz\u00e1gra. Az eur\u00f3pai orsz\u00e1gokba t\u00f6rt\u00e9n\u0151 sz\u00e1ll\u00edt\u00e1s \u00e1ltal\u00e1ban 12-15 munkanapot vesz ig\u00e9nybe. Folyamatosan t\u00e1j\u00e9koztatjuk a sz\u00e1ll\u00edt\u00e1si st\u00e1tuszr\u00f3l.<\/p>\n<p>&nbsp;<\/p>\n<\/div>\n<\/div>\n<\/div>\n<\/div>\n<\/div>\n<p>Tal\u00e1lja meg a tov\u00e1bbi vape term\u00e9keket, amelyek tetszhetnek \u00d6nnek:<em><a href=\"https:\/\/rmvapesale.com\/hu\/shop-2\/\">V\u00e1s\u00e1roljon most\u00a0<\/a><\/em><\/p>\n<p>Egy\u00e9b n\u00e9pszer\u0171 vape term\u00e9kek, amelyek tetszhetnek:<\/p>\n<p><a href=\"https:\/\/rmvapesale.com\/hu\/product\/randm-vape-al-fakher-10000-puffs-vape-wholesale\/\">randm vape AI FAKHER 15k vape<\/a><\/p>\n<p><a href=\"https:\/\/rmvapesale.com\/hu\/product\/original-randm-tornado-9000-puffs-disposable-vape-factory-price\/\">RandM Tornado 9000<\/a><\/p>\n<p><a href=\"https:\/\/rmvapesale.com\/hu\/product\/bang-30k-puffs-disposable-vape-double-taste-wholesale-italy\/\">Bang 30k slukk<\/a><\/p>","protected":false},"excerpt":{"rendered":"<p>Bang Beach 22000 Puffs LED Kijelz\u0151 Kiad\u00e1s Vape Nagybani \u00c1r<br \/>\nBang Beach 22000 slukks intelligens kijelz\u0151s vape-ek gy\u00e1ri \u00e1ron<br \/>\nBang Beach 22000 20k Puffs E-Cigaretta Nagybani V\u00e1s\u00e1rl\u00e1s<\/p>\n<p><strong>Tov\u00e1bbi kedvezm\u00e9ny\u00e9rt \u00e9s alacsonyabb minim\u00e1lis rendel\u00e9si mennyis\u00e9g\u00e9rt l\u00e9pjen kapcsolatba Amy-vel<\/strong><\/p>\n<p><img loading=\"lazy\" decoding=\"async\" class=\"size-medium wp-image-1814\" src=\"https:\/\/rmvapesale.com\/wp-content\/uploads\/2024\/04\/whatsapp-amy-229x300.jpg\" alt=\"whatsapp amy\" width=\"229\" height=\"300\" srcset=\"https:\/\/rmvapesale.com\/wp-content\/uploads\/2024\/04\/whatsapp-amy-229x300.jpg 229w, https:\/\/rmvapesale.com\/wp-content\/uploads\/2024\/04\/whatsapp-amy-783x1024.jpg 783w, https:\/\/rmvapesale.com\/wp-content\/uploads\/2024\/04\/whatsapp-amy-768x1005.jpg 768w, https:\/\/rmvapesale.com\/wp-content\/uploads\/2024\/04\/whatsapp-amy-600x785.jpg 600w, https:\/\/rmvapesale.com\/wp-content\/uploads\/2024\/04\/whatsapp-amy.jpg 990w\" sizes=\"auto, (max-width: 229px) 100vw, 229px\" \/><\/p>\n<h3><span style=\"color: #ff0000\"><strong>WhatsApp: +86 17776015835<\/strong><\/span><\/h3>","protected":false},"featured_media":1957,"comment_status":"open","ping_status":"closed","template":"","meta":{"_uag_custom_page_level_css":"","_lmt_disableupdate":"no","_lmt_disable":"","site-sidebar-layout":"default","site-content-layout":"content-boxed-container","ast-site-content-layout":"normal-width-container","site-content-style":"boxed","site-sidebar-style":"unboxed","ast-global-header-display":"","ast-banner-title-visibility":"","ast-main-header-display":"","ast-hfb-above-header-display":"","ast-hfb-below-header-display":"","ast-hfb-mobile-header-display":"","site-post-title":"","ast-breadcrumbs-content":"","ast-featured-img":"","footer-sml-layout":"","theme-transparent-header-meta":"default","adv-header-id-meta":"","stick-header-meta":"","header-above-stick-meta":"","header-main-stick-meta":"","header-below-stick-meta":"","astra-migrate-meta-layouts":"set","ast-page-background-enabled":"default","ast-page-background-meta":{"desktop":{"background-color":"var(--ast-global-color-4)","background-image":"","background-repeat":"repeat","background-position":"center center","background-size":"auto","background-attachment":"scroll","background-type":"","background-media":"","overlay-type":"","overlay-color":"","overlay-opacity":"","overlay-gradient":""},"tablet":{"background-color":"","background-image":"","background-repeat":"repeat","background-position":"center center","background-size":"auto","background-attachment":"scroll","background-type":"","background-media":"","overlay-type":"","overlay-color":"","overlay-opacity":"","overlay-gradient":""},"mobile":{"background-color":"","background-image":"","background-repeat":"repeat","background-position":"center center","background-size":"auto","background-attachment":"scroll","background-type":"","background-media":"","overlay-type":"","overlay-color":"","overlay-opacity":"","overlay-gradient":""}},"ast-content-background-meta":{"desktop":{"background-color":"var(--ast-global-color-5)","background-image":"","background-repeat":"repeat","background-position":"center center","background-size":"auto","background-attachment":"scroll","background-type":"","background-media":"","overlay-type":"","overlay-color":"","overlay-opacity":"","overlay-gradient":""},"tablet":{"background-color":"var(--ast-global-color-5)","background-image":"","background-repeat":"repeat","background-position":"center center","background-size":"auto","background-attachment":"scroll","background-type":"","background-media":"","overlay-type":"","overlay-color":"","overlay-opacity":"","overlay-gradient":""},"mobile":{"background-color":"var(--ast-global-color-5)","background-image":"","background-repeat":"repeat","background-position":"center center","background-size":"auto","background-attachment":"scroll","background-type":"","background-media":"","overlay-type":"","overlay-color":"","overlay-opacity":"","overlay-gradient":""}},"_joinchat":[]},"product_brand":[],"product_cat":[25,289,291,292,298,293,295,299,273,279,123,26,28,135,27,60,137,136,15,30],"product_tag":[187,55,56,57,58,40,41,59,37],"class_list":{"0":"post-1962","1":"product","2":"type-product","3":"status-publish","4":"has-post-thumbnail","6":"product_cat-germany-best-selling-vape","7":"product_cat-big-puffs-disposable-vapes","8":"product_cat-dual-mesh-disposable-vapes","9":"product_cat-digital-disposable-vapes","10":"product_cat-double-flavor-disposable-vapes","11":"product_cat-low-nicotine-disposable-vapes","12":"product_cat-rechargeable-disposable-vapes","13":"product_cat-smart-screen-disposable-vapes","14":"product_cat-bang-box-vape","15":"product_cat-bang-king-vape","16":"product_cat-italy-wholesale-vape","17":"product_cat-netherlands-hot-sale-vape","18":"product_cat-poland-hot-sale-vape","19":"product_cat-spain-best-hot-sale-vape","20":"product_cat-fance-hot-sale-vape","21":"product_cat-bang-vapes","22":"product_cat-rechargeable-vapes","23":"product_cat-smart-screen-vapes","24":"product_cat-new-vape-this-week","25":"product_cat-minimum-order-quantity-50pcs","26":"product_tag-bang-box-vape","27":"product_tag-buy-vape-pods","28":"product_tag-disposable-vape-wholesale-near-me","29":"product_tag-disposable-vape-wholesale-supplier","30":"product_tag-electric-cigarettes","31":"product_tag-hot-sale-vape","32":"product_tag-original-factory-vape","33":"product_tag-puffs-vape","34":"product_tag-wholesale-vape-price","35":"desktop-align-left","36":"tablet-align-left","37":"mobile-align-left","39":"first","40":"instock","41":"sale","42":"shipping-taxable","43":"purchasable","44":"product-type-simple"},"uagb_featured_image_src":{"full":["https:\/\/rmvapesale.com\/wp-content\/uploads\/2024\/09\/Bang-Beach-22000-Disposable.jpg",800,600,false],"thumbnail":["https:\/\/rmvapesale.com\/wp-content\/uploads\/2024\/09\/Bang-Beach-22000-Disposable-150x150.jpg",150,150,true],"medium":["https:\/\/rmvapesale.com\/wp-content\/uploads\/2024\/09\/Bang-Beach-22000-Disposable-300x225.jpg",300,225,true],"medium_large":["https:\/\/rmvapesale.com\/wp-content\/uploads\/2024\/09\/Bang-Beach-22000-Disposable-768x576.jpg",768,576,true],"large":["https:\/\/rmvapesale.com\/wp-content\/uploads\/2024\/09\/Bang-Beach-22000-Disposable.jpg",800,600,false],"1536x1536":["https:\/\/rmvapesale.com\/wp-content\/uploads\/2024\/09\/Bang-Beach-22000-Disposable.jpg",800,600,false],"2048x2048":["https:\/\/rmvapesale.com\/wp-content\/uploads\/2024\/09\/Bang-Beach-22000-Disposable.jpg",800,600,false],"trp-custom-language-flag":["https:\/\/rmvapesale.com\/wp-content\/uploads\/2024\/09\/Bang-Beach-22000-Disposable.jpg",16,12,false],"woocommerce_thumbnail":["https:\/\/rmvapesale.com\/wp-content\/uploads\/2024\/09\/Bang-Beach-22000-Disposable-300x300.jpg",300,300,true],"woocommerce_single":["https:\/\/rmvapesale.com\/wp-content\/uploads\/2024\/09\/Bang-Beach-22000-Disposable-600x450.jpg",600,450,true],"woocommerce_gallery_thumbnail":["https:\/\/rmvapesale.com\/wp-content\/uploads\/2024\/09\/Bang-Beach-22000-Disposable-100x100.jpg",100,100,true],"wcpr-photo-reviews":["https:\/\/rmvapesale.com\/wp-content\/uploads\/2024\/09\/Bang-Beach-22000-Disposable.jpg",500,375,false]},"uagb_author_info":{"display_name":"AMY","author_link":"https:\/\/rmvapesale.com\/hu\/author\/"},"uagb_comment_info":0,"uagb_excerpt":"Bang Beach 22000 Puffs LED Display Edition Vape Wholesale Price Bang Beach 22000 Puffs Smart Screen Vapes Factory Price Bang Beach 22000 20k Puffs E Cigarettes Bulk Buy Contact Amy For More Discount And Lower MOQ Vape WhatsApp: +86 17776015835","_links":{"self":[{"href":"https:\/\/rmvapesale.com\/hu\/wp-json\/wp\/v2\/product\/1962","targetHints":{"allow":["GET"]}}],"collection":[{"href":"https:\/\/rmvapesale.com\/hu\/wp-json\/wp\/v2\/product"}],"about":[{"href":"https:\/\/rmvapesale.com\/hu\/wp-json\/wp\/v2\/types\/product"}],"replies":[{"embeddable":true,"href":"https:\/\/rmvapesale.com\/hu\/wp-json\/wp\/v2\/comments?post=1962"}],"wp:featuredmedia":[{"embeddable":true,"href":"https:\/\/rmvapesale.com\/hu\/wp-json\/wp\/v2\/media\/1957"}],"wp:attachment":[{"href":"https:\/\/rmvapesale.com\/hu\/wp-json\/wp\/v2\/media?parent=1962"}],"wp:term":[{"taxonomy":"product_brand","embeddable":true,"href":"https:\/\/rmvapesale.com\/hu\/wp-json\/wp\/v2\/product_brand?post=1962"},{"taxonomy":"product_cat","embeddable":true,"href":"https:\/\/rmvapesale.com\/hu\/wp-json\/wp\/v2\/product_cat?post=1962"},{"taxonomy":"product_tag","embeddable":true,"href":"https:\/\/rmvapesale.com\/hu\/wp-json\/wp\/v2\/product_tag?post=1962"}],"curies":[{"name":"wp","href":"https:\/\/api.w.org\/{rel}","templated":true}]}}