{"id":1963,"date":"2024-09-11T02:04:13","date_gmt":"2024-09-11T02:04:13","guid":{"rendered":"https:\/\/rmvapesale.com\/?post_type=product&#038;p=1963"},"modified":"2025-01-20T03:46:36","modified_gmt":"2025-01-20T03:46:36","slug":"fihp-shisha-hookah-15000-pro-disposable-vape-wholesale","status":"publish","type":"product","link":"https:\/\/rmvapesale.com\/hu\/product\/fihp-shisha-hookah-15000-pro-disposable-vape-wholesale\/","title":{"rendered":"FIHP Shisha Hookah 15000 Pro Eldobhat\u00f3 Vape Nagykeresked\u00e9s"},"content":{"rendered":"<h1>FIHP Shisha V\u00edzipipa 15000 Eldobhat\u00f3 Vape Nagykereskedelem<\/h1>\n<p>Fokozza a vaping \u00e9lm\u00e9ny\u00e9t a FIHP Shisha V\u00edzipipa 15000 Pro Eldobhat\u00f3 Vape-vel. A leny\u0171g\u00f6z\u0151 15000 puff sz\u00e1m\u00e1val ez az eszk\u00f6z hosszan tart\u00f3 \u00e9s kiel\u00e9g\u00edt\u0151 vape-et biztos\u00edt an\u00e9lk\u00fcl, hogy gyakori cser\u00e9re lenne sz\u00fcks\u00e9g.<\/p>\n<p>A korszer\u0171, 0,6 ohmos ellen\u00e1ll\u00e1s\u00fa mesh tekerccsel felszerelt FIHP Shisha 15000 kiv\u00e9teles \u00edzt \u00e9s sima, egyenletes vaping \u00e9lm\u00e9nyt ny\u00fajt. El\u0151re van t\u00f6ltve 22 ml pr\u00e9mium e-liquiddel, amelyet szak\u00e9rt\u0151 m\u00f3don kevertek, hogy gazdag \u00e9s \u00e9l\u00e9nk \u00edzeket k\u00edn\u00e1ljon, amelyek miatt \u00fajra \u00e9s \u00fajra visszat\u00e9r.<\/p>\n<p>A szer\u00e9ny, 6 mg-os nikotintartalommal ez a vape sima, l\u00e1gy \u00fct\u00e9st biztos\u00edt. A robusztus, 650 mAh-s akkumul\u00e1tor hosszabb haszn\u00e1latot tesz lehet\u0151v\u00e9 a t\u00f6lt\u00e9sek k\u00f6z\u00f6tt, a Type-C port pedig gyors \u00e9s k\u00e9nyelmes \u00fajrat\u00f6lt\u00e9st tesz lehet\u0151v\u00e9.<\/p>\n<p>Ezenk\u00edv\u00fcl az eszk\u00f6z LED-kijelz\u0151vel rendelkezik, amely t\u00e1j\u00e9koztatja az akkumul\u00e1tor \u00e9lettartam\u00e1r\u00f3l \u00e9s a haszn\u00e1latr\u00f3l. L\u00e9pjen a vaping k\u00f6vetkez\u0151 szintj\u00e9re a FFIHP 15 000 Puffs Vape-vel, \u00e9s \u00e9lvezze a hossz\u00fa \u00e9lettartam, az \u00edz \u00e9s a k\u00e9nyelem kever\u00e9k\u00e9t.<\/p>\n<p>Rendeljen \u00f6mlesztve, hogy \u00e9lvezze a FIHP Shisha V\u00edzipipa 15000 legjobb nagykereskedelmi \u00e1r\u00e1t gyors sz\u00e1ll\u00edt\u00e1ssal.<\/p>\n<p><strong>L\u00e9pjen kapcsolatba Amy-vel, hogy azonnali v\u00e1laszt \u00e9s m\u00e9g t\u00f6bb kedvezm\u00e9nyt kapjon!<\/strong><\/p>\n<p><img loading=\"lazy\" decoding=\"async\" class=\"size-medium wp-image-1814\" src=\"https:\/\/rmvapesale.com\/wp-content\/uploads\/2024\/04\/whatsapp-amy-229x300.jpg\" alt=\"whatsapp amy\" width=\"229\" height=\"300\" srcset=\"https:\/\/rmvapesale.com\/wp-content\/uploads\/2024\/04\/whatsapp-amy-229x300.jpg 229w, https:\/\/rmvapesale.com\/wp-content\/uploads\/2024\/04\/whatsapp-amy-783x1024.jpg 783w, https:\/\/rmvapesale.com\/wp-content\/uploads\/2024\/04\/whatsapp-amy-768x1005.jpg 768w, https:\/\/rmvapesale.com\/wp-content\/uploads\/2024\/04\/whatsapp-amy-600x785.jpg 600w, https:\/\/rmvapesale.com\/wp-content\/uploads\/2024\/04\/whatsapp-amy.jpg 990w\" sizes=\"auto, (max-width: 229px) 100vw, 229px\" \/><\/p>\n<h3><span style=\"color: #ff0000\"><strong>WhatsApp: +86 17776015835<\/strong><\/span><\/h3>\n<p>&nbsp;<\/p>\n<h2><strong>FIHP 15000 Puffs Shisha Jellemz\u0151k<\/strong><\/h2>\n<p>Nikotin: 6%<br \/>\nSlukkok: 15000<br \/>\nKapacit\u00e1s: 22ml<br \/>\n650 mAh akkumul\u00e1tor (Type-C \u00fajrat\u00f6lthet\u0151)<br \/>\nOkos k\u00e9perny\u0151<br \/>\nH\u00e1l\u00f3s Tekercs<\/p>\n<h2><strong>Melyik a legjobb \u00edz a FIHP Shisha V\u00edzipipa 15000 Puffs-hoz?<\/strong><strong>?<\/strong><\/h2>\n<p>Ez a FIHP Shisha V\u00edzipipa 15000 Puffs Smart Screen Vape \u00f6sszesen 10 el\u00e9rhet\u0151 \u00edzt k\u00edn\u00e1l az \u00d6n v\u00e1laszt\u00e1sa szerint, biztosan van valami, ami a legjobb az \u00d6n sz\u00e1m\u00e1ra.<\/p>\n<p>1. G\u00f6r\u00f6gdinnye j\u00e9g<br \/>\n2. Sz\u0151l\u0151 j\u00e9g<br \/>\n3. \u00c1fonya m\u00e1lna<br \/>\n4. Eperkivi<br \/>\n5. Vegyes bogy\u00f3k<br \/>\n6. Eper G\u00f6r\u00f6gdinnye<br \/>\n7. G\u00f6r\u00f6gdinnye R\u00e1g\u00f3gumi<br \/>\n8. Barackos Mang\u00f3 Anan\u00e1sz<br \/>\n9. Kiwi Maracuja Guava<br \/>\n10. Eper M\u00e1lna Cseresznye<\/p>\n<h2><strong>K\u00e9rd\u00e9sek, amelyeket \u00e9rdemes tudni a FIHP Shisha Hookah 15k Pro Puffs-r\u00f3l<\/strong><\/h2>\n<p>&nbsp;<\/p>\n<h3><strong>1. H\u00e1ny slukk v\u00e1rhat\u00f3 a FIHP Shisha Hookah 15k Puffs-t\u00f3l?<\/strong><\/h3>\n<p>A FIHP Shisha Hookah 15k Puffs leny\u0171g\u00f6z\u0151 15000 slukkot k\u00edn\u00e1l (tesztk\u00f6rnyezetben), amely hosszan tart\u00f3 haszn\u00e1latot \u00e9s tart\u00f3s el\u00e9gedetts\u00e9get biztos\u00edt.<\/p>\n<h3><strong>2. Milyen nikotiner\u0151ss\u00e9get k\u00edn\u00e1l a FIHP Shisha Hookah 15k Puffs?<\/strong><\/h3>\n<p>A FIHP Shisha Hookah 15k Puffs el\u0151re van t\u00f6ltve e-liquiddel 6% nikotiner\u0151ss\u00e9ggel, kiegyens\u00falyozott vaping \u00e9lm\u00e9nyt ny\u00fajtva.<\/p>\n<h3><strong>3. Hogyan fokozza a Mesh Coil technol\u00f3gia a vaping \u00e9lm\u00e9nyt?<\/strong><\/h3>\n<p>A Mesh Coil technol\u00f3gia a FIHP Shisha Hookah 15k Smart Screen Vapes-be van integr\u00e1lva, alacsony ellen\u00e1ll\u00e1s\u00fa, 0,6 ohmos tekerccsel. Ez a kialak\u00edt\u00e1s maximaliz\u00e1lja a f\u0171t\u0151fel\u00fcletet, ami sim\u00e1bb sz\u00edv\u00e1st \u00e9s fokozottabb g\u0151zk\u00e9pz\u0151d\u00e9st eredm\u00e9nyez. A technol\u00f3gia garant\u00e1lja az e-liquid egyenletes \u00e9s k\u00f6vetkezetes felmeleged\u00e9s\u00e9t, kiv\u00e1l\u00f3 \u00edz\u00e9lm\u00e9nyt ny\u00fajtva.<\/p>\n<h3><strong>4. Hol v\u00e1s\u00e1rolhatom meg az eredeti FIHP Shisha Hookah 15k Puffs-ot?<\/strong><\/h3>\n<p>A FIHP Shisha Hookah 15k Puffs Genuine a hivatalos forgalmaz\u00f3kon kereszt\u00fcl v\u00e1s\u00e1rolhat\u00f3 meg. Nagykereskedelmi \u00e9rdekl\u0151d\u00e9s eset\u00e9n a forgalmaz\u00f3k <a href=\"https:\/\/wa.me\/8617776015835\" target=\"_blank\" rel=\"noopener\">Kapcsolat<\/a> k\u00f6zvetlen\u00fcl. A lakoss\u00e1gi \u00fcgyfelek a term\u00e9ket kiv\u00e1lasztott kiskeresked\u0151kn\u00e9l vagy online \u00e1ruh\u00e1zakban tal\u00e1lhatj\u00e1k meg. \u00dczlet\u00fcnkben minden term\u00e9k 100% eredeti \u00e9s hiteles, a hamis \u00e1ruk\u00e9rt t\u00edzszeres k\u00e1rt\u00e9r\u00edt\u00e9s a boltunk szab\u00e1lyzata.<\/p>\n<p>&nbsp;<\/p>\n<p><strong>Sz\u00e1ll\u00edt\u00e1si r\u00e9szletek:<\/strong><\/p>\n<div class=\"flex-shrink-0 flex flex-col relative items-end\">\n<div>\n<div class=\"pt-0\">\n<div class=\"gizmo-bot-avatar flex h-8 w-8 items-center justify-center overflow-hidden rounded-full\">\n<div class=\"relative p-1 rounded-sm flex items-center justify-center bg-token-main-surface-primary text-token-text-primary h-8 w-8\"><strong>Milyen sz\u00e1ll\u00edt\u00e1si m\u00f3dokat haszn\u00e1lnak?<\/strong><\/div>\n<\/div>\n<\/div>\n<\/div>\n<\/div>\n<div class=\"group\/conversation-turn relative flex w-full min-w-0 flex-col agent-turn\">\n<div class=\"flex-col gap-1 md:gap-3\">\n<div class=\"flex max-w-full flex-col flex-grow\">\n<div class=\"min-h-[20px] text-message flex w-full flex-col items-end gap-2 whitespace-normal break-words [.text-message+&amp;]:mt-5 overflow-x-auto\" dir=\"auto\" data-message-author-role=\"assistant\" data-message-id=\"22f8283b-3233-46ff-89a5-c7a41b33abda\">\n<div class=\"flex w-full flex-col gap-1 empty:hidden first:pt-[3px]\">\n<div class=\"markdown prose w-full break-words dark:prose-invert light\">\n<p>Partnerei vagyunk a UPS, DHL, FedEx, DPD \u00e9s m\u00e1s vezet\u0151 fuvaroz\u00f3knak. A legjobb sz\u00e1ll\u00edt\u00e1si m\u00f3dot fogjuk kiv\u00e1lasztani a sz\u00e1ll\u00edt\u00e1si helysz\u00edne alapj\u00e1n, hogy a lehet\u0151 leggyorsabban megkapja a term\u00e9keit.<\/p>\n<\/div>\n<p><strong>Mennyi id\u0151 alatt \u00e9rkezik meg?<\/strong><\/p>\n<p>A csomagok \u00e1ltal\u00e1ban 10 munkanapon bel\u00fcl meg\u00e9rkeznek Magyarorsz\u00e1gra. Az eur\u00f3pai orsz\u00e1gokba t\u00f6rt\u00e9n\u0151 sz\u00e1ll\u00edt\u00e1s \u00e1ltal\u00e1ban 12-15 munkanapot vesz ig\u00e9nybe. Folyamatosan t\u00e1j\u00e9koztatjuk a sz\u00e1ll\u00edt\u00e1si st\u00e1tuszr\u00f3l.<\/p>\n<p>&nbsp;<\/p>\n<\/div>\n<\/div>\n<\/div>\n<\/div>\n<\/div>\n<p>Tal\u00e1lja meg a tov\u00e1bbi vape term\u00e9keket, amelyek tetszhetnek \u00d6nnek:<em><a href=\"https:\/\/rmvapesale.com\/hu\/shop-2\/\">V\u00e1s\u00e1roljon most\u00a0<\/a><\/em><\/p>\n<p>Egy\u00e9b n\u00e9pszer\u0171 vape term\u00e9kek, amelyek tetszhetnek:<\/p>\n<p><a href=\"https:\/\/rmvapesale.com\/hu\/product\/randm-vape-al-fakher-10000-puffs-vape-wholesale\/\">randm vape AI FAKHER 15k vape<\/a><\/p>\n<p><a href=\"https:\/\/rmvapesale.com\/hu\/product\/original-randm-tornado-9000-puffs-disposable-vape-factory-price\/\">RandM Tornado 9000<\/a><\/p>\n<p><a href=\"https:\/\/rmvapesale.com\/hu\/product\/bang-30k-puffs-disposable-vape-double-taste-wholesale-italy\/\">Bang 30k slukk<\/a><\/p>\n<p><a href=\"https:\/\/rmvapesale.com\/hu\/product\/bang-beach-22000-puffs-smart-screen-vapes-factory-price\/\">Bang 22000 Puffs<\/a><\/p>","protected":false},"excerpt":{"rendered":"<p>FIHP Shisha V\u00edzipipa 15000 Puff Gy\u00e1ri Nagykereskedelmi \u00c1r<br \/>\nLegjobb FIHP 15000 Puffs Shisha V\u00edzipipa \u00cdz K\u00e9szleten<br \/>\nV\u00e1s\u00e1roljon \u00f6mlesztve FIHP 15000 Puffs Vape-et alacsony MOQ-val<\/p>\n<p><strong>Tov\u00e1bbi kedvezm\u00e9ny\u00e9rt \u00e9s alacsonyabb minim\u00e1lis rendel\u00e9si mennyis\u00e9g\u00e9rt l\u00e9pjen kapcsolatba Amy-vel<\/strong><\/p>\n<p><img loading=\"lazy\" decoding=\"async\" class=\"size-medium wp-image-1814\" src=\"https:\/\/rmvapesale.com\/wp-content\/uploads\/2024\/04\/whatsapp-amy-229x300.jpg\" alt=\"whatsapp amy\" width=\"229\" height=\"300\" srcset=\"https:\/\/rmvapesale.com\/wp-content\/uploads\/2024\/04\/whatsapp-amy-229x300.jpg 229w, https:\/\/rmvapesale.com\/wp-content\/uploads\/2024\/04\/whatsapp-amy-783x1024.jpg 783w, https:\/\/rmvapesale.com\/wp-content\/uploads\/2024\/04\/whatsapp-amy-768x1005.jpg 768w, https:\/\/rmvapesale.com\/wp-content\/uploads\/2024\/04\/whatsapp-amy-600x785.jpg 600w, https:\/\/rmvapesale.com\/wp-content\/uploads\/2024\/04\/whatsapp-amy.jpg 990w\" sizes=\"auto, (max-width: 229px) 100vw, 229px\" \/><\/p>\n<h3><span style=\"color: #ff0000\"><strong>WhatsApp: +86 17776015835<\/strong><\/span><\/h3>","protected":false},"featured_media":1964,"comment_status":"open","ping_status":"closed","template":"","meta":{"_uag_custom_page_level_css":"","_lmt_disableupdate":"no","_lmt_disable":"","site-sidebar-layout":"default","site-content-layout":"content-boxed-container","ast-site-content-layout":"normal-width-container","site-content-style":"boxed","site-sidebar-style":"unboxed","ast-global-header-display":"","ast-banner-title-visibility":"","ast-main-header-display":"","ast-hfb-above-header-display":"","ast-hfb-below-header-display":"","ast-hfb-mobile-header-display":"","site-post-title":"","ast-breadcrumbs-content":"","ast-featured-img":"","footer-sml-layout":"","ast-disable-related-posts":"","theme-transparent-header-meta":"default","adv-header-id-meta":"","stick-header-meta":"","header-above-stick-meta":"","header-main-stick-meta":"","header-below-stick-meta":"","astra-migrate-meta-layouts":"set","ast-page-background-enabled":"default","ast-page-background-meta":{"desktop":{"background-color":"var(--ast-global-color-4)","background-image":"","background-repeat":"repeat","background-position":"center center","background-size":"auto","background-attachment":"scroll","background-type":"","background-media":"","overlay-type":"","overlay-color":"","overlay-opacity":"","overlay-gradient":""},"tablet":{"background-color":"","background-image":"","background-repeat":"repeat","background-position":"center center","background-size":"auto","background-attachment":"scroll","background-type":"","background-media":"","overlay-type":"","overlay-color":"","overlay-opacity":"","overlay-gradient":""},"mobile":{"background-color":"","background-image":"","background-repeat":"repeat","background-position":"center center","background-size":"auto","background-attachment":"scroll","background-type":"","background-media":"","overlay-type":"","overlay-color":"","overlay-opacity":"","overlay-gradient":""}},"ast-content-background-meta":{"desktop":{"background-color":"var(--ast-global-color-5)","background-image":"","background-repeat":"repeat","background-position":"center center","background-size":"auto","background-attachment":"scroll","background-type":"","background-media":"","overlay-type":"","overlay-color":"","overlay-opacity":"","overlay-gradient":""},"tablet":{"background-color":"var(--ast-global-color-5)","background-image":"","background-repeat":"repeat","background-position":"center center","background-size":"auto","background-attachment":"scroll","background-type":"","background-media":"","overlay-type":"","overlay-color":"","overlay-opacity":"","overlay-gradient":""},"mobile":{"background-color":"var(--ast-global-color-5)","background-image":"","background-repeat":"repeat","background-position":"center center","background-size":"auto","background-attachment":"scroll","background-type":"","background-media":"","overlay-type":"","overlay-color":"","overlay-opacity":"","overlay-gradient":""}},"_joinchat":[]},"product_brand":[],"product_cat":[25,61,292,27,138,123,293,30,26,15,28,295,137,296,299,136,135,274],"product_tag":[55,56,57,58,40,62,59,180,37],"class_list":{"0":"post-1963","1":"product","2":"type-product","3":"status-publish","4":"has-post-thumbnail","6":"product_cat-germany-best-selling-vape","7":"product_cat-15000-puffs-disposable-vapes","8":"product_cat-digital-disposable-vapes","9":"product_cat-fance-hot-sale-vape","10":"product_cat-fihp-disposable-vapes","11":"product_cat-italy-wholesale-vape","12":"product_cat-low-nicotine-disposable-vapes","13":"product_cat-minimum-order-quantity-50pcs","14":"product_cat-netherlands-hot-sale-vape","15":"product_cat-new-vape-this-week","16":"product_cat-poland-hot-sale-vape","17":"product_cat-rechargeable-disposable-vapes","18":"product_cat-rechargeable-vapes","19":"product_cat-shisha-hookah-disposable-vapes","20":"product_cat-smart-screen-disposable-vapes","21":"product_cat-smart-screen-vapes","22":"product_cat-spain-best-hot-sale-vape","23":"product_cat-waspe-fihp-vape","24":"product_tag-buy-vape-pods","25":"product_tag-disposable-vape-wholesale-near-me","26":"product_tag-disposable-vape-wholesale-supplier","27":"product_tag-electric-cigarettes","28":"product_tag-hot-sale-vape","29":"product_tag-puff-15000","30":"product_tag-puffs-vape","31":"product_tag-shisha-bar","32":"product_tag-wholesale-vape-price","33":"desktop-align-left","34":"tablet-align-left","35":"mobile-align-left","37":"first","38":"instock","39":"sale","40":"shipping-taxable","41":"purchasable","42":"product-type-simple"},"uagb_featured_image_src":{"full":["https:\/\/rmvapesale.com\/wp-content\/uploads\/2024\/09\/FIHP-15000-Wholesale.jpg",800,800,false],"thumbnail":["https:\/\/rmvapesale.com\/wp-content\/uploads\/2024\/09\/FIHP-15000-Wholesale-150x150.jpg",150,150,true],"medium":["https:\/\/rmvapesale.com\/wp-content\/uploads\/2024\/09\/FIHP-15000-Wholesale-300x300.jpg",300,300,true],"medium_large":["https:\/\/rmvapesale.com\/wp-content\/uploads\/2024\/09\/FIHP-15000-Wholesale-768x768.jpg",768,768,true],"large":["https:\/\/rmvapesale.com\/wp-content\/uploads\/2024\/09\/FIHP-15000-Wholesale.jpg",800,800,false],"1536x1536":["https:\/\/rmvapesale.com\/wp-content\/uploads\/2024\/09\/FIHP-15000-Wholesale.jpg",800,800,false],"2048x2048":["https:\/\/rmvapesale.com\/wp-content\/uploads\/2024\/09\/FIHP-15000-Wholesale.jpg",800,800,false],"trp-custom-language-flag":["https:\/\/rmvapesale.com\/wp-content\/uploads\/2024\/09\/FIHP-15000-Wholesale.jpg",12,12,false],"woocommerce_thumbnail":["https:\/\/rmvapesale.com\/wp-content\/uploads\/2024\/09\/FIHP-15000-Wholesale-300x300.jpg",300,300,true],"woocommerce_single":["https:\/\/rmvapesale.com\/wp-content\/uploads\/2024\/09\/FIHP-15000-Wholesale-600x600.jpg",600,600,true],"woocommerce_gallery_thumbnail":["https:\/\/rmvapesale.com\/wp-content\/uploads\/2024\/09\/FIHP-15000-Wholesale-100x100.jpg",100,100,true],"wcpr-photo-reviews":["https:\/\/rmvapesale.com\/wp-content\/uploads\/2024\/09\/FIHP-15000-Wholesale.jpg",500,500,false]},"uagb_author_info":{"display_name":"AMY","author_link":"https:\/\/rmvapesale.com\/hu\/author\/"},"uagb_comment_info":0,"uagb_excerpt":"FIHP Shisha Hookah 15000 Puff Factory Wholesale Price Best FIHP 15000 Puffs Shisha Hookah Flavor in Stock Bulk Buy FIHP 15000 Puffs Vape with Low MOQ Contact Amy For More Discount And Lower MOQ Vape WhatsApp: +86 17776015835","_links":{"self":[{"href":"https:\/\/rmvapesale.com\/hu\/wp-json\/wp\/v2\/product\/1963","targetHints":{"allow":["GET"]}}],"collection":[{"href":"https:\/\/rmvapesale.com\/hu\/wp-json\/wp\/v2\/product"}],"about":[{"href":"https:\/\/rmvapesale.com\/hu\/wp-json\/wp\/v2\/types\/product"}],"replies":[{"embeddable":true,"href":"https:\/\/rmvapesale.com\/hu\/wp-json\/wp\/v2\/comments?post=1963"}],"wp:featuredmedia":[{"embeddable":true,"href":"https:\/\/rmvapesale.com\/hu\/wp-json\/wp\/v2\/media\/1964"}],"wp:attachment":[{"href":"https:\/\/rmvapesale.com\/hu\/wp-json\/wp\/v2\/media?parent=1963"}],"wp:term":[{"taxonomy":"product_brand","embeddable":true,"href":"https:\/\/rmvapesale.com\/hu\/wp-json\/wp\/v2\/product_brand?post=1963"},{"taxonomy":"product_cat","embeddable":true,"href":"https:\/\/rmvapesale.com\/hu\/wp-json\/wp\/v2\/product_cat?post=1963"},{"taxonomy":"product_tag","embeddable":true,"href":"https:\/\/rmvapesale.com\/hu\/wp-json\/wp\/v2\/product_tag?post=1963"}],"curies":[{"name":"wp","href":"https:\/\/api.w.org\/{rel}","templated":true}]}}