{"id":1974,"date":"2024-09-11T07:00:58","date_gmt":"2024-09-11T07:00:58","guid":{"rendered":"https:\/\/rmvapesale.com\/?post_type=product&#038;p=1974"},"modified":"2025-01-20T03:49:10","modified_gmt":"2025-01-20T03:49:10","slug":"bang-20000-puffs-disposable-vape-wholesale-supplier","status":"publish","type":"product","link":"https:\/\/rmvapesale.com\/hu\/product\/bang-20000-puffs-disposable-vape-wholesale-supplier\/","title":{"rendered":"Bang 20000 slukk eldobhat\u00f3 vape nagykereskedelmi besz\u00e1ll\u00edt\u00f3"},"content":{"rendered":"<h1>Bang 20000 slukk eldobhat\u00f3 vape nagykereskedelmi besz\u00e1ll\u00edt\u00f3<\/h1>\n<p>A Bang 20000 Puffs LED kijelz\u0151s Eldobhat\u00f3 Vape egy \u00e9lvonalbeli eszk\u00f6z, amelyet a kiv\u00e9teles teljes\u00edtm\u00e9ny \u00e9s k\u00e9nyelem \u00e9rdek\u00e9ben terveztek. Leny\u0171g\u00f6z\u0151, ak\u00e1r 20000 slukkot is kib\u00edr\u00f3 kapacit\u00e1s\u00e1val cs\u00f6kkenti a gyakori cser\u00e9k sz\u00fcks\u00e9gess\u00e9g\u00e9t, \u00e9s hosszan tart\u00f3 el\u00e9gedetts\u00e9get ny\u00fajt.<\/p>\n<p>Fejlett 0,8 ohmos mesh tekercs maggal ez a Bang 20000 Puffs vape n\u00f6veli a g\u0151ztermel\u00e9st \u00e9s az \u00edz tisztas\u00e1g\u00e1t, \u00edgy minden bel\u00e9gz\u00e9ssel kiv\u00e1l\u00f3 \u00e9lm\u00e9nyt ny\u00fajt. V\u00e1lasszon a 16 gy\u00fcm\u00f6lcs ihlette \u00edzb\u0151l \u00e1ll\u00f3 soksz\u00edn\u0171 k\u00edn\u00e1latb\u00f3l, bele\u00e9rtve a klasszikus Eper G\u00f6r\u00f6gdinny\u00e9t \u00e9s az egyedi kever\u00e9keket, mint a \u0150szibarack Mang\u00f3 G\u00f6r\u00f6gdinnye \u00e9s a Tigris V\u00e9r.<\/p>\n<p>LED kijelz\u0151s okos k\u00e9perny\u0151 funkci\u00f3ja lehet\u0151v\u00e9 teszi a felhaszn\u00e1l\u00f3k sz\u00e1m\u00e1ra, hogy val\u00f3s id\u0151ben figyelj\u00e9k az akkumul\u00e1tor t\u00f6lt\u00f6tts\u00e9g\u00e9t \u00e9s a haszn\u00e1latot<\/p>\n<p><strong>L\u00e9pjen kapcsolatba Amy-vel, hogy azonnali v\u00e1laszt \u00e9s m\u00e9g t\u00f6bb kedvezm\u00e9nyt kapjon!<\/strong><\/p>\n<p><img loading=\"lazy\" decoding=\"async\" class=\"size-medium wp-image-1814\" src=\"https:\/\/rmvapesale.com\/wp-content\/uploads\/2024\/04\/whatsapp-amy-229x300.jpg\" alt=\"whatsapp amy\" width=\"229\" height=\"300\" srcset=\"https:\/\/rmvapesale.com\/wp-content\/uploads\/2024\/04\/whatsapp-amy-229x300.jpg 229w, https:\/\/rmvapesale.com\/wp-content\/uploads\/2024\/04\/whatsapp-amy-783x1024.jpg 783w, https:\/\/rmvapesale.com\/wp-content\/uploads\/2024\/04\/whatsapp-amy-768x1005.jpg 768w, https:\/\/rmvapesale.com\/wp-content\/uploads\/2024\/04\/whatsapp-amy-600x785.jpg 600w, https:\/\/rmvapesale.com\/wp-content\/uploads\/2024\/04\/whatsapp-amy.jpg 990w\" sizes=\"auto, (max-width: 229px) 100vw, 229px\" \/><\/p>\n<h3><span style=\"color: #ff0000\"><strong>WhatsApp: +86 17776015835<\/strong><\/span><\/h3>\n<p>&nbsp;<\/p>\n<h2><strong>Bang Box Vape 20000 F\u0151bb Jellemz\u0151k<\/strong><\/h2>\n<p>Nikotin:0% 2% 3% 5%<br \/>\nSlukkok: 20000<br \/>\nKapacit\u00e1s: 20ml<br \/>\n16 \u00edz el\u00e9rhet\u0151<br \/>\n650mah \u00dajrat\u00f6lthet\u0151<br \/>\nLED Okos K\u00e9perny\u0151<br \/>\nH\u00e1l\u00f3s Tekercs<\/p>\n<h2><strong>Mi a legjobb \u00edz a Bang Vape 20000 Puffs-hoz<\/strong><strong>?<\/strong><\/h2>\n<p>Ez a Bang Vape 20000 Puffs Okos K\u00e9perny\u0151s Vape \u00f6sszesen 12 el\u00e9rhet\u0151 \u00edzt k\u00edn\u00e1l v\u00e1laszt\u00e1sra, van valami, ami a legjobb az \u00d6n sz\u00e1m\u00e1ra.<\/p>\n<p>1.\u0150szibarack J\u00e9g<br \/>\n2.\u0150szibarack Mang\u00f3<br \/>\n3.Vegyes Bogy\u00f3s Gy\u00fcm\u00f6lcs\u00f6k<br \/>\n4.R\u00f3zsasz\u00edn Limon\u00e1d\u00e9<br \/>\n5.Eper G\u00f6r\u00f6gdinnye<br \/>\n6. G\u00f6r\u00f6gdinnye J\u00e9g<br \/>\n7. Sz\u0151l\u0151 J\u00e9g<br \/>\n8.Vimto<br \/>\n9. Eper J\u00e9g<br \/>\n10.Cseresznye<br \/>\n11.\u00c1fonya M\u00e1lna<br \/>\n12. Savany\u00fa Alma<\/p>\n<h2><strong>K\u00e9rd\u00e9sek, amiket \u00e9rdemes tudni a Bang King Vape 20000 Puffs-r\u00f3l<\/strong><\/h2>\n<p>&nbsp;<\/p>\n<p><strong>1. H\u00e1ny slukkot v\u00e1rhatok a Bang King Vape 20000 Puffs-t\u00f3l?<\/strong><\/p>\n<p>A Bang King Vape 20000 Puffs leny\u0171g\u00f6z\u0151 20000 slukkot (tesztk\u00f6rnyezetben) k\u00edn\u00e1l, hosszan tart\u00f3 haszn\u00e1latot \u00e9s el\u00e9gedetts\u00e9get biztos\u00edtva.<\/p>\n<p><strong>2. Milyen nikotiner\u0151ss\u00e9get k\u00edn\u00e1l a Bang King Vape 20000 Puffs?<\/strong><\/p>\n<p>A Bang King Vape 20000 Puffs el\u0151re fel van t\u00f6ltve e-liquiddel 0%, 2%, 3% \u00e9s 5% nikotintartalommal, kiegyens\u00falyozott g\u0151z\u00f6l\u00e9si \u00e9lm\u00e9nyt ny\u00fajtva.<\/p>\n<p><strong>3. Hogyan fokozza a Mesh Coil technol\u00f3gia a vaping \u00e9lm\u00e9nyt?<\/strong><\/p>\n<p>A Bang King Vape 20000 Puffs Smart Screen Vapes-be integr\u00e1lt Mesh Coil technol\u00f3gia alacsony ellen\u00e1ll\u00e1s\u00fa, 0,8 ohmos tekercset tartalmaz. Ez a kialak\u00edt\u00e1s maximaliz\u00e1lja a f\u0171t\u0151fel\u00fcletet, ami sim\u00e1bb slukkot \u00e9s fokozott g\u0151ztermel\u00e9st eredm\u00e9nyez. A technol\u00f3gia garant\u00e1lja az e-liquid egyenletes \u00e9s k\u00f6vetkezetes felmeleg\u00edt\u00e9s\u00e9t, kiv\u00e1l\u00f3 \u00edz\u00e9lm\u00e9nyt biztos\u00edtva.<\/p>\n<p><strong>4. Hol v\u00e1s\u00e1rolhatom meg az eredeti Bang King Vape 20000 Puffs-ot?<\/strong><\/p>\n<p>A Bang Beach 22k Puffs Eredeti term\u00e9k hivatalos forgalmaz\u00f3kon kereszt\u00fcl v\u00e1s\u00e1rolhat\u00f3 meg. Nagykereskedelmi megkeres\u00e9sek eset\u00e9n a forgalmaz\u00f3k <a href=\"https:\/\/wa.me\/8617776015835\" target=\"_blank\" rel=\"noopener\">Kapcsolat<\/a> k\u00f6zvetlen\u00fcl. A lakoss\u00e1gi \u00fcgyfelek a term\u00e9ket kiv\u00e1lasztott kiskeresked\u0151kn\u00e9l vagy online \u00e1ruh\u00e1zakban tal\u00e1lhatj\u00e1k meg. \u00dczlet\u00fcnkben minden term\u00e9k 100% eredeti \u00e9s hiteles, a hamis \u00e1ruk\u00e9rt t\u00edzszeres k\u00e1rt\u00e9r\u00edt\u00e9s a boltunk szab\u00e1lyzata.<\/p>\n<p>&nbsp;<\/p>\n<p><strong>Sz\u00e1ll\u00edt\u00e1si r\u00e9szletek:<\/strong><\/p>\n<div class=\"flex-shrink-0 flex flex-col relative items-end\">\n<div>\n<div class=\"pt-0\">\n<div class=\"gizmo-bot-avatar flex h-8 w-8 items-center justify-center overflow-hidden rounded-full\">\n<div class=\"relative p-1 rounded-sm flex items-center justify-center bg-token-main-surface-primary text-token-text-primary h-8 w-8\"><strong>Milyen sz\u00e1ll\u00edt\u00e1si m\u00f3dokat haszn\u00e1lnak?<\/strong><\/div>\n<\/div>\n<\/div>\n<\/div>\n<\/div>\n<div class=\"group\/conversation-turn relative flex w-full min-w-0 flex-col agent-turn\">\n<div class=\"flex-col gap-1 md:gap-3\">\n<div class=\"flex max-w-full flex-col flex-grow\">\n<div class=\"min-h-[20px] text-message flex w-full flex-col items-end gap-2 whitespace-normal break-words [.text-message+&amp;]:mt-5 overflow-x-auto\" dir=\"auto\" data-message-author-role=\"assistant\" data-message-id=\"22f8283b-3233-46ff-89a5-c7a41b33abda\">\n<div class=\"flex w-full flex-col gap-1 empty:hidden first:pt-[3px]\">\n<div class=\"markdown prose w-full break-words dark:prose-invert light\">\n<p>Partnerei vagyunk a UPS, DHL, FedEx, DPD \u00e9s m\u00e1s vezet\u0151 fuvaroz\u00f3knak. A legjobb sz\u00e1ll\u00edt\u00e1si m\u00f3dot fogjuk kiv\u00e1lasztani a sz\u00e1ll\u00edt\u00e1si helysz\u00edne alapj\u00e1n, hogy a lehet\u0151 leggyorsabban megkapja a term\u00e9keit.<\/p>\n<\/div>\n<p><strong>Mennyi id\u0151 alatt \u00e9rkezik meg?<\/strong><\/p>\n<p>A csomagok \u00e1ltal\u00e1ban 10 munkanapon bel\u00fcl meg\u00e9rkeznek Magyarorsz\u00e1gra. Az eur\u00f3pai orsz\u00e1gokba t\u00f6rt\u00e9n\u0151 sz\u00e1ll\u00edt\u00e1s \u00e1ltal\u00e1ban 12-15 munkanapot vesz ig\u00e9nybe. Folyamatosan t\u00e1j\u00e9koztatjuk a sz\u00e1ll\u00edt\u00e1si st\u00e1tuszr\u00f3l.<\/p>\n<p>&nbsp;<\/p>\n<\/div>\n<\/div>\n<\/div>\n<\/div>\n<\/div>\n<p>Tal\u00e1lja meg a tov\u00e1bbi vape term\u00e9keket, amelyek tetszhetnek \u00d6nnek:<em><a href=\"https:\/\/rmvapesale.com\/hu\/shop-2\/\">V\u00e1s\u00e1roljon most\u00a0<\/a><\/em><\/p>\n<p>Egy\u00e9b n\u00e9pszer\u0171 vape term\u00e9kek, amelyek tetszhetnek:<\/p>\n<p><a href=\"https:\/\/rmvapesale.com\/hu\/product\/bang-30k-puffs-disposable-vape-double-taste-wholesale-italy\/\">Bang 30k slukk<\/a><\/p>\n<p><a href=\"https:\/\/rmvapesale.com\/hu\/product\/bang-beach-22000-puffs-smart-screen-vapes-factory-price\/\">Bang Beach 22000 slukk<\/a><\/p>","protected":false},"excerpt":{"rendered":"<p>Bang Vape 20000 Puffs LED kijelz\u0151s Vape nagykereskedelmi \u00e1ra<br \/>\nBang Box Vape 20000 Puffs Okos K\u00e9perny\u0151s Vapes Gy\u00e1ri \u00c1r<br \/>\nBang Vape 20000 Puffs Legjobb \u00cdz T\u00f6meges V\u00e1s\u00e1rl\u00e1s<\/p>\n<p><strong>Tov\u00e1bbi kedvezm\u00e9ny\u00e9rt \u00e9s alacsonyabb minim\u00e1lis rendel\u00e9si mennyis\u00e9g\u00e9rt l\u00e9pjen kapcsolatba Amy-vel<\/strong><\/p>\n<p><img loading=\"lazy\" decoding=\"async\" class=\"size-medium wp-image-1814\" src=\"https:\/\/rmvapesale.com\/wp-content\/uploads\/2024\/04\/whatsapp-amy-229x300.jpg\" alt=\"whatsapp amy\" width=\"229\" height=\"300\" srcset=\"https:\/\/rmvapesale.com\/wp-content\/uploads\/2024\/04\/whatsapp-amy-229x300.jpg 229w, https:\/\/rmvapesale.com\/wp-content\/uploads\/2024\/04\/whatsapp-amy-783x1024.jpg 783w, https:\/\/rmvapesale.com\/wp-content\/uploads\/2024\/04\/whatsapp-amy-768x1005.jpg 768w, https:\/\/rmvapesale.com\/wp-content\/uploads\/2024\/04\/whatsapp-amy-600x785.jpg 600w, https:\/\/rmvapesale.com\/wp-content\/uploads\/2024\/04\/whatsapp-amy.jpg 990w\" sizes=\"auto, (max-width: 229px) 100vw, 229px\" \/><\/p>\n<h3><span style=\"color: #ff0000\"><strong>WhatsApp: +86 17776015835<\/strong><\/span><\/h3>","protected":false},"featured_media":1973,"comment_status":"open","ping_status":"closed","template":"","meta":{"_uag_custom_page_level_css":"","_lmt_disableupdate":"no","_lmt_disable":"","site-sidebar-layout":"default","site-content-layout":"content-boxed-container","ast-site-content-layout":"normal-width-container","site-content-style":"boxed","site-sidebar-style":"unboxed","ast-global-header-display":"","ast-banner-title-visibility":"","ast-main-header-display":"","ast-hfb-above-header-display":"","ast-hfb-below-header-display":"","ast-hfb-mobile-header-display":"","site-post-title":"","ast-breadcrumbs-content":"","ast-featured-img":"","footer-sml-layout":"","ast-disable-related-posts":"","theme-transparent-header-meta":"default","adv-header-id-meta":"","stick-header-meta":"","header-above-stick-meta":"","header-main-stick-meta":"","header-below-stick-meta":"","astra-migrate-meta-layouts":"set","ast-page-background-enabled":"default","ast-page-background-meta":{"desktop":{"background-color":"var(--ast-global-color-4)","background-image":"","background-repeat":"repeat","background-position":"center center","background-size":"auto","background-attachment":"scroll","background-type":"","background-media":"","overlay-type":"","overlay-color":"","overlay-opacity":"","overlay-gradient":""},"tablet":{"background-color":"","background-image":"","background-repeat":"repeat","background-position":"center center","background-size":"auto","background-attachment":"scroll","background-type":"","background-media":"","overlay-type":"","overlay-color":"","overlay-opacity":"","overlay-gradient":""},"mobile":{"background-color":"","background-image":"","background-repeat":"repeat","background-position":"center center","background-size":"auto","background-attachment":"scroll","background-type":"","background-media":"","overlay-type":"","overlay-color":"","overlay-opacity":"","overlay-gradient":""}},"ast-content-background-meta":{"desktop":{"background-color":"var(--ast-global-color-5)","background-image":"","background-repeat":"repeat","background-position":"center center","background-size":"auto","background-attachment":"scroll","background-type":"","background-media":"","overlay-type":"","overlay-color":"","overlay-opacity":"","overlay-gradient":""},"tablet":{"background-color":"var(--ast-global-color-5)","background-image":"","background-repeat":"repeat","background-position":"center center","background-size":"auto","background-attachment":"scroll","background-type":"","background-media":"","overlay-type":"","overlay-color":"","overlay-opacity":"","overlay-gradient":""},"mobile":{"background-color":"var(--ast-global-color-5)","background-image":"","background-repeat":"repeat","background-position":"center center","background-size":"auto","background-attachment":"scroll","background-type":"","background-media":"","overlay-type":"","overlay-color":"","overlay-opacity":"","overlay-gradient":""}},"_joinchat":[]},"product_brand":[],"product_cat":[25,255,273,279,60,289,27,123,293,30,26,15,28,295,137,136,135],"product_tag":[63,55,56,57,58,40,41,59,37],"class_list":{"0":"post-1974","1":"product","2":"type-product","3":"status-publish","4":"has-post-thumbnail","6":"product_cat-germany-best-selling-vape","7":"product_cat-20000-puff-disposable-vape","8":"product_cat-bang-box-vape","9":"product_cat-bang-king-vape","10":"product_cat-bang-vapes","11":"product_cat-big-puffs-disposable-vapes","12":"product_cat-fance-hot-sale-vape","13":"product_cat-italy-wholesale-vape","14":"product_cat-low-nicotine-disposable-vapes","15":"product_cat-minimum-order-quantity-50pcs","16":"product_cat-netherlands-hot-sale-vape","17":"product_cat-new-vape-this-week","18":"product_cat-poland-hot-sale-vape","19":"product_cat-rechargeable-disposable-vapes","20":"product_cat-rechargeable-vapes","21":"product_cat-smart-screen-vapes","22":"product_cat-spain-best-hot-sale-vape","23":"product_tag-bang-vapes","24":"product_tag-buy-vape-pods","25":"product_tag-disposable-vape-wholesale-near-me","26":"product_tag-disposable-vape-wholesale-supplier","27":"product_tag-electric-cigarettes","28":"product_tag-hot-sale-vape","29":"product_tag-original-factory-vape","30":"product_tag-puffs-vape","31":"product_tag-wholesale-vape-price","32":"desktop-align-left","33":"tablet-align-left","34":"mobile-align-left","36":"first","37":"instock","38":"sale","39":"shipping-taxable","40":"purchasable","41":"product-type-simple"},"uagb_featured_image_src":{"full":["https:\/\/rmvapesale.com\/wp-content\/uploads\/2024\/09\/Bang-Vape-20000-Wholesale-Price.jpg",800,800,false],"thumbnail":["https:\/\/rmvapesale.com\/wp-content\/uploads\/2024\/09\/Bang-Vape-20000-Wholesale-Price-150x150.jpg",150,150,true],"medium":["https:\/\/rmvapesale.com\/wp-content\/uploads\/2024\/09\/Bang-Vape-20000-Wholesale-Price-300x300.jpg",300,300,true],"medium_large":["https:\/\/rmvapesale.com\/wp-content\/uploads\/2024\/09\/Bang-Vape-20000-Wholesale-Price-768x768.jpg",768,768,true],"large":["https:\/\/rmvapesale.com\/wp-content\/uploads\/2024\/09\/Bang-Vape-20000-Wholesale-Price.jpg",800,800,false],"1536x1536":["https:\/\/rmvapesale.com\/wp-content\/uploads\/2024\/09\/Bang-Vape-20000-Wholesale-Price.jpg",800,800,false],"2048x2048":["https:\/\/rmvapesale.com\/wp-content\/uploads\/2024\/09\/Bang-Vape-20000-Wholesale-Price.jpg",800,800,false],"trp-custom-language-flag":["https:\/\/rmvapesale.com\/wp-content\/uploads\/2024\/09\/Bang-Vape-20000-Wholesale-Price.jpg",12,12,false],"woocommerce_thumbnail":["https:\/\/rmvapesale.com\/wp-content\/uploads\/2024\/09\/Bang-Vape-20000-Wholesale-Price-300x300.jpg",300,300,true],"woocommerce_single":["https:\/\/rmvapesale.com\/wp-content\/uploads\/2024\/09\/Bang-Vape-20000-Wholesale-Price-600x600.jpg",600,600,true],"woocommerce_gallery_thumbnail":["https:\/\/rmvapesale.com\/wp-content\/uploads\/2024\/09\/Bang-Vape-20000-Wholesale-Price-100x100.jpg",100,100,true],"wcpr-photo-reviews":["https:\/\/rmvapesale.com\/wp-content\/uploads\/2024\/09\/Bang-Vape-20000-Wholesale-Price.jpg",500,500,false]},"uagb_author_info":{"display_name":"AMY","author_link":"https:\/\/rmvapesale.com\/hu\/author\/"},"uagb_comment_info":0,"uagb_excerpt":"Bang Vape 20000 Puffs LED Display Vape Wholesale Price Bang Box Vape 20000 Puffs Smart Screen Vapes Factory Price Bang Vape 20000 Puffs Best Flavor Bulk Buy Contact Amy For More Discount And Lower MOQ Vape WhatsApp: +86 17776015835","_links":{"self":[{"href":"https:\/\/rmvapesale.com\/hu\/wp-json\/wp\/v2\/product\/1974","targetHints":{"allow":["GET"]}}],"collection":[{"href":"https:\/\/rmvapesale.com\/hu\/wp-json\/wp\/v2\/product"}],"about":[{"href":"https:\/\/rmvapesale.com\/hu\/wp-json\/wp\/v2\/types\/product"}],"replies":[{"embeddable":true,"href":"https:\/\/rmvapesale.com\/hu\/wp-json\/wp\/v2\/comments?post=1974"}],"wp:featuredmedia":[{"embeddable":true,"href":"https:\/\/rmvapesale.com\/hu\/wp-json\/wp\/v2\/media\/1973"}],"wp:attachment":[{"href":"https:\/\/rmvapesale.com\/hu\/wp-json\/wp\/v2\/media?parent=1974"}],"wp:term":[{"taxonomy":"product_brand","embeddable":true,"href":"https:\/\/rmvapesale.com\/hu\/wp-json\/wp\/v2\/product_brand?post=1974"},{"taxonomy":"product_cat","embeddable":true,"href":"https:\/\/rmvapesale.com\/hu\/wp-json\/wp\/v2\/product_cat?post=1974"},{"taxonomy":"product_tag","embeddable":true,"href":"https:\/\/rmvapesale.com\/hu\/wp-json\/wp\/v2\/product_tag?post=1974"}],"curies":[{"name":"wp","href":"https:\/\/api.w.org\/{rel}","templated":true}]}}