{"id":1985,"date":"2024-09-12T07:42:12","date_gmt":"2024-09-12T07:42:12","guid":{"rendered":"https:\/\/rmvapesale.com\/?post_type=product&#038;p=1985"},"modified":"2025-01-20T03:52:04","modified_gmt":"2025-01-20T03:52:04","slug":"bang-vape-tornado-12000-puffs-disposable-pod-factory-price","status":"publish","type":"product","link":"https:\/\/rmvapesale.com\/hu\/product\/bang-vape-tornado-12000-puffs-disposable-pod-factory-price\/","title":{"rendered":"Bang Vape Tornado 12000 slukk Eldobhat\u00f3 Pod Gy\u00e1ri \u00e1r"},"content":{"rendered":"<h1>Bang Vape Tornado 12000 slukk Eldobhat\u00f3 Pod Gy\u00e1ri \u00e1r<\/h1>\n<p>A Bang Vape Tornado 12000 Puffs egy er\u0151teljes \u00e9s magas teljes\u00edtm\u00e9ny\u0171 eldobhat\u00f3 pod k\u00e9sz\u00fcl\u00e9k. 20 ml e-juice-t tartalmaz, \u00e9s s\u00f3 nikotin er\u0151ss\u00e9gekben kaphat\u00f3: 0%, 2%, 3% \u00e9s 5%, ak\u00e1r 12 000 sz\u00edv\u00e1sig. A k\u00e9sz\u00fcl\u00e9k alj\u00e1n \u00fajrat\u00f6lthet\u0151 csatlakoz\u00f3 van, \u00edgy minden csepp folyad\u00e9kot felhaszn\u00e1lhatsz. A Bang Tornado 12000 h\u00e1l\u00f3sz\u00e1las tekercstechnol\u00f3gi\u00e1val van felszerelve, ami jelent\u0151sen n\u00f6veli az \u00edzt \u00e9s a teljes\u00edtm\u00e9nyt. Emellett sz\u00e1mos \u00edz k\u00f6z\u00fcl v\u00e1laszthatsz, hogy megfeleljen az \u00edzl\u00e9sednek.<\/p>\n<p>\u00d6sszess\u00e9g\u00e9ben a Bang Tornado 12000 Puffs k\u00e9nyelmes \u00e9s tart\u00f3s vaping \u00e9lm\u00e9nyt ny\u00fajt, ide\u00e1lis mind utaz\u00e1s k\u00f6zben, mind hosszabb haszn\u00e1latra.<\/p>\n<p><strong>L\u00e9pjen kapcsolatba Amy-vel, hogy azonnali v\u00e1laszt \u00e9s m\u00e9g t\u00f6bb kedvezm\u00e9nyt kapjon!<\/strong><\/p>\n<p><img loading=\"lazy\" decoding=\"async\" class=\"size-medium wp-image-1814\" src=\"https:\/\/rmvapesale.com\/wp-content\/uploads\/2024\/04\/whatsapp-amy-229x300.jpg\" alt=\"whatsapp amy\" width=\"229\" height=\"300\" srcset=\"https:\/\/rmvapesale.com\/wp-content\/uploads\/2024\/04\/whatsapp-amy-229x300.jpg 229w, https:\/\/rmvapesale.com\/wp-content\/uploads\/2024\/04\/whatsapp-amy-783x1024.jpg 783w, https:\/\/rmvapesale.com\/wp-content\/uploads\/2024\/04\/whatsapp-amy-768x1005.jpg 768w, https:\/\/rmvapesale.com\/wp-content\/uploads\/2024\/04\/whatsapp-amy-600x785.jpg 600w, https:\/\/rmvapesale.com\/wp-content\/uploads\/2024\/04\/whatsapp-amy.jpg 990w\" sizes=\"auto, (max-width: 229px) 100vw, 229px\" \/><\/p>\n<h3><span style=\"color: #ff0000\"><strong>WhatsApp: +86 17776015835<\/strong><\/span><\/h3>\n<p>&nbsp;<\/p>\n<h2><strong>Bang Vape Tornado 12000 Puffs F\u0151bb jellemz\u0151k<\/strong><\/h2>\n<p>Nikotin: 0% 2% 3% 5%<br \/>\nSz\u00edv\u00e1sok sz\u00e1ma: 12000<br \/>\nKapacit\u00e1s: 20ml<br \/>\n16 \u00edz el\u00e9rhet\u0151<br \/>\n650mah \u00dajrat\u00f6lthet\u0151<br \/>\nH\u00e1l\u00f3s Tekercs<\/p>\n<h2><strong>Mi a legjobb \u00edz a Bang Tornado 12k Puffs sz\u00e1m\u00e1ra<\/strong><strong>?<\/strong><\/h2>\n<p>Ez a Bang Vape Tornado 12000 Puffs eldobhat\u00f3 pod t\u00f6bb mint 20 el\u00e9rhet\u0151 \u00edzt k\u00edn\u00e1l v\u00e1laszt\u00e1sra, biztosan tal\u00e1lsz k\u00f6zt\u00fck megfelel\u0151t.<\/p>\n<p>1. M\u00e1lna G\u00f6r\u00f6gdinnye<br \/>\n2. Eper G\u00f6r\u00f6gdinnye<br \/>\n3. Eperl\u00e9<br \/>\n4. Fekete S\u00e1rk\u00e1ny j\u00e9g<br \/>\n5.\u0150szibarack j\u00e9g<br \/>\n6. \u00c1fonya Cseresznye \u00c1fonya<br \/>\n7.Vegyes gy\u00fcm\u00f6lcs\u00f6k<br \/>\n8. Cseresznye Barack Citrom<br \/>\n9.Eper mang\u00f3<br \/>\n10. Eper M\u00e1lna j\u00e9g<br \/>\n11. Amecicano<br \/>\n12. Kivi Passion Gy\u00fcm\u00f6lcs Guava<br \/>\n13. Eper Kiwi<br \/>\n14. K\u00e9k Razz j\u00e9g<br \/>\n15. Savany\u00fa alma m\u00e1lna<br \/>\n16. G\u00f6r\u00f6gdinnye bubor\u00e9kf\u00faj\u00f3<br \/>\n17. Eper fagylalt<br \/>\n18. Eper g\u00f6r\u00f6gdinnye<br \/>\n19. G\u00f6r\u00f6gdinnye j\u00e9g<br \/>\n20. \u00c1fonya j\u00e9g<br \/>\n21. Barack mang\u00f3 g\u00f6r\u00f6gdinnye<br \/>\n22. Kir\u00e1ly sz\u0151l\u0151<\/p>\n<h2><strong>K\u00e9rd\u00e9sek, amiket \u00e9rdemes tudni a Bang Tornado 12000-r\u0151l<\/strong><\/h2>\n<p>&nbsp;<\/p>\n<p><strong>1. H\u00e1ny sz\u00edv\u00e1st v\u00e1rhatok a Bang Tornado 12000-t\u0151l?<\/strong><\/p>\n<p>A Bang King Tornado 12000 sz\u00edv\u00e1s leny\u0171g\u00f6z\u0151 20000 sz\u00edv\u00e1st \u00edg\u00e9r (tesztk\u00f6rnyezetben), hosszabb haszn\u00e1latot \u00e9s tart\u00f3s el\u00e9gedetts\u00e9get biztos\u00edtva.<\/p>\n<p><strong>2. Milyen nikotinszintet k\u00edn\u00e1l a Bang Tornado 12000 sz\u00edv\u00e1s?<\/strong><\/p>\n<p>A Bang Bang Tornado 12000 sz\u00edv\u00e1s el\u0151re t\u00f6lt\u00f6tt e-liquiddel \u00e9rkezik 0% 2% 3% 5% nikotinszintekkel, kiegyens\u00falyozott vaping \u00e9lm\u00e9nyt ny\u00fajtva.<\/p>\n<p><strong>3. Hogyan fokozza a Mesh Coil technol\u00f3gia a vaping \u00e9lm\u00e9nyt?<\/strong><\/p>\n<p>A Vape Bang Vape 12000 Puffs-ba integr\u00e1lt Mesh Coil technol\u00f3gia alacsony, 1,0 ohmos ellen\u00e1ll\u00e1s\u00fa tekerccsel rendelkezik. Ez a kialak\u00edt\u00e1s maximaliz\u00e1lja a f\u0171t\u0151fel\u00fcletet, ami sim\u00e1bb sz\u00edv\u00e1st \u00e9s fokozottabb g\u0151zk\u00e9pz\u0151d\u00e9st eredm\u00e9nyez. A technol\u00f3gia garant\u00e1lja az e-liquid egyenletes \u00e9s k\u00f6vetkezetes felmeleged\u00e9s\u00e9t, kiv\u00e1l\u00f3 \u00edz\u00e9lm\u00e9nyt ny\u00fajtva.<\/p>\n<p><strong>4. Mi\u00e9rt v\u00e1lasszam a Bang Tornado 12000 sz\u00edv\u00e1st?<\/strong><\/p>\n<p>\u00c9lvezze az \u00edzletes felh\u0151ket minden sz\u00edv\u00e1ssal. A Bang Tornado 12000 \u00fagy lett kialak\u00edtva, hogy fokozza vaping \u00e9lm\u00e9ny\u00e9t, minden bel\u00e9gz\u00e9ssel el\u00e9gedetts\u00e9get ny\u00fajtva.<\/p>\n<h3><strong>5. Hol v\u00e1s\u00e1rolhatom meg az eredeti Bang Tornado 12000 sz\u00edv\u00e1st?<\/strong><\/h3>\n<p>A Bang Tornado 12000 sz\u00edv\u00e1s eredeti v\u00e1ltozata hivatalos forgalmaz\u00f3kon kereszt\u00fcl \u00e9rhet\u0151 el. Nagykereskedelmi \u00e9rdekl\u0151d\u00e9s eset\u00e9n a forgalmaz\u00f3k <a href=\"https:\/\/wa.me\/8617776015835\" target=\"_blank\" rel=\"noopener\">Kapcsolat<\/a> k\u00f6zvetlen\u00fcl. A lakoss\u00e1gi \u00fcgyfelek a term\u00e9ket kiv\u00e1lasztott kiskeresked\u0151kn\u00e9l vagy online \u00e1ruh\u00e1zakban tal\u00e1lhatj\u00e1k meg. \u00dczlet\u00fcnkben minden term\u00e9k 100% eredeti \u00e9s hiteles, a hamis \u00e1ruk\u00e9rt t\u00edzszeres k\u00e1rt\u00e9r\u00edt\u00e9s a boltunk szab\u00e1lyzata.<\/p>\n<p>&nbsp;<\/p>\n<p><strong>Sz\u00e1ll\u00edt\u00e1si r\u00e9szletek:<\/strong><\/p>\n<div class=\"flex-shrink-0 flex flex-col relative items-end\">\n<div>\n<div class=\"pt-0\">\n<div class=\"gizmo-bot-avatar flex h-8 w-8 items-center justify-center overflow-hidden rounded-full\">\n<div class=\"relative p-1 rounded-sm flex items-center justify-center bg-token-main-surface-primary text-token-text-primary h-8 w-8\"><strong>Milyen sz\u00e1ll\u00edt\u00e1si m\u00f3dokat haszn\u00e1lnak?<\/strong><\/div>\n<\/div>\n<\/div>\n<\/div>\n<\/div>\n<div class=\"group\/conversation-turn relative flex w-full min-w-0 flex-col agent-turn\">\n<div class=\"flex-col gap-1 md:gap-3\">\n<div class=\"flex max-w-full flex-col flex-grow\">\n<div class=\"min-h-[20px] text-message flex w-full flex-col items-end gap-2 whitespace-normal break-words [.text-message+&amp;]:mt-5 overflow-x-auto\" dir=\"auto\" data-message-author-role=\"assistant\" data-message-id=\"22f8283b-3233-46ff-89a5-c7a41b33abda\">\n<div class=\"flex w-full flex-col gap-1 empty:hidden first:pt-[3px]\">\n<div class=\"markdown prose w-full break-words dark:prose-invert light\">\n<p>Partnerei vagyunk a UPS, DHL, FedEx, DPD \u00e9s m\u00e1s vezet\u0151 fuvaroz\u00f3knak. A legjobb sz\u00e1ll\u00edt\u00e1si m\u00f3dot fogjuk kiv\u00e1lasztani a sz\u00e1ll\u00edt\u00e1si helysz\u00edne alapj\u00e1n, hogy a lehet\u0151 leggyorsabban megkapja a term\u00e9keit.<\/p>\n<\/div>\n<p><strong>Mennyi id\u0151 alatt \u00e9rkezik meg?<\/strong><\/p>\n<p>A csomagok \u00e1ltal\u00e1ban 10 munkanapon bel\u00fcl meg\u00e9rkeznek Magyarorsz\u00e1gra. Az eur\u00f3pai orsz\u00e1gokba t\u00f6rt\u00e9n\u0151 sz\u00e1ll\u00edt\u00e1s \u00e1ltal\u00e1ban 12-15 munkanapot vesz ig\u00e9nybe. Folyamatosan t\u00e1j\u00e9koztatjuk a sz\u00e1ll\u00edt\u00e1si st\u00e1tuszr\u00f3l.<\/p>\n<p>&nbsp;<\/p>\n<\/div>\n<\/div>\n<\/div>\n<\/div>\n<\/div>\n<p>Tal\u00e1lja meg a tov\u00e1bbi vape term\u00e9keket, amelyek tetszhetnek \u00d6nnek:<em><a href=\"https:\/\/rmvapesale.com\/hu\/shop-2\/\">V\u00e1s\u00e1roljon most\u00a0<\/a><\/em><\/p>\n<p>Egy\u00e9b n\u00e9pszer\u0171 vape term\u00e9kek, amelyek tetszhetnek:<\/p>\n<p><a href=\"https:\/\/rmvapesale.com\/hu\/product\/bang-30k-puffs-disposable-vape-double-taste-wholesale-italy\/\">Bang 30k slukk<\/a><\/p>\n<p><a href=\"https:\/\/rmvapesale.com\/hu\/product\/bang-beach-22000-puffs-smart-screen-vapes-factory-price\/\">Bang Beach 22000 slukk<\/a><\/p>\n<p><a href=\"https:\/\/rmvapesale.com\/hu\/product\/randm-tornado-15000-puffs-vape-wholesale\/\">RandM Tornado 15000 Puffs<\/a><\/p>\n<p><a href=\"https:\/\/rmvapesale.com\/hu\/product\/bang-20000-puffs-disposable-vape-wholesale-supplier\/\">Bang 20000 slukk<\/a><\/p>","protected":false},"excerpt":{"rendered":"<p>Vape Bang Box Tornado Nagykereskedelem Bang 12000 Puffs Legjobb \u00cdz<\/p>\n<p>BANG Tornado 12000 Puffs Eldobhat\u00f3 Vape Pod Nagykereskedelmi \u00c1r<\/p>\n<p>Bang tornado 12000 Puffs 0% 2% 3% 5% Nikotin rakt\u00e1ron<\/p>\n<p><strong>Tov\u00e1bbi kedvezm\u00e9ny\u00e9rt \u00e9s alacsonyabb minim\u00e1lis rendel\u00e9si mennyis\u00e9g\u00e9rt l\u00e9pjen kapcsolatba Amy-vel<\/strong><\/p>\n<p><img loading=\"lazy\" decoding=\"async\" class=\"size-medium wp-image-1814\" src=\"https:\/\/rmvapesale.com\/wp-content\/uploads\/2024\/04\/whatsapp-amy-229x300.jpg\" alt=\"whatsapp amy\" width=\"229\" height=\"300\" srcset=\"https:\/\/rmvapesale.com\/wp-content\/uploads\/2024\/04\/whatsapp-amy-229x300.jpg 229w, https:\/\/rmvapesale.com\/wp-content\/uploads\/2024\/04\/whatsapp-amy-783x1024.jpg 783w, https:\/\/rmvapesale.com\/wp-content\/uploads\/2024\/04\/whatsapp-amy-768x1005.jpg 768w, https:\/\/rmvapesale.com\/wp-content\/uploads\/2024\/04\/whatsapp-amy-600x785.jpg 600w, https:\/\/rmvapesale.com\/wp-content\/uploads\/2024\/04\/whatsapp-amy.jpg 990w\" sizes=\"auto, (max-width: 229px) 100vw, 229px\" \/><\/p>\n<h3><span style=\"color: #ff0000\"><strong>WhatsApp: +86 17776015835<\/strong><\/span><\/h3>","protected":false},"featured_media":1981,"comment_status":"open","ping_status":"closed","template":"","meta":{"_uag_custom_page_level_css":"","_lmt_disableupdate":"no","_lmt_disable":"","site-sidebar-layout":"default","site-content-layout":"content-boxed-container","ast-site-content-layout":"normal-width-container","site-content-style":"boxed","site-sidebar-style":"unboxed","ast-global-header-display":"","ast-banner-title-visibility":"","ast-main-header-display":"","ast-hfb-above-header-display":"","ast-hfb-below-header-display":"","ast-hfb-mobile-header-display":"","site-post-title":"","ast-breadcrumbs-content":"","ast-featured-img":"","footer-sml-layout":"","ast-disable-related-posts":"","theme-transparent-header-meta":"default","adv-header-id-meta":"","stick-header-meta":"","header-above-stick-meta":"","header-main-stick-meta":"","header-below-stick-meta":"","astra-migrate-meta-layouts":"set","ast-page-background-enabled":"default","ast-page-background-meta":{"desktop":{"background-color":"var(--ast-global-color-4)","background-image":"","background-repeat":"repeat","background-position":"center center","background-size":"auto","background-attachment":"scroll","background-type":"","background-media":"","overlay-type":"","overlay-color":"","overlay-opacity":"","overlay-gradient":""},"tablet":{"background-color":"","background-image":"","background-repeat":"repeat","background-position":"center center","background-size":"auto","background-attachment":"scroll","background-type":"","background-media":"","overlay-type":"","overlay-color":"","overlay-opacity":"","overlay-gradient":""},"mobile":{"background-color":"","background-image":"","background-repeat":"repeat","background-position":"center center","background-size":"auto","background-attachment":"scroll","background-type":"","background-media":"","overlay-type":"","overlay-color":"","overlay-opacity":"","overlay-gradient":""}},"ast-content-background-meta":{"desktop":{"background-color":"var(--ast-global-color-5)","background-image":"","background-repeat":"repeat","background-position":"center center","background-size":"auto","background-attachment":"scroll","background-type":"","background-media":"","overlay-type":"","overlay-color":"","overlay-opacity":"","overlay-gradient":""},"tablet":{"background-color":"var(--ast-global-color-5)","background-image":"","background-repeat":"repeat","background-position":"center center","background-size":"auto","background-attachment":"scroll","background-type":"","background-media":"","overlay-type":"","overlay-color":"","overlay-opacity":"","overlay-gradient":""},"mobile":{"background-color":"var(--ast-global-color-5)","background-image":"","background-repeat":"repeat","background-position":"center center","background-size":"auto","background-attachment":"scroll","background-type":"","background-media":"","overlay-type":"","overlay-color":"","overlay-opacity":"","overlay-gradient":""}},"_joinchat":[]},"product_brand":[],"product_cat":[60,254,273,279,27,25,123,293,30,26,15,28,295,137,136,135,297],"product_tag":[63,56,57,58,40,41,37],"class_list":{"0":"post-1985","1":"product","2":"type-product","3":"status-publish","4":"has-post-thumbnail","6":"product_cat-bang-vapes","7":"product_cat-12000-puff-disposable-vape","8":"product_cat-bang-box-vape","9":"product_cat-bang-king-vape","10":"product_cat-fance-hot-sale-vape","11":"product_cat-germany-best-selling-vape","12":"product_cat-italy-wholesale-vape","13":"product_cat-low-nicotine-disposable-vapes","14":"product_cat-minimum-order-quantity-50pcs","15":"product_cat-netherlands-hot-sale-vape","16":"product_cat-new-vape-this-week","17":"product_cat-poland-hot-sale-vape","18":"product_cat-rechargeable-disposable-vapes","19":"product_cat-rechargeable-vapes","20":"product_cat-smart-screen-vapes","21":"product_cat-spain-best-hot-sale-vape","22":"product_cat-tornado-disposable-vapes","23":"product_tag-bang-vapes","24":"product_tag-disposable-vape-wholesale-near-me","25":"product_tag-disposable-vape-wholesale-supplier","26":"product_tag-electric-cigarettes","27":"product_tag-hot-sale-vape","28":"product_tag-original-factory-vape","29":"product_tag-wholesale-vape-price","30":"desktop-align-left","31":"tablet-align-left","32":"mobile-align-left","34":"first","35":"instock","36":"sale","37":"shipping-taxable","38":"purchasable","39":"product-type-simple"},"uagb_featured_image_src":{"full":["https:\/\/rmvapesale.com\/wp-content\/uploads\/2024\/09\/Bang-Tornado-12000-Puffs-Disposable-Vape.jpg",800,800,false],"thumbnail":["https:\/\/rmvapesale.com\/wp-content\/uploads\/2024\/09\/Bang-Tornado-12000-Puffs-Disposable-Vape-150x150.jpg",150,150,true],"medium":["https:\/\/rmvapesale.com\/wp-content\/uploads\/2024\/09\/Bang-Tornado-12000-Puffs-Disposable-Vape-300x300.jpg",300,300,true],"medium_large":["https:\/\/rmvapesale.com\/wp-content\/uploads\/2024\/09\/Bang-Tornado-12000-Puffs-Disposable-Vape-768x768.jpg",768,768,true],"large":["https:\/\/rmvapesale.com\/wp-content\/uploads\/2024\/09\/Bang-Tornado-12000-Puffs-Disposable-Vape.jpg",800,800,false],"1536x1536":["https:\/\/rmvapesale.com\/wp-content\/uploads\/2024\/09\/Bang-Tornado-12000-Puffs-Disposable-Vape.jpg",800,800,false],"2048x2048":["https:\/\/rmvapesale.com\/wp-content\/uploads\/2024\/09\/Bang-Tornado-12000-Puffs-Disposable-Vape.jpg",800,800,false],"trp-custom-language-flag":["https:\/\/rmvapesale.com\/wp-content\/uploads\/2024\/09\/Bang-Tornado-12000-Puffs-Disposable-Vape.jpg",12,12,false],"woocommerce_thumbnail":["https:\/\/rmvapesale.com\/wp-content\/uploads\/2024\/09\/Bang-Tornado-12000-Puffs-Disposable-Vape-300x300.jpg",300,300,true],"woocommerce_single":["https:\/\/rmvapesale.com\/wp-content\/uploads\/2024\/09\/Bang-Tornado-12000-Puffs-Disposable-Vape-600x600.jpg",600,600,true],"woocommerce_gallery_thumbnail":["https:\/\/rmvapesale.com\/wp-content\/uploads\/2024\/09\/Bang-Tornado-12000-Puffs-Disposable-Vape-100x100.jpg",100,100,true],"wcpr-photo-reviews":["https:\/\/rmvapesale.com\/wp-content\/uploads\/2024\/09\/Bang-Tornado-12000-Puffs-Disposable-Vape.jpg",500,500,false]},"uagb_author_info":{"display_name":"AMY","author_link":"https:\/\/rmvapesale.com\/hu\/author\/"},"uagb_comment_info":0,"uagb_excerpt":"Vape Bang Box Tornado Wholesale Bang 12000 Puffs Best Flavor BANG Tornado 12000 Puffs Disposable Vape Pod Wholesale Price Bang tornado 12000 Puffs 0% 2% 3% 5% Nicotine in stock Contact Amy For More Discount And Lower MOQ Vape WhatsApp: +86 17776015835","_links":{"self":[{"href":"https:\/\/rmvapesale.com\/hu\/wp-json\/wp\/v2\/product\/1985","targetHints":{"allow":["GET"]}}],"collection":[{"href":"https:\/\/rmvapesale.com\/hu\/wp-json\/wp\/v2\/product"}],"about":[{"href":"https:\/\/rmvapesale.com\/hu\/wp-json\/wp\/v2\/types\/product"}],"replies":[{"embeddable":true,"href":"https:\/\/rmvapesale.com\/hu\/wp-json\/wp\/v2\/comments?post=1985"}],"wp:featuredmedia":[{"embeddable":true,"href":"https:\/\/rmvapesale.com\/hu\/wp-json\/wp\/v2\/media\/1981"}],"wp:attachment":[{"href":"https:\/\/rmvapesale.com\/hu\/wp-json\/wp\/v2\/media?parent=1985"}],"wp:term":[{"taxonomy":"product_brand","embeddable":true,"href":"https:\/\/rmvapesale.com\/hu\/wp-json\/wp\/v2\/product_brand?post=1985"},{"taxonomy":"product_cat","embeddable":true,"href":"https:\/\/rmvapesale.com\/hu\/wp-json\/wp\/v2\/product_cat?post=1985"},{"taxonomy":"product_tag","embeddable":true,"href":"https:\/\/rmvapesale.com\/hu\/wp-json\/wp\/v2\/product_tag?post=1985"}],"curies":[{"name":"wp","href":"https:\/\/api.w.org\/{rel}","templated":true}]}}