{"id":2001,"date":"2024-09-18T02:33:31","date_gmt":"2024-09-18T02:33:31","guid":{"rendered":"https:\/\/rmvapesale.com\/?post_type=product&#038;p=2001"},"modified":"2025-01-20T03:54:40","modified_gmt":"2025-01-20T03:54:40","slug":"waspe-tornado-15000-puffs-original-factory-price","status":"publish","type":"product","link":"https:\/\/rmvapesale.com\/hu\/product\/waspe-tornado-15000-puffs-original-factory-price\/","title":{"rendered":"Waspe Tornado 15000 Puffs Eredeti gy\u00e1ri \u00e1r"},"content":{"rendered":"<h1>Waspe Tornado 15000 Puffs Eredeti gy\u00e1ri \u00e1r<\/h1>\n<p>Fedezze fel az \u00faj egyszer haszn\u00e1latos vape-t a Waspe Tornado 15000 Puffs Eredetivel, amely ak\u00e1r 15000 sz\u00edv\u00e1st k\u00edn\u00e1l, kiz\u00e1r\u00f3lag a Waspe gy\u00e1rb\u00f3l el\u00e9rhet\u0151. Ez az innovat\u00edv vape k\u00e9sz\u00fcl\u00e9k kiv\u00e9teles nikotinmentes \u00e9lm\u00e9nyt ny\u00fajt versenyk\u00e9pes \u00e1ron. Eleg\u00e1ns kialak\u00edt\u00e1s\u00e1ban LED k\u00e9perny\u0151 tal\u00e1lhat\u00f3 az akkumul\u00e1tor \u00e9lettartam\u00e1nak \u00e9s a sz\u00edv\u00e1sok sz\u00e1m\u00e1nak nyomon k\u00f6vet\u00e9s\u00e9re, mindez ergonomikus kialak\u00edt\u00e1sban, amely lehet\u0151v\u00e9 teszi, hogy olyan \u00edzeket \u00e9lvezzen, mint m\u00e9g soha.<\/p>\n<p><strong>L\u00e9pjen kapcsolatba Amyvel a pontos v\u00e1laszok\u00e9rt \u00e9s tov\u00e1bbi term\u00e9kvide\u00f3k\u00e9rt!<\/strong><\/p>\n<figure id=\"attachment_1978\" aria-describedby=\"caption-attachment-1978\" style=\"width: 229px\" class=\"wp-caption alignnone\"><img loading=\"lazy\" decoding=\"async\" class=\"size-full wp-image-1978\" src=\"https:\/\/rmvapesale.com\/wp-content\/uploads\/2024\/09\/Disposable-Vape-Wholesale.jpg\" alt=\"Eldobhat\u00f3 Vape Nagykereskedelem\" width=\"229\" height=\"300\" \/><figcaption id=\"caption-attachment-1978\" class=\"wp-caption-text\">Eldobhat\u00f3 Vape Nagykereskedelem<\/figcaption><\/figure>\n<h3><span style=\"color: #ff0000\"><strong>WhatsApp: +86 17776015835<\/strong><\/span><\/h3>\n<p>&nbsp;<\/p>\n<figure id=\"attachment_2013\" aria-describedby=\"caption-attachment-2013\" style=\"width: 300px\" class=\"wp-caption alignnone\"><img loading=\"lazy\" decoding=\"async\" class=\"size-medium wp-image-2013\" src=\"https:\/\/rmvapesale.com\/wp-content\/uploads\/2024\/09\/Waspe-Tornado-15000-300x300.png\" alt=\"Waspe Tornado 15000\" width=\"300\" height=\"300\" srcset=\"https:\/\/rmvapesale.com\/wp-content\/uploads\/2024\/09\/Waspe-Tornado-15000-300x300.png 300w, https:\/\/rmvapesale.com\/wp-content\/uploads\/2024\/09\/Waspe-Tornado-15000-150x150.png 150w, https:\/\/rmvapesale.com\/wp-content\/uploads\/2024\/09\/Waspe-Tornado-15000-768x768.png 768w, https:\/\/rmvapesale.com\/wp-content\/uploads\/2024\/09\/Waspe-Tornado-15000-600x600.png 600w, https:\/\/rmvapesale.com\/wp-content\/uploads\/2024\/09\/Waspe-Tornado-15000-100x100.png 100w, https:\/\/rmvapesale.com\/wp-content\/uploads\/2024\/09\/Waspe-Tornado-15000.png 800w\" sizes=\"auto, (max-width: 300px) 100vw, 300px\" \/><figcaption id=\"caption-attachment-2013\" class=\"wp-caption-text\">Waspe Tornado 15000<\/figcaption><\/figure>\n<h2><strong>Waspe Tornado 15000 puffs F\u0151 Jellemz\u0151k<\/strong><\/h2>\n<p>Slukkok: 15000<br \/>\nAkkumul\u00e1tor: 850mAh \u00dajrat\u00f6lthet\u0151<br \/>\nKijelz\u0151: LED Kijelz\u0151<br \/>\nNikotin: 0% 2% 3% 5%<br \/>\nFolyad\u00e9k Kapacit\u00e1s: 22ml<br \/>\nKaz\u00e1nbet\u00e9t: H\u00e1l\u00f3s kaz\u00e1nbet\u00e9t<\/p>\n<h2><strong>Legjobb \u00edzek a Waspe Tornado 15000-hez<\/strong><\/h2>\n<p>A Waspe Tornado 15000 puffs Egyszer haszn\u00e1latos k\u00e9szlet 12 szak\u00e9rt\u0151i m\u00f3don kialak\u00edtott \u00edzzel, mindegyik egyedi \u00e9s kiel\u00e9g\u00edt\u0151 \u00edz\u00e9lm\u00e9nyt ny\u00fajt, biztosan megtal\u00e1lja a kedvencet<\/p>\n<p>1. G\u00f6r\u00f6gdinnye j\u00e9g<span style=\"color: #ff0000\"><strong>&gt;&gt;&gt;&gt; Forr\u00f3!<\/strong><\/span><br \/>\n2. Eper G\u00f6r\u00f6gdinnye<br \/>\n3. Narancs Sz\u00f3da<br \/>\n4. Dupla Alma<span style=\"color: #ff0000\"><strong>&gt;&gt;&gt;&gt; Forr\u00f3!<\/strong><\/span><br \/>\n5. Eper Kivi<br \/>\n6. Cseresznye J\u00e9g<span style=\"color: #ff0000\"><strong>&gt;&gt;&gt;&gt; Forr\u00f3!<\/strong><\/span><br \/>\n7. Aloe Sz\u0151l\u0151<br \/>\n8. Vegyes bogy\u00f3k<span style=\"color: #ff0000\"><strong>&gt;&gt;&gt;&gt;A legjobb!<\/strong><\/span><br \/>\n9. \u00c1fonya J\u00e9g<br \/>\n10. Eper mang\u00f3<br \/>\n11. K\u00e9k Razz Citrom<span style=\"color: #ff0000\"><strong>&gt;&gt;&gt;&gt; Forr\u00f3!<\/strong><\/span><br \/>\n12. S\u00e1rgabarack J\u00e9g<\/p>\n<h2><strong>K\u00e9rd\u00e9sek, amiket \u00e9rdemes tudni a Waspe Tornado 15000-r\u00f3l<\/strong><\/h2>\n<p>&nbsp;<\/p>\n<p><strong>1. Hogyan haszn\u00e1lom a Waspe Tornado 15000-et?<\/strong><strong>\u00a0<\/strong><strong>ha \u00faj vagy a vapel\u00e9sben?<\/strong><br \/>\nA Waspe Tornado 15000 a k\u00f6nny\u0171 haszn\u00e1lat \u00e9rdek\u00e9ben lett tervezve. Csak csomagold ki az eszk\u00f6zt, \u00e9s kezdj el sz\u00edvni, hogy \u00e9lvezd a kiv\u00e1lasztott \u00edzt. Nincsenek bonyolult be\u00e1ll\u00edt\u00e1sok vagy karbantart\u00e1s, \u00edgy t\u00f6k\u00e9letes v\u00e1laszt\u00e1s kezd\u0151k sz\u00e1m\u00e1ra.<\/p>\n<p><strong>2. K\u00f6rnyezetbar\u00e1t a Waspe Tornado 15000?<\/strong><br \/>\nIgen, a Vapes Europe elk\u00f6telezett a fenntarthat\u00f3s\u00e1g mellett. B\u00e1r a Waspe Tornado 15000 eldobhat\u00f3 eszk\u00f6z, \u00f6szt\u00f6n\u00f6zz\u00fck a felel\u0151s hullad\u00e9kkezel\u00e9st. K\u00e9rj\u00fck, haszn\u00e1lj kijel\u00f6lt elektronikus hullad\u00e9kgy\u0171jt\u0151 helyeket az k\u00f6rnyezeti hat\u00e1s minimaliz\u00e1l\u00e1sa \u00e9s az eszk\u00f6z \u00f6sszetev\u0151inek megfelel\u0151 kezel\u00e9se \u00e9rdek\u00e9ben.<\/p>\n<p><strong>3. Hogyan szabaduljak meg biztons\u00e1gosan a Waspe Tornado 15000-t\u0151l?<\/strong><br \/>\nA Waspe Tornado 15000 hullad\u00e9k\u00e1nak kezel\u00e9s\u00e9hez gy\u0151z\u0151dj meg arr\u00f3l, hogy teljesen ki\u00fcr\u00fclt. Ezut\u00e1n k\u00f6vesd a helyi szab\u00e1lyokat az elektronikus hullad\u00e9k kezel\u00e9s\u00e9re vagy \u00fajrahasznos\u00edt\u00f3 k\u00f6zpontokra. Sok k\u00f6z\u00f6ss\u00e9g k\u00edn\u00e1l speci\u00e1lis elektronikus eszk\u00f6z\u00f6k lead\u00e1si pontokat a megfelel\u0151 hullad\u00e9kkezel\u00e9s \u00e9s a k\u00f6rnyezeti hat\u00e1s cs\u00f6kkent\u00e9se \u00e9rdek\u00e9ben.<\/p>\n<p><strong>4. Biztons\u00e1gos-e a Waspe Tornado 15000 haszn\u00e1lata \u00e9s \u00e1rtalmatlan\u00edt\u00e1sa?<\/strong><br \/>\nAbszol\u00fat. A Bang Digital Box 15000-et a biztons\u00e1got szem el\u0151tt tartva tervezt\u00e9k, \u00e9s megfelel az ipari szabv\u00e1nyoknak. Eldobhat\u00f3 jellege kik\u00fcsz\u00f6b\u00f6li a karbantart\u00e1si gondokat, \u00e9s ha felel\u0151ss\u00e9gteljesen semmis\u00edtik meg, minim\u00e1lis a k\u00f6rnyezeti hat\u00e1sa. Mindig k\u00f6vesse a biztons\u00e1gi ir\u00e1nyelveket, \u00e9s b\u00e1tran vegye fel a kapcsolatot \u00fcgyf\u00e9lszolg\u00e1latunkkal, ha b\u00e1rmilyen konkr\u00e9t k\u00e9rd\u00e9se van.<\/p>\n<p>&nbsp;<\/p>\n<h3><b>GYIK<\/b><\/h3>\n<p>&nbsp;<\/p>\n<div class=\"flex-shrink-0 flex flex-col relative items-end\">\n<div>\n<div class=\"pt-0\">\n<div class=\"gizmo-bot-avatar flex h-8 w-8 items-center justify-center overflow-hidden rounded-full\">\n<div class=\"relative p-1 rounded-sm flex items-center justify-center bg-token-main-surface-primary text-token-text-primary h-8 w-8\"><strong>Milyen sz\u00e1ll\u00edt\u00e1si m\u00f3dokat haszn\u00e1lnak?<\/strong><\/div>\n<\/div>\n<\/div>\n<\/div>\n<\/div>\n<div class=\"group\/conversation-turn relative flex w-full min-w-0 flex-col agent-turn\">\n<div class=\"flex-col gap-1 md:gap-3\">\n<div class=\"flex max-w-full flex-col flex-grow\">\n<div class=\"min-h-[20px] text-message flex w-full flex-col items-end gap-2 whitespace-normal break-words [.text-message+&amp;]:mt-5 overflow-x-auto\" dir=\"auto\" data-message-author-role=\"assistant\" data-message-id=\"22f8283b-3233-46ff-89a5-c7a41b33abda\">\n<div class=\"flex w-full flex-col gap-1 empty:hidden first:pt-[3px]\">\n<div class=\"markdown prose w-full break-words dark:prose-invert light\">\n<p>Partnerei vagyunk a UPS, DHL, FedEx, DPD \u00e9s m\u00e1s vezet\u0151 fuvaroz\u00f3knak. A legjobb sz\u00e1ll\u00edt\u00e1si m\u00f3dot fogjuk kiv\u00e1lasztani a sz\u00e1ll\u00edt\u00e1si helysz\u00edne alapj\u00e1n, hogy a lehet\u0151 leggyorsabban megkapja a term\u00e9keit.<\/p>\n<\/div>\n<p><strong>Mennyi id\u0151 alatt \u00e9rkezik meg?<\/strong><\/p>\n<p>A csomagok \u00e1ltal\u00e1ban 10 munkanapon bel\u00fcl meg\u00e9rkeznek Magyarorsz\u00e1gra. Az eur\u00f3pai orsz\u00e1gokba t\u00f6rt\u00e9n\u0151 sz\u00e1ll\u00edt\u00e1s \u00e1ltal\u00e1ban 12-15 munkanapot vesz ig\u00e9nybe. Folyamatosan t\u00e1j\u00e9koztatjuk a sz\u00e1ll\u00edt\u00e1si st\u00e1tuszr\u00f3l.<\/p>\n<\/div>\n<p><strong>garancia<\/strong><\/p>\n<p>\u00dczlet\u00fcnkben minden term\u00e9k garant\u00e1ltan 100% eredeti \u00e9s hiteles. 10-szeres k\u00e1rt\u00e9r\u00edt\u00e9st k\u00edn\u00e1lunk hamis \u00e1ru eset\u00e9n!<\/p>\n<div class=\"flex w-full flex-col gap-1 empty:hidden first:pt-[3px]\">\n<p>&nbsp;<\/p>\n<\/div>\n<\/div>\n<\/div>\n<\/div>\n<\/div>\n<p>Tal\u00e1lja meg a tov\u00e1bbi vape term\u00e9keket, amelyek tetszhetnek \u00d6nnek:<strong><em><a href=\"https:\/\/rmvapesale.com\/hu\/shop-2\/\">V\u00e1s\u00e1roljon most &gt;&gt;&gt;<\/a><\/em><\/strong><\/p>\n<p>Egy\u00e9b n\u00e9pszer\u0171 vape term\u00e9kek, amelyek tetszhetnek:<\/p>\n<p><strong><a href=\"https:\/\/rmvapesale.com\/hu\/product\/bang-digital-box-15000-puffs-original-factory-wholesale\/\">Bang Digital Box 15000 Puffs<\/a><\/strong><\/p>\n<p><strong><a href=\"https:\/\/rmvapesale.com\/hu\/product\/bang-beach-22000-puffs-smart-screen-vapes-factory-price\/\">Bang Beach 22000 slukk<\/a><\/strong><\/p>\n<p><a href=\"https:\/\/rmvapesale.com\/hu\/product\/randm-tornado-15000-puffs-vape-wholesale\/\"><strong>RandM Tornado 15000 Puffs<\/strong><\/a><\/p>\n<p>&nbsp;<\/p>","protected":false},"excerpt":{"rendered":"<p class=\"LC20lb MBeuO DKV0Md\">Waspe Tornado 15000 puffs Egyszer haszn\u00e1latos Vape<\/p>\n<p>Eredeti Waspe Tornado 15000 puffs Nagykereskedelmi \u00c1r<\/p>\n<p>WASPE 15000 Puffs Eredeti LED Vil\u00e1g\u00edt\u00e1s\u00fa Egyszer haszn\u00e1latos Vape<\/p>\n<p><strong>Tov\u00e1bbi kedvezm\u00e9ny\u00e9rt \u00e9s alacsonyabb minim\u00e1lis rendel\u00e9si mennyis\u00e9g\u00e9rt l\u00e9pjen kapcsolatba Amy-vel<\/strong><\/p>\n<p><img loading=\"lazy\" decoding=\"async\" class=\"size-medium wp-image-1814\" src=\"https:\/\/rmvapesale.com\/wp-content\/uploads\/2024\/04\/whatsapp-amy-229x300.jpg\" alt=\"whatsapp amy\" width=\"229\" height=\"300\" srcset=\"https:\/\/rmvapesale.com\/wp-content\/uploads\/2024\/04\/whatsapp-amy-229x300.jpg 229w, https:\/\/rmvapesale.com\/wp-content\/uploads\/2024\/04\/whatsapp-amy-783x1024.jpg 783w, https:\/\/rmvapesale.com\/wp-content\/uploads\/2024\/04\/whatsapp-amy-768x1005.jpg 768w, https:\/\/rmvapesale.com\/wp-content\/uploads\/2024\/04\/whatsapp-amy-600x785.jpg 600w, https:\/\/rmvapesale.com\/wp-content\/uploads\/2024\/04\/whatsapp-amy.jpg 990w\" sizes=\"auto, (max-width: 229px) 100vw, 229px\" \/><\/p>\n<h3><span style=\"color: #ff0000\"><strong>WhatsApp: +86 17776015835<\/strong><\/span><\/h3>","protected":false},"featured_media":2012,"comment_status":"open","ping_status":"closed","template":"","meta":{"_uag_custom_page_level_css":"","_lmt_disableupdate":"no","_lmt_disable":"","site-sidebar-layout":"default","site-content-layout":"content-boxed-container","ast-site-content-layout":"normal-width-container","site-content-style":"boxed","site-sidebar-style":"unboxed","ast-global-header-display":"","ast-banner-title-visibility":"","ast-main-header-display":"","ast-hfb-above-header-display":"","ast-hfb-below-header-display":"","ast-hfb-mobile-header-display":"","site-post-title":"","ast-breadcrumbs-content":"","ast-featured-img":"","footer-sml-layout":"","theme-transparent-header-meta":"default","adv-header-id-meta":"","stick-header-meta":"","header-above-stick-meta":"","header-main-stick-meta":"","header-below-stick-meta":"","astra-migrate-meta-layouts":"set","ast-page-background-enabled":"default","ast-page-background-meta":{"desktop":{"background-color":"var(--ast-global-color-4)","background-image":"","background-repeat":"repeat","background-position":"center center","background-size":"auto","background-attachment":"scroll","background-type":"","background-media":"","overlay-type":"","overlay-color":"","overlay-opacity":"","overlay-gradient":""},"tablet":{"background-color":"","background-image":"","background-repeat":"repeat","background-position":"center center","background-size":"auto","background-attachment":"scroll","background-type":"","background-media":"","overlay-type":"","overlay-color":"","overlay-opacity":"","overlay-gradient":""},"mobile":{"background-color":"","background-image":"","background-repeat":"repeat","background-position":"center center","background-size":"auto","background-attachment":"scroll","background-type":"","background-media":"","overlay-type":"","overlay-color":"","overlay-opacity":"","overlay-gradient":""}},"ast-content-background-meta":{"desktop":{"background-color":"var(--ast-global-color-5)","background-image":"","background-repeat":"repeat","background-position":"center center","background-size":"auto","background-attachment":"scroll","background-type":"","background-media":"","overlay-type":"","overlay-color":"","overlay-opacity":"","overlay-gradient":""},"tablet":{"background-color":"var(--ast-global-color-5)","background-image":"","background-repeat":"repeat","background-position":"center center","background-size":"auto","background-attachment":"scroll","background-type":"","background-media":"","overlay-type":"","overlay-color":"","overlay-opacity":"","overlay-gradient":""},"mobile":{"background-color":"var(--ast-global-color-5)","background-image":"","background-repeat":"repeat","background-position":"center center","background-size":"auto","background-attachment":"scroll","background-type":"","background-media":"","overlay-type":"","overlay-color":"","overlay-opacity":"","overlay-gradient":""}},"_joinchat":[]},"product_brand":[],"product_cat":[15,292,293,295,299,297,25,123,26,28,135,27,61,137,136,30],"product_tag":[56,57,58,40,41,37],"class_list":{"0":"post-2001","1":"product","2":"type-product","3":"status-publish","4":"has-post-thumbnail","6":"product_cat-new-vape-this-week","7":"product_cat-digital-disposable-vapes","8":"product_cat-low-nicotine-disposable-vapes","9":"product_cat-rechargeable-disposable-vapes","10":"product_cat-smart-screen-disposable-vapes","11":"product_cat-tornado-disposable-vapes","12":"product_cat-germany-best-selling-vape","13":"product_cat-italy-wholesale-vape","14":"product_cat-netherlands-hot-sale-vape","15":"product_cat-poland-hot-sale-vape","16":"product_cat-spain-best-hot-sale-vape","17":"product_cat-fance-hot-sale-vape","18":"product_cat-15000-puffs-disposable-vapes","19":"product_cat-rechargeable-vapes","20":"product_cat-smart-screen-vapes","21":"product_cat-minimum-order-quantity-50pcs","22":"product_tag-disposable-vape-wholesale-near-me","23":"product_tag-disposable-vape-wholesale-supplier","24":"product_tag-electric-cigarettes","25":"product_tag-hot-sale-vape","26":"product_tag-original-factory-vape","27":"product_tag-wholesale-vape-price","28":"desktop-align-left","29":"tablet-align-left","30":"mobile-align-left","32":"first","33":"instock","34":"sale","35":"shipping-taxable","36":"purchasable","37":"product-type-simple"},"uagb_featured_image_src":{"full":["https:\/\/rmvapesale.com\/wp-content\/uploads\/2024\/09\/Waspe-Tornado-15000-Puffs.jpg",800,800,false],"thumbnail":["https:\/\/rmvapesale.com\/wp-content\/uploads\/2024\/09\/Waspe-Tornado-15000-Puffs-150x150.jpg",150,150,true],"medium":["https:\/\/rmvapesale.com\/wp-content\/uploads\/2024\/09\/Waspe-Tornado-15000-Puffs-300x300.jpg",300,300,true],"medium_large":["https:\/\/rmvapesale.com\/wp-content\/uploads\/2024\/09\/Waspe-Tornado-15000-Puffs-768x768.jpg",768,768,true],"large":["https:\/\/rmvapesale.com\/wp-content\/uploads\/2024\/09\/Waspe-Tornado-15000-Puffs.jpg",800,800,false],"1536x1536":["https:\/\/rmvapesale.com\/wp-content\/uploads\/2024\/09\/Waspe-Tornado-15000-Puffs.jpg",800,800,false],"2048x2048":["https:\/\/rmvapesale.com\/wp-content\/uploads\/2024\/09\/Waspe-Tornado-15000-Puffs.jpg",800,800,false],"trp-custom-language-flag":["https:\/\/rmvapesale.com\/wp-content\/uploads\/2024\/09\/Waspe-Tornado-15000-Puffs.jpg",12,12,false],"woocommerce_thumbnail":["https:\/\/rmvapesale.com\/wp-content\/uploads\/2024\/09\/Waspe-Tornado-15000-Puffs-300x300.jpg",300,300,true],"woocommerce_single":["https:\/\/rmvapesale.com\/wp-content\/uploads\/2024\/09\/Waspe-Tornado-15000-Puffs-600x600.jpg",600,600,true],"woocommerce_gallery_thumbnail":["https:\/\/rmvapesale.com\/wp-content\/uploads\/2024\/09\/Waspe-Tornado-15000-Puffs-100x100.jpg",100,100,true],"wcpr-photo-reviews":["https:\/\/rmvapesale.com\/wp-content\/uploads\/2024\/09\/Waspe-Tornado-15000-Puffs.jpg",500,500,false]},"uagb_author_info":{"display_name":"AMY","author_link":"https:\/\/rmvapesale.com\/hu\/author\/"},"uagb_comment_info":0,"uagb_excerpt":"Waspe Tornado 15000 puffs Disposable Vape Original Waspe Tornado 15000 puffs Wholesale Price WASPE 15000 Puffs Original LED Light Disposable Vape Contact Amy For More Discount And Lower MOQ Vape WhatsApp: +86 17776015835","_links":{"self":[{"href":"https:\/\/rmvapesale.com\/hu\/wp-json\/wp\/v2\/product\/2001","targetHints":{"allow":["GET"]}}],"collection":[{"href":"https:\/\/rmvapesale.com\/hu\/wp-json\/wp\/v2\/product"}],"about":[{"href":"https:\/\/rmvapesale.com\/hu\/wp-json\/wp\/v2\/types\/product"}],"replies":[{"embeddable":true,"href":"https:\/\/rmvapesale.com\/hu\/wp-json\/wp\/v2\/comments?post=2001"}],"wp:featuredmedia":[{"embeddable":true,"href":"https:\/\/rmvapesale.com\/hu\/wp-json\/wp\/v2\/media\/2012"}],"wp:attachment":[{"href":"https:\/\/rmvapesale.com\/hu\/wp-json\/wp\/v2\/media?parent=2001"}],"wp:term":[{"taxonomy":"product_brand","embeddable":true,"href":"https:\/\/rmvapesale.com\/hu\/wp-json\/wp\/v2\/product_brand?post=2001"},{"taxonomy":"product_cat","embeddable":true,"href":"https:\/\/rmvapesale.com\/hu\/wp-json\/wp\/v2\/product_cat?post=2001"},{"taxonomy":"product_tag","embeddable":true,"href":"https:\/\/rmvapesale.com\/hu\/wp-json\/wp\/v2\/product_tag?post=2001"}],"curies":[{"name":"wp","href":"https:\/\/api.w.org\/{rel}","templated":true}]}}