{"id":2037,"date":"2024-09-19T03:28:36","date_gmt":"2024-09-19T03:28:36","guid":{"rendered":"https:\/\/rmvapesale.com\/?post_type=product&#038;p=2037"},"modified":"2025-08-21T11:56:24","modified_gmt":"2025-08-21T11:56:24","slug":"wga-crystal-pro-max-extra-15k-puffs-disposable-vape-wholesale","status":"publish","type":"product","link":"https:\/\/rmvapesale.com\/hu\/product\/wga-crystal-pro-max-extra-15k-puffs-disposable-vape-wholesale\/","title":{"rendered":"WGA Crystal Pro Max Extra 15k slukk eldobhat\u00f3 vape nagykereskedelem"},"content":{"rendered":"<h1><strong>WGA Crystal Pro Max Extra 15k slukk eldobhat\u00f3 vape nagykereskedelem<\/strong><\/h1>\n<p data-start=\"119\" data-end=\"507\">A <strong data-start=\"123\" data-end=\"188\">WGA Crystal Pro Max Extra 15k slukk eldobhat\u00f3 vape nagykereskedelem<\/strong> kifejezetten a magyar piac sz\u00e1m\u00e1ra k\u00e9sz\u00fclt, k\u00fcl\u00f6n\u00f6sen n\u00e9pszer\u0171 a 25\u201335 \u00e9ves fiatal f\u00e9rfiak k\u00f6r\u00e9ben Magyarorsz\u00e1gon. Hossz\u00fa t\u00e1v\u00fa haszn\u00e1latra tervezve, a <strong data-start=\"336\" data-end=\"368\">Krist\u00e1ly Pro Max 15 000 Puffs<\/strong> egy er\u0151s kialak\u00edt\u00e1st \u00e9s megb\u00edzhat\u00f3 teljes\u00edtm\u00e9nyt \u00f6tv\u00f6z, \u00edgy a v\u00e1s\u00e1rl\u00f3knak \u00e1lland\u00f3 vaporiz\u00e1l\u00e1si lehet\u0151s\u00e9get biztos\u00edt \u00fajrat\u00f6lt\u00e9s vagy t\u00f6lt\u00e9s n\u00e9lk\u00fcl.<\/p>\n<p data-start=\"509\" data-end=\"817\">Ak\u00e1r <strong data-start=\"520\" data-end=\"549\">15 ezer Puffs eldobhat\u00f3 vape<\/strong> kapacit\u00e1ssal, a v\u00e1rosi felhaszn\u00e1l\u00f3k \u00e9letst\u00edlus\u00e1hoz illik, akik \u00e9rt\u00e9kelik az \u00e1ll\u00f3k\u00e9pess\u00e9get \u00e9s a praktikuss\u00e1got. A magyar keresked\u0151k sz\u00e1m\u00e1ra egy olyan eszk\u00f6z rakt\u00e1roz\u00e1sa ny\u00fajt el\u0151nyt, amely megfelel a jelenlegi piaci keresletnek: er\u0151s \u00edz\u00e1tad\u00e1s, tart\u00f3s akkumul\u00e1tor \u00e9s eleg\u00e1ns megjelen\u00e9s, amely vonzza a fiatalabb fogyaszt\u00f3kat.<\/p>\n<p data-start=\"819\" data-end=\"1076\">A nagykereskedelmi v\u00e1s\u00e1rl\u00f3k sz\u00e1m\u00e1ra a WGA Krist\u00e1ly Pro Max Extra versenyk\u00e9pes \u00e1rr\u00e9st \u00e9s stabil \u00e9rt\u00e9kes\u00edt\u00e9si lehet\u0151s\u00e9get k\u00edn\u00e1l Magyarorsz\u00e1gon. Kompakt csomagol\u00e1s, k\u00f6nny\u0171 logisztika \u00e9s m\u00e1rkaismerts\u00e9g teszi okos v\u00e1laszt\u00e1ss\u00e1 b\u00e1rmilyen term\u00e9kpalett\u00e1n, amely a fiatalokat c\u00e9lozza meg.<\/p>\n<p><strong>L\u00e9pjen kapcsolatba Amyvel a pontos v\u00e1laszok\u00e9rt \u00e9s tov\u00e1bbi term\u00e9kvide\u00f3k\u00e9rt!<\/strong><\/p>\n<p><img loading=\"lazy\" decoding=\"async\" class=\"size-full wp-image-1978\" src=\"https:\/\/rmvapesale.com\/wp-content\/uploads\/2024\/09\/Disposable-Vape-Wholesale.jpg\" alt=\"Eldobhat\u00f3 Vape Nagykereskedelem\" width=\"229\" height=\"300\" \/><\/p>\n<h3><span style=\"color: #ff0000;\"><strong>WhatsApp: +86 17776015835<\/strong><\/span><\/h3>\n<p>&nbsp;<\/p>\n<h2 class=\"LC20lb MBeuO DKV0Md\"><strong>WGA Crystal Pro Max 15000<\/strong><\/h2>\n<h2><strong> F\u0151bb jellemz\u0151k<\/strong><\/h2>\n<p>Nikotin: 2% 5%<br \/>\nSz\u00edv\u00e1sok sz\u00e1ma: 12000<br \/>\nKapacit\u00e1s: 20ml<br \/>\n15 \u00edzben kaphat\u00f3<br \/>\nType-C portH\u0171v\u00f6s sz\u00ednes f\u00e9nyek alul<br \/>\n650mah \u00dajrat\u00f6lthet\u0151<br \/>\nH\u00e1l\u00f3s Tekercs 0.8\u03a9<\/p>\n<p>&nbsp;<\/p>\n<p><img loading=\"lazy\" decoding=\"async\" class=\"wp-image-2040 size-full\" src=\"https:\/\/rmvapesale.com\/wp-content\/uploads\/2024\/09\/WGA-Crystal-Pro-Max-15k-Wholesale.png\" alt=\"WGA Crystal Pro Max 15k Nagykereskedelem\" width=\"666\" height=\"666\" srcset=\"https:\/\/rmvapesale.com\/wp-content\/uploads\/2024\/09\/WGA-Crystal-Pro-Max-15k-Wholesale.png 666w, https:\/\/rmvapesale.com\/wp-content\/uploads\/2024\/09\/WGA-Crystal-Pro-Max-15k-Wholesale-300x300.png 300w, https:\/\/rmvapesale.com\/wp-content\/uploads\/2024\/09\/WGA-Crystal-Pro-Max-15k-Wholesale-150x150.png 150w, https:\/\/rmvapesale.com\/wp-content\/uploads\/2024\/09\/WGA-Crystal-Pro-Max-15k-Wholesale-600x600.png 600w, https:\/\/rmvapesale.com\/wp-content\/uploads\/2024\/09\/WGA-Crystal-Pro-Max-15k-Wholesale-100x100.png 100w\" sizes=\"auto, (max-width: 666px) 100vw, 666px\" \/><\/p>\n<h2><\/h2>\n<p>&nbsp;<\/p>\n<h2><strong>A legjobb \u00edz a WGA Crystal Pro Max Extra 15K Puffs-hoz<\/strong><\/h2>\n<p>&nbsp;<\/p>\n<p>A WGA Crystal Pro Max Extra 15K Puffs eldobhat\u00f3 vape toll 15 szakszer\u0171en kidolgozott \u00edzzel b\u00fcszk\u00e9lkedhet, amelyek mindegyike arra szolg\u00e1l, hogy jellegzetes \u00e9s kiel\u00e9g\u00edt\u0151 vaping \u00e9lm\u00e9nyt ny\u00fajtson, van valami, ami a legjobb az \u00d6n sz\u00e1m\u00e1ra!<\/p>\n<p>1.g\u00f6r\u00f6gdinnye j\u00e9g<br \/>\n2.\u00e1fonya m\u00e1lna<span style=\"color: #ff0000;\"><strong>&gt;&gt;&gt;&gt; Forr\u00f3!<\/strong><\/span><br \/>\n3.pezsg\u0151 cseresznye<br \/>\n4.gumimaci<br \/>\n5.citromos lime<br \/>\n6.eper j\u00e9g<br \/>\n7.\u00e1fony\u00e1s savany\u00fa m\u00e1lna<span style=\"color: #ff0000;\"><strong>&gt;&gt;&gt;&gt; Forr\u00f3!<\/strong><\/span><br \/>\n8.k\u00e9k razz j\u00e9g<br \/>\n9.mr blue<span style=\"color: #ff0000;\"><strong>&gt;&gt;&gt;&gt;A legjobb!<\/strong><\/span><br \/>\n10.skittles<br \/>\n11.\u00e1fonya cseresznye t\u0151zeg\u00e1fonya<br \/>\n12.l\u00e9d\u00fas \u0151szibarack<br \/>\n13.eper m\u00e1lna cseresznye j\u00e9g<br \/>\n14.hubba bubba<br \/>\n15.szeder \u00e1fonya m\u00e1lna<br \/>\n16.eper j\u00e9gkr\u00e9m<br \/>\n17.\u00e1fonya j\u00e9gkr\u00e9m<br \/>\n18.prime eper g\u00f6r\u00f6gdinnye<br \/>\n19.eper cseresznye r\u00e1g\u00f3gumi<br \/>\n20.m\u00e1lna cseresznye j\u00e9g<br \/>\n21.anan\u00e1sz j\u00e9g<span style=\"color: #ff0000;\"><strong>&gt;&gt;&gt;&gt; Forr\u00f3!<\/strong><\/span><br \/>\n22.ny\u00e1ri \u00e1lom<br \/>\n23.wga pink<br \/>\n24.friss menta<br \/>\n25.dupla alma<br \/>\n26.tripla mang\u00f3<br \/>\n27.fekete s\u00e1rk\u00e1ny j\u00e9g<br \/>\n28.k\u00f3la j\u00e9g<br \/>\n29.anan\u00e1sz citrom<br \/>\n30.mr black<span style=\"color: #ff0000;\"><strong>&gt;&gt;&gt;&gt; Forr\u00f3!<\/strong><\/span><br \/>\n31.kiwi maracuja guava<\/p>\n<p>&nbsp;<\/p>\n<h2><strong>K\u00e9rd\u00e9sek, amiket \u00e9rdemes tudni a WGA Crystal Pro Max 15000 Puffs-r\u00f3l\u00a0<\/strong><\/h2>\n<p>&nbsp;<\/p>\n<p><strong>1. H\u00e1ny slukkot k\u00edn\u00e1l a Crystal Pro Max 15k?<\/strong><br \/>\nK\u00f6r\u00fclbel\u00fcl 15 000 slukkot k\u00edn\u00e1l.<\/p>\n<p><strong>2. Leg\u00e1lis a Crystal Pro Max 15k haszn\u00e1lata Magyarorsz\u00e1gon?<\/strong><br \/>\nIgen, a Crystal Pro Max 15k haszn\u00e1lata leg\u00e1lis Magyarorsz\u00e1gon.<\/p>\n<p><strong>3. Meddig b\u00edrja a Crystal Pro Max 15k?<\/strong><br \/>\nAz \u00e9lettartama a haszn\u00e1lati szok\u00e1sokt\u00f3l f\u00fcgg, de a 15 000 slukkos kapacit\u00e1ssal \u00e9s az \u00fajrat\u00f6lthet\u0151 650mAh-s akkumul\u00e1torral hosszan tart\u00f3 vapingot biztos\u00edt.<\/p>\n<p><strong>4. A WGA Crystal Pro Max \u00fajrat\u00f6lthet\u0151?<\/strong><br \/>\nIgen, a Crystal Pro Max 15k \u00fajrat\u00f6lthet\u0151, \u00e9s Type-C t\u00f6lt\u0151porttal rendelkezik a k\u00f6nny\u0171 t\u00f6lt\u00e9s \u00e9rdek\u00e9ben.<\/p>\n<p>&nbsp;<\/p>\n<h3><b>GYIK<\/b><\/h3>\n<p>&nbsp;<\/p>\n<div class=\"flex-shrink-0 flex flex-col relative items-end\">\n<div>\n<div class=\"pt-0\">\n<div class=\"gizmo-bot-avatar flex h-8 w-8 items-center justify-center overflow-hidden rounded-full\">\n<div class=\"relative p-1 rounded-sm flex items-center justify-center bg-token-main-surface-primary text-token-text-primary h-8 w-8\"><strong>Milyen sz\u00e1ll\u00edt\u00e1si m\u00f3dokat haszn\u00e1lnak?<\/strong><\/div>\n<\/div>\n<\/div>\n<\/div>\n<\/div>\n<div class=\"group\/conversation-turn relative flex w-full min-w-0 flex-col agent-turn\">\n<div class=\"flex-col gap-1 md:gap-3\">\n<div class=\"flex max-w-full flex-col flex-grow\">\n<div class=\"min-h-[20px] text-message flex w-full flex-col items-end gap-2 whitespace-normal break-words [.text-message+&amp;]:mt-5 overflow-x-auto\" dir=\"auto\" data-message-author-role=\"assistant\" data-message-id=\"22f8283b-3233-46ff-89a5-c7a41b33abda\">\n<div class=\"flex w-full flex-col gap-1 empty:hidden first:pt-[3px]\">\n<div class=\"markdown prose w-full break-words dark:prose-invert light\">\n<p>Partnerei vagyunk a UPS, DHL, FedEx, DPD \u00e9s m\u00e1s vezet\u0151 fuvaroz\u00f3knak. A legjobb sz\u00e1ll\u00edt\u00e1si m\u00f3dot fogjuk kiv\u00e1lasztani a sz\u00e1ll\u00edt\u00e1si helysz\u00edne alapj\u00e1n, hogy a lehet\u0151 leggyorsabban megkapja a term\u00e9keit.<\/p>\n<\/div>\n<p><strong>Mennyi id\u0151 alatt \u00e9rkezik meg?<\/strong><\/p>\n<p>A csomagok \u00e1ltal\u00e1ban 10 munkanapon bel\u00fcl meg\u00e9rkeznek Magyarorsz\u00e1gra. Az eur\u00f3pai orsz\u00e1gokba t\u00f6rt\u00e9n\u0151 sz\u00e1ll\u00edt\u00e1s \u00e1ltal\u00e1ban 12-15 munkanapot vesz ig\u00e9nybe. Folyamatosan t\u00e1j\u00e9koztatjuk a sz\u00e1ll\u00edt\u00e1si st\u00e1tuszr\u00f3l.<\/p>\n<\/div>\n<p><strong>Garancia<\/strong><\/p>\n<p><span style=\"color: #ff0000;\"><strong>\u00dczlet\u00fcnkben minden term\u00e9k garant\u00e1ltan 100% eredeti \u00e9s hiteles. 10-szeres k\u00e1rt\u00e9r\u00edt\u00e9st k\u00edn\u00e1lunk hamis \u00e1ru eset\u00e9n!<\/strong><\/span><\/p>\n<div class=\"flex w-full flex-col gap-1 empty:hidden first:pt-[3px]\">\n<p>&nbsp;<\/p>\n<\/div>\n<\/div>\n<\/div>\n<\/div>\n<\/div>\n<p>&nbsp;<\/p>\n<p>Tov\u00e1bbi n\u00e9pszer\u0171 vape term\u00e9kek, amik tetszhetnek:<\/p>\n<p><strong><a href=\"https:\/\/rmvapesale.com\/hu\/product\/wga-crystal-plus-20000-puff-dual-flavour-disposable-vape\/\">WGA Crystal Plus 20000<\/a><\/strong><\/p>\n<p><a href=\"https:\/\/rmvapesale.com\/hu\/product\/waspe-tornado-15000-puffs-original-factory-price\/\"><strong>Waspe Tornado 15000 Puffs<\/strong><\/a><\/p>\n<p><a href=\"https:\/\/rmvapesale.com\/hu\/product\/waspe-digital-box-12000-puffs-wholesale-disposable-vape\/\"><strong>WASPE Digital Box 12000 slukk<\/strong><\/a><\/p>\n<p>&nbsp;<\/p>\n<p>&nbsp;<\/p>\n<p>Tal\u00e1lja meg a tov\u00e1bbi vape term\u00e9keket, amelyek tetszhetnek \u00d6nnek:<strong><em><a href=\"https:\/\/rmvapesale.com\/hu\/shop-2\/\">V\u00e1s\u00e1roljon most &gt;&gt;&gt;<\/a><\/em><\/strong><\/p>","protected":false},"excerpt":{"rendered":"<p>WGA Crystal Pro Max Extra 15k Puffs Eldobhat\u00f3 Vape<br \/>\nWGA Crystal Pro Max Extra 15000 Eldobhat\u00f3 Vape Nagykereskedelem<br \/>\nWGA Crystal Pro Max 15K Puffs Eldobhat\u00f3 Vape Pod Kit<\/p>\n<p><strong>Tov\u00e1bbi kedvezm\u00e9ny\u00e9rt \u00e9s alacsonyabb minim\u00e1lis rendel\u00e9si mennyis\u00e9g\u00e9rt l\u00e9pjen kapcsolatba Amy-vel<\/strong><\/p>\n<p><img loading=\"lazy\" decoding=\"async\" class=\"size-full wp-image-1978\" src=\"https:\/\/rmvapesale.com\/wp-content\/uploads\/2024\/09\/Disposable-Vape-Wholesale.jpg\" alt=\"Eldobhat\u00f3 Vape Nagykereskedelem\" width=\"229\" height=\"300\" \/><\/p>\n<h3><span style=\"color: #ff0000;\"><strong>WhatsApp: +86 17776015835<\/strong><\/span><\/h3>","protected":false},"featured_media":2042,"comment_status":"open","ping_status":"closed","template":"","meta":{"_uag_custom_page_level_css":"","_lmt_disableupdate":"no","_lmt_disable":"","site-sidebar-layout":"default","site-content-layout":"content-boxed-container","ast-site-content-layout":"normal-width-container","site-content-style":"boxed","site-sidebar-style":"unboxed","ast-global-header-display":"","ast-banner-title-visibility":"","ast-main-header-display":"","ast-hfb-above-header-display":"","ast-hfb-below-header-display":"","ast-hfb-mobile-header-display":"","site-post-title":"","ast-breadcrumbs-content":"","ast-featured-img":"","footer-sml-layout":"","theme-transparent-header-meta":"default","adv-header-id-meta":"","stick-header-meta":"","header-above-stick-meta":"","header-main-stick-meta":"","header-below-stick-meta":"","astra-migrate-meta-layouts":"set","ast-page-background-enabled":"default","ast-page-background-meta":{"desktop":{"background-color":"var(--ast-global-color-4)","background-image":"","background-repeat":"repeat","background-position":"center center","background-size":"auto","background-attachment":"scroll","background-type":"","background-media":"","overlay-type":"","overlay-color":"","overlay-opacity":"","overlay-gradient":""},"tablet":{"background-color":"","background-image":"","background-repeat":"repeat","background-position":"center center","background-size":"auto","background-attachment":"scroll","background-type":"","background-media":"","overlay-type":"","overlay-color":"","overlay-opacity":"","overlay-gradient":""},"mobile":{"background-color":"","background-image":"","background-repeat":"repeat","background-position":"center center","background-size":"auto","background-attachment":"scroll","background-type":"","background-media":"","overlay-type":"","overlay-color":"","overlay-opacity":"","overlay-gradient":""}},"ast-content-background-meta":{"desktop":{"background-color":"var(--ast-global-color-5)","background-image":"","background-repeat":"repeat","background-position":"center center","background-size":"auto","background-attachment":"scroll","background-type":"","background-media":"","overlay-type":"","overlay-color":"","overlay-opacity":"","overlay-gradient":""},"tablet":{"background-color":"var(--ast-global-color-5)","background-image":"","background-repeat":"repeat","background-position":"center center","background-size":"auto","background-attachment":"scroll","background-type":"","background-media":"","overlay-type":"","overlay-color":"","overlay-opacity":"","overlay-gradient":""},"mobile":{"background-color":"var(--ast-global-color-5)","background-image":"","background-repeat":"repeat","background-position":"center center","background-size":"auto","background-attachment":"scroll","background-type":"","background-media":"","overlay-type":"","overlay-color":"","overlay-opacity":"","overlay-gradient":""}},"_joinchat":[]},"product_brand":[],"product_cat":[15,290,292,293,295,299,283,25,123,26,28,135,27,61,30],"product_tag":[67,57,58,70,68,69],"class_list":{"0":"post-2037","1":"product","2":"type-product","3":"status-publish","4":"has-post-thumbnail","6":"product_cat-new-vape-this-week","7":"product_cat-crystal-disposable-vapes","8":"product_cat-digital-disposable-vapes","9":"product_cat-low-nicotine-disposable-vapes","10":"product_cat-rechargeable-disposable-vapes","11":"product_cat-smart-screen-disposable-vapes","12":"product_cat-wga-vape","13":"product_cat-germany-best-selling-vape","14":"product_cat-italy-wholesale-vape","15":"product_cat-netherlands-hot-sale-vape","16":"product_cat-poland-hot-sale-vape","17":"product_cat-spain-best-hot-sale-vape","18":"product_cat-fance-hot-sale-vape","19":"product_cat-15000-puffs-disposable-vapes","20":"product_cat-minimum-order-quantity-50pcs","21":"product_tag-15k-vapes","22":"product_tag-disposable-vape-wholesale-supplier","23":"product_tag-electric-cigarettes","24":"product_tag-wga-15000-puffs","25":"product_tag-wga-crystal-pro-max-15k-wholesale","26":"product_tag-wga-vape","27":"desktop-align-left","28":"tablet-align-left","29":"mobile-align-left","31":"first","32":"instock","33":"sale","34":"shipping-taxable","35":"purchasable","36":"product-type-simple"},"uagb_featured_image_src":{"full":["https:\/\/rmvapesale.com\/wp-content\/uploads\/2024\/09\/WGA-Crystal-Pro-Max-Extra-15k-Puffs-Disposable-Vape.jpg",788,788,false],"thumbnail":["https:\/\/rmvapesale.com\/wp-content\/uploads\/2024\/09\/WGA-Crystal-Pro-Max-Extra-15k-Puffs-Disposable-Vape-150x150.jpg",150,150,true],"medium":["https:\/\/rmvapesale.com\/wp-content\/uploads\/2024\/09\/WGA-Crystal-Pro-Max-Extra-15k-Puffs-Disposable-Vape-300x300.jpg",300,300,true],"medium_large":["https:\/\/rmvapesale.com\/wp-content\/uploads\/2024\/09\/WGA-Crystal-Pro-Max-Extra-15k-Puffs-Disposable-Vape-768x768.jpg",768,768,true],"large":["https:\/\/rmvapesale.com\/wp-content\/uploads\/2024\/09\/WGA-Crystal-Pro-Max-Extra-15k-Puffs-Disposable-Vape.jpg",788,788,false],"1536x1536":["https:\/\/rmvapesale.com\/wp-content\/uploads\/2024\/09\/WGA-Crystal-Pro-Max-Extra-15k-Puffs-Disposable-Vape.jpg",788,788,false],"2048x2048":["https:\/\/rmvapesale.com\/wp-content\/uploads\/2024\/09\/WGA-Crystal-Pro-Max-Extra-15k-Puffs-Disposable-Vape.jpg",788,788,false],"trp-custom-language-flag":["https:\/\/rmvapesale.com\/wp-content\/uploads\/2024\/09\/WGA-Crystal-Pro-Max-Extra-15k-Puffs-Disposable-Vape.jpg",12,12,false],"woocommerce_thumbnail":["https:\/\/rmvapesale.com\/wp-content\/uploads\/2024\/09\/WGA-Crystal-Pro-Max-Extra-15k-Puffs-Disposable-Vape-300x300.jpg",300,300,true],"woocommerce_single":["https:\/\/rmvapesale.com\/wp-content\/uploads\/2024\/09\/WGA-Crystal-Pro-Max-Extra-15k-Puffs-Disposable-Vape-600x600.jpg",600,600,true],"woocommerce_gallery_thumbnail":["https:\/\/rmvapesale.com\/wp-content\/uploads\/2024\/09\/WGA-Crystal-Pro-Max-Extra-15k-Puffs-Disposable-Vape-100x100.jpg",100,100,true],"wcpr-photo-reviews":["https:\/\/rmvapesale.com\/wp-content\/uploads\/2024\/09\/WGA-Crystal-Pro-Max-Extra-15k-Puffs-Disposable-Vape.jpg",500,500,false]},"uagb_author_info":{"display_name":"AMY","author_link":"https:\/\/rmvapesale.com\/hu\/author\/"},"uagb_comment_info":0,"uagb_excerpt":"WGA Crystal Pro Max Extra 15k Puffs Disposable Vape WGA Crystal Pro Max Extra 15000 Disposable Vape Wholesale WGA Crystal Pro Max 15K Puffs Disposable Vape Pod Kit Contact Amy For More Discount And Lower MOQ Vape WhatsApp: +86 17776015835","_links":{"self":[{"href":"https:\/\/rmvapesale.com\/hu\/wp-json\/wp\/v2\/product\/2037","targetHints":{"allow":["GET"]}}],"collection":[{"href":"https:\/\/rmvapesale.com\/hu\/wp-json\/wp\/v2\/product"}],"about":[{"href":"https:\/\/rmvapesale.com\/hu\/wp-json\/wp\/v2\/types\/product"}],"replies":[{"embeddable":true,"href":"https:\/\/rmvapesale.com\/hu\/wp-json\/wp\/v2\/comments?post=2037"}],"wp:featuredmedia":[{"embeddable":true,"href":"https:\/\/rmvapesale.com\/hu\/wp-json\/wp\/v2\/media\/2042"}],"wp:attachment":[{"href":"https:\/\/rmvapesale.com\/hu\/wp-json\/wp\/v2\/media?parent=2037"}],"wp:term":[{"taxonomy":"product_brand","embeddable":true,"href":"https:\/\/rmvapesale.com\/hu\/wp-json\/wp\/v2\/product_brand?post=2037"},{"taxonomy":"product_cat","embeddable":true,"href":"https:\/\/rmvapesale.com\/hu\/wp-json\/wp\/v2\/product_cat?post=2037"},{"taxonomy":"product_tag","embeddable":true,"href":"https:\/\/rmvapesale.com\/hu\/wp-json\/wp\/v2\/product_tag?post=2037"}],"curies":[{"name":"wp","href":"https:\/\/api.w.org\/{rel}","templated":true}]}}