{"id":2045,"date":"2024-09-19T08:19:14","date_gmt":"2024-09-19T08:19:14","guid":{"rendered":"https:\/\/rmvapesale.com\/?post_type=product&#038;p=2045"},"modified":"2025-01-21T09:13:47","modified_gmt":"2025-01-21T09:13:47","slug":"evappe-deluxe-bar-18000-puffs-led-screen-disposable-vape","status":"publish","type":"product","link":"https:\/\/rmvapesale.com\/hu\/product\/evappe-deluxe-bar-18000-puffs-led-screen-disposable-vape\/","title":{"rendered":"Evappe Deluxe Bar 18000 slukk LED kijelz\u0151s eldobhat\u00f3 vape"},"content":{"rendered":"<h1>Evappe Deluxe Bar 18000 slukk LED kijelz\u0151s eldobhat\u00f3 vape<\/h1>\n<p>Emelje magasabb szintre a g\u0151z\u00f6l\u00e9si \u00e9lm\u00e9ny\u00e9t az Evappe Deluxe Bar 18000 Puffs k\u00e9sz\u00fcl\u00e9kkel, egy forradalmian \u00faj eldobhat\u00f3 vape-pel, amely a leg\u00fajabb technol\u00f3gi\u00e1t a p\u00e1ratlan k\u00e9nyelemmel \u00f6tv\u00f6zi. \u00c9l\u00e9nk LED-kijelz\u0151j\u00e9nek k\u00f6sz\u00f6nhet\u0151en k\u00f6nnyed\u00e9n nyomon k\u00f6vetheti az akkumul\u00e1tor t\u00f6lt\u00f6tts\u00e9g\u00e9t \u00e9s a haszn\u00e1latot, \u00edgy mindig k\u00e9zben tarthatja a g\u0151z\u00f6l\u00e9si \u00e9lm\u00e9ny\u00e9t.<\/p>\n<p>V\u00e1lasszon a 10 \u00ednycsiklandoz\u00f3 \u00edz k\u00f6z\u00fcl, amelyek mindegyike arra k\u00e9sz\u00fclt, hogy rabul ejtse az \u00edzlel\u0151bimb\u00f3it, \u00e9s friss, izgalmas \u00e9lm\u00e9nyt ny\u00fajtson. Ak\u00e1r gy\u00fcm\u00f6lcs\u00f6s, mentolos, ak\u00e1r gazdag desszert \u00edzeket kedvel, az Evappe Deluxe Bar k\u00edn\u00e1lat\u00e1ban mindenki megtal\u00e1lja a neki val\u00f3t.<\/p>\n<p>Az er\u0151teljes, 600mAh-s \u00fajrat\u00f6lthet\u0151 akkumul\u00e1torral \u00e9s a Type-C t\u00f6lt\u0151porttal, hosszan tart\u00f3 haszn\u00e1latot \u00e9lvezhet a folyamatos cser\u00e9lget\u00e9s probl\u00e9m\u00e1ja n\u00e9lk\u00fcl. R\u00e1ad\u00e1sul az \u00e1ll\u00edthat\u00f3 l\u00e9g\u00e1raml\u00e1si rendszer lehet\u0151v\u00e9 teszi, hogy minden alkalommal szem\u00e9lyre szabhassa a slukkot a t\u00f6k\u00e9letes g\u0151z\u00f6l\u00e9si \u00e9lm\u00e9ny\u00e9rt.<\/p>\n<p>\u00c9lje \u00e1t a g\u0151z\u00f6l\u00e9s j\u00f6v\u0151j\u00e9t az Evappe Deluxe Bar 18000-rel \u2013 ahol az innov\u00e1ci\u00f3 tal\u00e1lkozik az \u00edzekkel!<\/p>\n<p>&nbsp;<\/p>\n<p><strong>L\u00e9pjen kapcsolatba Amyvel a pontos v\u00e1laszok\u00e9rt \u00e9s tov\u00e1bbi term\u00e9kvide\u00f3k\u00e9rt!<\/strong><\/p>\n<p><img loading=\"lazy\" decoding=\"async\" class=\"size-full wp-image-1978\" src=\"https:\/\/rmvapesale.com\/wp-content\/uploads\/2024\/09\/Disposable-Vape-Wholesale.jpg\" alt=\"Eldobhat\u00f3 Vape Nagykereskedelem\" width=\"229\" height=\"300\" \/><\/p>\n<h3><span style=\"color: #ff0000\"><strong>WhatsApp: +86 17776015835<\/strong><\/span><\/h3>\n<p>&nbsp;<\/p>\n<h2>Evappe Deluxe Bar 18000 Puffs F\u0151bb jellemz\u0151k<\/h2>\n<p>&nbsp;<\/p>\n<p>0%, 2%, 5% Nikotin<br \/>\n25 ml E-liquid<br \/>\n18000 slukk<br \/>\n750mah \u00dajrat\u00f6lthet\u0151<br \/>\nType-C<br \/>\nH\u00e1l\u00f3s tekercs: 0.6omh<\/p>\n<div class=\"mceTemp\"><\/div>\n<h2><\/h2>\n<h2><strong>Legjobb \u00edzek az Evappe Deluxe Bar 18000-hez<\/strong><\/h2>\n<p>&nbsp;<\/p>\n<p>Az Evappe Deluxe Bar 18000 Puffs eldobhat\u00f3 vape pen 10 szakszer\u0171en kidolgozott \u00edzzel, amelyek mindegyike egyedi \u00e9s kiel\u00e9g\u00edt\u0151 g\u0151z\u00f6l\u00e9si \u00e9lm\u00e9nyt ny\u00fajt, biztosan megtal\u00e1lja a legjobbat az \u00d6n sz\u00e1m\u00e1ra!<\/p>\n<p>1.Dupla alma<span style=\"color: #ff0000\"><strong>&gt;&gt;&gt;&gt; Forr\u00f3!<\/strong><\/span><br \/>\n2.Sz\u0151l\u0151s menta<br \/>\n3.Lush Ice<span style=\"color: #ff0000\"><strong>&gt;&gt;&gt;&gt;A legjobb!<\/strong><\/span><br \/>\n4.Cseresznye m\u00e1lna<br \/>\n5.\u0150szibarack j\u00e9g<br \/>\n6.Love 66<br \/>\n7.Lucid Dream<br \/>\n8.Strawberry Punch<br \/>\n9.\u00c1fonya r\u00e1g\u00f3gumi<span style=\"color: #ff0000\"><strong>&gt;&gt;&gt;&gt; Forr\u00f3!<\/strong><\/span><br \/>\n10. Bogy\u00f3 j\u00e9g<\/p>\n<p>&nbsp;<\/p>\n<p><img loading=\"lazy\" decoding=\"async\" class=\"size-medium wp-image-2046\" src=\"https:\/\/rmvapesale.com\/wp-content\/uploads\/2024\/09\/Evappe-Deluxe-Bar-18k-Puffs--300x300.jpg\" alt=\"Evappe Deluxe Bar 18k Puffs\" width=\"300\" height=\"300\" srcset=\"https:\/\/rmvapesale.com\/wp-content\/uploads\/2024\/09\/Evappe-Deluxe-Bar-18k-Puffs--300x300.jpg 300w, https:\/\/rmvapesale.com\/wp-content\/uploads\/2024\/09\/Evappe-Deluxe-Bar-18k-Puffs--150x150.jpg 150w, https:\/\/rmvapesale.com\/wp-content\/uploads\/2024\/09\/Evappe-Deluxe-Bar-18k-Puffs--768x768.jpg 768w, https:\/\/rmvapesale.com\/wp-content\/uploads\/2024\/09\/Evappe-Deluxe-Bar-18k-Puffs--600x600.jpg 600w, https:\/\/rmvapesale.com\/wp-content\/uploads\/2024\/09\/Evappe-Deluxe-Bar-18k-Puffs--100x100.jpg 100w, https:\/\/rmvapesale.com\/wp-content\/uploads\/2024\/09\/Evappe-Deluxe-Bar-18k-Puffs-.jpg 800w\" sizes=\"auto, (max-width: 300px) 100vw, 300px\" \/><\/p>\n<h2><strong>K\u00e9rd\u00e9sek, amelyeket \u00e9rdemes tudni az Evappe Deluxe Bar 18k Puffs-r\u00f3l\u00a0<\/strong><\/h2>\n<p>&nbsp;<\/p>\n<p><strong>1. H\u00e1ny f\u00faj\u00e1sos az Evappe Deluxe Bar 18k?<\/strong><br \/>\nEz a nagy kapacit\u00e1s\u00fa eldobhat\u00f3 vape k\u00f6r\u00fclbel\u00fcl 18 000 f\u00faj\u00e1st k\u00edn\u00e1l.<\/p>\n<p><strong>2. Leg\u00e1lis-e az Evappe Deluxe Bar 18k haszn\u00e1lata Magyarorsz\u00e1gon?<\/strong><br \/>\nIgen, az Evappe Deluxe Bar 18k leg\u00e1lis Magyarorsz\u00e1gon.<\/p>\n<p><strong>3. Mennyi ideig b\u00edrja az Evappe Deluxe Bar 18k?<\/strong><br \/>\nAz \u00e9lettartama a haszn\u00e1lati szok\u00e1sokt\u00f3l f\u00fcgg, de a 15 000 slukkos kapacit\u00e1ssal \u00e9s az \u00fajrat\u00f6lthet\u0151 650mAh-s akkumul\u00e1torral hosszan tart\u00f3 vapingot biztos\u00edt.<\/p>\n<p><strong>4. \u00dajrat\u00f6lthet\u0151 az Evappe Deluxe Bar 18k?<\/strong><br \/>\nIgen, az Evappe Deluxe Bar 18k \u00fajrat\u00f6lthet\u0151, \u00e9s Type-C t\u00f6lt\u0151porttal rendelkezik a k\u00f6nny\u0171 t\u00f6lt\u00e9s \u00e9rdek\u00e9ben.<\/p>\n<p>&nbsp;<\/p>\n<h3><b>GYIK<\/b><\/h3>\n<p>&nbsp;<\/p>\n<div class=\"flex-shrink-0 flex flex-col relative items-end\">\n<div>\n<div class=\"pt-0\">\n<div class=\"gizmo-bot-avatar flex h-8 w-8 items-center justify-center overflow-hidden rounded-full\">\n<div class=\"relative p-1 rounded-sm flex items-center justify-center bg-token-main-surface-primary text-token-text-primary h-8 w-8\"><strong>Milyen sz\u00e1ll\u00edt\u00e1si m\u00f3dokat haszn\u00e1lnak?<\/strong><\/div>\n<\/div>\n<\/div>\n<\/div>\n<\/div>\n<div class=\"group\/conversation-turn relative flex w-full min-w-0 flex-col agent-turn\">\n<div class=\"flex-col gap-1 md:gap-3\">\n<div class=\"flex max-w-full flex-col flex-grow\">\n<div class=\"min-h-[20px] text-message flex w-full flex-col items-end gap-2 whitespace-normal break-words [.text-message+&amp;]:mt-5 overflow-x-auto\" dir=\"auto\" data-message-author-role=\"assistant\" data-message-id=\"22f8283b-3233-46ff-89a5-c7a41b33abda\">\n<div class=\"flex w-full flex-col gap-1 empty:hidden first:pt-[3px]\">\n<div class=\"markdown prose w-full break-words dark:prose-invert light\">\n<p>Partnerei vagyunk a UPS, DHL, FedEx, DPD \u00e9s m\u00e1s vezet\u0151 fuvaroz\u00f3knak. A legjobb sz\u00e1ll\u00edt\u00e1si m\u00f3dot fogjuk kiv\u00e1lasztani a sz\u00e1ll\u00edt\u00e1si helysz\u00edne alapj\u00e1n, hogy a lehet\u0151 leggyorsabban megkapja a term\u00e9keit.<\/p>\n<p>&nbsp;<\/p>\n<\/div>\n<p><strong>Mennyi id\u0151 alatt \u00e9rkezik meg?<\/strong><\/p>\n<p>Magyarorsz\u00e1gra \u00e1ltal\u00e1ban 10 munkanapon bel\u00fcl \u00e9rkezik meg.<\/p>\n<p>Az eur\u00f3pai orsz\u00e1gokba \u00e1ltal\u00e1ban 12-15 munkanapot vesz ig\u00e9nybe.<\/p>\n<p>Val\u00f3s idej\u0171 friss\u00edt\u00e9seket biztos\u00edtunk a sz\u00e1ll\u00edt\u00e1si \u00e1llapot\u00e1r\u00f3l.<\/p>\n<p>&nbsp;<\/p>\n<\/div>\n<p><strong>Garancia<\/strong><\/p>\n<p><span style=\"color: #ff0000\"><strong>\u00dczlet\u00fcnkben minden term\u00e9k garant\u00e1ltan 100% eredeti \u00e9s hiteles. 10-szeres k\u00e1rt\u00e9r\u00edt\u00e9st k\u00edn\u00e1lunk hamis \u00e1ru eset\u00e9n!<\/strong><\/span><\/p>\n<div class=\"flex w-full flex-col gap-1 empty:hidden first:pt-[3px]\">\n<p>&nbsp;<\/p>\n<\/div>\n<\/div>\n<\/div>\n<\/div>\n<\/div>\n<p>&nbsp;<\/p>\n<p>Tov\u00e1bbi n\u00e9pszer\u0171 vape term\u00e9kek, amik tetszhetnek:<\/p>\n<p><strong><a href=\"https:\/\/rmvapesale.com\/hu\/product\/wga-crystal-plus-20000-puff-dual-flavour-disposable-vape\/\">WGA Crystal Plus 20000<\/a><\/strong><\/p>\n<p><a href=\"https:\/\/rmvapesale.com\/hu\/product\/waspe-tornado-15000-puffs-original-factory-price\/\"><strong>Waspe Tornado 15000 Puffs<\/strong><\/a><\/p>\n<p><a href=\"https:\/\/rmvapesale.com\/hu\/product\/waspe-digital-box-12000-puffs-wholesale-disposable-vape\/\"><strong>WASPE Digital Box 12000 slukk<\/strong><\/a><\/p>\n<p>&nbsp;<\/p>\n<p>&nbsp;<\/p>\n<p>Tal\u00e1lja meg a tov\u00e1bbi vape term\u00e9keket, amelyek tetszhetnek \u00d6nnek:<strong><em><a href=\"https:\/\/rmvapesale.com\/hu\/shop-2\/\">V\u00e1s\u00e1roljon most &gt;&gt;&gt;<\/a><\/em><\/strong><\/p>","protected":false},"excerpt":{"rendered":"<p>Evappe Deluxe Bar 18000 Puffs eldobhat\u00f3 vape<br \/>\nEredeti Evappe Shisha Deluxe Bar 18000 Puffs<br \/>\nEvappe Deluxe Bar 18000 Puffs 10 \u00edzes Vape Pen<br \/>\nEvappe Deluxe Bar 18000 Puffs LED kijelz\u0151 18k eldobhat\u00f3 vape<\/p>\n<p><strong>Tov\u00e1bbi kedvezm\u00e9ny\u00e9rt \u00e9s alacsonyabb minim\u00e1lis rendel\u00e9si mennyis\u00e9g\u00e9rt l\u00e9pjen kapcsolatba Amy-vel<\/strong><\/p>\n<p><img loading=\"lazy\" decoding=\"async\" class=\"size-full wp-image-1978\" src=\"https:\/\/rmvapesale.com\/wp-content\/uploads\/2024\/09\/Disposable-Vape-Wholesale.jpg\" alt=\"Eldobhat\u00f3 Vape Nagykereskedelem\" width=\"229\" height=\"300\" \/><\/p>\n<h3><span style=\"color: #ff0000\"><strong>WhatsApp: +86 17776015835<\/strong><\/span><\/h3>","protected":false},"featured_media":2047,"comment_status":"open","ping_status":"closed","template":"","meta":{"_uag_custom_page_level_css":"","_lmt_disableupdate":"no","_lmt_disable":"","site-sidebar-layout":"default","site-content-layout":"content-boxed-container","ast-site-content-layout":"normal-width-container","site-content-style":"boxed","site-sidebar-style":"unboxed","ast-global-header-display":"","ast-banner-title-visibility":"","ast-main-header-display":"","ast-hfb-above-header-display":"","ast-hfb-below-header-display":"","ast-hfb-mobile-header-display":"","site-post-title":"","ast-breadcrumbs-content":"","ast-featured-img":"","footer-sml-layout":"","theme-transparent-header-meta":"default","adv-header-id-meta":"","stick-header-meta":"","header-above-stick-meta":"","header-main-stick-meta":"","header-below-stick-meta":"","astra-migrate-meta-layouts":"set","ast-page-background-enabled":"default","ast-page-background-meta":{"desktop":{"background-color":"var(--ast-global-color-4)","background-image":"","background-repeat":"repeat","background-position":"center center","background-size":"auto","background-attachment":"scroll","background-type":"","background-media":"","overlay-type":"","overlay-color":"","overlay-opacity":"","overlay-gradient":""},"tablet":{"background-color":"","background-image":"","background-repeat":"repeat","background-position":"center center","background-size":"auto","background-attachment":"scroll","background-type":"","background-media":"","overlay-type":"","overlay-color":"","overlay-opacity":"","overlay-gradient":""},"mobile":{"background-color":"","background-image":"","background-repeat":"repeat","background-position":"center center","background-size":"auto","background-attachment":"scroll","background-type":"","background-media":"","overlay-type":"","overlay-color":"","overlay-opacity":"","overlay-gradient":""}},"ast-content-background-meta":{"desktop":{"background-color":"var(--ast-global-color-5)","background-image":"","background-repeat":"repeat","background-position":"center center","background-size":"auto","background-attachment":"scroll","background-type":"","background-media":"","overlay-type":"","overlay-color":"","overlay-opacity":"","overlay-gradient":""},"tablet":{"background-color":"var(--ast-global-color-5)","background-image":"","background-repeat":"repeat","background-position":"center center","background-size":"auto","background-attachment":"scroll","background-type":"","background-media":"","overlay-type":"","overlay-color":"","overlay-opacity":"","overlay-gradient":""},"mobile":{"background-color":"var(--ast-global-color-5)","background-image":"","background-repeat":"repeat","background-position":"center center","background-size":"auto","background-attachment":"scroll","background-type":"","background-media":"","overlay-type":"","overlay-color":"","overlay-opacity":"","overlay-gradient":""}},"_joinchat":[]},"product_brand":[],"product_cat":[15,289,291,292,293,295,296,299,25,123,26,28,135,27,137,136,30],"product_tag":[72,57,58,71,73],"class_list":{"0":"post-2045","1":"product","2":"type-product","3":"status-publish","4":"has-post-thumbnail","6":"product_cat-new-vape-this-week","7":"product_cat-big-puffs-disposable-vapes","8":"product_cat-dual-mesh-disposable-vapes","9":"product_cat-digital-disposable-vapes","10":"product_cat-low-nicotine-disposable-vapes","11":"product_cat-rechargeable-disposable-vapes","12":"product_cat-shisha-hookah-disposable-vapes","13":"product_cat-smart-screen-disposable-vapes","14":"product_cat-germany-best-selling-vape","15":"product_cat-italy-wholesale-vape","16":"product_cat-netherlands-hot-sale-vape","17":"product_cat-poland-hot-sale-vape","18":"product_cat-spain-best-hot-sale-vape","19":"product_cat-fance-hot-sale-vape","20":"product_cat-rechargeable-vapes","21":"product_cat-smart-screen-vapes","22":"product_cat-minimum-order-quantity-50pcs","23":"product_tag-deluxe-bar-18000puff","24":"product_tag-disposable-vape-wholesale-supplier","25":"product_tag-electric-cigarettes","26":"product_tag-evappe","27":"product_tag-led-screem-vape","28":"desktop-align-left","29":"tablet-align-left","30":"mobile-align-left","32":"first","33":"instock","34":"sale","35":"shipping-taxable","36":"purchasable","37":"product-type-simple"},"uagb_featured_image_src":{"full":["https:\/\/rmvapesale.com\/wp-content\/uploads\/2024\/09\/Evappe-Deluxe-Bar-18000-Disposable-Vape.png",788,788,false],"thumbnail":["https:\/\/rmvapesale.com\/wp-content\/uploads\/2024\/09\/Evappe-Deluxe-Bar-18000-Disposable-Vape-150x150.png",150,150,true],"medium":["https:\/\/rmvapesale.com\/wp-content\/uploads\/2024\/09\/Evappe-Deluxe-Bar-18000-Disposable-Vape-300x300.png",300,300,true],"medium_large":["https:\/\/rmvapesale.com\/wp-content\/uploads\/2024\/09\/Evappe-Deluxe-Bar-18000-Disposable-Vape-768x768.png",768,768,true],"large":["https:\/\/rmvapesale.com\/wp-content\/uploads\/2024\/09\/Evappe-Deluxe-Bar-18000-Disposable-Vape.png",788,788,false],"1536x1536":["https:\/\/rmvapesale.com\/wp-content\/uploads\/2024\/09\/Evappe-Deluxe-Bar-18000-Disposable-Vape.png",788,788,false],"2048x2048":["https:\/\/rmvapesale.com\/wp-content\/uploads\/2024\/09\/Evappe-Deluxe-Bar-18000-Disposable-Vape.png",788,788,false],"trp-custom-language-flag":["https:\/\/rmvapesale.com\/wp-content\/uploads\/2024\/09\/Evappe-Deluxe-Bar-18000-Disposable-Vape.png",12,12,false],"woocommerce_thumbnail":["https:\/\/rmvapesale.com\/wp-content\/uploads\/2024\/09\/Evappe-Deluxe-Bar-18000-Disposable-Vape-300x300.png",300,300,true],"woocommerce_single":["https:\/\/rmvapesale.com\/wp-content\/uploads\/2024\/09\/Evappe-Deluxe-Bar-18000-Disposable-Vape-600x600.png",600,600,true],"woocommerce_gallery_thumbnail":["https:\/\/rmvapesale.com\/wp-content\/uploads\/2024\/09\/Evappe-Deluxe-Bar-18000-Disposable-Vape-100x100.png",100,100,true],"wcpr-photo-reviews":["https:\/\/rmvapesale.com\/wp-content\/uploads\/2024\/09\/Evappe-Deluxe-Bar-18000-Disposable-Vape.png",500,500,false]},"uagb_author_info":{"display_name":"AMY","author_link":"https:\/\/rmvapesale.com\/hu\/author\/"},"uagb_comment_info":0,"uagb_excerpt":"Evappe Deluxe Bar Disposable Vape 18000 Puffs Original Evappe Shisha Deluxe Bar 18000 Puffs Evappe Deluxe Bar 18000 Puffs 10 Flavours Vape Pen Evappe Deluxe Bar 18000 Puffs LED Screen Puff 18k Disposable Vape Contact Amy For More Discount And Lower MOQ Vape WhatsApp: +86 17776015835","_links":{"self":[{"href":"https:\/\/rmvapesale.com\/hu\/wp-json\/wp\/v2\/product\/2045","targetHints":{"allow":["GET"]}}],"collection":[{"href":"https:\/\/rmvapesale.com\/hu\/wp-json\/wp\/v2\/product"}],"about":[{"href":"https:\/\/rmvapesale.com\/hu\/wp-json\/wp\/v2\/types\/product"}],"replies":[{"embeddable":true,"href":"https:\/\/rmvapesale.com\/hu\/wp-json\/wp\/v2\/comments?post=2045"}],"wp:featuredmedia":[{"embeddable":true,"href":"https:\/\/rmvapesale.com\/hu\/wp-json\/wp\/v2\/media\/2047"}],"wp:attachment":[{"href":"https:\/\/rmvapesale.com\/hu\/wp-json\/wp\/v2\/media?parent=2045"}],"wp:term":[{"taxonomy":"product_brand","embeddable":true,"href":"https:\/\/rmvapesale.com\/hu\/wp-json\/wp\/v2\/product_brand?post=2045"},{"taxonomy":"product_cat","embeddable":true,"href":"https:\/\/rmvapesale.com\/hu\/wp-json\/wp\/v2\/product_cat?post=2045"},{"taxonomy":"product_tag","embeddable":true,"href":"https:\/\/rmvapesale.com\/hu\/wp-json\/wp\/v2\/product_tag?post=2045"}],"curies":[{"name":"wp","href":"https:\/\/api.w.org\/{rel}","templated":true}]}}