{"id":2054,"date":"2024-09-20T02:34:42","date_gmt":"2024-09-20T02:34:42","guid":{"rendered":"https:\/\/rmvapesale.com\/?post_type=product&#038;p=2054"},"modified":"2025-01-21T09:14:46","modified_gmt":"2025-01-21T09:14:46","slug":"wga-crystal-plus-smart-16000-disposable-vape","status":"publish","type":"product","link":"https:\/\/rmvapesale.com\/hu\/product\/wga-crystal-plus-smart-16000-disposable-vape\/","title":{"rendered":"WGA Crystal Plus Smart 16000 Eldobhat\u00f3 Vape"},"content":{"rendered":"<h3 class=\"LC20lb MBeuO DKV0Md\">WGA Crystal Plus Smart 16000 Eldobhat\u00f3 Vape<\/h3>\n<p>Emelje magasabb szintre a g\u0151z\u00f6l\u00e9si \u00e9lm\u00e9ny\u00e9t a most kaphat\u00f3 WGA Crystal Plus Smart 16000 eldobhat\u00f3 Vape Poddal. Ezt az innovat\u00edv g\u0151z\u00f6l\u0151eszk\u00f6zt az ig\u00e9nyes g\u0151z\u00f6l\u0151k sz\u00e1m\u00e1ra tervezt\u00e9k, leny\u0171g\u00f6z\u0151 16 000 slukkot k\u00edn\u00e1l a zavartalan \u00e9lvezethez.<\/p>\n<p>Ami a Crystal Plus Smartot megk\u00fcl\u00f6nb\u00f6zteti a zs\u00fafolt piacon, az a fejlett technol\u00f3gia \u00e9s az eleg\u00e1ns design kombin\u00e1ci\u00f3ja. A cs\u00facstechnol\u00f3gi\u00e1s h\u00e1l\u00f3s tekercsrendszerrel minden slukkn\u00e1l sima, egyenletes g\u0151ztermel\u00e9st biztos\u00edt. \u00c9lvezze a gazdag \u00edzeket \u00e9s a s\u0171r\u0171 felh\u0151ket az optimaliz\u00e1lt l\u00e9g\u00e1raml\u00e1snak \u00e9s a kiv\u00e1l\u00f3 tekercstechnol\u00f3gi\u00e1nak k\u00f6sz\u00f6nhet\u0151en.<\/p>\n<p>A pr\u00e9mium e-liquiddel el\u0151re felt\u00f6lt\u00f6tt Crystal Plus Smart \u00ednycsikland\u00f3 \u00edzek sz\u00e9les v\u00e1laszt\u00e9k\u00e1t k\u00edn\u00e1lja, hogy minden \u00edzl\u00e9st kiel\u00e9g\u00edtsen \u2013 ak\u00e1r gy\u00fcm\u00f6lcs\u00f6s, mentolos vagy desszert ihlet\u00e9s\u0171 opci\u00f3kra v\u00e1gyik, mindenki tal\u00e1l valamit.<\/p>\n<p>L\u00e9pjen a g\u0151z\u00f6l\u00e9s j\u00f6v\u0151j\u00e9be a most kaphat\u00f3 WGA Crystal Plus Smart eldobhat\u00f3 Vape Poddal, ahol a min\u0151s\u00e9g \u00e9s a k\u00e9nyelem tal\u00e1lkozik.<\/p>\n<p><strong>Adja hozz\u00e1 AMY-t a Whatsapp-hoz, hogy tov\u00e1bbi kedvezm\u00e9nyt kapjon!<\/strong><\/p>\n<p><img loading=\"lazy\" decoding=\"async\" class=\"size-full wp-image-1978\" src=\"https:\/\/rmvapesale.com\/wp-content\/uploads\/2024\/09\/Disposable-Vape-Wholesale.jpg\" alt=\"Eldobhat\u00f3 Vape Nagykereskedelem\" width=\"229\" height=\"300\" \/><\/p>\n<h3><span style=\"color: #ff0000\"><strong>WhatsApp: +86 17776015835<\/strong><\/span><\/h3>\n<p>&nbsp;<\/p>\n<h2>A WGA Crystal Plus Smart 16000 m\u0171szaki adatai<\/h2>\n<p>Sz\u00edv\u00e1s: 20000 sz\u00edv\u00e1s<br \/>\nAkkumul\u00e1tor: 650mAh<br \/>\nE-liquid: 15ml*2<br \/>\nNikotiner\u0151ss\u00e9g: 2% 5%<br \/>\nType C \u00fajrat\u00f6lthet\u0151<\/p>\n<h2><\/h2>\n<p>&nbsp;<\/p>\n<h2>WGA Crystal Smart 16000 \u00cdzlista<\/h2>\n<p>&nbsp;<\/p>\n<p>1.Ban\u00e1n j\u00e9g<br \/>\n2.K\u00e9k m\u00e1lna cseresznye<br \/>\n3. K\u00e9k m\u00e1lna j\u00e9g<br \/>\n4.\u00c1fonya Cseresznye V\u00f6r\u00f6s\u00e1fonya<br \/>\n5.\u00c1fonya M\u00e1lna<br \/>\n6.\u00c1fonya Savany\u00fa M\u00e1lna<br \/>\n7.Cseresznye J\u00e9g<br \/>\n8.Savany\u00fa Cseresznye<br \/>\n9.Friss Menta<br \/>\n10.Gumicukor Maci<br \/>\n11.Hubba Bubba<br \/>\n12.L\u00e9d\u00fas \u0150szibarack<br \/>\n13.Citrom<br \/>\n14.Mr Blue<br \/>\n15.Piros Alma J\u00e9g<br \/>\n16.Skittles<br \/>\n17.Eper M\u00e1lna Cseresznye<br \/>\n18.Ny\u00e1ri \u00c1lom<br \/>\n19.Vimto Bika<br \/>\n20.G\u00f6r\u00f6gdinnye J\u00e9g<\/p>\n<div class=\"mceTemp\"><\/div>\n<h4><\/h4>\n<h4>GYIK:<\/h4>\n<p>&nbsp;<\/p>\n<p><strong>1. Mennyi ideig b\u00edrja egy WGA Crystal Plus Smart 16k k\u00e9sz\u00fcl\u00e9k?<\/strong><br \/>\nMegfelel\u0151 haszn\u00e1lat mellett minden eszk\u00f6z k\u00f6r\u00fclbel\u00fcl 16 000 slukkot tesz lehet\u0151v\u00e9, ami a legt\u00f6bb felhaszn\u00e1l\u00f3 sz\u00e1m\u00e1ra t\u00f6bb h\u00e9tig is kitart.<\/p>\n<p><strong>2. \u00dajrat\u00f6lthetem a WGA Crystal Smart 16000-et?<\/strong><br \/>\nIgen, ez az eldobhat\u00f3 vape \u00fajrat\u00f6lthet\u0151 akkumul\u00e1torral rendelkezik, amelyet felt\u00f6lthetsz, ha lemer\u00fcl.<\/p>\n<p><strong>3. Kezd\u0151knek is megfelel\u0151 a WGA Crystal Smart 16000?<\/strong><br \/>\nTeljesen! Felhaszn\u00e1l\u00f3bar\u00e1t kialak\u00edt\u00e1sa miatt t\u00f6k\u00e9letes kezd\u0151 \u00e9s tapasztalt g\u0151z\u00f6l\u0151k sz\u00e1m\u00e1ra egyar\u00e1nt.<\/p>\n<p>&nbsp;<\/p>\n<p>Tov\u00e1bbi n\u00e9pszer\u0171 vape term\u00e9kek, amik tetszhetnek:<\/p>\n<p><a href=\"https:\/\/rmvapesale.com\/hu\/product\/waspe-12000-puffs-disposable-vape-pen\/\"><strong>WGA Crystal Pro Max Extra 15000<\/strong><\/a><em><a href=\"https:\/\/rmvapesale.com\/hu\/product\/wga-crystal-pro-max-extra-15k-puffs-disposable-vape-wholesale\/\"><strong> &gt;&gt;&gt;Bolt<\/strong><\/a><\/em><\/p>\n<p><strong><a href=\"https:\/\/rmvapesale.com\/hu\/product\/wga-crystal-plus-20000-puff-dual-flavour-disposable-vape\/\">WGA Crystal Plus 20000<\/a><\/strong><em><strong><a href=\"https:\/\/rmvapesale.com\/hu\/product\/wga-crystal-plus-20000-puff-dual-flavour-disposable-vape\/\">\u00a0 &gt;&gt;&gt;Bolt<\/a><\/strong><\/em><\/p>\n<p><a href=\"https:\/\/rmvapesale.com\/hu\/product\/fihp-shisha-hookah-15000-pro-disposable-vape-wholesale\/\"><strong>FIHP 15000 Puffs <\/strong><\/a><strong><em><a href=\"https:\/\/rmvapesale.com\/hu\/product\/waspe-12000-puffs-disposable-vape-pen\/\">&gt;&gt;&gt;Bolt<\/a><\/em><\/strong><\/p>\n<p>&nbsp;<\/p>\n<p>&nbsp;<\/p>\n<p>Tal\u00e1lja meg a tov\u00e1bbi vape term\u00e9keket, amelyek tetszhetnek \u00d6nnek:<em><a href=\"https:\/\/rmvapesale.com\/hu\/shop-2\/\">V\u00e1s\u00e1roljon most\u00a0<\/a><\/em><\/p>\n<p>&nbsp;<\/p>","protected":false},"excerpt":{"rendered":"<p class=\"LC20lb MBeuO DKV0Md\">WGA Crystal Plus Smart 16000 Puffs Eldobhat\u00f3 Vape Pod<br \/>\nWGA Crystal Plus Smart 16000 Eldobhat\u00f3 Vape Nagykereskedelem<br \/>\nWGA Crystal Plus Smart 16K Puffs Gy\u00e1ri \u00c1r<\/p>\n<p class=\"LC20lb MBeuO DKV0Md\"><strong>Tov\u00e1bbi kedvezm\u00e9ny\u00e9rt \u00e9s alacsonyabb minim\u00e1lis rendel\u00e9si mennyis\u00e9g\u00e9rt l\u00e9pjen kapcsolatba Amy-vel<\/strong><\/p>\n<p><img loading=\"lazy\" decoding=\"async\" class=\"size-medium wp-image-1814\" src=\"https:\/\/rmvapesale.com\/wp-content\/uploads\/2024\/04\/whatsapp-amy-229x300.jpg\" alt=\"whatsapp amy\" width=\"229\" height=\"300\" srcset=\"https:\/\/rmvapesale.com\/wp-content\/uploads\/2024\/04\/whatsapp-amy-229x300.jpg 229w, https:\/\/rmvapesale.com\/wp-content\/uploads\/2024\/04\/whatsapp-amy-783x1024.jpg 783w, https:\/\/rmvapesale.com\/wp-content\/uploads\/2024\/04\/whatsapp-amy-768x1005.jpg 768w, https:\/\/rmvapesale.com\/wp-content\/uploads\/2024\/04\/whatsapp-amy-600x785.jpg 600w, https:\/\/rmvapesale.com\/wp-content\/uploads\/2024\/04\/whatsapp-amy.jpg 990w\" sizes=\"auto, (max-width: 229px) 100vw, 229px\" \/><\/p>\n<h3><span style=\"color: #ff0000\"><strong>WhatsApp: +86 17776015835<\/strong><\/span><\/h3>","protected":false},"featured_media":2062,"comment_status":"open","ping_status":"closed","template":"","meta":{"_uag_custom_page_level_css":"","_lmt_disableupdate":"no","_lmt_disable":"","site-sidebar-layout":"default","site-content-layout":"content-boxed-container","ast-site-content-layout":"normal-width-container","site-content-style":"boxed","site-sidebar-style":"unboxed","ast-global-header-display":"","ast-banner-title-visibility":"","ast-main-header-display":"","ast-hfb-above-header-display":"","ast-hfb-below-header-display":"","ast-hfb-mobile-header-display":"","site-post-title":"","ast-breadcrumbs-content":"","ast-featured-img":"","footer-sml-layout":"","ast-disable-related-posts":"","theme-transparent-header-meta":"default","adv-header-id-meta":"","stick-header-meta":"","header-above-stick-meta":"","header-main-stick-meta":"","header-below-stick-meta":"","astra-migrate-meta-layouts":"set","ast-page-background-enabled":"default","ast-page-background-meta":{"desktop":{"background-color":"var(--ast-global-color-4)","background-image":"","background-repeat":"repeat","background-position":"center center","background-size":"auto","background-attachment":"scroll","background-type":"","background-media":"","overlay-type":"","overlay-color":"","overlay-opacity":"","overlay-gradient":""},"tablet":{"background-color":"","background-image":"","background-repeat":"repeat","background-position":"center center","background-size":"auto","background-attachment":"scroll","background-type":"","background-media":"","overlay-type":"","overlay-color":"","overlay-opacity":"","overlay-gradient":""},"mobile":{"background-color":"","background-image":"","background-repeat":"repeat","background-position":"center center","background-size":"auto","background-attachment":"scroll","background-type":"","background-media":"","overlay-type":"","overlay-color":"","overlay-opacity":"","overlay-gradient":""}},"ast-content-background-meta":{"desktop":{"background-color":"var(--ast-global-color-5)","background-image":"","background-repeat":"repeat","background-position":"center center","background-size":"auto","background-attachment":"scroll","background-type":"","background-media":"","overlay-type":"","overlay-color":"","overlay-opacity":"","overlay-gradient":""},"tablet":{"background-color":"var(--ast-global-color-5)","background-image":"","background-repeat":"repeat","background-position":"center center","background-size":"auto","background-attachment":"scroll","background-type":"","background-media":"","overlay-type":"","overlay-color":"","overlay-opacity":"","overlay-gradient":""},"mobile":{"background-color":"var(--ast-global-color-5)","background-image":"","background-repeat":"repeat","background-position":"center center","background-size":"auto","background-attachment":"scroll","background-type":"","background-media":"","overlay-type":"","overlay-color":"","overlay-opacity":"","overlay-gradient":""}},"_joinchat":[]},"product_brand":[],"product_cat":[25,289,290,292,291,27,123,293,30,26,15,28,295,137,296,299,136,135,283],"product_tag":[66,40,41,75,74,69,37],"class_list":{"0":"post-2054","1":"product","2":"type-product","3":"status-publish","4":"has-post-thumbnail","6":"product_cat-germany-best-selling-vape","7":"product_cat-big-puffs-disposable-vapes","8":"product_cat-crystal-disposable-vapes","9":"product_cat-digital-disposable-vapes","10":"product_cat-dual-mesh-disposable-vapes","11":"product_cat-fance-hot-sale-vape","12":"product_cat-italy-wholesale-vape","13":"product_cat-low-nicotine-disposable-vapes","14":"product_cat-minimum-order-quantity-50pcs","15":"product_cat-netherlands-hot-sale-vape","16":"product_cat-new-vape-this-week","17":"product_cat-poland-hot-sale-vape","18":"product_cat-rechargeable-disposable-vapes","19":"product_cat-rechargeable-vapes","20":"product_cat-shisha-hookah-disposable-vapes","21":"product_cat-smart-screen-disposable-vapes","22":"product_cat-smart-screen-vapes","23":"product_cat-spain-best-hot-sale-vape","24":"product_cat-wga-vape","25":"product_tag-disposable-vape","26":"product_tag-hot-sale-vape","27":"product_tag-original-factory-vape","28":"product_tag-wga-crystal-plus-smart-16000","29":"product_tag-wga-crystal-plus-smart-16k","30":"product_tag-wga-vape","31":"product_tag-wholesale-vape-price","32":"desktop-align-left","33":"tablet-align-left","34":"mobile-align-left","36":"first","37":"instock","38":"sale","39":"shipping-taxable","40":"purchasable","41":"product-type-simple"},"uagb_featured_image_src":{"full":["https:\/\/rmvapesale.com\/wp-content\/uploads\/2024\/09\/WGA-Crystal-Plus-Smart-16000-Watermelon-Ice.png",800,800,false],"thumbnail":["https:\/\/rmvapesale.com\/wp-content\/uploads\/2024\/09\/WGA-Crystal-Plus-Smart-16000-Watermelon-Ice-150x150.png",150,150,true],"medium":["https:\/\/rmvapesale.com\/wp-content\/uploads\/2024\/09\/WGA-Crystal-Plus-Smart-16000-Watermelon-Ice-300x300.png",300,300,true],"medium_large":["https:\/\/rmvapesale.com\/wp-content\/uploads\/2024\/09\/WGA-Crystal-Plus-Smart-16000-Watermelon-Ice-768x768.png",768,768,true],"large":["https:\/\/rmvapesale.com\/wp-content\/uploads\/2024\/09\/WGA-Crystal-Plus-Smart-16000-Watermelon-Ice.png",800,800,false],"1536x1536":["https:\/\/rmvapesale.com\/wp-content\/uploads\/2024\/09\/WGA-Crystal-Plus-Smart-16000-Watermelon-Ice.png",800,800,false],"2048x2048":["https:\/\/rmvapesale.com\/wp-content\/uploads\/2024\/09\/WGA-Crystal-Plus-Smart-16000-Watermelon-Ice.png",800,800,false],"trp-custom-language-flag":["https:\/\/rmvapesale.com\/wp-content\/uploads\/2024\/09\/WGA-Crystal-Plus-Smart-16000-Watermelon-Ice.png",12,12,false],"woocommerce_thumbnail":["https:\/\/rmvapesale.com\/wp-content\/uploads\/2024\/09\/WGA-Crystal-Plus-Smart-16000-Watermelon-Ice-300x300.png",300,300,true],"woocommerce_single":["https:\/\/rmvapesale.com\/wp-content\/uploads\/2024\/09\/WGA-Crystal-Plus-Smart-16000-Watermelon-Ice-600x600.png",600,600,true],"woocommerce_gallery_thumbnail":["https:\/\/rmvapesale.com\/wp-content\/uploads\/2024\/09\/WGA-Crystal-Plus-Smart-16000-Watermelon-Ice-100x100.png",100,100,true],"wcpr-photo-reviews":["https:\/\/rmvapesale.com\/wp-content\/uploads\/2024\/09\/WGA-Crystal-Plus-Smart-16000-Watermelon-Ice.png",500,500,false]},"uagb_author_info":{"display_name":"AMY","author_link":"https:\/\/rmvapesale.com\/hu\/author\/"},"uagb_comment_info":0,"uagb_excerpt":"WGA Crystal Plus Smart 16000 Puffs Disposable Vape Pod WGA Crystal Plus Smart 16000 Disposable Vape Wholesale WGA Crystal Plus Smart 16K Puffs Facotory Price Contact Amy For More Discount And Lower MOQ Vape WhatsApp: +86 17776015835","_links":{"self":[{"href":"https:\/\/rmvapesale.com\/hu\/wp-json\/wp\/v2\/product\/2054","targetHints":{"allow":["GET"]}}],"collection":[{"href":"https:\/\/rmvapesale.com\/hu\/wp-json\/wp\/v2\/product"}],"about":[{"href":"https:\/\/rmvapesale.com\/hu\/wp-json\/wp\/v2\/types\/product"}],"replies":[{"embeddable":true,"href":"https:\/\/rmvapesale.com\/hu\/wp-json\/wp\/v2\/comments?post=2054"}],"wp:featuredmedia":[{"embeddable":true,"href":"https:\/\/rmvapesale.com\/hu\/wp-json\/wp\/v2\/media\/2062"}],"wp:attachment":[{"href":"https:\/\/rmvapesale.com\/hu\/wp-json\/wp\/v2\/media?parent=2054"}],"wp:term":[{"taxonomy":"product_brand","embeddable":true,"href":"https:\/\/rmvapesale.com\/hu\/wp-json\/wp\/v2\/product_brand?post=2054"},{"taxonomy":"product_cat","embeddable":true,"href":"https:\/\/rmvapesale.com\/hu\/wp-json\/wp\/v2\/product_cat?post=2054"},{"taxonomy":"product_tag","embeddable":true,"href":"https:\/\/rmvapesale.com\/hu\/wp-json\/wp\/v2\/product_tag?post=2054"}],"curies":[{"name":"wp","href":"https:\/\/api.w.org\/{rel}","templated":true}]}}