{"id":2085,"date":"2024-09-20T07:41:27","date_gmt":"2024-09-20T07:41:27","guid":{"rendered":"https:\/\/rmvapesale.com\/?post_type=product&#038;p=2085"},"modified":"2025-01-21T09:16:41","modified_gmt":"2025-01-21T09:16:41","slug":"bang-box-vape-15000-puffs-0-2-3-5-nicotine","status":"publish","type":"product","link":"https:\/\/rmvapesale.com\/hu\/product\/bang-box-vape-15000-puffs-0-2-3-5-nicotine\/","title":{"rendered":"Bang Box Vape 15000 slukks 0% 2% 3% 5% nikotin"},"content":{"rendered":"<h1 class=\"LC20lb MBeuO DKV0Md\">Bang Box Vape 15000 slukks 0% 2% 3% 5% nikotin<\/h1>\n<p>&nbsp;<\/p>\n<p><span style=\"font-size: 16px\">A Bang Box 15000 egy \u00faj eldobhat\u00f3 vape, amely LED intelligens k\u00e9perny\u0151s akkumul\u00e1torszint-kijelz\u0151vel rendelkezik. A 12 \u00edzv\u00e1laszt\u00e9knak k\u00f6sz\u00f6nhet\u0151en testreszabott g\u0151z\u00f6l\u00e9si \u00e9lm\u00e9nyben lehet r\u00e9sze. A k\u00e9sz\u00fcl\u00e9k kijelz\u0151je val\u00f3s id\u0151ben teszi lehet\u0151v\u00e9 az akkumul\u00e1tor \u00e9s a folyad\u00e9kszint ellen\u0151rz\u00e9s\u00e9t, m\u00edg az alj\u00e1n tal\u00e1lhat\u00f3 Type-C t\u00f6lt\u0151port biztos\u00edtja, hogy az utols\u00f3 cseppig k\u00f6nnyed\u00e9n felt\u00f6lthesse a tart\u00e1lyt.<\/span><\/p>\n<p>V\u00e1s\u00e1roljon Bang Box 15000 Puffs-ot nagykereskedelmi \u00e1ron most!<\/p>\n<p><strong>L\u00e9pjen kapcsolatba Amy-vel, hogy azonnali v\u00e1laszt \u00e9s m\u00e9g t\u00f6bb kedvezm\u00e9nyt kapjon!<\/strong><\/p>\n<p><img loading=\"lazy\" decoding=\"async\" class=\"size-medium wp-image-1814\" src=\"https:\/\/rmvapesale.com\/wp-content\/uploads\/2024\/04\/whatsapp-amy-229x300.jpg\" alt=\"whatsapp amy\" width=\"229\" height=\"300\" srcset=\"https:\/\/rmvapesale.com\/wp-content\/uploads\/2024\/04\/whatsapp-amy-229x300.jpg 229w, https:\/\/rmvapesale.com\/wp-content\/uploads\/2024\/04\/whatsapp-amy-783x1024.jpg 783w, https:\/\/rmvapesale.com\/wp-content\/uploads\/2024\/04\/whatsapp-amy-768x1005.jpg 768w, https:\/\/rmvapesale.com\/wp-content\/uploads\/2024\/04\/whatsapp-amy-600x785.jpg 600w, https:\/\/rmvapesale.com\/wp-content\/uploads\/2024\/04\/whatsapp-amy.jpg 990w\" sizes=\"auto, (max-width: 229px) 100vw, 229px\" \/><\/p>\n<h3><span style=\"color: #ff0000\"><strong>WhatsApp: +86 17776015835<\/strong><\/span><\/h3>\n<p>&nbsp;<\/p>\n<h2><strong>Bang Box Vape 15000 Puffs f\u0151bb jellemz\u0151i<\/strong><\/h2>\n<p>&nbsp;<\/p>\n<p>M\u00e1rka: Bang Vape<br \/>\nNikotin:0% 2% 3% 5%<br \/>\nPuffok: 12000<br \/>\nKapacit\u00e1s: 20ml<br \/>\n12 \u00edzben kaphat\u00f3<br \/>\n650mah \u00dajrat\u00f6lthet\u0151<br \/>\nH\u00e1l\u00f3s Tekercs<br \/>\nType-C<\/p>\n<p>&nbsp;<\/p>\n<h2><strong>Melyik a legjobb \u00edz a Vape Bang Box Vape 15k Puffs-hoz?<\/strong><strong>?<\/strong><\/h2>\n<p>Ez a Vape Bang Box Vape 15000 \u00f6sszesen 12 el\u00e9rhet\u0151 \u00edzt k\u00edn\u00e1l. V\u00e1lasszon az \u00edzek kellemes v\u00e1laszt\u00e9k\u00e1b\u00f3l, mint p\u00e9ld\u00e1ul az Eper Ban\u00e1n, Cseresznye K\u00f3la \u00e9s \u00c1fonya M\u00e1lna, stb., \u00e9s mer\u00fclj\u00f6n el az \u00edzek \u00e9s az el\u00e9gedetts\u00e9g vil\u00e1g\u00e1ban.<\/p>\n<p>1. Epres Ban\u00e1n<br \/>\n2.\u00c1fonya Eper<span style=\"color: #ff0000\"><strong>&gt;&gt;&gt;&gt; Forr\u00f3!<\/strong><\/span><br \/>\n3. Epres Kivi<br \/>\n4.Sz\u0151l\u0151zsel\u00e9<br \/>\n5.M\u00e1lna Savany\u00fa Alma<span style=\"color: #ff0000\"><strong>&gt;&gt;&gt;&gt; Forr\u00f3!<\/strong><\/span><br \/>\n6.Cseresznye K\u00f3la<br \/>\n7.Eper G\u00f6r\u00f6gdinnye<br \/>\n8.Mang\u00f3 J\u00e9gen<br \/>\n9.Eper Sz\u0151l\u0151<br \/>\n10.G\u00f6r\u00f6gdinnye j\u00e9g<br \/>\n11.\u00c1fonya M\u00e1lna<span style=\"color: #ff0000\"><strong>&gt;&gt;&gt;&gt;A legjobb!<\/strong><\/span><br \/>\n12.Vegyes Bogy\u00f3s Gy\u00fcm\u00f6lcs<\/p>\n<p>&nbsp;<\/p>\n<p><img loading=\"lazy\" decoding=\"async\" class=\"size-medium wp-image-2080\" src=\"https:\/\/rmvapesale.com\/wp-content\/uploads\/2024\/09\/Bang-Box-Vape-15000-Puffs-300x300.png\" alt=\"Bang Box Vape 15000 Puffs\" width=\"300\" height=\"300\" srcset=\"https:\/\/rmvapesale.com\/wp-content\/uploads\/2024\/09\/Bang-Box-Vape-15000-Puffs-300x300.png 300w, https:\/\/rmvapesale.com\/wp-content\/uploads\/2024\/09\/Bang-Box-Vape-15000-Puffs-150x150.png 150w, https:\/\/rmvapesale.com\/wp-content\/uploads\/2024\/09\/Bang-Box-Vape-15000-Puffs-768x768.png 768w, https:\/\/rmvapesale.com\/wp-content\/uploads\/2024\/09\/Bang-Box-Vape-15000-Puffs-600x600.png 600w, https:\/\/rmvapesale.com\/wp-content\/uploads\/2024\/09\/Bang-Box-Vape-15000-Puffs-100x100.png 100w, https:\/\/rmvapesale.com\/wp-content\/uploads\/2024\/09\/Bang-Box-Vape-15000-Puffs.png 788w\" sizes=\"auto, (max-width: 300px) 100vw, 300px\" \/><\/p>\n<p>&nbsp;<\/p>\n<h2><strong>K\u00e9rd\u00e9sek, amelyeket \u00e9rdemes tudnia a Vape Bang Box Vape 15000 Puffs-r\u00f3l<\/strong><\/h2>\n<p>&nbsp;<\/p>\n<p><strong>1. H\u00e1ny f\u00faj\u00e1sra sz\u00e1m\u00edthatok a Vape Bang Box Vape 15000 Puffs-t\u00f3l?<\/strong><\/p>\n<p>A Vape Bang Box Vape 15k Puffs leny\u0171g\u00f6z\u0151, 15000 f\u00faj\u00e1st (tesztk\u00f6rnyezetben) k\u00edn\u00e1l, hosszan tart\u00f3 haszn\u00e1latot \u00e9s el\u00e9gedetts\u00e9get biztos\u00edtva.<\/p>\n<p><strong>2. Milyen nikotiner\u0151ss\u00e9get k\u00edn\u00e1l a Bang Box Vape 15k Puffs?<\/strong><\/p>\n<p>A Vape Bang Box Vape 15k el\u0151re felt\u00f6lt\u00f6tt 25 ml e-folyad\u00e9kkal \u00e9rkezik 0% 2% 3% 5% nikotiner\u0151ss\u00e9gben, kiegyens\u00falyozott g\u0151z\u00f6l\u00e9si \u00e9lm\u00e9nyt ny\u00fajtva.<\/p>\n<p><strong>3. Hogyan fokozza a Mesh Coil technol\u00f3gia a vaping \u00e9lm\u00e9nyt?<\/strong><\/p>\n<p>A Vape Bang Vape 12000 Puffs-ba integr\u00e1lt Mesh Coil technol\u00f3gia alacsony, 1,0 ohmos ellen\u00e1ll\u00e1s\u00fa tekerccsel rendelkezik. Ez a kialak\u00edt\u00e1s maximaliz\u00e1lja a f\u0171t\u0151fel\u00fcletet, ami sim\u00e1bb sz\u00edv\u00e1st \u00e9s fokozottabb g\u0151zk\u00e9pz\u0151d\u00e9st eredm\u00e9nyez. A technol\u00f3gia garant\u00e1lja az e-liquid egyenletes \u00e9s k\u00f6vetkezetes felmeleged\u00e9s\u00e9t, kiv\u00e1l\u00f3 \u00edz\u00e9lm\u00e9nyt ny\u00fajtva.<\/p>\n<p><strong>4. Hol v\u00e1s\u00e1rolhatom meg az eredeti Bang King Vape 20000 Puffs-ot?<\/strong><\/p>\n<p>Az eredeti Bang Box Vape 15k hivatalos forgalmaz\u00f3kon kereszt\u00fcl v\u00e1s\u00e1rolhat\u00f3 meg. Nagykereskedelmi megkeres\u00e9sek eset\u00e9n a forgalmaz\u00f3k a <a href=\"https:\/\/wa.me\/8617776015835\" target=\"_blank\" rel=\"noopener\">Kapcsolat<\/a> k\u00f6zvetlen\u00fcl. A lakoss\u00e1gi \u00fcgyfelek a term\u00e9ket kiv\u00e1lasztott kiskeresked\u0151kn\u00e9l vagy online \u00e1ruh\u00e1zakban tal\u00e1lhatj\u00e1k meg. \u00dczlet\u00fcnkben minden term\u00e9k 100% eredeti \u00e9s hiteles, a hamis \u00e1ruk\u00e9rt t\u00edzszeres k\u00e1rt\u00e9r\u00edt\u00e9s a boltunk szab\u00e1lyzata.<\/p>\n<p>&nbsp;<\/p>\n<h2><b>GYIK<\/b><\/h2>\n<div class=\"flex-shrink-0 flex flex-col relative items-end\">\n<div>\n<div class=\"pt-0\">\n<div class=\"gizmo-bot-avatar flex h-8 w-8 items-center justify-center overflow-hidden rounded-full\">\n<div><\/div>\n<div class=\"relative p-1 rounded-sm flex items-center justify-center bg-token-main-surface-primary text-token-text-primary h-8 w-8\"><strong>Milyen sz\u00e1ll\u00edt\u00e1si m\u00f3dokat haszn\u00e1lnak?<\/strong><\/div>\n<\/div>\n<\/div>\n<\/div>\n<\/div>\n<div class=\"group\/conversation-turn relative flex w-full min-w-0 flex-col agent-turn\">\n<div class=\"flex-col gap-1 md:gap-3\">\n<div class=\"flex max-w-full flex-col flex-grow\">\n<div class=\"min-h-[20px] text-message flex w-full flex-col items-end gap-2 whitespace-normal break-words [.text-message+&amp;]:mt-5 overflow-x-auto\" dir=\"auto\" data-message-author-role=\"assistant\" data-message-id=\"22f8283b-3233-46ff-89a5-c7a41b33abda\">\n<div class=\"flex w-full flex-col gap-1 empty:hidden first:pt-[3px]\">\n<div class=\"markdown prose w-full break-words dark:prose-invert light\">\n<p>Partnerei vagyunk a UPS, DHL, FedEx, DPD \u00e9s m\u00e1s vezet\u0151 fuvaroz\u00f3knak. A legjobb sz\u00e1ll\u00edt\u00e1si m\u00f3dot fogjuk kiv\u00e1lasztani a sz\u00e1ll\u00edt\u00e1si helysz\u00edne alapj\u00e1n, hogy a lehet\u0151 leggyorsabban megkapja a term\u00e9keit.<\/p>\n<\/div>\n<p><strong>Mennyi id\u0151 alatt \u00e9rkezik meg?<\/strong><\/p>\n<p>Magyarorsz\u00e1gra \u00e1ltal\u00e1ban 10 munkanapon bel\u00fcl \u00e9rkezik meg.<\/p>\n<p>Az eur\u00f3pai orsz\u00e1gokba \u00e1ltal\u00e1ban 12-15 munkanapot vesz ig\u00e9nybe.<\/p>\n<p>Val\u00f3s idej\u0171 friss\u00edt\u00e9seket biztos\u00edtunk a sz\u00e1ll\u00edt\u00e1si \u00e1llapot\u00e1r\u00f3l.<\/p>\n<\/div>\n<\/div>\n<\/div>\n<\/div>\n<\/div>\n<p>&nbsp;<\/p>\n<p>Egy\u00e9b n\u00e9pszer\u0171 vape term\u00e9kek, amelyek tetszhetnek:<\/p>\n<p><a href=\"https:\/\/rmvapesale.com\/hu\/product\/bang-20000-puffs-disposable-vape-wholesale-supplier\/\">Bang Vape 20000 Puffs<\/a><\/p>\n<p><a href=\"https:\/\/rmvapesale.com\/hu\/product\/randm-tornado-7000-puffs-original-cheap-price-vapes-fumot-factory\/\">RandM Tornado 7000 Sz\u00edv\u00e1s<\/a><\/p>\n<p><a href=\"https:\/\/rmvapesale.com\/hu\/product\/bang-vape-tornado-12000-puffs-disposable-pod-factory-price\/\">BANG Tornado 12000 Sz\u00edv\u00e1s<\/a><\/p>\n<p>&nbsp;<\/p>\n<p>&nbsp;<\/p>\n<p>Tal\u00e1lja meg a tov\u00e1bbi vape term\u00e9keket, amelyek tetszhetnek \u00d6nnek:<em><a href=\"https:\/\/rmvapesale.com\/hu\/shop-2\/\">V\u00e1s\u00e1roljon most\u00a0<\/a><\/em><\/p>","protected":false},"excerpt":{"rendered":"<p>Bang Box 15000 Puffs eldobhat\u00f3 vape nagykeresked\u00e9s<br \/>\nBang Box 15000 Puffs eldobhat\u00f3 e-cigaretta vape<br \/>\nBang Box 15000 Puffs Intelligens k\u00e9perny\u0151s \u00fajrat\u00f6lthet\u0151 vape a legjobb \u00edzzel<\/p>\n<p><strong>Tov\u00e1bbi kedvezm\u00e9ny\u00e9rt \u00e9s alacsonyabb minim\u00e1lis rendel\u00e9si mennyis\u00e9g\u00e9rt l\u00e9pjen kapcsolatba Amy-vel<\/strong><\/p>\n<p><img loading=\"lazy\" decoding=\"async\" class=\"size-medium wp-image-1814\" src=\"https:\/\/rmvapesale.com\/wp-content\/uploads\/2024\/04\/whatsapp-amy-229x300.jpg\" alt=\"whatsapp amy\" width=\"229\" height=\"300\" srcset=\"https:\/\/rmvapesale.com\/wp-content\/uploads\/2024\/04\/whatsapp-amy-229x300.jpg 229w, https:\/\/rmvapesale.com\/wp-content\/uploads\/2024\/04\/whatsapp-amy-783x1024.jpg 783w, https:\/\/rmvapesale.com\/wp-content\/uploads\/2024\/04\/whatsapp-amy-768x1005.jpg 768w, https:\/\/rmvapesale.com\/wp-content\/uploads\/2024\/04\/whatsapp-amy-600x785.jpg 600w, https:\/\/rmvapesale.com\/wp-content\/uploads\/2024\/04\/whatsapp-amy.jpg 990w\" sizes=\"auto, (max-width: 229px) 100vw, 229px\" \/><\/p>\n<h3><span style=\"color: #ff0000\"><strong>WhatsApp: +86 17776015835<\/strong><\/span><\/h3>","protected":false},"featured_media":2084,"comment_status":"open","ping_status":"closed","template":"","meta":{"_uag_custom_page_level_css":"","_lmt_disableupdate":"no","_lmt_disable":"","site-sidebar-layout":"default","site-content-layout":"content-boxed-container","ast-site-content-layout":"normal-width-container","site-content-style":"boxed","site-sidebar-style":"unboxed","ast-global-header-display":"","ast-banner-title-visibility":"","ast-main-header-display":"","ast-hfb-above-header-display":"","ast-hfb-below-header-display":"","ast-hfb-mobile-header-display":"","site-post-title":"","ast-breadcrumbs-content":"","ast-featured-img":"","footer-sml-layout":"","theme-transparent-header-meta":"default","adv-header-id-meta":"","stick-header-meta":"","header-above-stick-meta":"","header-main-stick-meta":"","header-below-stick-meta":"","astra-migrate-meta-layouts":"set","ast-page-background-enabled":"default","ast-page-background-meta":{"desktop":{"background-color":"var(--ast-global-color-4)","background-image":"","background-repeat":"repeat","background-position":"center center","background-size":"auto","background-attachment":"scroll","background-type":"","background-media":"","overlay-type":"","overlay-color":"","overlay-opacity":"","overlay-gradient":""},"tablet":{"background-color":"","background-image":"","background-repeat":"repeat","background-position":"center center","background-size":"auto","background-attachment":"scroll","background-type":"","background-media":"","overlay-type":"","overlay-color":"","overlay-opacity":"","overlay-gradient":""},"mobile":{"background-color":"","background-image":"","background-repeat":"repeat","background-position":"center center","background-size":"auto","background-attachment":"scroll","background-type":"","background-media":"","overlay-type":"","overlay-color":"","overlay-opacity":"","overlay-gradient":""}},"ast-content-background-meta":{"desktop":{"background-color":"var(--ast-global-color-5)","background-image":"","background-repeat":"repeat","background-position":"center center","background-size":"auto","background-attachment":"scroll","background-type":"","background-media":"","overlay-type":"","overlay-color":"","overlay-opacity":"","overlay-gradient":""},"tablet":{"background-color":"var(--ast-global-color-5)","background-image":"","background-repeat":"repeat","background-position":"center center","background-size":"auto","background-attachment":"scroll","background-type":"","background-media":"","overlay-type":"","overlay-color":"","overlay-opacity":"","overlay-gradient":""},"mobile":{"background-color":"var(--ast-global-color-5)","background-image":"","background-repeat":"repeat","background-position":"center center","background-size":"auto","background-attachment":"scroll","background-type":"","background-media":"","overlay-type":"","overlay-color":"","overlay-opacity":"","overlay-gradient":""}},"_joinchat":[]},"product_brand":[],"product_cat":[25,289,291,292,293,295,299,273,279,123,26,28,135,27,61,60,137,136,15,30],"product_tag":[78,76,63,57,58,59,37],"class_list":{"0":"post-2085","1":"product","2":"type-product","3":"status-publish","4":"has-post-thumbnail","6":"product_cat-germany-best-selling-vape","7":"product_cat-big-puffs-disposable-vapes","8":"product_cat-dual-mesh-disposable-vapes","9":"product_cat-digital-disposable-vapes","10":"product_cat-low-nicotine-disposable-vapes","11":"product_cat-rechargeable-disposable-vapes","12":"product_cat-smart-screen-disposable-vapes","13":"product_cat-bang-box-vape","14":"product_cat-bang-king-vape","15":"product_cat-italy-wholesale-vape","16":"product_cat-netherlands-hot-sale-vape","17":"product_cat-poland-hot-sale-vape","18":"product_cat-spain-best-hot-sale-vape","19":"product_cat-fance-hot-sale-vape","20":"product_cat-15000-puffs-disposable-vapes","21":"product_cat-bang-vapes","22":"product_cat-rechargeable-vapes","23":"product_cat-smart-screen-vapes","24":"product_cat-new-vape-this-week","25":"product_cat-minimum-order-quantity-50pcs","26":"product_tag-bang-box-15000-puffs","27":"product_tag-bang-king-vape","28":"product_tag-bang-vapes","29":"product_tag-disposable-vape-wholesale-supplier","30":"product_tag-electric-cigarettes","31":"product_tag-puffs-vape","32":"product_tag-wholesale-vape-price","33":"desktop-align-left","34":"tablet-align-left","35":"mobile-align-left","37":"first","38":"instock","39":"sale","40":"shipping-taxable","41":"purchasable","42":"product-type-simple"},"uagb_featured_image_src":{"full":["https:\/\/rmvapesale.com\/wp-content\/uploads\/2024\/09\/Vape-Bang-Box-15000-Puffs.png",788,788,false],"thumbnail":["https:\/\/rmvapesale.com\/wp-content\/uploads\/2024\/09\/Vape-Bang-Box-15000-Puffs-150x150.png",150,150,true],"medium":["https:\/\/rmvapesale.com\/wp-content\/uploads\/2024\/09\/Vape-Bang-Box-15000-Puffs-300x300.png",300,300,true],"medium_large":["https:\/\/rmvapesale.com\/wp-content\/uploads\/2024\/09\/Vape-Bang-Box-15000-Puffs-768x768.png",768,768,true],"large":["https:\/\/rmvapesale.com\/wp-content\/uploads\/2024\/09\/Vape-Bang-Box-15000-Puffs.png",788,788,false],"1536x1536":["https:\/\/rmvapesale.com\/wp-content\/uploads\/2024\/09\/Vape-Bang-Box-15000-Puffs.png",788,788,false],"2048x2048":["https:\/\/rmvapesale.com\/wp-content\/uploads\/2024\/09\/Vape-Bang-Box-15000-Puffs.png",788,788,false],"trp-custom-language-flag":["https:\/\/rmvapesale.com\/wp-content\/uploads\/2024\/09\/Vape-Bang-Box-15000-Puffs.png",12,12,false],"woocommerce_thumbnail":["https:\/\/rmvapesale.com\/wp-content\/uploads\/2024\/09\/Vape-Bang-Box-15000-Puffs-300x300.png",300,300,true],"woocommerce_single":["https:\/\/rmvapesale.com\/wp-content\/uploads\/2024\/09\/Vape-Bang-Box-15000-Puffs-600x600.png",600,600,true],"woocommerce_gallery_thumbnail":["https:\/\/rmvapesale.com\/wp-content\/uploads\/2024\/09\/Vape-Bang-Box-15000-Puffs-100x100.png",100,100,true],"wcpr-photo-reviews":["https:\/\/rmvapesale.com\/wp-content\/uploads\/2024\/09\/Vape-Bang-Box-15000-Puffs.png",500,500,false]},"uagb_author_info":{"display_name":"AMY","author_link":"https:\/\/rmvapesale.com\/hu\/author\/"},"uagb_comment_info":0,"uagb_excerpt":"Vape Bang Box 15000 Puffs Disposable Wholesale Bang Box 15000 Puffs Disposable E Cigarettes Vape Bang Box 15000 Puffs Smart Screen Rechargeable Vape Best Flavour Contact Amy For More Discount And Lower MOQ Vape WhatsApp: +86 17776015835","_links":{"self":[{"href":"https:\/\/rmvapesale.com\/hu\/wp-json\/wp\/v2\/product\/2085","targetHints":{"allow":["GET"]}}],"collection":[{"href":"https:\/\/rmvapesale.com\/hu\/wp-json\/wp\/v2\/product"}],"about":[{"href":"https:\/\/rmvapesale.com\/hu\/wp-json\/wp\/v2\/types\/product"}],"replies":[{"embeddable":true,"href":"https:\/\/rmvapesale.com\/hu\/wp-json\/wp\/v2\/comments?post=2085"}],"wp:featuredmedia":[{"embeddable":true,"href":"https:\/\/rmvapesale.com\/hu\/wp-json\/wp\/v2\/media\/2084"}],"wp:attachment":[{"href":"https:\/\/rmvapesale.com\/hu\/wp-json\/wp\/v2\/media?parent=2085"}],"wp:term":[{"taxonomy":"product_brand","embeddable":true,"href":"https:\/\/rmvapesale.com\/hu\/wp-json\/wp\/v2\/product_brand?post=2085"},{"taxonomy":"product_cat","embeddable":true,"href":"https:\/\/rmvapesale.com\/hu\/wp-json\/wp\/v2\/product_cat?post=2085"},{"taxonomy":"product_tag","embeddable":true,"href":"https:\/\/rmvapesale.com\/hu\/wp-json\/wp\/v2\/product_tag?post=2085"}],"curies":[{"name":"wp","href":"https:\/\/api.w.org\/{rel}","templated":true}]}}