{"id":2095,"date":"2024-09-23T03:14:35","date_gmt":"2024-09-23T03:14:35","guid":{"rendered":"https:\/\/rmvapesale.com\/?post_type=product&#038;p=2095"},"modified":"2025-01-21T09:18:03","modified_gmt":"2025-01-21T09:18:03","slug":"wga-crystal-pro-max-10000-puffs-disposable-vape","status":"publish","type":"product","link":"https:\/\/rmvapesale.com\/hu\/product\/wga-crystal-pro-max-10000-puffs-disposable-vape\/","title":{"rendered":"WGA Crystal Pro Max 10000 slukk eldobhat\u00f3 vape"},"content":{"rendered":"<div class=\"B2VR9 CJHX3e\">\n<div class=\"wyccme\">\n<h1>WGA Crystal Pro Max 10000 slukk eldobhat\u00f3 vape<\/h1>\n<p class=\"oatEtb\"><span style=\"font-size: 16px\">A WGA Crystal Pro Max Plus 10000 Puffs Eldobhat\u00f3 Vape leny\u0171g\u00f6z\u0151, krist\u00e1lytiszta diz\u00e1jnnal b\u00fcszk\u00e9lkedhet, amely egyszerre t\u00fckr\u00f6zi az eleganci\u00e1t \u00e9s a nagy teljes\u00edtm\u00e9nyt. Ez a vape k\u00e9sz\u00fcl\u00e9k igazi \u00faj\u00edt\u00e1s a vaping vil\u00e1g\u00e1ban, z\u00f6kken\u0151mentesen illeszkedik az \u00e9letst\u00edlusodba, mik\u00f6zben mer\u00e9sz kijelent\u00e9st tesz. K\u00f6nny\u0171 v\u00e1za fokozza a hordozhat\u00f3s\u00e1got, lehet\u0151v\u00e9 t\u00e9ve, hogy k\u00f6nnyed\u00e9n a zsebedben hordozd \u2013 t\u00f6k\u00e9letes az utaz\u00f3k sz\u00e1m\u00e1ra.<\/span><\/p>\n<\/div>\n<\/div>\n<p>A WGA Crystal Pro Max nemcsak vizu\u00e1lisan leny\u0171g\u00f6z\u0151, hanem kiv\u00e9teles vaping \u00e9lm\u00e9nyt is ny\u00fajt. Fejlett h\u00e1l\u00f3s tekercs technol\u00f3gi\u00e1val van felszerelve, amely minden bel\u00e9gz\u00e9sn\u00e9l sima, \u00edzletes g\u0151zt termel. Az egyszer\u0171s\u00e9gre tervezett, h\u00faz\u00e1ssal aktiv\u00e1lhat\u00f3 funkci\u00f3val nincs sz\u00fcks\u00e9g gombokra \u00e9s be\u00e1ll\u00edt\u00e1sokra \u2013 csak l\u00e9legezz be \u00e9s \u00e9lvezd. Ez az eldobhat\u00f3 vape pod k\u00e9sz\u00fcl\u00e9k val\u00f3ban kiemelked\u0151 st\u00edlusban \u00e9s teljes\u00edtm\u00e9nyben egyar\u00e1nt.<\/p>\n<p>&nbsp;<\/p>\n<p><strong>L\u00e9pjen kapcsolatba Amyvel a pontos v\u00e1laszok\u00e9rt \u00e9s tov\u00e1bbi term\u00e9kvide\u00f3k\u00e9rt!<\/strong><\/p>\n<p><img loading=\"lazy\" decoding=\"async\" class=\"size-full wp-image-1978\" src=\"https:\/\/rmvapesale.com\/wp-content\/uploads\/2024\/09\/Disposable-Vape-Wholesale.jpg\" alt=\"Eldobhat\u00f3 Vape Nagykereskedelem\" width=\"229\" height=\"300\" \/><\/p>\n<h3><span style=\"color: #ff0000\"><strong>WhatsApp: +86 17776015835<\/strong><\/span><\/h3>\n<p>&nbsp;<\/p>\n<h2><\/h2>\n<h2><strong>WGA Crystal Pro Max 10000 F\u0151bb Jellemz\u0151k<\/strong><\/h2>\n<p>&nbsp;<\/p>\n<p>Nikotin: 2%<br \/>\nPuffok: 10000<br \/>\nKapacit\u00e1s: 20ml<br \/>\nType-C portH\u0171v\u00f6s sz\u00ednes f\u00e9nyek alul<br \/>\n850mah \u00dajrat\u00f6lthet\u0151<\/p>\n<h2><\/h2>\n<h2><\/h2>\n<h2><strong>Legjobb \u00edz a WGA Crystal Pro Max 10000 Puffs sz\u00e1m\u00e1ra<\/strong><\/h2>\n<p>A WGA Crystal Pro Max 10000 eldobhat\u00f3 vape toll 36 szakszer\u0171en kidolgozott \u00edzzel b\u00fcszk\u00e9lkedhet, amelyek mindegyike egyedi \u00e9s kiel\u00e9g\u00edt\u0151 vaping \u00e9lm\u00e9nyt ny\u00fajt, biztosan tal\u00e1lsz valami neked megfelel\u0151t!<\/p>\n<p>&nbsp;<\/p>\n<p>1.G\u00f6r\u00f6gdinnye j\u00e9g<br \/>\n2.\u00c1fonya m\u00e1lna<span style=\"color: #ff0000\"><strong>&gt;&gt;&gt;&gt; Forr\u00f3!<\/strong><\/span><br \/>\n3.Cseresznye<br \/>\n4.Gumicukor<span style=\"color: #ff0000\"><strong>&gt;&gt;&gt;&gt; Forr\u00f3!<\/strong><\/span><br \/>\n5.Citrom lime<br \/>\n6.Eper j\u00e9g<br \/>\n7.\u00c1fonya savany\u00fa m\u00e1lna<br \/>\n8.K\u00e9k m\u00e1lna cseresznye<br \/>\n9.K\u00e9k m\u00e1lna j\u00e9g<span style=\"color: #ff0000\"><strong>&gt;&gt;&gt;&gt; Forr\u00f3!<\/strong><\/span><br \/>\n10.K\u00e9k m\u00e1lna limon\u00e1d\u00e9<br \/>\n11.Mr. K\u00e9k<br \/>\n12.Skittles<br \/>\n13.R\u00f3zsasz\u00edn limon\u00e1d\u00e9<br \/>\n14.\u00c1fonya cseresznye t\u0151zeg\u00e1fonya<br \/>\n15.\u00c1fonya<br \/>\n16.Vimto bika<span style=\"color: #ff0000\"><strong>&gt;&gt;&gt;&gt; Forr\u00f3!<\/strong><\/span><br \/>\n17.Cseresznye j\u00e9g<br \/>\n18.Piros alma j\u00e9g<br \/>\n19.L\u00e9d\u00fas barack<br \/>\n20.Cseresznye barack limon\u00e1d\u00e9<br \/>\n21.Dupla alma<br \/>\n22.Tripla mang\u00f3<br \/>\n23.Anan\u00e1sz j\u00e9g<br \/>\n24.Eper cseresznye m\u00e1lna j\u00e9g<br \/>\n25.G\u00f6r\u00f6gdinnye cseresznye<br \/>\n26.Cseresznye lime m\u00e1lna<span style=\"color: #ff0000\"><strong>&gt;&gt;&gt;&gt;A legjobb!<\/strong><\/span><br \/>\n27.Anan\u00e1sz citrom<br \/>\n28.\u00c1fonya m\u00e1lna gr\u00e1n\u00e1talma<br \/>\n29.\u00c1fonya eper szeder<br \/>\n30.Meta hold<br \/>\n31.J\u00e9gnyal\u00f3ka<br \/>\n32.K\u00f3la lime<br \/>\n33.Ban\u00e1n j\u00e9g<br \/>\n34.Ny\u00e1ri \u00e1lom<br \/>\n35.K\u00e9k m\u00e1lna gr\u00e1n\u00e1talma<br \/>\n36.Hubba bubba<\/p>\n<h2><strong>K\u00e9rd\u00e9sek, amiket \u00e9rdemes tudni a WGA Crystal Pro Max 10k Puffs-r\u00f3l <\/strong><\/h2>\n<p>&nbsp;<\/p>\n<p><strong>1. Mennyi nikotin van a Crystal Pro Max 10k-ban?<\/strong><br \/>\nA WGA Crystal Pro Max 10000 2% nikotins\u00f3t tartalmaz. A fejlett mesh tekercs technol\u00f3gi\u00e1nak k\u00f6sz\u00f6nhet\u0151en kiv\u00e1l\u00f3 g\u0151z\u00e9lm\u00e9nyt ny\u00fajt, telis-tele gazdag \u00edzekkel.<\/p>\n<p><strong>2. \u00dajrat\u00f6lthet\u0151ek a WGA 10k crystal vape-ek?<\/strong><br \/>\nIgen, a WGA Crystal Pro Max 10000 tartalmaz egy 850 mAh-s \u00fajrat\u00f6lthet\u0151 akkumul\u00e1tort, amely hosszan tart\u00f3 \u00e9lvezetet biztos\u00edt.<\/p>\n<p><strong>3. H\u00e1ny slukkot lehet kivenni egy WGA Crystal Pro Max 10000-b\u0151l?<\/strong><br \/>\nA WGA Crystal Pro Max 10000 k\u00f6r\u00fclbel\u00fcl 10000 slukkot biztos\u00edt, haszn\u00e1latt\u00f3l f\u00fcgg\u0151en, \u00e9s t\u00f6bb mint 30 \u00edzben kaphat\u00f3.<\/p>\n<p><strong>4. Mennyi id\u0151 alatt t\u00f6lt\u0151dik fel egy WGA Crystal 10k?<\/strong><br \/>\nMind a WGA Crystal Pro Max 10000, mind a 15000 teljes felt\u00f6lt\u00e9se mind\u00f6ssze 30-35 percet vesz ig\u00e9nybe, \u00edgy gyorsan haszn\u00e1latra k\u00e9sz.<\/p>\n<p>&nbsp;<\/p>\n<h3><b>GYIK<\/b><\/h3>\n<p>&nbsp;<\/p>\n<div class=\"flex-shrink-0 flex flex-col relative items-end\">\n<div>\n<div class=\"pt-0\">\n<div class=\"gizmo-bot-avatar flex h-8 w-8 items-center justify-center overflow-hidden rounded-full\">\n<div class=\"relative p-1 rounded-sm flex items-center justify-center bg-token-main-surface-primary text-token-text-primary h-8 w-8\"><strong>Milyen sz\u00e1ll\u00edt\u00e1si m\u00f3dokat haszn\u00e1lnak?<\/strong><\/div>\n<\/div>\n<\/div>\n<\/div>\n<\/div>\n<div class=\"group\/conversation-turn relative flex w-full min-w-0 flex-col agent-turn\">\n<div class=\"flex-col gap-1 md:gap-3\">\n<div class=\"flex max-w-full flex-col flex-grow\">\n<div class=\"min-h-[20px] text-message flex w-full flex-col items-end gap-2 whitespace-normal break-words [.text-message+&amp;]:mt-5 overflow-x-auto\" dir=\"auto\" data-message-author-role=\"assistant\" data-message-id=\"22f8283b-3233-46ff-89a5-c7a41b33abda\">\n<div class=\"flex w-full flex-col gap-1 empty:hidden first:pt-[3px]\">\n<div class=\"markdown prose w-full break-words dark:prose-invert light\">\n<p>Partnerei vagyunk a UPS, DHL, FedEx, DPD \u00e9s m\u00e1s vezet\u0151 fuvaroz\u00f3knak. A legjobb sz\u00e1ll\u00edt\u00e1si m\u00f3dot fogjuk kiv\u00e1lasztani a sz\u00e1ll\u00edt\u00e1si helysz\u00edne alapj\u00e1n, hogy a lehet\u0151 leggyorsabban megkapja a term\u00e9keit.<\/p>\n<\/div>\n<p><strong>Mennyi id\u0151 alatt \u00e9rkezik meg?<\/strong><\/p>\n<p>A csomagok \u00e1ltal\u00e1ban 10 munkanapon bel\u00fcl meg\u00e9rkeznek Magyarorsz\u00e1gra. Az eur\u00f3pai orsz\u00e1gokba t\u00f6rt\u00e9n\u0151 sz\u00e1ll\u00edt\u00e1s \u00e1ltal\u00e1ban 12-15 munkanapot vesz ig\u00e9nybe. Folyamatosan t\u00e1j\u00e9koztatjuk a sz\u00e1ll\u00edt\u00e1si st\u00e1tuszr\u00f3l.<\/p>\n<\/div>\n<p><strong>Garancia<\/strong><\/p>\n<p><span style=\"color: #ff0000\"><strong>\u00dczlet\u00fcnkben minden term\u00e9k garant\u00e1ltan 100% eredeti \u00e9s hiteles. 10-szeres k\u00e1rt\u00e9r\u00edt\u00e9st k\u00edn\u00e1lunk hamis \u00e1ru eset\u00e9n!<\/strong><\/span><\/p>\n<div class=\"flex w-full flex-col gap-1 empty:hidden first:pt-[3px]\">\n<p>&nbsp;<\/p>\n<\/div>\n<\/div>\n<\/div>\n<\/div>\n<\/div>\n<p>&nbsp;<\/p>\n<p>Tov\u00e1bbi n\u00e9pszer\u0171 vape term\u00e9kek, amik tetszhetnek:<\/p>\n<p><strong><a href=\"https:\/\/rmvapesale.com\/hu\/product\/wga-crystal-plus-20000-puff-dual-flavour-disposable-vape\/\">WGA Crystal Plus 20000<\/a><\/strong><\/p>\n<p><a href=\"https:\/\/rmvapesale.com\/hu\/product\/waspe-tornado-15000-puffs-original-factory-price\/\"><strong>Waspe Tornado 15000 Puffs<\/strong><\/a><\/p>\n<p><a href=\"https:\/\/rmvapesale.com\/hu\/product\/wga-crystal-pro-max-extra-15k-puffs-disposable-vape-wholesale\/\"><strong>WGA Crystal Pro Max Extra 15000<\/strong><\/a><\/p>\n<p>&nbsp;<\/p>\n<p>&nbsp;<\/p>\n<p>Tal\u00e1lja meg a tov\u00e1bbi vape term\u00e9keket, amelyek tetszhetnek \u00d6nnek:<strong><em><a href=\"https:\/\/rmvapesale.com\/hu\/shop-2\/\">V\u00e1s\u00e1roljon most &gt;&gt;&gt;<\/a><\/em><\/strong><\/p>","protected":false},"excerpt":{"rendered":"<p>Crystal Pro Max Plus WGA 10000 Puffs Eldobhat\u00f3 Vape<br \/>\nWga Crystal Pro Max 10000 2% Nic Salt<br \/>\nWGA Crystal Pro Max 10000 10k Puffs Nagykeresked\u00e9s<\/p>\n<p><strong>Tov\u00e1bbi kedvezm\u00e9ny\u00e9rt \u00e9s alacsonyabb minim\u00e1lis rendel\u00e9si mennyis\u00e9g\u00e9rt l\u00e9pjen kapcsolatba Amy-vel<\/strong><\/p>\n<p><img loading=\"lazy\" decoding=\"async\" class=\"size-full wp-image-1978\" src=\"https:\/\/rmvapesale.com\/wp-content\/uploads\/2024\/09\/Disposable-Vape-Wholesale.jpg\" alt=\"Eldobhat\u00f3 Vape Nagykereskedelem\" width=\"229\" height=\"300\" \/><\/p>\n<h3><span style=\"color: #ff0000\"><strong>WhatsApp: +86 17776015835<\/strong><\/span><\/h3>","protected":false},"featured_media":2099,"comment_status":"open","ping_status":"closed","template":"","meta":{"_uag_custom_page_level_css":"","_lmt_disableupdate":"no","_lmt_disable":"","site-sidebar-layout":"default","site-content-layout":"content-boxed-container","ast-site-content-layout":"normal-width-container","site-content-style":"boxed","site-sidebar-style":"unboxed","ast-global-header-display":"","ast-banner-title-visibility":"","ast-main-header-display":"","ast-hfb-above-header-display":"","ast-hfb-below-header-display":"","ast-hfb-mobile-header-display":"","site-post-title":"","ast-breadcrumbs-content":"","ast-featured-img":"","footer-sml-layout":"","theme-transparent-header-meta":"default","adv-header-id-meta":"","stick-header-meta":"","header-above-stick-meta":"","header-main-stick-meta":"","header-below-stick-meta":"","astra-migrate-meta-layouts":"set","ast-page-background-enabled":"default","ast-page-background-meta":{"desktop":{"background-color":"var(--ast-global-color-4)","background-image":"","background-repeat":"repeat","background-position":"center center","background-size":"auto","background-attachment":"scroll","background-type":"","background-media":"","overlay-type":"","overlay-color":"","overlay-opacity":"","overlay-gradient":""},"tablet":{"background-color":"","background-image":"","background-repeat":"repeat","background-position":"center center","background-size":"auto","background-attachment":"scroll","background-type":"","background-media":"","overlay-type":"","overlay-color":"","overlay-opacity":"","overlay-gradient":""},"mobile":{"background-color":"","background-image":"","background-repeat":"repeat","background-position":"center center","background-size":"auto","background-attachment":"scroll","background-type":"","background-media":"","overlay-type":"","overlay-color":"","overlay-opacity":"","overlay-gradient":""}},"ast-content-background-meta":{"desktop":{"background-color":"var(--ast-global-color-5)","background-image":"","background-repeat":"repeat","background-position":"center center","background-size":"auto","background-attachment":"scroll","background-type":"","background-media":"","overlay-type":"","overlay-color":"","overlay-opacity":"","overlay-gradient":""},"tablet":{"background-color":"var(--ast-global-color-5)","background-image":"","background-repeat":"repeat","background-position":"center center","background-size":"auto","background-attachment":"scroll","background-type":"","background-media":"","overlay-type":"","overlay-color":"","overlay-opacity":"","overlay-gradient":""},"mobile":{"background-color":"var(--ast-global-color-5)","background-image":"","background-repeat":"repeat","background-position":"center center","background-size":"auto","background-attachment":"scroll","background-type":"","background-media":"","overlay-type":"","overlay-color":"","overlay-opacity":"","overlay-gradient":""}},"_joinchat":[]},"product_brand":[],"product_cat":[15,290,291,293,295,299,283,271,25,123,26,28,135,27,137,136,30],"product_tag":[57,58,82,81,69],"class_list":{"0":"post-2095","1":"product","2":"type-product","3":"status-publish","4":"has-post-thumbnail","6":"product_cat-new-vape-this-week","7":"product_cat-crystal-disposable-vapes","8":"product_cat-dual-mesh-disposable-vapes","9":"product_cat-low-nicotine-disposable-vapes","10":"product_cat-rechargeable-disposable-vapes","11":"product_cat-smart-screen-disposable-vapes","12":"product_cat-wga-vape","13":"product_cat-10000-puff-disposable-vape","14":"product_cat-germany-best-selling-vape","15":"product_cat-italy-wholesale-vape","16":"product_cat-netherlands-hot-sale-vape","17":"product_cat-poland-hot-sale-vape","18":"product_cat-spain-best-hot-sale-vape","19":"product_cat-fance-hot-sale-vape","20":"product_cat-rechargeable-vapes","21":"product_cat-smart-screen-vapes","22":"product_cat-minimum-order-quantity-50pcs","23":"product_tag-disposable-vape-wholesale-supplier","24":"product_tag-electric-cigarettes","25":"product_tag-wga-crystal-10000-puffs","26":"product_tag-wga-crystal-pro-max","27":"product_tag-wga-vape","28":"desktop-align-left","29":"tablet-align-left","30":"mobile-align-left","32":"first","33":"instock","34":"sale","35":"shipping-taxable","36":"purchasable","37":"product-type-simple"},"uagb_featured_image_src":{"full":["https:\/\/rmvapesale.com\/wp-content\/uploads\/2024\/09\/WGA-Crystal-Pro-Max-Plus-10000-Vape.png",788,788,false],"thumbnail":["https:\/\/rmvapesale.com\/wp-content\/uploads\/2024\/09\/WGA-Crystal-Pro-Max-Plus-10000-Vape-150x150.png",150,150,true],"medium":["https:\/\/rmvapesale.com\/wp-content\/uploads\/2024\/09\/WGA-Crystal-Pro-Max-Plus-10000-Vape-300x300.png",300,300,true],"medium_large":["https:\/\/rmvapesale.com\/wp-content\/uploads\/2024\/09\/WGA-Crystal-Pro-Max-Plus-10000-Vape-768x768.png",768,768,true],"large":["https:\/\/rmvapesale.com\/wp-content\/uploads\/2024\/09\/WGA-Crystal-Pro-Max-Plus-10000-Vape.png",788,788,false],"1536x1536":["https:\/\/rmvapesale.com\/wp-content\/uploads\/2024\/09\/WGA-Crystal-Pro-Max-Plus-10000-Vape.png",788,788,false],"2048x2048":["https:\/\/rmvapesale.com\/wp-content\/uploads\/2024\/09\/WGA-Crystal-Pro-Max-Plus-10000-Vape.png",788,788,false],"trp-custom-language-flag":["https:\/\/rmvapesale.com\/wp-content\/uploads\/2024\/09\/WGA-Crystal-Pro-Max-Plus-10000-Vape.png",12,12,false],"woocommerce_thumbnail":["https:\/\/rmvapesale.com\/wp-content\/uploads\/2024\/09\/WGA-Crystal-Pro-Max-Plus-10000-Vape-300x300.png",300,300,true],"woocommerce_single":["https:\/\/rmvapesale.com\/wp-content\/uploads\/2024\/09\/WGA-Crystal-Pro-Max-Plus-10000-Vape-600x600.png",600,600,true],"woocommerce_gallery_thumbnail":["https:\/\/rmvapesale.com\/wp-content\/uploads\/2024\/09\/WGA-Crystal-Pro-Max-Plus-10000-Vape-100x100.png",100,100,true],"wcpr-photo-reviews":["https:\/\/rmvapesale.com\/wp-content\/uploads\/2024\/09\/WGA-Crystal-Pro-Max-Plus-10000-Vape.png",500,500,false]},"uagb_author_info":{"display_name":"AMY","author_link":"https:\/\/rmvapesale.com\/hu\/author\/"},"uagb_comment_info":0,"uagb_excerpt":"Crystal Pro Max Plus WGA 10000 Puffs Disposable Vape Wga Crystal Pro Max 10000 2% Nic Salt WGA Crystal Pro Max 10000 10k Puffs Wholesale Contact Amy For More Discount And Lower MOQ Vape WhatsApp: +86 17776015835","_links":{"self":[{"href":"https:\/\/rmvapesale.com\/hu\/wp-json\/wp\/v2\/product\/2095","targetHints":{"allow":["GET"]}}],"collection":[{"href":"https:\/\/rmvapesale.com\/hu\/wp-json\/wp\/v2\/product"}],"about":[{"href":"https:\/\/rmvapesale.com\/hu\/wp-json\/wp\/v2\/types\/product"}],"replies":[{"embeddable":true,"href":"https:\/\/rmvapesale.com\/hu\/wp-json\/wp\/v2\/comments?post=2095"}],"wp:featuredmedia":[{"embeddable":true,"href":"https:\/\/rmvapesale.com\/hu\/wp-json\/wp\/v2\/media\/2099"}],"wp:attachment":[{"href":"https:\/\/rmvapesale.com\/hu\/wp-json\/wp\/v2\/media?parent=2095"}],"wp:term":[{"taxonomy":"product_brand","embeddable":true,"href":"https:\/\/rmvapesale.com\/hu\/wp-json\/wp\/v2\/product_brand?post=2095"},{"taxonomy":"product_cat","embeddable":true,"href":"https:\/\/rmvapesale.com\/hu\/wp-json\/wp\/v2\/product_cat?post=2095"},{"taxonomy":"product_tag","embeddable":true,"href":"https:\/\/rmvapesale.com\/hu\/wp-json\/wp\/v2\/product_tag?post=2095"}],"curies":[{"name":"wp","href":"https:\/\/api.w.org\/{rel}","templated":true}]}}