{"id":2161,"date":"2024-09-25T08:29:45","date_gmt":"2024-09-25T08:29:45","guid":{"rendered":"https:\/\/rmvapesale.com\/?post_type=product&#038;p=2161"},"modified":"2025-01-21T09:30:39","modified_gmt":"2025-01-21T09:30:39","slug":"vozol-gear-power-20000-puff-disposable-vape","status":"publish","type":"product","link":"https:\/\/rmvapesale.com\/hu\/product\/vozol-gear-power-20000-puff-disposable-vape\/","title":{"rendered":"Vozol Gear Power 20000 Puffs Eldobhat\u00f3 Vape"},"content":{"rendered":"<div class=\"B2VR9 CJHX3e\">\n<div class=\"wyccme\">\n<h3 class=\"LC20lb MBeuO DKV0Md\"><strong>Vozol Gear Power 20000 Puffs Eldobhat\u00f3 Vape<\/strong><\/h3>\n<p>A Vozol Gear Power 20000-et arra tervezt\u00e9k, hogy innovat\u00edv funkci\u00f3ival \u00e9s letisztult diz\u00e1jnj\u00e1val fokozza a vaping \u00e9lm\u00e9nyt. Ez az eldobhat\u00f3 vape nagylelk\u0171, 20 ml-es kapacit\u00e1ssal rendelkezik, \u00e9s fejlett S.i.L.C Dual Mesh Coil-lal van felszerelve a sima, egyenletes slukk \u00e9rdek\u00e9ben. A k\u00f6r\u00fclbel\u00fcl 20 000 el\u00e9rhet\u0151 slukkal hosszan tart\u00f3 el\u00e9gedetts\u00e9get \u00e9lvezhet an\u00e9lk\u00fcl, hogy agg\u00f3dnia kellene a kifogy\u00e1s miatt.<\/p>\n<\/div>\n<div class=\"wyccme\">\n<p>&nbsp;<\/p>\n<\/div>\n<\/div>\n<p><strong>L\u00e9pjen kapcsolatba Amyvel a pontos v\u00e1laszok\u00e9rt \u00e9s tov\u00e1bbi term\u00e9kvide\u00f3k\u00e9rt!<\/strong><\/p>\n<p><img loading=\"lazy\" decoding=\"async\" class=\"size-full wp-image-1978\" src=\"https:\/\/rmvapesale.com\/wp-content\/uploads\/2024\/09\/Disposable-Vape-Wholesale.jpg\" alt=\"Eldobhat\u00f3 Vape Nagykereskedelem\" width=\"229\" height=\"300\" \/><\/p>\n<h3><span style=\"color: #ff0000\"><strong>WhatsApp: +86 17776015835<\/strong><\/span><\/h3>\n<p>&nbsp;<\/p>\n<h2><\/h2>\n<h2><strong>Vozol Gear Power 20000 puffs F\u0151bb jellemz\u0151k<\/strong><\/h2>\n<p>Teljes K\u00e9perny\u0151s Kijelz\u0151<br \/>\nAkkumul\u00e1tor \u00e9s folyad\u00e9kszint kijelz\u0151<br \/>\n20 000+ Puffs<br \/>\nDual Power ECO\/POWER m\u00f3d<br \/>\nL\u00e9g\u00e1raml\u00e1s szab\u00e1lyoz\u00e1s<br \/>\nS.i.L.C. Tech Dual Mesh Coil<br \/>\nSz\u00edv\u00e1sra aktiv\u00e1l\u00f3dik<br \/>\nMTL Vape<br \/>\nKezd\u0151bar\u00e1t<\/p>\n<h2><\/h2>\n<h2><strong>Legjobb \u00edz a Vozol Gear Power 20000 eldobhat\u00f3 vape-hez<\/strong><\/h2>\n<p>A Vozol Gear Power 20000 Puff eldobhat\u00f3 vape 20 \u00edzzel b\u00fcszk\u00e9lkedhet, amelyek mindegyike egyedi \u00e9s kiel\u00e9g\u00edt\u0151 vaping \u00e9lm\u00e9nyt k\u00edn\u00e1l, van valami a legjobb az \u00d6n sz\u00e1m\u00e1ra!<\/p>\n<p>1. G\u00f6r\u00f6gdinnye j\u00e9g<br \/>\n2. Sz\u0151l\u0151 J\u00e9g<br \/>\n3. Mang\u00f3 j\u00e9g<br \/>\n4. Dupla alma j\u00e9g<br \/>\n5. Citromos menta<span style=\"color: #ff0000\"><strong>&gt;&gt;&gt;&gt; Forr\u00f3!<\/strong><\/span><br \/>\n6. Doh\u00e1ny<br \/>\n7. \u0150szibarack j\u00e9g<br \/>\n8. Eper g\u00f6r\u00f6gdinnye<br \/>\n9. Eper kiwi<br \/>\n10. M\u00e1lna g\u00f6r\u00f6gdinnye<br \/>\n11.K\u00e9k m\u00e1lna j\u00e9g<span style=\"color: #ff0000\"><strong>&gt;&gt;&gt;&gt; Forr\u00f3!<\/strong><\/span><br \/>\n12. Eper mang\u00f3<br \/>\n13. Citrom lime<br \/>\n14. Cseresznye limon\u00e1d\u00e9<br \/>\n15. Vegyes bogy\u00f3k<span style=\"color: #ff0000\"><strong>&gt;&gt;&gt;&gt;A legjobb!<\/strong><\/span><br \/>\n16. S\u00e1rk\u00e1nygy\u00fcm\u00f6lcs ban\u00e1n cseresznye<br \/>\n17. LavaFire<br \/>\n18. \u00c1fonya vihar<br \/>\n19. K\u00e9k Mojito<span style=\"color: #ff0000\"><strong>&gt;&gt;&gt;&gt; Forr\u00f3!<\/strong><\/span><br \/>\n20. Mang\u00f3 anan\u00e1sz grapefruit<\/p>\n<figure id=\"attachment_2162\" aria-describedby=\"caption-attachment-2162\" style=\"width: 699px\" class=\"wp-caption alignnone\"><img loading=\"lazy\" decoding=\"async\" class=\"wp-image-2162 size-full\" src=\"https:\/\/rmvapesale.com\/wp-content\/uploads\/2024\/09\/Vozol-Gear-Power-20000-Flavor.png\" alt=\"Vozol Gear Power 20000 \u00cdz\" width=\"699\" height=\"772\" srcset=\"https:\/\/rmvapesale.com\/wp-content\/uploads\/2024\/09\/Vozol-Gear-Power-20000-Flavor.png 699w, https:\/\/rmvapesale.com\/wp-content\/uploads\/2024\/09\/Vozol-Gear-Power-20000-Flavor-272x300.png 272w, https:\/\/rmvapesale.com\/wp-content\/uploads\/2024\/09\/Vozol-Gear-Power-20000-Flavor-600x663.png 600w\" sizes=\"auto, (max-width: 699px) 100vw, 699px\" \/><figcaption id=\"caption-attachment-2162\" class=\"wp-caption-text\">Vozol Gear Power 20000 \u00cdz<\/figcaption><\/figure>\n<h2><strong>K\u00e9rd\u00e9sek, amelyeket \u00e9rdemes tudni a Vozol Gear Power 20000-r\u0151l<\/strong><\/h2>\n<p>&nbsp;<\/p>\n<p><strong>1. Milyen t\u00f6lt\u0151t haszn\u00e1l a Vozol Gear Power 20000 vape?<\/strong><br \/>\nA Vozol Gear Power 20000 Puffs eldobhat\u00f3 vape-et egy szabv\u00e1nyos USB-C t\u00f6lt\u0151k\u00e1bellel \u00e9s egy 1A-s t\u00f6lt\u0151adapterrel vagy porttal t\u00f6ltheti fel.<\/p>\n<p><strong>2. Mennyi nikotint tartalmaz a Vozol Gear Power 20000?<\/strong><br \/>\nA VOZOL E-Liquid nikotint tartalmaz, de a konkr\u00e9t mennyis\u00e9g term\u00e9kenk\u00e9nt v\u00e1ltozhat.<\/p>\n<p><strong>3. J\u00f3 a Vozol Gear Power 20000 Vape?<\/strong><br \/>\nA Vozol Gear Power 20000 eldobhat\u00f3 vape t\u00f6k\u00e9letes kezd\u0151knek \u00e9s megb\u00edzhat\u00f3 tartal\u00e9k a tapasztalt felhaszn\u00e1l\u00f3k sz\u00e1m\u00e1ra, leny\u0171g\u00f6z\u0151 megjelen\u00e9st \u00e9s nagyszer\u0171 \u00edzt k\u00edn\u00e1lva.<\/p>\n<p><strong>4. A Vozol Gear Power 20000 \u00fajrat\u00f6lthet\u0151?<\/strong><br \/>\nA Vozol Gear 20000 Vape \u00fajrat\u00f6lthet\u0151, de ha az e-liquid elfogyott, megfelel\u0151en kell \u00e1rtalmatlan\u00edtani, mivel az eldobhat\u00f3 vape-ek akkumul\u00e1torokat tartalmaznak, amelyek nem ker\u00fclhetnek a szok\u00e1sos szem\u00e9tbe.<\/p>\n<p>&nbsp;<\/p>\n<h3><b>GYIK<\/b><\/h3>\n<p>&nbsp;<\/p>\n<div class=\"flex-shrink-0 flex flex-col relative items-end\">\n<div>\n<div class=\"pt-0\">\n<div class=\"gizmo-bot-avatar flex h-8 w-8 items-center justify-center overflow-hidden rounded-full\">\n<div class=\"relative p-1 rounded-sm flex items-center justify-center bg-token-main-surface-primary text-token-text-primary h-8 w-8\"><strong>Milyen sz\u00e1ll\u00edt\u00e1si m\u00f3dokat haszn\u00e1lnak?<\/strong><\/div>\n<\/div>\n<\/div>\n<\/div>\n<\/div>\n<div class=\"group\/conversation-turn relative flex w-full min-w-0 flex-col agent-turn\">\n<div class=\"flex-col gap-1 md:gap-3\">\n<div class=\"flex max-w-full flex-col flex-grow\">\n<div class=\"min-h-[20px] text-message flex w-full flex-col items-end gap-2 whitespace-normal break-words [.text-message+&amp;]:mt-5 overflow-x-auto\" dir=\"auto\" data-message-author-role=\"assistant\" data-message-id=\"22f8283b-3233-46ff-89a5-c7a41b33abda\">\n<div class=\"flex w-full flex-col gap-1 empty:hidden first:pt-[3px]\">\n<div class=\"markdown prose w-full break-words dark:prose-invert light\">\n<p>Partnerei vagyunk a UPS, DHL, FedEx, DPD \u00e9s m\u00e1s vezet\u0151 fuvaroz\u00f3knak. A legjobb sz\u00e1ll\u00edt\u00e1si m\u00f3dot fogjuk kiv\u00e1lasztani a sz\u00e1ll\u00edt\u00e1si helysz\u00edne alapj\u00e1n, hogy a lehet\u0151 leggyorsabban megkapja a term\u00e9keit.<\/p>\n<\/div>\n<p><strong>Mennyi id\u0151 alatt \u00e9rkezik meg?<\/strong><\/p>\n<p>A csomagok \u00e1ltal\u00e1ban 10 munkanapon bel\u00fcl meg\u00e9rkeznek Magyarorsz\u00e1gra. Az eur\u00f3pai orsz\u00e1gokba t\u00f6rt\u00e9n\u0151 sz\u00e1ll\u00edt\u00e1s \u00e1ltal\u00e1ban 12-15 munkanapot vesz ig\u00e9nybe. Folyamatosan t\u00e1j\u00e9koztatjuk a sz\u00e1ll\u00edt\u00e1si st\u00e1tuszr\u00f3l.<\/p>\n<\/div>\n<p><strong>Garancia<\/strong><\/p>\n<p><span style=\"color: #ff0000\"><strong>\u00dczlet\u00fcnkben minden term\u00e9k garant\u00e1ltan 100% eredeti \u00e9s hiteles. 10-szeres k\u00e1rt\u00e9r\u00edt\u00e9st k\u00edn\u00e1lunk hamis \u00e1ru eset\u00e9n!<\/strong><\/span><\/p>\n<div class=\"flex w-full flex-col gap-1 empty:hidden first:pt-[3px]\">\n<p>&nbsp;<\/p>\n<\/div>\n<\/div>\n<\/div>\n<\/div>\n<\/div>\n<p>&nbsp;<\/p>\n<p>Tov\u00e1bbi n\u00e9pszer\u0171 vape term\u00e9kek, amik tetszhetnek:<\/p>\n<p>&nbsp;<\/p>\n<p><a href=\"https:\/\/rmvapesale.com\/hu\/product\/bang-20000-puffs-disposable-vape-wholesale-supplier\/\"><strong>WGA Crystal Pro Max Extra 15000<\/strong><\/a><\/p>\n<p><strong><a href=\"https:\/\/rmvapesale.com\/hu\/product\/vozol-vista-20000-puffs-smart-disposable-vape\/\">Vozol Vista 20000 Puffs\u00a0<\/a><\/strong><\/p>\n<p><a href=\"https:\/\/rmvapesale.com\/hu\/product\/wga-crystal-pro-max-10000-puffs-disposable-vape\/\"><strong>WGA Crystal Pro Max 10000 Puffs<\/strong><\/a><\/p>\n<p><a href=\"https:\/\/rmvapesale.com\/hu\/product\/wga-crystal-plus-smart-16000-disposable-vape\/\"><strong>WGA Crystal Plus Smart 16000 Puffs\u00a0<\/strong><\/a><\/p>\n<p>&nbsp;<\/p>\n<p>&nbsp;<\/p>\n<p>Tal\u00e1lja meg a tov\u00e1bbi vape term\u00e9keket, amelyek tetszhetnek \u00d6nnek:<strong><em><a href=\"https:\/\/rmvapesale.com\/hu\/shop-2\/\">V\u00e1s\u00e1roljon most &gt;&gt;&gt;<\/a><\/em><\/strong><\/p>","protected":false},"excerpt":{"rendered":"<p>Vozol Gear Power 20000 Vape \u00dajrat\u00f6lthet\u0151 Vape<br \/>\nVOZOL Gear 20000 Puffs Eldobhat\u00f3 Vape Nagykereskedelem<br \/>\nVozol Gear Power 20000 Puff Eldobhat\u00f3 Vape UK<\/p>\n<p><strong>Tov\u00e1bbi kedvezm\u00e9ny\u00e9rt \u00e9s alacsonyabb minim\u00e1lis rendel\u00e9si mennyis\u00e9g\u00e9rt l\u00e9pjen kapcsolatba Amy-vel<\/strong><\/p>\n<p><img loading=\"lazy\" decoding=\"async\" class=\"size-full wp-image-1978\" src=\"https:\/\/rmvapesale.com\/wp-content\/uploads\/2024\/09\/Disposable-Vape-Wholesale.jpg\" alt=\"Eldobhat\u00f3 Vape Nagykereskedelem\" width=\"229\" height=\"300\" \/><\/p>\n<h3><span style=\"color: #ff0000\"><strong>WhatsApp: +86 17776015835<\/strong><\/span><\/h3>","protected":false},"featured_media":2155,"comment_status":"open","ping_status":"closed","template":"","meta":{"_uag_custom_page_level_css":"","_lmt_disableupdate":"no","_lmt_disable":"","site-sidebar-layout":"default","site-content-layout":"content-boxed-container","ast-site-content-layout":"normal-width-container","site-content-style":"boxed","site-sidebar-style":"unboxed","ast-global-header-display":"","ast-banner-title-visibility":"","ast-main-header-display":"","ast-hfb-above-header-display":"","ast-hfb-below-header-display":"","ast-hfb-mobile-header-display":"","site-post-title":"","ast-breadcrumbs-content":"","ast-featured-img":"","footer-sml-layout":"","theme-transparent-header-meta":"default","adv-header-id-meta":"","stick-header-meta":"","header-above-stick-meta":"","header-main-stick-meta":"","header-below-stick-meta":"","astra-migrate-meta-layouts":"set","ast-page-background-enabled":"default","ast-page-background-meta":{"desktop":{"background-color":"var(--ast-global-color-4)","background-image":"","background-repeat":"repeat","background-position":"center center","background-size":"auto","background-attachment":"scroll","background-type":"","background-media":"","overlay-type":"","overlay-color":"","overlay-opacity":"","overlay-gradient":""},"tablet":{"background-color":"","background-image":"","background-repeat":"repeat","background-position":"center center","background-size":"auto","background-attachment":"scroll","background-type":"","background-media":"","overlay-type":"","overlay-color":"","overlay-opacity":"","overlay-gradient":""},"mobile":{"background-color":"","background-image":"","background-repeat":"repeat","background-position":"center center","background-size":"auto","background-attachment":"scroll","background-type":"","background-media":"","overlay-type":"","overlay-color":"","overlay-opacity":"","overlay-gradient":""}},"ast-content-background-meta":{"desktop":{"background-color":"var(--ast-global-color-5)","background-image":"","background-repeat":"repeat","background-position":"center center","background-size":"auto","background-attachment":"scroll","background-type":"","background-media":"","overlay-type":"","overlay-color":"","overlay-opacity":"","overlay-gradient":""},"tablet":{"background-color":"var(--ast-global-color-5)","background-image":"","background-repeat":"repeat","background-position":"center center","background-size":"auto","background-attachment":"scroll","background-type":"","background-media":"","overlay-type":"","overlay-color":"","overlay-opacity":"","overlay-gradient":""},"mobile":{"background-color":"var(--ast-global-color-5)","background-image":"","background-repeat":"repeat","background-position":"center center","background-size":"auto","background-attachment":"scroll","background-type":"","background-media":"","overlay-type":"","overlay-color":"","overlay-opacity":"","overlay-gradient":""}},"_joinchat":[]},"product_brand":[],"product_cat":[15,289,291,292,293,295,299,284,255,25,123,26,28,135,27,137,136,30],"product_tag":[94,63,96,54,95],"class_list":{"0":"post-2161","1":"product","2":"type-product","3":"status-publish","4":"has-post-thumbnail","6":"product_cat-new-vape-this-week","7":"product_cat-big-puffs-disposable-vapes","8":"product_cat-dual-mesh-disposable-vapes","9":"product_cat-digital-disposable-vapes","10":"product_cat-low-nicotine-disposable-vapes","11":"product_cat-rechargeable-disposable-vapes","12":"product_cat-smart-screen-disposable-vapes","13":"product_cat-vozol-vape","14":"product_cat-20000-puff-disposable-vape","15":"product_cat-germany-best-selling-vape","16":"product_cat-italy-wholesale-vape","17":"product_cat-netherlands-hot-sale-vape","18":"product_cat-poland-hot-sale-vape","19":"product_cat-spain-best-hot-sale-vape","20":"product_cat-fance-hot-sale-vape","21":"product_cat-rechargeable-vapes","22":"product_cat-smart-screen-vapes","23":"product_cat-minimum-order-quantity-50pcs","24":"product_tag-20000-puffs-disposable-vape","25":"product_tag-bang-vapes","26":"product_tag-disposable-vape-wholesale-uk","27":"product_tag-rechargeable-disposable-vape","28":"product_tag-vozol-gear-power-20000","29":"desktop-align-left","30":"tablet-align-left","31":"mobile-align-left","33":"first","34":"instock","35":"sale","36":"shipping-taxable","37":"purchasable","38":"product-type-simple"},"uagb_featured_image_src":{"full":["https:\/\/rmvapesale.com\/wp-content\/uploads\/2024\/09\/Vozol-Gear-20000.jpg",788,788,false],"thumbnail":["https:\/\/rmvapesale.com\/wp-content\/uploads\/2024\/09\/Vozol-Gear-20000-150x150.jpg",150,150,true],"medium":["https:\/\/rmvapesale.com\/wp-content\/uploads\/2024\/09\/Vozol-Gear-20000-300x300.jpg",300,300,true],"medium_large":["https:\/\/rmvapesale.com\/wp-content\/uploads\/2024\/09\/Vozol-Gear-20000-768x768.jpg",768,768,true],"large":["https:\/\/rmvapesale.com\/wp-content\/uploads\/2024\/09\/Vozol-Gear-20000.jpg",788,788,false],"1536x1536":["https:\/\/rmvapesale.com\/wp-content\/uploads\/2024\/09\/Vozol-Gear-20000.jpg",788,788,false],"2048x2048":["https:\/\/rmvapesale.com\/wp-content\/uploads\/2024\/09\/Vozol-Gear-20000.jpg",788,788,false],"trp-custom-language-flag":["https:\/\/rmvapesale.com\/wp-content\/uploads\/2024\/09\/Vozol-Gear-20000.jpg",12,12,false],"woocommerce_thumbnail":["https:\/\/rmvapesale.com\/wp-content\/uploads\/2024\/09\/Vozol-Gear-20000-300x300.jpg",300,300,true],"woocommerce_single":["https:\/\/rmvapesale.com\/wp-content\/uploads\/2024\/09\/Vozol-Gear-20000-600x600.jpg",600,600,true],"woocommerce_gallery_thumbnail":["https:\/\/rmvapesale.com\/wp-content\/uploads\/2024\/09\/Vozol-Gear-20000-100x100.jpg",100,100,true],"wcpr-photo-reviews":["https:\/\/rmvapesale.com\/wp-content\/uploads\/2024\/09\/Vozol-Gear-20000.jpg",500,500,false]},"uagb_author_info":{"display_name":"AMY","author_link":"https:\/\/rmvapesale.com\/hu\/author\/"},"uagb_comment_info":0,"uagb_excerpt":"Vozol Gear Power 20000 Vape Rechargeable Vape VOZOL Gear 20000 Puffs Disposable Vape Wholesale Vozol Gear Power 20000 Puff Disposable Vape UK Contact Amy For More Discount And Lower MOQ Vape WhatsApp: +86 17776015835","_links":{"self":[{"href":"https:\/\/rmvapesale.com\/hu\/wp-json\/wp\/v2\/product\/2161","targetHints":{"allow":["GET"]}}],"collection":[{"href":"https:\/\/rmvapesale.com\/hu\/wp-json\/wp\/v2\/product"}],"about":[{"href":"https:\/\/rmvapesale.com\/hu\/wp-json\/wp\/v2\/types\/product"}],"replies":[{"embeddable":true,"href":"https:\/\/rmvapesale.com\/hu\/wp-json\/wp\/v2\/comments?post=2161"}],"wp:featuredmedia":[{"embeddable":true,"href":"https:\/\/rmvapesale.com\/hu\/wp-json\/wp\/v2\/media\/2155"}],"wp:attachment":[{"href":"https:\/\/rmvapesale.com\/hu\/wp-json\/wp\/v2\/media?parent=2161"}],"wp:term":[{"taxonomy":"product_brand","embeddable":true,"href":"https:\/\/rmvapesale.com\/hu\/wp-json\/wp\/v2\/product_brand?post=2161"},{"taxonomy":"product_cat","embeddable":true,"href":"https:\/\/rmvapesale.com\/hu\/wp-json\/wp\/v2\/product_cat?post=2161"},{"taxonomy":"product_tag","embeddable":true,"href":"https:\/\/rmvapesale.com\/hu\/wp-json\/wp\/v2\/product_tag?post=2161"}],"curies":[{"name":"wp","href":"https:\/\/api.w.org\/{rel}","templated":true}]}}