{"id":2188,"date":"2024-09-27T01:19:46","date_gmt":"2024-09-27T01:19:46","guid":{"rendered":"https:\/\/rmvapesale.com\/?post_type=product&#038;p=2188"},"modified":"2025-01-21T09:37:52","modified_gmt":"2025-01-21T09:37:52","slug":"waspe-25000-puffs-disposable-vape-rechargeable-hot-sale","status":"publish","type":"product","link":"https:\/\/rmvapesale.com\/hu\/product\/waspe-25000-puffs-disposable-vape-rechargeable-hot-sale\/","title":{"rendered":"WASPE 25000 slukkos eldobhat\u00f3 vape, \u00fajrat\u00f6lthet\u0151, forr\u00f3 elad\u00e1s"},"content":{"rendered":"<div class=\"B2VR9 CJHX3e\">\n<div class=\"wyccme\">\n<h3 class=\"LC20lb MBeuO DKV0Md\">WASPE 25000 slukkos eldobhat\u00f3 vape, \u00fajrat\u00f6lthet\u0151, forr\u00f3 elad\u00e1s<\/h3>\n<p>A WASPE 25000 Puffs eldobhat\u00f3 vape hihetetlen 25 000 slukkot k\u00edn\u00e1l, t\u00e1gas 25 ml-es e-liquid kapacit\u00e1ssal, biztos\u00edtva a hosszan tart\u00f3 \u00e9lvezetet. A kett\u0151s h\u00e1l\u00f3s tekercsekkel \u00e9s k\u00e9t k\u00fcl\u00f6nb\u00f6z\u0151 g\u0151z\u00f6l\u00e9si m\u00f3ddal \u2013 ECO \u00e9s Boost \u2013 gazdag, egys\u00e9ges \u00edzt biztos\u00edt minden slukkban. A digit\u00e1lis kijelz\u0151 t\u00e1j\u00e9koztat az akkumul\u00e1tor \u00e9lettartam\u00e1r\u00f3l, az e-liquid szintj\u00e9r\u0151l \u00e9s a g\u0151z\u00f6l\u00e9si m\u00f3dokr\u00f3l, z\u00f6kken\u0151mentes \u00e9lm\u00e9nyt ny\u00fajtva. Ez az \u00fajrat\u00f6lthet\u0151 eldobhat\u00f3 vape be\u00e9p\u00edtett gyermekz\u00e1rral rendelkezik a nagyobb biztons\u00e1g \u00e9rdek\u00e9ben. Ha k\u00e9nyelmet, tart\u00f3ss\u00e1got, kiv\u00e1l\u00f3 \u00edzt \u00e9s \u00e9lvonalbeli funkci\u00f3kat keres, a WASPE 25000 az ide\u00e1lis v\u00e1laszt\u00e1s.<\/p>\n<p>Emelje magasabb szintre a g\u0151z\u00f6l\u00e9st m\u00e9g ma!<\/p>\n<\/div>\n<\/div>\n<p><strong>L\u00e9pjen kapcsolatba Amyvel a pontos v\u00e1laszok\u00e9rt \u00e9s tov\u00e1bbi term\u00e9kvide\u00f3k\u00e9rt!<\/strong><\/p>\n<p><img loading=\"lazy\" decoding=\"async\" class=\"size-full wp-image-1978\" src=\"https:\/\/rmvapesale.com\/wp-content\/uploads\/2024\/09\/Disposable-Vape-Wholesale.jpg\" alt=\"Eldobhat\u00f3 Vape Nagykereskedelem\" width=\"229\" height=\"300\" \/><\/p>\n<h3><span style=\"color: #ff0000\"><strong>WhatsApp: +86 17776015835<\/strong><\/span><\/h3>\n<p>&nbsp;<\/p>\n<h2><\/h2>\n<h2><strong>WASPE 25000 Puffs F\u0151bb Jellemz\u0151k<\/strong><\/h2>\n<p>Akkumul\u00e1tor: 650mAh \u00dajrat\u00f6lthet\u0151<br \/>\nE-liquid Kapacit\u00e1s: El\u0151re t\u00f6lt\u00f6tt 25ml E-Juice<br \/>\nSz\u00edv\u00e1s Sz\u00e1m: Ak\u00e1r 25000 Puffs Vape<br \/>\nNikotin: 0% 2% 3% 5%<br \/>\nSz\u00edv\u00e1sra aktiv\u00e1l\u00f3dik<br \/>\nGyermekz\u00e1r<br \/>\nKett\u0151s H\u00e1l\u00f3s Tekercs Kialak\u00edt\u00e1s 2 G\u0151z\u00f6l\u00e9si M\u00f3dhoz: ECO\/Boost M\u00f3d<br \/>\nT\u00f6lt\u00e9si pont: C t\u00edpus\u00fa USB t\u00f6lt\u00e9s (Nem Tartoz\u00e9k)<br \/>\nDigit\u00e1lis Kijelz\u0151 a G\u0151z\u00f6l\u00e9si M\u00f3dokhoz, Akkumul\u00e1tor \u00c9lettartam\u00e1hoz \u00e9s E-liquid Szinthez<\/p>\n<h2><\/h2>\n<h2><strong>Legjobb \u00edz a WASPE 25000 Puffs-hoz<\/strong><\/h2>\n<p>V\u00e1lasszon a cs\u00e1b\u00edt\u00f3 \u00edzek k\u00f6z\u00fcl, a friss\u00edt\u0151 Vegyes Gy\u00fcm\u00f6lcs\u00f6st\u0151l a G\u00f6r\u00f6gdinnye J\u00e9gen \u00e1t, biztos\u00edtva, hogy mindenki megtal\u00e1lja a neki megfelel\u0151t.<\/p>\n<p>1. Eper Kiwi<br \/>\n2.Vegyes Gy\u00fcm\u00f6lcs\u00f6s<span style=\"color: #ff0000\"><strong>&gt;&gt;&gt;&gt; Forr\u00f3!<\/strong><\/span><br \/>\n3.\u00c1fonya J\u00e9gen<br \/>\n4.Sz\u0151l\u0151 j\u00e9g<br \/>\n5. Cseresznye j\u00e9g<br \/>\n6. \u00c1fonya M\u00e1lna Limon\u00e1d\u00e9<span style=\"color: #ff0000\"><strong>&gt;&gt;&gt;&gt;A legjobb!<\/strong><\/span><br \/>\n7. \u0150szibarack j\u00e9g<br \/>\n8. Eper g\u00f6r\u00f6gdinnye<br \/>\n9. \u0150szibarack Mang\u00f3 G\u00f6r\u00f6gdinnye<br \/>\n10.G\u00f6r\u00f6gdinnye j\u00e9g<\/p>\n<figure id=\"attachment_2181\" aria-describedby=\"caption-attachment-2181\" style=\"width: 788px\" class=\"wp-caption alignnone\"><img loading=\"lazy\" decoding=\"async\" class=\"wp-image-2181 size-full\" src=\"https:\/\/rmvapesale.com\/wp-content\/uploads\/2024\/09\/Waspe-25000-Disposable-Vape-Flavor.jpg\" alt=\"Waspe 25000 Eldobhat\u00f3 Vape \u00cdzek\" width=\"788\" height=\"788\" srcset=\"https:\/\/rmvapesale.com\/wp-content\/uploads\/2024\/09\/Waspe-25000-Disposable-Vape-Flavor.jpg 788w, https:\/\/rmvapesale.com\/wp-content\/uploads\/2024\/09\/Waspe-25000-Disposable-Vape-Flavor-300x300.jpg 300w, https:\/\/rmvapesale.com\/wp-content\/uploads\/2024\/09\/Waspe-25000-Disposable-Vape-Flavor-150x150.jpg 150w, https:\/\/rmvapesale.com\/wp-content\/uploads\/2024\/09\/Waspe-25000-Disposable-Vape-Flavor-768x768.jpg 768w, https:\/\/rmvapesale.com\/wp-content\/uploads\/2024\/09\/Waspe-25000-Disposable-Vape-Flavor-600x600.jpg 600w, https:\/\/rmvapesale.com\/wp-content\/uploads\/2024\/09\/Waspe-25000-Disposable-Vape-Flavor-100x100.jpg 100w\" sizes=\"auto, (max-width: 788px) 100vw, 788px\" \/><figcaption id=\"caption-attachment-2181\" class=\"wp-caption-text\">Waspe 25000 Eldobhat\u00f3 Vape \u00cdzek<\/figcaption><\/figure>\n<h2><strong>Gyakori k\u00e9rd\u00e9sek a WASPE 25000-r\u0151l<\/strong><\/h2>\n<p>&nbsp;<\/p>\n<div class=\"flex-shrink-0 flex flex-col relative items-end\">\n<div>\n<div class=\"pt-0\">\n<div class=\"gizmo-bot-avatar flex h-8 w-8 items-center justify-center overflow-hidden rounded-full\">\n<div class=\"relative p-1 rounded-sm flex items-center justify-center bg-token-main-surface-primary text-token-text-primary h-8 w-8\"><\/div>\n<\/div>\n<\/div>\n<\/div>\n<\/div>\n<div class=\"group\/conversation-turn relative flex w-full min-w-0 flex-col agent-turn\">\n<div class=\"flex-col gap-1 md:gap-3\">\n<div class=\"flex max-w-full flex-col flex-grow\">\n<div class=\"min-h-8 text-message flex w-full flex-col items-end gap-2 whitespace-normal break-words [.text-message+&amp;]:mt-5\" dir=\"auto\" data-message-author-role=\"assistant\" data-message-id=\"f226d3fc-81f3-46d5-8c46-31787fff0357\">\n<div class=\"flex w-full flex-col gap-1 empty:hidden first:pt-[3px]\">\n<div class=\"markdown prose w-full break-words dark:prose-invert light\">\n<p><strong>1. H\u00e1ny slukkot biztos\u00edt a WASPE 25000 eldobhat\u00f3 vape?<\/strong><br \/>\nA WASPE 25000 ak\u00e1r 25 000 slukkot is biztos\u00edt, messze meghaladva a tipikus eldobhat\u00f3 vape-ek kapacit\u00e1s\u00e1t.<\/p>\n<p><strong>2. Milyen \u00edzekben kaphat\u00f3 a WASPE 25000 eldobhat\u00f3 vape?<\/strong><br \/>\nN\u00e9pszer\u0171 \u00edzek: \u00c1fonya j\u00e9g, Mang\u00f3 j\u00e9g, Eper g\u00f6r\u00f6gdinnye, Barackos limon\u00e1d\u00e9 \u00e9s Sz\u0151l\u0151 j\u00e9g.<\/p>\n<p><strong>3. Kezd\u0151knek is megfelel\u0151 a WASPE 25000?<\/strong><br \/>\nIgen, a WASPE 25000 t\u00f6k\u00e9letes kezd\u0151k sz\u00e1m\u00e1ra az egyszer\u0171, gomb n\u00e9lk\u00fcli kialak\u00edt\u00e1s\u00e1nak k\u00f6sz\u00f6nhet\u0151en - csak be kell sz\u00edvni a g\u0151z\u00f6l\u00e9s megkezd\u00e9s\u00e9hez.<\/p>\n<p><strong>4. Hogyan t\u00e1roljam a WASPE 25000 eldobhat\u00f3 vape-emet?<\/strong><br \/>\nT\u00e1rolja a k\u00e9sz\u00fcl\u00e9ket h\u0171v\u00f6s, sz\u00e1raz helyen, t\u00e1vol a k\u00f6zvetlen napf\u00e9nyt\u0151l, gyermekekt\u0151l \u00e9s h\u00e1zi\u00e1llatokt\u00f3l elz\u00e1rva.<\/p>\n<p><strong>5. Meddig tart a WASPE 25000?<\/strong><br \/>\nA 25 000 slukkos kapacit\u00e1snak k\u00f6sz\u00f6nhet\u0151en a WASPE 25000 t\u00f6bb h\u00e9tig is kitarthat, a haszn\u00e1latt\u00f3l f\u00fcgg\u0151en.<\/p>\n<\/div>\n<\/div>\n<\/div>\n<\/div>\n<\/div>\n<\/div>\n<p>&nbsp;<\/p>\n<h3><b>GYIK<\/b><\/h3>\n<p>&nbsp;<\/p>\n<div class=\"flex-shrink-0 flex flex-col relative items-end\">\n<div>\n<div class=\"pt-0\">\n<div class=\"gizmo-bot-avatar flex h-8 w-8 items-center justify-center overflow-hidden rounded-full\">\n<div class=\"relative p-1 rounded-sm flex items-center justify-center bg-token-main-surface-primary text-token-text-primary h-8 w-8\"><strong>Milyen sz\u00e1ll\u00edt\u00e1si m\u00f3dokat haszn\u00e1lnak?<\/strong><\/div>\n<\/div>\n<\/div>\n<\/div>\n<\/div>\n<div class=\"group\/conversation-turn relative flex w-full min-w-0 flex-col agent-turn\">\n<div class=\"flex-col gap-1 md:gap-3\">\n<div class=\"flex max-w-full flex-col flex-grow\">\n<div class=\"min-h-[20px] text-message flex w-full flex-col items-end gap-2 whitespace-normal break-words [.text-message+&amp;]:mt-5 overflow-x-auto\" dir=\"auto\" data-message-author-role=\"assistant\" data-message-id=\"22f8283b-3233-46ff-89a5-c7a41b33abda\">\n<div class=\"flex w-full flex-col gap-1 empty:hidden first:pt-[3px]\">\n<div class=\"markdown prose w-full break-words dark:prose-invert light\">\n<p>Partnerei vagyunk a UPS, DHL, FedEx, DPD \u00e9s m\u00e1s vezet\u0151 fuvaroz\u00f3knak. A legjobb sz\u00e1ll\u00edt\u00e1si m\u00f3dot fogjuk kiv\u00e1lasztani a sz\u00e1ll\u00edt\u00e1si helysz\u00edne alapj\u00e1n, hogy a lehet\u0151 leggyorsabban megkapja a term\u00e9keit.<\/p>\n<\/div>\n<p><strong>Mennyi id\u0151 alatt \u00e9rkezik meg?<\/strong><\/p>\n<p>A csomagok \u00e1ltal\u00e1ban 10 munkanapon bel\u00fcl meg\u00e9rkeznek Magyarorsz\u00e1gra. Az eur\u00f3pai orsz\u00e1gokba t\u00f6rt\u00e9n\u0151 sz\u00e1ll\u00edt\u00e1s \u00e1ltal\u00e1ban 12-15 munkanapot vesz ig\u00e9nybe. Folyamatosan t\u00e1j\u00e9koztatjuk a sz\u00e1ll\u00edt\u00e1si st\u00e1tuszr\u00f3l.<\/p>\n<\/div>\n<p><strong>Garancia<\/strong><\/p>\n<p><span style=\"color: #ff0000\"><strong>\u00dczlet\u00fcnkben minden term\u00e9k garant\u00e1ltan 100% eredeti \u00e9s hiteles. 10-szeres k\u00e1rt\u00e9r\u00edt\u00e9st k\u00edn\u00e1lunk hamis \u00e1ru eset\u00e9n!<\/strong><\/span><\/p>\n<div class=\"flex w-full flex-col gap-1 empty:hidden first:pt-[3px]\">\n<p>&nbsp;<\/p>\n<\/div>\n<\/div>\n<\/div>\n<\/div>\n<\/div>\n<p>&nbsp;<\/p>\n<p>Tov\u00e1bbi n\u00e9pszer\u0171 vape term\u00e9kek, amik tetszhetnek:<\/p>\n<p>&nbsp;<\/p>\n<p><a href=\"https:\/\/rmvapesale.com\/hu\/product\/original-randm-vape-digital-puff-12000-fumot-factory-price\/\"><strong>Randm Digital 12oo0 Puffs<\/strong><\/a><\/p>\n<p><strong><a href=\"https:\/\/rmvapesale.com\/hu\/product\/vozol-vista-20000-puffs-smart-disposable-vape\/\">Vozol Vista 20000 Puffs\u00a0<\/a><\/strong><\/p>\n<p><a href=\"https:\/\/rmvapesale.com\/hu\/product\/waspe-12000-puffs-disposable-vape-pen\/\"><strong>WASPE 12000 slukk\u00a0<\/strong><\/a><\/p>\n<p><a href=\"https:\/\/rmvapesale.com\/hu\/product\/randm-tornado-20000-puffs-original-fumot-vape-wholesale\/\"><strong>RandM Tornado 20000 Puffs<\/strong><\/a><\/p>\n<p>&nbsp;<\/p>\n<p>&nbsp;<\/p>\n<p>Tal\u00e1lja meg a tov\u00e1bbi vape term\u00e9keket, amelyek tetszhetnek \u00d6nnek:<strong><em><a href=\"https:\/\/rmvapesale.com\/hu\/shop-2\/\">V\u00e1s\u00e1roljon most &gt;&gt;&gt;<\/a><\/em><\/strong><\/p>","protected":false},"excerpt":{"rendered":"<p>WASPE 25000 Nikotinmentes Eldobhat\u00f3 Vape Online Elad\u00f3<br \/>\nWaspe 25000 Puffs 25k Eldobhat\u00f3 Vape Nagykereskedelem<br \/>\nWASPE 25000 PUFFS Kett\u0151s H\u00e1l\u00f3s Vape Doboz 0% 2% 3% 5% Nikotin<\/p>\n<p><strong>Tov\u00e1bbi kedvezm\u00e9ny\u00e9rt \u00e9s pontos v\u00e1lasz\u00e9rt l\u00e9pjen kapcsolatba Amyvel<\/strong><\/p>\n<p><img loading=\"lazy\" decoding=\"async\" class=\"size-full wp-image-1978\" src=\"https:\/\/rmvapesale.com\/wp-content\/uploads\/2024\/09\/Disposable-Vape-Wholesale.jpg\" alt=\"Eldobhat\u00f3 Vape Nagykereskedelem\" width=\"229\" height=\"300\" \/><\/p>\n<h3><span style=\"color: #ff0000\"><strong>WhatsApp: +86 17776015835<\/strong><\/span><\/h3>","protected":false},"featured_media":2185,"comment_status":"open","ping_status":"closed","template":"","meta":{"_uag_custom_page_level_css":"","_lmt_disableupdate":"no","_lmt_disable":"","site-sidebar-layout":"default","site-content-layout":"content-boxed-container","ast-site-content-layout":"normal-width-container","site-content-style":"boxed","site-sidebar-style":"unboxed","ast-global-header-display":"","ast-banner-title-visibility":"","ast-main-header-display":"","ast-hfb-above-header-display":"","ast-hfb-below-header-display":"","ast-hfb-mobile-header-display":"","site-post-title":"","ast-breadcrumbs-content":"","ast-featured-img":"","footer-sml-layout":"","theme-transparent-header-meta":"default","adv-header-id-meta":"","stick-header-meta":"","header-above-stick-meta":"","header-main-stick-meta":"","header-below-stick-meta":"","astra-migrate-meta-layouts":"set","ast-page-background-enabled":"default","ast-page-background-meta":{"desktop":{"background-color":"var(--ast-global-color-4)","background-image":"","background-repeat":"repeat","background-position":"center center","background-size":"auto","background-attachment":"scroll","background-type":"","background-media":"","overlay-type":"","overlay-color":"","overlay-opacity":"","overlay-gradient":""},"tablet":{"background-color":"","background-image":"","background-repeat":"repeat","background-position":"center center","background-size":"auto","background-attachment":"scroll","background-type":"","background-media":"","overlay-type":"","overlay-color":"","overlay-opacity":"","overlay-gradient":""},"mobile":{"background-color":"","background-image":"","background-repeat":"repeat","background-position":"center center","background-size":"auto","background-attachment":"scroll","background-type":"","background-media":"","overlay-type":"","overlay-color":"","overlay-opacity":"","overlay-gradient":""}},"ast-content-background-meta":{"desktop":{"background-color":"var(--ast-global-color-5)","background-image":"","background-repeat":"repeat","background-position":"center center","background-size":"auto","background-attachment":"scroll","background-type":"","background-media":"","overlay-type":"","overlay-color":"","overlay-opacity":"","overlay-gradient":""},"tablet":{"background-color":"var(--ast-global-color-5)","background-image":"","background-repeat":"repeat","background-position":"center center","background-size":"auto","background-attachment":"scroll","background-type":"","background-media":"","overlay-type":"","overlay-color":"","overlay-opacity":"","overlay-gradient":""},"mobile":{"background-color":"var(--ast-global-color-5)","background-image":"","background-repeat":"repeat","background-position":"center center","background-size":"auto","background-attachment":"scroll","background-type":"","background-media":"","overlay-type":"","overlay-color":"","overlay-opacity":"","overlay-gradient":""}},"_joinchat":[]},"product_brand":[],"product_cat":[15,289,292,293,295,299,274,256,25,123,26,28,135,27,137,136,30],"product_tag":[99,101,105,54,104],"class_list":{"0":"post-2188","1":"product","2":"type-product","3":"status-publish","4":"has-post-thumbnail","6":"product_cat-new-vape-this-week","7":"product_cat-big-puffs-disposable-vapes","8":"product_cat-digital-disposable-vapes","9":"product_cat-low-nicotine-disposable-vapes","10":"product_cat-rechargeable-disposable-vapes","11":"product_cat-smart-screen-disposable-vapes","12":"product_cat-waspe-fihp-vape","13":"product_cat-25000-puff-disposable-vape","14":"product_cat-germany-best-selling-vape","15":"product_cat-italy-wholesale-vape","16":"product_cat-netherlands-hot-sale-vape","17":"product_cat-poland-hot-sale-vape","18":"product_cat-spain-best-hot-sale-vape","19":"product_cat-fance-hot-sale-vape","20":"product_cat-rechargeable-vapes","21":"product_cat-smart-screen-vapes","22":"product_cat-minimum-order-quantity-50pcs","23":"product_tag-disposable-vape-wholesale","24":"product_tag-led-display-vape","25":"product_tag-nicotine-free-disposable-vape","26":"product_tag-rechargeable-disposable-vape","27":"product_tag-waspe-25000","28":"desktop-align-left","29":"tablet-align-left","30":"mobile-align-left","32":"first","33":"instock","34":"sale","35":"shipping-taxable","36":"purchasable","37":"product-type-simple"},"uagb_featured_image_src":{"full":["https:\/\/rmvapesale.com\/wp-content\/uploads\/2024\/09\/Waspe-25000-Puffs-Vape.jpg",788,788,false],"thumbnail":["https:\/\/rmvapesale.com\/wp-content\/uploads\/2024\/09\/Waspe-25000-Puffs-Vape-150x150.jpg",150,150,true],"medium":["https:\/\/rmvapesale.com\/wp-content\/uploads\/2024\/09\/Waspe-25000-Puffs-Vape-300x300.jpg",300,300,true],"medium_large":["https:\/\/rmvapesale.com\/wp-content\/uploads\/2024\/09\/Waspe-25000-Puffs-Vape-768x768.jpg",768,768,true],"large":["https:\/\/rmvapesale.com\/wp-content\/uploads\/2024\/09\/Waspe-25000-Puffs-Vape.jpg",788,788,false],"1536x1536":["https:\/\/rmvapesale.com\/wp-content\/uploads\/2024\/09\/Waspe-25000-Puffs-Vape.jpg",788,788,false],"2048x2048":["https:\/\/rmvapesale.com\/wp-content\/uploads\/2024\/09\/Waspe-25000-Puffs-Vape.jpg",788,788,false],"trp-custom-language-flag":["https:\/\/rmvapesale.com\/wp-content\/uploads\/2024\/09\/Waspe-25000-Puffs-Vape.jpg",12,12,false],"woocommerce_thumbnail":["https:\/\/rmvapesale.com\/wp-content\/uploads\/2024\/09\/Waspe-25000-Puffs-Vape-300x300.jpg",300,300,true],"woocommerce_single":["https:\/\/rmvapesale.com\/wp-content\/uploads\/2024\/09\/Waspe-25000-Puffs-Vape-600x600.jpg",600,600,true],"woocommerce_gallery_thumbnail":["https:\/\/rmvapesale.com\/wp-content\/uploads\/2024\/09\/Waspe-25000-Puffs-Vape-100x100.jpg",100,100,true],"wcpr-photo-reviews":["https:\/\/rmvapesale.com\/wp-content\/uploads\/2024\/09\/Waspe-25000-Puffs-Vape.jpg",500,500,false]},"uagb_author_info":{"display_name":"AMY","author_link":"https:\/\/rmvapesale.com\/hu\/author\/"},"uagb_comment_info":0,"uagb_excerpt":"WASPE 25000 Nicotine Free Disposable Vape Sale Online Waspe 25000 Puffs 25k Disposable Vape Wholesale WASPE 25000 PUFFS Dual Mesh Vape Box 0% 2% 3% 5% Nicotine Contact Amy For More Discount And Right Reply WhatsApp: +86 17776015835","_links":{"self":[{"href":"https:\/\/rmvapesale.com\/hu\/wp-json\/wp\/v2\/product\/2188","targetHints":{"allow":["GET"]}}],"collection":[{"href":"https:\/\/rmvapesale.com\/hu\/wp-json\/wp\/v2\/product"}],"about":[{"href":"https:\/\/rmvapesale.com\/hu\/wp-json\/wp\/v2\/types\/product"}],"replies":[{"embeddable":true,"href":"https:\/\/rmvapesale.com\/hu\/wp-json\/wp\/v2\/comments?post=2188"}],"wp:featuredmedia":[{"embeddable":true,"href":"https:\/\/rmvapesale.com\/hu\/wp-json\/wp\/v2\/media\/2185"}],"wp:attachment":[{"href":"https:\/\/rmvapesale.com\/hu\/wp-json\/wp\/v2\/media?parent=2188"}],"wp:term":[{"taxonomy":"product_brand","embeddable":true,"href":"https:\/\/rmvapesale.com\/hu\/wp-json\/wp\/v2\/product_brand?post=2188"},{"taxonomy":"product_cat","embeddable":true,"href":"https:\/\/rmvapesale.com\/hu\/wp-json\/wp\/v2\/product_cat?post=2188"},{"taxonomy":"product_tag","embeddable":true,"href":"https:\/\/rmvapesale.com\/hu\/wp-json\/wp\/v2\/product_tag?post=2188"}],"curies":[{"name":"wp","href":"https:\/\/api.w.org\/{rel}","templated":true}]}}