{"id":2225,"date":"2024-09-29T06:12:42","date_gmt":"2024-09-29T06:12:42","guid":{"rendered":"https:\/\/rmvapesale.com\/?post_type=product&#038;p=2225"},"modified":"2025-01-21T09:51:23","modified_gmt":"2025-01-21T09:51:23","slug":"uzy-crystal-pro-max-10k-puffs-disposable-vape-pen-wholesale","status":"publish","type":"product","link":"https:\/\/rmvapesale.com\/hu\/product\/uzy-crystal-pro-max-10k-puffs-disposable-vape-pen-wholesale\/","title":{"rendered":"UZY Crystal Pro Max 10k Puffs eldobhat\u00f3 Vape Pen nagykereskedelem"},"content":{"rendered":"<div class=\"B2VR9 CJHX3e\">\n<div class=\"wyccme\">\n<h1 class=\"LC20lb MBeuO DKV0Md\">UZY Crystal Pro Max 10k Puffs eldobhat\u00f3 Vape Pen nagykereskedelem<\/h1>\n<p>Bemutatjuk az UZY Crystal Pro Max 10k Puffs-ot, egy \u00fajrat\u00f6lthet\u0151 eldobhat\u00f3 podot, amely leny\u0171g\u00f6z\u0151 10 000 slukkot k\u00edn\u00e1l. 0%, 2%, 3% \u00e9s 5% nikotiner\u0151ss\u00e9gben kaphat\u00f3, \u00edgy a preferenci\u00e1k sz\u00e9les sk\u00e1l\u00e1j\u00e1t el\u00e9g\u00edti ki. Az UZY Crystal Pro Max \u00fajrat\u00f6lthet\u0151 kialak\u00edt\u00e1sa meghosszabb\u00edtott vaping \u00e9lm\u00e9nyt ny\u00fajt az eldob\u00e1s el\u0151tt, k\u00e9nyelmet \u00e9s megb\u00edzhat\u00f3s\u00e1got k\u00edn\u00e1lva. Ak\u00e1r nikotinmentes opci\u00f3t, ak\u00e1r er\u0151sebb \u00fct\u00e9st keres, ez a sokoldal\u00fa eszk\u00f6z minden slukkn\u00e1l garant\u00e1lja az el\u00e9gedetts\u00e9get.<\/p>\n<p>Fedezze fel a luxus, a k\u00e9nyelem \u00e9s a finom \u00edzek vil\u00e1g\u00e1t az UZY Crystal Pro Max 10000 eldobhat\u00f3 vape-ekkel. Nagykereskedelmi \u00e9rdekl\u0151d\u00e9s eset\u00e9n vegye fel a kapcsolatot csapatunkkal, hogy exkluz\u00edv \u00e1rakat kapjon, \u00e9s kifinomults\u00e1ggal \u00e9s megfizethet\u0151s\u00e9ggel defini\u00e1lja \u00fajra a vaping \u00e9lm\u00e9ny\u00e9t.<\/p>\n<\/div>\n<\/div>\n<p><strong>L\u00e9pjen kapcsolatba Amyvel a pontos v\u00e1laszok\u00e9rt \u00e9s tov\u00e1bbi term\u00e9kvide\u00f3k\u00e9rt!<\/strong><\/p>\n<p><img loading=\"lazy\" decoding=\"async\" class=\"size-full wp-image-1978\" src=\"https:\/\/rmvapesale.com\/wp-content\/uploads\/2024\/09\/Disposable-Vape-Wholesale.jpg\" alt=\"Eldobhat\u00f3 Vape Nagykereskedelem\" width=\"229\" height=\"300\" \/><\/p>\n<h3><span style=\"color: #ff0000\"><strong>WhatsApp: +86 17776015835<\/strong><\/span><\/h3>\n<p>&nbsp;<\/p>\n<h2><\/h2>\n<h2><strong>UZY Crystal 10k Puffs F\u0151bb Jellemz\u0151k<\/strong><\/h2>\n<p>&nbsp;<\/p>\n<p>Slukk: 15000 slukk<br \/>\nFolyad\u00e9k: 15.0ML<br \/>\nAkkumul\u00e1tor: 600mAh<br \/>\nUSB: TYPE-C<br \/>\nS\u00f3 nikotin: 0% 2% 3% 5% (opcion\u00e1lis)<\/p>\n<h2><\/h2>\n<h2><strong>Legjobb \u00edz az UZY Crystal Pro Max 10k Puffs-hoz<\/strong><\/h2>\n<p>Az UZY Crystal Pro Max 10k Puffs eldobhat\u00f3 vape 12 \u00edzletes \u00edzt k\u00edn\u00e1l, v\u00e1lasszon a k\u00fcl\u00f6nf\u00e9le \u00edzek k\u00f6z\u00fcl, bele\u00e9rtve a klasszikus doh\u00e1nyt, a friss\u00edt\u0151 h\u0171s ment\u00e1t \u00e9s a mang\u00f3 egzotikus \u00e9dess\u00e9g\u00e9t, amelyek mindegyike gazdag, kiel\u00e9g\u00edt\u0151 utaz\u00e1st \u00edg\u00e9r minden slukkn\u00e1l.<\/p>\n<p>1. \u0150szibarack Mang\u00f3 Anan\u00e1sz<span style=\"color: #ff0000\"><strong>&gt;&gt;&gt;&gt; Forr\u00f3!<\/strong><\/span><br \/>\n2.Eper-g\u00f6r\u00f6gdinnye<br \/>\n3. Red Energy Ice<span style=\"color: #ff0000\"><strong>&gt;&gt;&gt;&gt; Forr\u00f3!<\/strong><\/span><br \/>\n4. Eper Mang\u00f3<br \/>\n5.\u00c1fonya M\u00e1lna<span style=\"color: #ff0000\"><strong>&gt;&gt;&gt;&gt;A legjobb!<\/strong><\/span><br \/>\n6. Triple Berry Ice<br \/>\n7. G\u00f6r\u00f6gdinnye J\u00e9g<br \/>\n8. Triple Sz\u0151l\u0151 J\u00e9g<br \/>\n9. \u00c1fonya J\u00e9g<br \/>\n10. Barack Ice<br \/>\n11. Skittles<br \/>\n12. G\u00f6r\u00f6gdinny\u00e9s r\u00e1g\u00f3gumi<\/p>\n<div class=\"mceTemp\"><\/div>\n<figure id=\"attachment_2219\" aria-describedby=\"caption-attachment-2219\" style=\"width: 300px\" class=\"wp-caption alignnone\"><img loading=\"lazy\" decoding=\"async\" class=\"size-medium wp-image-2219\" src=\"https:\/\/rmvapesale.com\/wp-content\/uploads\/2024\/09\/UZY-Crystal-10k-300x300.png\" alt=\"UZY Crystal 10k\" width=\"300\" height=\"300\" srcset=\"https:\/\/rmvapesale.com\/wp-content\/uploads\/2024\/09\/UZY-Crystal-10k-300x300.png 300w, https:\/\/rmvapesale.com\/wp-content\/uploads\/2024\/09\/UZY-Crystal-10k-150x150.png 150w, https:\/\/rmvapesale.com\/wp-content\/uploads\/2024\/09\/UZY-Crystal-10k-768x768.png 768w, https:\/\/rmvapesale.com\/wp-content\/uploads\/2024\/09\/UZY-Crystal-10k-600x600.png 600w, https:\/\/rmvapesale.com\/wp-content\/uploads\/2024\/09\/UZY-Crystal-10k-100x100.png 100w, https:\/\/rmvapesale.com\/wp-content\/uploads\/2024\/09\/UZY-Crystal-10k.png 808w\" sizes=\"auto, (max-width: 300px) 100vw, 300px\" \/><figcaption id=\"caption-attachment-2219\" class=\"wp-caption-text\">UZY Crystal 10k<\/figcaption><\/figure>\n<p>&nbsp;<\/p>\n<h2><strong>K\u00e9rd\u00e9sek, amelyeket \u00e9rdemes tudni az Uzy Crystal Pro Max 10000-r\u0151l<\/strong><\/h2>\n<p>&nbsp;<\/p>\n<div class=\"flex-shrink-0 flex flex-col relative items-end\">\n<div>\n<div class=\"pt-0\">\n<div class=\"gizmo-bot-avatar flex h-8 w-8 items-center justify-center overflow-hidden rounded-full\">\n<div class=\"relative p-1 rounded-sm flex items-center justify-center bg-token-main-surface-primary text-token-text-primary h-8 w-8\"><\/div>\n<\/div>\n<\/div>\n<\/div>\n<\/div>\n<div class=\"group\/conversation-turn relative flex w-full min-w-0 flex-col agent-turn\">\n<div class=\"flex-col gap-1 md:gap-3\">\n<div class=\"flex max-w-full flex-col flex-grow\">\n<div class=\"min-h-8 text-message flex w-full flex-col items-end gap-2 whitespace-normal break-words [.text-message+&amp;]:mt-5\" dir=\"auto\" data-message-author-role=\"assistant\" data-message-id=\"f226d3fc-81f3-46d5-8c46-31787fff0357\">\n<div class=\"flex w-full flex-col gap-1 empty:hidden first:pt-[3px]\">\n<div class=\"markdown prose w-full break-words dark:prose-invert light\">\n<p><strong>1. H\u00e1ny slukk \u00e9rhet\u0151 el az Uzy Crystal Pro Max 10000-b\u0151l? <\/strong><strong>Slukk digit\u00e1lis eldobhat\u00f3 vape biztos\u00edt?<\/strong><br \/>\nAz Uzy Crystal Pro Max 10000 ak\u00e1r 10000 slukkot is biztos\u00edt, ami messze meghaladja a tipikus eldobhat\u00f3 vape-ek kapacit\u00e1s\u00e1t.<\/p>\n<p><strong>2. Milyen \u00edzek \u00e9rhet\u0151k el az eldobhat\u00f3 vape tollban?<\/strong><br \/>\nN\u00e9pszer\u0171 \u00edzek k\u00f6z\u00e9 tartozik a G\u00f6r\u00f6gdinnye j\u00e9g, \u00c1fonya j\u00e9g, Eper m\u00e1lna cseresznye, Vegyes bogy\u00f3k stb.<\/p>\n<p><strong>3. Alkalmas kezd\u0151knek?<\/strong><br \/>\nIgen, t\u00f6k\u00e9letes kezd\u0151knek az egyszer\u0171, gomb n\u00e9lk\u00fcli kialak\u00edt\u00e1s\u00e1nak k\u00f6sz\u00f6nhet\u0151en \u2013 a g\u0151z\u00f6l\u00e9shez csak sz\u00edvjon bele.<\/p>\n<p><strong>4. Hogyan t\u00e1roljam az eldobhat\u00f3 vape-emet?<\/strong><br \/>\nT\u00e1rolja a k\u00e9sz\u00fcl\u00e9ket h\u0171v\u00f6s, sz\u00e1raz helyen, t\u00e1vol a k\u00f6zvetlen napf\u00e9nyt\u0151l, gyermekekt\u0151l \u00e9s h\u00e1zi\u00e1llatokt\u00f3l elz\u00e1rva.<\/p>\n<p><strong>5. Mennyi ideig tart a V?<\/strong><br \/>\n10 000 slukk kapacit\u00e1s\u00e1val az Uzy Crystal Pro Max 10000 t\u00f6bb h\u00e9tig is kitarthat, a haszn\u00e1latt\u00f3l f\u00fcgg\u0151en.<\/p>\n<\/div>\n<\/div>\n<\/div>\n<\/div>\n<\/div>\n<\/div>\n<p>&nbsp;<\/p>\n<h3><b>GYIK<\/b><\/h3>\n<p>&nbsp;<\/p>\n<div class=\"flex-shrink-0 flex flex-col relative items-end\">\n<div>\n<div class=\"pt-0\">\n<div class=\"gizmo-bot-avatar flex h-8 w-8 items-center justify-center overflow-hidden rounded-full\">\n<div class=\"relative p-1 rounded-sm flex items-center justify-center bg-token-main-surface-primary text-token-text-primary h-8 w-8\"><strong>Milyen sz\u00e1ll\u00edt\u00e1si m\u00f3dokat haszn\u00e1lnak?<\/strong><\/div>\n<\/div>\n<\/div>\n<\/div>\n<\/div>\n<div class=\"group\/conversation-turn relative flex w-full min-w-0 flex-col agent-turn\">\n<div class=\"flex-col gap-1 md:gap-3\">\n<div class=\"flex max-w-full flex-col flex-grow\">\n<div class=\"min-h-[20px] text-message flex w-full flex-col items-end gap-2 whitespace-normal break-words [.text-message+&amp;]:mt-5 overflow-x-auto\" dir=\"auto\" data-message-author-role=\"assistant\" data-message-id=\"22f8283b-3233-46ff-89a5-c7a41b33abda\">\n<div class=\"flex w-full flex-col gap-1 empty:hidden first:pt-[3px]\">\n<div class=\"markdown prose w-full break-words dark:prose-invert light\">\n<p>Partnerei vagyunk a UPS, DHL, FedEx, DPD \u00e9s m\u00e1s vezet\u0151 fuvaroz\u00f3knak. A legjobb sz\u00e1ll\u00edt\u00e1si m\u00f3dot fogjuk kiv\u00e1lasztani a sz\u00e1ll\u00edt\u00e1si helysz\u00edne alapj\u00e1n, hogy a lehet\u0151 leggyorsabban megkapja a term\u00e9keit.<\/p>\n<\/div>\n<p><strong>Mennyi id\u0151 alatt \u00e9rkezik meg?<\/strong><\/p>\n<p>A csomagok \u00e1ltal\u00e1ban 10 munkanapon bel\u00fcl meg\u00e9rkeznek Magyarorsz\u00e1gra. Az eur\u00f3pai orsz\u00e1gokba t\u00f6rt\u00e9n\u0151 sz\u00e1ll\u00edt\u00e1s \u00e1ltal\u00e1ban 12-15 munkanapot vesz ig\u00e9nybe. Folyamatosan t\u00e1j\u00e9koztatjuk a sz\u00e1ll\u00edt\u00e1si st\u00e1tuszr\u00f3l.<\/p>\n<\/div>\n<p><strong>Garancia<\/strong><\/p>\n<p><span style=\"color: #ff0000\"><strong>\u00dczlet\u00fcnkben minden term\u00e9k garant\u00e1ltan 100% eredeti \u00e9s hiteles. 10-szeres k\u00e1rt\u00e9r\u00edt\u00e9st k\u00edn\u00e1lunk hamis \u00e1ru eset\u00e9n!<\/strong><\/span><\/p>\n<div class=\"flex w-full flex-col gap-1 empty:hidden first:pt-[3px]\">\n<p>&nbsp;<\/p>\n<\/div>\n<\/div>\n<\/div>\n<\/div>\n<\/div>\n<p>&nbsp;<\/p>\n<p>Tov\u00e1bbi n\u00e9pszer\u0171 vape term\u00e9kek, amik tetszhetnek:<\/p>\n<p>&nbsp;<\/p>\n<p><a href=\"https:\/\/rmvapesale.com\/hu\/product\/original-randm-vape-digital-puff-12000-fumot-factory-price\/\"><strong>VOZOL Gear 20000 Puffs<\/strong><\/a><\/p>\n<p><strong><a href=\"https:\/\/rmvapesale.com\/hu\/product\/randm-tornado-15000-puffs-15k-vape-recharge-fumot-original-vape-factory-price\/\">VOPK Tornado 15000 Puffs <\/a><\/strong><\/p>\n<p><a href=\"https:\/\/rmvapesale.com\/hu\/product\/vapme-crystal-7000-puffs-rechargeable-disposable-vape-price\/\"><strong>Vapme Crystal 7000 slukk<\/strong><\/a><\/p>\n<p>&nbsp;<\/p>\n<p>&nbsp;<\/p>\n<p>Tal\u00e1lja meg a tov\u00e1bbi vape term\u00e9keket, amelyek tetszhetnek \u00d6nnek:<strong><em><a href=\"https:\/\/rmvapesale.com\/hu\/shop-2\/\">V\u00e1s\u00e1roljon most &gt;&gt;&gt;<\/a><\/em><\/strong><\/p>","protected":false},"excerpt":{"rendered":"<p>UZY Crystal Pro Max 10k Puffs Legjobb \u00cdz K\u00e9szleten<br \/>\nEredeti UZY Crystal Pro Max 10000 Nagykereskedelem<br \/>\nUZY Crystal Pro Max 10k Puffs 0% 2% 3% 5% Nikotin<\/p>\n<p><strong>Tov\u00e1bbi kedvezm\u00e9ny\u00e9rt \u00e9s pontos v\u00e1lasz\u00e9rt l\u00e9pjen kapcsolatba Amyvel<\/strong><\/p>\n<p><img loading=\"lazy\" decoding=\"async\" class=\"size-full wp-image-1978\" src=\"https:\/\/rmvapesale.com\/wp-content\/uploads\/2024\/09\/Disposable-Vape-Wholesale.jpg\" alt=\"Eldobhat\u00f3 Vape Nagykereskedelem\" width=\"229\" height=\"300\" \/><\/p>\n<h3><span style=\"color: #ff0000\"><strong>WhatsApp: +86 17776015835<\/strong><\/span><\/h3>","protected":false},"featured_media":2221,"comment_status":"open","ping_status":"closed","template":"","meta":{"_uag_custom_page_level_css":"","_lmt_disableupdate":"no","_lmt_disable":"","site-sidebar-layout":"default","site-content-layout":"content-boxed-container","ast-site-content-layout":"normal-width-container","site-content-style":"boxed","site-sidebar-style":"unboxed","ast-global-header-display":"","ast-banner-title-visibility":"","ast-main-header-display":"","ast-hfb-above-header-display":"","ast-hfb-below-header-display":"","ast-hfb-mobile-header-display":"","site-post-title":"","ast-breadcrumbs-content":"","ast-featured-img":"","footer-sml-layout":"","theme-transparent-header-meta":"default","adv-header-id-meta":"","stick-header-meta":"","header-above-stick-meta":"","header-main-stick-meta":"","header-below-stick-meta":"","astra-migrate-meta-layouts":"set","ast-page-background-enabled":"default","ast-page-background-meta":{"desktop":{"background-color":"var(--ast-global-color-4)","background-image":"","background-repeat":"repeat","background-position":"center center","background-size":"auto","background-attachment":"scroll","background-type":"","background-media":"","overlay-type":"","overlay-color":"","overlay-opacity":"","overlay-gradient":""},"tablet":{"background-color":"","background-image":"","background-repeat":"repeat","background-position":"center center","background-size":"auto","background-attachment":"scroll","background-type":"","background-media":"","overlay-type":"","overlay-color":"","overlay-opacity":"","overlay-gradient":""},"mobile":{"background-color":"","background-image":"","background-repeat":"repeat","background-position":"center center","background-size":"auto","background-attachment":"scroll","background-type":"","background-media":"","overlay-type":"","overlay-color":"","overlay-opacity":"","overlay-gradient":""}},"ast-content-background-meta":{"desktop":{"background-color":"var(--ast-global-color-5)","background-image":"","background-repeat":"repeat","background-position":"center center","background-size":"auto","background-attachment":"scroll","background-type":"","background-media":"","overlay-type":"","overlay-color":"","overlay-opacity":"","overlay-gradient":""},"tablet":{"background-color":"var(--ast-global-color-5)","background-image":"","background-repeat":"repeat","background-position":"center center","background-size":"auto","background-attachment":"scroll","background-type":"","background-media":"","overlay-type":"","overlay-color":"","overlay-opacity":"","overlay-gradient":""},"mobile":{"background-color":"var(--ast-global-color-5)","background-image":"","background-repeat":"repeat","background-position":"center center","background-size":"auto","background-attachment":"scroll","background-type":"","background-media":"","overlay-type":"","overlay-color":"","overlay-opacity":"","overlay-gradient":""}},"_joinchat":[]},"product_brand":[],"product_cat":[15,290,291,293,295,299,287,271,25,123,26,28,135,27,61,137,136,30],"product_tag":[112,99,111,105,54],"class_list":{"0":"post-2225","1":"product","2":"type-product","3":"status-publish","4":"has-post-thumbnail","6":"product_cat-new-vape-this-week","7":"product_cat-crystal-disposable-vapes","8":"product_cat-dual-mesh-disposable-vapes","9":"product_cat-low-nicotine-disposable-vapes","10":"product_cat-rechargeable-disposable-vapes","11":"product_cat-smart-screen-disposable-vapes","12":"product_cat-uzy-vape","13":"product_cat-10000-puff-disposable-vape","14":"product_cat-germany-best-selling-vape","15":"product_cat-italy-wholesale-vape","16":"product_cat-netherlands-hot-sale-vape","17":"product_cat-poland-hot-sale-vape","18":"product_cat-spain-best-hot-sale-vape","19":"product_cat-fance-hot-sale-vape","20":"product_cat-15000-puffs-disposable-vapes","21":"product_cat-rechargeable-vapes","22":"product_cat-smart-screen-vapes","23":"product_cat-minimum-order-quantity-50pcs","24":"product_tag-crystal-pro-max","25":"product_tag-disposable-vape-wholesale","26":"product_tag-low-nicotine-disposable-vape","27":"product_tag-nicotine-free-disposable-vape","28":"product_tag-rechargeable-disposable-vape","29":"desktop-align-left","30":"tablet-align-left","31":"mobile-align-left","33":"first","34":"instock","35":"sale","36":"shipping-taxable","37":"purchasable","38":"product-type-simple"},"uagb_featured_image_src":{"full":["https:\/\/rmvapesale.com\/wp-content\/uploads\/2024\/09\/UZY-Crystal-Pro-Max-10k-puffs-Disposable-Vape.jpg",800,800,false],"thumbnail":["https:\/\/rmvapesale.com\/wp-content\/uploads\/2024\/09\/UZY-Crystal-Pro-Max-10k-puffs-Disposable-Vape-150x150.jpg",150,150,true],"medium":["https:\/\/rmvapesale.com\/wp-content\/uploads\/2024\/09\/UZY-Crystal-Pro-Max-10k-puffs-Disposable-Vape-300x300.jpg",300,300,true],"medium_large":["https:\/\/rmvapesale.com\/wp-content\/uploads\/2024\/09\/UZY-Crystal-Pro-Max-10k-puffs-Disposable-Vape-768x768.jpg",768,768,true],"large":["https:\/\/rmvapesale.com\/wp-content\/uploads\/2024\/09\/UZY-Crystal-Pro-Max-10k-puffs-Disposable-Vape.jpg",800,800,false],"1536x1536":["https:\/\/rmvapesale.com\/wp-content\/uploads\/2024\/09\/UZY-Crystal-Pro-Max-10k-puffs-Disposable-Vape.jpg",800,800,false],"2048x2048":["https:\/\/rmvapesale.com\/wp-content\/uploads\/2024\/09\/UZY-Crystal-Pro-Max-10k-puffs-Disposable-Vape.jpg",800,800,false],"trp-custom-language-flag":["https:\/\/rmvapesale.com\/wp-content\/uploads\/2024\/09\/UZY-Crystal-Pro-Max-10k-puffs-Disposable-Vape.jpg",12,12,false],"woocommerce_thumbnail":["https:\/\/rmvapesale.com\/wp-content\/uploads\/2024\/09\/UZY-Crystal-Pro-Max-10k-puffs-Disposable-Vape-300x300.jpg",300,300,true],"woocommerce_single":["https:\/\/rmvapesale.com\/wp-content\/uploads\/2024\/09\/UZY-Crystal-Pro-Max-10k-puffs-Disposable-Vape-600x600.jpg",600,600,true],"woocommerce_gallery_thumbnail":["https:\/\/rmvapesale.com\/wp-content\/uploads\/2024\/09\/UZY-Crystal-Pro-Max-10k-puffs-Disposable-Vape-100x100.jpg",100,100,true],"wcpr-photo-reviews":["https:\/\/rmvapesale.com\/wp-content\/uploads\/2024\/09\/UZY-Crystal-Pro-Max-10k-puffs-Disposable-Vape.jpg",500,500,false]},"uagb_author_info":{"display_name":"AMY","author_link":"https:\/\/rmvapesale.com\/hu\/author\/"},"uagb_comment_info":0,"uagb_excerpt":"UZY Crystal Pro Max 10k Puffs Top Flavour in Stock Authentic UZY Crystal Pro Max 10000 Wholesale UZY Crystal Pro Max 10k Puffs 0% 2% 3% 5% Nicotine Contact Amy For More Discount And Right Reply WhatsApp: +86 17776015835","_links":{"self":[{"href":"https:\/\/rmvapesale.com\/hu\/wp-json\/wp\/v2\/product\/2225","targetHints":{"allow":["GET"]}}],"collection":[{"href":"https:\/\/rmvapesale.com\/hu\/wp-json\/wp\/v2\/product"}],"about":[{"href":"https:\/\/rmvapesale.com\/hu\/wp-json\/wp\/v2\/types\/product"}],"replies":[{"embeddable":true,"href":"https:\/\/rmvapesale.com\/hu\/wp-json\/wp\/v2\/comments?post=2225"}],"wp:featuredmedia":[{"embeddable":true,"href":"https:\/\/rmvapesale.com\/hu\/wp-json\/wp\/v2\/media\/2221"}],"wp:attachment":[{"href":"https:\/\/rmvapesale.com\/hu\/wp-json\/wp\/v2\/media?parent=2225"}],"wp:term":[{"taxonomy":"product_brand","embeddable":true,"href":"https:\/\/rmvapesale.com\/hu\/wp-json\/wp\/v2\/product_brand?post=2225"},{"taxonomy":"product_cat","embeddable":true,"href":"https:\/\/rmvapesale.com\/hu\/wp-json\/wp\/v2\/product_cat?post=2225"},{"taxonomy":"product_tag","embeddable":true,"href":"https:\/\/rmvapesale.com\/hu\/wp-json\/wp\/v2\/product_tag?post=2225"}],"curies":[{"name":"wp","href":"https:\/\/api.w.org\/{rel}","templated":true}]}}