{"id":2253,"date":"2024-09-30T03:05:21","date_gmt":"2024-09-30T03:05:21","guid":{"rendered":"https:\/\/rmvapesale.com\/?post_type=product&#038;p=2253"},"modified":"2025-01-21T09:56:32","modified_gmt":"2025-01-21T09:56:32","slug":"uzy-vaper-9000-puffs-disposable-vape-pod-wholesale","status":"publish","type":"product","link":"https:\/\/rmvapesale.com\/hu\/product\/uzy-vaper-9000-puffs-disposable-vape-pod-wholesale\/","title":{"rendered":"UZY Vaper 9000 Puffs eldobhat\u00f3 Vape Pod nagykereskedelem"},"content":{"rendered":"<div class=\"B2VR9 CJHX3e\">\n<div class=\"wyccme\">\n<h1 class=\"LC20lb MBeuO DKV0Md\">UZY Vaper 9000 Puffs eldobhat\u00f3 Vape Pod nagykereskedelem<\/h1>\n<p>Bemutatjuk a <strong>UZY Vaper 9000 Puffs eldobhat\u00f3 Vape Pod<\/strong>, egy nagy kapacit\u00e1s\u00fa, \u00fajrat\u00f6lthet\u0151 eszk\u00f6z, amely ak\u00e1r <strong>9000 sz\u00edv\u00e1st<\/strong>-t k\u00edn\u00e1l. El\u00e9rhet\u0151 <strong>0%<\/strong>, <strong>2%<\/strong>, <strong>3%<\/strong>, \u00e9s <strong>5% nikotin<\/strong> er\u0151ss\u00e9gekben, \u00edgy k\u00fcl\u00f6nb\u00f6z\u0151 preferenci\u00e1kat szolg\u00e1l ki. A k\u00e9nyelem \u00e9s fenntarthat\u00f3s\u00e1g \u00e9rdek\u00e9ben tervezve, a <strong>UZY Vaper 9000<\/strong> sima, \u00edzletes vaping \u00e9lm\u00e9nyt ny\u00fajt k\u00fcl\u00f6nb\u00f6z\u0151 <strong>\u00edzletes \u00edzekkel<\/strong>, az egzotikus gy\u00fcm\u00f6lcs\u00f6kt\u0151l a friss\u00edt\u0151 ment\u00e1ig. Az \u00fajrat\u00f6lthet\u0151 funkci\u00f3ja hosszabb haszn\u00e1latot biztos\u00edt, \u00edgy t\u00f6k\u00e9letes egyens\u00falyt teremt az innov\u00e1ci\u00f3 \u00e9s a k\u00f6nny\u0171 haszn\u00e1lat k\u00f6z\u00f6tt. Emeld a vaping \u00e9lm\u00e9nyedet a <strong>UZY Vaper 9000<\/strong>\u2014ahol a sokoldal\u00fas\u00e1g tal\u00e1lkozik az el\u00e9gedetts\u00e9ggel.<\/p>\n<\/div>\n<\/div>\n<p><strong>L\u00e9pjen kapcsolatba Amyvel a pontos v\u00e1laszok\u00e9rt \u00e9s tov\u00e1bbi term\u00e9kvide\u00f3k\u00e9rt!<\/strong><\/p>\n<p><img loading=\"lazy\" decoding=\"async\" class=\"size-full wp-image-1978\" src=\"https:\/\/rmvapesale.com\/wp-content\/uploads\/2024\/09\/Disposable-Vape-Wholesale.jpg\" alt=\"Eldobhat\u00f3 Vape Nagykereskedelem\" width=\"229\" height=\"300\" \/><\/p>\n<h3><span style=\"color: #ff0000\"><strong>WhatsApp: +86 17776015835<\/strong><\/span><\/h3>\n<p>&nbsp;<\/p>\n<h2><\/h2>\n<h2>UZY Vaper 9000 Puffs Egyszer haszn\u00e1latos Vape F\u0151bb jellemz\u0151k<\/h2>\n<p>850mAh be\u00e9p\u00edtett akkumul\u00e1tor<br \/>\n\u00dajrat\u00f6lthet\u0151<br \/>\nHat\u00e9kony \u00e9s egyenletes teljes\u00edtm\u00e9ny<br \/>\n18ml el\u0151re t\u00f6lt\u00f6tt E-juice<br \/>\n0%, 2%, 3%, 5% nikotinszint<br \/>\nMajdnem 9000 sz\u00edv\u00e1s kiel\u00e9g\u00edt\u00e9se<br \/>\n\u00c1ll\u00edthat\u00f3 l\u00e9g\u00e1raml\u00e1s<br \/>\nRGB f\u00e9ny<\/p>\n<figure id=\"attachment_2250\" aria-describedby=\"caption-attachment-2250\" style=\"width: 800px\" class=\"wp-caption alignnone\"><img loading=\"lazy\" decoding=\"async\" class=\"wp-image-2250 size-full\" src=\"https:\/\/rmvapesale.com\/wp-content\/uploads\/2024\/09\/UZY-Vaper-9000-Puffs-Disposable-Vape-Wholesale.jpg\" alt=\"UZY Vaper 9000 Puffs Egyszer haszn\u00e1latos Vape Nagykereskedelem\" width=\"800\" height=\"800\" srcset=\"https:\/\/rmvapesale.com\/wp-content\/uploads\/2024\/09\/UZY-Vaper-9000-Puffs-Disposable-Vape-Wholesale.jpg 800w, https:\/\/rmvapesale.com\/wp-content\/uploads\/2024\/09\/UZY-Vaper-9000-Puffs-Disposable-Vape-Wholesale-300x300.jpg 300w, https:\/\/rmvapesale.com\/wp-content\/uploads\/2024\/09\/UZY-Vaper-9000-Puffs-Disposable-Vape-Wholesale-150x150.jpg 150w, https:\/\/rmvapesale.com\/wp-content\/uploads\/2024\/09\/UZY-Vaper-9000-Puffs-Disposable-Vape-Wholesale-768x768.jpg 768w, https:\/\/rmvapesale.com\/wp-content\/uploads\/2024\/09\/UZY-Vaper-9000-Puffs-Disposable-Vape-Wholesale-600x600.jpg 600w, https:\/\/rmvapesale.com\/wp-content\/uploads\/2024\/09\/UZY-Vaper-9000-Puffs-Disposable-Vape-Wholesale-100x100.jpg 100w\" sizes=\"auto, (max-width: 800px) 100vw, 800px\" \/><figcaption id=\"caption-attachment-2250\" class=\"wp-caption-text\">UZY Vaper 9000 Puffs Egyszer haszn\u00e1latos Vape Nagykereskedelem<\/figcaption><\/figure>\n<h2><strong>Legjobb \u00edz az UZY Vaper 9000 Puffs sz\u00e1m\u00e1ra<\/strong><\/h2>\n<p>Az UZY QUTE 800 Puffs eldobhat\u00f3 Vape Pod 20 finom \u00edzt k\u00edn\u00e1l, v\u00e1lasszon a k\u00fcl\u00f6nf\u00e9le \u00edzek k\u00f6z\u00fcl, bele\u00e9rtve a klasszikus doh\u00e1nyt, a friss\u00edt\u0151 h\u0171s\u00edt\u0151 ment\u00e1t \u00e9s a sz\u0151l\u0151 egzotikus \u00e9dess\u00e9g\u00e9t, mindegyik gazdag, kiel\u00e9g\u00edt\u0151 utaz\u00e1st \u00edg\u00e9r minden slukkban.<\/p>\n<p>01. \u00c1fonya m\u00e1lna<span style=\"color: #ff0000\"><strong>&gt;&gt;&gt;&gt; Forr\u00f3!<\/strong><\/span><br \/>\n02. \u00dar K\u00e9k<span style=\"color: #ff0000\"><strong>&gt;&gt;&gt;&gt;A legjobb!<\/strong><\/span><br \/>\n03. Eperdinnye<br \/>\n04. S\u00e1rgabarack Mang\u00f3 Anan\u00e1sz<br \/>\n05. Kivi Szenved\u00e9lygy\u00fcm\u00f6lcs Guava<span style=\"color: #ff0000\"><strong>&gt;&gt;&gt;&gt; Forr\u00f3!<\/strong><\/span><br \/>\n06. Cseresznye J\u00e9g<br \/>\n07. Eper J\u00e9g<br \/>\n08. Dinnye J\u00e9g<br \/>\n09. Sz\u0151l\u0151 J\u00e9g<br \/>\n10. \u00c1fonya J\u00e9g<br \/>\n11. Vegyes Bogy\u00f3k<span style=\"color: #ff0000\"><strong>&gt;&gt;&gt;&gt; Forr\u00f3!<\/strong><\/span><br \/>\n12. S\u00e1rgabarack J\u00e9g<br \/>\n13. S\u00e1rgabarack Bogy\u00f3<br \/>\n14. Eper M\u00e1lna Cseresznye J\u00e9g<br \/>\n15. Eper Ban\u00e1n<span style=\"color: #ff0000\"><strong>&gt;&gt;&gt;&gt; Forr\u00f3!<\/strong><\/span><\/p>\n<p>&nbsp;<\/p>\n<h2><strong>K\u00e9rd\u00e9sek, amiket \u00e9rdemes lehet tudni az UZY Vaper 9000 egyszer haszn\u00e1latos vape-r\u0151l<\/strong><\/h2>\n<p>&nbsp;<\/p>\n<div class=\"flex-shrink-0 flex flex-col relative items-end\">\n<div>\n<div class=\"pt-0\">\n<div class=\"gizmo-bot-avatar flex h-8 w-8 items-center justify-center overflow-hidden rounded-full\">\n<div class=\"relative p-1 rounded-sm flex items-center justify-center bg-token-main-surface-primary text-token-text-primary h-8 w-8\"><\/div>\n<\/div>\n<\/div>\n<\/div>\n<\/div>\n<div class=\"group\/conversation-turn relative flex w-full min-w-0 flex-col agent-turn\">\n<div class=\"flex-col gap-1 md:gap-3\">\n<div class=\"flex max-w-full flex-col flex-grow\">\n<div class=\"min-h-8 text-message flex w-full flex-col items-end gap-2 whitespace-normal break-words [.text-message+&amp;]:mt-5\" dir=\"auto\" data-message-author-role=\"assistant\" data-message-id=\"f226d3fc-81f3-46d5-8c46-31787fff0357\">\n<div class=\"flex w-full flex-col gap-1 empty:hidden first:pt-[3px]\">\n<div class=\"markdown prose w-full break-words dark:prose-invert light\">\n<p><strong>1. H\u00e1ny sz\u00edv\u00e1st b\u00edr az UZY Vaper 9000?<\/strong><strong>\u00a0eldobhat\u00f3 vape-ben?<\/strong><br \/>\nAz UZY Vaper 9000 ak\u00e1r 12000 sz\u00edv\u00e1st is biztos\u00edt, messze meghaladva a tipikus egyszer haszn\u00e1latos vape-ek kapacit\u00e1s\u00e1t.<\/p>\n<p><strong>2. Milyen \u00edzek \u00e9rhet\u0151k el az Vaper 9000 egyszer haszn\u00e1latos vape tollban?<\/strong><br \/>\nN\u00e9pszer\u0171 \u00edzek k\u00f6z\u00e9 tartozik a Dinnye J\u00e9g, \u00dar K\u00e9k, Triple Mango, Eper J\u00e9g, V\u00f6r\u00f6s Energia, Vegyes Bogy\u00f3k stb.<\/p>\n<p><strong>3. Alkalmas-e a Vaper 9000 kezd\u0151k sz\u00e1m\u00e1ra?<\/strong><br \/>\nIgen, t\u00f6k\u00e9letes kezd\u0151knek az egyszer\u0171, gomb n\u00e9lk\u00fcli kialak\u00edt\u00e1s\u00e1nak k\u00f6sz\u00f6nhet\u0151en \u2013 a g\u0151z\u00f6l\u00e9shez csak sz\u00edvjon bele.<\/p>\n<p><strong>4. Hogyan t\u00e1roljam az eldobhat\u00f3 vape-emet?<\/strong><br \/>\nT\u00e1rolja a k\u00e9sz\u00fcl\u00e9ket h\u0171v\u00f6s, sz\u00e1raz helyen, t\u00e1vol a k\u00f6zvetlen napf\u00e9nyt\u0151l, gyermekekt\u0151l \u00e9s h\u00e1zi\u00e1llatokt\u00f3l elz\u00e1rva.<\/p>\n<p><strong>Meddig tart a Vaper 9000?<\/strong><br \/>\nA 9000 sz\u00edv\u00e1s kapacit\u00e1ssal rendelkez\u0151 UZY Vaper 9000 t\u00f6bb h\u00e9tig is eltarthat, a haszn\u00e1latt\u00f3l f\u00fcgg\u0151en.<\/p>\n<\/div>\n<\/div>\n<\/div>\n<\/div>\n<\/div>\n<\/div>\n<p>&nbsp;<\/p>\n<h3><b>GYIK<\/b><\/h3>\n<p>&nbsp;<\/p>\n<div class=\"flex-shrink-0 flex flex-col relative items-end\">\n<div>\n<div class=\"pt-0\">\n<div class=\"gizmo-bot-avatar flex h-8 w-8 items-center justify-center overflow-hidden rounded-full\">\n<div class=\"relative p-1 rounded-sm flex items-center justify-center bg-token-main-surface-primary text-token-text-primary h-8 w-8\"><strong>Milyen sz\u00e1ll\u00edt\u00e1si m\u00f3dokat haszn\u00e1lnak?<\/strong><\/div>\n<\/div>\n<\/div>\n<\/div>\n<\/div>\n<div class=\"group\/conversation-turn relative flex w-full min-w-0 flex-col agent-turn\">\n<div class=\"flex-col gap-1 md:gap-3\">\n<div class=\"flex max-w-full flex-col flex-grow\">\n<div class=\"min-h-[20px] text-message flex w-full flex-col items-end gap-2 whitespace-normal break-words [.text-message+&amp;]:mt-5 overflow-x-auto\" dir=\"auto\" data-message-author-role=\"assistant\" data-message-id=\"22f8283b-3233-46ff-89a5-c7a41b33abda\">\n<div class=\"flex w-full flex-col gap-1 empty:hidden first:pt-[3px]\">\n<div class=\"markdown prose w-full break-words dark:prose-invert light\">\n<p>Partnerei vagyunk a UPS, DHL, FedEx, DPD \u00e9s m\u00e1s vezet\u0151 fuvaroz\u00f3knak. A legjobb sz\u00e1ll\u00edt\u00e1si m\u00f3dot fogjuk kiv\u00e1lasztani a sz\u00e1ll\u00edt\u00e1si helysz\u00edne alapj\u00e1n, hogy a lehet\u0151 leggyorsabban megkapja a term\u00e9keit.<\/p>\n<\/div>\n<p><strong>Mennyi id\u0151 alatt \u00e9rkezik meg?<\/strong><\/p>\n<p>A csomagok \u00e1ltal\u00e1ban 10 munkanapon bel\u00fcl meg\u00e9rkeznek Magyarorsz\u00e1gra. Az eur\u00f3pai orsz\u00e1gokba t\u00f6rt\u00e9n\u0151 sz\u00e1ll\u00edt\u00e1s \u00e1ltal\u00e1ban 12-15 munkanapot vesz ig\u00e9nybe. Folyamatosan t\u00e1j\u00e9koztatjuk a sz\u00e1ll\u00edt\u00e1si st\u00e1tuszr\u00f3l.<\/p>\n<\/div>\n<p><strong>Garancia<\/strong><\/p>\n<p><span style=\"color: #ff0000\"><strong>\u00dczlet\u00fcnkben minden term\u00e9k garant\u00e1ltan 100% eredeti \u00e9s hiteles. 10-szeres k\u00e1rt\u00e9r\u00edt\u00e9st k\u00edn\u00e1lunk hamis \u00e1ru eset\u00e9n!<\/strong><\/span><\/p>\n<div class=\"flex w-full flex-col gap-1 empty:hidden first:pt-[3px]\">\n<p>&nbsp;<\/p>\n<\/div>\n<\/div>\n<\/div>\n<\/div>\n<\/div>\n<p>&nbsp;<\/p>\n<p>Tov\u00e1bbi n\u00e9pszer\u0171 vape term\u00e9kek, amik tetszhetnek:<\/p>\n<p>&nbsp;<\/p>\n<p><a href=\"https:\/\/rmvapesale.com\/hu\/product\/original-randm-vape-digital-puff-12000-fumot-factory-price\/\"><strong>VOZOL Gear 20000 Puffs\u00a0 <span style=\"color: #ff0000\">&gt;&gt;&gt;&gt;rajta!<\/span><\/strong><\/a><\/p>\n<p><strong><a href=\"https:\/\/rmvapesale.com\/hu\/product\/uzy-bang-king-12000-puffs-disposable-vape-20-flavors\/\">UZY Bang King 12000 Sz\u00edv\u00e1s <span style=\"color: #ff0000\">&gt;&gt;&gt;&gt;rajta!<\/span><\/a>\u00a0<\/strong><\/p>\n<p><a href=\"https:\/\/rmvapesale.com\/hu\/product\/vapme-crystal-7000-puffs-rechargeable-disposable-vape-price\/\"><strong>Vapme Crystal 7000 slukk <span style=\"color: #ff0000\">&gt;&gt;&gt;&gt;rajta!<\/span><\/strong><\/a><\/p>\n<p>&nbsp;<\/p>\n<p>&nbsp;<\/p>\n<p>Tal\u00e1lja meg a tov\u00e1bbi vape term\u00e9keket, amelyek tetszhetnek \u00d6nnek:<strong><em><a href=\"https:\/\/rmvapesale.com\/hu\/shop-2\/\">V\u00e1s\u00e1roljon most &gt;&gt;&gt;<\/a><\/em><\/strong><\/p>","protected":false},"excerpt":{"rendered":"<p>UZY Vaper 9000 Puffs Egyszer haszn\u00e1latos Vape 15 \u00edz rakt\u00e1ron<br \/>\nUZY Vaper 9000 Puffs 0% 2% 3% 5% Nikotinnal t\u00f6lthet\u0151<br \/>\nGy\u00e1ri Nagykereskedelem UZY Vaper 9000 Puffs Vape Pod<\/p>\n<p><strong>Tov\u00e1bbi kedvezm\u00e9ny\u00e9rt \u00e9s pontos v\u00e1lasz\u00e9rt l\u00e9pjen kapcsolatba Amyvel<\/strong><\/p>\n<p><img loading=\"lazy\" decoding=\"async\" class=\"size-full wp-image-1978\" src=\"https:\/\/rmvapesale.com\/wp-content\/uploads\/2024\/09\/Disposable-Vape-Wholesale.jpg\" alt=\"Eldobhat\u00f3 Vape Nagykereskedelem\" width=\"229\" height=\"300\" \/><\/p>\n<h3><span style=\"color: #ff0000\"><strong>WhatsApp: +86 17776015835<\/strong><\/span><\/h3>","protected":false},"featured_media":2248,"comment_status":"open","ping_status":"closed","template":"","meta":{"_uag_custom_page_level_css":"","_lmt_disableupdate":"no","_lmt_disable":"","site-sidebar-layout":"default","site-content-layout":"content-boxed-container","ast-site-content-layout":"normal-width-container","site-content-style":"boxed","site-sidebar-style":"unboxed","ast-global-header-display":"","ast-banner-title-visibility":"","ast-main-header-display":"","ast-hfb-above-header-display":"","ast-hfb-below-header-display":"","ast-hfb-mobile-header-display":"","site-post-title":"","ast-breadcrumbs-content":"","ast-featured-img":"","footer-sml-layout":"","theme-transparent-header-meta":"default","adv-header-id-meta":"","stick-header-meta":"","header-above-stick-meta":"","header-main-stick-meta":"","header-below-stick-meta":"","astra-migrate-meta-layouts":"set","ast-page-background-enabled":"default","ast-page-background-meta":{"desktop":{"background-color":"var(--ast-global-color-4)","background-image":"","background-repeat":"repeat","background-position":"center center","background-size":"auto","background-attachment":"scroll","background-type":"","background-media":"","overlay-type":"","overlay-color":"","overlay-opacity":"","overlay-gradient":""},"tablet":{"background-color":"","background-image":"","background-repeat":"repeat","background-position":"center center","background-size":"auto","background-attachment":"scroll","background-type":"","background-media":"","overlay-type":"","overlay-color":"","overlay-opacity":"","overlay-gradient":""},"mobile":{"background-color":"","background-image":"","background-repeat":"repeat","background-position":"center center","background-size":"auto","background-attachment":"scroll","background-type":"","background-media":"","overlay-type":"","overlay-color":"","overlay-opacity":"","overlay-gradient":""}},"ast-content-background-meta":{"desktop":{"background-color":"var(--ast-global-color-5)","background-image":"","background-repeat":"repeat","background-position":"center center","background-size":"auto","background-attachment":"scroll","background-type":"","background-media":"","overlay-type":"","overlay-color":"","overlay-opacity":"","overlay-gradient":""},"tablet":{"background-color":"var(--ast-global-color-5)","background-image":"","background-repeat":"repeat","background-position":"center center","background-size":"auto","background-attachment":"scroll","background-type":"","background-media":"","overlay-type":"","overlay-color":"","overlay-opacity":"","overlay-gradient":""},"mobile":{"background-color":"var(--ast-global-color-5)","background-image":"","background-repeat":"repeat","background-position":"center center","background-size":"auto","background-attachment":"scroll","background-type":"","background-media":"","overlay-type":"","overlay-color":"","overlay-opacity":"","overlay-gradient":""}},"_joinchat":[]},"product_brand":[],"product_cat":[15,293,295,287,52,25,123,26,28,135,27,137,136,30],"product_tag":[99,111,105,117,116],"class_list":{"0":"post-2253","1":"product","2":"type-product","3":"status-publish","4":"has-post-thumbnail","6":"product_cat-new-vape-this-week","7":"product_cat-low-nicotine-disposable-vapes","8":"product_cat-rechargeable-disposable-vapes","9":"product_cat-uzy-vape","10":"product_cat-9000-puffs-disposable-vapes","11":"product_cat-germany-best-selling-vape","12":"product_cat-italy-wholesale-vape","13":"product_cat-netherlands-hot-sale-vape","14":"product_cat-poland-hot-sale-vape","15":"product_cat-spain-best-hot-sale-vape","16":"product_cat-fance-hot-sale-vape","17":"product_cat-rechargeable-vapes","18":"product_cat-smart-screen-vapes","19":"product_cat-minimum-order-quantity-50pcs","20":"product_tag-disposable-vape-wholesale","21":"product_tag-low-nicotine-disposable-vape","22":"product_tag-nicotine-free-disposable-vape","23":"product_tag-uzy-vape","24":"product_tag-vapes","25":"desktop-align-left","26":"tablet-align-left","27":"mobile-align-left","29":"first","30":"instock","31":"sale","32":"shipping-taxable","33":"purchasable","34":"product-type-simple"},"uagb_featured_image_src":{"full":["https:\/\/rmvapesale.com\/wp-content\/uploads\/2024\/09\/UZY-Vaper-9000-Puffs-Disposable-Vape-Pod.jpg",800,800,false],"thumbnail":["https:\/\/rmvapesale.com\/wp-content\/uploads\/2024\/09\/UZY-Vaper-9000-Puffs-Disposable-Vape-Pod-150x150.jpg",150,150,true],"medium":["https:\/\/rmvapesale.com\/wp-content\/uploads\/2024\/09\/UZY-Vaper-9000-Puffs-Disposable-Vape-Pod-300x300.jpg",300,300,true],"medium_large":["https:\/\/rmvapesale.com\/wp-content\/uploads\/2024\/09\/UZY-Vaper-9000-Puffs-Disposable-Vape-Pod-768x768.jpg",768,768,true],"large":["https:\/\/rmvapesale.com\/wp-content\/uploads\/2024\/09\/UZY-Vaper-9000-Puffs-Disposable-Vape-Pod.jpg",800,800,false],"1536x1536":["https:\/\/rmvapesale.com\/wp-content\/uploads\/2024\/09\/UZY-Vaper-9000-Puffs-Disposable-Vape-Pod.jpg",800,800,false],"2048x2048":["https:\/\/rmvapesale.com\/wp-content\/uploads\/2024\/09\/UZY-Vaper-9000-Puffs-Disposable-Vape-Pod.jpg",800,800,false],"trp-custom-language-flag":["https:\/\/rmvapesale.com\/wp-content\/uploads\/2024\/09\/UZY-Vaper-9000-Puffs-Disposable-Vape-Pod.jpg",12,12,false],"woocommerce_thumbnail":["https:\/\/rmvapesale.com\/wp-content\/uploads\/2024\/09\/UZY-Vaper-9000-Puffs-Disposable-Vape-Pod-300x300.jpg",300,300,true],"woocommerce_single":["https:\/\/rmvapesale.com\/wp-content\/uploads\/2024\/09\/UZY-Vaper-9000-Puffs-Disposable-Vape-Pod-600x600.jpg",600,600,true],"woocommerce_gallery_thumbnail":["https:\/\/rmvapesale.com\/wp-content\/uploads\/2024\/09\/UZY-Vaper-9000-Puffs-Disposable-Vape-Pod-100x100.jpg",100,100,true],"wcpr-photo-reviews":["https:\/\/rmvapesale.com\/wp-content\/uploads\/2024\/09\/UZY-Vaper-9000-Puffs-Disposable-Vape-Pod.jpg",500,500,false]},"uagb_author_info":{"display_name":"AMY","author_link":"https:\/\/rmvapesale.com\/hu\/author\/"},"uagb_comment_info":0,"uagb_excerpt":"UZY Vaper 9000 Puffs Disposable Vape 15 Flavors in Stock UZY Vaper 9000 Puffs 0% 2% 3% 5% Nicotine Rechargeable Factory Wholesale UZY Vaper 9000 Puffs Vape Pod Contact Amy For More Discount And Right Reply WhatsApp: +86 17776015835","_links":{"self":[{"href":"https:\/\/rmvapesale.com\/hu\/wp-json\/wp\/v2\/product\/2253","targetHints":{"allow":["GET"]}}],"collection":[{"href":"https:\/\/rmvapesale.com\/hu\/wp-json\/wp\/v2\/product"}],"about":[{"href":"https:\/\/rmvapesale.com\/hu\/wp-json\/wp\/v2\/types\/product"}],"replies":[{"embeddable":true,"href":"https:\/\/rmvapesale.com\/hu\/wp-json\/wp\/v2\/comments?post=2253"}],"wp:featuredmedia":[{"embeddable":true,"href":"https:\/\/rmvapesale.com\/hu\/wp-json\/wp\/v2\/media\/2248"}],"wp:attachment":[{"href":"https:\/\/rmvapesale.com\/hu\/wp-json\/wp\/v2\/media?parent=2253"}],"wp:term":[{"taxonomy":"product_brand","embeddable":true,"href":"https:\/\/rmvapesale.com\/hu\/wp-json\/wp\/v2\/product_brand?post=2253"},{"taxonomy":"product_cat","embeddable":true,"href":"https:\/\/rmvapesale.com\/hu\/wp-json\/wp\/v2\/product_cat?post=2253"},{"taxonomy":"product_tag","embeddable":true,"href":"https:\/\/rmvapesale.com\/hu\/wp-json\/wp\/v2\/product_tag?post=2253"}],"curies":[{"name":"wp","href":"https:\/\/api.w.org\/{rel}","templated":true}]}}