{"id":2262,"date":"2024-09-30T05:53:05","date_gmt":"2024-09-30T05:53:05","guid":{"rendered":"https:\/\/rmvapesale.com\/?post_type=product&#038;p=2262"},"modified":"2025-01-21T09:57:10","modified_gmt":"2025-01-21T09:57:10","slug":"uzy-qute-800-puffs-disposable-vape-original-wholesale","status":"publish","type":"product","link":"https:\/\/rmvapesale.com\/hu\/product\/uzy-qute-800-puffs-disposable-vape-original-wholesale\/","title":{"rendered":"UZY QUTE 800 Puffs Eldobhat\u00f3 Vape Eredeti Nagykereskedelem"},"content":{"rendered":"<div class=\"B2VR9 CJHX3e\">\n<div class=\"wyccme\">\n<h1 class=\"LC20lb MBeuO DKV0Md\">UZY QUTE 800 Puffs Eldobhat\u00f3 Vape Eredeti Nagykereskedelem<\/h1>\n<p>A <strong>UZY QUTE 800 Puffs<\/strong>\u00a0egy eleg\u00e1ns, kompakt eldobhat\u00f3 vape, amely k\u00edn\u00e1lja <strong>800 slukk<\/strong> \u00edzletes el\u00e9gedetts\u00e9g. Az \u00fatk\u00f6zbeni k\u00e9nyelemre tervezett, gomb n\u00e9lk\u00fcli aktiv\u00e1l\u00e1sa megk\u00f6nny\u00edti a g\u0151z\u00f6l\u00e9st \u2013 csak l\u00e9legezzen be, hogy \u00e9lvezze a gazdag \u00edzeket. Ak\u00e1r a gy\u00fcm\u00f6lcs\u00f6s kever\u00e9keket, ak\u00e1r a friss\u00edt\u0151 ment\u00e1t r\u00e9szes\u00edti el\u0151nyben, minden slukk sima \u00e9s kiel\u00e9g\u00edt\u0151 \u00e9lm\u00e9nyt ny\u00fajt. St\u00edlusos kialak\u00edt\u00e1s\u00e1val \u00e9s felhaszn\u00e1l\u00f3bar\u00e1t funkcionalit\u00e1s\u00e1val az <strong>UZY QUTE 800 Puffs eldobhat\u00f3 Vape Pod<\/strong>\u00a0\u00faj m\u00e9rc\u00e9t \u00e1ll\u00edt a kompakt eldobhat\u00f3 vape-ok ter\u00e9n, t\u00f6k\u00e9letes azoknak a g\u0151z\u00f6l\u0151knek, akik \u00e9rt\u00e9kelik a k\u00e9nyelmet \u00e9s a teljes\u00edtm\u00e9nyt.<\/p>\n<\/div>\n<\/div>\n<p><strong>L\u00e9pjen kapcsolatba Amyvel a pontos v\u00e1laszok\u00e9rt \u00e9s tov\u00e1bbi term\u00e9kvide\u00f3k\u00e9rt!<\/strong><\/p>\n<p><img loading=\"lazy\" decoding=\"async\" class=\"size-full wp-image-1978\" src=\"https:\/\/rmvapesale.com\/wp-content\/uploads\/2024\/09\/Disposable-Vape-Wholesale.jpg\" alt=\"Eldobhat\u00f3 Vape Nagykereskedelem\" width=\"229\" height=\"300\" \/><\/p>\n<h3><span style=\"color: #ff0000\"><strong>WhatsApp: +86 17776015835<\/strong><\/span><\/h3>\n<p>&nbsp;<\/p>\n<h2><\/h2>\n<h2>UZY QUTE 800 Puffs Eldobhat\u00f3 Vape F\u0151bb jellemz\u0151k<\/h2>\n<p>Folyad\u00e9k: 3ML<br \/>\nAkkumul\u00e1tor: 500mAh<br \/>\nGy\u00e1rt\u00e1si id\u0151: l\u00e1sd a csomagol\u00e1son<br \/>\nCsomagol\u00e1s: 1 doboz 10 darab<br \/>\nS\u00f3ss\u00e1g: 0%-2%-3%-5% (opcion\u00e1lis)<br \/>\n1.2 Ohm h\u00e1l\u00f3s tekercs<br \/>\nLED sz\u00edn\u0171 f\u00e9ny<\/p>\n<figure id=\"attachment_2257\" aria-describedby=\"caption-attachment-2257\" style=\"width: 800px\" class=\"wp-caption alignnone\"><img loading=\"lazy\" decoding=\"async\" class=\"wp-image-2257 size-full\" src=\"https:\/\/rmvapesale.com\/wp-content\/uploads\/2024\/09\/UZY-Qute-800-puffs-Disposeble-Vape.jpg\" alt=\"UZY Qute 800 slukkos eldobhat\u00f3 Vape\" width=\"800\" height=\"800\" srcset=\"https:\/\/rmvapesale.com\/wp-content\/uploads\/2024\/09\/UZY-Qute-800-puffs-Disposeble-Vape.jpg 800w, https:\/\/rmvapesale.com\/wp-content\/uploads\/2024\/09\/UZY-Qute-800-puffs-Disposeble-Vape-300x300.jpg 300w, https:\/\/rmvapesale.com\/wp-content\/uploads\/2024\/09\/UZY-Qute-800-puffs-Disposeble-Vape-150x150.jpg 150w, https:\/\/rmvapesale.com\/wp-content\/uploads\/2024\/09\/UZY-Qute-800-puffs-Disposeble-Vape-768x768.jpg 768w, https:\/\/rmvapesale.com\/wp-content\/uploads\/2024\/09\/UZY-Qute-800-puffs-Disposeble-Vape-600x600.jpg 600w, https:\/\/rmvapesale.com\/wp-content\/uploads\/2024\/09\/UZY-Qute-800-puffs-Disposeble-Vape-100x100.jpg 100w\" sizes=\"auto, (max-width: 800px) 100vw, 800px\" \/><figcaption id=\"caption-attachment-2257\" class=\"wp-caption-text\">UZY Qute 800 slukkos eldobhat\u00f3 Vape<\/figcaption><\/figure>\n<h2><strong>Legjobb \u00edz a UZY QUTE 800 Puffs-hoz<\/strong><\/h2>\n<p>Az UZY QUTE 800 Puffs eldobhat\u00f3 Vape Pod 20 finom \u00edzt k\u00edn\u00e1l, v\u00e1lasszon a k\u00fcl\u00f6nf\u00e9le \u00edzek k\u00f6z\u00fcl, bele\u00e9rtve a klasszikus doh\u00e1nyt, a friss\u00edt\u0151 h\u0171s\u00edt\u0151 ment\u00e1t \u00e9s a sz\u0151l\u0151 egzotikus \u00e9dess\u00e9g\u00e9t, mindegyik gazdag, kiel\u00e9g\u00edt\u0151 utaz\u00e1st \u00edg\u00e9r minden slukkban.<\/p>\n<p>1.Kivi Maracuja<br \/>\n2.K\u00e9k M\u00e1lna J\u00e9g<span style=\"color: #ff0000\"><strong>&gt;&gt;&gt;&gt; Forr\u00f3!<\/strong><\/span><br \/>\n3. G\u00f6r\u00f6gdinnye J\u00e9g<br \/>\n4.Citrom Menta<br \/>\n5.Tripla Mang\u00f3<br \/>\n6.Vegyes Bogy\u00f3s Gy\u00fcm\u00f6lcs\u00f6k<br \/>\n7. Sz\u0151l\u0151 J\u00e9g<br \/>\n8.Eper J\u00e9g<br \/>\n9.K\u00f3la J\u00e9g<br \/>\n10.Redbull J\u00e9g<span style=\"color: #ff0000\"><strong>&gt;&gt;&gt;&gt;A legjobb!<\/strong><\/span><\/p>\n<p>&nbsp;<\/p>\n<h2><strong>K\u00e9rd\u00e9sek, amelyeket tudni szeretne az UZY QUTE 800 F\u00faj\u00e1sos Vape Podr\u00f3l<\/strong><\/h2>\n<p>&nbsp;<\/p>\n<div class=\"flex-shrink-0 flex flex-col relative items-end\">\n<div>\n<div class=\"pt-0\">\n<div class=\"gizmo-bot-avatar flex h-8 w-8 items-center justify-center overflow-hidden rounded-full\">\n<div class=\"relative p-1 rounded-sm flex items-center justify-center bg-token-main-surface-primary text-token-text-primary h-8 w-8\"><\/div>\n<\/div>\n<\/div>\n<\/div>\n<\/div>\n<div class=\"group\/conversation-turn relative flex w-full min-w-0 flex-col agent-turn\">\n<div class=\"flex-col gap-1 md:gap-3\">\n<div class=\"flex max-w-full flex-col flex-grow\">\n<div class=\"min-h-8 text-message flex w-full flex-col items-end gap-2 whitespace-normal break-words [.text-message+&amp;]:mt-5\" dir=\"auto\" data-message-author-role=\"assistant\" data-message-id=\"f226d3fc-81f3-46d5-8c46-31787fff0357\">\n<div class=\"flex w-full flex-col gap-1 empty:hidden first:pt-[3px]\">\n<div class=\"markdown prose w-full break-words dark:prose-invert light\">\n<p><strong>1.H\u00e1ny f\u00faj\u00e1st biztos\u00edt az UZY QUTE 800 F\u00faj\u00e1sos<\/strong><strong> vape?<\/strong><br \/>\nAz UZY QUTE 800 F\u00faj\u00e1sos ak\u00e1r 800 f\u00faj\u00e1st is lehet\u0151v\u00e9 tesz, messze meghaladva a tipikus eldobhat\u00f3 vape-ok kapacit\u00e1s\u00e1t.<\/p>\n<p><strong>2.Milyen \u00edzek \u00e9rhet\u0151k el az UZY QUTE 800 F\u00faj\u00e1sos vape tollban?<\/strong><br \/>\nN\u00e9pszer\u0171 \u00edzek k\u00f6z\u00e9 tartozik a Kiwi Passion Fruit, Blue Razz Ice, Watermelon Ice, Lemon Mint, Mixed stb.<\/p>\n<p><strong>3.Az UZY QUTE 800 F\u00faj\u00e1sos alkalmas kezd\u0151knek?<\/strong><br \/>\nIgen, t\u00f6k\u00e9letes kezd\u0151knek az egyszer\u0171, gomb n\u00e9lk\u00fcli kialak\u00edt\u00e1s\u00e1nak k\u00f6sz\u00f6nhet\u0151en \u2013 a g\u0151z\u00f6l\u00e9shez csak sz\u00edvjon bele.<\/p>\n<p><strong>4. Hogyan t\u00e1roljam az eldobhat\u00f3 vape-emet?<\/strong><br \/>\nT\u00e1rolja a k\u00e9sz\u00fcl\u00e9ket h\u0171v\u00f6s, sz\u00e1raz helyen, t\u00e1vol a k\u00f6zvetlen napf\u00e9nyt\u0151l, gyermekekt\u0151l \u00e9s h\u00e1zi\u00e1llatokt\u00f3l elz\u00e1rva.<\/p>\n<p><strong>5.Meddig tart az UZY QUTE 800 F\u00faj\u00e1sos?<\/strong><br \/>\n800 f\u00faj\u00e1sos kapacit\u00e1s\u00e1val az UZY QUTE 800 F\u00faj\u00e1sos haszn\u00e1latt\u00f3l f\u00fcgg\u0151en t\u00f6bb napig is kitarthat.<\/p>\n<\/div>\n<\/div>\n<\/div>\n<\/div>\n<\/div>\n<\/div>\n<p>&nbsp;<\/p>\n<h3><b>GYIK<\/b><\/h3>\n<p>&nbsp;<\/p>\n<div class=\"flex-shrink-0 flex flex-col relative items-end\">\n<div>\n<div class=\"pt-0\">\n<div class=\"gizmo-bot-avatar flex h-8 w-8 items-center justify-center overflow-hidden rounded-full\">\n<div class=\"relative p-1 rounded-sm flex items-center justify-center bg-token-main-surface-primary text-token-text-primary h-8 w-8\"><strong>Milyen sz\u00e1ll\u00edt\u00e1si m\u00f3dokat haszn\u00e1lnak?<\/strong><\/div>\n<\/div>\n<\/div>\n<\/div>\n<\/div>\n<div class=\"group\/conversation-turn relative flex w-full min-w-0 flex-col agent-turn\">\n<div class=\"flex-col gap-1 md:gap-3\">\n<div class=\"flex max-w-full flex-col flex-grow\">\n<div class=\"min-h-[20px] text-message flex w-full flex-col items-end gap-2 whitespace-normal break-words [.text-message+&amp;]:mt-5 overflow-x-auto\" dir=\"auto\" data-message-author-role=\"assistant\" data-message-id=\"22f8283b-3233-46ff-89a5-c7a41b33abda\">\n<div class=\"flex w-full flex-col gap-1 empty:hidden first:pt-[3px]\">\n<div class=\"markdown prose w-full break-words dark:prose-invert light\">\n<p>Partnerei vagyunk a UPS, DHL, FedEx, DPD \u00e9s m\u00e1s vezet\u0151 fuvaroz\u00f3knak. A legjobb sz\u00e1ll\u00edt\u00e1si m\u00f3dot fogjuk kiv\u00e1lasztani a sz\u00e1ll\u00edt\u00e1si helysz\u00edne alapj\u00e1n, hogy a lehet\u0151 leggyorsabban megkapja a term\u00e9keit.<\/p>\n<\/div>\n<p><strong>Mennyi id\u0151 alatt \u00e9rkezik meg?<\/strong><\/p>\n<p>A csomagok \u00e1ltal\u00e1ban 10 munkanapon bel\u00fcl meg\u00e9rkeznek Magyarorsz\u00e1gra. Az eur\u00f3pai orsz\u00e1gokba t\u00f6rt\u00e9n\u0151 sz\u00e1ll\u00edt\u00e1s \u00e1ltal\u00e1ban 12-15 munkanapot vesz ig\u00e9nybe. Folyamatosan t\u00e1j\u00e9koztatjuk a sz\u00e1ll\u00edt\u00e1si st\u00e1tuszr\u00f3l.<\/p>\n<\/div>\n<p><strong>Garancia<\/strong><\/p>\n<p><span style=\"color: #ff0000\"><strong>\u00dczlet\u00fcnkben minden term\u00e9k garant\u00e1ltan 100% eredeti \u00e9s hiteles. 10-szeres k\u00e1rt\u00e9r\u00edt\u00e9st k\u00edn\u00e1lunk hamis \u00e1ru eset\u00e9n!<\/strong><\/span><\/p>\n<div class=\"flex w-full flex-col gap-1 empty:hidden first:pt-[3px]\">\n<p>&nbsp;<\/p>\n<\/div>\n<\/div>\n<\/div>\n<\/div>\n<\/div>\n<p>&nbsp;<\/p>\n<p>Tov\u00e1bbi n\u00e9pszer\u0171 vape term\u00e9kek, amik tetszhetnek:<\/p>\n<p>&nbsp;<\/p>\n<p><a href=\"https:\/\/rmvapesale.com\/hu\/product\/original-randm-vape-digital-puff-12000-fumot-factory-price\/\"><strong>VOZOL Gear 20000 Puffs\u00a0 <span style=\"color: #ff0000\">&gt;&gt;&gt;&gt;rajta!<\/span><\/strong><\/a><\/p>\n<p><strong><a href=\"https:\/\/rmvapesale.com\/hu\/product\/uzy-vaper-9000-puffs-disposable-vape-pod-wholesale\/\">UZY Vaper 9000 Puffs <span style=\"color: #ff0000\">&gt;&gt;&gt;&gt;rajta!<\/span><\/a>\u00a0<\/strong><\/p>\n<p><a href=\"https:\/\/rmvapesale.com\/hu\/product\/vapme-crystal-7000-puffs-rechargeable-disposable-vape-price\/\"><strong>Vapme Crystal 7000 slukk <span style=\"color: #ff0000\">&gt;&gt;&gt;&gt;rajta!<\/span><\/strong><\/a><\/p>\n<p>&nbsp;<\/p>\n<p>&nbsp;<\/p>\n<p>Tal\u00e1lja meg a tov\u00e1bbi vape term\u00e9keket, amelyek tetszhetnek \u00d6nnek:<strong><em><a href=\"https:\/\/rmvapesale.com\/hu\/shop-2\/\">V\u00e1s\u00e1roljon most &gt;&gt;&gt;<\/a><\/em><\/strong><\/p>","protected":false},"excerpt":{"rendered":"<p>Nagykereskedelmi Uzy Qute 800 Puff eldobhat\u00f3 e-cigaretta<br \/>\nUZY QUTE 800 Puffs 0% 2% 3% 5% nikotinos eldobhat\u00f3<br \/>\nUZY Qute 800 Puffs eldobhat\u00f3 Vape Pod eszk\u00f6z<\/p>\n<p><img loading=\"lazy\" decoding=\"async\" class=\"size-full wp-image-1978\" src=\"https:\/\/rmvapesale.com\/wp-content\/uploads\/2024\/09\/Disposable-Vape-Wholesale.jpg\" alt=\"Eldobhat\u00f3 Vape Nagykereskedelem\" width=\"229\" height=\"300\" \/><\/p>\n<h3><span style=\"color: #ff0000\"><strong>WhatsApp: +86 17776015835<\/strong><\/span><\/h3>\n<p>&nbsp;<\/p>","protected":false},"featured_media":2260,"comment_status":"open","ping_status":"closed","template":"","meta":{"_uag_custom_page_level_css":"","_lmt_disableupdate":"no","_lmt_disable":"","site-sidebar-layout":"default","site-content-layout":"content-boxed-container","ast-site-content-layout":"normal-width-container","site-content-style":"boxed","site-sidebar-style":"unboxed","ast-global-header-display":"","ast-banner-title-visibility":"","ast-main-header-display":"","ast-hfb-above-header-display":"","ast-hfb-below-header-display":"","ast-hfb-mobile-header-display":"","site-post-title":"","ast-breadcrumbs-content":"","ast-featured-img":"","footer-sml-layout":"","theme-transparent-header-meta":"default","adv-header-id-meta":"","stick-header-meta":"","header-above-stick-meta":"","header-main-stick-meta":"","header-below-stick-meta":"","astra-migrate-meta-layouts":"set","ast-page-background-enabled":"default","ast-page-background-meta":{"desktop":{"background-color":"var(--ast-global-color-4)","background-image":"","background-repeat":"repeat","background-position":"center center","background-size":"auto","background-attachment":"scroll","background-type":"","background-media":"","overlay-type":"","overlay-color":"","overlay-opacity":"","overlay-gradient":""},"tablet":{"background-color":"","background-image":"","background-repeat":"repeat","background-position":"center center","background-size":"auto","background-attachment":"scroll","background-type":"","background-media":"","overlay-type":"","overlay-color":"","overlay-opacity":"","overlay-gradient":""},"mobile":{"background-color":"","background-image":"","background-repeat":"repeat","background-position":"center center","background-size":"auto","background-attachment":"scroll","background-type":"","background-media":"","overlay-type":"","overlay-color":"","overlay-opacity":"","overlay-gradient":""}},"ast-content-background-meta":{"desktop":{"background-color":"var(--ast-global-color-5)","background-image":"","background-repeat":"repeat","background-position":"center center","background-size":"auto","background-attachment":"scroll","background-type":"","background-media":"","overlay-type":"","overlay-color":"","overlay-opacity":"","overlay-gradient":""},"tablet":{"background-color":"var(--ast-global-color-5)","background-image":"","background-repeat":"repeat","background-position":"center center","background-size":"auto","background-attachment":"scroll","background-type":"","background-media":"","overlay-type":"","overlay-color":"","overlay-opacity":"","overlay-gradient":""},"mobile":{"background-color":"var(--ast-global-color-5)","background-image":"","background-repeat":"repeat","background-position":"center center","background-size":"auto","background-attachment":"scroll","background-type":"","background-media":"","overlay-type":"","overlay-color":"","overlay-opacity":"","overlay-gradient":""}},"_joinchat":[]},"product_brand":[],"product_cat":[15,294,287,25,123,26,28,135,27,30],"product_tag":[66,99,111,117,116],"class_list":{"0":"post-2262","1":"product","2":"type-product","3":"status-publish","4":"has-post-thumbnail","6":"product_cat-new-vape-this-week","7":"product_cat-mini-puffs-disposable-vapes","8":"product_cat-uzy-vape","9":"product_cat-germany-best-selling-vape","10":"product_cat-italy-wholesale-vape","11":"product_cat-netherlands-hot-sale-vape","12":"product_cat-poland-hot-sale-vape","13":"product_cat-spain-best-hot-sale-vape","14":"product_cat-fance-hot-sale-vape","15":"product_cat-minimum-order-quantity-50pcs","16":"product_tag-disposable-vape","17":"product_tag-disposable-vape-wholesale","18":"product_tag-low-nicotine-disposable-vape","19":"product_tag-uzy-vape","20":"product_tag-vapes","21":"desktop-align-left","22":"tablet-align-left","23":"mobile-align-left","25":"first","26":"instock","27":"sale","28":"shipping-taxable","29":"purchasable","30":"product-type-simple"},"uagb_featured_image_src":{"full":["https:\/\/rmvapesale.com\/wp-content\/uploads\/2024\/09\/UZY-QUTE-800-Puffs-Wholesale.jpg",800,800,false],"thumbnail":["https:\/\/rmvapesale.com\/wp-content\/uploads\/2024\/09\/UZY-QUTE-800-Puffs-Wholesale-150x150.jpg",150,150,true],"medium":["https:\/\/rmvapesale.com\/wp-content\/uploads\/2024\/09\/UZY-QUTE-800-Puffs-Wholesale-300x300.jpg",300,300,true],"medium_large":["https:\/\/rmvapesale.com\/wp-content\/uploads\/2024\/09\/UZY-QUTE-800-Puffs-Wholesale-768x768.jpg",768,768,true],"large":["https:\/\/rmvapesale.com\/wp-content\/uploads\/2024\/09\/UZY-QUTE-800-Puffs-Wholesale.jpg",800,800,false],"1536x1536":["https:\/\/rmvapesale.com\/wp-content\/uploads\/2024\/09\/UZY-QUTE-800-Puffs-Wholesale.jpg",800,800,false],"2048x2048":["https:\/\/rmvapesale.com\/wp-content\/uploads\/2024\/09\/UZY-QUTE-800-Puffs-Wholesale.jpg",800,800,false],"trp-custom-language-flag":["https:\/\/rmvapesale.com\/wp-content\/uploads\/2024\/09\/UZY-QUTE-800-Puffs-Wholesale.jpg",12,12,false],"woocommerce_thumbnail":["https:\/\/rmvapesale.com\/wp-content\/uploads\/2024\/09\/UZY-QUTE-800-Puffs-Wholesale-300x300.jpg",300,300,true],"woocommerce_single":["https:\/\/rmvapesale.com\/wp-content\/uploads\/2024\/09\/UZY-QUTE-800-Puffs-Wholesale-600x600.jpg",600,600,true],"woocommerce_gallery_thumbnail":["https:\/\/rmvapesale.com\/wp-content\/uploads\/2024\/09\/UZY-QUTE-800-Puffs-Wholesale-100x100.jpg",100,100,true],"wcpr-photo-reviews":["https:\/\/rmvapesale.com\/wp-content\/uploads\/2024\/09\/UZY-QUTE-800-Puffs-Wholesale.jpg",500,500,false]},"uagb_author_info":{"display_name":"AMY","author_link":"https:\/\/rmvapesale.com\/hu\/author\/"},"uagb_comment_info":0,"uagb_excerpt":"Wholesale Uzy Qute 800 Puff Disposable E Cigarettes UZY QUTE 800 Puffs 0% 2% 3% 5% Nicotine Disposable UZY Qute 800 Puffs Disposable Vape Pod Device WhatsApp: +86 17776015835 &nbsp;","_links":{"self":[{"href":"https:\/\/rmvapesale.com\/hu\/wp-json\/wp\/v2\/product\/2262","targetHints":{"allow":["GET"]}}],"collection":[{"href":"https:\/\/rmvapesale.com\/hu\/wp-json\/wp\/v2\/product"}],"about":[{"href":"https:\/\/rmvapesale.com\/hu\/wp-json\/wp\/v2\/types\/product"}],"replies":[{"embeddable":true,"href":"https:\/\/rmvapesale.com\/hu\/wp-json\/wp\/v2\/comments?post=2262"}],"wp:featuredmedia":[{"embeddable":true,"href":"https:\/\/rmvapesale.com\/hu\/wp-json\/wp\/v2\/media\/2260"}],"wp:attachment":[{"href":"https:\/\/rmvapesale.com\/hu\/wp-json\/wp\/v2\/media?parent=2262"}],"wp:term":[{"taxonomy":"product_brand","embeddable":true,"href":"https:\/\/rmvapesale.com\/hu\/wp-json\/wp\/v2\/product_brand?post=2262"},{"taxonomy":"product_cat","embeddable":true,"href":"https:\/\/rmvapesale.com\/hu\/wp-json\/wp\/v2\/product_cat?post=2262"},{"taxonomy":"product_tag","embeddable":true,"href":"https:\/\/rmvapesale.com\/hu\/wp-json\/wp\/v2\/product_tag?post=2262"}],"curies":[{"name":"wp","href":"https:\/\/api.w.org\/{rel}","templated":true}]}}