{"id":2305,"date":"2024-10-09T03:30:01","date_gmt":"2024-10-09T03:30:01","guid":{"rendered":"https:\/\/rmvapesale.com\/?post_type=product&#038;p=2305"},"modified":"2024-10-09T04:01:03","modified_gmt":"2024-10-09T04:01:03","slug":"waspe-fihp-30000-puffs-led-display-disposable-vape-box","status":"publish","type":"product","link":"https:\/\/rmvapesale.com\/hu\/product\/waspe-fihp-30000-puffs-led-display-disposable-vape-box\/","title":{"rendered":"WASPE FIHP 30000 slukkos LED kijelz\u0151s eldobhat\u00f3 vape doboz"},"content":{"rendered":"<div class=\"B2VR9 CJHX3e\">\n<div class=\"wyccme\">\n<h1 class=\"LC20lb MBeuO DKV0Md\">WASPE FIHP 30000 slukkos LED kijelz\u0151s eldobhat\u00f3 vape doboz<\/h1>\n<div class=\"flex-shrink-0 flex flex-col relative items-end\">\n<div>\n<div class=\"pt-0\">\n<div class=\"gizmo-bot-avatar flex h-8 w-8 items-center justify-center overflow-hidden rounded-full\">\n<div class=\"relative p-1 rounded-sm flex items-center justify-center bg-token-main-surface-primary text-token-text-primary h-8 w-8\"><\/div>\n<\/div>\n<\/div>\n<\/div>\n<\/div>\n<div class=\"group\/conversation-turn relative flex w-full min-w-0 flex-col agent-turn\">\n<div class=\"flex-col gap-1 md:gap-3\">\n<div class=\"flex max-w-full flex-col flex-grow\">\n<div class=\"min-h-8 text-message flex w-full flex-col items-end gap-2 whitespace-normal break-words [.text-message+&amp;]:mt-5\" dir=\"auto\" data-message-author-role=\"assistant\" data-message-id=\"871c1362-82be-4876-894c-d28f37ffd3d3\">\n<div class=\"flex w-full flex-col gap-1 empty:hidden first:pt-[3px]\">\n<div class=\"markdown prose w-full break-words dark:prose-invert light\">\n<p>Ismerje meg a WASPE FIHP 30000 Puffs LED kijelz\u0151vel ell\u00e1tott eldobhat\u00f3 vape dobozt \u2013 a t\u00f6k\u00e9letes vaping t\u00e1rs\u00e1t! A Regular m\u00f3dban ak\u00e1r 30 000, Pulse m\u00f3dban pedig 15 000 slukk elk\u00e9peszt\u0151 kapacit\u00e1s\u00e1val hosszan tart\u00f3 \u00e9lm\u00e9nyben lesz r\u00e9sze.<\/p>\n<p>Ez a vape pod kett\u0151s h\u00e1l\u00f3s tekercset tartalmaz a gazdag \u00edz \u00e9s a leny\u0171g\u00f6z\u0151 g\u0151zk\u00e9pz\u00e9s \u00e9rdek\u00e9ben. A nagylelk\u0171, 28 ml-es e-liquid kapacit\u00e1ssal ak\u00e1r 30 ezer slukkon kereszt\u00fcl is \u00e9lvezheti kedvenc \u00edzeit. R\u00e1ad\u00e1sul az \u00e1ll\u00edthat\u00f3 l\u00e9g\u00e1raml\u00e1s lehet\u0151v\u00e9 teszi, hogy t\u00f6k\u00e9letesen testre szabja az \u00e9lm\u00e9nyt!<\/p>\n<p>Ami megk\u00fcl\u00f6nb\u00f6zteti a WASPE FW 30000 dobozos puffokat, az a vibr\u00e1l\u00f3 LED-kijelz\u0151, amely nemcsak az aktu\u00e1lis be\u00e1ll\u00edt\u00e1sokat mutatja, hanem t\u00e1j\u00e9koztat az akkumul\u00e1tor \u00e9s az e-liquid szintj\u00e9r\u0151l is. Nincs t\u00f6bb tal\u00e1lgat\u00e1s \u2013 legyen mindig k\u00e9pben!<\/p>\n<p>V\u00e1lassza ki a hangulat\u00e1hoz ill\u0151 nikotinszintet \u2013 0%, 2% vagy 5%. Amikor elj\u00f6n a t\u00f6lt\u00e9s ideje, a k\u00e9nyelmes Type-C t\u00f6lt\u00e9s gyerekj\u00e1t\u00e9kk\u00e1 teszi. A mind\u00f6ssze 107 g s\u00faly\u00fa WASPE k\u00f6nny\u0171 \u00e9s hordozhat\u00f3, \u00edgy t\u00f6k\u00e9letes az \u00fatk\u00f6zbeni \u00e9lethez.<\/p>\n<p>K\u00e9sz\u00fclj\u00f6n fel arra, hogy a WASPE 30000 Puffs LED kijelz\u0151vel ell\u00e1tott eldobhat\u00f3 vape dobozzal magasabb szintre emelje a vaping \u00fatj\u00e1t!<\/p>\n<p>&nbsp;<\/p>\n<\/div>\n<\/div>\n<\/div>\n<\/div>\n<\/div>\n<\/div>\n<\/div>\n<\/div>\n<p><strong>L\u00e9pjen kapcsolatba Amyvel a pontos v\u00e1laszok\u00e9rt \u00e9s tov\u00e1bbi term\u00e9kvide\u00f3k\u00e9rt!<\/strong><\/p>\n<p><img loading=\"lazy\" decoding=\"async\" class=\"size-full wp-image-1978\" src=\"https:\/\/rmvapesale.com\/wp-content\/uploads\/2024\/09\/Disposable-Vape-Wholesale.jpg\" alt=\"Eldobhat\u00f3 Vape Nagykereskedelem\" width=\"229\" height=\"300\" \/><\/p>\n<h3><a href=\"https:\/\/wa.me\/8617776015835\" target=\"_blank\" rel=\"noopener\"><span style=\"color: #ff0000\"><strong>WhatsApp: +86 17776015835<\/strong><\/span><\/a><\/h3>\n<p>&nbsp;<\/p>\n<h2><\/h2>\n<h2><strong>WASPE FIHP 30000 Puffs Vape doboz f\u0151bb jellemz\u0151i<\/strong><\/h2>\n<p>&nbsp;<\/p>\n<p>Norm\u00e1l: 30000 slukk<br \/>\nPulzus: 15000 slukk<br \/>\nKett\u0151s h\u00e1l\u00f3s tekercs: 1ohm+1ohm<br \/>\nE-liquid: 28 ml<br \/>\nNikotin:0%\/2%\/5%<br \/>\nAkkumul\u00e1tor: 850mah<br \/>\n\u00c1ll\u00edthat\u00f3 l\u00e9g\u00e1raml\u00e1s<br \/>\n\u00dajrat\u00f6lthet\u0151: Type-C<br \/>\nLED kijelz\u0151<\/p>\n<p>&nbsp;<\/p>\n<figure id=\"attachment_2300\" aria-describedby=\"caption-attachment-2300\" style=\"width: 808px\" class=\"wp-caption alignnone\"><img loading=\"lazy\" decoding=\"async\" class=\"wp-image-2300 size-full\" src=\"https:\/\/rmvapesale.com\/wp-content\/uploads\/2024\/10\/FIHP-WASPE-Tornado-30000-puffs-vape-Cheap-Price.jpg\" alt=\"FIHP WASPE Tornado 30000 slukkos vape Olcs\u00f3 \u00e1r\" width=\"808\" height=\"808\" srcset=\"https:\/\/rmvapesale.com\/wp-content\/uploads\/2024\/10\/FIHP-WASPE-Tornado-30000-puffs-vape-Cheap-Price.jpg 808w, https:\/\/rmvapesale.com\/wp-content\/uploads\/2024\/10\/FIHP-WASPE-Tornado-30000-puffs-vape-Cheap-Price-300x300.jpg 300w, https:\/\/rmvapesale.com\/wp-content\/uploads\/2024\/10\/FIHP-WASPE-Tornado-30000-puffs-vape-Cheap-Price-150x150.jpg 150w, https:\/\/rmvapesale.com\/wp-content\/uploads\/2024\/10\/FIHP-WASPE-Tornado-30000-puffs-vape-Cheap-Price-768x768.jpg 768w, https:\/\/rmvapesale.com\/wp-content\/uploads\/2024\/10\/FIHP-WASPE-Tornado-30000-puffs-vape-Cheap-Price-600x600.jpg 600w, https:\/\/rmvapesale.com\/wp-content\/uploads\/2024\/10\/FIHP-WASPE-Tornado-30000-puffs-vape-Cheap-Price-100x100.jpg 100w\" sizes=\"auto, (max-width: 808px) 100vw, 808px\" \/><figcaption id=\"caption-attachment-2300\" class=\"wp-caption-text\">FIHP WASPE Tornado 30000 slukkos vape Olcs\u00f3 \u00e1r<\/figcaption><\/figure>\n<h2><strong>Legjobb \u00edz a WASPE FIHP 30000 slukkos LED kijelz\u0151s eldobhat\u00f3 vape dobozhoz<\/strong><\/h2>\n<p>A WASPE 30000 slukkos LED kijelz\u0151s eldobhat\u00f3 vape doboz 16 \u00edzletes \u00edzt k\u00edn\u00e1l, v\u00e1logasson a k\u00fcl\u00f6nf\u00e9le \u00edzek k\u00f6z\u00fcl, bele\u00e9rtve a klasszikus friss\u00edt\u0151 h\u0171s ment\u00e1t \u00e9s a sz\u0151l\u0151 egzotikus \u00e9dess\u00e9g\u00e9t, amelyek mindegyike gazdag, kiel\u00e9g\u00edt\u0151 utaz\u00e1st \u00edg\u00e9r minden slukkal.<\/p>\n<p>1. Eper Mang\u00f3<br \/>\n2. Vegyes Bogy\u00f3s Gy\u00fcm\u00f6lcs<span style=\"color: #ff0000\"><strong>&gt;&gt;&gt;&gt; Forr\u00f3!<\/strong><\/span><br \/>\n3. G\u00f6r\u00f6gdinnye J\u00e9g<br \/>\n4. Eper G\u00f6r\u00f6gdinnye<br \/>\n5. Eper Red Bull<span style=\"color: #ff0000\"><strong>&gt;&gt;&gt;&gt; Forr\u00f3!<\/strong><\/span><br \/>\n6. Kiwi Maracuja Guava<br \/>\n7. Sz\u0151l\u0151 J\u00e9g<br \/>\n8. Dupla Alma J\u00e9g<br \/>\n9. \u00c1fonya M\u00e1lna<br \/>\n10. G\u00f6r\u00f6gdinnye Mang\u00f3 J\u00e9g<br \/>\n11. \u00c1fonya J\u00e9g<br \/>\n12. \u0150szibarack Bogy\u00f3<br \/>\n13. Eper Kiwi<br \/>\n14. Cseresznye J\u00e9g<br \/>\n15. Eper Superburst Cseresznye<br \/>\n16. G\u00f6r\u00f6gdinnye R\u00e1g\u00f3gumi<span style=\"color: #ff0000\"><strong>&gt;&gt;&gt;&gt; A legjobb!<\/strong><\/span><\/p>\n<p>&nbsp;<\/p>\n<div class=\"flex-shrink-0 flex flex-col relative items-end\">\n<div>\n<div class=\"pt-0\">\n<div class=\"gizmo-bot-avatar flex h-8 w-8 items-center justify-center overflow-hidden rounded-full\">\n<div class=\"relative p-1 rounded-sm flex items-center justify-center bg-token-main-surface-primary text-token-text-primary h-8 w-8\">\n<h3><b>GYIK<\/b><\/h3>\n<p>&nbsp;<\/p>\n<\/div>\n<\/div>\n<\/div>\n<\/div>\n<\/div>\n<div class=\"group\/conversation-turn relative flex w-full min-w-0 flex-col agent-turn\">\n<div class=\"flex-col gap-1 md:gap-3\">\n<div class=\"flex max-w-full flex-col flex-grow\">\n<div class=\"min-h-8 text-message flex w-full flex-col items-end gap-2 whitespace-normal break-words [.text-message+&amp;]:mt-5\" dir=\"auto\" data-message-author-role=\"assistant\" data-message-id=\"f226d3fc-81f3-46d5-8c46-31787fff0357\">\n<div class=\"flex w-full flex-col gap-1 empty:hidden first:pt-[3px]\">\n<div class=\"markdown prose w-full break-words dark:prose-invert light\">\n<p><strong>Q1: Milyen nikotin opci\u00f3k \u00e1llnak rendelkez\u00e9sre a WASPE 30000 slukkos vape dobozhoz?<\/strong><br \/>\nA1: V\u00e1laszthat 0%, 2% vagy 5% nikotinszintek k\u00f6z\u00fcl, hogy megfeleljen az \u00d6n preferenci\u00e1inak.<\/p>\n<p><strong>Q2: H\u00e1ny slukk \u00e9rhet\u0151 el a WASPE 30000 Puffs Vape Box-b\u00f3l?<\/strong><br \/>\nA2: \u00c9lvezze ak\u00e1r 30 000 slukkot norm\u00e1l m\u00f3dban \u00e9s 15 000 slukkot pulzus m\u00f3dban, amely hosszan tart\u00f3 el\u00e9gedetts\u00e9get ny\u00fajt.<\/p>\n<p><strong>Q3: Milyen \u00edzeket k\u00edn\u00e1lnak a WASPE 30000 Puffs eldobhat\u00f3 vape-hez?<\/strong><br \/>\nA3: V\u00e1lasszon az izgalmas \u00edzek sz\u00e9les v\u00e1laszt\u00e9k\u00e1b\u00f3l, mint p\u00e9ld\u00e1ul az eper mang\u00f3, a vegyes bogy\u00f3s gy\u00fcm\u00f6lcs\u00f6k, a g\u00f6r\u00f6gdinnye j\u00e9g \u00e9s m\u00e9g sok m\u00e1s!<\/p>\n<p><strong>Q4: Hogyan tudom ellen\u0151rizni az akkumul\u00e1tor \u00e9s az e-liquid szintj\u00e9t?<\/strong><br \/>\nA4: A WASPE Vape Box LED kijelz\u0151je mutatja az akkumul\u00e1tor \u00e9lettartam\u00e1t \u00e9s az e-liquid szintj\u00e9t is, \u00edgy mindig t\u00e1j\u00e9kozott lehet.<\/p>\n<p><strong>Q5: A WASPE 30000 Puffs eldobhat\u00f3 vape \u00fajrat\u00f6lthet\u0151?<\/strong><br \/>\nA5: Igen, k\u00e9nyelmes Type-C t\u00f6lt\u00e9ssel rendelkezik az egyszer\u0171 \u00fajrat\u00f6lt\u00e9shez, amikor sz\u00fcks\u00e9ges.<\/p>\n<p><strong>Q6: Mi a csomagol\u00e1si konfigur\u00e1ci\u00f3 a t\u00f6meges megrendel\u00e9sekhez?<\/strong><br \/>\nA6: A WASPE 30000 Puffs eldobhat\u00f3 vape t\u00f6meges v\u00e1s\u00e1rl\u00e1sra kaphat\u00f3, ide\u00e1lis nagykereskedelmi \u00fcgyfelek sz\u00e1m\u00e1ra.<\/p>\n<p><strong>Q7: V\u00e1s\u00e1rolhatok WASPE FIHP FW 30000 eldobhat\u00f3 vape-et nagy t\u00e9telben?<\/strong><br \/>\nA7: Term\u00e9szetesen! K\u00edn\u00e1lunk WASPE FIHP FW 30000 eldobhat\u00f3 vape-et nagykereskedelmi \u00e9s t\u00f6meges v\u00e1s\u00e1rl\u00e1si lehet\u0151s\u00e9gekkel.<\/p>\n<p><strong>Q8: Mennyibe ker\u00fcl a WASPE 30000 Puffs Vape Box t\u00f6meges v\u00e1s\u00e1rl\u00e1s eset\u00e9n?<\/strong><br \/>\nA8: A WASPE 30000 Puffs eldobhat\u00f3 vape t\u00f6meges v\u00e1s\u00e1rl\u00e1s\u00e1nak \u00e1raival kapcsolatban k\u00e9rj\u00fck, vegye fel vel\u00fcnk a kapcsolatot k\u00f6zvetlen\u00fcl.<\/p>\n<p><strong>Q9: Mi teszi a WASPE 30000 Puffs Vape Box-ot ide\u00e1liss\u00e1 a kiskeresked\u0151k sz\u00e1m\u00e1ra?<\/strong><br \/>\nA9: Leny\u0171g\u00f6z\u0151 puff kapacit\u00e1s\u00e1val, \u00edzv\u00e1laszt\u00e9k\u00e1val \u00e9s vonz\u00f3 diz\u00e1jnj\u00e1val t\u00f6k\u00e9letes v\u00e1laszt\u00e1s az \u00fcgyfelek vonz\u00e1s\u00e1ra.<\/p>\n<p><strong>Q10: Mennyi a WASPE Vape Box s\u00falya?<\/strong><br \/>\nA10: A WASPE Vape Box k\u00f6nny\u0171, mind\u00f6ssze 107 g, \u00edgy k\u00f6nnyen hordozhat\u00f3 \u00fatk\u00f6zbeni vapinghez.<\/p>\n<\/div>\n<\/div>\n<\/div>\n<\/div>\n<\/div>\n<\/div>\n<p>&nbsp;<\/p>\n<h3><\/h3>\n<h3>A Sz\u00e1ll\u00edt\u00e1sr\u00f3l<\/h3>\n<div class=\"flex-shrink-0 flex flex-col relative items-end\">\n<div>\n<div class=\"pt-0\">\n<div class=\"gizmo-bot-avatar flex h-8 w-8 items-center justify-center overflow-hidden rounded-full\">\n<div><\/div>\n<div class=\"relative p-1 rounded-sm flex items-center justify-center bg-token-main-surface-primary text-token-text-primary h-8 w-8\"><strong>1. Milyen sz\u00e1ll\u00edt\u00e1si m\u00f3dokat haszn\u00e1lnak?<\/strong><\/div>\n<\/div>\n<\/div>\n<\/div>\n<\/div>\n<div class=\"group\/conversation-turn relative flex w-full min-w-0 flex-col agent-turn\">\n<div class=\"flex-col gap-1 md:gap-3\">\n<div class=\"flex max-w-full flex-col flex-grow\">\n<div class=\"min-h-[20px] text-message flex w-full flex-col items-end gap-2 whitespace-normal break-words [.text-message+&amp;]:mt-5 overflow-x-auto\" dir=\"auto\" data-message-author-role=\"assistant\" data-message-id=\"22f8283b-3233-46ff-89a5-c7a41b33abda\">\n<div class=\"flex w-full flex-col gap-1 empty:hidden first:pt-[3px]\">\n<div class=\"markdown prose w-full break-words dark:prose-invert light\">\n<p>Partnerei vagyunk a UPS, DHL, FedEx, DPD \u00e9s m\u00e1s vezet\u0151 fuvaroz\u00f3knak. A legjobb sz\u00e1ll\u00edt\u00e1si m\u00f3dot fogjuk kiv\u00e1lasztani a sz\u00e1ll\u00edt\u00e1si helysz\u00edne alapj\u00e1n, hogy a lehet\u0151 leggyorsabban megkapja a term\u00e9keit.<\/p>\n<\/div>\n<p><strong>2. Mennyi id\u0151 alatt \u00e9rkezik meg?<\/strong><\/p>\n<p>A csomagok \u00e1ltal\u00e1ban 10 munkanapon bel\u00fcl meg\u00e9rkeznek Magyarorsz\u00e1gra. Az eur\u00f3pai orsz\u00e1gokba t\u00f6rt\u00e9n\u0151 sz\u00e1ll\u00edt\u00e1s \u00e1ltal\u00e1ban 12-15 munkanapot vesz ig\u00e9nybe. Folyamatosan t\u00e1j\u00e9koztatjuk a sz\u00e1ll\u00edt\u00e1si st\u00e1tuszr\u00f3l.<\/p>\n<\/div>\n<p><strong>3. Garancia<\/strong><\/p>\n<p><span style=\"color: #ff0000\"><strong>\u00dczlet\u00fcnkben minden term\u00e9k garant\u00e1ltan 100% eredeti \u00e9s hiteles. 10-szeres k\u00e1rt\u00e9r\u00edt\u00e9st k\u00edn\u00e1lunk hamis \u00e1ru eset\u00e9n!<\/strong><\/span><\/p>\n<div class=\"flex w-full flex-col gap-1 empty:hidden first:pt-[3px]\">\n<p>&nbsp;<\/p>\n<\/div>\n<\/div>\n<\/div>\n<\/div>\n<\/div>\n<p>&nbsp;<\/p>\n<p>Tov\u00e1bbi n\u00e9pszer\u0171 vape term\u00e9kek, amik tetszhetnek:<\/p>\n<p><a href=\"https:\/\/rmvapesale.com\/hu\/product\/uwin-crystal-10000-puff-disposable-vape-wholesale-price\/\"><strong>UWIN CRYSTAL 10000 Puff\u00a0 \u00a0<span style=\"color: #ff0000\">&gt;&gt;&gt;&gt; ide!<\/span><\/strong><\/a><\/p>\n<p><strong><a href=\"https:\/\/rmvapesale.com\/hu\/product\/aivono-aim-boom-25000-puffs-smart-screen-disposable-vape\/\">Aivono Aim Boom 25000 Puffs okos k\u00e9perny\u0151s puffok <span style=\"color: #ff0000\">&gt;&gt;&gt;&gt; ide!<\/span><\/a>\u00a0<\/strong><\/p>\n<p><a href=\"https:\/\/rmvapesale.com\/hu\/product\/uzy-crystal-pro-max-10k-puffs-disposable-vape-pen-wholesale\/\"><strong>UZY Crystal Pro Max 10k Puffs <span style=\"color: #ff0000\">&gt;&gt;&gt;&gt; ide!<\/span><\/strong><\/a><\/p>\n<p>&nbsp;<\/p>\n<p>&nbsp;<\/p>\n<p>Tal\u00e1lja meg a tov\u00e1bbi vape term\u00e9keket, amelyek tetszhetnek \u00d6nnek:<strong><em><a href=\"https:\/\/rmvapesale.com\/hu\/shop-2\/\">V\u00e1s\u00e1roljon most &gt;&gt;&gt;<\/a><\/em><\/strong><\/p>","protected":false},"excerpt":{"rendered":"<p>WASPE FIHP 30000 Puffs eldobhat\u00f3 Vape nagykereskedelem<br \/>\nWASPE FIHP FW 30000 Eldobhat\u00f3 Vape t\u00f6meges v\u00e1s\u00e1rl\u00e1s<br \/>\nWASPE FW 30000 Eldobhat\u00f3 Vape doboz nikotinmentes<\/p>\n<p><img loading=\"lazy\" decoding=\"async\" class=\"size-full wp-image-1978\" src=\"https:\/\/rmvapesale.com\/wp-content\/uploads\/2024\/09\/Disposable-Vape-Wholesale.jpg\" alt=\"Eldobhat\u00f3 Vape Nagykereskedelem\" width=\"229\" height=\"300\" \/><\/p>\n<h3><a href=\"https:\/\/wa.me\/8617776015835\"><span style=\"color: #ff0000\"><strong>WhatsApp: +86 17776015835<\/strong><\/span><\/a><\/h3>\n<p>&nbsp;<\/p>","protected":false},"featured_media":2304,"comment_status":"open","ping_status":"closed","template":"","meta":{"_uag_custom_page_level_css":"","_lmt_disableupdate":"","_lmt_disable":"","site-sidebar-layout":"default","site-content-layout":"content-boxed-container","ast-site-content-layout":"normal-width-container","site-content-style":"boxed","site-sidebar-style":"unboxed","ast-global-header-display":"","ast-banner-title-visibility":"","ast-main-header-display":"","ast-hfb-above-header-display":"","ast-hfb-below-header-display":"","ast-hfb-mobile-header-display":"","site-post-title":"","ast-breadcrumbs-content":"","ast-featured-img":"","footer-sml-layout":"","ast-disable-related-posts":"","theme-transparent-header-meta":"default","adv-header-id-meta":"","stick-header-meta":"","header-above-stick-meta":"","header-main-stick-meta":"","header-below-stick-meta":"","astra-migrate-meta-layouts":"set","ast-page-background-enabled":"default","ast-page-background-meta":{"desktop":{"background-color":"var(--ast-global-color-4)","background-image":"","background-repeat":"repeat","background-position":"center center","background-size":"auto","background-attachment":"scroll","background-type":"","background-media":"","overlay-type":"","overlay-color":"","overlay-opacity":"","overlay-gradient":""},"tablet":{"background-color":"","background-image":"","background-repeat":"repeat","background-position":"center center","background-size":"auto","background-attachment":"scroll","background-type":"","background-media":"","overlay-type":"","overlay-color":"","overlay-opacity":"","overlay-gradient":""},"mobile":{"background-color":"","background-image":"","background-repeat":"repeat","background-position":"center center","background-size":"auto","background-attachment":"scroll","background-type":"","background-media":"","overlay-type":"","overlay-color":"","overlay-opacity":"","overlay-gradient":""}},"ast-content-background-meta":{"desktop":{"background-color":"var(--ast-global-color-5)","background-image":"","background-repeat":"repeat","background-position":"center center","background-size":"auto","background-attachment":"scroll","background-type":"","background-media":"","overlay-type":"","overlay-color":"","overlay-opacity":"","overlay-gradient":""},"tablet":{"background-color":"var(--ast-global-color-5)","background-image":"","background-repeat":"repeat","background-position":"center center","background-size":"auto","background-attachment":"scroll","background-type":"","background-media":"","overlay-type":"","overlay-color":"","overlay-opacity":"","overlay-gradient":""},"mobile":{"background-color":"var(--ast-global-color-5)","background-image":"","background-repeat":"repeat","background-position":"center center","background-size":"auto","background-attachment":"scroll","background-type":"","background-media":"","overlay-type":"","overlay-color":"","overlay-opacity":"","overlay-gradient":""}},"_joinchat":[]},"product_brand":[],"product_cat":[15,27,25,123,30,26,28],"product_tag":[66,125,96,101,105,120,116],"class_list":{"0":"post-2305","1":"product","2":"type-product","3":"status-publish","4":"has-post-thumbnail","6":"product_cat-new-vape-this-week","7":"product_cat-fance-hot-sale-vape","8":"product_cat-germany-best-selling-vape","9":"product_cat-italy-wholesale-vape","10":"product_cat-minimum-order-quantity-50pcs","11":"product_cat-netherlands-hot-sale-vape","12":"product_cat-poland-hot-sale-vape","13":"product_tag-disposable-vape","14":"product_tag-disposable-vape-italy","15":"product_tag-disposable-vape-wholesale-uk","16":"product_tag-led-display-vape","17":"product_tag-nicotine-free-disposable-vape","18":"product_tag-vape-wholesale","19":"product_tag-vapes","20":"desktop-align-left","21":"tablet-align-left","22":"mobile-align-left","24":"first","25":"instock","26":"sale","27":"shipping-taxable","28":"purchasable","29":"product-type-simple"},"uagb_featured_image_src":{"full":["https:\/\/rmvapesale.com\/wp-content\/uploads\/2024\/10\/WASPE-FIHP-30000-puffs-Tornado-vape-Wholesale-Price.jpg",808,808,false],"thumbnail":["https:\/\/rmvapesale.com\/wp-content\/uploads\/2024\/10\/WASPE-FIHP-30000-puffs-Tornado-vape-Wholesale-Price-150x150.jpg",150,150,true],"medium":["https:\/\/rmvapesale.com\/wp-content\/uploads\/2024\/10\/WASPE-FIHP-30000-puffs-Tornado-vape-Wholesale-Price-300x300.jpg",300,300,true],"medium_large":["https:\/\/rmvapesale.com\/wp-content\/uploads\/2024\/10\/WASPE-FIHP-30000-puffs-Tornado-vape-Wholesale-Price-768x768.jpg",768,768,true],"large":["https:\/\/rmvapesale.com\/wp-content\/uploads\/2024\/10\/WASPE-FIHP-30000-puffs-Tornado-vape-Wholesale-Price.jpg",808,808,false],"1536x1536":["https:\/\/rmvapesale.com\/wp-content\/uploads\/2024\/10\/WASPE-FIHP-30000-puffs-Tornado-vape-Wholesale-Price.jpg",808,808,false],"2048x2048":["https:\/\/rmvapesale.com\/wp-content\/uploads\/2024\/10\/WASPE-FIHP-30000-puffs-Tornado-vape-Wholesale-Price.jpg",808,808,false],"trp-custom-language-flag":["https:\/\/rmvapesale.com\/wp-content\/uploads\/2024\/10\/WASPE-FIHP-30000-puffs-Tornado-vape-Wholesale-Price.jpg",12,12,false],"woocommerce_thumbnail":["https:\/\/rmvapesale.com\/wp-content\/uploads\/2024\/10\/WASPE-FIHP-30000-puffs-Tornado-vape-Wholesale-Price-300x300.jpg",300,300,true],"woocommerce_single":["https:\/\/rmvapesale.com\/wp-content\/uploads\/2024\/10\/WASPE-FIHP-30000-puffs-Tornado-vape-Wholesale-Price-600x600.jpg",600,600,true],"woocommerce_gallery_thumbnail":["https:\/\/rmvapesale.com\/wp-content\/uploads\/2024\/10\/WASPE-FIHP-30000-puffs-Tornado-vape-Wholesale-Price-100x100.jpg",100,100,true],"wcpr-photo-reviews":["https:\/\/rmvapesale.com\/wp-content\/uploads\/2024\/10\/WASPE-FIHP-30000-puffs-Tornado-vape-Wholesale-Price.jpg",500,500,false]},"uagb_author_info":{"display_name":"AMY","author_link":"https:\/\/rmvapesale.com\/hu\/author\/"},"uagb_comment_info":0,"uagb_excerpt":"WASPE FIHP 30000 Puffs Disposable Vape Wholesale WASPE FIHP FW 30000 Disposable Vape Bulk Buy WASPE FW 30000 Disposable Vape Box Nicotine Free WhatsApp: +86 17776015835 &nbsp;","_links":{"self":[{"href":"https:\/\/rmvapesale.com\/hu\/wp-json\/wp\/v2\/product\/2305","targetHints":{"allow":["GET"]}}],"collection":[{"href":"https:\/\/rmvapesale.com\/hu\/wp-json\/wp\/v2\/product"}],"about":[{"href":"https:\/\/rmvapesale.com\/hu\/wp-json\/wp\/v2\/types\/product"}],"replies":[{"embeddable":true,"href":"https:\/\/rmvapesale.com\/hu\/wp-json\/wp\/v2\/comments?post=2305"}],"wp:featuredmedia":[{"embeddable":true,"href":"https:\/\/rmvapesale.com\/hu\/wp-json\/wp\/v2\/media\/2304"}],"wp:attachment":[{"href":"https:\/\/rmvapesale.com\/hu\/wp-json\/wp\/v2\/media?parent=2305"}],"wp:term":[{"taxonomy":"product_brand","embeddable":true,"href":"https:\/\/rmvapesale.com\/hu\/wp-json\/wp\/v2\/product_brand?post=2305"},{"taxonomy":"product_cat","embeddable":true,"href":"https:\/\/rmvapesale.com\/hu\/wp-json\/wp\/v2\/product_cat?post=2305"},{"taxonomy":"product_tag","embeddable":true,"href":"https:\/\/rmvapesale.com\/hu\/wp-json\/wp\/v2\/product_tag?post=2305"}],"curies":[{"name":"wp","href":"https:\/\/api.w.org\/{rel}","templated":true}]}}